{"id":17494,"date":"2023-07-19T16:04:22","date_gmt":"2023-07-19T20:04:22","guid":{"rendered":"https:\/\/produncan.cl\/producto\/parcela-pedregoso-huillipilun-villarrica\/"},"modified":"2025-11-24T18:14:49","modified_gmt":"2025-11-24T21:14:49","slug":"parcela-pedregoso-huillipilun-villarrica","status":"publish","type":"product","link":"https:\/\/produncan.cl\/fr\/produit\/parcela-pedregoso-huillipilun-villarrica\/","title":{"rendered":"Parcela Pedregoso &#8211; Huillipil\u00fan, Villarrica."},"content":{"rendered":"\t\t<div data-elementor-type=\"product-post\" data-elementor-id=\"17494\" class=\"elementor elementor-17494 elementor-17016\" data-elementor-post-type=\"product\">\n\t\t\t\t<div class=\"elementor-element elementor-element-42a565c e-flex e-con-boxed e-con e-parent\" data-id=\"42a565c\" data-element_type=\"container\" data-e-type=\"container\" data-settings=\"{&quot;jet_parallax_layout_list&quot;:[]}\">\n\t\t\t\t\t<div class=\"e-con-inner\">\n\t\t\t\t<div class=\"elementor-element elementor-element-a3ee60f elementor-widget elementor-widget-heading\" data-id=\"a3ee60f\" data-element_type=\"widget\" data-e-type=\"widget\" data-widget_type=\"heading.default\">\n\t\t\t\t\t<h2 class=\"elementor-heading-title elementor-size-default\">D\u00e9couvrez la beaut\u00e9 naturelle d'un terrain surplombant le lac et le volcan Villarrica ! <\/h2>\t\t\t\t<\/div>\n\t\t\t\t\t<\/div>\n\t\t\t\t<\/div>\n\t\t<div class=\"elementor-element elementor-element-588907f e-flex e-con-boxed e-con e-parent\" data-id=\"588907f\" data-element_type=\"container\" data-e-type=\"container\" data-settings=\"{&quot;jet_parallax_layout_list&quot;:[]}\">\n\t\t\t\t\t<div class=\"e-con-inner\">\n\t\t\t\t<div class=\"elementor-element elementor-element-1cdb7b3 elementor-widget elementor-widget-text-editor\" data-id=\"1cdb7b3\" data-element_type=\"widget\" data-e-type=\"widget\" data-widget_type=\"text-editor.default\">\n\t\t\t\t\t\t\t\t\t<p>Bienvenue sur ce magnifique terrain \u00e0 Huillipil\u00fan, un endroit calme et pittoresque dans la commune de Villarrica, dans la belle r\u00e9gion de l&#8217;Araucan\u00eda.<\/p><p>Cette parcelle vous offre l&#8217;opportunit\u00e9 d&#8217;acqu\u00e9rir un terrain agricole avec un environnement naturel exceptionnel et un potentiel illimit\u00e9.<\/p><p><span style=\"color: var( --e-global-color-text ); font-family: var( --e-global-typography-text-font-family ), Sans-serif; font-weight: var( --e-global-typography-text-font-weight ); text-align: var(--text-align);\">Vous trouverez ici tout ce dont vous avez besoin pour profiter de la vie dans le magnifique sud du Chili !<\/span><\/p><p>Le terrain, qui a son propre r\u00f4le, couvre une superficie totale de 5026 m\u00b2, vous offrant ainsi un large espace pour r\u00e9aliser vos projets familiaux.<\/p><p>En ce qui concerne les services, le terrain dispose de l&#8217;\u00e9lectricit\u00e9, de la fibre optique souterraine et de l&#8217;eau potable.<\/p><p>La topographie de la parcelle est en pente douce, avec une majorit\u00e9 de prairies et de for\u00eats indig\u00e8nes, ce qui permet de profiter d&#8217;un environnement naturel diversifi\u00e9. L&#8217;exposition au soleil est excellente.<\/p><p>En ce qui concerne la flore et la faune, vous pourrez appr\u00e9cier une grande vari\u00e9t\u00e9 d&#8217;esp\u00e8ces. Les ch\u00eanes sont les arbres pr\u00e9dominants, suivis par les ch\u00eanes et les aromates, entre autres.<\/p><p>Le terrain b\u00e9n\u00e9ficie d&#8217;une situation privil\u00e9gi\u00e9e. Il se trouve \u00e0 seulement 20 minutes de la ville de Villarrica, o\u00f9 vous trouverez des services, des magasins et une vie urbaine anim\u00e9e. La route menant au terrain est en grande partie pav\u00e9e et se poursuit par un tron\u00e7on de gravier en bon \u00e9tat. Section dans le projet de pavage.<\/p><p>Dans les environs, vous pourrez profiter de nombreuses attractions. Puc\u00f3n, Licanray, Lago Colico, Lago Huilipilun et \u00e0 trois heures de l&#8217;Argentine par le col de Pino Hachado. Vous aurez \u00e9galement acc\u00e8s \u00e0 des sources d&#8217;eau chaude, \u00e0 des promenades en for\u00eat, \u00e0 la p\u00eache et \u00e0 la voile.<\/p><p>Ne manquez pas l&#8217;occasion d&#8217;acqu\u00e9rir ce terrain, de vivre en pleine nature et de profiter de toutes les activit\u00e9s et de tous les charmes qu&#8217;offre la r\u00e9gion de l&#8217;Araucanie.<\/p><p>Contactez-nous d\u00e8s aujourd&#8217;hui et d\u00e9couvrez comment r\u00e9aliser votre r\u00eave de poss\u00e9der votre propre espace dans ce paradis rural.<\/p>\t\t\t\t\t\t\t\t<\/div>\n\t\t\t\t\t<\/div>\n\t\t\t\t<\/div>\n\t\t\t\t<\/div>\n\t\t","protected":false},"excerpt":{"rendered":"<p>Terrain dans un projet consolid\u00e9 pr\u00e8s de la ville de Villarrica. Vue sur le lac et la cha\u00eene de montagnes. \u00c9lectricit\u00e9 souterraine et fibre optique, eau potable.<\/p>\n","protected":false},"featured_media":17021,"template":"","meta":{"_acf_changed":false},"product_brand":[],"product_cat":[113],"product_tag":[236],"regiones":[226],"ciudades":[221],"class_list":{"0":"post-17494","1":"product","2":"type-product","3":"status-publish","4":"has-post-thumbnail","6":"product_cat-ohiggins-los-lagos-fr","7":"product_tag-parcelles","8":"regiones-nuble-los_lagos","9":"ciudades-villarrica","11":"first","12":"instock","13":"shipping-taxable","14":"purchasable","15":"product-type-simple"},"acf":[],"yoast_head":"<!-- This site is optimized with the Yoast SEO Premium plugin v26.0 (Yoast SEO v27.3) - https:\/\/yoast.com\/product\/yoast-seo-premium-wordpress\/ -->\n<title>Parcela Pedregoso \u00e0 Huillipil\u00fan - Villarrica - Produncan.<\/title>\n<meta name=\"description\" content=\"Magnifique terrain de 5026m\u00b2 en grande partie d\u00e9gag\u00e9 avec vue sur le lac et le volcan Villarrica avec un excellent acc\u00e8s. \u00c0 seulement 12 minutes de Villarrica.\" \/>\n<meta name=\"robots\" content=\"index, follow, max-snippet:-1, max-image-preview:large, max-video-preview:-1\" \/>\n<link rel=\"canonical\" href=\"https:\/\/produncan.cl\/fr\/produit\/parcela-pedregoso-huillipilun-villarrica\/\" \/>\n<meta property=\"og:locale\" content=\"fr_FR\" \/>\n<meta property=\"og:type\" content=\"article\" \/>\n<meta property=\"og:title\" content=\"Parcela Pedregoso - Huillipil\u00fan, Villarrica.\" \/>\n<meta property=\"og:description\" content=\"Magnifique terrain de 5026m\u00b2 en grande partie d\u00e9gag\u00e9 avec vue sur le lac et le volcan Villarrica avec un excellent acc\u00e8s. \u00c0 seulement 12 minutes de Villarrica.\" \/>\n<meta property=\"og:url\" content=\"https:\/\/produncan.cl\/fr\/produit\/parcela-pedregoso-huillipilun-villarrica\/\" \/>\n<meta property=\"og:site_name\" content=\"Produncan\" \/>\n<meta property=\"article:publisher\" content=\"https:\/\/web.facebook.com\/produncanland\" \/>\n<meta property=\"article:modified_time\" content=\"2025-11-24T21:14:49+00:00\" \/>\n<meta property=\"og:image\" content=\"https:\/\/produncan.cl\/wp-content\/uploads\/2023\/07\/Parcela-en-venta-Rio-Pedregoso-Huillipilun.webp\" \/>\n\t<meta property=\"og:image:width\" content=\"600\" \/>\n\t<meta property=\"og:image:height\" content=\"450\" \/>\n\t<meta property=\"og:image:type\" content=\"image\/webp\" \/>\n<meta name=\"twitter:card\" content=\"summary_large_image\" \/>\n<meta name=\"twitter:label1\" content=\"Price\" \/>\n\t<meta name=\"twitter:data1\" content=\"USD67.400,00\" \/>\n\t<meta name=\"twitter:label2\" content=\"Availability\" \/>\n\t<meta name=\"twitter:data2\" content=\"In stock\" \/>\n<script type=\"application\/ld+json\" class=\"yoast-schema-graph\">{\"@context\":\"https:\\\/\\\/schema.org\",\"@graph\":[{\"@type\":\"WebPage\",\"@id\":\"https:\\\/\\\/produncan.cl\\\/fr\\\/produit\\\/parcela-pedregoso-huillipilun-villarrica\\\/\",\"url\":\"https:\\\/\\\/produncan.cl\\\/fr\\\/produit\\\/parcela-pedregoso-huillipilun-villarrica\\\/\",\"name\":\"Parcela Pedregoso \u00e0 Huillipil\u00fan - Villarrica - Produncan.\",\"isPartOf\":{\"@id\":\"https:\\\/\\\/produncan.cl\\\/fr\\\/#website\"},\"primaryImageOfPage\":{\"@id\":\"https:\\\/\\\/produncan.cl\\\/fr\\\/produit\\\/parcela-pedregoso-huillipilun-villarrica\\\/#primaryimage\"},\"image\":{\"@id\":\"https:\\\/\\\/produncan.cl\\\/fr\\\/produit\\\/parcela-pedregoso-huillipilun-villarrica\\\/#primaryimage\"},\"thumbnailUrl\":\"https:\\\/\\\/produncan.cl\\\/wp-content\\\/uploads\\\/2023\\\/07\\\/Parcela-en-venta-Rio-Pedregoso-Huillipilun.webp\",\"datePublished\":\"2023-07-19T20:04:22+00:00\",\"dateModified\":\"2025-11-24T21:14:49+00:00\",\"description\":\"Magnifique terrain de 5026m\u00b2 en grande partie d\u00e9gag\u00e9 avec vue sur le lac et le volcan Villarrica avec un excellent acc\u00e8s. \u00c0 seulement 12 minutes de Villarrica.\",\"breadcrumb\":{\"@id\":\"https:\\\/\\\/produncan.cl\\\/fr\\\/produit\\\/parcela-pedregoso-huillipilun-villarrica\\\/#breadcrumb\"},\"inLanguage\":\"fr-FR\",\"potentialAction\":[{\"@type\":\"ReadAction\",\"target\":[\"https:\\\/\\\/produncan.cl\\\/fr\\\/produit\\\/parcela-pedregoso-huillipilun-villarrica\\\/\"]}]},{\"@type\":\"ImageObject\",\"inLanguage\":\"fr-FR\",\"@id\":\"https:\\\/\\\/produncan.cl\\\/fr\\\/produit\\\/parcela-pedregoso-huillipilun-villarrica\\\/#primaryimage\",\"url\":\"https:\\\/\\\/produncan.cl\\\/wp-content\\\/uploads\\\/2023\\\/07\\\/Parcela-en-venta-Rio-Pedregoso-Huillipilun.webp\",\"contentUrl\":\"https:\\\/\\\/produncan.cl\\\/wp-content\\\/uploads\\\/2023\\\/07\\\/Parcela-en-venta-Rio-Pedregoso-Huillipilun.webp\",\"width\":600,\"height\":450,\"caption\":\"Terrain \u00e0 vendre Rio Pedregoso Huillipil\u00fan\"},{\"@type\":\"BreadcrumbList\",\"@id\":\"https:\\\/\\\/produncan.cl\\\/fr\\\/produit\\\/parcela-pedregoso-huillipilun-villarrica\\\/#breadcrumb\",\"itemListElement\":[{\"@type\":\"ListItem\",\"position\":1,\"name\":\"Inicio\",\"item\":\"https:\\\/\\\/produncan.cl\\\/fr\\\/\"},{\"@type\":\"ListItem\",\"position\":2,\"name\":\"Propri\u00e9t\u00e9s\",\"item\":\"https:\\\/\\\/produncan.cl\\\/propiedades\\\/\"},{\"@type\":\"ListItem\",\"position\":3,\"name\":\"Parcelles\",\"item\":\"https:\\\/\\\/produncan.cl\\\/fr\\\/cat&eacute;gorie\\\/parcelles\\\/\"},{\"@type\":\"ListItem\",\"position\":4,\"name\":\"Parcela Pedregoso &#8211; Huillipil\u00fan, Villarrica.\"}]},{\"@type\":\"WebSite\",\"@id\":\"https:\\\/\\\/produncan.cl\\\/fr\\\/#website\",\"url\":\"https:\\\/\\\/produncan.cl\\\/fr\\\/\",\"name\":\"Produncan\",\"description\":\"Nous vous accompagnons dans votre projet de vie !\",\"publisher\":{\"@id\":\"https:\\\/\\\/produncan.cl\\\/fr\\\/#organization\"},\"potentialAction\":[{\"@type\":\"SearchAction\",\"target\":{\"@type\":\"EntryPoint\",\"urlTemplate\":\"https:\\\/\\\/produncan.cl\\\/fr\\\/?s={search_term_string}\"},\"query-input\":{\"@type\":\"PropertyValueSpecification\",\"valueRequired\":true,\"valueName\":\"search_term_string\"}}],\"inLanguage\":\"fr-FR\"},{\"@type\":\"Organization\",\"@id\":\"https:\\\/\\\/produncan.cl\\\/fr\\\/#organization\",\"name\":\"Produncan\",\"url\":\"https:\\\/\\\/produncan.cl\\\/fr\\\/\",\"logo\":{\"@type\":\"ImageObject\",\"inLanguage\":\"fr-FR\",\"@id\":\"https:\\\/\\\/produncan.cl\\\/fr\\\/#\\\/schema\\\/logo\\\/image\\\/\",\"url\":\"https:\\\/\\\/produncan.cl\\\/wp-content\\\/uploads\\\/2021\\\/03\\\/LOGO.jpeg\",\"contentUrl\":\"https:\\\/\\\/produncan.cl\\\/wp-content\\\/uploads\\\/2021\\\/03\\\/LOGO.jpeg\",\"width\":1280,\"height\":903,\"caption\":\"Produncan\"},\"image\":{\"@id\":\"https:\\\/\\\/produncan.cl\\\/fr\\\/#\\\/schema\\\/logo\\\/image\\\/\"},\"sameAs\":[\"https:\\\/\\\/web.facebook.com\\\/produncanland\",\"https:\\\/\\\/www.instagram.com\\\/pro_duncan\\\/\",\"https:\\\/\\\/www.linkedin.com\\\/company\\\/produncan-lands\\\/\",\"https:\\\/\\\/www.youtube.com\\\/channel\\\/UCu7N-f3x0svkazD-Eew1-QQ\"],\"description\":\"En Produncan somos especialistas en la venta de terrenos en el sur de Chile. Proveemos estancias, campos, parcelas y hoteles.\",\"email\":\"info@produncan.cl\"}]}<\/script>\n<meta property=\"og:video\" content=\"https:\/\/www.youtube.com\/embed\/Zlqgy3S5gGo\" \/>\n<meta property=\"og:video:type\" content=\"text\/html\" \/>\n<meta property=\"og:video:duration\" content=\"57\" \/>\n<meta property=\"og:video:width\" content=\"480\" \/>\n<meta property=\"og:video:height\" content=\"360\" \/>\n<meta property=\"ya:ovs:adult\" content=\"false\" \/>\n<meta property=\"ya:ovs:upload_date\" content=\"2023-07-19T20:04:22+00:00\" \/>\n<meta property=\"ya:ovs:allow_embed\" content=\"true\" \/>\n<meta property=\"product:price:amount\" content=\"67400.00\" \/>\n<meta property=\"product:price:currency\" content=\"USD\" \/>\n<meta property=\"og:availability\" content=\"instock\" \/>\n<meta property=\"product:availability\" content=\"instock\" \/>\n<meta property=\"product:condition\" content=\"new\" \/>\n<!-- \/ Yoast SEO Premium plugin. -->","yoast_head_json":{"title":"Parcela Pedregoso \u00e0 Huillipil\u00fan - Villarrica - Produncan.","description":"Magnifique terrain de 5026m\u00b2 en grande partie d\u00e9gag\u00e9 avec vue sur le lac et le volcan Villarrica avec un excellent acc\u00e8s. \u00c0 seulement 12 minutes de Villarrica.","robots":{"index":"index","follow":"follow","max-snippet":"max-snippet:-1","max-image-preview":"max-image-preview:large","max-video-preview":"max-video-preview:-1"},"canonical":"https:\/\/produncan.cl\/fr\/produit\/parcela-pedregoso-huillipilun-villarrica\/","og_locale":"fr_FR","og_type":"article","og_title":"Parcela Pedregoso - Huillipil\u00fan, Villarrica.","og_description":"Magnifique terrain de 5026m\u00b2 en grande partie d\u00e9gag\u00e9 avec vue sur le lac et le volcan Villarrica avec un excellent acc\u00e8s. \u00c0 seulement 12 minutes de Villarrica.","og_url":"https:\/\/produncan.cl\/fr\/produit\/parcela-pedregoso-huillipilun-villarrica\/","og_site_name":"Produncan","article_publisher":"https:\/\/web.facebook.com\/produncanland","article_modified_time":"2025-11-24T21:14:49+00:00","og_image":[{"width":600,"height":450,"url":"https:\/\/produncan.cl\/wp-content\/uploads\/2023\/07\/Parcela-en-venta-Rio-Pedregoso-Huillipilun.webp","type":"image\/webp"}],"twitter_card":"summary_large_image","twitter_misc":{"Price":"USD67.400,00","Availability":"In stock"},"schema":{"@context":"https:\/\/schema.org","@graph":[{"@type":"WebPage","@id":"https:\/\/produncan.cl\/fr\/produit\/parcela-pedregoso-huillipilun-villarrica\/","url":"https:\/\/produncan.cl\/fr\/produit\/parcela-pedregoso-huillipilun-villarrica\/","name":"Parcela Pedregoso \u00e0 Huillipil\u00fan - Villarrica - Produncan.","isPartOf":{"@id":"https:\/\/produncan.cl\/fr\/#website"},"primaryImageOfPage":{"@id":"https:\/\/produncan.cl\/fr\/produit\/parcela-pedregoso-huillipilun-villarrica\/#primaryimage"},"image":{"@id":"https:\/\/produncan.cl\/fr\/produit\/parcela-pedregoso-huillipilun-villarrica\/#primaryimage"},"thumbnailUrl":"https:\/\/produncan.cl\/wp-content\/uploads\/2023\/07\/Parcela-en-venta-Rio-Pedregoso-Huillipilun.webp","datePublished":"2023-07-19T20:04:22+00:00","dateModified":"2025-11-24T21:14:49+00:00","description":"Magnifique terrain de 5026m\u00b2 en grande partie d\u00e9gag\u00e9 avec vue sur le lac et le volcan Villarrica avec un excellent acc\u00e8s. \u00c0 seulement 12 minutes de Villarrica.","breadcrumb":{"@id":"https:\/\/produncan.cl\/fr\/produit\/parcela-pedregoso-huillipilun-villarrica\/#breadcrumb"},"inLanguage":"fr-FR","potentialAction":[{"@type":"ReadAction","target":["https:\/\/produncan.cl\/fr\/produit\/parcela-pedregoso-huillipilun-villarrica\/"]}]},{"@type":"ImageObject","inLanguage":"fr-FR","@id":"https:\/\/produncan.cl\/fr\/produit\/parcela-pedregoso-huillipilun-villarrica\/#primaryimage","url":"https:\/\/produncan.cl\/wp-content\/uploads\/2023\/07\/Parcela-en-venta-Rio-Pedregoso-Huillipilun.webp","contentUrl":"https:\/\/produncan.cl\/wp-content\/uploads\/2023\/07\/Parcela-en-venta-Rio-Pedregoso-Huillipilun.webp","width":600,"height":450,"caption":"Terrain \u00e0 vendre Rio Pedregoso Huillipil\u00fan"},{"@type":"BreadcrumbList","@id":"https:\/\/produncan.cl\/fr\/produit\/parcela-pedregoso-huillipilun-villarrica\/#breadcrumb","itemListElement":[{"@type":"ListItem","position":1,"name":"Inicio","item":"https:\/\/produncan.cl\/fr\/"},{"@type":"ListItem","position":2,"name":"Propri\u00e9t\u00e9s","item":"https:\/\/produncan.cl\/propiedades\/"},{"@type":"ListItem","position":3,"name":"Parcelles","item":"https:\/\/produncan.cl\/fr\/cat&eacute;gorie\/parcelles\/"},{"@type":"ListItem","position":4,"name":"Parcela Pedregoso &#8211; Huillipil\u00fan, Villarrica."}]},{"@type":"WebSite","@id":"https:\/\/produncan.cl\/fr\/#website","url":"https:\/\/produncan.cl\/fr\/","name":"Produncan","description":"Nous vous accompagnons dans votre projet de vie !","publisher":{"@id":"https:\/\/produncan.cl\/fr\/#organization"},"potentialAction":[{"@type":"SearchAction","target":{"@type":"EntryPoint","urlTemplate":"https:\/\/produncan.cl\/fr\/?s={search_term_string}"},"query-input":{"@type":"PropertyValueSpecification","valueRequired":true,"valueName":"search_term_string"}}],"inLanguage":"fr-FR"},{"@type":"Organization","@id":"https:\/\/produncan.cl\/fr\/#organization","name":"Produncan","url":"https:\/\/produncan.cl\/fr\/","logo":{"@type":"ImageObject","inLanguage":"fr-FR","@id":"https:\/\/produncan.cl\/fr\/#\/schema\/logo\/image\/","url":"https:\/\/produncan.cl\/wp-content\/uploads\/2021\/03\/LOGO.jpeg","contentUrl":"https:\/\/produncan.cl\/wp-content\/uploads\/2021\/03\/LOGO.jpeg","width":1280,"height":903,"caption":"Produncan"},"image":{"@id":"https:\/\/produncan.cl\/fr\/#\/schema\/logo\/image\/"},"sameAs":["https:\/\/web.facebook.com\/produncanland","https:\/\/www.instagram.com\/pro_duncan\/","https:\/\/www.linkedin.com\/company\/produncan-lands\/","https:\/\/www.youtube.com\/channel\/UCu7N-f3x0svkazD-Eew1-QQ"],"description":"En Produncan somos especialistas en la venta de terrenos en el sur de Chile. Proveemos estancias, campos, parcelas y hoteles.","email":"info@produncan.cl"}]},"og_video":"https:\/\/www.youtube.com\/embed\/Zlqgy3S5gGo","og_video_type":"text\/html","og_video_duration":"57","og_video_width":"480","og_video_height":"360","ya_ovs_adult":"false","ya_ovs_upload_date":"2023-07-19T20:04:22+00:00","ya_ovs_allow_embed":"true","product_price_amount":"67400.00","product_price_currency":"USD","og_availability":"instock","product_availability":"instock","product_condition":"new"},"_links":{"self":[{"href":"https:\/\/produncan.cl\/fr\/wp-json\/wp\/v2\/product\/17494","targetHints":{"allow":["GET"]}}],"collection":[{"href":"https:\/\/produncan.cl\/fr\/wp-json\/wp\/v2\/product"}],"about":[{"href":"https:\/\/produncan.cl\/fr\/wp-json\/wp\/v2\/types\/product"}],"version-history":[{"count":4,"href":"https:\/\/produncan.cl\/fr\/wp-json\/wp\/v2\/product\/17494\/revisions"}],"predecessor-version":[{"id":52730,"href":"https:\/\/produncan.cl\/fr\/wp-json\/wp\/v2\/product\/17494\/revisions\/52730"}],"wp:featuredmedia":[{"embeddable":true,"href":"https:\/\/produncan.cl\/fr\/wp-json\/wp\/v2\/media\/17021"}],"wp:attachment":[{"href":"https:\/\/produncan.cl\/fr\/wp-json\/wp\/v2\/media?parent=17494"}],"wp:term":[{"taxonomy":"product_brand","embeddable":true,"href":"https:\/\/produncan.cl\/fr\/wp-json\/wp\/v2\/product_brand?post=17494"},{"taxonomy":"product_cat","embeddable":true,"href":"https:\/\/produncan.cl\/fr\/wp-json\/wp\/v2\/product_cat?post=17494"},{"taxonomy":"product_tag","embeddable":true,"href":"https:\/\/produncan.cl\/fr\/wp-json\/wp\/v2\/product_tag?post=17494"},{"taxonomy":"regiones","embeddable":true,"href":"https:\/\/produncan.cl\/fr\/wp-json\/wp\/v2\/regiones?post=17494"},{"taxonomy":"ciudades","embeddable":true,"href":"https:\/\/produncan.cl\/fr\/wp-json\/wp\/v2\/ciudades?post=17494"}],"curies":[{"name":"wp","href":"https:\/\/api.w.org\/{rel}","templated":true}]}}