{"id":17496,"date":"2023-07-25T18:28:06","date_gmt":"2023-07-25T22:28:06","guid":{"rendered":"https:\/\/produncan.cl\/producto\/camp-de-santa-maria-fresia-llanquihue\/"},"modified":"2025-11-24T18:14:48","modified_gmt":"2025-11-24T21:14:48","slug":"camp-de-santa-maria-fresia-llanquihue","status":"publish","type":"product","link":"https:\/\/produncan.cl\/fr\/produit\/camp-de-santa-maria-fresia-llanquihue\/","title":{"rendered":"Campagne \u00e0 Fresia &#8211; Santa Mar\u00eda, R\u00e9gion des lacs"},"content":{"rendered":"\t\t<div data-elementor-type=\"product-post\" data-elementor-id=\"17496\" class=\"elementor elementor-17496 elementor-17095\" data-elementor-post-type=\"product\">\n\t\t\t\t<div class=\"elementor-element elementor-element-68b774b e-flex e-con-boxed e-con e-parent\" data-id=\"68b774b\" data-element_type=\"container\" data-e-type=\"container\" data-settings=\"{&quot;jet_parallax_layout_list&quot;:[]}\">\n\t\t\t\t\t<div class=\"e-con-inner\">\n\t\t\t\t<div class=\"elementor-element elementor-element-9a23c2a elementor-widget elementor-widget-heading\" data-id=\"9a23c2a\" data-element_type=\"widget\" data-e-type=\"widget\" data-widget_type=\"heading.default\">\n\t\t\t\t\t<h2 class=\"elementor-heading-title elementor-size-default\">Champ de 30 hectares pr\u00e8s de Fresia.<\/h2>\t\t\t\t<\/div>\n\t\t\t\t\t<\/div>\n\t\t\t\t<\/div>\n\t\t<div class=\"elementor-element elementor-element-dc58372 e-flex e-con-boxed e-con e-parent\" data-id=\"dc58372\" data-element_type=\"container\" data-e-type=\"container\" data-settings=\"{&quot;jet_parallax_layout_list&quot;:[]}\">\n\t\t\t\t\t<div class=\"e-con-inner\">\n\t\t\t\t<div class=\"elementor-element elementor-element-b7f4ce4 elementor-widget elementor-widget-text-editor\" data-id=\"b7f4ce4\" data-element_type=\"widget\" data-e-type=\"widget\" data-widget_type=\"text-editor.default\">\n\t\t\t\t\t\t\t\t\t<p>Nous vous pr\u00e9sentons une excellente opportunit\u00e9 d&#8217;investissement dans ce terrain de 30 hectares avec son propre r\u00f4le et son usage agricole forestier, \u00e0 proximit\u00e9 de la ville de Fresia, dans la r\u00e9gion de Los Lagos.<\/p><p>Imaginez avoir votre propre oasis au milieu de la nature, entour\u00e9 de paysages magnifiques, d&#8217;une rivi\u00e8re, d&#8217;estuaires, de prairies, de nombreuses for\u00eats indig\u00e8nes et tout cela \u00e0 proximit\u00e9 de la ville par une route goudronn\u00e9e. Ce terrain est propos\u00e9 \u00e0 la vente au prix de 240 000 000 $ et offre une s\u00e9rie de caract\u00e9ristiques qui le distinguent :<\/p><ul><li>Un vaste terrain pour votre projet : avec une superficie de 300 000 m\u00b2, vous disposez d&#8217;un monde \u00e0 explorer et \u00e0 appr\u00e9cier.<\/li><li>La nature dans toute sa splendeur : ce parcours est privil\u00e9gi\u00e9 par la pr\u00e9sence d&#8217;une rivi\u00e8re qui traverse majestueusement le terrain sur 460 m\u00e8tres, ainsi que d&#8217;estuaires, qui apportent une touche magique et une alimentation en eau naturelle.<\/li><li>Pr\u00e9parez-vous \u00e0 \u00eatre surpris par les clairi\u00e8res, les pentes douces et les zones foresti\u00e8res luxuriantes, qui offrent une exp\u00e9rience magnifique.<\/li><li>Cette campagne abrite une vari\u00e9t\u00e9 d&#8217;arbres indig\u00e8nes tels que le Coig\u00fce, le Canelo, l&#8217;Array\u00e1n et le Mait\u00e9n, ainsi qu&#8217;une faune diversifi\u00e9e, notamment des mammif\u00e8res tels que le lapin, le renard et le pud\u00fa, des pics et des grives.<\/li><li>Commodit\u00e9 et accessibilit\u00e9 : \u00e0 seulement 1300 m\u00e8tres du tarmac, l&#8217;acc\u00e8s \u00e0 l&#8217;a\u00e9roport est facile et pratique. Elle dispose \u00e9galement de transports publics et de signaux de t\u00e9l\u00e9communications.<\/li><li>Adapt\u00e9 \u00e0 vos projets d&#8217;agriculture et d&#8217;\u00e9levage : ce domaine vous permet d&#8217;avoir des activit\u00e9s d&#8217;\u00e9levage et d&#8217;agriculture au niveau familial, ce qui vous permet de r\u00e9aliser vos r\u00eaves d&#8217;avoir votre propre ferme de culture ou d&#8217;\u00e9levage.<\/li><li>Attractions \u00e0 proximit\u00e9 : Vous serez entour\u00e9 de merveilles telles que le lac Llanquihue, le majestueux volcan Osorno et les charmantes villes de Frutillar, Puerto Varas et Puerto Montt.<\/li><\/ul><div> <\/div><div><span style=\"color: var( --e-global-color-text ); font-family: var( --e-global-typography-text-font-family ), Sans-serif; font-weight: var( --e-global-typography-text-font-weight ); text-align: var(--text-align);\">En outre, la ferme dispose de l&#8217;\u00e9lectricit\u00e9, d&#8217;un signal t\u00e9l\u00e9phonique dans plusieurs secteurs, d&#8217;un acc\u00e8s par une servitude de 1300 m\u00e8tres de gravier et pr\u00e9sente un ratio de prairies indig\u00e8nes et de p\u00e2turages d&#8217;environ 70 % &#8211; 30 %. Il n&#8217;y a pas de b\u00e2timents, il y a une cl\u00f4ture d&#8217;enceinte dans certains secteurs et il borde une for\u00eat d&#8217;un c\u00f4t\u00e9.<\/span><br><span style=\"color: var( --e-global-color-text ); font-family: var( --e-global-typography-text-font-family ), Sans-serif; font-weight: var( --e-global-typography-text-font-weight ); text-align: var(--text-align);\">La vie ici est tout simplement incomparable. Le climat est agr\u00e9able toute l&#8217;ann\u00e9e, avec une moyenne de 12\u00b0C, et les pr\u00e9cipitations revitalisent la terre entre mai et ao\u00fbt.<\/span><br><span style=\"color: var( --e-global-color-text ); font-family: var( --e-global-typography-text-font-family ), Sans-serif; font-weight: var( --e-global-typography-text-font-weight ); text-align: var(--text-align);\"><br><\/span><span style=\"color: var( --e-global-color-text ); font-family: var( --e-global-typography-text-font-family ), Sans-serif; font-weight: var( --e-global-typography-text-font-weight ); text-align: var(--text-align);\">D\u00e9couvrez la splendeur du Lake District dans cette campagne qui a tout pour vous offrir un avenir prometteur et une qualit\u00e9 de vie incomparable. Ne manquez pas cette occasion unique d&#8217;investir dans ce paradis naturel. Nous vous attendons !<\/span><\/div>\t\t\t\t\t\t\t\t<\/div>\n\t\t\t\t\t<\/div>\n\t\t\t\t<\/div>\n\t\t\t\t<\/div>\n\t\t","protected":false},"excerpt":{"rendered":"<p>Terrain principalement plat \u00e0 Fresia, \u00e0 la p\u00e9riph\u00e9rie de la ville. Acc\u00e8s par une servitude depuis une route goudronn\u00e9e, 460 m\u00e8tres de rivi\u00e8re, marais, faisabilit\u00e9 \u00e9lectrique et signalisation. <\/p>\n","protected":false},"featured_media":17100,"template":"","meta":{"_acf_changed":false},"product_brand":[],"product_cat":[113],"product_tag":[233],"regiones":[226],"ciudades":[214,229],"class_list":{"0":"post-17496","1":"product","2":"type-product","3":"status-publish","4":"has-post-thumbnail","6":"product_cat-ohiggins-los-lagos-fr","7":"product_tag-champs","8":"regiones-nuble-los_lagos","9":"ciudades-fresia","10":"ciudades-llanquihue","12":"first","13":"instock","14":"shipping-taxable","15":"purchasable","16":"product-type-simple"},"acf":[],"yoast_head":"<!-- This site is optimized with the Yoast SEO Premium plugin v26.0 (Yoast SEO v27.3) - https:\/\/yoast.com\/product\/yoast-seo-premium-wordpress\/ -->\n<title>Campagne \u00e0 Fresia - Santa Mar\u00eda, R\u00e9gion des lacs - Produncan<\/title>\n<meta name=\"description\" content=\"Camp de Santa Mar\u00eda : une belle propri\u00e9t\u00e9 de 30 hectares situ\u00e9e dans la commune de Fresia, au Chili. Id\u00e9al pour l&#039;agriculture, l&#039;\u00e9levage et le tourisme.\" \/>\n<meta name=\"robots\" content=\"index, follow, max-snippet:-1, max-image-preview:large, max-video-preview:-1\" \/>\n<link rel=\"canonical\" href=\"https:\/\/produncan.cl\/fr\/produit\/camp-de-santa-maria-fresia-llanquihue\/\" \/>\n<meta property=\"og:locale\" content=\"fr_FR\" \/>\n<meta property=\"og:type\" content=\"article\" \/>\n<meta property=\"og:title\" content=\"Campagne \u00e0 Fresia - Santa Mar\u00eda, R\u00e9gion des lacs\" \/>\n<meta property=\"og:description\" content=\"Camp de Santa Mar\u00eda : une belle propri\u00e9t\u00e9 de 30 hectares situ\u00e9e dans la commune de Fresia, au Chili. Id\u00e9al pour l&#039;agriculture, l&#039;\u00e9levage et le tourisme.\" \/>\n<meta property=\"og:url\" content=\"https:\/\/produncan.cl\/fr\/produit\/camp-de-santa-maria-fresia-llanquihue\/\" \/>\n<meta property=\"og:site_name\" content=\"Produncan\" \/>\n<meta property=\"article:publisher\" content=\"https:\/\/web.facebook.com\/produncanland\" \/>\n<meta property=\"article:modified_time\" content=\"2025-11-24T21:14:48+00:00\" \/>\n<meta property=\"og:image\" content=\"https:\/\/produncan.cl\/wp-content\/uploads\/2023\/07\/Campo-en-Venta-Santa-Maria.webp\" \/>\n\t<meta property=\"og:image:width\" content=\"600\" \/>\n\t<meta property=\"og:image:height\" content=\"450\" \/>\n\t<meta property=\"og:image:type\" content=\"image\/webp\" \/>\n<meta name=\"twitter:card\" content=\"summary_large_image\" \/>\n<meta name=\"twitter:label1\" content=\"Price\" \/>\n\t<meta name=\"twitter:data1\" content=\"USD260.900,00\" \/>\n\t<meta name=\"twitter:label2\" content=\"Availability\" \/>\n\t<meta name=\"twitter:data2\" content=\"In stock\" \/>\n<script type=\"application\/ld+json\" class=\"yoast-schema-graph\">{\"@context\":\"https:\\\/\\\/schema.org\",\"@graph\":[{\"@type\":\"WebPage\",\"@id\":\"https:\\\/\\\/produncan.cl\\\/fr\\\/produit\\\/camp-de-santa-maria-fresia-llanquihue\\\/\",\"url\":\"https:\\\/\\\/produncan.cl\\\/fr\\\/produit\\\/camp-de-santa-maria-fresia-llanquihue\\\/\",\"name\":\"Campagne \u00e0 Fresia - Santa Mar\u00eda, R\u00e9gion des lacs - Produncan\",\"isPartOf\":{\"@id\":\"https:\\\/\\\/produncan.cl\\\/fr\\\/#website\"},\"primaryImageOfPage\":{\"@id\":\"https:\\\/\\\/produncan.cl\\\/fr\\\/produit\\\/camp-de-santa-maria-fresia-llanquihue\\\/#primaryimage\"},\"image\":{\"@id\":\"https:\\\/\\\/produncan.cl\\\/fr\\\/produit\\\/camp-de-santa-maria-fresia-llanquihue\\\/#primaryimage\"},\"thumbnailUrl\":\"https:\\\/\\\/produncan.cl\\\/wp-content\\\/uploads\\\/2023\\\/07\\\/Campo-en-Venta-Santa-Maria.webp\",\"datePublished\":\"2023-07-25T22:28:06+00:00\",\"dateModified\":\"2025-11-24T21:14:48+00:00\",\"description\":\"Camp de Santa Mar\u00eda : une belle propri\u00e9t\u00e9 de 30 hectares situ\u00e9e dans la commune de Fresia, au Chili. Id\u00e9al pour l'agriculture, l'\u00e9levage et le tourisme.\",\"breadcrumb\":{\"@id\":\"https:\\\/\\\/produncan.cl\\\/fr\\\/produit\\\/camp-de-santa-maria-fresia-llanquihue\\\/#breadcrumb\"},\"inLanguage\":\"fr-FR\",\"potentialAction\":[{\"@type\":\"ReadAction\",\"target\":[\"https:\\\/\\\/produncan.cl\\\/fr\\\/produit\\\/camp-de-santa-maria-fresia-llanquihue\\\/\"]}]},{\"@type\":\"ImageObject\",\"inLanguage\":\"fr-FR\",\"@id\":\"https:\\\/\\\/produncan.cl\\\/fr\\\/produit\\\/camp-de-santa-maria-fresia-llanquihue\\\/#primaryimage\",\"url\":\"https:\\\/\\\/produncan.cl\\\/wp-content\\\/uploads\\\/2023\\\/07\\\/Campo-en-Venta-Santa-Maria.webp\",\"contentUrl\":\"https:\\\/\\\/produncan.cl\\\/wp-content\\\/uploads\\\/2023\\\/07\\\/Campo-en-Venta-Santa-Maria.webp\",\"width\":600,\"height\":450,\"caption\":\"Terrain \u00e0 vendre Santa Mar\u00eda\"},{\"@type\":\"BreadcrumbList\",\"@id\":\"https:\\\/\\\/produncan.cl\\\/fr\\\/produit\\\/camp-de-santa-maria-fresia-llanquihue\\\/#breadcrumb\",\"itemListElement\":[{\"@type\":\"ListItem\",\"position\":1,\"name\":\"Inicio\",\"item\":\"https:\\\/\\\/produncan.cl\\\/fr\\\/\"},{\"@type\":\"ListItem\",\"position\":2,\"name\":\"Propri\u00e9t\u00e9s\",\"item\":\"https:\\\/\\\/produncan.cl\\\/propiedades\\\/\"},{\"@type\":\"ListItem\",\"position\":3,\"name\":\"Champs\",\"item\":\"https:\\\/\\\/produncan.cl\\\/fr\\\/cat&eacute;gorie\\\/champs\\\/\"},{\"@type\":\"ListItem\",\"position\":4,\"name\":\"Campagne \u00e0 Fresia &#8211; Santa Mar\u00eda, R\u00e9gion des lacs\"}]},{\"@type\":\"WebSite\",\"@id\":\"https:\\\/\\\/produncan.cl\\\/fr\\\/#website\",\"url\":\"https:\\\/\\\/produncan.cl\\\/fr\\\/\",\"name\":\"Produncan\",\"description\":\"Nous vous accompagnons dans votre projet de vie !\",\"publisher\":{\"@id\":\"https:\\\/\\\/produncan.cl\\\/fr\\\/#organization\"},\"potentialAction\":[{\"@type\":\"SearchAction\",\"target\":{\"@type\":\"EntryPoint\",\"urlTemplate\":\"https:\\\/\\\/produncan.cl\\\/fr\\\/?s={search_term_string}\"},\"query-input\":{\"@type\":\"PropertyValueSpecification\",\"valueRequired\":true,\"valueName\":\"search_term_string\"}}],\"inLanguage\":\"fr-FR\"},{\"@type\":\"Organization\",\"@id\":\"https:\\\/\\\/produncan.cl\\\/fr\\\/#organization\",\"name\":\"Produncan\",\"url\":\"https:\\\/\\\/produncan.cl\\\/fr\\\/\",\"logo\":{\"@type\":\"ImageObject\",\"inLanguage\":\"fr-FR\",\"@id\":\"https:\\\/\\\/produncan.cl\\\/fr\\\/#\\\/schema\\\/logo\\\/image\\\/\",\"url\":\"https:\\\/\\\/produncan.cl\\\/wp-content\\\/uploads\\\/2021\\\/03\\\/LOGO.jpeg\",\"contentUrl\":\"https:\\\/\\\/produncan.cl\\\/wp-content\\\/uploads\\\/2021\\\/03\\\/LOGO.jpeg\",\"width\":1280,\"height\":903,\"caption\":\"Produncan\"},\"image\":{\"@id\":\"https:\\\/\\\/produncan.cl\\\/fr\\\/#\\\/schema\\\/logo\\\/image\\\/\"},\"sameAs\":[\"https:\\\/\\\/web.facebook.com\\\/produncanland\",\"https:\\\/\\\/www.instagram.com\\\/pro_duncan\\\/\",\"https:\\\/\\\/www.linkedin.com\\\/company\\\/produncan-lands\\\/\",\"https:\\\/\\\/www.youtube.com\\\/channel\\\/UCu7N-f3x0svkazD-Eew1-QQ\"],\"description\":\"En Produncan somos especialistas en la venta de terrenos en el sur de Chile. Proveemos estancias, campos, parcelas y hoteles.\",\"email\":\"info@produncan.cl\"}]}<\/script>\n<meta property=\"og:video\" content=\"https:\/\/www.youtube.com\/embed\/o7ErfQgQrKs\" \/>\n<meta property=\"og:video:type\" content=\"text\/html\" \/>\n<meta property=\"og:video:duration\" content=\"71\" \/>\n<meta property=\"og:video:width\" content=\"480\" \/>\n<meta property=\"og:video:height\" content=\"360\" \/>\n<meta property=\"ya:ovs:adult\" content=\"false\" \/>\n<meta property=\"ya:ovs:upload_date\" content=\"2023-07-25T22:28:06+00:00\" \/>\n<meta property=\"ya:ovs:allow_embed\" content=\"true\" \/>\n<meta property=\"product:price:amount\" content=\"260900.00\" \/>\n<meta property=\"product:price:currency\" content=\"USD\" \/>\n<meta property=\"og:availability\" content=\"instock\" \/>\n<meta property=\"product:availability\" content=\"instock\" \/>\n<meta property=\"product:condition\" content=\"new\" \/>\n<!-- \/ Yoast SEO Premium plugin. -->","yoast_head_json":{"title":"Campagne \u00e0 Fresia - Santa Mar\u00eda, R\u00e9gion des lacs - Produncan","description":"Camp de Santa Mar\u00eda : une belle propri\u00e9t\u00e9 de 30 hectares situ\u00e9e dans la commune de Fresia, au Chili. Id\u00e9al pour l'agriculture, l'\u00e9levage et le tourisme.","robots":{"index":"index","follow":"follow","max-snippet":"max-snippet:-1","max-image-preview":"max-image-preview:large","max-video-preview":"max-video-preview:-1"},"canonical":"https:\/\/produncan.cl\/fr\/produit\/camp-de-santa-maria-fresia-llanquihue\/","og_locale":"fr_FR","og_type":"article","og_title":"Campagne \u00e0 Fresia - Santa Mar\u00eda, R\u00e9gion des lacs","og_description":"Camp de Santa Mar\u00eda : une belle propri\u00e9t\u00e9 de 30 hectares situ\u00e9e dans la commune de Fresia, au Chili. Id\u00e9al pour l'agriculture, l'\u00e9levage et le tourisme.","og_url":"https:\/\/produncan.cl\/fr\/produit\/camp-de-santa-maria-fresia-llanquihue\/","og_site_name":"Produncan","article_publisher":"https:\/\/web.facebook.com\/produncanland","article_modified_time":"2025-11-24T21:14:48+00:00","og_image":[{"width":600,"height":450,"url":"https:\/\/produncan.cl\/wp-content\/uploads\/2023\/07\/Campo-en-Venta-Santa-Maria.webp","type":"image\/webp"}],"twitter_card":"summary_large_image","twitter_misc":{"Price":"USD260.900,00","Availability":"In stock"},"schema":{"@context":"https:\/\/schema.org","@graph":[{"@type":"WebPage","@id":"https:\/\/produncan.cl\/fr\/produit\/camp-de-santa-maria-fresia-llanquihue\/","url":"https:\/\/produncan.cl\/fr\/produit\/camp-de-santa-maria-fresia-llanquihue\/","name":"Campagne \u00e0 Fresia - Santa Mar\u00eda, R\u00e9gion des lacs - Produncan","isPartOf":{"@id":"https:\/\/produncan.cl\/fr\/#website"},"primaryImageOfPage":{"@id":"https:\/\/produncan.cl\/fr\/produit\/camp-de-santa-maria-fresia-llanquihue\/#primaryimage"},"image":{"@id":"https:\/\/produncan.cl\/fr\/produit\/camp-de-santa-maria-fresia-llanquihue\/#primaryimage"},"thumbnailUrl":"https:\/\/produncan.cl\/wp-content\/uploads\/2023\/07\/Campo-en-Venta-Santa-Maria.webp","datePublished":"2023-07-25T22:28:06+00:00","dateModified":"2025-11-24T21:14:48+00:00","description":"Camp de Santa Mar\u00eda : une belle propri\u00e9t\u00e9 de 30 hectares situ\u00e9e dans la commune de Fresia, au Chili. Id\u00e9al pour l'agriculture, l'\u00e9levage et le tourisme.","breadcrumb":{"@id":"https:\/\/produncan.cl\/fr\/produit\/camp-de-santa-maria-fresia-llanquihue\/#breadcrumb"},"inLanguage":"fr-FR","potentialAction":[{"@type":"ReadAction","target":["https:\/\/produncan.cl\/fr\/produit\/camp-de-santa-maria-fresia-llanquihue\/"]}]},{"@type":"ImageObject","inLanguage":"fr-FR","@id":"https:\/\/produncan.cl\/fr\/produit\/camp-de-santa-maria-fresia-llanquihue\/#primaryimage","url":"https:\/\/produncan.cl\/wp-content\/uploads\/2023\/07\/Campo-en-Venta-Santa-Maria.webp","contentUrl":"https:\/\/produncan.cl\/wp-content\/uploads\/2023\/07\/Campo-en-Venta-Santa-Maria.webp","width":600,"height":450,"caption":"Terrain \u00e0 vendre Santa Mar\u00eda"},{"@type":"BreadcrumbList","@id":"https:\/\/produncan.cl\/fr\/produit\/camp-de-santa-maria-fresia-llanquihue\/#breadcrumb","itemListElement":[{"@type":"ListItem","position":1,"name":"Inicio","item":"https:\/\/produncan.cl\/fr\/"},{"@type":"ListItem","position":2,"name":"Propri\u00e9t\u00e9s","item":"https:\/\/produncan.cl\/propiedades\/"},{"@type":"ListItem","position":3,"name":"Champs","item":"https:\/\/produncan.cl\/fr\/cat&eacute;gorie\/champs\/"},{"@type":"ListItem","position":4,"name":"Campagne \u00e0 Fresia &#8211; Santa Mar\u00eda, R\u00e9gion des lacs"}]},{"@type":"WebSite","@id":"https:\/\/produncan.cl\/fr\/#website","url":"https:\/\/produncan.cl\/fr\/","name":"Produncan","description":"Nous vous accompagnons dans votre projet de vie !","publisher":{"@id":"https:\/\/produncan.cl\/fr\/#organization"},"potentialAction":[{"@type":"SearchAction","target":{"@type":"EntryPoint","urlTemplate":"https:\/\/produncan.cl\/fr\/?s={search_term_string}"},"query-input":{"@type":"PropertyValueSpecification","valueRequired":true,"valueName":"search_term_string"}}],"inLanguage":"fr-FR"},{"@type":"Organization","@id":"https:\/\/produncan.cl\/fr\/#organization","name":"Produncan","url":"https:\/\/produncan.cl\/fr\/","logo":{"@type":"ImageObject","inLanguage":"fr-FR","@id":"https:\/\/produncan.cl\/fr\/#\/schema\/logo\/image\/","url":"https:\/\/produncan.cl\/wp-content\/uploads\/2021\/03\/LOGO.jpeg","contentUrl":"https:\/\/produncan.cl\/wp-content\/uploads\/2021\/03\/LOGO.jpeg","width":1280,"height":903,"caption":"Produncan"},"image":{"@id":"https:\/\/produncan.cl\/fr\/#\/schema\/logo\/image\/"},"sameAs":["https:\/\/web.facebook.com\/produncanland","https:\/\/www.instagram.com\/pro_duncan\/","https:\/\/www.linkedin.com\/company\/produncan-lands\/","https:\/\/www.youtube.com\/channel\/UCu7N-f3x0svkazD-Eew1-QQ"],"description":"En Produncan somos especialistas en la venta de terrenos en el sur de Chile. Proveemos estancias, campos, parcelas y hoteles.","email":"info@produncan.cl"}]},"og_video":"https:\/\/www.youtube.com\/embed\/o7ErfQgQrKs","og_video_type":"text\/html","og_video_duration":"71","og_video_width":"480","og_video_height":"360","ya_ovs_adult":"false","ya_ovs_upload_date":"2023-07-25T22:28:06+00:00","ya_ovs_allow_embed":"true","product_price_amount":"260900.00","product_price_currency":"USD","og_availability":"instock","product_availability":"instock","product_condition":"new"},"_links":{"self":[{"href":"https:\/\/produncan.cl\/fr\/wp-json\/wp\/v2\/product\/17496","targetHints":{"allow":["GET"]}}],"collection":[{"href":"https:\/\/produncan.cl\/fr\/wp-json\/wp\/v2\/product"}],"about":[{"href":"https:\/\/produncan.cl\/fr\/wp-json\/wp\/v2\/types\/product"}],"version-history":[{"count":1,"href":"https:\/\/produncan.cl\/fr\/wp-json\/wp\/v2\/product\/17496\/revisions"}],"predecessor-version":[{"id":52681,"href":"https:\/\/produncan.cl\/fr\/wp-json\/wp\/v2\/product\/17496\/revisions\/52681"}],"wp:featuredmedia":[{"embeddable":true,"href":"https:\/\/produncan.cl\/fr\/wp-json\/wp\/v2\/media\/17100"}],"wp:attachment":[{"href":"https:\/\/produncan.cl\/fr\/wp-json\/wp\/v2\/media?parent=17496"}],"wp:term":[{"taxonomy":"product_brand","embeddable":true,"href":"https:\/\/produncan.cl\/fr\/wp-json\/wp\/v2\/product_brand?post=17496"},{"taxonomy":"product_cat","embeddable":true,"href":"https:\/\/produncan.cl\/fr\/wp-json\/wp\/v2\/product_cat?post=17496"},{"taxonomy":"product_tag","embeddable":true,"href":"https:\/\/produncan.cl\/fr\/wp-json\/wp\/v2\/product_tag?post=17496"},{"taxonomy":"regiones","embeddable":true,"href":"https:\/\/produncan.cl\/fr\/wp-json\/wp\/v2\/regiones?post=17496"},{"taxonomy":"ciudades","embeddable":true,"href":"https:\/\/produncan.cl\/fr\/wp-json\/wp\/v2\/ciudades?post=17496"}],"curies":[{"name":"wp","href":"https:\/\/api.w.org\/{rel}","templated":true}]}}