{"id":17498,"date":"2022-07-27T17:35:36","date_gmt":"2022-07-27T21:35:36","guid":{"rendered":"https:\/\/produncan.cl\/producto\/countryside-villa-ohiggins-victoria-region-araucania\/"},"modified":"2025-12-26T17:29:20","modified_gmt":"2025-12-26T20:29:20","slug":"countryside-villa-ohiggins-victoria-region-araucania","status":"publish","type":"product","link":"https:\/\/produncan.cl\/fr\/produit\/countryside-villa-ohiggins-victoria-region-araucania\/","title":{"rendered":"Countryside Villa O&#8217;Higgins &#8211; Victoria &#8211; R\u00e9gion Araucan\u00eda."},"content":{"rendered":"\t\t<div data-elementor-type=\"product-post\" data-elementor-id=\"17498\" class=\"elementor elementor-17498 elementor-17189\" data-elementor-post-type=\"product\">\n\t\t\t\t<div class=\"elementor-element elementor-element-c8f0638 e-flex e-con-boxed e-con e-parent\" data-id=\"c8f0638\" data-element_type=\"container\" data-e-type=\"container\" data-settings=\"{&quot;jet_parallax_layout_list&quot;:[]}\">\n\t\t\t\t\t<div class=\"e-con-inner\">\n\t\t\t\t<div class=\"elementor-element elementor-element-8f1e79f elementor-widget elementor-widget-heading\" data-id=\"8f1e79f\" data-element_type=\"widget\" data-e-type=\"widget\" data-widget_type=\"heading.default\">\n\t\t\t\t\t<h2 class=\"elementor-heading-title elementor-size-default\">Ferme \u00e0 vendre \u00e0 Villa O'Higgins, Victoria, Araucan\u00eda Region.<\/h2>\t\t\t\t<\/div>\n\t\t\t\t\t<\/div>\n\t\t\t\t<\/div>\n\t\t<div class=\"elementor-element elementor-element-74f5bc0 e-flex e-con-boxed e-con e-parent\" data-id=\"74f5bc0\" data-element_type=\"container\" data-e-type=\"container\" data-settings=\"{&quot;jet_parallax_layout_list&quot;:[]}\">\n\t\t\t\t\t<div class=\"e-con-inner\">\n\t\t\t\t<div class=\"elementor-element elementor-element-0569ea1 elementor-widget elementor-widget-text-editor\" data-id=\"0569ea1\" data-element_type=\"widget\" data-e-type=\"widget\" data-widget_type=\"text-editor.default\">\n\t\t\t\t\t\t\t\t\t<p>Cette charmante campagne est situ\u00e9e dans le secteur de Villa O&#8217;Higgins, dans la commune de Victoria, province de Malleco, r\u00e9gion de l&#8217;Araucanie. Le terrain a une superficie de 47,8 hectares et est situ\u00e9 \u00e0 16 km de l&#8217;asphalte. Il existe un projet d&#8217;asphaltage qui laisserait le terrain \u00e0 2 km de l&#8217;asphalte. Le terrain comprend une maison, un hangar, une cave \u00e0 vin, un espace barbecue, une cabane et un b\u00fbcher ;<\/p>\n<p><\/p>\n<p>La maison a \u00e9t\u00e9 construite en 2008 et a une surface habitable de 143 m\u00b2. La maison comprend quatre chambres, toutes en suite, cinq salles de bains, une terrasse en pierre, une loggia, un parking couvert, une cave, un syst\u00e8me d&#8217;eau chaude au gaz et un syst\u00e8me de chauffage \u00e0 combustion lente. La maison est expos\u00e9e au sud et n&#8217;a pas de r\u00e9ception municipale.<\/p>\n<p><\/p>\n<p>Le cottage est petit et a besoin de r\u00e9parations. Il comprend deux chambres, une salle de bains, une cuisine ouverte int\u00e9gr\u00e9e \u00e0 une salle \u00e0 manger quotidienne, un salon, un chauffage et une cuisini\u00e8re \u00e0 combustion lente.<\/p>\n<p><\/p>\n<p>La ferme dispose d&#8217;\u00e9lectricit\u00e9 souterraine, d&#8217;eau de puits, de 3 ruisseaux, dont 2 s&#8217;ass\u00e8chent en \u00e9t\u00e9, de 5 sources, pas de droits d&#8217;eau, la topographie est plate avec de l\u00e9g\u00e8res oscillations, l&#8217;acc\u00e8s se fait directement depuis un chemin rural, la ferme ne donne pas de servitude \u00e0 d&#8217;autres propri\u00e9t\u00e9s, il n&#8217;y a pas d&#8217;agriculture ou d&#8217;\u00e9levage.<\/p>\n<p><\/p>\n<p>La ferme est situ\u00e9e dans un cadre naturel exceptionnel, entour\u00e9e de for\u00eats indig\u00e8nes et de montagnes. Le climat est temp\u00e9r\u00e9 et agr\u00e9able, et la faune est diversifi\u00e9e.<\/p>\n<p><\/p>\n<p>Dans la flore, on trouve l&#8217;\u00e9glantier, le maqui, le myrte, le noisetier, le ch\u00e2taignier, le coihue, le ch\u00eane hualle, le ma\u00f1\u00edo, le radal et quelques pins. En ce qui concerne la faune, on trouve le pud\u00fa, le renard culpeo, la loutre, le condor, l&#8217;aigle, le condor des Andes et le pic noir.<\/p>\n<p><\/p>\n<p>Vous pourrez utiliser les transports publics les lundis, mercredis et vendredis, ce qui vous permettra de vous d\u00e9placer en toute tranquillit\u00e9.<\/p>\n<p><\/p>\n<p>Le terrain est bien situ\u00e9, \u00e0 proximit\u00e9 de plusieurs attractions touristiques, telles que le parc national de Tolhuaca, les sources thermales de Malleco, Curacaut\u00edn, Malalcahuello, Corralco, Lonquimay et \u00e0 16 km de la route internationale.<\/p>\n<p><\/p>\n<p>Cette campagne est id\u00e9ale pour ceux qui recherchent une vie tranquille en contact avec la nature.<\/p>\n<p><\/p>\n<p>N&#8217;h\u00e9sitez pas \u00e0 nous contacter pour plus d&#8217;informations !<\/p>\t\t\t\t\t\t\t\t<\/div>\n\t\t\t\t\t<\/div>\n\t\t\t\t<\/div>\n\t\t\t\t<\/div>\n\t\t","protected":false},"excerpt":{"rendered":"<p>Ferme \u00e0 Villa O&#8217;Higgins, maison, hangar, \u00e9lectricit\u00e9 souterraine, puits, sources.<\/p>\n","protected":false},"featured_media":17200,"template":"","meta":{"_acf_changed":false},"product_brand":[],"product_cat":[113],"product_tag":[233],"regiones":[226],"ciudades":[],"class_list":{"0":"post-17498","1":"product","2":"type-product","3":"status-publish","4":"has-post-thumbnail","6":"product_cat-ohiggins-los-lagos-fr","7":"product_tag-champs","8":"regiones-nuble-los_lagos","10":"first","11":"instock","12":"shipping-taxable","13":"purchasable","14":"product-type-simple"},"acf":[],"yoast_head":"<!-- This site is optimized with the Yoast SEO Premium plugin v26.0 (Yoast SEO v27.3) - https:\/\/yoast.com\/product\/yoast-seo-premium-wordpress\/ -->\n<title>Countryside Villa O&#039;Higgins - Victoria - R\u00e9gion Araucan\u00eda. - Produncan<\/title>\n<meta name=\"description\" content=\"Campo Villa O&#039;Higgins est une magnifique propri\u00e9t\u00e9 de 500 hectares situ\u00e9e dans la commune de Villa O&#039;Higgins, au Chili ; Id\u00e9al pour l&#039;agriculture, l&#039;\u00e9levage, le tourisme et le d\u00e9veloppement immobilier. Actuellement en vente.\" \/>\n<meta name=\"robots\" content=\"index, follow, max-snippet:-1, max-image-preview:large, max-video-preview:-1\" \/>\n<link rel=\"canonical\" href=\"https:\/\/produncan.cl\/fr\/produit\/countryside-villa-ohiggins-victoria-region-araucania\/\" \/>\n<meta property=\"og:locale\" content=\"fr_FR\" \/>\n<meta property=\"og:type\" content=\"article\" \/>\n<meta property=\"og:title\" content=\"Countryside Villa O&#039;Higgins - Victoria - R\u00e9gion Araucan\u00eda.\" \/>\n<meta property=\"og:description\" content=\"Campo Villa O&#039;Higgins est une magnifique propri\u00e9t\u00e9 de 500 hectares situ\u00e9e dans la commune de Villa O&#039;Higgins, au Chili ; Id\u00e9al pour l&#039;agriculture, l&#039;\u00e9levage, le tourisme et le d\u00e9veloppement immobilier. Actuellement en vente.\" \/>\n<meta property=\"og:url\" content=\"https:\/\/produncan.cl\/fr\/produit\/countryside-villa-ohiggins-victoria-region-araucania\/\" \/>\n<meta property=\"og:site_name\" content=\"Produncan\" \/>\n<meta property=\"article:publisher\" content=\"https:\/\/web.facebook.com\/produncanland\" \/>\n<meta property=\"article:modified_time\" content=\"2025-12-26T20:29:20+00:00\" \/>\n<meta property=\"og:image\" content=\"https:\/\/produncan.cl\/wp-content\/uploads\/2023\/07\/Campo-en-venta-en-Villa-OHiggins.webp\" \/>\n\t<meta property=\"og:image:width\" content=\"600\" \/>\n\t<meta property=\"og:image:height\" content=\"450\" \/>\n\t<meta property=\"og:image:type\" content=\"image\/webp\" \/>\n<meta name=\"twitter:card\" content=\"summary_large_image\" \/>\n<meta name=\"twitter:label1\" content=\"Price\" \/>\n\t<meta name=\"twitter:data1\" content=\"USD630.500,00\" \/>\n\t<meta name=\"twitter:label2\" content=\"Availability\" \/>\n\t<meta name=\"twitter:data2\" content=\"In stock\" \/>\n<script type=\"application\/ld+json\" class=\"yoast-schema-graph\">{\"@context\":\"https:\\\/\\\/schema.org\",\"@graph\":[{\"@type\":\"WebPage\",\"@id\":\"https:\\\/\\\/produncan.cl\\\/fr\\\/produit\\\/countryside-villa-ohiggins-victoria-region-araucania\\\/\",\"url\":\"https:\\\/\\\/produncan.cl\\\/fr\\\/produit\\\/countryside-villa-ohiggins-victoria-region-araucania\\\/\",\"name\":\"Countryside Villa O'Higgins - Victoria - R\u00e9gion Araucan\u00eda. - Produncan\",\"isPartOf\":{\"@id\":\"https:\\\/\\\/produncan.cl\\\/fr\\\/#website\"},\"primaryImageOfPage\":{\"@id\":\"https:\\\/\\\/produncan.cl\\\/fr\\\/produit\\\/countryside-villa-ohiggins-victoria-region-araucania\\\/#primaryimage\"},\"image\":{\"@id\":\"https:\\\/\\\/produncan.cl\\\/fr\\\/produit\\\/countryside-villa-ohiggins-victoria-region-araucania\\\/#primaryimage\"},\"thumbnailUrl\":\"https:\\\/\\\/produncan.cl\\\/wp-content\\\/uploads\\\/2023\\\/07\\\/Campo-en-venta-en-Villa-OHiggins.webp\",\"datePublished\":\"2022-07-27T21:35:36+00:00\",\"dateModified\":\"2025-12-26T20:29:20+00:00\",\"description\":\"Campo Villa O'Higgins est une magnifique propri\u00e9t\u00e9 de 500 hectares situ\u00e9e dans la commune de Villa O'Higgins, au Chili ; Id\u00e9al pour l'agriculture, l'\u00e9levage, le tourisme et le d\u00e9veloppement immobilier. Actuellement en vente.\",\"breadcrumb\":{\"@id\":\"https:\\\/\\\/produncan.cl\\\/fr\\\/produit\\\/countryside-villa-ohiggins-victoria-region-araucania\\\/#breadcrumb\"},\"inLanguage\":\"fr-FR\",\"potentialAction\":[{\"@type\":\"ReadAction\",\"target\":[\"https:\\\/\\\/produncan.cl\\\/fr\\\/produit\\\/countryside-villa-ohiggins-victoria-region-araucania\\\/\"]}]},{\"@type\":\"ImageObject\",\"inLanguage\":\"fr-FR\",\"@id\":\"https:\\\/\\\/produncan.cl\\\/fr\\\/produit\\\/countryside-villa-ohiggins-victoria-region-araucania\\\/#primaryimage\",\"url\":\"https:\\\/\\\/produncan.cl\\\/wp-content\\\/uploads\\\/2023\\\/07\\\/Campo-en-venta-en-Villa-OHiggins.webp\",\"contentUrl\":\"https:\\\/\\\/produncan.cl\\\/wp-content\\\/uploads\\\/2023\\\/07\\\/Campo-en-venta-en-Villa-OHiggins.webp\",\"width\":600,\"height\":450},{\"@type\":\"BreadcrumbList\",\"@id\":\"https:\\\/\\\/produncan.cl\\\/fr\\\/produit\\\/countryside-villa-ohiggins-victoria-region-araucania\\\/#breadcrumb\",\"itemListElement\":[{\"@type\":\"ListItem\",\"position\":1,\"name\":\"Inicio\",\"item\":\"https:\\\/\\\/produncan.cl\\\/fr\\\/\"},{\"@type\":\"ListItem\",\"position\":2,\"name\":\"Propri\u00e9t\u00e9s\",\"item\":\"https:\\\/\\\/produncan.cl\\\/propiedades\\\/\"},{\"@type\":\"ListItem\",\"position\":3,\"name\":\"Champs\",\"item\":\"https:\\\/\\\/produncan.cl\\\/fr\\\/cat&eacute;gorie\\\/champs\\\/\"},{\"@type\":\"ListItem\",\"position\":4,\"name\":\"Countryside Villa O&#8217;Higgins &#8211; Victoria &#8211; R\u00e9gion Araucan\u00eda.\"}]},{\"@type\":\"WebSite\",\"@id\":\"https:\\\/\\\/produncan.cl\\\/fr\\\/#website\",\"url\":\"https:\\\/\\\/produncan.cl\\\/fr\\\/\",\"name\":\"Produncan\",\"description\":\"Nous vous accompagnons dans votre projet de vie !\",\"publisher\":{\"@id\":\"https:\\\/\\\/produncan.cl\\\/fr\\\/#organization\"},\"potentialAction\":[{\"@type\":\"SearchAction\",\"target\":{\"@type\":\"EntryPoint\",\"urlTemplate\":\"https:\\\/\\\/produncan.cl\\\/fr\\\/?s={search_term_string}\"},\"query-input\":{\"@type\":\"PropertyValueSpecification\",\"valueRequired\":true,\"valueName\":\"search_term_string\"}}],\"inLanguage\":\"fr-FR\"},{\"@type\":\"Organization\",\"@id\":\"https:\\\/\\\/produncan.cl\\\/fr\\\/#organization\",\"name\":\"Produncan\",\"url\":\"https:\\\/\\\/produncan.cl\\\/fr\\\/\",\"logo\":{\"@type\":\"ImageObject\",\"inLanguage\":\"fr-FR\",\"@id\":\"https:\\\/\\\/produncan.cl\\\/fr\\\/#\\\/schema\\\/logo\\\/image\\\/\",\"url\":\"https:\\\/\\\/produncan.cl\\\/wp-content\\\/uploads\\\/2021\\\/03\\\/LOGO.jpeg\",\"contentUrl\":\"https:\\\/\\\/produncan.cl\\\/wp-content\\\/uploads\\\/2021\\\/03\\\/LOGO.jpeg\",\"width\":1280,\"height\":903,\"caption\":\"Produncan\"},\"image\":{\"@id\":\"https:\\\/\\\/produncan.cl\\\/fr\\\/#\\\/schema\\\/logo\\\/image\\\/\"},\"sameAs\":[\"https:\\\/\\\/web.facebook.com\\\/produncanland\",\"https:\\\/\\\/www.instagram.com\\\/pro_duncan\\\/\",\"https:\\\/\\\/www.linkedin.com\\\/company\\\/produncan-lands\\\/\",\"https:\\\/\\\/www.youtube.com\\\/channel\\\/UCu7N-f3x0svkazD-Eew1-QQ\"],\"description\":\"En Produncan somos especialistas en la venta de terrenos en el sur de Chile. Proveemos estancias, campos, parcelas y hoteles.\",\"email\":\"info@produncan.cl\"}]}<\/script>\n<meta property=\"og:video\" content=\"https:\/\/www.youtube.com\/embed\/-JALZjG2_sQ\" \/>\n<meta property=\"og:video:type\" content=\"text\/html\" \/>\n<meta property=\"og:video:duration\" content=\"91\" \/>\n<meta property=\"og:video:width\" content=\"480\" \/>\n<meta property=\"og:video:height\" content=\"360\" \/>\n<meta property=\"ya:ovs:adult\" content=\"false\" \/>\n<meta property=\"ya:ovs:upload_date\" content=\"2022-07-27T21:35:36+00:00\" \/>\n<meta property=\"ya:ovs:allow_embed\" content=\"true\" \/>\n<meta property=\"product:price:amount\" content=\"630500.00\" \/>\n<meta property=\"product:price:currency\" content=\"USD\" \/>\n<meta property=\"og:availability\" content=\"instock\" \/>\n<meta property=\"product:availability\" content=\"instock\" \/>\n<meta property=\"product:condition\" content=\"new\" \/>\n<!-- \/ Yoast SEO Premium plugin. -->","yoast_head_json":{"title":"Countryside Villa O'Higgins - Victoria - R\u00e9gion Araucan\u00eda. - Produncan","description":"Campo Villa O'Higgins est une magnifique propri\u00e9t\u00e9 de 500 hectares situ\u00e9e dans la commune de Villa O'Higgins, au Chili ; Id\u00e9al pour l'agriculture, l'\u00e9levage, le tourisme et le d\u00e9veloppement immobilier. Actuellement en vente.","robots":{"index":"index","follow":"follow","max-snippet":"max-snippet:-1","max-image-preview":"max-image-preview:large","max-video-preview":"max-video-preview:-1"},"canonical":"https:\/\/produncan.cl\/fr\/produit\/countryside-villa-ohiggins-victoria-region-araucania\/","og_locale":"fr_FR","og_type":"article","og_title":"Countryside Villa O'Higgins - Victoria - R\u00e9gion Araucan\u00eda.","og_description":"Campo Villa O'Higgins est une magnifique propri\u00e9t\u00e9 de 500 hectares situ\u00e9e dans la commune de Villa O'Higgins, au Chili ; Id\u00e9al pour l'agriculture, l'\u00e9levage, le tourisme et le d\u00e9veloppement immobilier. Actuellement en vente.","og_url":"https:\/\/produncan.cl\/fr\/produit\/countryside-villa-ohiggins-victoria-region-araucania\/","og_site_name":"Produncan","article_publisher":"https:\/\/web.facebook.com\/produncanland","article_modified_time":"2025-12-26T20:29:20+00:00","og_image":[{"width":600,"height":450,"url":"https:\/\/produncan.cl\/wp-content\/uploads\/2023\/07\/Campo-en-venta-en-Villa-OHiggins.webp","type":"image\/webp"}],"twitter_card":"summary_large_image","twitter_misc":{"Price":"USD630.500,00","Availability":"In stock"},"schema":{"@context":"https:\/\/schema.org","@graph":[{"@type":"WebPage","@id":"https:\/\/produncan.cl\/fr\/produit\/countryside-villa-ohiggins-victoria-region-araucania\/","url":"https:\/\/produncan.cl\/fr\/produit\/countryside-villa-ohiggins-victoria-region-araucania\/","name":"Countryside Villa O'Higgins - Victoria - R\u00e9gion Araucan\u00eda. - Produncan","isPartOf":{"@id":"https:\/\/produncan.cl\/fr\/#website"},"primaryImageOfPage":{"@id":"https:\/\/produncan.cl\/fr\/produit\/countryside-villa-ohiggins-victoria-region-araucania\/#primaryimage"},"image":{"@id":"https:\/\/produncan.cl\/fr\/produit\/countryside-villa-ohiggins-victoria-region-araucania\/#primaryimage"},"thumbnailUrl":"https:\/\/produncan.cl\/wp-content\/uploads\/2023\/07\/Campo-en-venta-en-Villa-OHiggins.webp","datePublished":"2022-07-27T21:35:36+00:00","dateModified":"2025-12-26T20:29:20+00:00","description":"Campo Villa O'Higgins est une magnifique propri\u00e9t\u00e9 de 500 hectares situ\u00e9e dans la commune de Villa O'Higgins, au Chili ; Id\u00e9al pour l'agriculture, l'\u00e9levage, le tourisme et le d\u00e9veloppement immobilier. Actuellement en vente.","breadcrumb":{"@id":"https:\/\/produncan.cl\/fr\/produit\/countryside-villa-ohiggins-victoria-region-araucania\/#breadcrumb"},"inLanguage":"fr-FR","potentialAction":[{"@type":"ReadAction","target":["https:\/\/produncan.cl\/fr\/produit\/countryside-villa-ohiggins-victoria-region-araucania\/"]}]},{"@type":"ImageObject","inLanguage":"fr-FR","@id":"https:\/\/produncan.cl\/fr\/produit\/countryside-villa-ohiggins-victoria-region-araucania\/#primaryimage","url":"https:\/\/produncan.cl\/wp-content\/uploads\/2023\/07\/Campo-en-venta-en-Villa-OHiggins.webp","contentUrl":"https:\/\/produncan.cl\/wp-content\/uploads\/2023\/07\/Campo-en-venta-en-Villa-OHiggins.webp","width":600,"height":450},{"@type":"BreadcrumbList","@id":"https:\/\/produncan.cl\/fr\/produit\/countryside-villa-ohiggins-victoria-region-araucania\/#breadcrumb","itemListElement":[{"@type":"ListItem","position":1,"name":"Inicio","item":"https:\/\/produncan.cl\/fr\/"},{"@type":"ListItem","position":2,"name":"Propri\u00e9t\u00e9s","item":"https:\/\/produncan.cl\/propiedades\/"},{"@type":"ListItem","position":3,"name":"Champs","item":"https:\/\/produncan.cl\/fr\/cat&eacute;gorie\/champs\/"},{"@type":"ListItem","position":4,"name":"Countryside Villa O&#8217;Higgins &#8211; Victoria &#8211; R\u00e9gion Araucan\u00eda."}]},{"@type":"WebSite","@id":"https:\/\/produncan.cl\/fr\/#website","url":"https:\/\/produncan.cl\/fr\/","name":"Produncan","description":"Nous vous accompagnons dans votre projet de vie !","publisher":{"@id":"https:\/\/produncan.cl\/fr\/#organization"},"potentialAction":[{"@type":"SearchAction","target":{"@type":"EntryPoint","urlTemplate":"https:\/\/produncan.cl\/fr\/?s={search_term_string}"},"query-input":{"@type":"PropertyValueSpecification","valueRequired":true,"valueName":"search_term_string"}}],"inLanguage":"fr-FR"},{"@type":"Organization","@id":"https:\/\/produncan.cl\/fr\/#organization","name":"Produncan","url":"https:\/\/produncan.cl\/fr\/","logo":{"@type":"ImageObject","inLanguage":"fr-FR","@id":"https:\/\/produncan.cl\/fr\/#\/schema\/logo\/image\/","url":"https:\/\/produncan.cl\/wp-content\/uploads\/2021\/03\/LOGO.jpeg","contentUrl":"https:\/\/produncan.cl\/wp-content\/uploads\/2021\/03\/LOGO.jpeg","width":1280,"height":903,"caption":"Produncan"},"image":{"@id":"https:\/\/produncan.cl\/fr\/#\/schema\/logo\/image\/"},"sameAs":["https:\/\/web.facebook.com\/produncanland","https:\/\/www.instagram.com\/pro_duncan\/","https:\/\/www.linkedin.com\/company\/produncan-lands\/","https:\/\/www.youtube.com\/channel\/UCu7N-f3x0svkazD-Eew1-QQ"],"description":"En Produncan somos especialistas en la venta de terrenos en el sur de Chile. Proveemos estancias, campos, parcelas y hoteles.","email":"info@produncan.cl"}]},"og_video":"https:\/\/www.youtube.com\/embed\/-JALZjG2_sQ","og_video_type":"text\/html","og_video_duration":"91","og_video_width":"480","og_video_height":"360","ya_ovs_adult":"false","ya_ovs_upload_date":"2022-07-27T21:35:36+00:00","ya_ovs_allow_embed":"true","product_price_amount":"630500.00","product_price_currency":"USD","og_availability":"instock","product_availability":"instock","product_condition":"new"},"_links":{"self":[{"href":"https:\/\/produncan.cl\/fr\/wp-json\/wp\/v2\/product\/17498","targetHints":{"allow":["GET"]}}],"collection":[{"href":"https:\/\/produncan.cl\/fr\/wp-json\/wp\/v2\/product"}],"about":[{"href":"https:\/\/produncan.cl\/fr\/wp-json\/wp\/v2\/types\/product"}],"version-history":[{"count":2,"href":"https:\/\/produncan.cl\/fr\/wp-json\/wp\/v2\/product\/17498\/revisions"}],"predecessor-version":[{"id":54221,"href":"https:\/\/produncan.cl\/fr\/wp-json\/wp\/v2\/product\/17498\/revisions\/54221"}],"wp:featuredmedia":[{"embeddable":true,"href":"https:\/\/produncan.cl\/fr\/wp-json\/wp\/v2\/media\/17200"}],"wp:attachment":[{"href":"https:\/\/produncan.cl\/fr\/wp-json\/wp\/v2\/media?parent=17498"}],"wp:term":[{"taxonomy":"product_brand","embeddable":true,"href":"https:\/\/produncan.cl\/fr\/wp-json\/wp\/v2\/product_brand?post=17498"},{"taxonomy":"product_cat","embeddable":true,"href":"https:\/\/produncan.cl\/fr\/wp-json\/wp\/v2\/product_cat?post=17498"},{"taxonomy":"product_tag","embeddable":true,"href":"https:\/\/produncan.cl\/fr\/wp-json\/wp\/v2\/product_tag?post=17498"},{"taxonomy":"regiones","embeddable":true,"href":"https:\/\/produncan.cl\/fr\/wp-json\/wp\/v2\/regiones?post=17498"},{"taxonomy":"ciudades","embeddable":true,"href":"https:\/\/produncan.cl\/fr\/wp-json\/wp\/v2\/ciudades?post=17498"}],"curies":[{"name":"wp","href":"https:\/\/api.w.org\/{rel}","templated":true}]}}