{"id":17646,"date":"2023-08-21T16:58:18","date_gmt":"2023-08-21T20:58:18","guid":{"rendered":"https:\/\/produncan.cl\/producto\/terrain-avec-maison-los-ulmos-ensenada-puerto-varas\/"},"modified":"2025-12-26T17:19:54","modified_gmt":"2025-12-26T20:19:54","slug":"terrain-avec-maison-los-ulmos-ensenada-puerto-varas","status":"publish","type":"product","link":"https:\/\/produncan.cl\/fr\/produit\/terrain-avec-maison-los-ulmos-ensenada-puerto-varas\/","title":{"rendered":"Terrain avec maison Los Ulmos &#8211; Ensenada, Puerto Varas"},"content":{"rendered":"\t\t<div data-elementor-type=\"product-post\" data-elementor-id=\"17646\" class=\"elementor elementor-17646 elementor-17550\" data-elementor-post-type=\"product\">\n\t\t\t\t<div class=\"elementor-element elementor-element-2e816de e-flex e-con-boxed e-con e-parent\" data-id=\"2e816de\" data-element_type=\"container\" data-e-type=\"container\" data-settings=\"{&quot;jet_parallax_layout_list&quot;:[]}\">\n\t\t\t\t\t<div class=\"e-con-inner\">\n\t\t\t\t<div class=\"elementor-element elementor-element-d34b2b7 elementor-widget elementor-widget-heading\" data-id=\"d34b2b7\" data-element_type=\"widget\" data-e-type=\"widget\" data-widget_type=\"heading.default\">\n\t\t\t\t\t<h2 class=\"elementor-heading-title elementor-size-default\">Spektakul\u00e4res Grundst\u00fcck mit Haus in der N\u00e4he von Ensenada<\/h2>\t\t\t\t<\/div>\n\t\t\t\t\t<\/div>\n\t\t\t\t<\/div>\n\t\t<div class=\"elementor-element elementor-element-69fcc34 e-flex e-con-boxed e-con e-parent\" data-id=\"69fcc34\" data-element_type=\"container\" data-e-type=\"container\" data-settings=\"{&quot;jet_parallax_layout_list&quot;:[]}\">\n\t\t\t\t\t<div class=\"e-con-inner\">\n\t\t\t\t<div class=\"elementor-element elementor-element-dabd5cc elementor-widget elementor-widget-text-editor\" data-id=\"dabd5cc\" data-element_type=\"widget\" data-e-type=\"widget\" data-widget_type=\"text-editor.default\">\n\t\t\t\t\t\t\t\t\t<p>D\u00e9couvrez la Parcela con casa de los Ulmos \u00e0 Ensenada, Puerto Varas, un coin de charme et de s\u00e9r\u00e9nit\u00e9, nich\u00e9 dans un beau projet \u00e9cologique avec acc\u00e8s contr\u00f4l\u00e9.<\/p>\n<p><span style=\"color: var( --e-global-color-text ); font-family: var( --e-global-typography-text-font-family ), Sans-serif; font-weight: var( --e-global-typography-text-font-weight ); text-align: var(--text-align);\">Ce terrain avec maison est exceptionnel, situ\u00e9 sur un terrain de 5000m\u00b2 avec une vue majestueuse, il vous offre l&#8217;opportunit\u00e9 de vivre de mani\u00e8re ind\u00e9pendante et en totale harmonie avec la nature. Ici, vous serez entour\u00e9 d&#8217;arbres indig\u00e8nes, avec une vue panoramique sur les volcans Calbuco et Osorno, et \u00e0 proximit\u00e9 des rivi\u00e8res Tepu et Blanco.<\/span><\/p>\n<p><span style=\"color: var( --e-global-color-text ); font-family: var( --e-global-typography-text-font-family ), Sans-serif; font-weight: var( --e-global-typography-text-font-weight ); text-align: var(--text-align);\">Construite en 2010, cette maison de 300m\u00b2 de surface habitable et 35m\u00b2 de terrasse est r\u00e9partie sur trois niveaux.<\/span><\/p>\n<p><span style=\"color: var( --e-global-color-text ); font-family: var( --e-global-typography-text-font-family ), Sans-serif; font-weight: var( --e-global-typography-text-font-weight ); text-align: var(--text-align);\">Au premier \u00e9tage, vous trouverez deux places de parking couvertes, une buanderie, un grand salon avec salle de bains et une cuisini\u00e8re \u00e0 bois pour le chauffage. Le premier \u00e9tage abrite un salon et une salle \u00e0 manger avec de grandes fen\u00eatres, une grande terrasse couverte qui entoure tout le p\u00e9rim\u00e8tre du salon, et une cuisine ouverte situ\u00e9e \u00e0 un niveau plus \u00e9lev\u00e9 par rapport au salon, ainsi qu&#8217;une grande salle \u00e0 manger en bois. En outre, ce niveau comprend la chambre principale, une salle de bains, un salon et un chauffage \u00e0 combustion lente. Le troisi\u00e8me \u00e9tage dispose de deux chambres, d&#8217;une salle de bains et d&#8217;un salon confortable suppl\u00e9mentaire.<\/span><\/p>\n<p><span style=\"color: var( --e-global-color-text ); font-family: var( --e-global-typography-text-font-family ), Sans-serif; font-weight: var( --e-global-typography-text-font-weight ); text-align: var(--text-align);\">L&#8217;int\u00e9rieur de la maison est enti\u00e8rement rev\u00eatu de bois indig\u00e8ne, pr\u00e9sente des poutres apparentes en pin d&#8217;Oregon, des portes en bois massif et est recouvert \u00e0 l&#8217;ext\u00e9rieur de zinc, ce qui garantit sa durabilit\u00e9.<\/span><\/p>\n<p><span style=\"color: var( --e-global-color-text ); font-family: var( --e-global-typography-text-font-family ), Sans-serif; font-weight: var( --e-global-typography-text-font-weight ); text-align: var(--text-align);\">En outre, le terrain avec maison \u00e0 Ensenada dispose d&#8217;une cave \u00e0 vin que vous pouvez garder ou d\u00e9monter, selon vos pr\u00e9f\u00e9rences, avec l&#8217;engagement du propri\u00e9taire de prendre les mat\u00e9riaux si vous le souhaitez. La maison est vendue avec ou sans meubles, s&#8217;adaptant ainsi \u00e0 vos besoins.<\/span><\/p>\n<p><span style=\"color: var( --e-global-color-text ); font-family: var( --e-global-typography-text-font-family ), Sans-serif; font-weight: var( --e-global-typography-text-font-weight ); text-align: var(--text-align);\">Con\u00e7ue pour profiter pleinement des vues panoramiques sur le lac Llanquihue, les volcans et la cha\u00eene de montagnes, cette maison vous offre un espace id\u00e9al pour profiter de la nature.<\/span><\/p>\n<p><span style=\"color: var( --e-global-color-text ); font-family: var( --e-global-typography-text-font-family ), Sans-serif; font-weight: var( --e-global-typography-text-font-weight ); text-align: var(--text-align);\">La propri\u00e9t\u00e9 dispose de l&#8217;\u00e9lectricit\u00e9 fournie par la soci\u00e9t\u00e9 Crell, d&#8217;un signal t\u00e9l\u00e9phonique solide et de l&#8217;eau d&#8217;un ruisseau aliment\u00e9 par la fonte du volcan Calbuco, connu pour sa puret\u00e9.<\/span><\/p>\n<p><span style=\"color: var( --e-global-color-text ); font-family: var( --e-global-typography-text-font-family ), Sans-serif; font-weight: var( --e-global-typography-text-font-weight ); text-align: var(--text-align);\">Le terrain est situ\u00e9 \u00e0 6,5 kilom\u00e8tres de l&#8217;asphalte, Ensenada \u00e9tant la ville la plus proche et Puerto Varas se trouvant \u00e0 une courte distance en voiture. L&#8217;a\u00e9roport est situ\u00e9 \u00e0 environ une heure de route et des transports publics sont disponibles le long de la route 225.<\/span><\/p>\n<p><span style=\"color: var( --e-global-color-text ); font-family: var( --e-global-typography-text-font-family ), Sans-serif; font-weight: var( --e-global-typography-text-font-weight ); text-align: var(--text-align);\">Entour\u00e9e par la nature dans son \u00e9tat le plus pur, la propri\u00e9t\u00e9 pr\u00e9sente une vari\u00e9t\u00e9 de flore de la for\u00eat valdivienne, avec des esp\u00e8ces pr\u00e9dominantes telles que le coig\u00fce et l&#8217;ulmo, ainsi qu&#8217;une riche faune indig\u00e8ne comprenant des renards, des li\u00e8vres, des chucaos, des aigles et des condors, entre autres.<\/span><\/p>\n<p><span style=\"color: var( --e-global-color-text ); font-family: var( --e-global-typography-text-font-family ), Sans-serif; font-weight: var( --e-global-typography-text-font-weight ); text-align: var(--text-align);\">La propri\u00e9t\u00e9 fait actuellement partie d&#8217;un projet de conservation \u00e9cologique, o\u00f9 chaque propri\u00e9taire poss\u00e8de une part qui lui donne acc\u00e8s \u00e0 5 000 m\u00b2 pour construire la maison et \u00e0 300 hectares de terres communes. Avec un zonage &#8220;village&#8221; et un r\u00e8glement int\u00e9rieur, les charges communes de 1,4 UF par mois sont actuellement pay\u00e9es. L&#8217;administration a d\u00e9cid\u00e9 que chaque propri\u00e9taire aura son propre r\u00f4le, ce qui entrera en vigueur dans les mois \u00e0 venir.<\/span><\/p>\n<p><span style=\"color: var( --e-global-color-text ); font-family: var( --e-global-typography-text-font-family ), Sans-serif; font-weight: var( --e-global-typography-text-font-weight ); text-align: var(--text-align);\">Son prix de vente est de 270 000 000 $<\/span><\/p>\n<p><span style=\"color: var( --e-global-color-text ); font-family: var( --e-global-typography-text-font-family ), Sans-serif; font-weight: var( --e-global-typography-text-font-weight ); text-align: var(--text-align);\">Ne manquez pas cette occasion unique de vivre dans un lieu qui offre des vues incomparables, la paix, l&#8217;intimit\u00e9 et une communion totale avec la nature Contactez-nous d\u00e8s aujourd&#8217;hui pour en savoir plus sur la Casa de los Ulmos \u00e0 Ensenada, Puerto Varas.<\/span><\/p>\n\t\t\t\t\t\t\t\t<\/div>\n\t\t\t\t\t<\/div>\n\t\t\t\t<\/div>\n\t\t\t\t<\/div>\n\t\t","protected":false},"excerpt":{"rendered":"<p>Terrain avec maison \u00e0 Ensenada. 300 m\u00b2 utiles r\u00e9partis sur 3 \u00e9tages. Vue imprenable sur le lac Llanquihue et les volcans. \u00c9lectricit\u00e9, eau de source pure et bonne r\u00e9ception. Au sein d&#8217;un projet avec des espaces communs spectaculaires.    <\/p>\n","protected":false},"featured_media":17631,"template":"","meta":{"_acf_changed":false},"product_brand":[],"product_cat":[113],"product_tag":[236],"regiones":[226],"ciudades":[213,219],"class_list":{"0":"post-17646","1":"product","2":"type-product","3":"status-publish","4":"has-post-thumbnail","6":"product_cat-ohiggins-los-lagos-fr","7":"product_tag-parcelles","8":"regiones-nuble-los_lagos","9":"ciudades-ensenada","10":"ciudades-puerto-varas","12":"first","13":"instock","14":"shipping-taxable","15":"purchasable","16":"product-type-simple"},"acf":[],"yoast_head":"<!-- This site is optimized with the Yoast SEO Premium plugin v26.0 (Yoast SEO v27.3) - https:\/\/yoast.com\/product\/yoast-seo-premium-wordpress\/ -->\n<title>Terrain avec maison \u00e0 Ensenada - Puerto Varas - Produncan<\/title>\n<meta name=\"description\" content=\"Maison pr\u00e8s d&#039;Ensenada 300m\u00b2 sur trois niveaux sur un terrain de 5000m\u00b2 avec vue sur le lac Llanquihue, les volcans et la cha\u00eene de montagnes, dans le cadre d&#039;un projet \u00e9cologique ;\" \/>\n<meta name=\"robots\" content=\"index, follow, max-snippet:-1, max-image-preview:large, max-video-preview:-1\" \/>\n<link rel=\"canonical\" href=\"https:\/\/produncan.cl\/fr\/produit\/terrain-avec-maison-los-ulmos-ensenada-puerto-varas\/\" \/>\n<meta property=\"og:locale\" content=\"fr_FR\" \/>\n<meta property=\"og:type\" content=\"article\" \/>\n<meta property=\"og:title\" content=\"Terrain avec maison Los Ulmos - Ensenada, Puerto Varas\" \/>\n<meta property=\"og:description\" content=\"Maison pr\u00e8s d&#039;Ensenada 300m\u00b2 sur trois niveaux sur un terrain de 5000m\u00b2 avec vue sur le lac Llanquihue, les volcans et la cha\u00eene de montagnes, dans le cadre d&#039;un projet \u00e9cologique ;\" \/>\n<meta property=\"og:url\" content=\"https:\/\/produncan.cl\/fr\/produit\/terrain-avec-maison-los-ulmos-ensenada-puerto-varas\/\" \/>\n<meta property=\"og:site_name\" content=\"Produncan\" \/>\n<meta property=\"article:publisher\" content=\"https:\/\/web.facebook.com\/produncanland\" \/>\n<meta property=\"article:modified_time\" content=\"2025-12-26T20:19:54+00:00\" \/>\n<meta property=\"og:image\" content=\"https:\/\/produncan.cl\/wp-content\/uploads\/2023\/08\/Parcela-con-Casa-Los-Ulmos-Ensenada-en-venta-Puerto-Varas-Produncan.webp\" \/>\n\t<meta property=\"og:image:width\" content=\"600\" \/>\n\t<meta property=\"og:image:height\" content=\"450\" \/>\n\t<meta property=\"og:image:type\" content=\"image\/webp\" \/>\n<meta name=\"twitter:card\" content=\"summary_large_image\" \/>\n<meta name=\"twitter:label1\" content=\"Price\" \/>\n\t<meta name=\"twitter:data1\" content=\"USD293.500,00\" \/>\n\t<meta name=\"twitter:label2\" content=\"Availability\" \/>\n\t<meta name=\"twitter:data2\" content=\"In stock\" \/>\n<script type=\"application\/ld+json\" class=\"yoast-schema-graph\">{\"@context\":\"https:\\\/\\\/schema.org\",\"@graph\":[{\"@type\":\"WebPage\",\"@id\":\"https:\\\/\\\/produncan.cl\\\/fr\\\/produit\\\/terrain-avec-maison-los-ulmos-ensenada-puerto-varas\\\/\",\"url\":\"https:\\\/\\\/produncan.cl\\\/fr\\\/produit\\\/terrain-avec-maison-los-ulmos-ensenada-puerto-varas\\\/\",\"name\":\"Terrain avec maison \u00e0 Ensenada - Puerto Varas - Produncan\",\"isPartOf\":{\"@id\":\"https:\\\/\\\/produncan.cl\\\/fr\\\/#website\"},\"primaryImageOfPage\":{\"@id\":\"https:\\\/\\\/produncan.cl\\\/fr\\\/produit\\\/terrain-avec-maison-los-ulmos-ensenada-puerto-varas\\\/#primaryimage\"},\"image\":{\"@id\":\"https:\\\/\\\/produncan.cl\\\/fr\\\/produit\\\/terrain-avec-maison-los-ulmos-ensenada-puerto-varas\\\/#primaryimage\"},\"thumbnailUrl\":\"https:\\\/\\\/produncan.cl\\\/wp-content\\\/uploads\\\/2023\\\/08\\\/Parcela-con-Casa-Los-Ulmos-Ensenada-en-venta-Puerto-Varas-Produncan.webp\",\"datePublished\":\"2023-08-21T20:58:18+00:00\",\"dateModified\":\"2025-12-26T20:19:54+00:00\",\"description\":\"Maison pr\u00e8s d'Ensenada 300m\u00b2 sur trois niveaux sur un terrain de 5000m\u00b2 avec vue sur le lac Llanquihue, les volcans et la cha\u00eene de montagnes, dans le cadre d'un projet \u00e9cologique ;\",\"breadcrumb\":{\"@id\":\"https:\\\/\\\/produncan.cl\\\/fr\\\/produit\\\/terrain-avec-maison-los-ulmos-ensenada-puerto-varas\\\/#breadcrumb\"},\"inLanguage\":\"fr-FR\",\"potentialAction\":[{\"@type\":\"ReadAction\",\"target\":[\"https:\\\/\\\/produncan.cl\\\/fr\\\/produit\\\/terrain-avec-maison-los-ulmos-ensenada-puerto-varas\\\/\"]}]},{\"@type\":\"ImageObject\",\"inLanguage\":\"fr-FR\",\"@id\":\"https:\\\/\\\/produncan.cl\\\/fr\\\/produit\\\/terrain-avec-maison-los-ulmos-ensenada-puerto-varas\\\/#primaryimage\",\"url\":\"https:\\\/\\\/produncan.cl\\\/wp-content\\\/uploads\\\/2023\\\/08\\\/Parcela-con-Casa-Los-Ulmos-Ensenada-en-venta-Puerto-Varas-Produncan.webp\",\"contentUrl\":\"https:\\\/\\\/produncan.cl\\\/wp-content\\\/uploads\\\/2023\\\/08\\\/Parcela-con-Casa-Los-Ulmos-Ensenada-en-venta-Puerto-Varas-Produncan.webp\",\"width\":600,\"height\":450,\"caption\":\"Terrain avec Casa Los Ulmos Ensenada \u00e0 vendre Puerto Varas Produncan\"},{\"@type\":\"BreadcrumbList\",\"@id\":\"https:\\\/\\\/produncan.cl\\\/fr\\\/produit\\\/terrain-avec-maison-los-ulmos-ensenada-puerto-varas\\\/#breadcrumb\",\"itemListElement\":[{\"@type\":\"ListItem\",\"position\":1,\"name\":\"Inicio\",\"item\":\"https:\\\/\\\/produncan.cl\\\/fr\\\/\"},{\"@type\":\"ListItem\",\"position\":2,\"name\":\"Propri\u00e9t\u00e9s\",\"item\":\"https:\\\/\\\/produncan.cl\\\/propiedades\\\/\"},{\"@type\":\"ListItem\",\"position\":3,\"name\":\"Parcelles\",\"item\":\"https:\\\/\\\/produncan.cl\\\/fr\\\/cat&eacute;gorie\\\/parcelles\\\/\"},{\"@type\":\"ListItem\",\"position\":4,\"name\":\"Terrain avec maison Los Ulmos &#8211; Ensenada, Puerto Varas\"}]},{\"@type\":\"WebSite\",\"@id\":\"https:\\\/\\\/produncan.cl\\\/fr\\\/#website\",\"url\":\"https:\\\/\\\/produncan.cl\\\/fr\\\/\",\"name\":\"Produncan\",\"description\":\"Nous vous accompagnons dans votre projet de vie !\",\"publisher\":{\"@id\":\"https:\\\/\\\/produncan.cl\\\/fr\\\/#organization\"},\"potentialAction\":[{\"@type\":\"SearchAction\",\"target\":{\"@type\":\"EntryPoint\",\"urlTemplate\":\"https:\\\/\\\/produncan.cl\\\/fr\\\/?s={search_term_string}\"},\"query-input\":{\"@type\":\"PropertyValueSpecification\",\"valueRequired\":true,\"valueName\":\"search_term_string\"}}],\"inLanguage\":\"fr-FR\"},{\"@type\":\"Organization\",\"@id\":\"https:\\\/\\\/produncan.cl\\\/fr\\\/#organization\",\"name\":\"Produncan\",\"url\":\"https:\\\/\\\/produncan.cl\\\/fr\\\/\",\"logo\":{\"@type\":\"ImageObject\",\"inLanguage\":\"fr-FR\",\"@id\":\"https:\\\/\\\/produncan.cl\\\/fr\\\/#\\\/schema\\\/logo\\\/image\\\/\",\"url\":\"https:\\\/\\\/produncan.cl\\\/wp-content\\\/uploads\\\/2021\\\/03\\\/LOGO.jpeg\",\"contentUrl\":\"https:\\\/\\\/produncan.cl\\\/wp-content\\\/uploads\\\/2021\\\/03\\\/LOGO.jpeg\",\"width\":1280,\"height\":903,\"caption\":\"Produncan\"},\"image\":{\"@id\":\"https:\\\/\\\/produncan.cl\\\/fr\\\/#\\\/schema\\\/logo\\\/image\\\/\"},\"sameAs\":[\"https:\\\/\\\/web.facebook.com\\\/produncanland\",\"https:\\\/\\\/www.instagram.com\\\/pro_duncan\\\/\",\"https:\\\/\\\/www.linkedin.com\\\/company\\\/produncan-lands\\\/\",\"https:\\\/\\\/www.youtube.com\\\/channel\\\/UCu7N-f3x0svkazD-Eew1-QQ\"],\"description\":\"En Produncan somos especialistas en la venta de terrenos en el sur de Chile. Proveemos estancias, campos, parcelas y hoteles.\",\"email\":\"info@produncan.cl\"}]}<\/script>\n<meta property=\"og:video\" content=\"https:\/\/www.youtube.com\/embed\/cRkRPRSAe6Q\" \/>\n<meta property=\"og:video:type\" content=\"text\/html\" \/>\n<meta property=\"og:video:duration\" content=\"86\" \/>\n<meta property=\"og:video:width\" content=\"480\" \/>\n<meta property=\"og:video:height\" content=\"360\" \/>\n<meta property=\"ya:ovs:adult\" content=\"false\" \/>\n<meta property=\"ya:ovs:upload_date\" content=\"2023-08-21T20:58:18+00:00\" \/>\n<meta property=\"ya:ovs:allow_embed\" content=\"true\" \/>\n<meta property=\"product:price:amount\" content=\"293500.00\" \/>\n<meta property=\"product:price:currency\" content=\"USD\" \/>\n<meta property=\"og:availability\" content=\"instock\" \/>\n<meta property=\"product:availability\" content=\"instock\" \/>\n<meta property=\"product:condition\" content=\"new\" \/>\n<!-- \/ Yoast SEO Premium plugin. -->","yoast_head_json":{"title":"Terrain avec maison \u00e0 Ensenada - Puerto Varas - Produncan","description":"Maison pr\u00e8s d'Ensenada 300m\u00b2 sur trois niveaux sur un terrain de 5000m\u00b2 avec vue sur le lac Llanquihue, les volcans et la cha\u00eene de montagnes, dans le cadre d'un projet \u00e9cologique ;","robots":{"index":"index","follow":"follow","max-snippet":"max-snippet:-1","max-image-preview":"max-image-preview:large","max-video-preview":"max-video-preview:-1"},"canonical":"https:\/\/produncan.cl\/fr\/produit\/terrain-avec-maison-los-ulmos-ensenada-puerto-varas\/","og_locale":"fr_FR","og_type":"article","og_title":"Terrain avec maison Los Ulmos - Ensenada, Puerto Varas","og_description":"Maison pr\u00e8s d'Ensenada 300m\u00b2 sur trois niveaux sur un terrain de 5000m\u00b2 avec vue sur le lac Llanquihue, les volcans et la cha\u00eene de montagnes, dans le cadre d'un projet \u00e9cologique ;","og_url":"https:\/\/produncan.cl\/fr\/produit\/terrain-avec-maison-los-ulmos-ensenada-puerto-varas\/","og_site_name":"Produncan","article_publisher":"https:\/\/web.facebook.com\/produncanland","article_modified_time":"2025-12-26T20:19:54+00:00","og_image":[{"width":600,"height":450,"url":"https:\/\/produncan.cl\/wp-content\/uploads\/2023\/08\/Parcela-con-Casa-Los-Ulmos-Ensenada-en-venta-Puerto-Varas-Produncan.webp","type":"image\/webp"}],"twitter_card":"summary_large_image","twitter_misc":{"Price":"USD293.500,00","Availability":"In stock"},"schema":{"@context":"https:\/\/schema.org","@graph":[{"@type":"WebPage","@id":"https:\/\/produncan.cl\/fr\/produit\/terrain-avec-maison-los-ulmos-ensenada-puerto-varas\/","url":"https:\/\/produncan.cl\/fr\/produit\/terrain-avec-maison-los-ulmos-ensenada-puerto-varas\/","name":"Terrain avec maison \u00e0 Ensenada - Puerto Varas - Produncan","isPartOf":{"@id":"https:\/\/produncan.cl\/fr\/#website"},"primaryImageOfPage":{"@id":"https:\/\/produncan.cl\/fr\/produit\/terrain-avec-maison-los-ulmos-ensenada-puerto-varas\/#primaryimage"},"image":{"@id":"https:\/\/produncan.cl\/fr\/produit\/terrain-avec-maison-los-ulmos-ensenada-puerto-varas\/#primaryimage"},"thumbnailUrl":"https:\/\/produncan.cl\/wp-content\/uploads\/2023\/08\/Parcela-con-Casa-Los-Ulmos-Ensenada-en-venta-Puerto-Varas-Produncan.webp","datePublished":"2023-08-21T20:58:18+00:00","dateModified":"2025-12-26T20:19:54+00:00","description":"Maison pr\u00e8s d'Ensenada 300m\u00b2 sur trois niveaux sur un terrain de 5000m\u00b2 avec vue sur le lac Llanquihue, les volcans et la cha\u00eene de montagnes, dans le cadre d'un projet \u00e9cologique ;","breadcrumb":{"@id":"https:\/\/produncan.cl\/fr\/produit\/terrain-avec-maison-los-ulmos-ensenada-puerto-varas\/#breadcrumb"},"inLanguage":"fr-FR","potentialAction":[{"@type":"ReadAction","target":["https:\/\/produncan.cl\/fr\/produit\/terrain-avec-maison-los-ulmos-ensenada-puerto-varas\/"]}]},{"@type":"ImageObject","inLanguage":"fr-FR","@id":"https:\/\/produncan.cl\/fr\/produit\/terrain-avec-maison-los-ulmos-ensenada-puerto-varas\/#primaryimage","url":"https:\/\/produncan.cl\/wp-content\/uploads\/2023\/08\/Parcela-con-Casa-Los-Ulmos-Ensenada-en-venta-Puerto-Varas-Produncan.webp","contentUrl":"https:\/\/produncan.cl\/wp-content\/uploads\/2023\/08\/Parcela-con-Casa-Los-Ulmos-Ensenada-en-venta-Puerto-Varas-Produncan.webp","width":600,"height":450,"caption":"Terrain avec Casa Los Ulmos Ensenada \u00e0 vendre Puerto Varas Produncan"},{"@type":"BreadcrumbList","@id":"https:\/\/produncan.cl\/fr\/produit\/terrain-avec-maison-los-ulmos-ensenada-puerto-varas\/#breadcrumb","itemListElement":[{"@type":"ListItem","position":1,"name":"Inicio","item":"https:\/\/produncan.cl\/fr\/"},{"@type":"ListItem","position":2,"name":"Propri\u00e9t\u00e9s","item":"https:\/\/produncan.cl\/propiedades\/"},{"@type":"ListItem","position":3,"name":"Parcelles","item":"https:\/\/produncan.cl\/fr\/cat&eacute;gorie\/parcelles\/"},{"@type":"ListItem","position":4,"name":"Terrain avec maison Los Ulmos &#8211; Ensenada, Puerto Varas"}]},{"@type":"WebSite","@id":"https:\/\/produncan.cl\/fr\/#website","url":"https:\/\/produncan.cl\/fr\/","name":"Produncan","description":"Nous vous accompagnons dans votre projet de vie !","publisher":{"@id":"https:\/\/produncan.cl\/fr\/#organization"},"potentialAction":[{"@type":"SearchAction","target":{"@type":"EntryPoint","urlTemplate":"https:\/\/produncan.cl\/fr\/?s={search_term_string}"},"query-input":{"@type":"PropertyValueSpecification","valueRequired":true,"valueName":"search_term_string"}}],"inLanguage":"fr-FR"},{"@type":"Organization","@id":"https:\/\/produncan.cl\/fr\/#organization","name":"Produncan","url":"https:\/\/produncan.cl\/fr\/","logo":{"@type":"ImageObject","inLanguage":"fr-FR","@id":"https:\/\/produncan.cl\/fr\/#\/schema\/logo\/image\/","url":"https:\/\/produncan.cl\/wp-content\/uploads\/2021\/03\/LOGO.jpeg","contentUrl":"https:\/\/produncan.cl\/wp-content\/uploads\/2021\/03\/LOGO.jpeg","width":1280,"height":903,"caption":"Produncan"},"image":{"@id":"https:\/\/produncan.cl\/fr\/#\/schema\/logo\/image\/"},"sameAs":["https:\/\/web.facebook.com\/produncanland","https:\/\/www.instagram.com\/pro_duncan\/","https:\/\/www.linkedin.com\/company\/produncan-lands\/","https:\/\/www.youtube.com\/channel\/UCu7N-f3x0svkazD-Eew1-QQ"],"description":"En Produncan somos especialistas en la venta de terrenos en el sur de Chile. Proveemos estancias, campos, parcelas y hoteles.","email":"info@produncan.cl"}]},"og_video":"https:\/\/www.youtube.com\/embed\/cRkRPRSAe6Q","og_video_type":"text\/html","og_video_duration":"86","og_video_width":"480","og_video_height":"360","ya_ovs_adult":"false","ya_ovs_upload_date":"2023-08-21T20:58:18+00:00","ya_ovs_allow_embed":"true","product_price_amount":"293500.00","product_price_currency":"USD","og_availability":"instock","product_availability":"instock","product_condition":"new"},"_links":{"self":[{"href":"https:\/\/produncan.cl\/fr\/wp-json\/wp\/v2\/product\/17646","targetHints":{"allow":["GET"]}}],"collection":[{"href":"https:\/\/produncan.cl\/fr\/wp-json\/wp\/v2\/product"}],"about":[{"href":"https:\/\/produncan.cl\/fr\/wp-json\/wp\/v2\/types\/product"}],"version-history":[{"count":2,"href":"https:\/\/produncan.cl\/fr\/wp-json\/wp\/v2\/product\/17646\/revisions"}],"predecessor-version":[{"id":54122,"href":"https:\/\/produncan.cl\/fr\/wp-json\/wp\/v2\/product\/17646\/revisions\/54122"}],"wp:featuredmedia":[{"embeddable":true,"href":"https:\/\/produncan.cl\/fr\/wp-json\/wp\/v2\/media\/17631"}],"wp:attachment":[{"href":"https:\/\/produncan.cl\/fr\/wp-json\/wp\/v2\/media?parent=17646"}],"wp:term":[{"taxonomy":"product_brand","embeddable":true,"href":"https:\/\/produncan.cl\/fr\/wp-json\/wp\/v2\/product_brand?post=17646"},{"taxonomy":"product_cat","embeddable":true,"href":"https:\/\/produncan.cl\/fr\/wp-json\/wp\/v2\/product_cat?post=17646"},{"taxonomy":"product_tag","embeddable":true,"href":"https:\/\/produncan.cl\/fr\/wp-json\/wp\/v2\/product_tag?post=17646"},{"taxonomy":"regiones","embeddable":true,"href":"https:\/\/produncan.cl\/fr\/wp-json\/wp\/v2\/regiones?post=17646"},{"taxonomy":"ciudades","embeddable":true,"href":"https:\/\/produncan.cl\/fr\/wp-json\/wp\/v2\/ciudades?post=17646"}],"curies":[{"name":"wp","href":"https:\/\/api.w.org\/{rel}","templated":true}]}}