{"id":18029,"date":"2021-09-01T17:39:10","date_gmt":"2021-09-01T21:39:10","guid":{"rendered":"https:\/\/produncan.cl\/producto\/terrain-los-riscos-ensenada-puerto-varas\/"},"modified":"2025-08-07T17:52:48","modified_gmt":"2025-08-07T21:52:48","slug":"terrain-los-riscos-ensenada-puerto-varas","status":"publish","type":"product","link":"https:\/\/produncan.cl\/fr\/produit\/terrain-los-riscos-ensenada-puerto-varas\/","title":{"rendered":"Terrain Los Riscos &#8211; Ensenada, Puerto Varas"},"content":{"rendered":"\t\t<div data-elementor-type=\"product-post\" data-elementor-id=\"18029\" class=\"elementor elementor-18029 elementor-17910\" data-elementor-post-type=\"product\">\n\t\t\t\t<div class=\"elementor-element elementor-element-14e1a38 e-flex e-con-boxed e-con e-parent\" data-id=\"14e1a38\" data-element_type=\"container\" data-e-type=\"container\" data-settings=\"{&quot;jet_parallax_layout_list&quot;:[]}\">\n\t\t\t\t\t<div class=\"e-con-inner\">\n\t\t\t\t<div class=\"elementor-element elementor-element-7d4c49e elementor-widget elementor-widget-heading\" data-id=\"7d4c49e\" data-element_type=\"widget\" data-e-type=\"widget\" data-widget_type=\"heading.default\">\n\t\t\t\t\t<h2 class=\"elementor-heading-title elementor-size-default\">Terrain extraordinaire \u00e0 vendre entre Puerto Varas et Ensenada.<\/h2>\t\t\t\t<\/div>\n\t\t\t\t\t<\/div>\n\t\t\t\t<\/div>\n\t\t<div class=\"elementor-element elementor-element-d7ca659 e-flex e-con-boxed e-con e-parent\" data-id=\"d7ca659\" data-element_type=\"container\" data-e-type=\"container\" data-settings=\"{&quot;jet_parallax_layout_list&quot;:[]}\">\n\t\t\t\t\t<div class=\"e-con-inner\">\n\t\t\t\t<div class=\"elementor-element elementor-element-8d8da47 elementor-widget elementor-widget-text-editor\" data-id=\"8d8da47\" data-element_type=\"widget\" data-e-type=\"widget\" data-widget_type=\"text-editor.default\">\n\t\t\t\t\t\t\t\t\t<p>D\u00e9couvrez l&#8217;extraordinaire opportunit\u00e9 que vous offre ce terrain dans la zone de Los Riscos, situ\u00e9e entre les villes de Puerto Varas et Ensenada.<\/p>\n<p><span style=\"color: var( --e-global-color-text ); font-family: var( --e-global-typography-text-font-family ), Sans-serif; font-weight: var( --e-global-typography-text-font-weight ); text-align: var(--text-align);\">Cette propri\u00e9t\u00e9 est le choix id\u00e9al pour ceux qui souhaitent \u00eatre proches de Puerto Varas, avec une vue imprenable sur le lac et les volcans, ainsi qu&#8217;un acc\u00e8s au lac Llanquihue et une s\u00e9curit\u00e9 in\u00e9gal\u00e9e. Ici, vous pouvez vivre en totale harmonie avec la nature et b\u00e9n\u00e9ficier d&#8217;une situation privil\u00e9gi\u00e9e dans la r\u00e9gion des lacs.<\/span><\/p>\n<p><span style=\"color: var( --e-global-color-text ); font-family: var( --e-global-typography-text-font-family ), Sans-serif; font-weight: var( --e-global-typography-text-font-weight ); text-align: var(--text-align);\">Avec un prix de vente de $150.000.000, ce terrain est un v\u00e9ritable joyau que vous ne voudrez pas laisser passer. Il a son propre r\u00f4le et couvre 5 000 m\u00b2 de terrain, ce qui vous donne une toile vierge pour construire la maison de vos r\u00eaves. Elle dispose \u00e9galement de tous les services essentiels tels que l&#8217;\u00e9lectricit\u00e9 souterraine, l&#8217;eau potable et un excellent signal t\u00e9l\u00e9phonique <\/span><\/p>\n<p><span style=\"color: var( --e-global-color-text ); font-family: var( --e-global-typography-text-font-family ), Sans-serif; font-weight: var( --e-global-typography-text-font-weight ); text-align: var(--text-align);\">La topographie du terrain combine des zones sur\u00e9lev\u00e9es par rapport \u00e0 la route, qui vous donnent de la s\u00e9curit\u00e9 et vous permettent de construire avec des vues panoramiques \u00e9poustouflantes, avec des zones plates et l\u00e9g\u00e8rement inclin\u00e9es qui offrent des options pour concevoir votre espace selon vos pr\u00e9f\u00e9rences. Ce terrain vous offre une combinaison parfaite d&#8217;arbres indig\u00e8nes et de prairies. De plus, vous b\u00e9n\u00e9ficiez d&#8217;une exposition optimale au soleil qui vous permet de profiter au maximum de la lumi\u00e8re naturelle et de la chaleur de la journ\u00e9e.<\/span><\/p>\n<p><span style=\"color: var( --e-global-color-text ); font-family: var( --e-global-typography-text-font-family ), Sans-serif; font-weight: var( --e-global-typography-text-font-weight ); text-align: var(--text-align);\">La flore et la faune de la parcelle sont un v\u00e9ritable tr\u00e9sor. Vous y trouverez des esp\u00e8ces telles que des myrtes et des boldos, ainsi qu&#8217;une faune locale comprenant des canards, des cygnes, des h\u00e9rons, des perroquets et des colibris, cr\u00e9ant ainsi un paradis pour les amoureux de la nature et les observateurs d&#8217;oiseaux.<\/span><\/p>\n<p><span style=\"color: var( --e-global-color-text ); font-family: var( --e-global-typography-text-font-family ), Sans-serif; font-weight: var( --e-global-typography-text-font-weight ); text-align: var(--text-align);\">La r\u00e9gion de Los Riscos, \u00e0 Puerto Varas, offre un cadre naturel \u00e9poustouflant, avec des attractions \u00e0 proximit\u00e9 telles que les chutes de Petrohu\u00e9, le majestueux volcan Osorno et le serein lac Llanquihue, entre autres. Le terrain se trouve \u00e0 quelques m\u00e8tres de la chauss\u00e9e, avec un acc\u00e8s direct par un portail \u00e9lectrique, \u00e0 seulement 23 minutes de la ville de Puerto Varas et \u00e0 15 minutes d&#8217;Ensenada.<\/span><\/p>\n<p><span style=\"color: var( --e-global-color-text ); font-family: var( --e-global-typography-text-font-family ), Sans-serif; font-weight: var( --e-global-typography-text-font-weight ); text-align: var(--text-align);\">Cette parcelle fait partie d&#8217;une copropri\u00e9t\u00e9 consolid\u00e9e qui offre des droits d&#8217;utilisation de la plage du lac Llanquihue, ce qui permet de profiter de ses eaux cristallines. \u00c0 l&#8217;avenir, une jet\u00e9e sera construite pour les r\u00e9sidents. Un espace barbecue est \u00e9galement \u00e0 votre disposition pour que vous puissiez en profiter avec votre famille et vos amis.<\/span><\/p>\n<p><span style=\"color: var( --e-global-color-text ); font-family: var( --e-global-typography-text-font-family ), Sans-serif; font-weight: var( --e-global-typography-text-font-weight ); text-align: var(--text-align);\">Il dispose \u00e9galement d&#8217;un signal de t\u00e9l\u00e9communications, d&#8217;un acc\u00e8s aux transports publics et d&#8217;une cl\u00f4ture en bois qui garantit votre intimit\u00e9.<\/span><\/p>\n<p><span style=\"color: var( --e-global-color-text ); font-family: var( --e-global-typography-text-font-family ), Sans-serif; font-weight: var( --e-global-typography-text-font-weight ); text-align: var(--text-align);\">Ne manquez pas cette opportunit\u00e9 de devenir propri\u00e9taire de ce bijou dans la r\u00e9gion de Los Riscos. Contactez-nous d\u00e8s aujourd&#8217;hui pour plus d&#8217;informations et pour explorer cette opportunit\u00e9 passionnante, situ\u00e9e \u00e0 seulement 30 minutes de Puerto Varas.<\/span><\/p>\n\t\t\t\t\t\t\t\t<\/div>\n\t\t\t\t\t<\/div>\n\t\t\t\t<\/div>\n\t\t\t\t<\/div>\n\t\t","protected":false},"excerpt":{"rendered":"<p>Terrain entre Puerto Varas et Ensenada, \u00e9lectricit\u00e9 souterraine, acc\u00e8s au lac.<\/p>\n","protected":false},"featured_media":24024,"template":"","meta":{"_acf_changed":false},"product_brand":[],"product_cat":[113],"product_tag":[236],"regiones":[226],"ciudades":[218,219],"class_list":{"0":"post-18029","1":"product","2":"type-product","3":"status-publish","4":"has-post-thumbnail","6":"product_cat-ohiggins-los-lagos-fr","7":"product_tag-parcelles","8":"regiones-nuble-los_lagos","9":"ciudades-puerto-montt","10":"ciudades-puerto-varas","12":"first","13":"outofstock","14":"shipping-taxable","15":"product-type-simple"},"acf":[],"yoast_head":"<!-- This site is optimized with the Yoast SEO Premium plugin v26.0 (Yoast SEO v27.3) - https:\/\/yoast.com\/product\/yoast-seo-premium-wordpress\/ -->\n<title>Terrain \u00e0 vendre Los Riscos - Ensenada Puerto Varas - Produncan<\/title>\n<meta name=\"description\" content=\"Terrain entre Puerto Varas et Ensenada dans un projet consolid\u00e9, tous les services, \u00e9lectricit\u00e9 souterraine, acc\u00e8s routier direct.\" \/>\n<meta name=\"robots\" content=\"index, follow, max-snippet:-1, max-image-preview:large, max-video-preview:-1\" \/>\n<link rel=\"canonical\" href=\"https:\/\/produncan.cl\/fr\/produit\/terrain-los-riscos-ensenada-puerto-varas\/\" \/>\n<meta property=\"og:locale\" content=\"fr_FR\" \/>\n<meta property=\"og:type\" content=\"article\" \/>\n<meta property=\"og:title\" content=\"Terrain Los Riscos - Ensenada, Puerto Varas\" \/>\n<meta property=\"og:description\" content=\"Terrain entre Puerto Varas et Ensenada dans un projet consolid\u00e9, tous les services, \u00e9lectricit\u00e9 souterraine, acc\u00e8s routier direct.\" \/>\n<meta property=\"og:url\" content=\"https:\/\/produncan.cl\/fr\/produit\/terrain-los-riscos-ensenada-puerto-varas\/\" \/>\n<meta property=\"og:site_name\" content=\"Produncan\" \/>\n<meta property=\"article:publisher\" content=\"https:\/\/web.facebook.com\/produncanland\" \/>\n<meta property=\"article:modified_time\" content=\"2025-08-07T21:52:48+00:00\" \/>\n<meta property=\"og:image\" content=\"https:\/\/produncan.cl\/wp-content\/uploads\/2023\/09\/Parcela-Los-Riscos-Vendido.webp\" \/>\n\t<meta property=\"og:image:width\" content=\"600\" \/>\n\t<meta property=\"og:image:height\" content=\"450\" \/>\n\t<meta property=\"og:image:type\" content=\"image\/webp\" \/>\n<meta name=\"twitter:card\" content=\"summary_large_image\" \/>\n<meta name=\"twitter:label1\" content=\"Price\" \/>\n\t<meta name=\"twitter:data1\" content=\"\" \/>\n\t<meta name=\"twitter:label2\" content=\"Availability\" \/>\n\t<meta name=\"twitter:data2\" content=\"Out of stock\" \/>\n<script type=\"application\/ld+json\" class=\"yoast-schema-graph\">{\"@context\":\"https:\\\/\\\/schema.org\",\"@graph\":[{\"@type\":\"WebPage\",\"@id\":\"https:\\\/\\\/produncan.cl\\\/fr\\\/produit\\\/terrain-los-riscos-ensenada-puerto-varas\\\/\",\"url\":\"https:\\\/\\\/produncan.cl\\\/fr\\\/produit\\\/terrain-los-riscos-ensenada-puerto-varas\\\/\",\"name\":\"Terrain \u00e0 vendre Los Riscos - Ensenada Puerto Varas - Produncan\",\"isPartOf\":{\"@id\":\"https:\\\/\\\/produncan.cl\\\/fr\\\/#website\"},\"primaryImageOfPage\":{\"@id\":\"https:\\\/\\\/produncan.cl\\\/fr\\\/produit\\\/terrain-los-riscos-ensenada-puerto-varas\\\/#primaryimage\"},\"image\":{\"@id\":\"https:\\\/\\\/produncan.cl\\\/fr\\\/produit\\\/terrain-los-riscos-ensenada-puerto-varas\\\/#primaryimage\"},\"thumbnailUrl\":\"https:\\\/\\\/produncan.cl\\\/wp-content\\\/uploads\\\/2023\\\/09\\\/Parcela-Los-Riscos-Vendido.webp\",\"datePublished\":\"2021-09-01T21:39:10+00:00\",\"dateModified\":\"2025-08-07T21:52:48+00:00\",\"description\":\"Terrain entre Puerto Varas et Ensenada dans un projet consolid\u00e9, tous les services, \u00e9lectricit\u00e9 souterraine, acc\u00e8s routier direct.\",\"breadcrumb\":{\"@id\":\"https:\\\/\\\/produncan.cl\\\/fr\\\/produit\\\/terrain-los-riscos-ensenada-puerto-varas\\\/#breadcrumb\"},\"inLanguage\":\"fr-FR\",\"potentialAction\":[{\"@type\":\"ReadAction\",\"target\":[\"https:\\\/\\\/produncan.cl\\\/fr\\\/produit\\\/terrain-los-riscos-ensenada-puerto-varas\\\/\"]}]},{\"@type\":\"ImageObject\",\"inLanguage\":\"fr-FR\",\"@id\":\"https:\\\/\\\/produncan.cl\\\/fr\\\/produit\\\/terrain-los-riscos-ensenada-puerto-varas\\\/#primaryimage\",\"url\":\"https:\\\/\\\/produncan.cl\\\/wp-content\\\/uploads\\\/2023\\\/09\\\/Parcela-Los-Riscos-Vendido.webp\",\"contentUrl\":\"https:\\\/\\\/produncan.cl\\\/wp-content\\\/uploads\\\/2023\\\/09\\\/Parcela-Los-Riscos-Vendido.webp\",\"width\":600,\"height\":450},{\"@type\":\"BreadcrumbList\",\"@id\":\"https:\\\/\\\/produncan.cl\\\/fr\\\/produit\\\/terrain-los-riscos-ensenada-puerto-varas\\\/#breadcrumb\",\"itemListElement\":[{\"@type\":\"ListItem\",\"position\":1,\"name\":\"Inicio\",\"item\":\"https:\\\/\\\/produncan.cl\\\/fr\\\/\"},{\"@type\":\"ListItem\",\"position\":2,\"name\":\"Propri\u00e9t\u00e9s\",\"item\":\"https:\\\/\\\/produncan.cl\\\/propiedades\\\/\"},{\"@type\":\"ListItem\",\"position\":3,\"name\":\"Parcelles\",\"item\":\"https:\\\/\\\/produncan.cl\\\/fr\\\/cat&eacute;gorie\\\/parcelles\\\/\"},{\"@type\":\"ListItem\",\"position\":4,\"name\":\"Terrain Los Riscos &#8211; Ensenada, Puerto Varas\"}]},{\"@type\":\"WebSite\",\"@id\":\"https:\\\/\\\/produncan.cl\\\/fr\\\/#website\",\"url\":\"https:\\\/\\\/produncan.cl\\\/fr\\\/\",\"name\":\"Produncan\",\"description\":\"Nous vous accompagnons dans votre projet de vie !\",\"publisher\":{\"@id\":\"https:\\\/\\\/produncan.cl\\\/fr\\\/#organization\"},\"potentialAction\":[{\"@type\":\"SearchAction\",\"target\":{\"@type\":\"EntryPoint\",\"urlTemplate\":\"https:\\\/\\\/produncan.cl\\\/fr\\\/?s={search_term_string}\"},\"query-input\":{\"@type\":\"PropertyValueSpecification\",\"valueRequired\":true,\"valueName\":\"search_term_string\"}}],\"inLanguage\":\"fr-FR\"},{\"@type\":\"Organization\",\"@id\":\"https:\\\/\\\/produncan.cl\\\/fr\\\/#organization\",\"name\":\"Produncan\",\"url\":\"https:\\\/\\\/produncan.cl\\\/fr\\\/\",\"logo\":{\"@type\":\"ImageObject\",\"inLanguage\":\"fr-FR\",\"@id\":\"https:\\\/\\\/produncan.cl\\\/fr\\\/#\\\/schema\\\/logo\\\/image\\\/\",\"url\":\"https:\\\/\\\/produncan.cl\\\/wp-content\\\/uploads\\\/2021\\\/03\\\/LOGO.jpeg\",\"contentUrl\":\"https:\\\/\\\/produncan.cl\\\/wp-content\\\/uploads\\\/2021\\\/03\\\/LOGO.jpeg\",\"width\":1280,\"height\":903,\"caption\":\"Produncan\"},\"image\":{\"@id\":\"https:\\\/\\\/produncan.cl\\\/fr\\\/#\\\/schema\\\/logo\\\/image\\\/\"},\"sameAs\":[\"https:\\\/\\\/web.facebook.com\\\/produncanland\",\"https:\\\/\\\/www.instagram.com\\\/pro_duncan\\\/\",\"https:\\\/\\\/www.linkedin.com\\\/company\\\/produncan-lands\\\/\",\"https:\\\/\\\/www.youtube.com\\\/channel\\\/UCu7N-f3x0svkazD-Eew1-QQ\"],\"description\":\"En Produncan somos especialistas en la venta de terrenos en el sur de Chile. Proveemos estancias, campos, parcelas y hoteles.\",\"email\":\"info@produncan.cl\"}]}<\/script>\n<meta property=\"og:video\" content=\"https:\/\/www.youtube.com\/embed\/P8UsYNr840I\" \/>\n<meta property=\"og:video:type\" content=\"text\/html\" \/>\n<meta property=\"og:video:duration\" content=\"72\" \/>\n<meta property=\"og:video:width\" content=\"480\" \/>\n<meta property=\"og:video:height\" content=\"360\" \/>\n<meta property=\"ya:ovs:adult\" content=\"false\" \/>\n<meta property=\"ya:ovs:upload_date\" content=\"2021-09-01T21:39:10+00:00\" \/>\n<meta property=\"ya:ovs:allow_embed\" content=\"true\" \/>\n<meta property=\"product:price:currency\" content=\"USD\" \/>\n<meta property=\"og:availability\" content=\"out of stock\" \/>\n<meta property=\"product:availability\" content=\"out of stock\" \/>\n<meta property=\"product:condition\" content=\"new\" \/>\n<!-- \/ Yoast SEO Premium plugin. -->","yoast_head_json":{"title":"Terrain \u00e0 vendre Los Riscos - Ensenada Puerto Varas - Produncan","description":"Terrain entre Puerto Varas et Ensenada dans un projet consolid\u00e9, tous les services, \u00e9lectricit\u00e9 souterraine, acc\u00e8s routier direct.","robots":{"index":"index","follow":"follow","max-snippet":"max-snippet:-1","max-image-preview":"max-image-preview:large","max-video-preview":"max-video-preview:-1"},"canonical":"https:\/\/produncan.cl\/fr\/produit\/terrain-los-riscos-ensenada-puerto-varas\/","og_locale":"fr_FR","og_type":"article","og_title":"Terrain Los Riscos - Ensenada, Puerto Varas","og_description":"Terrain entre Puerto Varas et Ensenada dans un projet consolid\u00e9, tous les services, \u00e9lectricit\u00e9 souterraine, acc\u00e8s routier direct.","og_url":"https:\/\/produncan.cl\/fr\/produit\/terrain-los-riscos-ensenada-puerto-varas\/","og_site_name":"Produncan","article_publisher":"https:\/\/web.facebook.com\/produncanland","article_modified_time":"2025-08-07T21:52:48+00:00","og_image":[{"width":600,"height":450,"url":"https:\/\/produncan.cl\/wp-content\/uploads\/2023\/09\/Parcela-Los-Riscos-Vendido.webp","type":"image\/webp"}],"twitter_card":"summary_large_image","twitter_misc":{"Price":"","Availability":"Out of stock"},"schema":{"@context":"https:\/\/schema.org","@graph":[{"@type":"WebPage","@id":"https:\/\/produncan.cl\/fr\/produit\/terrain-los-riscos-ensenada-puerto-varas\/","url":"https:\/\/produncan.cl\/fr\/produit\/terrain-los-riscos-ensenada-puerto-varas\/","name":"Terrain \u00e0 vendre Los Riscos - Ensenada Puerto Varas - Produncan","isPartOf":{"@id":"https:\/\/produncan.cl\/fr\/#website"},"primaryImageOfPage":{"@id":"https:\/\/produncan.cl\/fr\/produit\/terrain-los-riscos-ensenada-puerto-varas\/#primaryimage"},"image":{"@id":"https:\/\/produncan.cl\/fr\/produit\/terrain-los-riscos-ensenada-puerto-varas\/#primaryimage"},"thumbnailUrl":"https:\/\/produncan.cl\/wp-content\/uploads\/2023\/09\/Parcela-Los-Riscos-Vendido.webp","datePublished":"2021-09-01T21:39:10+00:00","dateModified":"2025-08-07T21:52:48+00:00","description":"Terrain entre Puerto Varas et Ensenada dans un projet consolid\u00e9, tous les services, \u00e9lectricit\u00e9 souterraine, acc\u00e8s routier direct.","breadcrumb":{"@id":"https:\/\/produncan.cl\/fr\/produit\/terrain-los-riscos-ensenada-puerto-varas\/#breadcrumb"},"inLanguage":"fr-FR","potentialAction":[{"@type":"ReadAction","target":["https:\/\/produncan.cl\/fr\/produit\/terrain-los-riscos-ensenada-puerto-varas\/"]}]},{"@type":"ImageObject","inLanguage":"fr-FR","@id":"https:\/\/produncan.cl\/fr\/produit\/terrain-los-riscos-ensenada-puerto-varas\/#primaryimage","url":"https:\/\/produncan.cl\/wp-content\/uploads\/2023\/09\/Parcela-Los-Riscos-Vendido.webp","contentUrl":"https:\/\/produncan.cl\/wp-content\/uploads\/2023\/09\/Parcela-Los-Riscos-Vendido.webp","width":600,"height":450},{"@type":"BreadcrumbList","@id":"https:\/\/produncan.cl\/fr\/produit\/terrain-los-riscos-ensenada-puerto-varas\/#breadcrumb","itemListElement":[{"@type":"ListItem","position":1,"name":"Inicio","item":"https:\/\/produncan.cl\/fr\/"},{"@type":"ListItem","position":2,"name":"Propri\u00e9t\u00e9s","item":"https:\/\/produncan.cl\/propiedades\/"},{"@type":"ListItem","position":3,"name":"Parcelles","item":"https:\/\/produncan.cl\/fr\/cat&eacute;gorie\/parcelles\/"},{"@type":"ListItem","position":4,"name":"Terrain Los Riscos &#8211; Ensenada, Puerto Varas"}]},{"@type":"WebSite","@id":"https:\/\/produncan.cl\/fr\/#website","url":"https:\/\/produncan.cl\/fr\/","name":"Produncan","description":"Nous vous accompagnons dans votre projet de vie !","publisher":{"@id":"https:\/\/produncan.cl\/fr\/#organization"},"potentialAction":[{"@type":"SearchAction","target":{"@type":"EntryPoint","urlTemplate":"https:\/\/produncan.cl\/fr\/?s={search_term_string}"},"query-input":{"@type":"PropertyValueSpecification","valueRequired":true,"valueName":"search_term_string"}}],"inLanguage":"fr-FR"},{"@type":"Organization","@id":"https:\/\/produncan.cl\/fr\/#organization","name":"Produncan","url":"https:\/\/produncan.cl\/fr\/","logo":{"@type":"ImageObject","inLanguage":"fr-FR","@id":"https:\/\/produncan.cl\/fr\/#\/schema\/logo\/image\/","url":"https:\/\/produncan.cl\/wp-content\/uploads\/2021\/03\/LOGO.jpeg","contentUrl":"https:\/\/produncan.cl\/wp-content\/uploads\/2021\/03\/LOGO.jpeg","width":1280,"height":903,"caption":"Produncan"},"image":{"@id":"https:\/\/produncan.cl\/fr\/#\/schema\/logo\/image\/"},"sameAs":["https:\/\/web.facebook.com\/produncanland","https:\/\/www.instagram.com\/pro_duncan\/","https:\/\/www.linkedin.com\/company\/produncan-lands\/","https:\/\/www.youtube.com\/channel\/UCu7N-f3x0svkazD-Eew1-QQ"],"description":"En Produncan somos especialistas en la venta de terrenos en el sur de Chile. Proveemos estancias, campos, parcelas y hoteles.","email":"info@produncan.cl"}]},"og_video":"https:\/\/www.youtube.com\/embed\/P8UsYNr840I","og_video_type":"text\/html","og_video_duration":"72","og_video_width":"480","og_video_height":"360","ya_ovs_adult":"false","ya_ovs_upload_date":"2021-09-01T21:39:10+00:00","ya_ovs_allow_embed":"true","product_price_currency":"USD","og_availability":"out of stock","product_availability":"out of stock","product_condition":"new"},"_links":{"self":[{"href":"https:\/\/produncan.cl\/fr\/wp-json\/wp\/v2\/product\/18029","targetHints":{"allow":["GET"]}}],"collection":[{"href":"https:\/\/produncan.cl\/fr\/wp-json\/wp\/v2\/product"}],"about":[{"href":"https:\/\/produncan.cl\/fr\/wp-json\/wp\/v2\/types\/product"}],"version-history":[{"count":0,"href":"https:\/\/produncan.cl\/fr\/wp-json\/wp\/v2\/product\/18029\/revisions"}],"wp:featuredmedia":[{"embeddable":true,"href":"https:\/\/produncan.cl\/fr\/wp-json\/wp\/v2\/media\/24024"}],"wp:attachment":[{"href":"https:\/\/produncan.cl\/fr\/wp-json\/wp\/v2\/media?parent=18029"}],"wp:term":[{"taxonomy":"product_brand","embeddable":true,"href":"https:\/\/produncan.cl\/fr\/wp-json\/wp\/v2\/product_brand?post=18029"},{"taxonomy":"product_cat","embeddable":true,"href":"https:\/\/produncan.cl\/fr\/wp-json\/wp\/v2\/product_cat?post=18029"},{"taxonomy":"product_tag","embeddable":true,"href":"https:\/\/produncan.cl\/fr\/wp-json\/wp\/v2\/product_tag?post=18029"},{"taxonomy":"regiones","embeddable":true,"href":"https:\/\/produncan.cl\/fr\/wp-json\/wp\/v2\/regiones?post=18029"},{"taxonomy":"ciudades","embeddable":true,"href":"https:\/\/produncan.cl\/fr\/wp-json\/wp\/v2\/ciudades?post=18029"}],"curies":[{"name":"wp","href":"https:\/\/api.w.org\/{rel}","templated":true}]}}