{"id":18111,"date":"2023-09-07T19:09:32","date_gmt":"2023-09-07T22:09:32","guid":{"rendered":"https:\/\/produncan.cl\/producto\/condor-river-lodge-terre-de-feu-region-de-magallanes\/"},"modified":"2025-12-26T17:19:54","modified_gmt":"2025-12-26T20:19:54","slug":"condor-river-lodge-terre-de-feu-region-de-magallanes","status":"publish","type":"product","link":"https:\/\/produncan.cl\/fr\/produit\/condor-river-lodge-terre-de-feu-region-de-magallanes\/","title":{"rendered":"Condor River Lodge &#8211; Terre de Feu &#8211; R\u00e9gion de Magallanes"},"content":{"rendered":"\t\t<div data-elementor-type=\"product-post\" data-elementor-id=\"18111\" class=\"elementor elementor-18111 elementor-18037\" data-elementor-post-type=\"product\">\n\t\t\t\t<div class=\"elementor-element elementor-element-95766ec e-flex e-con-boxed e-con e-parent\" data-id=\"95766ec\" data-element_type=\"container\" data-e-type=\"container\" data-settings=\"{&quot;jet_parallax_layout_list&quot;:[]}\">\n\t\t\t\t\t<div class=\"e-con-inner\">\n\t\t\t\t<div class=\"elementor-element elementor-element-e34b2d0 elementor-widget elementor-widget-heading\" data-id=\"e34b2d0\" data-element_type=\"widget\" data-e-type=\"widget\" data-widget_type=\"heading.default\">\n\t\t\t\t\t<h2 class=\"elementor-heading-title elementor-size-default\">Un lodge extraordinaire avec tout ce dont vous avez besoin pour votre projet .<\/h2>\t\t\t\t<\/div>\n\t\t\t\t\t<\/div>\n\t\t\t\t<\/div>\n\t\t<div class=\"elementor-element elementor-element-017ce62 e-flex e-con-boxed e-con e-parent\" data-id=\"017ce62\" data-element_type=\"container\" data-e-type=\"container\" data-settings=\"{&quot;jet_parallax_layout_list&quot;:[]}\">\n\t\t\t\t\t<div class=\"e-con-inner\">\n\t\t\t\t<div class=\"elementor-element elementor-element-19228b8 elementor-widget elementor-widget-text-editor\" data-id=\"19228b8\" data-element_type=\"widget\" data-e-type=\"widget\" data-widget_type=\"text-editor.default\">\n\t\t\t\t\t\t\t\t\t<p data-start=\"131\" data-end=\"356\">D\u00e9couvrez cette superbe propri\u00e9t\u00e9 \u00e0 Puerto Arturo, en Terre de Feu, dans la r\u00e9gion de Magallanes ! C&#8217;est l&#8217;occasion id\u00e9ale pour ceux qui souhaitent d\u00e9velopper un projet touristique haut de gamme dans un environnement naturel unique.<\/p>\n<p data-start=\"358\" data-end=\"500\">Avec 21,31 hectares et <strong>une incroyable bande c\u00f4ti\u00e8re de 200 m\u00e8tres<\/strong>, ce terrain offre un espace plus que g\u00e9n\u00e9reux pour donner vie \u00e0 votre projet.<\/p>\n<p data-start=\"502\" data-end=\"868\">Una caracter\u00edstica destacada de esta propiedad es <strong>su kil\u00f3metro de costa en el r\u00edo C\u00f3ndor<\/strong>, lo que brinda acc\u00e8s \u00e0 des activit\u00e9s telles que la p\u00eache et l&#8217;observation de la riche faune sauvage locale. Les esp\u00e8ces que vous pourrez rencontrer sont les manchots royaux, les phoques l\u00e9opards, les renards roux et une \u00e9tonnante vari\u00e9t\u00e9 d&#8217;oiseaux, tels que les albatros, les silures et les condors des Andes.<\/p>\n<p data-start=\"870\" data-end=\"1292\">En ce qui concerne les constructions, la propri\u00e9t\u00e9 dispose de <strong>quatre charmantes cabanes<\/strong>, d&#8217;un accueillant quincho et d&#8217;un solide barbecue. un accueillant quincho et une solide cave, tout construit avec des mat\u00e9riaux de haute qualit\u00e9. Ces cottages ont \u00e9t\u00e9 enti\u00e8rement r\u00e9nov\u00e9s en 2022 et offrent des espaces confortables pour vos invit\u00e9s. Le quincho, \u00e9quip\u00e9 d&#8217;un billard, d&#8217;un coin salon et d&#8217;une superbe vue panoramique sur la mer, est l&#8217;endroit id\u00e9al pour se divertir.<\/p>\n<p data-start=\"1294\" data-end=\"1611\">De plus, cette propri\u00e9t\u00e9 <strong>comprend une vari\u00e9t\u00e9 de v\u00e9hicules<\/strong>, tels qu&#8217;un camion frigorifique, un fumoir \u00e0 viande, un camion Ural, une camionnette Ford F350 4&#215;4, un quad Can Am 1000, un quad Yamaha Grizzly, des voitures, une Jeep Suzuki 4&#215;4 et, enfin mais non des moindres, un Zodiac neuf avec un moteur de 80 CV.<\/p>\n<p data-start=\"1613\" data-end=\"1998\">La propri\u00e9t\u00e9 <strong>dispose de l&#8217;\u00e9lectricit\u00e9<\/strong> fournie par un g\u00e9n\u00e9rateur diesel de 5 kW, soutenu par un autre g\u00e9n\u00e9rateur de secours. <strong>Un syst\u00e8me photovolta\u00efque de 25 kWh a \u00e9galement \u00e9t\u00e9 install\u00e9<\/strong>, ce qui permet une plus grande autonomie \u00e9nerg\u00e9tique. De plus, la propri\u00e9t\u00e9 dispose d&#8217;une connexion <strong>Internet par satellite Starlink<\/strong>, garantissant une connectivit\u00e9 haut d\u00e9bit m\u00eame dans cet environnement isol\u00e9. <\/p>\n<p data-start=\"2000\" data-end=\"2193\">Il b\u00e9n\u00e9ficie \u00e9galement d&#8217;un approvisionnement en <strong>eau certifi\u00e9 certifi\u00e9<\/strong>, avec un r\u00e9servoir de 6 000 litres pour les chalets et un autre de 3 000 litres pour le quincho. En outre, il y a un signal t\u00e9l\u00e9phonique dans certaines zones.<\/p>\n<p data-start=\"2195\" data-end=\"2445\">Bien que l&#8217;endroit soit isol\u00e9, il est accessible depuis Punta Arenas par un ferry jusqu&#8217;\u00e0 Porvenir puis Cameron, suivi d&#8217;un trajet de 7 heures par une route de terre. On peut \u00e9galement y acc\u00e9der par la mer ou par h\u00e9licopt\u00e8re.<\/p>\n<p data-start=\"2447\" data-end=\"2625\">La nature environnante offre un certain nombre d&#8217;attractions \u00e0 proximit\u00e9, notamment le parc national de la Terre de Feu, la r\u00e9serve nationale de Magallanes, l&#8217;Estancia Harberton et Puerto Williams.<\/p>\n<p data-start=\"2627\" data-end=\"2869\">En r\u00e9sum\u00e9, cette propri\u00e9t\u00e9 \u00e0 Tierra del Fuego est une opportunit\u00e9 unique pour ceux qui souhaitent vivre dans un environnement naturel impressionnant, avec tout ce qu&#8217;il faut pour lancer le projet de vos r\u00eaves. <strong>Le prix de vente est de 6 000 000 USD<\/strong>.<\/p>\n<p data-start=\"2871\" data-end=\"2997\">N&#8217;h\u00e9sitez pas \u00e0 nous contacter d\u00e8s aujourd&#8217;hui pour obtenir plus d&#8217;informations sur cette propri\u00e9t\u00e9 exceptionnelle et faire de vos r\u00eaves une r\u00e9alit\u00e9 !<\/p>\n\t\t\t\t\t\t\t\t<\/div>\n\t\t\t\t\t<\/div>\n\t\t\t\t<\/div>\n\t\t\t\t<\/div>\n\t\t","protected":false},"excerpt":{"rendered":"<p>Terrain \u00e0 Tierra del Fuego avec 187 m\u00e8tres de bord de mer et 1 kilom\u00e8tre de rivi\u00e8re. Maison, barbecue, quatre chalets, enti\u00e8rement \u00e9quip\u00e9s, vendus cl\u00e9s en main. Id\u00e9al pour le d\u00e9veloppement d&#8217;un lodge et du tourisme.  <\/p>\n","protected":false},"featured_media":18042,"template":"","meta":{"_acf_changed":false},"product_brand":[],"product_cat":[129],"product_tag":[233,237],"regiones":[225],"ciudades":[518,211],"class_list":{"0":"post-18111","1":"product","2":"type-product","3":"status-publish","4":"has-post-thumbnail","6":"product_cat-aysen-magallanes-fr","7":"product_tag-champs","8":"product_tag-proprietes-touristiques","9":"regiones-aysen-magallanes","10":"ciudades-puerto-williams","11":"ciudades-punta-arenas","13":"first","14":"instock","15":"shipping-taxable","16":"purchasable","17":"product-type-simple"},"acf":[],"yoast_head":"<!-- This site is optimized with the Yoast SEO Premium plugin v26.0 (Yoast SEO v27.3) - https:\/\/yoast.com\/product\/yoast-seo-premium-wordpress\/ -->\n<title>Condor River Lodge - Terre de Feu - R\u00e9gion de Magallanes - Produncan<\/title>\n<meta name=\"description\" content=\"Lodge en Terre de Feu de 21,31 ha, avec 187 m\u00e8tres de bord de mer et un kilom\u00e8tre de rivi\u00e8re La propri\u00e9t\u00e9 est vendue cl\u00e9 en main avec 4 cabanes et un espace barbecue.\" \/>\n<meta name=\"robots\" content=\"index, follow, max-snippet:-1, max-image-preview:large, max-video-preview:-1\" \/>\n<link rel=\"canonical\" href=\"https:\/\/produncan.cl\/fr\/produit\/condor-river-lodge-terre-de-feu-region-de-magallanes\/\" \/>\n<meta property=\"og:locale\" content=\"fr_FR\" \/>\n<meta property=\"og:type\" content=\"article\" \/>\n<meta property=\"og:title\" content=\"Condor River Lodge - Terre de Feu - R\u00e9gion de Magallanes\" \/>\n<meta property=\"og:description\" content=\"Lodge en Terre de Feu de 21,31 ha, avec 187 m\u00e8tres de bord de mer et un kilom\u00e8tre de rivi\u00e8re La propri\u00e9t\u00e9 est vendue cl\u00e9 en main avec 4 cabanes et un espace barbecue.\" \/>\n<meta property=\"og:url\" content=\"https:\/\/produncan.cl\/fr\/produit\/condor-river-lodge-terre-de-feu-region-de-magallanes\/\" \/>\n<meta property=\"og:site_name\" content=\"Produncan\" \/>\n<meta property=\"article:publisher\" content=\"https:\/\/web.facebook.com\/produncanland\" \/>\n<meta property=\"article:modified_time\" content=\"2025-12-26T20:19:54+00:00\" \/>\n<meta property=\"og:image\" content=\"https:\/\/produncan.cl\/wp-content\/uploads\/2023\/09\/Lodge-en-venta-rio-Condor.webp\" \/>\n\t<meta property=\"og:image:width\" content=\"600\" \/>\n\t<meta property=\"og:image:height\" content=\"450\" \/>\n\t<meta property=\"og:image:type\" content=\"image\/webp\" \/>\n<meta name=\"twitter:card\" content=\"summary_large_image\" \/>\n<meta name=\"twitter:label1\" content=\"Price\" \/>\n\t<meta name=\"twitter:data1\" content=\"USD5.978.500,00\" \/>\n\t<meta name=\"twitter:label2\" content=\"Availability\" \/>\n\t<meta name=\"twitter:data2\" content=\"In stock\" \/>\n<script type=\"application\/ld+json\" class=\"yoast-schema-graph\">{\"@context\":\"https:\\\/\\\/schema.org\",\"@graph\":[{\"@type\":\"WebPage\",\"@id\":\"https:\\\/\\\/produncan.cl\\\/fr\\\/produit\\\/condor-river-lodge-terre-de-feu-region-de-magallanes\\\/\",\"url\":\"https:\\\/\\\/produncan.cl\\\/fr\\\/produit\\\/condor-river-lodge-terre-de-feu-region-de-magallanes\\\/\",\"name\":\"Condor River Lodge - Terre de Feu - R\u00e9gion de Magallanes - Produncan\",\"isPartOf\":{\"@id\":\"https:\\\/\\\/produncan.cl\\\/fr\\\/#website\"},\"primaryImageOfPage\":{\"@id\":\"https:\\\/\\\/produncan.cl\\\/fr\\\/produit\\\/condor-river-lodge-terre-de-feu-region-de-magallanes\\\/#primaryimage\"},\"image\":{\"@id\":\"https:\\\/\\\/produncan.cl\\\/fr\\\/produit\\\/condor-river-lodge-terre-de-feu-region-de-magallanes\\\/#primaryimage\"},\"thumbnailUrl\":\"https:\\\/\\\/produncan.cl\\\/wp-content\\\/uploads\\\/2023\\\/09\\\/Lodge-en-venta-rio-Condor.webp\",\"datePublished\":\"2023-09-07T22:09:32+00:00\",\"dateModified\":\"2025-12-26T20:19:54+00:00\",\"description\":\"Lodge en Terre de Feu de 21,31 ha, avec 187 m\u00e8tres de bord de mer et un kilom\u00e8tre de rivi\u00e8re La propri\u00e9t\u00e9 est vendue cl\u00e9 en main avec 4 cabanes et un espace barbecue.\",\"breadcrumb\":{\"@id\":\"https:\\\/\\\/produncan.cl\\\/fr\\\/produit\\\/condor-river-lodge-terre-de-feu-region-de-magallanes\\\/#breadcrumb\"},\"inLanguage\":\"fr-FR\",\"potentialAction\":[{\"@type\":\"ReadAction\",\"target\":[\"https:\\\/\\\/produncan.cl\\\/fr\\\/produit\\\/condor-river-lodge-terre-de-feu-region-de-magallanes\\\/\"]}]},{\"@type\":\"ImageObject\",\"inLanguage\":\"fr-FR\",\"@id\":\"https:\\\/\\\/produncan.cl\\\/fr\\\/produit\\\/condor-river-lodge-terre-de-feu-region-de-magallanes\\\/#primaryimage\",\"url\":\"https:\\\/\\\/produncan.cl\\\/wp-content\\\/uploads\\\/2023\\\/09\\\/Lodge-en-venta-rio-Condor.webp\",\"contentUrl\":\"https:\\\/\\\/produncan.cl\\\/wp-content\\\/uploads\\\/2023\\\/09\\\/Lodge-en-venta-rio-Condor.webp\",\"width\":600,\"height\":450,\"caption\":\"Lodge \u00e0 vendre rivi\u00e8re Condor\"},{\"@type\":\"BreadcrumbList\",\"@id\":\"https:\\\/\\\/produncan.cl\\\/fr\\\/produit\\\/condor-river-lodge-terre-de-feu-region-de-magallanes\\\/#breadcrumb\",\"itemListElement\":[{\"@type\":\"ListItem\",\"position\":1,\"name\":\"Inicio\",\"item\":\"https:\\\/\\\/produncan.cl\\\/fr\\\/\"},{\"@type\":\"ListItem\",\"position\":2,\"name\":\"Propri\u00e9t\u00e9s\",\"item\":\"https:\\\/\\\/produncan.cl\\\/propiedades\\\/\"},{\"@type\":\"ListItem\",\"position\":3,\"name\":\"Champs\",\"item\":\"https:\\\/\\\/produncan.cl\\\/fr\\\/cat&eacute;gorie\\\/champs\\\/\"},{\"@type\":\"ListItem\",\"position\":4,\"name\":\"Condor River Lodge &#8211; Terre de Feu &#8211; R\u00e9gion de Magallanes\"}]},{\"@type\":\"WebSite\",\"@id\":\"https:\\\/\\\/produncan.cl\\\/fr\\\/#website\",\"url\":\"https:\\\/\\\/produncan.cl\\\/fr\\\/\",\"name\":\"Produncan\",\"description\":\"Nous vous accompagnons dans votre projet de vie !\",\"publisher\":{\"@id\":\"https:\\\/\\\/produncan.cl\\\/fr\\\/#organization\"},\"potentialAction\":[{\"@type\":\"SearchAction\",\"target\":{\"@type\":\"EntryPoint\",\"urlTemplate\":\"https:\\\/\\\/produncan.cl\\\/fr\\\/?s={search_term_string}\"},\"query-input\":{\"@type\":\"PropertyValueSpecification\",\"valueRequired\":true,\"valueName\":\"search_term_string\"}}],\"inLanguage\":\"fr-FR\"},{\"@type\":\"Organization\",\"@id\":\"https:\\\/\\\/produncan.cl\\\/fr\\\/#organization\",\"name\":\"Produncan\",\"url\":\"https:\\\/\\\/produncan.cl\\\/fr\\\/\",\"logo\":{\"@type\":\"ImageObject\",\"inLanguage\":\"fr-FR\",\"@id\":\"https:\\\/\\\/produncan.cl\\\/fr\\\/#\\\/schema\\\/logo\\\/image\\\/\",\"url\":\"https:\\\/\\\/produncan.cl\\\/wp-content\\\/uploads\\\/2021\\\/03\\\/LOGO.jpeg\",\"contentUrl\":\"https:\\\/\\\/produncan.cl\\\/wp-content\\\/uploads\\\/2021\\\/03\\\/LOGO.jpeg\",\"width\":1280,\"height\":903,\"caption\":\"Produncan\"},\"image\":{\"@id\":\"https:\\\/\\\/produncan.cl\\\/fr\\\/#\\\/schema\\\/logo\\\/image\\\/\"},\"sameAs\":[\"https:\\\/\\\/web.facebook.com\\\/produncanland\",\"https:\\\/\\\/www.instagram.com\\\/pro_duncan\\\/\",\"https:\\\/\\\/www.linkedin.com\\\/company\\\/produncan-lands\\\/\",\"https:\\\/\\\/www.youtube.com\\\/channel\\\/UCu7N-f3x0svkazD-Eew1-QQ\"],\"description\":\"En Produncan somos especialistas en la venta de terrenos en el sur de Chile. Proveemos estancias, campos, parcelas y hoteles.\",\"email\":\"info@produncan.cl\"}]}<\/script>\n<meta property=\"og:video\" content=\"https:\/\/www.youtube.com\/embed\/7kefsiM5ROE\" \/>\n<meta property=\"og:video:type\" content=\"text\/html\" \/>\n<meta property=\"og:video:duration\" content=\"107\" \/>\n<meta property=\"og:video:width\" content=\"480\" \/>\n<meta property=\"og:video:height\" content=\"360\" \/>\n<meta property=\"ya:ovs:adult\" content=\"false\" \/>\n<meta property=\"ya:ovs:upload_date\" content=\"2023-09-07T22:09:32+00:00\" \/>\n<meta property=\"ya:ovs:allow_embed\" content=\"true\" \/>\n<meta property=\"product:price:amount\" content=\"5978500.00\" \/>\n<meta property=\"product:price:currency\" content=\"USD\" \/>\n<meta property=\"og:availability\" content=\"instock\" \/>\n<meta property=\"product:availability\" content=\"instock\" \/>\n<meta property=\"product:condition\" content=\"new\" \/>\n<!-- \/ Yoast SEO Premium plugin. -->","yoast_head_json":{"title":"Condor River Lodge - Terre de Feu - R\u00e9gion de Magallanes - Produncan","description":"Lodge en Terre de Feu de 21,31 ha, avec 187 m\u00e8tres de bord de mer et un kilom\u00e8tre de rivi\u00e8re La propri\u00e9t\u00e9 est vendue cl\u00e9 en main avec 4 cabanes et un espace barbecue.","robots":{"index":"index","follow":"follow","max-snippet":"max-snippet:-1","max-image-preview":"max-image-preview:large","max-video-preview":"max-video-preview:-1"},"canonical":"https:\/\/produncan.cl\/fr\/produit\/condor-river-lodge-terre-de-feu-region-de-magallanes\/","og_locale":"fr_FR","og_type":"article","og_title":"Condor River Lodge - Terre de Feu - R\u00e9gion de Magallanes","og_description":"Lodge en Terre de Feu de 21,31 ha, avec 187 m\u00e8tres de bord de mer et un kilom\u00e8tre de rivi\u00e8re La propri\u00e9t\u00e9 est vendue cl\u00e9 en main avec 4 cabanes et un espace barbecue.","og_url":"https:\/\/produncan.cl\/fr\/produit\/condor-river-lodge-terre-de-feu-region-de-magallanes\/","og_site_name":"Produncan","article_publisher":"https:\/\/web.facebook.com\/produncanland","article_modified_time":"2025-12-26T20:19:54+00:00","og_image":[{"width":600,"height":450,"url":"https:\/\/produncan.cl\/wp-content\/uploads\/2023\/09\/Lodge-en-venta-rio-Condor.webp","type":"image\/webp"}],"twitter_card":"summary_large_image","twitter_misc":{"Price":"USD5.978.500,00","Availability":"In stock"},"schema":{"@context":"https:\/\/schema.org","@graph":[{"@type":"WebPage","@id":"https:\/\/produncan.cl\/fr\/produit\/condor-river-lodge-terre-de-feu-region-de-magallanes\/","url":"https:\/\/produncan.cl\/fr\/produit\/condor-river-lodge-terre-de-feu-region-de-magallanes\/","name":"Condor River Lodge - Terre de Feu - R\u00e9gion de Magallanes - Produncan","isPartOf":{"@id":"https:\/\/produncan.cl\/fr\/#website"},"primaryImageOfPage":{"@id":"https:\/\/produncan.cl\/fr\/produit\/condor-river-lodge-terre-de-feu-region-de-magallanes\/#primaryimage"},"image":{"@id":"https:\/\/produncan.cl\/fr\/produit\/condor-river-lodge-terre-de-feu-region-de-magallanes\/#primaryimage"},"thumbnailUrl":"https:\/\/produncan.cl\/wp-content\/uploads\/2023\/09\/Lodge-en-venta-rio-Condor.webp","datePublished":"2023-09-07T22:09:32+00:00","dateModified":"2025-12-26T20:19:54+00:00","description":"Lodge en Terre de Feu de 21,31 ha, avec 187 m\u00e8tres de bord de mer et un kilom\u00e8tre de rivi\u00e8re La propri\u00e9t\u00e9 est vendue cl\u00e9 en main avec 4 cabanes et un espace barbecue.","breadcrumb":{"@id":"https:\/\/produncan.cl\/fr\/produit\/condor-river-lodge-terre-de-feu-region-de-magallanes\/#breadcrumb"},"inLanguage":"fr-FR","potentialAction":[{"@type":"ReadAction","target":["https:\/\/produncan.cl\/fr\/produit\/condor-river-lodge-terre-de-feu-region-de-magallanes\/"]}]},{"@type":"ImageObject","inLanguage":"fr-FR","@id":"https:\/\/produncan.cl\/fr\/produit\/condor-river-lodge-terre-de-feu-region-de-magallanes\/#primaryimage","url":"https:\/\/produncan.cl\/wp-content\/uploads\/2023\/09\/Lodge-en-venta-rio-Condor.webp","contentUrl":"https:\/\/produncan.cl\/wp-content\/uploads\/2023\/09\/Lodge-en-venta-rio-Condor.webp","width":600,"height":450,"caption":"Lodge \u00e0 vendre rivi\u00e8re Condor"},{"@type":"BreadcrumbList","@id":"https:\/\/produncan.cl\/fr\/produit\/condor-river-lodge-terre-de-feu-region-de-magallanes\/#breadcrumb","itemListElement":[{"@type":"ListItem","position":1,"name":"Inicio","item":"https:\/\/produncan.cl\/fr\/"},{"@type":"ListItem","position":2,"name":"Propri\u00e9t\u00e9s","item":"https:\/\/produncan.cl\/propiedades\/"},{"@type":"ListItem","position":3,"name":"Champs","item":"https:\/\/produncan.cl\/fr\/cat&eacute;gorie\/champs\/"},{"@type":"ListItem","position":4,"name":"Condor River Lodge &#8211; Terre de Feu &#8211; R\u00e9gion de Magallanes"}]},{"@type":"WebSite","@id":"https:\/\/produncan.cl\/fr\/#website","url":"https:\/\/produncan.cl\/fr\/","name":"Produncan","description":"Nous vous accompagnons dans votre projet de vie !","publisher":{"@id":"https:\/\/produncan.cl\/fr\/#organization"},"potentialAction":[{"@type":"SearchAction","target":{"@type":"EntryPoint","urlTemplate":"https:\/\/produncan.cl\/fr\/?s={search_term_string}"},"query-input":{"@type":"PropertyValueSpecification","valueRequired":true,"valueName":"search_term_string"}}],"inLanguage":"fr-FR"},{"@type":"Organization","@id":"https:\/\/produncan.cl\/fr\/#organization","name":"Produncan","url":"https:\/\/produncan.cl\/fr\/","logo":{"@type":"ImageObject","inLanguage":"fr-FR","@id":"https:\/\/produncan.cl\/fr\/#\/schema\/logo\/image\/","url":"https:\/\/produncan.cl\/wp-content\/uploads\/2021\/03\/LOGO.jpeg","contentUrl":"https:\/\/produncan.cl\/wp-content\/uploads\/2021\/03\/LOGO.jpeg","width":1280,"height":903,"caption":"Produncan"},"image":{"@id":"https:\/\/produncan.cl\/fr\/#\/schema\/logo\/image\/"},"sameAs":["https:\/\/web.facebook.com\/produncanland","https:\/\/www.instagram.com\/pro_duncan\/","https:\/\/www.linkedin.com\/company\/produncan-lands\/","https:\/\/www.youtube.com\/channel\/UCu7N-f3x0svkazD-Eew1-QQ"],"description":"En Produncan somos especialistas en la venta de terrenos en el sur de Chile. Proveemos estancias, campos, parcelas y hoteles.","email":"info@produncan.cl"}]},"og_video":"https:\/\/www.youtube.com\/embed\/7kefsiM5ROE","og_video_type":"text\/html","og_video_duration":"107","og_video_width":"480","og_video_height":"360","ya_ovs_adult":"false","ya_ovs_upload_date":"2023-09-07T22:09:32+00:00","ya_ovs_allow_embed":"true","product_price_amount":"5978500.00","product_price_currency":"USD","og_availability":"instock","product_availability":"instock","product_condition":"new"},"_links":{"self":[{"href":"https:\/\/produncan.cl\/fr\/wp-json\/wp\/v2\/product\/18111","targetHints":{"allow":["GET"]}}],"collection":[{"href":"https:\/\/produncan.cl\/fr\/wp-json\/wp\/v2\/product"}],"about":[{"href":"https:\/\/produncan.cl\/fr\/wp-json\/wp\/v2\/types\/product"}],"version-history":[{"count":2,"href":"https:\/\/produncan.cl\/fr\/wp-json\/wp\/v2\/product\/18111\/revisions"}],"predecessor-version":[{"id":54130,"href":"https:\/\/produncan.cl\/fr\/wp-json\/wp\/v2\/product\/18111\/revisions\/54130"}],"wp:featuredmedia":[{"embeddable":true,"href":"https:\/\/produncan.cl\/fr\/wp-json\/wp\/v2\/media\/18042"}],"wp:attachment":[{"href":"https:\/\/produncan.cl\/fr\/wp-json\/wp\/v2\/media?parent=18111"}],"wp:term":[{"taxonomy":"product_brand","embeddable":true,"href":"https:\/\/produncan.cl\/fr\/wp-json\/wp\/v2\/product_brand?post=18111"},{"taxonomy":"product_cat","embeddable":true,"href":"https:\/\/produncan.cl\/fr\/wp-json\/wp\/v2\/product_cat?post=18111"},{"taxonomy":"product_tag","embeddable":true,"href":"https:\/\/produncan.cl\/fr\/wp-json\/wp\/v2\/product_tag?post=18111"},{"taxonomy":"regiones","embeddable":true,"href":"https:\/\/produncan.cl\/fr\/wp-json\/wp\/v2\/regiones?post=18111"},{"taxonomy":"ciudades","embeddable":true,"href":"https:\/\/produncan.cl\/fr\/wp-json\/wp\/v2\/ciudades?post=18111"}],"curies":[{"name":"wp","href":"https:\/\/api.w.org\/{rel}","templated":true}]}}