{"id":19025,"date":"2023-09-21T18:32:44","date_gmt":"2023-09-21T21:32:44","guid":{"rendered":"https:\/\/produncan.cl\/producto\/campo-vista-hermosa-region-de-los-rios\/"},"modified":"2025-11-24T18:06:10","modified_gmt":"2025-11-24T21:06:10","slug":"campo-vista-hermosa-region-de-los-rios","status":"publish","type":"product","link":"https:\/\/produncan.cl\/fr\/produit\/campo-vista-hermosa-region-de-los-rios\/","title":{"rendered":"Campagne dans la r\u00e9gion de La Uni\u00f3n &#8211; Vista Hermosa &#8211; Los R\u00edos"},"content":{"rendered":"\t\t<div data-elementor-type=\"product-post\" data-elementor-id=\"19025\" class=\"elementor elementor-19025 elementor-18770\" data-elementor-post-type=\"product\">\n\t\t\t\t<div class=\"elementor-element elementor-element-8a8a3c9 e-flex e-con-boxed e-con e-parent\" data-id=\"8a8a3c9\" data-element_type=\"container\" data-e-type=\"container\" data-settings=\"{&quot;jet_parallax_layout_list&quot;:[]}\">\n\t\t\t\t\t<div class=\"e-con-inner\">\n\t\t\t\t<div class=\"elementor-element elementor-element-021455e elementor-widget elementor-widget-heading\" data-id=\"021455e\" data-element_type=\"widget\" data-e-type=\"widget\" data-widget_type=\"heading.default\">\n\t\t\t\t\t<h2 class=\"elementor-heading-title elementor-size-default\">Une campagne qui a beaucoup \u00e0 offrir dans la r\u00e9gion du fleuve<\/h2>\t\t\t\t<\/div>\n\t\t\t\t\t<\/div>\n\t\t\t\t<\/div>\n\t\t<div class=\"elementor-element elementor-element-e9c00e7 e-flex e-con-boxed e-con e-parent\" data-id=\"e9c00e7\" data-element_type=\"container\" data-e-type=\"container\" data-settings=\"{&quot;jet_parallax_layout_list&quot;:[]}\">\n\t\t\t\t\t<div class=\"e-con-inner\">\n\t\t\t\t<div class=\"elementor-element elementor-element-041f6cb elementor-widget elementor-widget-text-editor\" data-id=\"041f6cb\" data-element_type=\"widget\" data-e-type=\"widget\" data-widget_type=\"text-editor.default\">\n\t\t\t\t\t\t\t\t\t<p>Ce domaine rural \u00e0 La Union a beaucoup \u00e0 offrir et constitue une excellente opportunit\u00e9 pour ceux qui recherchent un terrain proche de la ville et avec une belle vue.<\/p><p><span style=\"color: var( --e-global-color-text ); font-family: var( --e-global-typography-text-font-family ), Sans-serif; font-weight: var( --e-global-typography-text-font-weight ); text-align: var(--text-align);\">Le terrain a une superficie de 20 hectares selon le titre CBR, bien qu&#8217;un relev\u00e9 topographique indique 21,32 hectares. Elle est class\u00e9e comme terre agricole et offre une grande vari\u00e9t\u00e9 de possibilit\u00e9s.<\/span><\/p><p><span style=\"color: var( --e-global-color-text ); font-family: var( --e-global-typography-text-font-family ), Sans-serif; font-weight: var( --e-global-typography-text-font-weight ); text-align: var(--text-align);\">L&#8217;acc\u00e8s \u00e0 la propri\u00e9t\u00e9 se fait par une route en gravier, qui n&#8217;est qu&#8217;\u00e0 quelques m\u00e8tres d&#8217;une route goudronn\u00e9e.<\/span><\/p><p><span style=\"color: var( --e-global-color-text ); font-family: var( --e-global-typography-text-font-family ), Sans-serif; font-weight: var( --e-global-typography-text-font-weight ); text-align: var(--text-align);\">En termes de services, la propri\u00e9t\u00e9 dispose d&#8217;une alimentation \u00e9lectrique monophas\u00e9e et triphas\u00e9e, ce qui constitue un avantage pour diverses utilisation. Elle dispose \u00e9galement d&#8217;une eau de source, qui a \u00e9t\u00e9 \u00e9tudi\u00e9e et peut \u00eatre exploit\u00e9e.<\/span><\/p><p><span style=\"color: var( --e-global-color-text ); font-family: var( --e-global-typography-text-font-family ), Sans-serif; font-weight: var( --e-global-typography-text-font-weight ); text-align: var(--text-align);\">En ce qui concerne les constructions, on trouve sur la propri\u00e9t\u00e9 un hangar de 169 m\u00e8tres carr\u00e9s utilis\u00e9 pour le stockage des balles, avec une structure en bois, un bardage en bois et en zinc, et une toiture en zinc.<\/span><\/p><p><span style=\"color: var( --e-global-color-text ); font-family: var( --e-global-typography-text-font-family ), Sans-serif; font-weight: var( --e-global-typography-text-font-weight ); text-align: var(--text-align);\">La topographie du territoire est vari\u00e9e, avec des secteurs de relief doux, offrant des vues panoramiques sur les volcans de la r\u00e9gion, ce qui peut augmenter la valeur de la propri\u00e9t\u00e9.<\/span><\/p><p><span style=\"color: var( --e-global-color-text ); font-family: var( --e-global-typography-text-font-family ), Sans-serif; font-weight: var( --e-global-typography-text-font-weight ); text-align: var(--text-align);\">Autrefois, la propri\u00e9t\u00e9 \u00e9tait utilis\u00e9e pour l&#8217;\u00e9levage de b\u00e9tail et de moutons. Elle dispose donc encore d&#8217;installations telles que des abreuvoirs et un \u00e9tang.<\/span><\/p><p><span style=\"color: var( --e-global-color-text ); font-family: var( --e-global-typography-text-font-family ), Sans-serif; font-weight: var( --e-global-typography-text-font-weight ); text-align: var(--text-align);\">L&#8217;exposition au soleil est bonne, ce qui est b\u00e9n\u00e9fique pour les diverses activit\u00e9s sur la propri\u00e9t\u00e9. Les terres se composent principalement de prairies, mais aussi d&#8217;arbres indig\u00e8nes tels que le coigue et le saule, et dans certaines zones, de pins et d&#8217;eucalyptus.<\/span><\/p><p><span style=\"color: var( --e-global-color-text ); font-family: var( --e-global-typography-text-font-family ), Sans-serif; font-weight: var( --e-global-typography-text-font-weight ); text-align: var(--text-align);\">La propri\u00e9t\u00e9 est situ\u00e9e dans une zone o\u00f9 l&#8217;on trouve une faune vari\u00e9e, notamment des li\u00e8vres, des tiuques, des sentiers, des grives, des colibris, des oiseaux-mouches et d&#8217;autres encore.<\/span><\/p><p><span style=\"color: var( --e-global-color-text ); font-family: var( --e-global-typography-text-font-family ), Sans-serif; font-weight: var( --e-global-typography-text-font-weight ); text-align: var(--text-align);\">En r\u00e9sum\u00e9, cette propri\u00e9t\u00e9 agricole de 20 hectares offre un large \u00e9ventail de possibilit\u00e9s et de commodit\u00e9s, que ce soit pour l&#8217;agriculture, l&#8217;\u00e9levage ou d&#8217;autres projets. Le prix de vente est de 8 894 UF.<\/span><\/p><p><span style=\"color: var( --e-global-color-text ); font-family: var( --e-global-typography-text-font-family ), Sans-serif; font-weight: var( --e-global-typography-text-font-weight ); text-align: var(--text-align);\">Contactez-nous pour plus de d\u00e9tails ou pour planifier une visite !<\/span><\/p>\t\t\t\t\t\t\t\t<\/div>\n\t\t\t\t\t<\/div>\n\t\t\t\t<\/div>\n\t\t\t\t<\/div>\n\t\t","protected":false},"excerpt":{"rendered":"<p>Terrain \u00e0 La Uni\u00f3n, \u00e0 seulement 10 minutes de la ville. Acc\u00e8s asphalt\u00e9, principalement des prairies avec une vue imprenable sur la cordill\u00e8re. Il dispose d&#8217;un puits, d&#8217;un hangar et de l&#8217;\u00e9lectricit\u00e9. Acc\u00e8s direct par la voie publique.   <\/p>\n","protected":false},"featured_media":18825,"template":"","meta":{"_acf_changed":false},"product_brand":[],"product_cat":[113],"product_tag":[233,237],"regiones":[226],"ciudades":[215],"class_list":{"0":"post-19025","1":"product","2":"type-product","3":"status-publish","4":"has-post-thumbnail","6":"product_cat-ohiggins-los-lagos-fr","7":"product_tag-champs","8":"product_tag-proprietes-touristiques","9":"regiones-nuble-los_lagos","10":"ciudades-la-union","12":"first","13":"instock","14":"shipping-taxable","15":"purchasable","16":"product-type-simple"},"acf":[],"yoast_head":"<!-- This site is optimized with the Yoast SEO Premium plugin v26.0 (Yoast SEO v27.3) - https:\/\/yoast.com\/product\/yoast-seo-premium-wordpress\/ -->\n<title>Campo Vista Hermosa - R\u00e9gion de Los R\u00edos - Produncan<\/title>\n<meta name=\"description\" content=\"Ferme \u00e0 La Uni\u00f3n, 20 ha avec de belles prairies, vue sur les volcans, pente, ligne \u00e9lectrique et hangar \u00e0 balles.\" \/>\n<meta name=\"robots\" content=\"index, follow, max-snippet:-1, max-image-preview:large, max-video-preview:-1\" \/>\n<link rel=\"canonical\" href=\"https:\/\/produncan.cl\/fr\/produit\/campo-vista-hermosa-region-de-los-rios\/\" \/>\n<meta property=\"og:locale\" content=\"fr_FR\" \/>\n<meta property=\"og:type\" content=\"article\" \/>\n<meta property=\"og:title\" content=\"Campagne dans la r\u00e9gion de La Uni\u00f3n - Vista Hermosa - Los R\u00edos\" \/>\n<meta property=\"og:description\" content=\"Ferme \u00e0 La Uni\u00f3n, 20 ha avec de belles prairies, vue sur les volcans, pente, ligne \u00e9lectrique et hangar \u00e0 balles.\" \/>\n<meta property=\"og:url\" content=\"https:\/\/produncan.cl\/fr\/produit\/campo-vista-hermosa-region-de-los-rios\/\" \/>\n<meta property=\"og:site_name\" content=\"Produncan\" \/>\n<meta property=\"article:publisher\" content=\"https:\/\/web.facebook.com\/produncanland\" \/>\n<meta property=\"article:modified_time\" content=\"2025-11-24T21:06:10+00:00\" \/>\n<meta property=\"og:image\" content=\"https:\/\/produncan.cl\/wp-content\/uploads\/2023\/09\/Campo-en-venta-Vista-Hermosa.webp\" \/>\n\t<meta property=\"og:image:width\" content=\"600\" \/>\n\t<meta property=\"og:image:height\" content=\"450\" \/>\n\t<meta property=\"og:image:type\" content=\"image\/webp\" \/>\n<meta name=\"twitter:card\" content=\"summary_large_image\" \/>\n<meta name=\"twitter:label1\" content=\"Price\" \/>\n\t<meta name=\"twitter:data1\" content=\"USD380.500,00\" \/>\n\t<meta name=\"twitter:label2\" content=\"Availability\" \/>\n\t<meta name=\"twitter:data2\" content=\"In stock\" \/>\n<script type=\"application\/ld+json\" class=\"yoast-schema-graph\">{\"@context\":\"https:\\\/\\\/schema.org\",\"@graph\":[{\"@type\":\"WebPage\",\"@id\":\"https:\\\/\\\/produncan.cl\\\/fr\\\/produit\\\/campo-vista-hermosa-region-de-los-rios\\\/\",\"url\":\"https:\\\/\\\/produncan.cl\\\/fr\\\/produit\\\/campo-vista-hermosa-region-de-los-rios\\\/\",\"name\":\"Campo Vista Hermosa - R\u00e9gion de Los R\u00edos - Produncan\",\"isPartOf\":{\"@id\":\"https:\\\/\\\/produncan.cl\\\/fr\\\/#website\"},\"primaryImageOfPage\":{\"@id\":\"https:\\\/\\\/produncan.cl\\\/fr\\\/produit\\\/campo-vista-hermosa-region-de-los-rios\\\/#primaryimage\"},\"image\":{\"@id\":\"https:\\\/\\\/produncan.cl\\\/fr\\\/produit\\\/campo-vista-hermosa-region-de-los-rios\\\/#primaryimage\"},\"thumbnailUrl\":\"https:\\\/\\\/produncan.cl\\\/wp-content\\\/uploads\\\/2023\\\/09\\\/Campo-en-venta-Vista-Hermosa.webp\",\"datePublished\":\"2023-09-21T21:32:44+00:00\",\"dateModified\":\"2025-11-24T21:06:10+00:00\",\"description\":\"Ferme \u00e0 La Uni\u00f3n, 20 ha avec de belles prairies, vue sur les volcans, pente, ligne \u00e9lectrique et hangar \u00e0 balles.\",\"breadcrumb\":{\"@id\":\"https:\\\/\\\/produncan.cl\\\/fr\\\/produit\\\/campo-vista-hermosa-region-de-los-rios\\\/#breadcrumb\"},\"inLanguage\":\"fr-FR\",\"potentialAction\":[{\"@type\":\"ReadAction\",\"target\":[\"https:\\\/\\\/produncan.cl\\\/fr\\\/produit\\\/campo-vista-hermosa-region-de-los-rios\\\/\"]}]},{\"@type\":\"ImageObject\",\"inLanguage\":\"fr-FR\",\"@id\":\"https:\\\/\\\/produncan.cl\\\/fr\\\/produit\\\/campo-vista-hermosa-region-de-los-rios\\\/#primaryimage\",\"url\":\"https:\\\/\\\/produncan.cl\\\/wp-content\\\/uploads\\\/2023\\\/09\\\/Campo-en-venta-Vista-Hermosa.webp\",\"contentUrl\":\"https:\\\/\\\/produncan.cl\\\/wp-content\\\/uploads\\\/2023\\\/09\\\/Campo-en-venta-Vista-Hermosa.webp\",\"width\":600,\"height\":450,\"caption\":\"Terrain \u00e0 vendre Vista Hermosa\"},{\"@type\":\"BreadcrumbList\",\"@id\":\"https:\\\/\\\/produncan.cl\\\/fr\\\/produit\\\/campo-vista-hermosa-region-de-los-rios\\\/#breadcrumb\",\"itemListElement\":[{\"@type\":\"ListItem\",\"position\":1,\"name\":\"Inicio\",\"item\":\"https:\\\/\\\/produncan.cl\\\/fr\\\/\"},{\"@type\":\"ListItem\",\"position\":2,\"name\":\"Propri\u00e9t\u00e9s\",\"item\":\"https:\\\/\\\/produncan.cl\\\/propiedades\\\/\"},{\"@type\":\"ListItem\",\"position\":3,\"name\":\"Champs\",\"item\":\"https:\\\/\\\/produncan.cl\\\/fr\\\/cat&eacute;gorie\\\/champs\\\/\"},{\"@type\":\"ListItem\",\"position\":4,\"name\":\"Campagne dans la r\u00e9gion de La Uni\u00f3n &#8211; Vista Hermosa &#8211; Los R\u00edos\"}]},{\"@type\":\"WebSite\",\"@id\":\"https:\\\/\\\/produncan.cl\\\/fr\\\/#website\",\"url\":\"https:\\\/\\\/produncan.cl\\\/fr\\\/\",\"name\":\"Produncan\",\"description\":\"Nous vous accompagnons dans votre projet de vie !\",\"publisher\":{\"@id\":\"https:\\\/\\\/produncan.cl\\\/fr\\\/#organization\"},\"potentialAction\":[{\"@type\":\"SearchAction\",\"target\":{\"@type\":\"EntryPoint\",\"urlTemplate\":\"https:\\\/\\\/produncan.cl\\\/fr\\\/?s={search_term_string}\"},\"query-input\":{\"@type\":\"PropertyValueSpecification\",\"valueRequired\":true,\"valueName\":\"search_term_string\"}}],\"inLanguage\":\"fr-FR\"},{\"@type\":\"Organization\",\"@id\":\"https:\\\/\\\/produncan.cl\\\/fr\\\/#organization\",\"name\":\"Produncan\",\"url\":\"https:\\\/\\\/produncan.cl\\\/fr\\\/\",\"logo\":{\"@type\":\"ImageObject\",\"inLanguage\":\"fr-FR\",\"@id\":\"https:\\\/\\\/produncan.cl\\\/fr\\\/#\\\/schema\\\/logo\\\/image\\\/\",\"url\":\"https:\\\/\\\/produncan.cl\\\/wp-content\\\/uploads\\\/2021\\\/03\\\/LOGO.jpeg\",\"contentUrl\":\"https:\\\/\\\/produncan.cl\\\/wp-content\\\/uploads\\\/2021\\\/03\\\/LOGO.jpeg\",\"width\":1280,\"height\":903,\"caption\":\"Produncan\"},\"image\":{\"@id\":\"https:\\\/\\\/produncan.cl\\\/fr\\\/#\\\/schema\\\/logo\\\/image\\\/\"},\"sameAs\":[\"https:\\\/\\\/web.facebook.com\\\/produncanland\",\"https:\\\/\\\/www.instagram.com\\\/pro_duncan\\\/\",\"https:\\\/\\\/www.linkedin.com\\\/company\\\/produncan-lands\\\/\",\"https:\\\/\\\/www.youtube.com\\\/channel\\\/UCu7N-f3x0svkazD-Eew1-QQ\"],\"description\":\"En Produncan somos especialistas en la venta de terrenos en el sur de Chile. Proveemos estancias, campos, parcelas y hoteles.\",\"email\":\"info@produncan.cl\"}]}<\/script>\n<meta property=\"og:video\" content=\"https:\/\/www.youtube.com\/embed\/g_6brzspC_Y\" \/>\n<meta property=\"og:video:type\" content=\"text\/html\" \/>\n<meta property=\"og:video:duration\" content=\"67\" \/>\n<meta property=\"og:video:width\" content=\"480\" \/>\n<meta property=\"og:video:height\" content=\"360\" \/>\n<meta property=\"ya:ovs:adult\" content=\"false\" \/>\n<meta property=\"ya:ovs:upload_date\" content=\"2023-09-21T21:32:44+00:00\" \/>\n<meta property=\"ya:ovs:allow_embed\" content=\"true\" \/>\n<meta property=\"product:price:amount\" content=\"380500.00\" \/>\n<meta property=\"product:price:currency\" content=\"USD\" \/>\n<meta property=\"og:availability\" content=\"instock\" \/>\n<meta property=\"product:availability\" content=\"instock\" \/>\n<meta property=\"product:condition\" content=\"new\" \/>\n<!-- \/ Yoast SEO Premium plugin. -->","yoast_head_json":{"title":"Campo Vista Hermosa - R\u00e9gion de Los R\u00edos - Produncan","description":"Ferme \u00e0 La Uni\u00f3n, 20 ha avec de belles prairies, vue sur les volcans, pente, ligne \u00e9lectrique et hangar \u00e0 balles.","robots":{"index":"index","follow":"follow","max-snippet":"max-snippet:-1","max-image-preview":"max-image-preview:large","max-video-preview":"max-video-preview:-1"},"canonical":"https:\/\/produncan.cl\/fr\/produit\/campo-vista-hermosa-region-de-los-rios\/","og_locale":"fr_FR","og_type":"article","og_title":"Campagne dans la r\u00e9gion de La Uni\u00f3n - Vista Hermosa - Los R\u00edos","og_description":"Ferme \u00e0 La Uni\u00f3n, 20 ha avec de belles prairies, vue sur les volcans, pente, ligne \u00e9lectrique et hangar \u00e0 balles.","og_url":"https:\/\/produncan.cl\/fr\/produit\/campo-vista-hermosa-region-de-los-rios\/","og_site_name":"Produncan","article_publisher":"https:\/\/web.facebook.com\/produncanland","article_modified_time":"2025-11-24T21:06:10+00:00","og_image":[{"width":600,"height":450,"url":"https:\/\/produncan.cl\/wp-content\/uploads\/2023\/09\/Campo-en-venta-Vista-Hermosa.webp","type":"image\/webp"}],"twitter_card":"summary_large_image","twitter_misc":{"Price":"USD380.500,00","Availability":"In stock"},"schema":{"@context":"https:\/\/schema.org","@graph":[{"@type":"WebPage","@id":"https:\/\/produncan.cl\/fr\/produit\/campo-vista-hermosa-region-de-los-rios\/","url":"https:\/\/produncan.cl\/fr\/produit\/campo-vista-hermosa-region-de-los-rios\/","name":"Campo Vista Hermosa - R\u00e9gion de Los R\u00edos - Produncan","isPartOf":{"@id":"https:\/\/produncan.cl\/fr\/#website"},"primaryImageOfPage":{"@id":"https:\/\/produncan.cl\/fr\/produit\/campo-vista-hermosa-region-de-los-rios\/#primaryimage"},"image":{"@id":"https:\/\/produncan.cl\/fr\/produit\/campo-vista-hermosa-region-de-los-rios\/#primaryimage"},"thumbnailUrl":"https:\/\/produncan.cl\/wp-content\/uploads\/2023\/09\/Campo-en-venta-Vista-Hermosa.webp","datePublished":"2023-09-21T21:32:44+00:00","dateModified":"2025-11-24T21:06:10+00:00","description":"Ferme \u00e0 La Uni\u00f3n, 20 ha avec de belles prairies, vue sur les volcans, pente, ligne \u00e9lectrique et hangar \u00e0 balles.","breadcrumb":{"@id":"https:\/\/produncan.cl\/fr\/produit\/campo-vista-hermosa-region-de-los-rios\/#breadcrumb"},"inLanguage":"fr-FR","potentialAction":[{"@type":"ReadAction","target":["https:\/\/produncan.cl\/fr\/produit\/campo-vista-hermosa-region-de-los-rios\/"]}]},{"@type":"ImageObject","inLanguage":"fr-FR","@id":"https:\/\/produncan.cl\/fr\/produit\/campo-vista-hermosa-region-de-los-rios\/#primaryimage","url":"https:\/\/produncan.cl\/wp-content\/uploads\/2023\/09\/Campo-en-venta-Vista-Hermosa.webp","contentUrl":"https:\/\/produncan.cl\/wp-content\/uploads\/2023\/09\/Campo-en-venta-Vista-Hermosa.webp","width":600,"height":450,"caption":"Terrain \u00e0 vendre Vista Hermosa"},{"@type":"BreadcrumbList","@id":"https:\/\/produncan.cl\/fr\/produit\/campo-vista-hermosa-region-de-los-rios\/#breadcrumb","itemListElement":[{"@type":"ListItem","position":1,"name":"Inicio","item":"https:\/\/produncan.cl\/fr\/"},{"@type":"ListItem","position":2,"name":"Propri\u00e9t\u00e9s","item":"https:\/\/produncan.cl\/propiedades\/"},{"@type":"ListItem","position":3,"name":"Champs","item":"https:\/\/produncan.cl\/fr\/cat&eacute;gorie\/champs\/"},{"@type":"ListItem","position":4,"name":"Campagne dans la r\u00e9gion de La Uni\u00f3n &#8211; Vista Hermosa &#8211; Los R\u00edos"}]},{"@type":"WebSite","@id":"https:\/\/produncan.cl\/fr\/#website","url":"https:\/\/produncan.cl\/fr\/","name":"Produncan","description":"Nous vous accompagnons dans votre projet de vie !","publisher":{"@id":"https:\/\/produncan.cl\/fr\/#organization"},"potentialAction":[{"@type":"SearchAction","target":{"@type":"EntryPoint","urlTemplate":"https:\/\/produncan.cl\/fr\/?s={search_term_string}"},"query-input":{"@type":"PropertyValueSpecification","valueRequired":true,"valueName":"search_term_string"}}],"inLanguage":"fr-FR"},{"@type":"Organization","@id":"https:\/\/produncan.cl\/fr\/#organization","name":"Produncan","url":"https:\/\/produncan.cl\/fr\/","logo":{"@type":"ImageObject","inLanguage":"fr-FR","@id":"https:\/\/produncan.cl\/fr\/#\/schema\/logo\/image\/","url":"https:\/\/produncan.cl\/wp-content\/uploads\/2021\/03\/LOGO.jpeg","contentUrl":"https:\/\/produncan.cl\/wp-content\/uploads\/2021\/03\/LOGO.jpeg","width":1280,"height":903,"caption":"Produncan"},"image":{"@id":"https:\/\/produncan.cl\/fr\/#\/schema\/logo\/image\/"},"sameAs":["https:\/\/web.facebook.com\/produncanland","https:\/\/www.instagram.com\/pro_duncan\/","https:\/\/www.linkedin.com\/company\/produncan-lands\/","https:\/\/www.youtube.com\/channel\/UCu7N-f3x0svkazD-Eew1-QQ"],"description":"En Produncan somos especialistas en la venta de terrenos en el sur de Chile. Proveemos estancias, campos, parcelas y hoteles.","email":"info@produncan.cl"}]},"og_video":"https:\/\/www.youtube.com\/embed\/g_6brzspC_Y","og_video_type":"text\/html","og_video_duration":"67","og_video_width":"480","og_video_height":"360","ya_ovs_adult":"false","ya_ovs_upload_date":"2023-09-21T21:32:44+00:00","ya_ovs_allow_embed":"true","product_price_amount":"380500.00","product_price_currency":"USD","og_availability":"instock","product_availability":"instock","product_condition":"new"},"_links":{"self":[{"href":"https:\/\/produncan.cl\/fr\/wp-json\/wp\/v2\/product\/19025","targetHints":{"allow":["GET"]}}],"collection":[{"href":"https:\/\/produncan.cl\/fr\/wp-json\/wp\/v2\/product"}],"about":[{"href":"https:\/\/produncan.cl\/fr\/wp-json\/wp\/v2\/types\/product"}],"version-history":[{"count":2,"href":"https:\/\/produncan.cl\/fr\/wp-json\/wp\/v2\/product\/19025\/revisions"}],"predecessor-version":[{"id":52630,"href":"https:\/\/produncan.cl\/fr\/wp-json\/wp\/v2\/product\/19025\/revisions\/52630"}],"wp:featuredmedia":[{"embeddable":true,"href":"https:\/\/produncan.cl\/fr\/wp-json\/wp\/v2\/media\/18825"}],"wp:attachment":[{"href":"https:\/\/produncan.cl\/fr\/wp-json\/wp\/v2\/media?parent=19025"}],"wp:term":[{"taxonomy":"product_brand","embeddable":true,"href":"https:\/\/produncan.cl\/fr\/wp-json\/wp\/v2\/product_brand?post=19025"},{"taxonomy":"product_cat","embeddable":true,"href":"https:\/\/produncan.cl\/fr\/wp-json\/wp\/v2\/product_cat?post=19025"},{"taxonomy":"product_tag","embeddable":true,"href":"https:\/\/produncan.cl\/fr\/wp-json\/wp\/v2\/product_tag?post=19025"},{"taxonomy":"regiones","embeddable":true,"href":"https:\/\/produncan.cl\/fr\/wp-json\/wp\/v2\/regiones?post=19025"},{"taxonomy":"ciudades","embeddable":true,"href":"https:\/\/produncan.cl\/fr\/wp-json\/wp\/v2\/ciudades?post=19025"}],"curies":[{"name":"wp","href":"https:\/\/api.w.org\/{rel}","templated":true}]}}