{"id":21529,"date":"2022-01-13T19:21:58","date_gmt":"2022-01-13T22:21:58","guid":{"rendered":"https:\/\/produncan.cl\/producto\/champ-subdivise-rio-huillinco-ancud-chiloe\/"},"modified":"2025-08-14T12:34:32","modified_gmt":"2025-08-14T16:34:32","slug":"champ-subdivise-rio-huillinco-ancud-chiloe","status":"publish","type":"product","link":"https:\/\/produncan.cl\/fr\/produit\/champ-subdivise-rio-huillinco-ancud-chiloe\/","title":{"rendered":"&#8220;Champ Subdivis\u00e9 R\u00edo Huillinco &#8211; Ancud &#8211; Chilo\u00e9&#8221;"},"content":{"rendered":"\t\t<div data-elementor-type=\"product-post\" data-elementor-id=\"21529\" class=\"elementor elementor-21529 elementor-21453\" data-elementor-post-type=\"product\">\n\t\t\t\t<div class=\"elementor-element elementor-element-c8545a2 e-flex e-con-boxed e-con e-parent\" data-id=\"c8545a2\" data-element_type=\"container\" data-e-type=\"container\" data-settings=\"{&quot;jet_parallax_layout_list&quot;:[]}\">\n\t\t\t\t\t<div class=\"e-con-inner\">\n\t\t\t\t<div class=\"elementor-element elementor-element-4af8755 elementor-widget elementor-widget-heading\" data-id=\"4af8755\" data-element_type=\"widget\" data-e-type=\"widget\" data-widget_type=\"heading.default\">\n\t\t\t\t\t<h2 class=\"elementor-heading-title elementor-size-default\">\"Champ Subdivis\u00e9 : une excellente opportunit\u00e9 d'investissement !\"<\/h2>\t\t\t\t<\/div>\n\t\t\t\t\t<\/div>\n\t\t\t\t<\/div>\n\t\t<div class=\"elementor-element elementor-element-1b7059c e-flex e-con-boxed e-con e-parent\" data-id=\"1b7059c\" data-element_type=\"container\" data-e-type=\"container\" data-settings=\"{&quot;jet_parallax_layout_list&quot;:[]}\">\n\t\t\t\t\t<div class=\"e-con-inner\">\n\t\t\t\t<div class=\"elementor-element elementor-element-d5ab461 elementor-widget elementor-widget-text-editor\" data-id=\"d5ab461\" data-element_type=\"widget\" data-e-type=\"widget\" data-widget_type=\"text-editor.default\">\n\t\t\t\t\t\t\t\t\t&#8220;`html\n<p>Cette propri\u00e9t\u00e9 de 17 hectares pr\u00e9sente une excellente opportunit\u00e9 d&#8217;investissement en raison de sa subdivision en 25 lots, offrant ainsi de multiples options pour son d\u00e9veloppement.<\/p><p><span style=\"color: var( --e-global-color-text ); font-family: var( --e-global-typography-text-font-family ), Sans-serif; font-weight: var( --e-global-typography-text-font-weight ); text-align: var(--text-align);\">La propri\u00e9t\u00e9 dispose de la faisabilit\u00e9 \u00e9lectrique de SAESA, ce qui facilite tout projet de d\u00e9veloppement n\u00e9cessitant de l&#8217;\u00e9lectricit\u00e9. Bien qu&#8217;elle ne dispose actuellement pas d&#8217;eau, elle a la faisabilit\u00e9 pour l&#8217;obtenir et poss\u00e8de des sources et des ruisseaux, ce qui est une ressource pr\u00e9cieuse pour les usages futurs.<\/span><\/p><p><span style=\"color: var( --e-global-color-text ); font-family: var( --e-global-typography-text-font-family ), Sans-serif; font-weight: var( --e-global-typography-text-font-weight ); text-align: var(--text-align);\">On acc\u00e8de \u00e0 la propri\u00e9t\u00e9 depuis l&#8217;asphalte puis par un chemin de 2,2 kilom\u00e8tres de gravier en tr\u00e8s bon \u00e9tat, ce qui offre un acc\u00e8s pratique. La topographie pr\u00e9sente des pentes l\u00e9g\u00e8res dans certains secteurs, ce qui la rend polyvalente pour de multiples usages et facilite la construction.<\/span><\/p><p><span style=\"color: var( --e-global-color-text ); font-family: var( --e-global-typography-text-font-family ), Sans-serif; font-weight: var( --e-global-typography-text-font-weight ); text-align: var(--text-align);\">La combinaison d&#8217;arbres indig\u00e8nes et de prairies dans une proportion de 30-70 fournit suffisamment de prairies dans un environnement naturel diversifi\u00e9. La propri\u00e9t\u00e9 est orient\u00e9e au nord-est, ce qui est id\u00e9al en termes d&#8217;exposition solaire.<\/span><\/p><p><span style=\"color: var( --e-global-color-text ); font-family: var( --e-global-typography-text-font-family ), Sans-serif; font-weight: var( --e-global-typography-text-font-weight ); text-align: var(--text-align);\">La r\u00e9gion offre une riche pr\u00e9sence de faune, ce qui ajoute de la valeur en termes de biodiversit\u00e9 et de possibilit\u00e9s de conservation.<\/span><\/p><p><span style=\"color: var( --e-global-color-text ); font-family: var( --e-global-typography-text-font-family ), Sans-serif; font-weight: var( --e-global-typography-text-font-weight ); text-align: var(--text-align);\">La propri\u00e9t\u00e9 se trouve dans un emplacement avec un acc\u00e8s facile \u00e0 la ville d&#8217;Ancud et des attractions \u00e0 proximit\u00e9, comme le R\u00edo Huillinco, qui est un point fort pour les loisirs de plein air et l&#8217;\u00e9cotourisme.<\/span><\/p><p><span style=\"color: var( --e-global-color-text ); font-family: var( --e-global-typography-text-font-family ), Sans-serif; font-weight: var( --e-global-typography-text-font-weight ); text-align: var(--text-align);\">Le signal de t\u00e9l\u00e9communications est disponible dans la zone, ce qui facilite la communication et la connectivit\u00e9, un aspect important pour les d\u00e9veloppements futurs.<\/span><\/p><p><span style=\"color: var( --e-global-color-text ); font-family: var( --e-global-typography-text-font-family ), Sans-serif; font-weight: var( --e-global-typography-text-font-weight ); text-align: var(--text-align);\">Le climat dans la r\u00e9gion est mod\u00e9r\u00e9, ce qui permet une gamme d&#8217;activit\u00e9s tout au long de l&#8217;ann\u00e9e.<\/span><\/p><p><span style=\"color: var( --e-global-color-text ); font-family: var( --e-global-typography-text-font-family ), Sans-serif; font-weight: var( --e-global-typography-text-font-weight ); text-align: var(--text-align);\">Ce terrain de 17 hectares offre une opportunit\u00e9 d&#8217;investissement unique en raison de sa taille, de son emplacement strat\u00e9gique, de la diversit\u00e9 de ses ressources et de son potentiel de d\u00e9veloppement.<\/span><\/p><p><span style=\"color: var( --e-global-color-text ); font-family: var( --e-global-typography-text-font-family ), Sans-serif; font-weight: var( --e-global-typography-text-font-weight ); text-align: var(--text-align);\">Le prix de vente de 230.000.000 $ est attractif et comp\u00e9titif.<\/span><\/p>\n&#8220;`\t\t\t\t\t\t\t\t<\/div>\n\t\t\t\t\t<\/div>\n\t\t\t\t<\/div>\n\t\t\t\t<\/div>\n\t\t","protected":false},"excerpt":{"rendered":"<p>&#8220;Champ subdivis\u00e9 en 25 lots, poteaux \u00e9lectriques, sources, signal.&#8221;<\/p>\n","protected":false},"featured_media":25193,"template":"","meta":{"_acf_changed":false},"product_brand":[],"product_cat":[113],"product_tag":[233],"regiones":[226],"ciudades":[],"class_list":{"0":"post-21529","1":"product","2":"type-product","3":"status-publish","4":"has-post-thumbnail","6":"product_cat-ohiggins-los-lagos-fr","7":"product_tag-champs","8":"regiones-nuble-los_lagos","10":"first","11":"outofstock","12":"sold-individually","13":"shipping-taxable","14":"product-type-simple"},"acf":[],"yoast_head":"<!-- This site is optimized with the Yoast SEO Premium plugin v26.0 (Yoast SEO v27.3) - https:\/\/yoast.com\/product\/yoast-seo-premium-wordpress\/ -->\n<title>&quot;Champ Subdivis\u00e9 R\u00edo Huillinco - Ancud - Chilo\u00e9&quot; - Produncan<\/title>\n<meta name=\"description\" content=\"&quot;Petit champ de 17 hectares subdivis\u00e9 en 25 lots, avec poteaux \u00e9lectriques, sources et ruisseaux, signal, proximit\u00e9 d&#039;Ancud, Chilo\u00e9 et excellent acc\u00e8s.&quot;\" \/>\n<meta name=\"robots\" content=\"index, follow, max-snippet:-1, max-image-preview:large, max-video-preview:-1\" \/>\n<link rel=\"canonical\" href=\"https:\/\/produncan.cl\/fr\/produit\/champ-subdivise-rio-huillinco-ancud-chiloe\/\" \/>\n<meta property=\"og:locale\" content=\"fr_FR\" \/>\n<meta property=\"og:type\" content=\"article\" \/>\n<meta property=\"og:title\" content=\"&quot;Champ Subdivis\u00e9 R\u00edo Huillinco - Ancud - Chilo\u00e9&quot;\" \/>\n<meta property=\"og:description\" content=\"&quot;Petit champ de 17 hectares subdivis\u00e9 en 25 lots, avec poteaux \u00e9lectriques, sources et ruisseaux, signal, proximit\u00e9 d&#039;Ancud, Chilo\u00e9 et excellent acc\u00e8s.&quot;\" \/>\n<meta property=\"og:url\" content=\"https:\/\/produncan.cl\/fr\/produit\/champ-subdivise-rio-huillinco-ancud-chiloe\/\" \/>\n<meta property=\"og:site_name\" content=\"Produncan\" \/>\n<meta property=\"article:publisher\" content=\"https:\/\/web.facebook.com\/produncanland\" \/>\n<meta property=\"article:modified_time\" content=\"2025-08-14T16:34:32+00:00\" \/>\n<meta property=\"og:image\" content=\"https:\/\/produncan.cl\/wp-content\/uploads\/2022\/01\/Campo-Rio-Huillinco-vendido.webp\" \/>\n\t<meta property=\"og:image:width\" content=\"600\" \/>\n\t<meta property=\"og:image:height\" content=\"450\" \/>\n\t<meta property=\"og:image:type\" content=\"image\/webp\" \/>\n<meta name=\"twitter:card\" content=\"summary_large_image\" \/>\n<meta name=\"twitter:label1\" content=\"Price\" \/>\n\t<meta name=\"twitter:data1\" content=\"\" \/>\n\t<meta name=\"twitter:label2\" content=\"Availability\" \/>\n\t<meta name=\"twitter:data2\" content=\"Out of stock\" \/>\n<script type=\"application\/ld+json\" class=\"yoast-schema-graph\">{\"@context\":\"https:\\\/\\\/schema.org\",\"@graph\":[{\"@type\":\"WebPage\",\"@id\":\"https:\\\/\\\/produncan.cl\\\/fr\\\/produit\\\/champ-subdivise-rio-huillinco-ancud-chiloe\\\/\",\"url\":\"https:\\\/\\\/produncan.cl\\\/fr\\\/produit\\\/champ-subdivise-rio-huillinco-ancud-chiloe\\\/\",\"name\":\"\\\"Champ Subdivis\u00e9 R\u00edo Huillinco - Ancud - Chilo\u00e9\\\" - Produncan\",\"isPartOf\":{\"@id\":\"https:\\\/\\\/produncan.cl\\\/fr\\\/#website\"},\"primaryImageOfPage\":{\"@id\":\"https:\\\/\\\/produncan.cl\\\/fr\\\/produit\\\/champ-subdivise-rio-huillinco-ancud-chiloe\\\/#primaryimage\"},\"image\":{\"@id\":\"https:\\\/\\\/produncan.cl\\\/fr\\\/produit\\\/champ-subdivise-rio-huillinco-ancud-chiloe\\\/#primaryimage\"},\"thumbnailUrl\":\"https:\\\/\\\/produncan.cl\\\/wp-content\\\/uploads\\\/2022\\\/01\\\/Campo-Rio-Huillinco-vendido.webp\",\"datePublished\":\"2022-01-13T22:21:58+00:00\",\"dateModified\":\"2025-08-14T16:34:32+00:00\",\"description\":\"\\\"Petit champ de 17 hectares subdivis\u00e9 en 25 lots, avec poteaux \u00e9lectriques, sources et ruisseaux, signal, proximit\u00e9 d'Ancud, Chilo\u00e9 et excellent acc\u00e8s.\\\"\",\"breadcrumb\":{\"@id\":\"https:\\\/\\\/produncan.cl\\\/fr\\\/produit\\\/champ-subdivise-rio-huillinco-ancud-chiloe\\\/#breadcrumb\"},\"inLanguage\":\"fr-FR\",\"potentialAction\":[{\"@type\":\"ReadAction\",\"target\":[\"https:\\\/\\\/produncan.cl\\\/fr\\\/produit\\\/champ-subdivise-rio-huillinco-ancud-chiloe\\\/\"]}]},{\"@type\":\"ImageObject\",\"inLanguage\":\"fr-FR\",\"@id\":\"https:\\\/\\\/produncan.cl\\\/fr\\\/produit\\\/champ-subdivise-rio-huillinco-ancud-chiloe\\\/#primaryimage\",\"url\":\"https:\\\/\\\/produncan.cl\\\/wp-content\\\/uploads\\\/2022\\\/01\\\/Campo-Rio-Huillinco-vendido.webp\",\"contentUrl\":\"https:\\\/\\\/produncan.cl\\\/wp-content\\\/uploads\\\/2022\\\/01\\\/Campo-Rio-Huillinco-vendido.webp\",\"width\":600,\"height\":450},{\"@type\":\"BreadcrumbList\",\"@id\":\"https:\\\/\\\/produncan.cl\\\/fr\\\/produit\\\/champ-subdivise-rio-huillinco-ancud-chiloe\\\/#breadcrumb\",\"itemListElement\":[{\"@type\":\"ListItem\",\"position\":1,\"name\":\"Inicio\",\"item\":\"https:\\\/\\\/produncan.cl\\\/fr\\\/\"},{\"@type\":\"ListItem\",\"position\":2,\"name\":\"Propri\u00e9t\u00e9s\",\"item\":\"https:\\\/\\\/produncan.cl\\\/propiedades\\\/\"},{\"@type\":\"ListItem\",\"position\":3,\"name\":\"Champs\",\"item\":\"https:\\\/\\\/produncan.cl\\\/fr\\\/cat&eacute;gorie\\\/champs\\\/\"},{\"@type\":\"ListItem\",\"position\":4,\"name\":\"&#8220;Champ Subdivis\u00e9 R\u00edo Huillinco &#8211; Ancud &#8211; Chilo\u00e9&#8221;\"}]},{\"@type\":\"WebSite\",\"@id\":\"https:\\\/\\\/produncan.cl\\\/fr\\\/#website\",\"url\":\"https:\\\/\\\/produncan.cl\\\/fr\\\/\",\"name\":\"Produncan\",\"description\":\"Nous vous accompagnons dans votre projet de vie !\",\"publisher\":{\"@id\":\"https:\\\/\\\/produncan.cl\\\/fr\\\/#organization\"},\"potentialAction\":[{\"@type\":\"SearchAction\",\"target\":{\"@type\":\"EntryPoint\",\"urlTemplate\":\"https:\\\/\\\/produncan.cl\\\/fr\\\/?s={search_term_string}\"},\"query-input\":{\"@type\":\"PropertyValueSpecification\",\"valueRequired\":true,\"valueName\":\"search_term_string\"}}],\"inLanguage\":\"fr-FR\"},{\"@type\":\"Organization\",\"@id\":\"https:\\\/\\\/produncan.cl\\\/fr\\\/#organization\",\"name\":\"Produncan\",\"url\":\"https:\\\/\\\/produncan.cl\\\/fr\\\/\",\"logo\":{\"@type\":\"ImageObject\",\"inLanguage\":\"fr-FR\",\"@id\":\"https:\\\/\\\/produncan.cl\\\/fr\\\/#\\\/schema\\\/logo\\\/image\\\/\",\"url\":\"https:\\\/\\\/produncan.cl\\\/wp-content\\\/uploads\\\/2021\\\/03\\\/LOGO.jpeg\",\"contentUrl\":\"https:\\\/\\\/produncan.cl\\\/wp-content\\\/uploads\\\/2021\\\/03\\\/LOGO.jpeg\",\"width\":1280,\"height\":903,\"caption\":\"Produncan\"},\"image\":{\"@id\":\"https:\\\/\\\/produncan.cl\\\/fr\\\/#\\\/schema\\\/logo\\\/image\\\/\"},\"sameAs\":[\"https:\\\/\\\/web.facebook.com\\\/produncanland\",\"https:\\\/\\\/www.instagram.com\\\/pro_duncan\\\/\",\"https:\\\/\\\/www.linkedin.com\\\/company\\\/produncan-lands\\\/\",\"https:\\\/\\\/www.youtube.com\\\/channel\\\/UCu7N-f3x0svkazD-Eew1-QQ\"],\"description\":\"En Produncan somos especialistas en la venta de terrenos en el sur de Chile. Proveemos estancias, campos, parcelas y hoteles.\",\"email\":\"info@produncan.cl\"}]}<\/script>\n<meta property=\"og:video\" content=\"https:\/\/www.youtube.com\/embed\/A5jAiz_tEFE\" \/>\n<meta property=\"og:video:type\" content=\"text\/html\" \/>\n<meta property=\"og:video:duration\" content=\"65\" \/>\n<meta property=\"og:video:width\" content=\"480\" \/>\n<meta property=\"og:video:height\" content=\"360\" \/>\n<meta property=\"ya:ovs:adult\" content=\"false\" \/>\n<meta property=\"ya:ovs:upload_date\" content=\"2022-01-13T22:21:58+00:00\" \/>\n<meta property=\"ya:ovs:allow_embed\" content=\"true\" \/>\n<meta property=\"product:price:currency\" content=\"USD\" \/>\n<meta property=\"og:availability\" content=\"out of stock\" \/>\n<meta property=\"product:availability\" content=\"out of stock\" \/>\n<meta property=\"product:condition\" content=\"new\" \/>\n<!-- \/ Yoast SEO Premium plugin. -->","yoast_head_json":{"title":"\"Champ Subdivis\u00e9 R\u00edo Huillinco - Ancud - Chilo\u00e9\" - Produncan","description":"\"Petit champ de 17 hectares subdivis\u00e9 en 25 lots, avec poteaux \u00e9lectriques, sources et ruisseaux, signal, proximit\u00e9 d'Ancud, Chilo\u00e9 et excellent acc\u00e8s.\"","robots":{"index":"index","follow":"follow","max-snippet":"max-snippet:-1","max-image-preview":"max-image-preview:large","max-video-preview":"max-video-preview:-1"},"canonical":"https:\/\/produncan.cl\/fr\/produit\/champ-subdivise-rio-huillinco-ancud-chiloe\/","og_locale":"fr_FR","og_type":"article","og_title":"\"Champ Subdivis\u00e9 R\u00edo Huillinco - Ancud - Chilo\u00e9\"","og_description":"\"Petit champ de 17 hectares subdivis\u00e9 en 25 lots, avec poteaux \u00e9lectriques, sources et ruisseaux, signal, proximit\u00e9 d'Ancud, Chilo\u00e9 et excellent acc\u00e8s.\"","og_url":"https:\/\/produncan.cl\/fr\/produit\/champ-subdivise-rio-huillinco-ancud-chiloe\/","og_site_name":"Produncan","article_publisher":"https:\/\/web.facebook.com\/produncanland","article_modified_time":"2025-08-14T16:34:32+00:00","og_image":[{"width":600,"height":450,"url":"https:\/\/produncan.cl\/wp-content\/uploads\/2022\/01\/Campo-Rio-Huillinco-vendido.webp","type":"image\/webp"}],"twitter_card":"summary_large_image","twitter_misc":{"Price":"","Availability":"Out of stock"},"schema":{"@context":"https:\/\/schema.org","@graph":[{"@type":"WebPage","@id":"https:\/\/produncan.cl\/fr\/produit\/champ-subdivise-rio-huillinco-ancud-chiloe\/","url":"https:\/\/produncan.cl\/fr\/produit\/champ-subdivise-rio-huillinco-ancud-chiloe\/","name":"\"Champ Subdivis\u00e9 R\u00edo Huillinco - Ancud - Chilo\u00e9\" - Produncan","isPartOf":{"@id":"https:\/\/produncan.cl\/fr\/#website"},"primaryImageOfPage":{"@id":"https:\/\/produncan.cl\/fr\/produit\/champ-subdivise-rio-huillinco-ancud-chiloe\/#primaryimage"},"image":{"@id":"https:\/\/produncan.cl\/fr\/produit\/champ-subdivise-rio-huillinco-ancud-chiloe\/#primaryimage"},"thumbnailUrl":"https:\/\/produncan.cl\/wp-content\/uploads\/2022\/01\/Campo-Rio-Huillinco-vendido.webp","datePublished":"2022-01-13T22:21:58+00:00","dateModified":"2025-08-14T16:34:32+00:00","description":"\"Petit champ de 17 hectares subdivis\u00e9 en 25 lots, avec poteaux \u00e9lectriques, sources et ruisseaux, signal, proximit\u00e9 d'Ancud, Chilo\u00e9 et excellent acc\u00e8s.\"","breadcrumb":{"@id":"https:\/\/produncan.cl\/fr\/produit\/champ-subdivise-rio-huillinco-ancud-chiloe\/#breadcrumb"},"inLanguage":"fr-FR","potentialAction":[{"@type":"ReadAction","target":["https:\/\/produncan.cl\/fr\/produit\/champ-subdivise-rio-huillinco-ancud-chiloe\/"]}]},{"@type":"ImageObject","inLanguage":"fr-FR","@id":"https:\/\/produncan.cl\/fr\/produit\/champ-subdivise-rio-huillinco-ancud-chiloe\/#primaryimage","url":"https:\/\/produncan.cl\/wp-content\/uploads\/2022\/01\/Campo-Rio-Huillinco-vendido.webp","contentUrl":"https:\/\/produncan.cl\/wp-content\/uploads\/2022\/01\/Campo-Rio-Huillinco-vendido.webp","width":600,"height":450},{"@type":"BreadcrumbList","@id":"https:\/\/produncan.cl\/fr\/produit\/champ-subdivise-rio-huillinco-ancud-chiloe\/#breadcrumb","itemListElement":[{"@type":"ListItem","position":1,"name":"Inicio","item":"https:\/\/produncan.cl\/fr\/"},{"@type":"ListItem","position":2,"name":"Propri\u00e9t\u00e9s","item":"https:\/\/produncan.cl\/propiedades\/"},{"@type":"ListItem","position":3,"name":"Champs","item":"https:\/\/produncan.cl\/fr\/cat&eacute;gorie\/champs\/"},{"@type":"ListItem","position":4,"name":"&#8220;Champ Subdivis\u00e9 R\u00edo Huillinco &#8211; Ancud &#8211; Chilo\u00e9&#8221;"}]},{"@type":"WebSite","@id":"https:\/\/produncan.cl\/fr\/#website","url":"https:\/\/produncan.cl\/fr\/","name":"Produncan","description":"Nous vous accompagnons dans votre projet de vie !","publisher":{"@id":"https:\/\/produncan.cl\/fr\/#organization"},"potentialAction":[{"@type":"SearchAction","target":{"@type":"EntryPoint","urlTemplate":"https:\/\/produncan.cl\/fr\/?s={search_term_string}"},"query-input":{"@type":"PropertyValueSpecification","valueRequired":true,"valueName":"search_term_string"}}],"inLanguage":"fr-FR"},{"@type":"Organization","@id":"https:\/\/produncan.cl\/fr\/#organization","name":"Produncan","url":"https:\/\/produncan.cl\/fr\/","logo":{"@type":"ImageObject","inLanguage":"fr-FR","@id":"https:\/\/produncan.cl\/fr\/#\/schema\/logo\/image\/","url":"https:\/\/produncan.cl\/wp-content\/uploads\/2021\/03\/LOGO.jpeg","contentUrl":"https:\/\/produncan.cl\/wp-content\/uploads\/2021\/03\/LOGO.jpeg","width":1280,"height":903,"caption":"Produncan"},"image":{"@id":"https:\/\/produncan.cl\/fr\/#\/schema\/logo\/image\/"},"sameAs":["https:\/\/web.facebook.com\/produncanland","https:\/\/www.instagram.com\/pro_duncan\/","https:\/\/www.linkedin.com\/company\/produncan-lands\/","https:\/\/www.youtube.com\/channel\/UCu7N-f3x0svkazD-Eew1-QQ"],"description":"En Produncan somos especialistas en la venta de terrenos en el sur de Chile. Proveemos estancias, campos, parcelas y hoteles.","email":"info@produncan.cl"}]},"og_video":"https:\/\/www.youtube.com\/embed\/A5jAiz_tEFE","og_video_type":"text\/html","og_video_duration":"65","og_video_width":"480","og_video_height":"360","ya_ovs_adult":"false","ya_ovs_upload_date":"2022-01-13T22:21:58+00:00","ya_ovs_allow_embed":"true","product_price_currency":"USD","og_availability":"out of stock","product_availability":"out of stock","product_condition":"new"},"_links":{"self":[{"href":"https:\/\/produncan.cl\/fr\/wp-json\/wp\/v2\/product\/21529","targetHints":{"allow":["GET"]}}],"collection":[{"href":"https:\/\/produncan.cl\/fr\/wp-json\/wp\/v2\/product"}],"about":[{"href":"https:\/\/produncan.cl\/fr\/wp-json\/wp\/v2\/types\/product"}],"version-history":[{"count":0,"href":"https:\/\/produncan.cl\/fr\/wp-json\/wp\/v2\/product\/21529\/revisions"}],"wp:featuredmedia":[{"embeddable":true,"href":"https:\/\/produncan.cl\/fr\/wp-json\/wp\/v2\/media\/25193"}],"wp:attachment":[{"href":"https:\/\/produncan.cl\/fr\/wp-json\/wp\/v2\/media?parent=21529"}],"wp:term":[{"taxonomy":"product_brand","embeddable":true,"href":"https:\/\/produncan.cl\/fr\/wp-json\/wp\/v2\/product_brand?post=21529"},{"taxonomy":"product_cat","embeddable":true,"href":"https:\/\/produncan.cl\/fr\/wp-json\/wp\/v2\/product_cat?post=21529"},{"taxonomy":"product_tag","embeddable":true,"href":"https:\/\/produncan.cl\/fr\/wp-json\/wp\/v2\/product_tag?post=21529"},{"taxonomy":"regiones","embeddable":true,"href":"https:\/\/produncan.cl\/fr\/wp-json\/wp\/v2\/regiones?post=21529"},{"taxonomy":"ciudades","embeddable":true,"href":"https:\/\/produncan.cl\/fr\/wp-json\/wp\/v2\/ciudades?post=21529"}],"curies":[{"name":"wp","href":"https:\/\/api.w.org\/{rel}","templated":true}]}}