{"id":23507,"date":"2023-10-30T16:38:31","date_gmt":"2023-10-30T19:38:31","guid":{"rendered":"https:\/\/produncan.cl\/producto\/parcelles-alto-sofia-puerto-natales-region-de-magallanes\/"},"modified":"2026-03-12T13:00:36","modified_gmt":"2026-03-12T16:00:36","slug":"parcelles-alto-sofia-puerto-natales-region-de-magallanes","status":"publish","type":"product","link":"https:\/\/produncan.cl\/fr\/produit\/parcelles-alto-sofia-puerto-natales-region-de-magallanes\/","title":{"rendered":"Parcelles \u00e0 Puerto Natales &#8211; Alto Laguna Sof\u00eda &#8211; R\u00e9gion de Magallanes"},"content":{"rendered":"\t\t<div data-elementor-type=\"product-post\" data-elementor-id=\"23507\" class=\"elementor elementor-23507 elementor-22211\" data-elementor-post-type=\"product\">\n\t\t\t\t<div class=\"elementor-element elementor-element-477a0a2 e-flex e-con-boxed e-con e-parent\" data-id=\"477a0a2\" data-element_type=\"container\" data-e-type=\"container\" data-settings=\"{&quot;jet_parallax_layout_list&quot;:[]}\">\n\t\t\t\t\t<div class=\"e-con-inner\">\n\t\t\t\t<div class=\"elementor-element elementor-element-fe19be9 elementor-widget elementor-widget-heading\" data-id=\"fe19be9\" data-element_type=\"widget\" data-e-type=\"widget\" data-widget_type=\"heading.default\">\n\t\t\t\t\t<h2 class=\"elementor-heading-title elementor-size-default\">Bienvenue dans l'un des projets les plus attrayants de la r\u00e9gion proche de Puerto Natales !<\/h2>\t\t\t\t<\/div>\n\t\t\t\t\t<\/div>\n\t\t\t\t<\/div>\n\t\t<div class=\"elementor-element elementor-element-604b1c6 e-flex e-con-boxed e-con e-parent\" data-id=\"604b1c6\" data-element_type=\"container\" data-e-type=\"container\" data-settings=\"{&quot;jet_parallax_layout_list&quot;:[]}\">\n\t\t\t\t\t<div class=\"e-con-inner\">\n\t\t\t\t<div class=\"elementor-element elementor-element-575de6a elementor-widget elementor-widget-text-editor\" data-id=\"575de6a\" data-element_type=\"widget\" data-e-type=\"widget\" data-widget_type=\"text-editor.default\">\n\t\t\t\t\t\t\t\t\t<p>Ce projet de 21 parcelles situ\u00e9 dans la commune de Puerto Natales, r\u00e9gion de Magallanes, Il poss\u00e8de toutes les qualit\u00e9s n\u00e9cessaires pour devenir l&#8217;option la plus attrayante de la r\u00e9gion.<\/p>\n<p>Lotes Alto Laguna Sofia b\u00e9n\u00e9ficie d&#8217;un acc\u00e8s in\u00e9gal\u00e9 puisqu&#8217;il borde la route goudronn\u00e9e (Route 9) et se trouve \u00e0 seulement 18 minutes ou 22 kilom\u00e8tres au nord de Puerto Natales, sur la route de Cerro Castillo et du parc Torres del Paine.<\/p>\n<p>Les parcelles sont plates, ont une superficie comprise entre 5344m\u00b2 et 7210m\u00b2, et disposent pour la plupart de prairies propres avec des p\u00e2turages naturels fertiles et une belle vue sur la Laguna Sofia, le Cerro Benitez et la Sierra Prat.<\/p>\n<p>Bien que le projet ait un caract\u00e8re r\u00e9sidentiel, les sept parcelles adjacentes \u00e0 la route 9 peuvent \u00eatre utilis\u00e9es pour des activit\u00e9s commerciales li\u00e9es \u00e0 l&#8217;industrie du tourisme, aux restaurants, aux h\u00f4tels, au commerce de d\u00e9tail et aux \u00e9v\u00e9nements culturels.<\/p>\n<p>Le projet dispose de routes int\u00e9rieures et les parcelles seront livr\u00e9es cl\u00f4tur\u00e9es. En outre, l&#8217;acc\u00e8s au gaz naturel est pr\u00e9vu \u00e0 l&#8217;avenir gr\u00e2ce \u00e0 une demande aupr\u00e8s de l&#8217;ENAP qui permettra de relier l&#8217;approvisionnement entre Puerto Natales et Cerro Castillo.<\/p>\n<p>Dans un premier temps, le projet sera g\u00e9r\u00e9 par la soci\u00e9t\u00e9 immobili\u00e8re jusqu&#8217;\u00e0 ce que 80 % des unit\u00e9s aient \u00e9t\u00e9 vendues. Par la suite, les propri\u00e9taires formeront un conseil d&#8217;administration qui \u00e9tablira les statuts et s&#8217;occupera de l&#8217;administration.<\/p>\n<p>Le projet dispose d&#8217;un r\u00e8glement interne qui vise \u00e0 promouvoir la coexistence et le respect de l&#8217;environnement et qui peut \u00eatre modifi\u00e9 lors de la formation du comit\u00e9 des propri\u00e9taires.<\/p>\n<p>\u00c0 proximit\u00e9 du projet, vous pourrez profiter de plusieurs attractions, telles que la plage publique de Laguna Sofia, la grotte de Milodon, Puerto Prat, Puerto Natales, Cerro Castillo et le parc national Torres del Paine, entre autres.<\/p>\n<p>L&#8217;a\u00e9roport Julio Gallardo se trouve \u00e0 seulement 11 minutes (15 kilom\u00e8tres) du projet et assure actuellement des vols commerciaux et priv\u00e9s tout au long de l&#8217;ann\u00e9e.<\/p>\n<p>En termes de climat, la r\u00e9gion a une temp\u00e9rature annuelle moyenne de 6,7 \u00b0C, avec des \u00e9t\u00e9s chauds de novembre \u00e0 mars (moyenne de 14 \u00b0C) et des chutes de neige entre juillet et ao\u00fbt.<\/p>\n<p>Le prix des parcelles est de 2 800 UF pour la premi\u00e8re rang\u00e9e avec acc\u00e8s \u00e0 la route 9 et de 2 600 UF pour la deuxi\u00e8me rang\u00e9e.<\/p>\n<p>N&#8217;h\u00e9sitez pas \u00e0 nous contacter pour plus de d\u00e9tails sur ce projet exceptionnel !<\/p>\n\t\t\t\t\t\t\t\t<\/div>\n\t\t\t\t\t<\/div>\n\t\t\t\t<\/div>\n\t\t\t\t<\/div>\n\t\t","protected":false},"excerpt":{"rendered":"<p>Terrains \u00e0 Laguna Sofia, Puerto Natales. 21 parcelles au bord de la route 9, \u00e0 18 minutes de Puerto Natales. Projet touristique id\u00e9al, grande exposition, \u00e0 proximit\u00e9 de la Laguna Sofia et d&#8217;attractions telles que la grotte du Milodon, Puerto Prat et Torres del Paine.  <\/p>\n","protected":false},"featured_media":22216,"template":"","meta":{"_acf_changed":false},"product_brand":[],"product_cat":[129],"product_tag":[236,237],"regiones":[225],"ciudades":[210],"class_list":{"0":"post-23507","1":"product","2":"type-product","3":"status-publish","4":"has-post-thumbnail","6":"product_cat-aysen-magallanes-fr","7":"product_tag-parcelles","8":"product_tag-proprietes-touristiques","9":"regiones-aysen-magallanes","10":"ciudades-puerto-natales","12":"first","13":"instock","14":"shipping-taxable","15":"purchasable","16":"product-type-simple"},"acf":[],"yoast_head":"<!-- This site is optimized with the Yoast SEO Premium plugin v26.0 (Yoast SEO v27.3) - https:\/\/yoast.com\/product\/yoast-seo-premium-wordpress\/ -->\n<title>Lots Alto Laguna Sofia - Puerto Natales - Magallanes - Produncan<\/title>\n<meta name=\"description\" content=\"Lotes Alto Laguna Sofia se compose de 66 parcelles en bordure de la route 9, \u00e0 18 minutes de Puerto Natales. Projet touristique id\u00e9al, forte exposition.\" \/>\n<meta name=\"robots\" content=\"index, follow, max-snippet:-1, max-image-preview:large, max-video-preview:-1\" \/>\n<link rel=\"canonical\" href=\"https:\/\/produncan.cl\/fr\/produit\/parcelles-alto-sofia-puerto-natales-region-de-magallanes\/\" \/>\n<meta property=\"og:locale\" content=\"fr_FR\" \/>\n<meta property=\"og:type\" content=\"article\" \/>\n<meta property=\"og:title\" content=\"Parcelles \u00e0 Puerto Natales - Alto Laguna Sof\u00eda - R\u00e9gion de Magallanes\" \/>\n<meta property=\"og:description\" content=\"Lotes Alto Laguna Sofia se compose de 66 parcelles en bordure de la route 9, \u00e0 18 minutes de Puerto Natales. Projet touristique id\u00e9al, forte exposition.\" \/>\n<meta property=\"og:url\" content=\"https:\/\/produncan.cl\/fr\/produit\/parcelles-alto-sofia-puerto-natales-region-de-magallanes\/\" \/>\n<meta property=\"og:site_name\" content=\"Produncan\" \/>\n<meta property=\"article:publisher\" content=\"https:\/\/web.facebook.com\/produncanland\" \/>\n<meta property=\"article:modified_time\" content=\"2026-03-12T16:00:36+00:00\" \/>\n<meta property=\"og:image\" content=\"https:\/\/produncan.cl\/wp-content\/uploads\/2023\/10\/Parcelas-Alto-Sofia-Puerto-Natales-en-venta.webp\" \/>\n\t<meta property=\"og:image:width\" content=\"600\" \/>\n\t<meta property=\"og:image:height\" content=\"450\" \/>\n\t<meta property=\"og:image:type\" content=\"image\/webp\" \/>\n<meta name=\"twitter:card\" content=\"summary_large_image\" \/>\n<meta name=\"twitter:label1\" content=\"Price\" \/>\n\t<meta name=\"twitter:data1\" content=\"USD107.700,00\" \/>\n\t<meta name=\"twitter:label2\" content=\"Availability\" \/>\n\t<meta name=\"twitter:data2\" content=\"In stock\" \/>\n<script type=\"application\/ld+json\" class=\"yoast-schema-graph\">{\"@context\":\"https:\\\/\\\/schema.org\",\"@graph\":[{\"@type\":\"WebPage\",\"@id\":\"https:\\\/\\\/produncan.cl\\\/fr\\\/produit\\\/parcelles-alto-sofia-puerto-natales-region-de-magallanes\\\/\",\"url\":\"https:\\\/\\\/produncan.cl\\\/fr\\\/produit\\\/parcelles-alto-sofia-puerto-natales-region-de-magallanes\\\/\",\"name\":\"Lots Alto Laguna Sofia - Puerto Natales - Magallanes - Produncan\",\"isPartOf\":{\"@id\":\"https:\\\/\\\/produncan.cl\\\/fr\\\/#website\"},\"primaryImageOfPage\":{\"@id\":\"https:\\\/\\\/produncan.cl\\\/fr\\\/produit\\\/parcelles-alto-sofia-puerto-natales-region-de-magallanes\\\/#primaryimage\"},\"image\":{\"@id\":\"https:\\\/\\\/produncan.cl\\\/fr\\\/produit\\\/parcelles-alto-sofia-puerto-natales-region-de-magallanes\\\/#primaryimage\"},\"thumbnailUrl\":\"https:\\\/\\\/produncan.cl\\\/wp-content\\\/uploads\\\/2023\\\/10\\\/Parcelas-Alto-Sofia-Puerto-Natales-en-venta.webp\",\"datePublished\":\"2023-10-30T19:38:31+00:00\",\"dateModified\":\"2026-03-12T16:00:36+00:00\",\"description\":\"Lotes Alto Laguna Sofia se compose de 66 parcelles en bordure de la route 9, \u00e0 18 minutes de Puerto Natales. Projet touristique id\u00e9al, forte exposition.\",\"breadcrumb\":{\"@id\":\"https:\\\/\\\/produncan.cl\\\/fr\\\/produit\\\/parcelles-alto-sofia-puerto-natales-region-de-magallanes\\\/#breadcrumb\"},\"inLanguage\":\"fr-FR\",\"potentialAction\":[{\"@type\":\"ReadAction\",\"target\":[\"https:\\\/\\\/produncan.cl\\\/fr\\\/produit\\\/parcelles-alto-sofia-puerto-natales-region-de-magallanes\\\/\"]}]},{\"@type\":\"ImageObject\",\"inLanguage\":\"fr-FR\",\"@id\":\"https:\\\/\\\/produncan.cl\\\/fr\\\/produit\\\/parcelles-alto-sofia-puerto-natales-region-de-magallanes\\\/#primaryimage\",\"url\":\"https:\\\/\\\/produncan.cl\\\/wp-content\\\/uploads\\\/2023\\\/10\\\/Parcelas-Alto-Sofia-Puerto-Natales-en-venta.webp\",\"contentUrl\":\"https:\\\/\\\/produncan.cl\\\/wp-content\\\/uploads\\\/2023\\\/10\\\/Parcelas-Alto-Sofia-Puerto-Natales-en-venta.webp\",\"width\":600,\"height\":450,\"caption\":\"Terrain \u00e0 vendre Alto Sof\u00eda Puerto Natales\"},{\"@type\":\"BreadcrumbList\",\"@id\":\"https:\\\/\\\/produncan.cl\\\/fr\\\/produit\\\/parcelles-alto-sofia-puerto-natales-region-de-magallanes\\\/#breadcrumb\",\"itemListElement\":[{\"@type\":\"ListItem\",\"position\":1,\"name\":\"Inicio\",\"item\":\"https:\\\/\\\/produncan.cl\\\/fr\\\/\"},{\"@type\":\"ListItem\",\"position\":2,\"name\":\"Propri\u00e9t\u00e9s\",\"item\":\"https:\\\/\\\/produncan.cl\\\/propiedades\\\/\"},{\"@type\":\"ListItem\",\"position\":3,\"name\":\"Parcelles\",\"item\":\"https:\\\/\\\/produncan.cl\\\/fr\\\/cat&eacute;gorie\\\/parcelles\\\/\"},{\"@type\":\"ListItem\",\"position\":4,\"name\":\"Parcelles \u00e0 Puerto Natales &#8211; Alto Laguna Sof\u00eda &#8211; R\u00e9gion de Magallanes\"}]},{\"@type\":\"WebSite\",\"@id\":\"https:\\\/\\\/produncan.cl\\\/fr\\\/#website\",\"url\":\"https:\\\/\\\/produncan.cl\\\/fr\\\/\",\"name\":\"Produncan\",\"description\":\"Nous vous accompagnons dans votre projet de vie !\",\"publisher\":{\"@id\":\"https:\\\/\\\/produncan.cl\\\/fr\\\/#organization\"},\"potentialAction\":[{\"@type\":\"SearchAction\",\"target\":{\"@type\":\"EntryPoint\",\"urlTemplate\":\"https:\\\/\\\/produncan.cl\\\/fr\\\/?s={search_term_string}\"},\"query-input\":{\"@type\":\"PropertyValueSpecification\",\"valueRequired\":true,\"valueName\":\"search_term_string\"}}],\"inLanguage\":\"fr-FR\"},{\"@type\":\"Organization\",\"@id\":\"https:\\\/\\\/produncan.cl\\\/fr\\\/#organization\",\"name\":\"Produncan\",\"url\":\"https:\\\/\\\/produncan.cl\\\/fr\\\/\",\"logo\":{\"@type\":\"ImageObject\",\"inLanguage\":\"fr-FR\",\"@id\":\"https:\\\/\\\/produncan.cl\\\/fr\\\/#\\\/schema\\\/logo\\\/image\\\/\",\"url\":\"https:\\\/\\\/produncan.cl\\\/wp-content\\\/uploads\\\/2021\\\/03\\\/LOGO.jpeg\",\"contentUrl\":\"https:\\\/\\\/produncan.cl\\\/wp-content\\\/uploads\\\/2021\\\/03\\\/LOGO.jpeg\",\"width\":1280,\"height\":903,\"caption\":\"Produncan\"},\"image\":{\"@id\":\"https:\\\/\\\/produncan.cl\\\/fr\\\/#\\\/schema\\\/logo\\\/image\\\/\"},\"sameAs\":[\"https:\\\/\\\/web.facebook.com\\\/produncanland\",\"https:\\\/\\\/www.instagram.com\\\/pro_duncan\\\/\",\"https:\\\/\\\/www.linkedin.com\\\/company\\\/produncan-lands\\\/\",\"https:\\\/\\\/www.youtube.com\\\/channel\\\/UCu7N-f3x0svkazD-Eew1-QQ\"],\"description\":\"En Produncan somos especialistas en la venta de terrenos en el sur de Chile. Proveemos estancias, campos, parcelas y hoteles.\",\"email\":\"info@produncan.cl\"}]}<\/script>\n<meta property=\"og:video\" content=\"https:\/\/www.youtube.com\/embed\/sqoQRagy1NM\" \/>\n<meta property=\"og:video:type\" content=\"text\/html\" \/>\n<meta property=\"og:video:duration\" content=\"71\" \/>\n<meta property=\"og:video:width\" content=\"480\" \/>\n<meta property=\"og:video:height\" content=\"270\" \/>\n<meta property=\"ya:ovs:adult\" content=\"false\" \/>\n<meta property=\"ya:ovs:upload_date\" content=\"2023-10-30T19:38:31+00:00\" \/>\n<meta property=\"ya:ovs:allow_embed\" content=\"true\" \/>\n<meta property=\"product:price:amount\" content=\"107700.00\" \/>\n<meta property=\"product:price:currency\" content=\"USD\" \/>\n<meta property=\"og:availability\" content=\"instock\" \/>\n<meta property=\"product:availability\" content=\"instock\" \/>\n<meta property=\"product:condition\" content=\"new\" \/>\n<!-- \/ Yoast SEO Premium plugin. -->","yoast_head_json":{"title":"Lots Alto Laguna Sofia - Puerto Natales - Magallanes - Produncan","description":"Lotes Alto Laguna Sofia se compose de 66 parcelles en bordure de la route 9, \u00e0 18 minutes de Puerto Natales. Projet touristique id\u00e9al, forte exposition.","robots":{"index":"index","follow":"follow","max-snippet":"max-snippet:-1","max-image-preview":"max-image-preview:large","max-video-preview":"max-video-preview:-1"},"canonical":"https:\/\/produncan.cl\/fr\/produit\/parcelles-alto-sofia-puerto-natales-region-de-magallanes\/","og_locale":"fr_FR","og_type":"article","og_title":"Parcelles \u00e0 Puerto Natales - Alto Laguna Sof\u00eda - R\u00e9gion de Magallanes","og_description":"Lotes Alto Laguna Sofia se compose de 66 parcelles en bordure de la route 9, \u00e0 18 minutes de Puerto Natales. Projet touristique id\u00e9al, forte exposition.","og_url":"https:\/\/produncan.cl\/fr\/produit\/parcelles-alto-sofia-puerto-natales-region-de-magallanes\/","og_site_name":"Produncan","article_publisher":"https:\/\/web.facebook.com\/produncanland","article_modified_time":"2026-03-12T16:00:36+00:00","og_image":[{"width":600,"height":450,"url":"https:\/\/produncan.cl\/wp-content\/uploads\/2023\/10\/Parcelas-Alto-Sofia-Puerto-Natales-en-venta.webp","type":"image\/webp"}],"twitter_card":"summary_large_image","twitter_misc":{"Price":"USD107.700,00","Availability":"In stock"},"schema":{"@context":"https:\/\/schema.org","@graph":[{"@type":"WebPage","@id":"https:\/\/produncan.cl\/fr\/produit\/parcelles-alto-sofia-puerto-natales-region-de-magallanes\/","url":"https:\/\/produncan.cl\/fr\/produit\/parcelles-alto-sofia-puerto-natales-region-de-magallanes\/","name":"Lots Alto Laguna Sofia - Puerto Natales - Magallanes - Produncan","isPartOf":{"@id":"https:\/\/produncan.cl\/fr\/#website"},"primaryImageOfPage":{"@id":"https:\/\/produncan.cl\/fr\/produit\/parcelles-alto-sofia-puerto-natales-region-de-magallanes\/#primaryimage"},"image":{"@id":"https:\/\/produncan.cl\/fr\/produit\/parcelles-alto-sofia-puerto-natales-region-de-magallanes\/#primaryimage"},"thumbnailUrl":"https:\/\/produncan.cl\/wp-content\/uploads\/2023\/10\/Parcelas-Alto-Sofia-Puerto-Natales-en-venta.webp","datePublished":"2023-10-30T19:38:31+00:00","dateModified":"2026-03-12T16:00:36+00:00","description":"Lotes Alto Laguna Sofia se compose de 66 parcelles en bordure de la route 9, \u00e0 18 minutes de Puerto Natales. Projet touristique id\u00e9al, forte exposition.","breadcrumb":{"@id":"https:\/\/produncan.cl\/fr\/produit\/parcelles-alto-sofia-puerto-natales-region-de-magallanes\/#breadcrumb"},"inLanguage":"fr-FR","potentialAction":[{"@type":"ReadAction","target":["https:\/\/produncan.cl\/fr\/produit\/parcelles-alto-sofia-puerto-natales-region-de-magallanes\/"]}]},{"@type":"ImageObject","inLanguage":"fr-FR","@id":"https:\/\/produncan.cl\/fr\/produit\/parcelles-alto-sofia-puerto-natales-region-de-magallanes\/#primaryimage","url":"https:\/\/produncan.cl\/wp-content\/uploads\/2023\/10\/Parcelas-Alto-Sofia-Puerto-Natales-en-venta.webp","contentUrl":"https:\/\/produncan.cl\/wp-content\/uploads\/2023\/10\/Parcelas-Alto-Sofia-Puerto-Natales-en-venta.webp","width":600,"height":450,"caption":"Terrain \u00e0 vendre Alto Sof\u00eda Puerto Natales"},{"@type":"BreadcrumbList","@id":"https:\/\/produncan.cl\/fr\/produit\/parcelles-alto-sofia-puerto-natales-region-de-magallanes\/#breadcrumb","itemListElement":[{"@type":"ListItem","position":1,"name":"Inicio","item":"https:\/\/produncan.cl\/fr\/"},{"@type":"ListItem","position":2,"name":"Propri\u00e9t\u00e9s","item":"https:\/\/produncan.cl\/propiedades\/"},{"@type":"ListItem","position":3,"name":"Parcelles","item":"https:\/\/produncan.cl\/fr\/cat&eacute;gorie\/parcelles\/"},{"@type":"ListItem","position":4,"name":"Parcelles \u00e0 Puerto Natales &#8211; Alto Laguna Sof\u00eda &#8211; R\u00e9gion de Magallanes"}]},{"@type":"WebSite","@id":"https:\/\/produncan.cl\/fr\/#website","url":"https:\/\/produncan.cl\/fr\/","name":"Produncan","description":"Nous vous accompagnons dans votre projet de vie !","publisher":{"@id":"https:\/\/produncan.cl\/fr\/#organization"},"potentialAction":[{"@type":"SearchAction","target":{"@type":"EntryPoint","urlTemplate":"https:\/\/produncan.cl\/fr\/?s={search_term_string}"},"query-input":{"@type":"PropertyValueSpecification","valueRequired":true,"valueName":"search_term_string"}}],"inLanguage":"fr-FR"},{"@type":"Organization","@id":"https:\/\/produncan.cl\/fr\/#organization","name":"Produncan","url":"https:\/\/produncan.cl\/fr\/","logo":{"@type":"ImageObject","inLanguage":"fr-FR","@id":"https:\/\/produncan.cl\/fr\/#\/schema\/logo\/image\/","url":"https:\/\/produncan.cl\/wp-content\/uploads\/2021\/03\/LOGO.jpeg","contentUrl":"https:\/\/produncan.cl\/wp-content\/uploads\/2021\/03\/LOGO.jpeg","width":1280,"height":903,"caption":"Produncan"},"image":{"@id":"https:\/\/produncan.cl\/fr\/#\/schema\/logo\/image\/"},"sameAs":["https:\/\/web.facebook.com\/produncanland","https:\/\/www.instagram.com\/pro_duncan\/","https:\/\/www.linkedin.com\/company\/produncan-lands\/","https:\/\/www.youtube.com\/channel\/UCu7N-f3x0svkazD-Eew1-QQ"],"description":"En Produncan somos especialistas en la venta de terrenos en el sur de Chile. Proveemos estancias, campos, parcelas y hoteles.","email":"info@produncan.cl"}]},"og_video":"https:\/\/www.youtube.com\/embed\/sqoQRagy1NM","og_video_type":"text\/html","og_video_duration":"71","og_video_width":"480","og_video_height":"270","ya_ovs_adult":"false","ya_ovs_upload_date":"2023-10-30T19:38:31+00:00","ya_ovs_allow_embed":"true","product_price_amount":"107700.00","product_price_currency":"USD","og_availability":"instock","product_availability":"instock","product_condition":"new"},"_links":{"self":[{"href":"https:\/\/produncan.cl\/fr\/wp-json\/wp\/v2\/product\/23507","targetHints":{"allow":["GET"]}}],"collection":[{"href":"https:\/\/produncan.cl\/fr\/wp-json\/wp\/v2\/product"}],"about":[{"href":"https:\/\/produncan.cl\/fr\/wp-json\/wp\/v2\/types\/product"}],"version-history":[{"count":3,"href":"https:\/\/produncan.cl\/fr\/wp-json\/wp\/v2\/product\/23507\/revisions"}],"predecessor-version":[{"id":54864,"href":"https:\/\/produncan.cl\/fr\/wp-json\/wp\/v2\/product\/23507\/revisions\/54864"}],"wp:featuredmedia":[{"embeddable":true,"href":"https:\/\/produncan.cl\/fr\/wp-json\/wp\/v2\/media\/22216"}],"wp:attachment":[{"href":"https:\/\/produncan.cl\/fr\/wp-json\/wp\/v2\/media?parent=23507"}],"wp:term":[{"taxonomy":"product_brand","embeddable":true,"href":"https:\/\/produncan.cl\/fr\/wp-json\/wp\/v2\/product_brand?post=23507"},{"taxonomy":"product_cat","embeddable":true,"href":"https:\/\/produncan.cl\/fr\/wp-json\/wp\/v2\/product_cat?post=23507"},{"taxonomy":"product_tag","embeddable":true,"href":"https:\/\/produncan.cl\/fr\/wp-json\/wp\/v2\/product_tag?post=23507"},{"taxonomy":"regiones","embeddable":true,"href":"https:\/\/produncan.cl\/fr\/wp-json\/wp\/v2\/regiones?post=23507"},{"taxonomy":"ciudades","embeddable":true,"href":"https:\/\/produncan.cl\/fr\/wp-json\/wp\/v2\/ciudades?post=23507"}],"curies":[{"name":"wp","href":"https:\/\/api.w.org\/{rel}","templated":true}]}}