{"id":24318,"date":"2023-11-20T18:51:42","date_gmt":"2023-11-20T21:51:42","guid":{"rendered":"https:\/\/produncan.cl\/producto\/reserves-de-rio-blanco-lac-chapo-puerto-montt\/"},"modified":"2025-11-24T18:05:02","modified_gmt":"2025-11-24T21:05:02","slug":"reserves-de-rio-blanco-lac-chapo-puerto-montt","status":"publish","type":"product","link":"https:\/\/produncan.cl\/fr\/produit\/reserves-de-rio-blanco-lac-chapo-puerto-montt\/","title":{"rendered":"R\u00e9serves de Rio Blanco &#8211; Lac Chapo &#8211; Puerto Montt"},"content":{"rendered":"\t\t<div data-elementor-type=\"product-post\" data-elementor-id=\"24318\" class=\"elementor elementor-24318 elementor-23924\" data-elementor-post-type=\"product\">\n\t\t\t\t<div class=\"elementor-element elementor-element-bc12394 e-flex e-con-boxed e-con e-parent\" data-id=\"bc12394\" data-element_type=\"container\" data-e-type=\"container\" data-settings=\"{&quot;jet_parallax_layout_list&quot;:[]}\">\n\t\t\t\t\t<div class=\"e-con-inner\">\n\t\t\t\t<div class=\"elementor-element elementor-element-7899047 elementor-widget elementor-widget-heading\" data-id=\"7899047\" data-element_type=\"widget\" data-e-type=\"widget\" data-widget_type=\"heading.default\">\n\t\t\t\t\t<h2 class=\"elementor-heading-title elementor-size-default\">Macro lots \u00e0 40 minutes de Puerto Montt<\/h2>\t\t\t\t<\/div>\n\t\t\t\t\t<\/div>\n\t\t\t\t<\/div>\n\t\t<div class=\"elementor-element elementor-element-3513ead e-flex e-con-boxed e-con e-parent\" data-id=\"3513ead\" data-element_type=\"container\" data-e-type=\"container\" data-settings=\"{&quot;jet_parallax_layout_list&quot;:[]}\">\n\t\t\t\t\t<div class=\"e-con-inner\">\n\t\t\t\t<div class=\"elementor-element elementor-element-87d0c0a elementor-widget elementor-widget-text-editor\" data-id=\"87d0c0a\" data-element_type=\"widget\" data-e-type=\"widget\" data-widget_type=\"text-editor.default\">\n\t\t\t\t\t\t\t\t\t<p>Le projet Reservas del Rio Blanco, situ\u00e9 \u00e0 40 minutes de Puerto Montt, offre une opportunit\u00e9 exceptionnelle de faire de votre petit camp tant d\u00e9sir\u00e9 une r\u00e9alit\u00e9 \u00e0 un co\u00fbt abordable. Avec la proximit\u00e9 de la ville de Puerto Montt, un acc\u00e8s goudronn\u00e9 et la disponibilit\u00e9 de tous les services essentiels, ce projet garantit une exp\u00e9rience unique.<\/p><p>Les macro-lots ont une superficie comprise entre 3,1 et 3,5 hectares, 10 unit\u00e9s jouxtant le Rio Blanco et 4 unit\u00e9s \u00e9tant adjacentes \u00e0 un chemin rural. Les parcelles sont plates, ce qui permet d&#8217;exploiter leur surface \u00e0 100 %, et sont entour\u00e9es d&#8217;une belle for\u00eat indig\u00e8ne.<\/p><p>En termes de services, la soci\u00e9t\u00e9 immobili\u00e8re fournira de l&#8217;\u00e9lectricit\u00e9 par le biais de lignes \u00e9lectriques a\u00e9riennes et un r\u00e9seau d&#8217;eau qui sera aliment\u00e9 par le Rio Blanco. Le signal des t\u00e9l\u00e9communications est actuellement disponible et devrait s&#8217;am\u00e9liorer \u00e0 mesure que le secteur se d\u00e9veloppe.<\/p><p>En outre, le projet dispose d&#8217;un portail d&#8217;acc\u00e8s manuel, et la construction de la route int\u00e9rieure qui permettra d&#8217;acc\u00e9der en v\u00e9hicule aux 10 macro-lots qui bordent la rivi\u00e8re commencera bient\u00f4t. En outre, un sentier pi\u00e9tonnier sera am\u00e9nag\u00e9 pour rejoindre la rive.<\/p><p>Le projet pr\u00e9voit une d\u00e9claration de principes de coexistence visant \u00e0 assurer une coexistence harmonieuse et \u00e0 prendre soin de l&#8217;environnement, en promouvant un environnement de qualit\u00e9 pour les r\u00e9sidents.<\/p><p>Outre la beaut\u00e9 naturelle \u00e9poustouflante des Reservas del Rio Blanco, le projet se trouve \u00e0 proximit\u00e9 d&#8217;attractions telles que le lac Chapo, la cascade du Rio Blanco, le point de vue du volcan Calbuco, la r\u00e9serve nationale de Llanquihue, le parc national Alerce Andino, Puerto Varas et Ensenada, ainsi que la Carretera Austral, entre autres.<\/p><p>Les prix des 14 macro-lots disponibles s&#8217;\u00e9chelonnent entre 84 et 105 millions de dollars. Des facilit\u00e9s de paiement sont disponibles, y compris un acompte de 50 % et le solde en versements \u00e9chelonn\u00e9s sur une p\u00e9riode maximale de 36 mois \u00e0 un taux d&#8217;int\u00e9r\u00eat annuel de 5 %. En outre, une remise de lancement de 10 % est offerte sur les 4 premi\u00e8res parcelles vendues.<\/p><p>Ce projet est id\u00e9al pour ceux qui recherchent une vie tranquille en contact avec la nature. Il offre un \u00e9quilibre parfait entre le confort moderne et un environnement naturel \u00e9poustouflant. Gr\u00e2ce \u00e0 ses infrastructures, \u00e0 sa situation strat\u00e9gique et \u00e0 ses facilit\u00e9s de paiement, Reservas del Rio Blanco est une excellente option pour \u00e9tablir votre maison ou votre refuge dans le sud du Chili.<\/p><p>Demandez plus d&#8217;informations, et ne manquez pas l&#8217;opportunit\u00e9 d&#8217;avoir le camp de vos r\u00eaves !<\/p>\t\t\t\t\t\t\t\t<\/div>\n\t\t\t\t\t<\/div>\n\t\t\t\t<\/div>\n\t\t\t\t<\/div>\n\t\t","protected":false},"excerpt":{"rendered":"<p>Terrain de 3,1 \u00e0 3,5 hectares avec berge, tous services essentiels, acc\u00e8s asphalt\u00e9, \u00e0 40 minutes de Puerto Montt et \u00e0 proximit\u00e9 du lac Chapo.<\/p>\n","protected":false},"featured_media":24687,"template":"","meta":{"_acf_changed":false},"product_brand":[],"product_cat":[113],"product_tag":[236,237],"regiones":[226],"ciudades":[218],"class_list":{"0":"post-24318","1":"product","2":"type-product","3":"status-publish","4":"has-post-thumbnail","6":"product_cat-ohiggins-los-lagos-fr","7":"product_tag-parcelles","8":"product_tag-proprietes-touristiques","9":"regiones-nuble-los_lagos","10":"ciudades-puerto-montt","12":"first","13":"instock","14":"shipping-taxable","15":"purchasable","16":"product-type-simple"},"acf":[],"yoast_head":"<!-- This site is optimized with the Yoast SEO Premium plugin v26.0 (Yoast SEO v27.3) - https:\/\/yoast.com\/product\/yoast-seo-premium-wordpress\/ -->\n<title>R\u00e9serves de Rio Blanco - Lac Chapo - Puerto Montt - Produncan<\/title>\n<meta name=\"description\" content=\"Reservas del Rio Blanco, 14 macro lots \u00e0 40 minutes de Puerto Montt, \u00e9lectricit\u00e9 et eau, portail d&#039;acc\u00e8s, routes int\u00e9rieures et facilit\u00e9s de paiement.\" \/>\n<meta name=\"robots\" content=\"index, follow, max-snippet:-1, max-image-preview:large, max-video-preview:-1\" \/>\n<link rel=\"canonical\" href=\"https:\/\/produncan.cl\/fr\/produit\/reserves-de-rio-blanco-lac-chapo-puerto-montt\/\" \/>\n<meta property=\"og:locale\" content=\"fr_FR\" \/>\n<meta property=\"og:type\" content=\"article\" \/>\n<meta property=\"og:title\" content=\"R\u00e9serves de Rio Blanco - Lac Chapo - Puerto Montt\" \/>\n<meta property=\"og:description\" content=\"Reservas del Rio Blanco, 14 macro lots \u00e0 40 minutes de Puerto Montt, \u00e9lectricit\u00e9 et eau, portail d&#039;acc\u00e8s, routes int\u00e9rieures et facilit\u00e9s de paiement.\" \/>\n<meta property=\"og:url\" content=\"https:\/\/produncan.cl\/fr\/produit\/reserves-de-rio-blanco-lac-chapo-puerto-montt\/\" \/>\n<meta property=\"og:site_name\" content=\"Produncan\" \/>\n<meta property=\"article:publisher\" content=\"https:\/\/web.facebook.com\/produncanland\" \/>\n<meta property=\"article:modified_time\" content=\"2025-11-24T21:05:02+00:00\" \/>\n<meta property=\"og:image\" content=\"https:\/\/produncan.cl\/wp-content\/uploads\/2023\/11\/Reservas-del-Rio-Blanco.webp\" \/>\n<meta name=\"twitter:card\" content=\"summary_large_image\" \/>\n<meta name=\"twitter:label1\" content=\"Price\" \/>\n\t<meta name=\"twitter:data1\" content=\"USD91.400,00\" \/>\n\t<meta name=\"twitter:label2\" content=\"Availability\" \/>\n\t<meta name=\"twitter:data2\" content=\"In stock\" \/>\n<script type=\"application\/ld+json\" class=\"yoast-schema-graph\">{\"@context\":\"https:\\\/\\\/schema.org\",\"@graph\":[{\"@type\":\"WebPage\",\"@id\":\"https:\\\/\\\/produncan.cl\\\/fr\\\/produit\\\/reserves-de-rio-blanco-lac-chapo-puerto-montt\\\/\",\"url\":\"https:\\\/\\\/produncan.cl\\\/fr\\\/produit\\\/reserves-de-rio-blanco-lac-chapo-puerto-montt\\\/\",\"name\":\"R\u00e9serves de Rio Blanco - Lac Chapo - Puerto Montt - Produncan\",\"isPartOf\":{\"@id\":\"https:\\\/\\\/produncan.cl\\\/fr\\\/#website\"},\"primaryImageOfPage\":{\"@id\":\"https:\\\/\\\/produncan.cl\\\/fr\\\/produit\\\/reserves-de-rio-blanco-lac-chapo-puerto-montt\\\/#primaryimage\"},\"image\":{\"@id\":\"https:\\\/\\\/produncan.cl\\\/fr\\\/produit\\\/reserves-de-rio-blanco-lac-chapo-puerto-montt\\\/#primaryimage\"},\"thumbnailUrl\":\"https:\\\/\\\/produncan.cl\\\/wp-content\\\/uploads\\\/2023\\\/11\\\/Macro-Lotes-en-Venta-Reservas-del-Rio-Blanco-Puerto-Montt.webp\",\"datePublished\":\"2023-11-20T21:51:42+00:00\",\"dateModified\":\"2025-11-24T21:05:02+00:00\",\"description\":\"Reservas del Rio Blanco, 14 macro lots \u00e0 40 minutes de Puerto Montt, \u00e9lectricit\u00e9 et eau, portail d'acc\u00e8s, routes int\u00e9rieures et facilit\u00e9s de paiement.\",\"breadcrumb\":{\"@id\":\"https:\\\/\\\/produncan.cl\\\/fr\\\/produit\\\/reserves-de-rio-blanco-lac-chapo-puerto-montt\\\/#breadcrumb\"},\"inLanguage\":\"fr-FR\",\"potentialAction\":[{\"@type\":\"ReadAction\",\"target\":[\"https:\\\/\\\/produncan.cl\\\/fr\\\/produit\\\/reserves-de-rio-blanco-lac-chapo-puerto-montt\\\/\"]}]},{\"@type\":\"ImageObject\",\"inLanguage\":\"fr-FR\",\"@id\":\"https:\\\/\\\/produncan.cl\\\/fr\\\/produit\\\/reserves-de-rio-blanco-lac-chapo-puerto-montt\\\/#primaryimage\",\"url\":\"https:\\\/\\\/produncan.cl\\\/wp-content\\\/uploads\\\/2023\\\/11\\\/Macro-Lotes-en-Venta-Reservas-del-Rio-Blanco-Puerto-Montt.webp\",\"contentUrl\":\"https:\\\/\\\/produncan.cl\\\/wp-content\\\/uploads\\\/2023\\\/11\\\/Macro-Lotes-en-Venta-Reservas-del-Rio-Blanco-Puerto-Montt.webp\",\"width\":600,\"height\":450,\"caption\":\"Macro Lotes \u00e0 vendre R\u00e9servations de la Rivi\u00e8re Blanche Puerto Montt\"},{\"@type\":\"BreadcrumbList\",\"@id\":\"https:\\\/\\\/produncan.cl\\\/fr\\\/produit\\\/reserves-de-rio-blanco-lac-chapo-puerto-montt\\\/#breadcrumb\",\"itemListElement\":[{\"@type\":\"ListItem\",\"position\":1,\"name\":\"Inicio\",\"item\":\"https:\\\/\\\/produncan.cl\\\/fr\\\/\"},{\"@type\":\"ListItem\",\"position\":2,\"name\":\"Propri\u00e9t\u00e9s\",\"item\":\"https:\\\/\\\/produncan.cl\\\/propiedades\\\/\"},{\"@type\":\"ListItem\",\"position\":3,\"name\":\"Parcelles\",\"item\":\"https:\\\/\\\/produncan.cl\\\/fr\\\/cat&eacute;gorie\\\/parcelles\\\/\"},{\"@type\":\"ListItem\",\"position\":4,\"name\":\"R\u00e9serves de Rio Blanco &#8211; Lac Chapo &#8211; Puerto Montt\"}]},{\"@type\":\"WebSite\",\"@id\":\"https:\\\/\\\/produncan.cl\\\/fr\\\/#website\",\"url\":\"https:\\\/\\\/produncan.cl\\\/fr\\\/\",\"name\":\"Produncan\",\"description\":\"Nous vous accompagnons dans votre projet de vie !\",\"publisher\":{\"@id\":\"https:\\\/\\\/produncan.cl\\\/fr\\\/#organization\"},\"potentialAction\":[{\"@type\":\"SearchAction\",\"target\":{\"@type\":\"EntryPoint\",\"urlTemplate\":\"https:\\\/\\\/produncan.cl\\\/fr\\\/?s={search_term_string}\"},\"query-input\":{\"@type\":\"PropertyValueSpecification\",\"valueRequired\":true,\"valueName\":\"search_term_string\"}}],\"inLanguage\":\"fr-FR\"},{\"@type\":\"Organization\",\"@id\":\"https:\\\/\\\/produncan.cl\\\/fr\\\/#organization\",\"name\":\"Produncan\",\"url\":\"https:\\\/\\\/produncan.cl\\\/fr\\\/\",\"logo\":{\"@type\":\"ImageObject\",\"inLanguage\":\"fr-FR\",\"@id\":\"https:\\\/\\\/produncan.cl\\\/fr\\\/#\\\/schema\\\/logo\\\/image\\\/\",\"url\":\"https:\\\/\\\/produncan.cl\\\/wp-content\\\/uploads\\\/2021\\\/03\\\/LOGO.jpeg\",\"contentUrl\":\"https:\\\/\\\/produncan.cl\\\/wp-content\\\/uploads\\\/2021\\\/03\\\/LOGO.jpeg\",\"width\":1280,\"height\":903,\"caption\":\"Produncan\"},\"image\":{\"@id\":\"https:\\\/\\\/produncan.cl\\\/fr\\\/#\\\/schema\\\/logo\\\/image\\\/\"},\"sameAs\":[\"https:\\\/\\\/web.facebook.com\\\/produncanland\",\"https:\\\/\\\/www.instagram.com\\\/pro_duncan\\\/\",\"https:\\\/\\\/www.linkedin.com\\\/company\\\/produncan-lands\\\/\",\"https:\\\/\\\/www.youtube.com\\\/channel\\\/UCu7N-f3x0svkazD-Eew1-QQ\"],\"description\":\"En Produncan somos especialistas en la venta de terrenos en el sur de Chile. Proveemos estancias, campos, parcelas y hoteles.\",\"email\":\"info@produncan.cl\"}]}<\/script>\n<meta property=\"og:video\" content=\"https:\/\/www.youtube.com\/embed\/KHeXdEQBQtU\" \/>\n<meta property=\"og:video:type\" content=\"text\/html\" \/>\n<meta property=\"og:video:duration\" content=\"78\" \/>\n<meta property=\"og:video:width\" content=\"480\" \/>\n<meta property=\"og:video:height\" content=\"360\" \/>\n<meta property=\"ya:ovs:adult\" content=\"false\" \/>\n<meta property=\"ya:ovs:upload_date\" content=\"2023-11-20T21:51:42+00:00\" \/>\n<meta property=\"ya:ovs:allow_embed\" content=\"true\" \/>\n<meta property=\"product:price:amount\" content=\"91400.00\" \/>\n<meta property=\"product:price:currency\" content=\"USD\" \/>\n<meta property=\"og:availability\" content=\"instock\" \/>\n<meta property=\"product:availability\" content=\"instock\" \/>\n<meta property=\"product:condition\" content=\"new\" \/>\n<!-- \/ Yoast SEO Premium plugin. -->","yoast_head_json":{"title":"R\u00e9serves de Rio Blanco - Lac Chapo - Puerto Montt - Produncan","description":"Reservas del Rio Blanco, 14 macro lots \u00e0 40 minutes de Puerto Montt, \u00e9lectricit\u00e9 et eau, portail d'acc\u00e8s, routes int\u00e9rieures et facilit\u00e9s de paiement.","robots":{"index":"index","follow":"follow","max-snippet":"max-snippet:-1","max-image-preview":"max-image-preview:large","max-video-preview":"max-video-preview:-1"},"canonical":"https:\/\/produncan.cl\/fr\/produit\/reserves-de-rio-blanco-lac-chapo-puerto-montt\/","og_locale":"fr_FR","og_type":"article","og_title":"R\u00e9serves de Rio Blanco - Lac Chapo - Puerto Montt","og_description":"Reservas del Rio Blanco, 14 macro lots \u00e0 40 minutes de Puerto Montt, \u00e9lectricit\u00e9 et eau, portail d'acc\u00e8s, routes int\u00e9rieures et facilit\u00e9s de paiement.","og_url":"https:\/\/produncan.cl\/fr\/produit\/reserves-de-rio-blanco-lac-chapo-puerto-montt\/","og_site_name":"Produncan","article_publisher":"https:\/\/web.facebook.com\/produncanland","article_modified_time":"2025-11-24T21:05:02+00:00","og_image":[{"url":"https:\/\/produncan.cl\/wp-content\/uploads\/2023\/11\/Reservas-del-Rio-Blanco.webp","type":"","width":"","height":""}],"twitter_card":"summary_large_image","twitter_misc":{"Price":"USD91.400,00","Availability":"In stock"},"schema":{"@context":"https:\/\/schema.org","@graph":[{"@type":"WebPage","@id":"https:\/\/produncan.cl\/fr\/produit\/reserves-de-rio-blanco-lac-chapo-puerto-montt\/","url":"https:\/\/produncan.cl\/fr\/produit\/reserves-de-rio-blanco-lac-chapo-puerto-montt\/","name":"R\u00e9serves de Rio Blanco - Lac Chapo - Puerto Montt - Produncan","isPartOf":{"@id":"https:\/\/produncan.cl\/fr\/#website"},"primaryImageOfPage":{"@id":"https:\/\/produncan.cl\/fr\/produit\/reserves-de-rio-blanco-lac-chapo-puerto-montt\/#primaryimage"},"image":{"@id":"https:\/\/produncan.cl\/fr\/produit\/reserves-de-rio-blanco-lac-chapo-puerto-montt\/#primaryimage"},"thumbnailUrl":"https:\/\/produncan.cl\/wp-content\/uploads\/2023\/11\/Macro-Lotes-en-Venta-Reservas-del-Rio-Blanco-Puerto-Montt.webp","datePublished":"2023-11-20T21:51:42+00:00","dateModified":"2025-11-24T21:05:02+00:00","description":"Reservas del Rio Blanco, 14 macro lots \u00e0 40 minutes de Puerto Montt, \u00e9lectricit\u00e9 et eau, portail d'acc\u00e8s, routes int\u00e9rieures et facilit\u00e9s de paiement.","breadcrumb":{"@id":"https:\/\/produncan.cl\/fr\/produit\/reserves-de-rio-blanco-lac-chapo-puerto-montt\/#breadcrumb"},"inLanguage":"fr-FR","potentialAction":[{"@type":"ReadAction","target":["https:\/\/produncan.cl\/fr\/produit\/reserves-de-rio-blanco-lac-chapo-puerto-montt\/"]}]},{"@type":"ImageObject","inLanguage":"fr-FR","@id":"https:\/\/produncan.cl\/fr\/produit\/reserves-de-rio-blanco-lac-chapo-puerto-montt\/#primaryimage","url":"https:\/\/produncan.cl\/wp-content\/uploads\/2023\/11\/Macro-Lotes-en-Venta-Reservas-del-Rio-Blanco-Puerto-Montt.webp","contentUrl":"https:\/\/produncan.cl\/wp-content\/uploads\/2023\/11\/Macro-Lotes-en-Venta-Reservas-del-Rio-Blanco-Puerto-Montt.webp","width":600,"height":450,"caption":"Macro Lotes \u00e0 vendre R\u00e9servations de la Rivi\u00e8re Blanche Puerto Montt"},{"@type":"BreadcrumbList","@id":"https:\/\/produncan.cl\/fr\/produit\/reserves-de-rio-blanco-lac-chapo-puerto-montt\/#breadcrumb","itemListElement":[{"@type":"ListItem","position":1,"name":"Inicio","item":"https:\/\/produncan.cl\/fr\/"},{"@type":"ListItem","position":2,"name":"Propri\u00e9t\u00e9s","item":"https:\/\/produncan.cl\/propiedades\/"},{"@type":"ListItem","position":3,"name":"Parcelles","item":"https:\/\/produncan.cl\/fr\/cat&eacute;gorie\/parcelles\/"},{"@type":"ListItem","position":4,"name":"R\u00e9serves de Rio Blanco &#8211; Lac Chapo &#8211; Puerto Montt"}]},{"@type":"WebSite","@id":"https:\/\/produncan.cl\/fr\/#website","url":"https:\/\/produncan.cl\/fr\/","name":"Produncan","description":"Nous vous accompagnons dans votre projet de vie !","publisher":{"@id":"https:\/\/produncan.cl\/fr\/#organization"},"potentialAction":[{"@type":"SearchAction","target":{"@type":"EntryPoint","urlTemplate":"https:\/\/produncan.cl\/fr\/?s={search_term_string}"},"query-input":{"@type":"PropertyValueSpecification","valueRequired":true,"valueName":"search_term_string"}}],"inLanguage":"fr-FR"},{"@type":"Organization","@id":"https:\/\/produncan.cl\/fr\/#organization","name":"Produncan","url":"https:\/\/produncan.cl\/fr\/","logo":{"@type":"ImageObject","inLanguage":"fr-FR","@id":"https:\/\/produncan.cl\/fr\/#\/schema\/logo\/image\/","url":"https:\/\/produncan.cl\/wp-content\/uploads\/2021\/03\/LOGO.jpeg","contentUrl":"https:\/\/produncan.cl\/wp-content\/uploads\/2021\/03\/LOGO.jpeg","width":1280,"height":903,"caption":"Produncan"},"image":{"@id":"https:\/\/produncan.cl\/fr\/#\/schema\/logo\/image\/"},"sameAs":["https:\/\/web.facebook.com\/produncanland","https:\/\/www.instagram.com\/pro_duncan\/","https:\/\/www.linkedin.com\/company\/produncan-lands\/","https:\/\/www.youtube.com\/channel\/UCu7N-f3x0svkazD-Eew1-QQ"],"description":"En Produncan somos especialistas en la venta de terrenos en el sur de Chile. Proveemos estancias, campos, parcelas y hoteles.","email":"info@produncan.cl"}]},"og_video":"https:\/\/www.youtube.com\/embed\/KHeXdEQBQtU","og_video_type":"text\/html","og_video_duration":"78","og_video_width":"480","og_video_height":"360","ya_ovs_adult":"false","ya_ovs_upload_date":"2023-11-20T21:51:42+00:00","ya_ovs_allow_embed":"true","product_price_amount":"91400.00","product_price_currency":"USD","og_availability":"instock","product_availability":"instock","product_condition":"new"},"_links":{"self":[{"href":"https:\/\/produncan.cl\/fr\/wp-json\/wp\/v2\/product\/24318","targetHints":{"allow":["GET"]}}],"collection":[{"href":"https:\/\/produncan.cl\/fr\/wp-json\/wp\/v2\/product"}],"about":[{"href":"https:\/\/produncan.cl\/fr\/wp-json\/wp\/v2\/types\/product"}],"version-history":[{"count":2,"href":"https:\/\/produncan.cl\/fr\/wp-json\/wp\/v2\/product\/24318\/revisions"}],"predecessor-version":[{"id":52570,"href":"https:\/\/produncan.cl\/fr\/wp-json\/wp\/v2\/product\/24318\/revisions\/52570"}],"wp:featuredmedia":[{"embeddable":true,"href":"https:\/\/produncan.cl\/fr\/wp-json\/wp\/v2\/media\/24687"}],"wp:attachment":[{"href":"https:\/\/produncan.cl\/fr\/wp-json\/wp\/v2\/media?parent=24318"}],"wp:term":[{"taxonomy":"product_brand","embeddable":true,"href":"https:\/\/produncan.cl\/fr\/wp-json\/wp\/v2\/product_brand?post=24318"},{"taxonomy":"product_cat","embeddable":true,"href":"https:\/\/produncan.cl\/fr\/wp-json\/wp\/v2\/product_cat?post=24318"},{"taxonomy":"product_tag","embeddable":true,"href":"https:\/\/produncan.cl\/fr\/wp-json\/wp\/v2\/product_tag?post=24318"},{"taxonomy":"regiones","embeddable":true,"href":"https:\/\/produncan.cl\/fr\/wp-json\/wp\/v2\/regiones?post=24318"},{"taxonomy":"ciudades","embeddable":true,"href":"https:\/\/produncan.cl\/fr\/wp-json\/wp\/v2\/ciudades?post=24318"}],"curies":[{"name":"wp","href":"https:\/\/api.w.org\/{rel}","templated":true}]}}