{"id":24320,"date":"2024-05-12T17:11:28","date_gmt":"2024-05-12T21:11:28","guid":{"rendered":"https:\/\/produncan.cl\/producto\/campo-pradera-oeste-los-muermos-los-muermos-region-des-lacs\/"},"modified":"2025-08-18T16:55:52","modified_gmt":"2025-08-18T20:55:52","slug":"campo-pradera-oeste-los-muermos-los-muermos-region-des-lacs","status":"publish","type":"product","link":"https:\/\/produncan.cl\/fr\/produit\/campo-pradera-oeste-los-muermos-los-muermos-region-des-lacs\/","title":{"rendered":"Campagne \u00e0 Los Muermos &#8211; Pradera Oeste, R\u00e9gion des lacs"},"content":{"rendered":"\t\t<div data-elementor-type=\"product-post\" data-elementor-id=\"24320\" class=\"elementor elementor-24320 elementor-24077\" data-elementor-post-type=\"product\">\n\t\t\t\t<div class=\"elementor-element elementor-element-4e94c89 e-flex e-con-boxed e-con e-parent\" data-id=\"4e94c89\" data-element_type=\"container\" data-e-type=\"container\" data-settings=\"{&quot;jet_parallax_layout_list&quot;:[]}\">\n\t\t\t\t\t<div class=\"e-con-inner\">\n\t\t\t\t<div class=\"elementor-element elementor-element-f926d9c elementor-widget elementor-widget-heading\" data-id=\"f926d9c\" data-element_type=\"widget\" data-e-type=\"widget\" data-widget_type=\"heading.default\">\n\t\t\t\t\t<h2 class=\"elementor-heading-title elementor-size-default\">Oasis agricole \u00e0 Los Muermos : 44,6 hectares avec abondance d'eau et de constructions  <\/h2>\t\t\t\t<\/div>\n\t\t\t\t\t<\/div>\n\t\t\t\t<\/div>\n\t\t<div class=\"elementor-element elementor-element-45ec125 e-flex e-con-boxed e-con e-parent\" data-id=\"45ec125\" data-element_type=\"container\" data-e-type=\"container\" data-settings=\"{&quot;jet_parallax_layout_list&quot;:[]}\">\n\t\t\t\t\t<div class=\"e-con-inner\">\n\t\t\t\t<div class=\"elementor-element elementor-element-43f3c43 elementor-widget elementor-widget-text-editor\" data-id=\"43f3c43\" data-element_type=\"widget\" data-e-type=\"widget\" data-widget_type=\"text-editor.default\">\n\t\t\t\t\t\t\t\t\t<p>Nous vous pr\u00e9sentons une opportunit\u00e9 d&#8217;investissement exceptionnelle \u00e0 Los Muermos, avec la vente de 44,6 hectares de terres agricoles accessibles par une route publique et b\u00e9n\u00e9ficiant d&#8217;une belle vue panoramique.<\/p>\n<p>Avec un prix de vente de CLP10 000.000 par hectare, elle pr\u00e9sente toutes les caract\u00e9ristiques n\u00e9cessaires \u00e0 la r\u00e9ussite d&#8217;un projet agricole ou d&#8217;\u00e9levage.<\/p>\n<p>Les terres ont leur propre cadastre et sont class\u00e9es pour un usage agricole. En termes de services, elle dispose d&#8217;un r\u00e9seau \u00e9lectrique monophas\u00e9, d&#8217;un approvisionnement en eau abondant gr\u00e2ce \u00e0 des sources et d&#8217;un bon signal de t\u00e9l\u00e9communications, gr\u00e2ce \u00e0 plusieurs antennes install\u00e9es dans les champs avoisinants.<\/p>\n<p>En outre, il dispose de trois sources et de deux grands estuaires sur une grande partie de son p\u00e9rim\u00e8tre, qui ne s&#8217;ass\u00e8chent jamais, m\u00eame pendant l&#8217;\u00e9t\u00e9, ce qui garantit un approvisionnement constant en eau.<\/p>\n<p>En ce qui concerne les b\u00e2timents, le terrain comprend une maison en bois de m\u00e9l\u00e8ze vieille de 16 ans, un hangar en t\u00f4le et en bois de m\u00e9l\u00e8ze, une \u00e9table et un verger. La maison de 64 m\u00b2 comprend trois chambres, une salle de bains, un salon et une cuisine. Il dispose d&#8217;un chauffe-eau pour l&#8217;eau chaude et d&#8217;une cuisini\u00e8re \u00e0 bois pour le chauffage.<\/p>\n<p>Le terrain est enti\u00e8rement cl\u00f4tur\u00e9, id\u00e9al pour la gestion des animaux, et dispose d&#8217;un paddock d&#8217;un hectare. L&#8217;agriculture et l&#8217;\u00e9levage sont viables sur la propri\u00e9t\u00e9, qui peut accueillir jusqu&#8217;\u00e0 25 animaux et dont 14 hectares sont d\u00e9j\u00e0 d\u00e9frich\u00e9s et exploit\u00e9s pour des cultures telles que les pommes de terre, l&#8217;avoine et le bl\u00e9.<\/p>\n<p>En termes de localisation, le terrain se trouve \u00e0 7 kilom\u00e8tres de l&#8217;asphalte et la ville la plus proche est Los Muermos. Les transports publics se limitent aux services de taxis.<\/p>\n<p>La propri\u00e9t\u00e9 b\u00e9n\u00e9ficie d&#8217;une riche diversit\u00e9 de flore, dont l&#8217;eucalyptus, le canelo, le luma, le meli, le tepa, le ma\u00f1\u00edo, le hualle, le pell\u00edn, le maqui, l&#8217;array\u00e1n et le lingue, et la faune locale comprend des renards et des li\u00e8vres, les pumas \u00e9tant absents de la r\u00e9gion.<\/p>\n<p>Cette propri\u00e9t\u00e9 est id\u00e9ale pour ceux qui recherchent une vie tranquille \u00e0 la campagne, avec la possibilit\u00e9 de d\u00e9velopper un projet agricole ou d&#8217;\u00e9levage, dans un environnement naturellement riche et bien desservi. Avec ses vastes superficies, ses ressources en eau et en \u00e9lectricit\u00e9, ainsi qu&#8217;une maison et des structures suppl\u00e9mentaires d\u00e9j\u00e0 en place, ce domaine offre une base solide pour une vari\u00e9t\u00e9 de projets ruraux.<\/p>\t\t\t\t\t\t\t\t<\/div>\n\t\t\t\t\t<\/div>\n\t\t\t\t<\/div>\n\t\t\t\t<\/div>\n\t\t","protected":false},"excerpt":{"rendered":"<p>Terrain \u00e0 Los Muermos avec vue spectaculaire. Secteurs plats et pente douce. Comprend une maison, un hangar, une \u00e9table et un potager. \u00c9lectricit\u00e9, sources, marais et signal. 14 hectares de prairies \u00e0 7 kilom\u00e8tres de la route goudronn\u00e9e.    <\/p>\n","protected":false},"featured_media":24082,"template":"","meta":{"_acf_changed":false},"product_brand":[],"product_cat":[113],"product_tag":[233],"regiones":[226],"ciudades":[216],"class_list":{"0":"post-24320","1":"product","2":"type-product","3":"status-publish","4":"has-post-thumbnail","6":"product_cat-ohiggins-los-lagos-fr","7":"product_tag-champs","8":"regiones-nuble-los_lagos","9":"ciudades-los-muermos","11":"first","12":"instock","13":"shipping-taxable","14":"purchasable","15":"product-type-simple"},"acf":[],"yoast_head":"<!-- This site is optimized with the Yoast SEO Premium plugin v26.0 (Yoast SEO v27.4) - https:\/\/yoast.com\/product\/yoast-seo-premium-wordpress\/ -->\n<title>Campagne \u00e0 Los Muermos - Pradera Oeste, R\u00e9gion des lacs - Produncan<\/title>\n<meta name=\"description\" content=\"44,6 hectares de terrain \u00e0 vendre \u00e0 Los Muermos. Eau abondante, b\u00e2timents existants, id\u00e9al pour projets agricoles\/\u00e9levage, bien desservi.\" \/>\n<meta name=\"robots\" content=\"index, follow, max-snippet:-1, max-image-preview:large, max-video-preview:-1\" \/>\n<link rel=\"canonical\" href=\"https:\/\/produncan.cl\/fr\/produit\/campo-pradera-oeste-los-muermos-los-muermos-region-des-lacs\/\" \/>\n<meta property=\"og:locale\" content=\"fr_FR\" \/>\n<meta property=\"og:type\" content=\"article\" \/>\n<meta property=\"og:title\" content=\"Campagne \u00e0 Los Muermos - Pradera Oeste, R\u00e9gion des lacs\" \/>\n<meta property=\"og:description\" content=\"44,6 hectares de terrain \u00e0 vendre \u00e0 Los Muermos. Eau abondante, b\u00e2timents existants, id\u00e9al pour projets agricoles\/\u00e9levage, bien desservi.\" \/>\n<meta property=\"og:url\" content=\"https:\/\/produncan.cl\/fr\/produit\/campo-pradera-oeste-los-muermos-los-muermos-region-des-lacs\/\" \/>\n<meta property=\"og:site_name\" content=\"Produncan\" \/>\n<meta property=\"article:publisher\" content=\"https:\/\/web.facebook.com\/produncanland\" \/>\n<meta property=\"article:modified_time\" content=\"2025-08-18T20:55:52+00:00\" \/>\n<meta property=\"og:image\" content=\"https:\/\/produncan.cl\/wp-content\/uploads\/2023\/11\/Campo-en-Venta-Pradera-Oeste.webp\" \/>\n<meta name=\"twitter:card\" content=\"summary_large_image\" \/>\n<meta name=\"twitter:label1\" content=\"Price\" \/>\n\t<meta name=\"twitter:data1\" content=\"USD500.900,00\" \/>\n\t<meta name=\"twitter:label2\" content=\"Availability\" \/>\n\t<meta name=\"twitter:data2\" content=\"In stock\" \/>\n<script type=\"application\/ld+json\" class=\"yoast-schema-graph\">{\"@context\":\"https:\\\/\\\/schema.org\",\"@graph\":[{\"@type\":\"WebPage\",\"@id\":\"https:\\\/\\\/produncan.cl\\\/fr\\\/produit\\\/campo-pradera-oeste-los-muermos-los-muermos-region-des-lacs\\\/\",\"url\":\"https:\\\/\\\/produncan.cl\\\/fr\\\/produit\\\/campo-pradera-oeste-los-muermos-los-muermos-region-des-lacs\\\/\",\"name\":\"Campagne \u00e0 Los Muermos - Pradera Oeste, R\u00e9gion des lacs - Produncan\",\"isPartOf\":{\"@id\":\"https:\\\/\\\/produncan.cl\\\/fr\\\/#website\"},\"primaryImageOfPage\":{\"@id\":\"https:\\\/\\\/produncan.cl\\\/fr\\\/produit\\\/campo-pradera-oeste-los-muermos-los-muermos-region-des-lacs\\\/#primaryimage\"},\"image\":{\"@id\":\"https:\\\/\\\/produncan.cl\\\/fr\\\/produit\\\/campo-pradera-oeste-los-muermos-los-muermos-region-des-lacs\\\/#primaryimage\"},\"thumbnailUrl\":\"https:\\\/\\\/produncan.cl\\\/wp-content\\\/uploads\\\/2023\\\/11\\\/Campo-en-Venta-Pradera-Oeste.webp\",\"datePublished\":\"2024-05-12T21:11:28+00:00\",\"dateModified\":\"2025-08-18T20:55:52+00:00\",\"description\":\"44,6 hectares de terrain \u00e0 vendre \u00e0 Los Muermos. Eau abondante, b\u00e2timents existants, id\u00e9al pour projets agricoles\\\/\u00e9levage, bien desservi.\",\"breadcrumb\":{\"@id\":\"https:\\\/\\\/produncan.cl\\\/fr\\\/produit\\\/campo-pradera-oeste-los-muermos-los-muermos-region-des-lacs\\\/#breadcrumb\"},\"inLanguage\":\"fr-FR\",\"potentialAction\":[{\"@type\":\"ReadAction\",\"target\":[\"https:\\\/\\\/produncan.cl\\\/fr\\\/produit\\\/campo-pradera-oeste-los-muermos-los-muermos-region-des-lacs\\\/\"]}]},{\"@type\":\"ImageObject\",\"inLanguage\":\"fr-FR\",\"@id\":\"https:\\\/\\\/produncan.cl\\\/fr\\\/produit\\\/campo-pradera-oeste-los-muermos-los-muermos-region-des-lacs\\\/#primaryimage\",\"url\":\"https:\\\/\\\/produncan.cl\\\/wp-content\\\/uploads\\\/2023\\\/11\\\/Campo-en-Venta-Pradera-Oeste.webp\",\"contentUrl\":\"https:\\\/\\\/produncan.cl\\\/wp-content\\\/uploads\\\/2023\\\/11\\\/Campo-en-Venta-Pradera-Oeste.webp\",\"width\":600,\"height\":450},{\"@type\":\"BreadcrumbList\",\"@id\":\"https:\\\/\\\/produncan.cl\\\/fr\\\/produit\\\/campo-pradera-oeste-los-muermos-los-muermos-region-des-lacs\\\/#breadcrumb\",\"itemListElement\":[{\"@type\":\"ListItem\",\"position\":1,\"name\":\"Inicio\",\"item\":\"https:\\\/\\\/produncan.cl\\\/fr\\\/\"},{\"@type\":\"ListItem\",\"position\":2,\"name\":\"Propri\u00e9t\u00e9s\",\"item\":\"https:\\\/\\\/produncan.cl\\\/propiedades\\\/\"},{\"@type\":\"ListItem\",\"position\":3,\"name\":\"Champs\",\"item\":\"https:\\\/\\\/produncan.cl\\\/fr\\\/cat&eacute;gorie\\\/champs\\\/\"},{\"@type\":\"ListItem\",\"position\":4,\"name\":\"Campagne \u00e0 Los Muermos &#8211; Pradera Oeste, R\u00e9gion des lacs\"}]},{\"@type\":\"WebSite\",\"@id\":\"https:\\\/\\\/produncan.cl\\\/fr\\\/#website\",\"url\":\"https:\\\/\\\/produncan.cl\\\/fr\\\/\",\"name\":\"Produncan\",\"description\":\"Nous vous accompagnons dans votre projet de vie !\",\"publisher\":{\"@id\":\"https:\\\/\\\/produncan.cl\\\/fr\\\/#organization\"},\"potentialAction\":[{\"@type\":\"SearchAction\",\"target\":{\"@type\":\"EntryPoint\",\"urlTemplate\":\"https:\\\/\\\/produncan.cl\\\/fr\\\/?s={search_term_string}\"},\"query-input\":{\"@type\":\"PropertyValueSpecification\",\"valueRequired\":true,\"valueName\":\"search_term_string\"}}],\"inLanguage\":\"fr-FR\"},{\"@type\":\"Organization\",\"@id\":\"https:\\\/\\\/produncan.cl\\\/fr\\\/#organization\",\"name\":\"Produncan\",\"url\":\"https:\\\/\\\/produncan.cl\\\/fr\\\/\",\"logo\":{\"@type\":\"ImageObject\",\"inLanguage\":\"fr-FR\",\"@id\":\"https:\\\/\\\/produncan.cl\\\/fr\\\/#\\\/schema\\\/logo\\\/image\\\/\",\"url\":\"https:\\\/\\\/produncan.cl\\\/wp-content\\\/uploads\\\/2021\\\/03\\\/LOGO.jpeg\",\"contentUrl\":\"https:\\\/\\\/produncan.cl\\\/wp-content\\\/uploads\\\/2021\\\/03\\\/LOGO.jpeg\",\"width\":1280,\"height\":903,\"caption\":\"Produncan\"},\"image\":{\"@id\":\"https:\\\/\\\/produncan.cl\\\/fr\\\/#\\\/schema\\\/logo\\\/image\\\/\"},\"sameAs\":[\"https:\\\/\\\/web.facebook.com\\\/produncanland\",\"https:\\\/\\\/www.instagram.com\\\/pro_duncan\\\/\",\"https:\\\/\\\/www.linkedin.com\\\/company\\\/produncan-lands\\\/\",\"https:\\\/\\\/www.youtube.com\\\/channel\\\/UCu7N-f3x0svkazD-Eew1-QQ\"],\"description\":\"En Produncan somos especialistas en la venta de terrenos en el sur de Chile. Proveemos estancias, campos, parcelas y hoteles.\",\"email\":\"info@produncan.cl\"}]}<\/script>\n<meta property=\"og:video\" content=\"https:\/\/www.youtube.com\/embed\/aUALoGQOKVM\" \/>\n<meta property=\"og:video:type\" content=\"text\/html\" \/>\n<meta property=\"og:video:duration\" content=\"68\" \/>\n<meta property=\"og:video:width\" content=\"480\" \/>\n<meta property=\"og:video:height\" content=\"270\" \/>\n<meta property=\"ya:ovs:adult\" content=\"false\" \/>\n<meta property=\"ya:ovs:upload_date\" content=\"2024-05-12T21:11:28+00:00\" \/>\n<meta property=\"ya:ovs:allow_embed\" content=\"true\" \/>\n<meta property=\"product:price:amount\" content=\"500900.00\" \/>\n<meta property=\"product:price:currency\" content=\"USD\" \/>\n<meta property=\"og:availability\" content=\"instock\" \/>\n<meta property=\"product:availability\" content=\"instock\" \/>\n<meta property=\"product:condition\" content=\"new\" \/>\n<!-- \/ Yoast SEO Premium plugin. -->","yoast_head_json":{"title":"Campagne \u00e0 Los Muermos - Pradera Oeste, R\u00e9gion des lacs - Produncan","description":"44,6 hectares de terrain \u00e0 vendre \u00e0 Los Muermos. Eau abondante, b\u00e2timents existants, id\u00e9al pour projets agricoles\/\u00e9levage, bien desservi.","robots":{"index":"index","follow":"follow","max-snippet":"max-snippet:-1","max-image-preview":"max-image-preview:large","max-video-preview":"max-video-preview:-1"},"canonical":"https:\/\/produncan.cl\/fr\/produit\/campo-pradera-oeste-los-muermos-los-muermos-region-des-lacs\/","og_locale":"fr_FR","og_type":"article","og_title":"Campagne \u00e0 Los Muermos - Pradera Oeste, R\u00e9gion des lacs","og_description":"44,6 hectares de terrain \u00e0 vendre \u00e0 Los Muermos. Eau abondante, b\u00e2timents existants, id\u00e9al pour projets agricoles\/\u00e9levage, bien desservi.","og_url":"https:\/\/produncan.cl\/fr\/produit\/campo-pradera-oeste-los-muermos-los-muermos-region-des-lacs\/","og_site_name":"Produncan","article_publisher":"https:\/\/web.facebook.com\/produncanland","article_modified_time":"2025-08-18T20:55:52+00:00","og_image":[{"url":"https:\/\/produncan.cl\/wp-content\/uploads\/2023\/11\/Campo-en-Venta-Pradera-Oeste.webp","type":"","width":"","height":""}],"twitter_card":"summary_large_image","twitter_misc":{"Price":"USD500.900,00","Availability":"In stock"},"schema":{"@context":"https:\/\/schema.org","@graph":[{"@type":"WebPage","@id":"https:\/\/produncan.cl\/fr\/produit\/campo-pradera-oeste-los-muermos-los-muermos-region-des-lacs\/","url":"https:\/\/produncan.cl\/fr\/produit\/campo-pradera-oeste-los-muermos-los-muermos-region-des-lacs\/","name":"Campagne \u00e0 Los Muermos - Pradera Oeste, R\u00e9gion des lacs - Produncan","isPartOf":{"@id":"https:\/\/produncan.cl\/fr\/#website"},"primaryImageOfPage":{"@id":"https:\/\/produncan.cl\/fr\/produit\/campo-pradera-oeste-los-muermos-los-muermos-region-des-lacs\/#primaryimage"},"image":{"@id":"https:\/\/produncan.cl\/fr\/produit\/campo-pradera-oeste-los-muermos-los-muermos-region-des-lacs\/#primaryimage"},"thumbnailUrl":"https:\/\/produncan.cl\/wp-content\/uploads\/2023\/11\/Campo-en-Venta-Pradera-Oeste.webp","datePublished":"2024-05-12T21:11:28+00:00","dateModified":"2025-08-18T20:55:52+00:00","description":"44,6 hectares de terrain \u00e0 vendre \u00e0 Los Muermos. Eau abondante, b\u00e2timents existants, id\u00e9al pour projets agricoles\/\u00e9levage, bien desservi.","breadcrumb":{"@id":"https:\/\/produncan.cl\/fr\/produit\/campo-pradera-oeste-los-muermos-los-muermos-region-des-lacs\/#breadcrumb"},"inLanguage":"fr-FR","potentialAction":[{"@type":"ReadAction","target":["https:\/\/produncan.cl\/fr\/produit\/campo-pradera-oeste-los-muermos-los-muermos-region-des-lacs\/"]}]},{"@type":"ImageObject","inLanguage":"fr-FR","@id":"https:\/\/produncan.cl\/fr\/produit\/campo-pradera-oeste-los-muermos-los-muermos-region-des-lacs\/#primaryimage","url":"https:\/\/produncan.cl\/wp-content\/uploads\/2023\/11\/Campo-en-Venta-Pradera-Oeste.webp","contentUrl":"https:\/\/produncan.cl\/wp-content\/uploads\/2023\/11\/Campo-en-Venta-Pradera-Oeste.webp","width":600,"height":450},{"@type":"BreadcrumbList","@id":"https:\/\/produncan.cl\/fr\/produit\/campo-pradera-oeste-los-muermos-los-muermos-region-des-lacs\/#breadcrumb","itemListElement":[{"@type":"ListItem","position":1,"name":"Inicio","item":"https:\/\/produncan.cl\/fr\/"},{"@type":"ListItem","position":2,"name":"Propri\u00e9t\u00e9s","item":"https:\/\/produncan.cl\/propiedades\/"},{"@type":"ListItem","position":3,"name":"Champs","item":"https:\/\/produncan.cl\/fr\/cat&eacute;gorie\/champs\/"},{"@type":"ListItem","position":4,"name":"Campagne \u00e0 Los Muermos &#8211; Pradera Oeste, R\u00e9gion des lacs"}]},{"@type":"WebSite","@id":"https:\/\/produncan.cl\/fr\/#website","url":"https:\/\/produncan.cl\/fr\/","name":"Produncan","description":"Nous vous accompagnons dans votre projet de vie !","publisher":{"@id":"https:\/\/produncan.cl\/fr\/#organization"},"potentialAction":[{"@type":"SearchAction","target":{"@type":"EntryPoint","urlTemplate":"https:\/\/produncan.cl\/fr\/?s={search_term_string}"},"query-input":{"@type":"PropertyValueSpecification","valueRequired":true,"valueName":"search_term_string"}}],"inLanguage":"fr-FR"},{"@type":"Organization","@id":"https:\/\/produncan.cl\/fr\/#organization","name":"Produncan","url":"https:\/\/produncan.cl\/fr\/","logo":{"@type":"ImageObject","inLanguage":"fr-FR","@id":"https:\/\/produncan.cl\/fr\/#\/schema\/logo\/image\/","url":"https:\/\/produncan.cl\/wp-content\/uploads\/2021\/03\/LOGO.jpeg","contentUrl":"https:\/\/produncan.cl\/wp-content\/uploads\/2021\/03\/LOGO.jpeg","width":1280,"height":903,"caption":"Produncan"},"image":{"@id":"https:\/\/produncan.cl\/fr\/#\/schema\/logo\/image\/"},"sameAs":["https:\/\/web.facebook.com\/produncanland","https:\/\/www.instagram.com\/pro_duncan\/","https:\/\/www.linkedin.com\/company\/produncan-lands\/","https:\/\/www.youtube.com\/channel\/UCu7N-f3x0svkazD-Eew1-QQ"],"description":"En Produncan somos especialistas en la venta de terrenos en el sur de Chile. Proveemos estancias, campos, parcelas y hoteles.","email":"info@produncan.cl"}]},"og_video":"https:\/\/www.youtube.com\/embed\/aUALoGQOKVM","og_video_type":"text\/html","og_video_duration":"68","og_video_width":"480","og_video_height":"270","ya_ovs_adult":"false","ya_ovs_upload_date":"2024-05-12T21:11:28+00:00","ya_ovs_allow_embed":"true","product_price_amount":"500900.00","product_price_currency":"USD","og_availability":"instock","product_availability":"instock","product_condition":"new"},"_links":{"self":[{"href":"https:\/\/produncan.cl\/fr\/wp-json\/wp\/v2\/product\/24320","targetHints":{"allow":["GET"]}}],"collection":[{"href":"https:\/\/produncan.cl\/fr\/wp-json\/wp\/v2\/product"}],"about":[{"href":"https:\/\/produncan.cl\/fr\/wp-json\/wp\/v2\/types\/product"}],"version-history":[{"count":0,"href":"https:\/\/produncan.cl\/fr\/wp-json\/wp\/v2\/product\/24320\/revisions"}],"wp:featuredmedia":[{"embeddable":true,"href":"https:\/\/produncan.cl\/fr\/wp-json\/wp\/v2\/media\/24082"}],"wp:attachment":[{"href":"https:\/\/produncan.cl\/fr\/wp-json\/wp\/v2\/media?parent=24320"}],"wp:term":[{"taxonomy":"product_brand","embeddable":true,"href":"https:\/\/produncan.cl\/fr\/wp-json\/wp\/v2\/product_brand?post=24320"},{"taxonomy":"product_cat","embeddable":true,"href":"https:\/\/produncan.cl\/fr\/wp-json\/wp\/v2\/product_cat?post=24320"},{"taxonomy":"product_tag","embeddable":true,"href":"https:\/\/produncan.cl\/fr\/wp-json\/wp\/v2\/product_tag?post=24320"},{"taxonomy":"regiones","embeddable":true,"href":"https:\/\/produncan.cl\/fr\/wp-json\/wp\/v2\/regiones?post=24320"},{"taxonomy":"ciudades","embeddable":true,"href":"https:\/\/produncan.cl\/fr\/wp-json\/wp\/v2\/ciudades?post=24320"}],"curies":[{"name":"wp","href":"https:\/\/api.w.org\/{rel}","templated":true}]}}