{"id":25826,"date":"2024-05-13T13:03:40","date_gmt":"2024-05-13T17:03:40","guid":{"rendered":"https:\/\/produncan.cl\/producto\/ferme-el-calafate-fresia\/"},"modified":"2025-12-15T18:34:02","modified_gmt":"2025-12-15T21:34:02","slug":"ferme-el-calafate-fresia","status":"publish","type":"product","link":"https:\/\/produncan.cl\/fr\/produit\/ferme-el-calafate-fresia\/","title":{"rendered":"Campagne avec maison \u00e0 Fresia &#8211; El Calafate &#8211; R\u00e9gion des lacs"},"content":{"rendered":"\t\t<div data-elementor-type=\"product-post\" data-elementor-id=\"25826\" class=\"elementor elementor-25826 elementor-25582\" data-elementor-post-type=\"product\">\n\t\t\t\t<div class=\"elementor-element elementor-element-f03a4dc e-flex e-con-boxed e-con e-parent\" data-id=\"f03a4dc\" data-element_type=\"container\" data-e-type=\"container\" data-settings=\"{&quot;jet_parallax_layout_list&quot;:[]}\">\n\t\t\t\t\t<div class=\"e-con-inner\">\n\t\t\t\t<div class=\"elementor-element elementor-element-b774032 elementor-widget elementor-widget-heading\" data-id=\"b774032\" data-element_type=\"widget\" data-e-type=\"widget\" data-widget_type=\"heading.default\">\n\t\t\t\t\t<h2 class=\"elementor-heading-title elementor-size-default\">19.43 Champ d'hectares avec possibilit\u00e9 de logement et d'agriculture<\/h2>\t\t\t\t<\/div>\n\t\t\t\t\t<\/div>\n\t\t\t\t<\/div>\n\t\t<div class=\"elementor-element elementor-element-942fd84 e-flex e-con-boxed e-con e-parent\" data-id=\"942fd84\" data-element_type=\"container\" data-e-type=\"container\" data-settings=\"{&quot;jet_parallax_layout_list&quot;:[]}\">\n\t\t\t\t\t<div class=\"e-con-inner\">\n\t\t\t\t<div class=\"elementor-element elementor-element-4602916 elementor-widget elementor-widget-text-editor\" data-id=\"4602916\" data-element_type=\"widget\" data-e-type=\"widget\" data-widget_type=\"text-editor.default\">\n\t\t\t\t\t\t\t\t\t<p>Ce domaine rural de 19,43 hectares avec maison \u00e0 Fresia est un joyau pour ceux qui recherchent une vie tranquille en contact avec la nature.<\/p>\n<p>Avec un prix de vente de 13 000 000 $ par hectare, ces terres offrent une opportunit\u00e9 unique pour le d\u00e9veloppement de l&#8217;agriculture et de l&#8217;\u00e9levage, un endroit id\u00e9al pour cultiver du bl\u00e9, de la luzerne, des pommes de terre et de l&#8217;avoine, et pour faire pa\u00eetre les animaux dans les p\u00e2turages.<\/p>\n<p>La propri\u00e9t\u00e9 comprend une maison principale et deux caves, ainsi que trois serres. La topographie essentiellement plate, avec des ravins qui descendent vers les marais qui entourent la campagne, ajoute \u00e0 son charme unique.<\/p>\n<p>Il pr\u00e9sente une petite zone plate \u00e0 partir de la route publique, suivie d&#8217;une descente vers le premier ruisseau, d&#8217;une mont\u00e9e vers une zone haute et plate, et se termine par le deuxi\u00e8me ruisseau, le Llico et le Picaflor, qui longent la majeure partie du p\u00e9rim\u00e8tre du champ et ne s&#8217;ass\u00e8chent pas en \u00e9t\u00e9.<\/p>\n<p>La propri\u00e9t\u00e9 b\u00e9n\u00e9ficie de l&#8217;\u00e9lectricit\u00e9 gr\u00e2ce \u00e0 un poteau de route rurale. En outre, elle dispose d&#8217;un syst\u00e8me d&#8217;approvisionnement en eau par le biais de sources, qui est extraite par moteur vers un bassin de 1000 litres, puis distribu\u00e9e \u00e0 la maison, aux serres et aux vergers au moyen d&#8217;un r\u00e9seau de tuyaux.<\/p>\n<p>La maison, construite en 2005 avec quelques r\u00e9novations, a une taille approximative de 6m x 8m, avec 2 chambres, 1 salle de bain, et une petite terrasse. La cuisine ouverte, les sols en bois et en carreaux de c\u00e9ramique dans les salles de bains et les fen\u00eatres \u00e0 cadre en aluminium ajoutent une touche rustique et chaleureuse \u00e0 l&#8217;espace. Bien qu&#8217;il n&#8217;y ait pas de syst\u00e8me de chauffage central, la cuisini\u00e8re \u00e0 bois fournit une chaleur confortable pendant les mois les plus froids.<\/p>\n<p>Ce champ est entour\u00e9 d&#8217;un nombre impressionnant d&#8217;arbres indig\u00e8nes (60 %) et de prairies (40 %), avec des esp\u00e8ces telles que le canelo, le coig\u00fce, le ma\u00f1\u00edo, l&#8217;ulmo, le ciruelillo, le notro et le luma. La faune locale comprend des renards, des li\u00e8vres, des chucao, des pigeons ramiers, des bandurrias et des grives, ce qui en fait un paradis pour les amoureux de la nature.<\/p>\n<p>L&#8217;acc\u00e8s se fait par une route en grande partie asphalt\u00e9e, avec seulement 3 km de gravier en cours d&#8217;asphaltage, ce qui garantit une connectivit\u00e9 facile et confortable. \u00c0 une heure de l&#8217;a\u00e9roport et \u00e0 proximit\u00e9 de Los Muermos, l&#8217;endroit est id\u00e9al pour ceux qui souhaitent une retraite tranquille sans \u00eatre trop \u00e9loign\u00e9s des commodit\u00e9s urbaines.<\/p>\n<p>En r\u00e9sum\u00e9, cette campagne est une occasion exceptionnelle de profiter de la vie rurale avec tout le confort moderne, dans un cadre naturellement beau et serein.<\/p>\t\t\t\t\t\t\t\t<\/div>\n\t\t\t\t\t<\/div>\n\t\t\t\t<\/div>\n\t\t\t\t<\/div>\n\t\t","protected":false},"excerpt":{"rendered":"<p>Terrain \u00e0 Fresia id\u00e9al pour l&#8217;agriculture et l&#8217;\u00e9levage, \u00e0 une heure de Puerto Varas. Acc\u00e8s direct \u00e0 la voie publique, en hauteur, plat, priv\u00e9, avec un marais et une rivi\u00e8re \u00e0 sa p\u00e9riph\u00e9rie. Eau, \u00e9lectricit\u00e9, maison, hangar, \u00e9table et serres.  <\/p>\n","protected":false},"featured_media":25593,"template":"","meta":{"_acf_changed":false},"product_brand":[],"product_cat":[113],"product_tag":[233],"regiones":[226],"ciudades":[214,216],"class_list":{"0":"post-25826","1":"product","2":"type-product","3":"status-publish","4":"has-post-thumbnail","6":"product_cat-ohiggins-los-lagos-fr","7":"product_tag-champs","8":"regiones-nuble-los_lagos","9":"ciudades-fresia","10":"ciudades-los-muermos","12":"first","13":"instock","14":"shipping-taxable","15":"purchasable","16":"product-type-simple"},"acf":[],"yoast_head":"<!-- This site is optimized with the Yoast SEO Premium plugin v26.0 (Yoast SEO v27.3) - https:\/\/yoast.com\/product\/yoast-seo-premium-wordpress\/ -->\n<title>Campagne avec maison \u00e0 Fresia - El Calafate - R\u00e9gion des lacs - Produncan<\/title>\n<meta name=\"description\" content=\"Champ de 19,43has \u00e0 Fresia, id\u00e9al pour l&#039;agriculture et l&#039;\u00e9levage, \u00e0 une heure de Puerto Varas. Avec des marais sur son p\u00e9rim\u00e8tre, tous les services, maison, hangar.\" \/>\n<meta name=\"robots\" content=\"index, follow, max-snippet:-1, max-image-preview:large, max-video-preview:-1\" \/>\n<link rel=\"canonical\" href=\"https:\/\/produncan.cl\/fr\/produit\/ferme-el-calafate-fresia\/\" \/>\n<meta property=\"og:locale\" content=\"fr_FR\" \/>\n<meta property=\"og:type\" content=\"article\" \/>\n<meta property=\"og:title\" content=\"Campagne avec maison \u00e0 Fresia - El Calafate - R\u00e9gion des lacs\" \/>\n<meta property=\"og:description\" content=\"Champ de 19,43has \u00e0 Fresia, id\u00e9al pour l&#039;agriculture et l&#039;\u00e9levage, \u00e0 une heure de Puerto Varas. Avec des marais sur son p\u00e9rim\u00e8tre, tous les services, maison, hangar.\" \/>\n<meta property=\"og:url\" content=\"https:\/\/produncan.cl\/fr\/produit\/ferme-el-calafate-fresia\/\" \/>\n<meta property=\"og:site_name\" content=\"Produncan\" \/>\n<meta property=\"article:publisher\" content=\"https:\/\/web.facebook.com\/produncanland\" \/>\n<meta property=\"article:modified_time\" content=\"2025-12-15T21:34:02+00:00\" \/>\n<meta property=\"og:image\" content=\"https:\/\/produncan.cl\/wp-content\/uploads\/2023\/12\/Campo-Fundo-El-Calafate-En-Venta-Los-Muermos.webp\" \/>\n<meta name=\"twitter:card\" content=\"summary_large_image\" \/>\n<meta name=\"twitter:label1\" content=\"Price\" \/>\n\t<meta name=\"twitter:data1\" content=\"USD276.100,00\" \/>\n\t<meta name=\"twitter:label2\" content=\"Availability\" \/>\n\t<meta name=\"twitter:data2\" content=\"In stock\" \/>\n<script type=\"application\/ld+json\" class=\"yoast-schema-graph\">{\"@context\":\"https:\\\/\\\/schema.org\",\"@graph\":[{\"@type\":\"WebPage\",\"@id\":\"https:\\\/\\\/produncan.cl\\\/fr\\\/produit\\\/ferme-el-calafate-fresia\\\/\",\"url\":\"https:\\\/\\\/produncan.cl\\\/fr\\\/produit\\\/ferme-el-calafate-fresia\\\/\",\"name\":\"Campagne avec maison \u00e0 Fresia - El Calafate - R\u00e9gion des lacs - Produncan\",\"isPartOf\":{\"@id\":\"https:\\\/\\\/produncan.cl\\\/fr\\\/#website\"},\"primaryImageOfPage\":{\"@id\":\"https:\\\/\\\/produncan.cl\\\/fr\\\/produit\\\/ferme-el-calafate-fresia\\\/#primaryimage\"},\"image\":{\"@id\":\"https:\\\/\\\/produncan.cl\\\/fr\\\/produit\\\/ferme-el-calafate-fresia\\\/#primaryimage\"},\"thumbnailUrl\":\"https:\\\/\\\/produncan.cl\\\/wp-content\\\/uploads\\\/2023\\\/12\\\/Campo-Fundo-El-Calafate-En-Venta-Los-Muermos.webp\",\"datePublished\":\"2024-05-13T17:03:40+00:00\",\"dateModified\":\"2025-12-15T21:34:02+00:00\",\"description\":\"Champ de 19,43has \u00e0 Fresia, id\u00e9al pour l'agriculture et l'\u00e9levage, \u00e0 une heure de Puerto Varas. Avec des marais sur son p\u00e9rim\u00e8tre, tous les services, maison, hangar.\",\"breadcrumb\":{\"@id\":\"https:\\\/\\\/produncan.cl\\\/fr\\\/produit\\\/ferme-el-calafate-fresia\\\/#breadcrumb\"},\"inLanguage\":\"fr-FR\",\"potentialAction\":[{\"@type\":\"ReadAction\",\"target\":[\"https:\\\/\\\/produncan.cl\\\/fr\\\/produit\\\/ferme-el-calafate-fresia\\\/\"]}]},{\"@type\":\"ImageObject\",\"inLanguage\":\"fr-FR\",\"@id\":\"https:\\\/\\\/produncan.cl\\\/fr\\\/produit\\\/ferme-el-calafate-fresia\\\/#primaryimage\",\"url\":\"https:\\\/\\\/produncan.cl\\\/wp-content\\\/uploads\\\/2023\\\/12\\\/Campo-Fundo-El-Calafate-En-Venta-Los-Muermos.webp\",\"contentUrl\":\"https:\\\/\\\/produncan.cl\\\/wp-content\\\/uploads\\\/2023\\\/12\\\/Campo-Fundo-El-Calafate-En-Venta-Los-Muermos.webp\",\"width\":600,\"height\":450,\"caption\":\"Campo Fundo El Calafate \u00e0 vendre\"},{\"@type\":\"BreadcrumbList\",\"@id\":\"https:\\\/\\\/produncan.cl\\\/fr\\\/produit\\\/ferme-el-calafate-fresia\\\/#breadcrumb\",\"itemListElement\":[{\"@type\":\"ListItem\",\"position\":1,\"name\":\"Inicio\",\"item\":\"https:\\\/\\\/produncan.cl\\\/fr\\\/\"},{\"@type\":\"ListItem\",\"position\":2,\"name\":\"Propri\u00e9t\u00e9s\",\"item\":\"https:\\\/\\\/produncan.cl\\\/propiedades\\\/\"},{\"@type\":\"ListItem\",\"position\":3,\"name\":\"Champs\",\"item\":\"https:\\\/\\\/produncan.cl\\\/fr\\\/cat&eacute;gorie\\\/champs\\\/\"},{\"@type\":\"ListItem\",\"position\":4,\"name\":\"Campagne avec maison \u00e0 Fresia &#8211; El Calafate &#8211; R\u00e9gion des lacs\"}]},{\"@type\":\"WebSite\",\"@id\":\"https:\\\/\\\/produncan.cl\\\/fr\\\/#website\",\"url\":\"https:\\\/\\\/produncan.cl\\\/fr\\\/\",\"name\":\"Produncan\",\"description\":\"Nous vous accompagnons dans votre projet de vie !\",\"publisher\":{\"@id\":\"https:\\\/\\\/produncan.cl\\\/fr\\\/#organization\"},\"potentialAction\":[{\"@type\":\"SearchAction\",\"target\":{\"@type\":\"EntryPoint\",\"urlTemplate\":\"https:\\\/\\\/produncan.cl\\\/fr\\\/?s={search_term_string}\"},\"query-input\":{\"@type\":\"PropertyValueSpecification\",\"valueRequired\":true,\"valueName\":\"search_term_string\"}}],\"inLanguage\":\"fr-FR\"},{\"@type\":\"Organization\",\"@id\":\"https:\\\/\\\/produncan.cl\\\/fr\\\/#organization\",\"name\":\"Produncan\",\"url\":\"https:\\\/\\\/produncan.cl\\\/fr\\\/\",\"logo\":{\"@type\":\"ImageObject\",\"inLanguage\":\"fr-FR\",\"@id\":\"https:\\\/\\\/produncan.cl\\\/fr\\\/#\\\/schema\\\/logo\\\/image\\\/\",\"url\":\"https:\\\/\\\/produncan.cl\\\/wp-content\\\/uploads\\\/2021\\\/03\\\/LOGO.jpeg\",\"contentUrl\":\"https:\\\/\\\/produncan.cl\\\/wp-content\\\/uploads\\\/2021\\\/03\\\/LOGO.jpeg\",\"width\":1280,\"height\":903,\"caption\":\"Produncan\"},\"image\":{\"@id\":\"https:\\\/\\\/produncan.cl\\\/fr\\\/#\\\/schema\\\/logo\\\/image\\\/\"},\"sameAs\":[\"https:\\\/\\\/web.facebook.com\\\/produncanland\",\"https:\\\/\\\/www.instagram.com\\\/pro_duncan\\\/\",\"https:\\\/\\\/www.linkedin.com\\\/company\\\/produncan-lands\\\/\",\"https:\\\/\\\/www.youtube.com\\\/channel\\\/UCu7N-f3x0svkazD-Eew1-QQ\"],\"description\":\"En Produncan somos especialistas en la venta de terrenos en el sur de Chile. Proveemos estancias, campos, parcelas y hoteles.\",\"email\":\"info@produncan.cl\"}]}<\/script>\n<meta property=\"og:video\" content=\"https:\/\/www.youtube.com\/embed\/Ct9SsSgPJ04\" \/>\n<meta property=\"og:video:type\" content=\"text\/html\" \/>\n<meta property=\"og:video:duration\" content=\"149\" \/>\n<meta property=\"og:video:width\" content=\"480\" \/>\n<meta property=\"og:video:height\" content=\"360\" \/>\n<meta property=\"ya:ovs:adult\" content=\"false\" \/>\n<meta property=\"ya:ovs:upload_date\" content=\"2024-05-13T17:03:40+00:00\" \/>\n<meta property=\"ya:ovs:allow_embed\" content=\"true\" \/>\n<meta property=\"product:price:amount\" content=\"276100.00\" \/>\n<meta property=\"product:price:currency\" content=\"USD\" \/>\n<meta property=\"og:availability\" content=\"instock\" \/>\n<meta property=\"product:availability\" content=\"instock\" \/>\n<meta property=\"product:condition\" content=\"new\" \/>\n<!-- \/ Yoast SEO Premium plugin. -->","yoast_head_json":{"title":"Campagne avec maison \u00e0 Fresia - El Calafate - R\u00e9gion des lacs - Produncan","description":"Champ de 19,43has \u00e0 Fresia, id\u00e9al pour l'agriculture et l'\u00e9levage, \u00e0 une heure de Puerto Varas. Avec des marais sur son p\u00e9rim\u00e8tre, tous les services, maison, hangar.","robots":{"index":"index","follow":"follow","max-snippet":"max-snippet:-1","max-image-preview":"max-image-preview:large","max-video-preview":"max-video-preview:-1"},"canonical":"https:\/\/produncan.cl\/fr\/produit\/ferme-el-calafate-fresia\/","og_locale":"fr_FR","og_type":"article","og_title":"Campagne avec maison \u00e0 Fresia - El Calafate - R\u00e9gion des lacs","og_description":"Champ de 19,43has \u00e0 Fresia, id\u00e9al pour l'agriculture et l'\u00e9levage, \u00e0 une heure de Puerto Varas. Avec des marais sur son p\u00e9rim\u00e8tre, tous les services, maison, hangar.","og_url":"https:\/\/produncan.cl\/fr\/produit\/ferme-el-calafate-fresia\/","og_site_name":"Produncan","article_publisher":"https:\/\/web.facebook.com\/produncanland","article_modified_time":"2025-12-15T21:34:02+00:00","og_image":[{"url":"https:\/\/produncan.cl\/wp-content\/uploads\/2023\/12\/Campo-Fundo-El-Calafate-En-Venta-Los-Muermos.webp","type":"","width":"","height":""}],"twitter_card":"summary_large_image","twitter_misc":{"Price":"USD276.100,00","Availability":"In stock"},"schema":{"@context":"https:\/\/schema.org","@graph":[{"@type":"WebPage","@id":"https:\/\/produncan.cl\/fr\/produit\/ferme-el-calafate-fresia\/","url":"https:\/\/produncan.cl\/fr\/produit\/ferme-el-calafate-fresia\/","name":"Campagne avec maison \u00e0 Fresia - El Calafate - R\u00e9gion des lacs - Produncan","isPartOf":{"@id":"https:\/\/produncan.cl\/fr\/#website"},"primaryImageOfPage":{"@id":"https:\/\/produncan.cl\/fr\/produit\/ferme-el-calafate-fresia\/#primaryimage"},"image":{"@id":"https:\/\/produncan.cl\/fr\/produit\/ferme-el-calafate-fresia\/#primaryimage"},"thumbnailUrl":"https:\/\/produncan.cl\/wp-content\/uploads\/2023\/12\/Campo-Fundo-El-Calafate-En-Venta-Los-Muermos.webp","datePublished":"2024-05-13T17:03:40+00:00","dateModified":"2025-12-15T21:34:02+00:00","description":"Champ de 19,43has \u00e0 Fresia, id\u00e9al pour l'agriculture et l'\u00e9levage, \u00e0 une heure de Puerto Varas. Avec des marais sur son p\u00e9rim\u00e8tre, tous les services, maison, hangar.","breadcrumb":{"@id":"https:\/\/produncan.cl\/fr\/produit\/ferme-el-calafate-fresia\/#breadcrumb"},"inLanguage":"fr-FR","potentialAction":[{"@type":"ReadAction","target":["https:\/\/produncan.cl\/fr\/produit\/ferme-el-calafate-fresia\/"]}]},{"@type":"ImageObject","inLanguage":"fr-FR","@id":"https:\/\/produncan.cl\/fr\/produit\/ferme-el-calafate-fresia\/#primaryimage","url":"https:\/\/produncan.cl\/wp-content\/uploads\/2023\/12\/Campo-Fundo-El-Calafate-En-Venta-Los-Muermos.webp","contentUrl":"https:\/\/produncan.cl\/wp-content\/uploads\/2023\/12\/Campo-Fundo-El-Calafate-En-Venta-Los-Muermos.webp","width":600,"height":450,"caption":"Campo Fundo El Calafate \u00e0 vendre"},{"@type":"BreadcrumbList","@id":"https:\/\/produncan.cl\/fr\/produit\/ferme-el-calafate-fresia\/#breadcrumb","itemListElement":[{"@type":"ListItem","position":1,"name":"Inicio","item":"https:\/\/produncan.cl\/fr\/"},{"@type":"ListItem","position":2,"name":"Propri\u00e9t\u00e9s","item":"https:\/\/produncan.cl\/propiedades\/"},{"@type":"ListItem","position":3,"name":"Champs","item":"https:\/\/produncan.cl\/fr\/cat&eacute;gorie\/champs\/"},{"@type":"ListItem","position":4,"name":"Campagne avec maison \u00e0 Fresia &#8211; El Calafate &#8211; R\u00e9gion des lacs"}]},{"@type":"WebSite","@id":"https:\/\/produncan.cl\/fr\/#website","url":"https:\/\/produncan.cl\/fr\/","name":"Produncan","description":"Nous vous accompagnons dans votre projet de vie !","publisher":{"@id":"https:\/\/produncan.cl\/fr\/#organization"},"potentialAction":[{"@type":"SearchAction","target":{"@type":"EntryPoint","urlTemplate":"https:\/\/produncan.cl\/fr\/?s={search_term_string}"},"query-input":{"@type":"PropertyValueSpecification","valueRequired":true,"valueName":"search_term_string"}}],"inLanguage":"fr-FR"},{"@type":"Organization","@id":"https:\/\/produncan.cl\/fr\/#organization","name":"Produncan","url":"https:\/\/produncan.cl\/fr\/","logo":{"@type":"ImageObject","inLanguage":"fr-FR","@id":"https:\/\/produncan.cl\/fr\/#\/schema\/logo\/image\/","url":"https:\/\/produncan.cl\/wp-content\/uploads\/2021\/03\/LOGO.jpeg","contentUrl":"https:\/\/produncan.cl\/wp-content\/uploads\/2021\/03\/LOGO.jpeg","width":1280,"height":903,"caption":"Produncan"},"image":{"@id":"https:\/\/produncan.cl\/fr\/#\/schema\/logo\/image\/"},"sameAs":["https:\/\/web.facebook.com\/produncanland","https:\/\/www.instagram.com\/pro_duncan\/","https:\/\/www.linkedin.com\/company\/produncan-lands\/","https:\/\/www.youtube.com\/channel\/UCu7N-f3x0svkazD-Eew1-QQ"],"description":"En Produncan somos especialistas en la venta de terrenos en el sur de Chile. Proveemos estancias, campos, parcelas y hoteles.","email":"info@produncan.cl"}]},"og_video":"https:\/\/www.youtube.com\/embed\/Ct9SsSgPJ04","og_video_type":"text\/html","og_video_duration":"149","og_video_width":"480","og_video_height":"360","ya_ovs_adult":"false","ya_ovs_upload_date":"2024-05-13T17:03:40+00:00","ya_ovs_allow_embed":"true","product_price_amount":"276100.00","product_price_currency":"USD","og_availability":"instock","product_availability":"instock","product_condition":"new"},"_links":{"self":[{"href":"https:\/\/produncan.cl\/fr\/wp-json\/wp\/v2\/product\/25826","targetHints":{"allow":["GET"]}}],"collection":[{"href":"https:\/\/produncan.cl\/fr\/wp-json\/wp\/v2\/product"}],"about":[{"href":"https:\/\/produncan.cl\/fr\/wp-json\/wp\/v2\/types\/product"}],"version-history":[{"count":2,"href":"https:\/\/produncan.cl\/fr\/wp-json\/wp\/v2\/product\/25826\/revisions"}],"predecessor-version":[{"id":53096,"href":"https:\/\/produncan.cl\/fr\/wp-json\/wp\/v2\/product\/25826\/revisions\/53096"}],"wp:featuredmedia":[{"embeddable":true,"href":"https:\/\/produncan.cl\/fr\/wp-json\/wp\/v2\/media\/25593"}],"wp:attachment":[{"href":"https:\/\/produncan.cl\/fr\/wp-json\/wp\/v2\/media?parent=25826"}],"wp:term":[{"taxonomy":"product_brand","embeddable":true,"href":"https:\/\/produncan.cl\/fr\/wp-json\/wp\/v2\/product_brand?post=25826"},{"taxonomy":"product_cat","embeddable":true,"href":"https:\/\/produncan.cl\/fr\/wp-json\/wp\/v2\/product_cat?post=25826"},{"taxonomy":"product_tag","embeddable":true,"href":"https:\/\/produncan.cl\/fr\/wp-json\/wp\/v2\/product_tag?post=25826"},{"taxonomy":"regiones","embeddable":true,"href":"https:\/\/produncan.cl\/fr\/wp-json\/wp\/v2\/regiones?post=25826"},{"taxonomy":"ciudades","embeddable":true,"href":"https:\/\/produncan.cl\/fr\/wp-json\/wp\/v2\/ciudades?post=25826"}],"curies":[{"name":"wp","href":"https:\/\/api.w.org\/{rel}","templated":true}]}}