{"id":26250,"date":"2024-05-09T17:58:32","date_gmt":"2024-05-09T21:58:32","guid":{"rendered":"https:\/\/produncan.cl\/producto\/parcelles-punta-corona-chiloe\/"},"modified":"2025-12-15T18:34:03","modified_gmt":"2025-12-15T21:34:03","slug":"parcelles-punta-corona-chiloe","status":"publish","type":"product","link":"https:\/\/produncan.cl\/fr\/produit\/parcelles-punta-corona-chiloe\/","title":{"rendered":"Parcelles Punta Corona &#8211; Chilo\u00e9"},"content":{"rendered":"\t\t<div data-elementor-type=\"product-post\" data-elementor-id=\"26250\" class=\"elementor elementor-26250 elementor-25956\" data-elementor-post-type=\"product\">\n\t\t\t\t<div class=\"elementor-element elementor-element-91ced87 e-flex e-con-boxed e-con e-parent\" data-id=\"91ced87\" data-element_type=\"container\" data-e-type=\"container\" data-settings=\"{&quot;jet_parallax_layout_list&quot;:[]}\">\n\t\t\t\t\t<div class=\"e-con-inner\">\n\t\t\t\t<div class=\"elementor-element elementor-element-a52a131 elementor-widget elementor-widget-heading\" data-id=\"a52a131\" data-element_type=\"widget\" data-e-type=\"widget\" data-widget_type=\"heading.default\">\n\t\t\t\t\t<h2 class=\"elementor-heading-title elementor-size-default\">Terrains \u00e0 Ancud avec vue privil\u00e9gi\u00e9e sur la mer<\/h2>\t\t\t\t<\/div>\n\t\t\t\t\t<\/div>\n\t\t\t\t<\/div>\n\t\t<div class=\"elementor-element elementor-element-41a7330 e-flex e-con-boxed e-con e-parent\" data-id=\"41a7330\" data-element_type=\"container\" data-e-type=\"container\" data-settings=\"{&quot;jet_parallax_layout_list&quot;:[]}\">\n\t\t\t\t\t<div class=\"e-con-inner\">\n\t\t\t\t<div class=\"elementor-element elementor-element-69537ea elementor-widget elementor-widget-text-editor\" data-id=\"69537ea\" data-element_type=\"widget\" data-e-type=\"widget\" data-widget_type=\"text-editor.default\">\n\t\t\t\t\t\t\t\t\t<p>D\u00e9couvrez l&#8217;extraordinaire opportunit\u00e9 qu&#8217;offrent ces deux terrains disponibles \u00e0 Ancud, d&#8217;une superficie de 5000m\u00b2 chacun et adjacents l&#8217;un \u00e0 l&#8217;autre, situ\u00e9s dans le secteur du Faro Corona, r\u00e9put\u00e9 pour ses paysages \u00e9poustouflants, ses plages de sable blanc et ses vagues de surf.<\/p><p>Ces deux parcelles repr\u00e9sentent le choix id\u00e9al pour ceux qui recherchent un endroit exclusif, avec peu de voisins, parfait pour une r\u00e9sidence secondaire ou un projet touristique. On y acc\u00e8de directement par une route goudronn\u00e9e, suivie d&#8217;une courte servitude menant au sommet d&#8217;une colline, o\u00f9 se trouvent les deux parcelles.<\/p><p>De l\u00e0, vous pouvez descendre directement sur une plage de sable blanc et d&#8217;eaux calmes, facilement accessible \u00e0 pied ou en voiture. \u00c0 quelques pas de l\u00e0, les amateurs de mer et de sports nautiques peuvent profiter de la c\u00e9l\u00e8bre vague de surf de Punta Corona, un joyau o\u00f9 il est m\u00eame possible de surfer en compagnie de dauphins.<\/p><p>La topographie g\u00e9n\u00e9ralement plate des parcelles, avec une pente douce, ajoute \u00e0 l&#8217;attrait du paysage et offre une toile polyvalente pour des projets ou des maisons de r\u00eave.<\/p><p>L&#8217;\u00e9lectricit\u00e9, disponible en sous-sol, est d\u00e9j\u00e0 mesur\u00e9e et il suffit de prolonger la ligne jusqu&#8217;\u00e0 chaque parcelle. En ce qui concerne l&#8217;approvisionnement en eau, il y a l&#8217;eau potable rurale (Agua Potable Rural &#8211; APR) et l&#8217;eau provenant d&#8217;un puits. En outre, un bon signal de t\u00e9l\u00e9communications est garanti.<\/p><p>Le projet est entour\u00e9 d&#8217;une cl\u00f4ture en bois et en fil de fer, qui assure la s\u00e9curit\u00e9 et d\u00e9limite l&#8217;espace de mani\u00e8re naturelle.<\/p><p>La richesse de la flore et de la faune locales abrite une vari\u00e9t\u00e9 d&#8217;esp\u00e8ces end\u00e9miques \u00e0 l&#8217;\u00eele de Chilo\u00e9, ce qui fait de cet endroit un v\u00e9ritable tr\u00e9sor.<\/p><p>Situ\u00e9 \u00e0 seulement 28 kilom\u00e8tres, soit environ 30 minutes en voiture, de la charmante ville d&#8217;Ancud et \u00e0 seulement 1 heure et 15 minutes de l&#8217;a\u00e9roport d&#8217;El Tepual.<\/p><p>La r\u00e9gion du Faro Corona offre un environnement naturel \u00e9poustouflant, avec des attractions \u00e0 proximit\u00e9 telles que la p\u00e9ninsule de Lacuy, la plage de Chauman, la plage de Fuerte et Ahui, la plage de Guabun, la plage de Rosaura, la plage de Mar Brava, Pu\u00f1ihuil (Pinguineras), la crique pittoresque de Quetalmahue, parmi d&#8217;autres.<\/p><p>Vous pouvez acheter une ou les deux parcelles, disponibles au prix de 105.000.Les deux terrains, d&#8217;une valeur unitaire de 105 000 euros, repr\u00e9sentent un investissement attractif compte tenu de leur situation privil\u00e9gi\u00e9e et des opportunit\u00e9s qu&#8217; ils offrent. Il s&#8217;agit d&#8217;une offre unique pour ceux qui recherchent un coin de paradis dans la magnifique r\u00e9gion de Chilo\u00e9.<\/p>\t\t\t\t\t\t\t\t<\/div>\n\t\t\t\t\t<\/div>\n\t\t\t\t<\/div>\n\t\t\t\t<\/div>\n\t\t","protected":false},"excerpt":{"rendered":"<p>Extraordinaire terrain de 5000m\u00b2 avec vue sur la mer \u00e0 360\u00b0 \u00e0 Faro Corona, Ancud. Id\u00e9al pour les surfeurs, les r\u00e9sidences secondaires et les projets touristiques. Acc\u00e8s asphalt\u00e9 et tous les services !<\/p>\n","protected":false},"featured_media":26023,"template":"","meta":{"_acf_changed":false},"product_brand":[],"product_cat":[113],"product_tag":[236,237],"regiones":[226],"ciudades":[212],"class_list":{"0":"post-26250","1":"product","2":"type-product","3":"status-publish","4":"has-post-thumbnail","6":"product_cat-ohiggins-los-lagos-fr","7":"product_tag-parcelles","8":"product_tag-proprietes-touristiques","9":"regiones-nuble-los_lagos","10":"ciudades-ancud","12":"first","13":"instock","14":"shipping-taxable","15":"purchasable","16":"product-type-simple"},"acf":[],"yoast_head":"<!-- This site is optimized with the Yoast SEO Premium plugin v26.0 (Yoast SEO v27.3) - https:\/\/yoast.com\/product\/yoast-seo-premium-wordpress\/ -->\n<title>Parcelles Punta Corona - Chilo\u00e9 - Produncan<\/title>\n<meta name=\"description\" content=\"Terrain de 5000m\u00b2 avec vue sur la mer \u00e0 360\u00b0 \u00e0 Faro Corona, Ancud. Id\u00e9al pour les surfeurs, les r\u00e9sidences secondaires et les projets touristiques. Tous les services\" \/>\n<meta name=\"robots\" content=\"index, follow, max-snippet:-1, max-image-preview:large, max-video-preview:-1\" \/>\n<link rel=\"canonical\" href=\"https:\/\/produncan.cl\/fr\/produit\/parcelles-punta-corona-chiloe\/\" \/>\n<meta property=\"og:locale\" content=\"fr_FR\" \/>\n<meta property=\"og:type\" content=\"article\" \/>\n<meta property=\"og:title\" content=\"Parcelles Punta Corona - Chilo\u00e9\" \/>\n<meta property=\"og:description\" content=\"Terrain de 5000m\u00b2 avec vue sur la mer \u00e0 360\u00b0 \u00e0 Faro Corona, Ancud. Id\u00e9al pour les surfeurs, les r\u00e9sidences secondaires et les projets touristiques. Tous les services\" \/>\n<meta property=\"og:url\" content=\"https:\/\/produncan.cl\/fr\/produit\/parcelles-punta-corona-chiloe\/\" \/>\n<meta property=\"og:site_name\" content=\"Produncan\" \/>\n<meta property=\"article:publisher\" content=\"https:\/\/web.facebook.com\/produncanland\" \/>\n<meta property=\"article:modified_time\" content=\"2025-12-15T21:34:03+00:00\" \/>\n<meta property=\"og:image\" content=\"https:\/\/produncan.cl\/wp-content\/uploads\/2024\/01\/Parcelas-Punta-Corona-en-venta-Chiloe.webp\" \/>\n<meta name=\"twitter:card\" content=\"summary_large_image\" \/>\n<meta name=\"twitter:label1\" content=\"Price\" \/>\n\t<meta name=\"twitter:data1\" content=\"USD114.200,00\" \/>\n\t<meta name=\"twitter:label2\" content=\"Availability\" \/>\n\t<meta name=\"twitter:data2\" content=\"In stock\" \/>\n<script type=\"application\/ld+json\" class=\"yoast-schema-graph\">{\"@context\":\"https:\\\/\\\/schema.org\",\"@graph\":[{\"@type\":\"WebPage\",\"@id\":\"https:\\\/\\\/produncan.cl\\\/fr\\\/produit\\\/parcelles-punta-corona-chiloe\\\/\",\"url\":\"https:\\\/\\\/produncan.cl\\\/fr\\\/produit\\\/parcelles-punta-corona-chiloe\\\/\",\"name\":\"Parcelles Punta Corona - Chilo\u00e9 - Produncan\",\"isPartOf\":{\"@id\":\"https:\\\/\\\/produncan.cl\\\/fr\\\/#website\"},\"primaryImageOfPage\":{\"@id\":\"https:\\\/\\\/produncan.cl\\\/fr\\\/produit\\\/parcelles-punta-corona-chiloe\\\/#primaryimage\"},\"image\":{\"@id\":\"https:\\\/\\\/produncan.cl\\\/fr\\\/produit\\\/parcelles-punta-corona-chiloe\\\/#primaryimage\"},\"thumbnailUrl\":\"https:\\\/\\\/produncan.cl\\\/wp-content\\\/uploads\\\/2024\\\/01\\\/Parcelas-Punta-Corona-en-venta-Chiloe.webp\",\"datePublished\":\"2024-05-09T21:58:32+00:00\",\"dateModified\":\"2025-12-15T21:34:03+00:00\",\"description\":\"Terrain de 5000m\u00b2 avec vue sur la mer \u00e0 360\u00b0 \u00e0 Faro Corona, Ancud. Id\u00e9al pour les surfeurs, les r\u00e9sidences secondaires et les projets touristiques. Tous les services\",\"breadcrumb\":{\"@id\":\"https:\\\/\\\/produncan.cl\\\/fr\\\/produit\\\/parcelles-punta-corona-chiloe\\\/#breadcrumb\"},\"inLanguage\":\"fr-FR\",\"potentialAction\":[{\"@type\":\"ReadAction\",\"target\":[\"https:\\\/\\\/produncan.cl\\\/fr\\\/produit\\\/parcelles-punta-corona-chiloe\\\/\"]}]},{\"@type\":\"ImageObject\",\"inLanguage\":\"fr-FR\",\"@id\":\"https:\\\/\\\/produncan.cl\\\/fr\\\/produit\\\/parcelles-punta-corona-chiloe\\\/#primaryimage\",\"url\":\"https:\\\/\\\/produncan.cl\\\/wp-content\\\/uploads\\\/2024\\\/01\\\/Parcelas-Punta-Corona-en-venta-Chiloe.webp\",\"contentUrl\":\"https:\\\/\\\/produncan.cl\\\/wp-content\\\/uploads\\\/2024\\\/01\\\/Parcelas-Punta-Corona-en-venta-Chiloe.webp\",\"width\":600,\"height\":450,\"caption\":\"Parcelles Punta Corona \u00e0 vendre Chiloe\"},{\"@type\":\"BreadcrumbList\",\"@id\":\"https:\\\/\\\/produncan.cl\\\/fr\\\/produit\\\/parcelles-punta-corona-chiloe\\\/#breadcrumb\",\"itemListElement\":[{\"@type\":\"ListItem\",\"position\":1,\"name\":\"Inicio\",\"item\":\"https:\\\/\\\/produncan.cl\\\/fr\\\/\"},{\"@type\":\"ListItem\",\"position\":2,\"name\":\"Propri\u00e9t\u00e9s\",\"item\":\"https:\\\/\\\/produncan.cl\\\/propiedades\\\/\"},{\"@type\":\"ListItem\",\"position\":3,\"name\":\"Parcelles\",\"item\":\"https:\\\/\\\/produncan.cl\\\/fr\\\/cat&eacute;gorie\\\/parcelles\\\/\"},{\"@type\":\"ListItem\",\"position\":4,\"name\":\"Parcelles Punta Corona &#8211; Chilo\u00e9\"}]},{\"@type\":\"WebSite\",\"@id\":\"https:\\\/\\\/produncan.cl\\\/fr\\\/#website\",\"url\":\"https:\\\/\\\/produncan.cl\\\/fr\\\/\",\"name\":\"Produncan\",\"description\":\"Nous vous accompagnons dans votre projet de vie !\",\"publisher\":{\"@id\":\"https:\\\/\\\/produncan.cl\\\/fr\\\/#organization\"},\"potentialAction\":[{\"@type\":\"SearchAction\",\"target\":{\"@type\":\"EntryPoint\",\"urlTemplate\":\"https:\\\/\\\/produncan.cl\\\/fr\\\/?s={search_term_string}\"},\"query-input\":{\"@type\":\"PropertyValueSpecification\",\"valueRequired\":true,\"valueName\":\"search_term_string\"}}],\"inLanguage\":\"fr-FR\"},{\"@type\":\"Organization\",\"@id\":\"https:\\\/\\\/produncan.cl\\\/fr\\\/#organization\",\"name\":\"Produncan\",\"url\":\"https:\\\/\\\/produncan.cl\\\/fr\\\/\",\"logo\":{\"@type\":\"ImageObject\",\"inLanguage\":\"fr-FR\",\"@id\":\"https:\\\/\\\/produncan.cl\\\/fr\\\/#\\\/schema\\\/logo\\\/image\\\/\",\"url\":\"https:\\\/\\\/produncan.cl\\\/wp-content\\\/uploads\\\/2021\\\/03\\\/LOGO.jpeg\",\"contentUrl\":\"https:\\\/\\\/produncan.cl\\\/wp-content\\\/uploads\\\/2021\\\/03\\\/LOGO.jpeg\",\"width\":1280,\"height\":903,\"caption\":\"Produncan\"},\"image\":{\"@id\":\"https:\\\/\\\/produncan.cl\\\/fr\\\/#\\\/schema\\\/logo\\\/image\\\/\"},\"sameAs\":[\"https:\\\/\\\/web.facebook.com\\\/produncanland\",\"https:\\\/\\\/www.instagram.com\\\/pro_duncan\\\/\",\"https:\\\/\\\/www.linkedin.com\\\/company\\\/produncan-lands\\\/\",\"https:\\\/\\\/www.youtube.com\\\/channel\\\/UCu7N-f3x0svkazD-Eew1-QQ\"],\"description\":\"En Produncan somos especialistas en la venta de terrenos en el sur de Chile. Proveemos estancias, campos, parcelas y hoteles.\",\"email\":\"info@produncan.cl\"}]}<\/script>\n<meta property=\"og:video\" content=\"https:\/\/www.youtube.com\/embed\/TNDd402zc5I\" \/>\n<meta property=\"og:video:type\" content=\"text\/html\" \/>\n<meta property=\"og:video:duration\" content=\"65\" \/>\n<meta property=\"og:video:width\" content=\"480\" \/>\n<meta property=\"og:video:height\" content=\"360\" \/>\n<meta property=\"ya:ovs:adult\" content=\"false\" \/>\n<meta property=\"ya:ovs:upload_date\" content=\"2024-05-09T21:58:32+00:00\" \/>\n<meta property=\"ya:ovs:allow_embed\" content=\"true\" \/>\n<meta property=\"product:price:amount\" content=\"114200.00\" \/>\n<meta property=\"product:price:currency\" content=\"USD\" \/>\n<meta property=\"og:availability\" content=\"instock\" \/>\n<meta property=\"product:availability\" content=\"instock\" \/>\n<meta property=\"product:condition\" content=\"new\" \/>\n<!-- \/ Yoast SEO Premium plugin. -->","yoast_head_json":{"title":"Parcelles Punta Corona - Chilo\u00e9 - Produncan","description":"Terrain de 5000m\u00b2 avec vue sur la mer \u00e0 360\u00b0 \u00e0 Faro Corona, Ancud. Id\u00e9al pour les surfeurs, les r\u00e9sidences secondaires et les projets touristiques. Tous les services","robots":{"index":"index","follow":"follow","max-snippet":"max-snippet:-1","max-image-preview":"max-image-preview:large","max-video-preview":"max-video-preview:-1"},"canonical":"https:\/\/produncan.cl\/fr\/produit\/parcelles-punta-corona-chiloe\/","og_locale":"fr_FR","og_type":"article","og_title":"Parcelles Punta Corona - Chilo\u00e9","og_description":"Terrain de 5000m\u00b2 avec vue sur la mer \u00e0 360\u00b0 \u00e0 Faro Corona, Ancud. Id\u00e9al pour les surfeurs, les r\u00e9sidences secondaires et les projets touristiques. Tous les services","og_url":"https:\/\/produncan.cl\/fr\/produit\/parcelles-punta-corona-chiloe\/","og_site_name":"Produncan","article_publisher":"https:\/\/web.facebook.com\/produncanland","article_modified_time":"2025-12-15T21:34:03+00:00","og_image":[{"url":"https:\/\/produncan.cl\/wp-content\/uploads\/2024\/01\/Parcelas-Punta-Corona-en-venta-Chiloe.webp","type":"","width":"","height":""}],"twitter_card":"summary_large_image","twitter_misc":{"Price":"USD114.200,00","Availability":"In stock"},"schema":{"@context":"https:\/\/schema.org","@graph":[{"@type":"WebPage","@id":"https:\/\/produncan.cl\/fr\/produit\/parcelles-punta-corona-chiloe\/","url":"https:\/\/produncan.cl\/fr\/produit\/parcelles-punta-corona-chiloe\/","name":"Parcelles Punta Corona - Chilo\u00e9 - Produncan","isPartOf":{"@id":"https:\/\/produncan.cl\/fr\/#website"},"primaryImageOfPage":{"@id":"https:\/\/produncan.cl\/fr\/produit\/parcelles-punta-corona-chiloe\/#primaryimage"},"image":{"@id":"https:\/\/produncan.cl\/fr\/produit\/parcelles-punta-corona-chiloe\/#primaryimage"},"thumbnailUrl":"https:\/\/produncan.cl\/wp-content\/uploads\/2024\/01\/Parcelas-Punta-Corona-en-venta-Chiloe.webp","datePublished":"2024-05-09T21:58:32+00:00","dateModified":"2025-12-15T21:34:03+00:00","description":"Terrain de 5000m\u00b2 avec vue sur la mer \u00e0 360\u00b0 \u00e0 Faro Corona, Ancud. Id\u00e9al pour les surfeurs, les r\u00e9sidences secondaires et les projets touristiques. Tous les services","breadcrumb":{"@id":"https:\/\/produncan.cl\/fr\/produit\/parcelles-punta-corona-chiloe\/#breadcrumb"},"inLanguage":"fr-FR","potentialAction":[{"@type":"ReadAction","target":["https:\/\/produncan.cl\/fr\/produit\/parcelles-punta-corona-chiloe\/"]}]},{"@type":"ImageObject","inLanguage":"fr-FR","@id":"https:\/\/produncan.cl\/fr\/produit\/parcelles-punta-corona-chiloe\/#primaryimage","url":"https:\/\/produncan.cl\/wp-content\/uploads\/2024\/01\/Parcelas-Punta-Corona-en-venta-Chiloe.webp","contentUrl":"https:\/\/produncan.cl\/wp-content\/uploads\/2024\/01\/Parcelas-Punta-Corona-en-venta-Chiloe.webp","width":600,"height":450,"caption":"Parcelles Punta Corona \u00e0 vendre Chiloe"},{"@type":"BreadcrumbList","@id":"https:\/\/produncan.cl\/fr\/produit\/parcelles-punta-corona-chiloe\/#breadcrumb","itemListElement":[{"@type":"ListItem","position":1,"name":"Inicio","item":"https:\/\/produncan.cl\/fr\/"},{"@type":"ListItem","position":2,"name":"Propri\u00e9t\u00e9s","item":"https:\/\/produncan.cl\/propiedades\/"},{"@type":"ListItem","position":3,"name":"Parcelles","item":"https:\/\/produncan.cl\/fr\/cat&eacute;gorie\/parcelles\/"},{"@type":"ListItem","position":4,"name":"Parcelles Punta Corona &#8211; Chilo\u00e9"}]},{"@type":"WebSite","@id":"https:\/\/produncan.cl\/fr\/#website","url":"https:\/\/produncan.cl\/fr\/","name":"Produncan","description":"Nous vous accompagnons dans votre projet de vie !","publisher":{"@id":"https:\/\/produncan.cl\/fr\/#organization"},"potentialAction":[{"@type":"SearchAction","target":{"@type":"EntryPoint","urlTemplate":"https:\/\/produncan.cl\/fr\/?s={search_term_string}"},"query-input":{"@type":"PropertyValueSpecification","valueRequired":true,"valueName":"search_term_string"}}],"inLanguage":"fr-FR"},{"@type":"Organization","@id":"https:\/\/produncan.cl\/fr\/#organization","name":"Produncan","url":"https:\/\/produncan.cl\/fr\/","logo":{"@type":"ImageObject","inLanguage":"fr-FR","@id":"https:\/\/produncan.cl\/fr\/#\/schema\/logo\/image\/","url":"https:\/\/produncan.cl\/wp-content\/uploads\/2021\/03\/LOGO.jpeg","contentUrl":"https:\/\/produncan.cl\/wp-content\/uploads\/2021\/03\/LOGO.jpeg","width":1280,"height":903,"caption":"Produncan"},"image":{"@id":"https:\/\/produncan.cl\/fr\/#\/schema\/logo\/image\/"},"sameAs":["https:\/\/web.facebook.com\/produncanland","https:\/\/www.instagram.com\/pro_duncan\/","https:\/\/www.linkedin.com\/company\/produncan-lands\/","https:\/\/www.youtube.com\/channel\/UCu7N-f3x0svkazD-Eew1-QQ"],"description":"En Produncan somos especialistas en la venta de terrenos en el sur de Chile. Proveemos estancias, campos, parcelas y hoteles.","email":"info@produncan.cl"}]},"og_video":"https:\/\/www.youtube.com\/embed\/TNDd402zc5I","og_video_type":"text\/html","og_video_duration":"65","og_video_width":"480","og_video_height":"360","ya_ovs_adult":"false","ya_ovs_upload_date":"2024-05-09T21:58:32+00:00","ya_ovs_allow_embed":"true","product_price_amount":"114200.00","product_price_currency":"USD","og_availability":"instock","product_availability":"instock","product_condition":"new"},"_links":{"self":[{"href":"https:\/\/produncan.cl\/fr\/wp-json\/wp\/v2\/product\/26250","targetHints":{"allow":["GET"]}}],"collection":[{"href":"https:\/\/produncan.cl\/fr\/wp-json\/wp\/v2\/product"}],"about":[{"href":"https:\/\/produncan.cl\/fr\/wp-json\/wp\/v2\/types\/product"}],"version-history":[{"count":2,"href":"https:\/\/produncan.cl\/fr\/wp-json\/wp\/v2\/product\/26250\/revisions"}],"predecessor-version":[{"id":53112,"href":"https:\/\/produncan.cl\/fr\/wp-json\/wp\/v2\/product\/26250\/revisions\/53112"}],"wp:featuredmedia":[{"embeddable":true,"href":"https:\/\/produncan.cl\/fr\/wp-json\/wp\/v2\/media\/26023"}],"wp:attachment":[{"href":"https:\/\/produncan.cl\/fr\/wp-json\/wp\/v2\/media?parent=26250"}],"wp:term":[{"taxonomy":"product_brand","embeddable":true,"href":"https:\/\/produncan.cl\/fr\/wp-json\/wp\/v2\/product_brand?post=26250"},{"taxonomy":"product_cat","embeddable":true,"href":"https:\/\/produncan.cl\/fr\/wp-json\/wp\/v2\/product_cat?post=26250"},{"taxonomy":"product_tag","embeddable":true,"href":"https:\/\/produncan.cl\/fr\/wp-json\/wp\/v2\/product_tag?post=26250"},{"taxonomy":"regiones","embeddable":true,"href":"https:\/\/produncan.cl\/fr\/wp-json\/wp\/v2\/regiones?post=26250"},{"taxonomy":"ciudades","embeddable":true,"href":"https:\/\/produncan.cl\/fr\/wp-json\/wp\/v2\/ciudades?post=26250"}],"curies":[{"name":"wp","href":"https:\/\/api.w.org\/{rel}","templated":true}]}}