{"id":28020,"date":"2024-01-30T16:48:17","date_gmt":"2024-01-30T19:48:17","guid":{"rendered":"https:\/\/produncan.cl\/producto\/terrain-avec-cabane-puerto-varas-region-de-los-lagos\/"},"modified":"2026-03-12T13:01:43","modified_gmt":"2026-03-12T16:01:43","slug":"terrain-avec-cabane-puerto-varas-region-de-los-lagos","status":"publish","type":"product","link":"https:\/\/produncan.cl\/fr\/produit\/terrain-avec-cabane-puerto-varas-region-de-los-lagos\/","title":{"rendered":"Terrain avec cabane &#8211; Puerto Varas, R\u00e9gion de Los Lagos"},"content":{"rendered":"\t\t<div data-elementor-type=\"product-post\" data-elementor-id=\"28020\" class=\"elementor elementor-28020 elementor-26391\" data-elementor-post-type=\"product\">\n\t\t\t\t<div class=\"elementor-element elementor-element-7336465 e-flex e-con-boxed e-con e-parent\" data-id=\"7336465\" data-element_type=\"container\" data-e-type=\"container\" data-settings=\"{&quot;jet_parallax_layout_list&quot;:[]}\">\n\t\t\t\t\t<div class=\"e-con-inner\">\n\t\t\t\t<div class=\"elementor-element elementor-element-345c1d8 elementor-widget elementor-widget-heading\" data-id=\"345c1d8\" data-element_type=\"widget\" data-e-type=\"widget\" data-widget_type=\"heading.default\">\n\t\t\t\t\t<h2 class=\"elementor-heading-title elementor-size-default\">Terrain avec cabane \u00e0 seulement 15 minutes de Puerto Varas<\/h2>\t\t\t\t<\/div>\n\t\t\t\t\t<\/div>\n\t\t\t\t<\/div>\n\t\t<div class=\"elementor-element elementor-element-2a241fc e-flex e-con-boxed e-con e-parent\" data-id=\"2a241fc\" data-element_type=\"container\" data-e-type=\"container\" data-settings=\"{&quot;jet_parallax_layout_list&quot;:[]}\">\n\t\t\t\t\t<div class=\"e-con-inner\">\n\t\t\t\t<div class=\"elementor-element elementor-element-84eda1f elementor-widget elementor-widget-text-editor\" data-id=\"84eda1f\" data-element_type=\"widget\" data-e-type=\"widget\" data-widget_type=\"text-editor.default\">\n\t\t\t\t\t\t\t\t\t<p>Si vous \u00eates \u00e0 la recherche d&#8217;un terrain avec une nouvelle cabane, une vue sur le volcan et \u00e0 seulement 15 minutes de Puerto Varas, c&#8217;est votre chance !<\/p>\n<p>Nous vous invitons \u00e0 d\u00e9couvrir ce beau terrain de 5000m\u00b2, avec un acc\u00e8s facile par une route asphalt\u00e9e et \u00e0 seulement 15 minutes de Puerto Varas et 5 minutes de la plage Niklitschek sur le lac Llanquihue.<\/p>\n<p>Le terrain dispose d&#8217;un charmant cottage de 45m\u00b2 comprenant une chambre, une salle de bain, une cuisine ouverte meubl\u00e9e, un salon confortable avec une chemin\u00e9e \u00e0 combustion lente et une bodega pour la buanderie et le stockage sur le c\u00f4t\u00e9. Le cottage a \u00e9t\u00e9 construit avec des mat\u00e9riaux de haute qualit\u00e9 et n&#8217;a \u00e9t\u00e9 utilis\u00e9 que pendant la p\u00e9riode de construction.<\/p>\n<p>Le terrain a acc\u00e8s \u00e0 l&#8217;eau, est enti\u00e8rement cl\u00f4tur\u00e9 et le poteau \u00e9lectrique passe juste \u00e0 l&#8217;ext\u00e9rieur de la propri\u00e9t\u00e9. Il se compose principalement de prairies avec quelques arbres indig\u00e8nes et pr\u00e9sente une \u00e9l\u00e9vation l\u00e9g\u00e8rement arrondie qui offre une belle vue sur les volcans Calbuco et Osorno.<\/p>\n<p>Strat\u00e9giquement situ\u00e9, le terrain permet d&#8217;acc\u00e9der facilement aux endroits les plus impressionnants du secteur de Llanquihue, tels que le volcan Calbuco, Ensenada, Todos los Santos et Ral\u00fan. Il offre \u00e9galement un acc\u00e8s pratique \u00e0 Puerto Montt et \u00e0 la Carretera Austral par une route goudronn\u00e9e.<\/p>\n<p>N&#8217;h\u00e9sitez pas \u00e0 nous contacter pour plus de d\u00e9tails sur cette propri\u00e9t\u00e9.<\/p>\n\t\t\t\t\t\t\t\t<\/div>\n\t\t\t\t\t<\/div>\n\t\t\t\t<\/div>\n\t\t\t\t<\/div>\n\t\t","protected":false},"excerpt":{"rendered":"<p>Terrain de 5000m\u00b2 avec cabane de 45m\u00b2 \u00e0 15 minutes de Puerto Varas. Vue sur les volcans, acc\u00e8s asphalt\u00e9, 5 min de Playa Niklitschek. Eau, cl\u00f4ture, \u00e9lectricit\u00e9. Emplacement strat\u00e9gique pour explorer Llanquihue.<\/p>\n","protected":false},"featured_media":54534,"template":"","meta":{"_acf_changed":false},"product_brand":[],"product_cat":[113],"product_tag":[236,237],"regiones":[226],"ciudades":[218,219],"class_list":{"0":"post-28020","1":"product","2":"type-product","3":"status-publish","4":"has-post-thumbnail","6":"product_cat-ohiggins-los-lagos-fr","7":"product_tag-parcelles","8":"product_tag-proprietes-touristiques","9":"regiones-nuble-los_lagos","10":"ciudades-puerto-montt","11":"ciudades-puerto-varas","13":"first","14":"outofstock","15":"shipping-taxable","16":"product-type-simple"},"acf":[],"yoast_head":"<!-- This site is optimized with the Yoast SEO Premium plugin v26.0 (Yoast SEO v27.3) - https:\/\/yoast.com\/product\/yoast-seo-premium-wordpress\/ -->\n<title>Terrain avec cabane - Puerto Varas, R\u00e9gion de Los Lagos - Produncan<\/title>\n<meta name=\"description\" content=\"Terrain de 5000m\u00b2 avec cabane de 45m\u00b2 \u00e0 15 minutes de Puerto Varas. Vue sur les volcans, acc\u00e8s asphalt\u00e9, 5 min de Playa Niklitschek.\" \/>\n<meta name=\"robots\" content=\"index, follow, max-snippet:-1, max-image-preview:large, max-video-preview:-1\" \/>\n<link rel=\"canonical\" href=\"https:\/\/produncan.cl\/fr\/produit\/terrain-avec-cabane-puerto-varas-region-de-los-lagos\/\" \/>\n<meta property=\"og:locale\" content=\"fr_FR\" \/>\n<meta property=\"og:type\" content=\"article\" \/>\n<meta property=\"og:title\" content=\"Terrain avec cabane - Puerto Varas, R\u00e9gion de Los Lagos\" \/>\n<meta property=\"og:description\" content=\"Terrain de 5000m\u00b2 avec cabane de 45m\u00b2 \u00e0 15 minutes de Puerto Varas. Vue sur les volcans, acc\u00e8s asphalt\u00e9, 5 min de Playa Niklitschek.\" \/>\n<meta property=\"og:url\" content=\"https:\/\/produncan.cl\/fr\/produit\/terrain-avec-cabane-puerto-varas-region-de-los-lagos\/\" \/>\n<meta property=\"og:site_name\" content=\"Produncan\" \/>\n<meta property=\"article:publisher\" content=\"https:\/\/web.facebook.com\/produncanland\" \/>\n<meta property=\"article:modified_time\" content=\"2026-03-12T16:01:43+00:00\" \/>\n<meta property=\"og:image\" content=\"https:\/\/produncan.cl\/wp-content\/uploads\/2024\/01\/CABANA.webp\" \/>\n<meta name=\"twitter:card\" content=\"summary_large_image\" \/>\n<meta name=\"twitter:label1\" content=\"Price\" \/>\n\t<meta name=\"twitter:data1\" content=\"\" \/>\n\t<meta name=\"twitter:label2\" content=\"Availability\" \/>\n\t<meta name=\"twitter:data2\" content=\"Out of stock\" \/>\n<script type=\"application\/ld+json\" class=\"yoast-schema-graph\">{\"@context\":\"https:\\\/\\\/schema.org\",\"@graph\":[{\"@type\":\"WebPage\",\"@id\":\"https:\\\/\\\/produncan.cl\\\/fr\\\/produit\\\/terrain-avec-cabane-puerto-varas-region-de-los-lagos\\\/\",\"url\":\"https:\\\/\\\/produncan.cl\\\/fr\\\/produit\\\/terrain-avec-cabane-puerto-varas-region-de-los-lagos\\\/\",\"name\":\"Terrain avec cabane - Puerto Varas, R\u00e9gion de Los Lagos - Produncan\",\"isPartOf\":{\"@id\":\"https:\\\/\\\/produncan.cl\\\/fr\\\/#website\"},\"primaryImageOfPage\":{\"@id\":\"https:\\\/\\\/produncan.cl\\\/fr\\\/produit\\\/terrain-avec-cabane-puerto-varas-region-de-los-lagos\\\/#primaryimage\"},\"image\":{\"@id\":\"https:\\\/\\\/produncan.cl\\\/fr\\\/produit\\\/terrain-avec-cabane-puerto-varas-region-de-los-lagos\\\/#primaryimage\"},\"thumbnailUrl\":\"https:\\\/\\\/produncan.cl\\\/wp-content\\\/uploads\\\/2024\\\/01\\\/Parcela-Cabana-Santa-Ana-Vendido.webp\",\"datePublished\":\"2024-01-30T19:48:17+00:00\",\"dateModified\":\"2026-03-12T16:01:43+00:00\",\"description\":\"Terrain de 5000m\u00b2 avec cabane de 45m\u00b2 \u00e0 15 minutes de Puerto Varas. Vue sur les volcans, acc\u00e8s asphalt\u00e9, 5 min de Playa Niklitschek.\",\"breadcrumb\":{\"@id\":\"https:\\\/\\\/produncan.cl\\\/fr\\\/produit\\\/terrain-avec-cabane-puerto-varas-region-de-los-lagos\\\/#breadcrumb\"},\"inLanguage\":\"fr-FR\",\"potentialAction\":[{\"@type\":\"ReadAction\",\"target\":[\"https:\\\/\\\/produncan.cl\\\/fr\\\/produit\\\/terrain-avec-cabane-puerto-varas-region-de-los-lagos\\\/\"]}]},{\"@type\":\"ImageObject\",\"inLanguage\":\"fr-FR\",\"@id\":\"https:\\\/\\\/produncan.cl\\\/fr\\\/produit\\\/terrain-avec-cabane-puerto-varas-region-de-los-lagos\\\/#primaryimage\",\"url\":\"https:\\\/\\\/produncan.cl\\\/wp-content\\\/uploads\\\/2024\\\/01\\\/Parcela-Cabana-Santa-Ana-Vendido.webp\",\"contentUrl\":\"https:\\\/\\\/produncan.cl\\\/wp-content\\\/uploads\\\/2024\\\/01\\\/Parcela-Cabana-Santa-Ana-Vendido.webp\",\"width\":600,\"height\":450,\"caption\":\"Parcela Caba\u00f1a Santa Ana Vendido\"},{\"@type\":\"BreadcrumbList\",\"@id\":\"https:\\\/\\\/produncan.cl\\\/fr\\\/produit\\\/terrain-avec-cabane-puerto-varas-region-de-los-lagos\\\/#breadcrumb\",\"itemListElement\":[{\"@type\":\"ListItem\",\"position\":1,\"name\":\"Inicio\",\"item\":\"https:\\\/\\\/produncan.cl\\\/fr\\\/\"},{\"@type\":\"ListItem\",\"position\":2,\"name\":\"Propri\u00e9t\u00e9s\",\"item\":\"https:\\\/\\\/produncan.cl\\\/propiedades\\\/\"},{\"@type\":\"ListItem\",\"position\":3,\"name\":\"Parcelles\",\"item\":\"https:\\\/\\\/produncan.cl\\\/fr\\\/cat&eacute;gorie\\\/parcelles\\\/\"},{\"@type\":\"ListItem\",\"position\":4,\"name\":\"Terrain avec cabane &#8211; Puerto Varas, R\u00e9gion de Los Lagos\"}]},{\"@type\":\"WebSite\",\"@id\":\"https:\\\/\\\/produncan.cl\\\/fr\\\/#website\",\"url\":\"https:\\\/\\\/produncan.cl\\\/fr\\\/\",\"name\":\"Produncan\",\"description\":\"Nous vous accompagnons dans votre projet de vie !\",\"publisher\":{\"@id\":\"https:\\\/\\\/produncan.cl\\\/fr\\\/#organization\"},\"potentialAction\":[{\"@type\":\"SearchAction\",\"target\":{\"@type\":\"EntryPoint\",\"urlTemplate\":\"https:\\\/\\\/produncan.cl\\\/fr\\\/?s={search_term_string}\"},\"query-input\":{\"@type\":\"PropertyValueSpecification\",\"valueRequired\":true,\"valueName\":\"search_term_string\"}}],\"inLanguage\":\"fr-FR\"},{\"@type\":\"Organization\",\"@id\":\"https:\\\/\\\/produncan.cl\\\/fr\\\/#organization\",\"name\":\"Produncan\",\"url\":\"https:\\\/\\\/produncan.cl\\\/fr\\\/\",\"logo\":{\"@type\":\"ImageObject\",\"inLanguage\":\"fr-FR\",\"@id\":\"https:\\\/\\\/produncan.cl\\\/fr\\\/#\\\/schema\\\/logo\\\/image\\\/\",\"url\":\"https:\\\/\\\/produncan.cl\\\/wp-content\\\/uploads\\\/2021\\\/03\\\/LOGO.jpeg\",\"contentUrl\":\"https:\\\/\\\/produncan.cl\\\/wp-content\\\/uploads\\\/2021\\\/03\\\/LOGO.jpeg\",\"width\":1280,\"height\":903,\"caption\":\"Produncan\"},\"image\":{\"@id\":\"https:\\\/\\\/produncan.cl\\\/fr\\\/#\\\/schema\\\/logo\\\/image\\\/\"},\"sameAs\":[\"https:\\\/\\\/web.facebook.com\\\/produncanland\",\"https:\\\/\\\/www.instagram.com\\\/pro_duncan\\\/\",\"https:\\\/\\\/www.linkedin.com\\\/company\\\/produncan-lands\\\/\",\"https:\\\/\\\/www.youtube.com\\\/channel\\\/UCu7N-f3x0svkazD-Eew1-QQ\"],\"description\":\"En Produncan somos especialistas en la venta de terrenos en el sur de Chile. Proveemos estancias, campos, parcelas y hoteles.\",\"email\":\"info@produncan.cl\"}]}<\/script>\n<meta property=\"og:video\" content=\"https:\/\/www.youtube.com\/embed\/FK9CmNQECQU\" \/>\n<meta property=\"og:video:type\" content=\"text\/html\" \/>\n<meta property=\"og:video:duration\" content=\"61\" \/>\n<meta property=\"og:video:width\" content=\"480\" \/>\n<meta property=\"og:video:height\" content=\"360\" \/>\n<meta property=\"ya:ovs:adult\" content=\"false\" \/>\n<meta property=\"ya:ovs:upload_date\" content=\"2024-01-30T19:48:17+00:00\" \/>\n<meta property=\"ya:ovs:allow_embed\" content=\"true\" \/>\n<meta property=\"product:price:currency\" content=\"USD\" \/>\n<meta property=\"og:availability\" content=\"out of stock\" \/>\n<meta property=\"product:availability\" content=\"out of stock\" \/>\n<meta property=\"product:condition\" content=\"new\" \/>\n<!-- \/ Yoast SEO Premium plugin. -->","yoast_head_json":{"title":"Terrain avec cabane - Puerto Varas, R\u00e9gion de Los Lagos - Produncan","description":"Terrain de 5000m\u00b2 avec cabane de 45m\u00b2 \u00e0 15 minutes de Puerto Varas. Vue sur les volcans, acc\u00e8s asphalt\u00e9, 5 min de Playa Niklitschek.","robots":{"index":"index","follow":"follow","max-snippet":"max-snippet:-1","max-image-preview":"max-image-preview:large","max-video-preview":"max-video-preview:-1"},"canonical":"https:\/\/produncan.cl\/fr\/produit\/terrain-avec-cabane-puerto-varas-region-de-los-lagos\/","og_locale":"fr_FR","og_type":"article","og_title":"Terrain avec cabane - Puerto Varas, R\u00e9gion de Los Lagos","og_description":"Terrain de 5000m\u00b2 avec cabane de 45m\u00b2 \u00e0 15 minutes de Puerto Varas. Vue sur les volcans, acc\u00e8s asphalt\u00e9, 5 min de Playa Niklitschek.","og_url":"https:\/\/produncan.cl\/fr\/produit\/terrain-avec-cabane-puerto-varas-region-de-los-lagos\/","og_site_name":"Produncan","article_publisher":"https:\/\/web.facebook.com\/produncanland","article_modified_time":"2026-03-12T16:01:43+00:00","og_image":[{"url":"https:\/\/produncan.cl\/wp-content\/uploads\/2024\/01\/CABANA.webp","type":"","width":"","height":""}],"twitter_card":"summary_large_image","twitter_misc":{"Price":"","Availability":"Out of stock"},"schema":{"@context":"https:\/\/schema.org","@graph":[{"@type":"WebPage","@id":"https:\/\/produncan.cl\/fr\/produit\/terrain-avec-cabane-puerto-varas-region-de-los-lagos\/","url":"https:\/\/produncan.cl\/fr\/produit\/terrain-avec-cabane-puerto-varas-region-de-los-lagos\/","name":"Terrain avec cabane - Puerto Varas, R\u00e9gion de Los Lagos - Produncan","isPartOf":{"@id":"https:\/\/produncan.cl\/fr\/#website"},"primaryImageOfPage":{"@id":"https:\/\/produncan.cl\/fr\/produit\/terrain-avec-cabane-puerto-varas-region-de-los-lagos\/#primaryimage"},"image":{"@id":"https:\/\/produncan.cl\/fr\/produit\/terrain-avec-cabane-puerto-varas-region-de-los-lagos\/#primaryimage"},"thumbnailUrl":"https:\/\/produncan.cl\/wp-content\/uploads\/2024\/01\/Parcela-Cabana-Santa-Ana-Vendido.webp","datePublished":"2024-01-30T19:48:17+00:00","dateModified":"2026-03-12T16:01:43+00:00","description":"Terrain de 5000m\u00b2 avec cabane de 45m\u00b2 \u00e0 15 minutes de Puerto Varas. Vue sur les volcans, acc\u00e8s asphalt\u00e9, 5 min de Playa Niklitschek.","breadcrumb":{"@id":"https:\/\/produncan.cl\/fr\/produit\/terrain-avec-cabane-puerto-varas-region-de-los-lagos\/#breadcrumb"},"inLanguage":"fr-FR","potentialAction":[{"@type":"ReadAction","target":["https:\/\/produncan.cl\/fr\/produit\/terrain-avec-cabane-puerto-varas-region-de-los-lagos\/"]}]},{"@type":"ImageObject","inLanguage":"fr-FR","@id":"https:\/\/produncan.cl\/fr\/produit\/terrain-avec-cabane-puerto-varas-region-de-los-lagos\/#primaryimage","url":"https:\/\/produncan.cl\/wp-content\/uploads\/2024\/01\/Parcela-Cabana-Santa-Ana-Vendido.webp","contentUrl":"https:\/\/produncan.cl\/wp-content\/uploads\/2024\/01\/Parcela-Cabana-Santa-Ana-Vendido.webp","width":600,"height":450,"caption":"Parcela Caba\u00f1a Santa Ana Vendido"},{"@type":"BreadcrumbList","@id":"https:\/\/produncan.cl\/fr\/produit\/terrain-avec-cabane-puerto-varas-region-de-los-lagos\/#breadcrumb","itemListElement":[{"@type":"ListItem","position":1,"name":"Inicio","item":"https:\/\/produncan.cl\/fr\/"},{"@type":"ListItem","position":2,"name":"Propri\u00e9t\u00e9s","item":"https:\/\/produncan.cl\/propiedades\/"},{"@type":"ListItem","position":3,"name":"Parcelles","item":"https:\/\/produncan.cl\/fr\/cat&eacute;gorie\/parcelles\/"},{"@type":"ListItem","position":4,"name":"Terrain avec cabane &#8211; Puerto Varas, R\u00e9gion de Los Lagos"}]},{"@type":"WebSite","@id":"https:\/\/produncan.cl\/fr\/#website","url":"https:\/\/produncan.cl\/fr\/","name":"Produncan","description":"Nous vous accompagnons dans votre projet de vie !","publisher":{"@id":"https:\/\/produncan.cl\/fr\/#organization"},"potentialAction":[{"@type":"SearchAction","target":{"@type":"EntryPoint","urlTemplate":"https:\/\/produncan.cl\/fr\/?s={search_term_string}"},"query-input":{"@type":"PropertyValueSpecification","valueRequired":true,"valueName":"search_term_string"}}],"inLanguage":"fr-FR"},{"@type":"Organization","@id":"https:\/\/produncan.cl\/fr\/#organization","name":"Produncan","url":"https:\/\/produncan.cl\/fr\/","logo":{"@type":"ImageObject","inLanguage":"fr-FR","@id":"https:\/\/produncan.cl\/fr\/#\/schema\/logo\/image\/","url":"https:\/\/produncan.cl\/wp-content\/uploads\/2021\/03\/LOGO.jpeg","contentUrl":"https:\/\/produncan.cl\/wp-content\/uploads\/2021\/03\/LOGO.jpeg","width":1280,"height":903,"caption":"Produncan"},"image":{"@id":"https:\/\/produncan.cl\/fr\/#\/schema\/logo\/image\/"},"sameAs":["https:\/\/web.facebook.com\/produncanland","https:\/\/www.instagram.com\/pro_duncan\/","https:\/\/www.linkedin.com\/company\/produncan-lands\/","https:\/\/www.youtube.com\/channel\/UCu7N-f3x0svkazD-Eew1-QQ"],"description":"En Produncan somos especialistas en la venta de terrenos en el sur de Chile. Proveemos estancias, campos, parcelas y hoteles.","email":"info@produncan.cl"}]},"og_video":"https:\/\/www.youtube.com\/embed\/FK9CmNQECQU","og_video_type":"text\/html","og_video_duration":"61","og_video_width":"480","og_video_height":"360","ya_ovs_adult":"false","ya_ovs_upload_date":"2024-01-30T19:48:17+00:00","ya_ovs_allow_embed":"true","product_price_currency":"USD","og_availability":"out of stock","product_availability":"out of stock","product_condition":"new"},"_links":{"self":[{"href":"https:\/\/produncan.cl\/fr\/wp-json\/wp\/v2\/product\/28020","targetHints":{"allow":["GET"]}}],"collection":[{"href":"https:\/\/produncan.cl\/fr\/wp-json\/wp\/v2\/product"}],"about":[{"href":"https:\/\/produncan.cl\/fr\/wp-json\/wp\/v2\/types\/product"}],"version-history":[{"count":2,"href":"https:\/\/produncan.cl\/fr\/wp-json\/wp\/v2\/product\/28020\/revisions"}],"predecessor-version":[{"id":52562,"href":"https:\/\/produncan.cl\/fr\/wp-json\/wp\/v2\/product\/28020\/revisions\/52562"}],"wp:featuredmedia":[{"embeddable":true,"href":"https:\/\/produncan.cl\/fr\/wp-json\/wp\/v2\/media\/54534"}],"wp:attachment":[{"href":"https:\/\/produncan.cl\/fr\/wp-json\/wp\/v2\/media?parent=28020"}],"wp:term":[{"taxonomy":"product_brand","embeddable":true,"href":"https:\/\/produncan.cl\/fr\/wp-json\/wp\/v2\/product_brand?post=28020"},{"taxonomy":"product_cat","embeddable":true,"href":"https:\/\/produncan.cl\/fr\/wp-json\/wp\/v2\/product_cat?post=28020"},{"taxonomy":"product_tag","embeddable":true,"href":"https:\/\/produncan.cl\/fr\/wp-json\/wp\/v2\/product_tag?post=28020"},{"taxonomy":"regiones","embeddable":true,"href":"https:\/\/produncan.cl\/fr\/wp-json\/wp\/v2\/regiones?post=28020"},{"taxonomy":"ciudades","embeddable":true,"href":"https:\/\/produncan.cl\/fr\/wp-json\/wp\/v2\/ciudades?post=28020"}],"curies":[{"name":"wp","href":"https:\/\/api.w.org\/{rel}","templated":true}]}}