{"id":28533,"date":"2024-03-11T17:48:11","date_gmt":"2024-03-11T20:48:11","guid":{"rendered":"https:\/\/produncan.cl\/producto\/ferme-san-carlos-de-la-vega-los-muermos-region-des-lacs\/"},"modified":"2025-12-04T17:16:42","modified_gmt":"2025-12-04T20:16:42","slug":"ferme-san-carlos-de-la-vega-los-muermos-region-des-lacs","status":"publish","type":"product","link":"https:\/\/produncan.cl\/fr\/produit\/ferme-san-carlos-de-la-vega-los-muermos-region-des-lacs\/","title":{"rendered":"Terrain \u00e0 Los Muermos &#8211; San Carlos de la Vega, r\u00e9gion des lacs"},"content":{"rendered":"\t\t<div data-elementor-type=\"product-post\" data-elementor-id=\"28533\" class=\"elementor elementor-28533 elementor-28360\" data-elementor-post-type=\"product\">\n\t\t\t\t<div class=\"elementor-element elementor-element-a71b096 e-flex e-con-boxed e-con e-parent\" data-id=\"a71b096\" data-element_type=\"container\" data-e-type=\"container\" data-settings=\"{&quot;jet_parallax_layout_list&quot;:[]}\">\n\t\t\t\t\t<div class=\"e-con-inner\">\n\t\t\t\t<div class=\"elementor-element elementor-element-1301391 elementor-widget elementor-widget-heading\" data-id=\"1301391\" data-element_type=\"widget\" data-e-type=\"widget\" data-widget_type=\"heading.default\">\n\t\t\t\t\t<h2 class=\"elementor-heading-title elementor-size-default\">Terrain \u00e0 Los Muermos \u00e0 55 minutes de Puerto Varas avec de l'eau en abondance.<\/h2>\t\t\t\t<\/div>\n\t\t\t\t<div class=\"elementor-element elementor-element-5f1ef39 elementor-widget elementor-widget-text-editor\" data-id=\"5f1ef39\" data-element_type=\"widget\" data-e-type=\"widget\" data-widget_type=\"text-editor.default\">\n\t\t\t\t\t\t\t\t\t<p>Magnifique campagne \u00e0 Los Muermos pr\u00eate \u00e0 devenir votre paradis naturel. Voici les d\u00e9tails qui font de cette terre un joyau :<\/p>\n<ul>\n<li>Superficie : 16,56 hectares, un grand espace pour concr\u00e9tiser votre projet.<\/li>\n<li>\u00c9lectricit\u00e9 et signal t\u00e9l\u00e9phonique : pr\u00eat \u00e0 construire la retraite de vos r\u00eaves.<\/li>\n<li>Adjacent \u00e0 la rivi\u00e8re Llico : profitez de la beaut\u00e9 naturelle de la rivi\u00e8re avec 550 m\u00e8tres environ. de la rive.<\/li>\n<li>Approvisionnement en eau : r\u00e9servoir permanent tout au long de l&#8217;ann\u00e9e et roue hydraulique de 3 m\u00e8tres de profondeur qui garantit un approvisionnement en eau abondant pour vos cultures et vos animaux.<\/li>\n<li>Terrain plat au bord de la rivi\u00e8re : id\u00e9al pour l&#8217;agriculture.<\/li>\n<li>2 vergers : Imaginez que vous r\u00e9coltiez vos propres fruits frais et que vous en appr\u00e9ciiez les saveurs.<\/li>\n<li>Vue sur les volcans : des paysages \u00e0 couper le souffle.<\/li>\n<li>100% d&#8217;arbres indig\u00e8nes : pr\u00e9server la biodiversit\u00e9 et vivre en harmonie avec la nature.<\/li>\n<li>Bon acc\u00e8s : 3,9 kilom\u00e8tres de route en gravier en bon \u00e9tat vous relient \u00e0 la route asphalt\u00e9e ;<\/li>\n<li>55 minutes de Puerto Varas : proche de la ville, mais suffisamment \u00e9loign\u00e9 pour profiter de la tranquillit\u00e9.<\/li>\n<li>Entre Fresia et Los Muermos : une position strat\u00e9gique pour explorer la r\u00e9gion.\n<\/li>\n<\/ul>\n<p>Id\u00e9al pour :<\/p>\n<ul>\n<li>Amoureux de la nature et de la vie en plein air.<\/li>\n<li>Les personnes \u00e0 la recherche d&#8217;un endroit calme et d\u00e9connect\u00e9 du bruit de la ville.<\/li>\n<li>Agriculteurs \u00e0 la recherche de terres fertiles avec de l&#8217;eau en abondance.<\/li>\n<li>Investisseurs \u00e0 la recherche d&#8217;un refuge unique en Patagonie.\n<\/li>\n<\/ul>\n<p>Ne manquez pas cette occasion unique de vivre dans une campagne magique en Patagonie chilienne.<\/p>\n<p>Contactez-nous d\u00e8s aujourd&#8217;hui pour plus d&#8217;informations et pour organiser une visite.<\/p>\t\t\t\t\t\t\t\t<\/div>\n\t\t\t\t\t<\/div>\n\t\t\t\t<\/div>\n\t\t\t\t<\/div>\n\t\t","protected":false},"excerpt":{"rendered":"<p>Ferme \u00e0 Los Muermos \u00e0 55min de Puerto Varas, avec \u00e9lectricit\u00e9, signal, adjacente \u00e0 la rivi\u00e8re Llico, ruisseau permanent, puits d&#8217;eau, terre id\u00e9ale pour la culture, arbres fruitiers, vue sur les volcans et acc\u00e8s en bon \u00e9tat.<\/p>\n","protected":false},"featured_media":28365,"template":"","meta":{"_acf_changed":false},"product_brand":[],"product_cat":[113],"product_tag":[233],"regiones":[226],"ciudades":[214,216],"class_list":{"0":"post-28533","1":"product","2":"type-product","3":"status-publish","4":"has-post-thumbnail","6":"product_cat-ohiggins-los-lagos-fr","7":"product_tag-champs","8":"regiones-nuble-los_lagos","9":"ciudades-fresia","10":"ciudades-los-muermos","12":"first","13":"instock","14":"shipping-taxable","15":"purchasable","16":"product-type-simple"},"acf":[],"yoast_head":"<!-- This site is optimized with the Yoast SEO Premium plugin v26.0 (Yoast SEO v27.3) - https:\/\/yoast.com\/product\/yoast-seo-premium-wordpress\/ -->\n<title>Ferme \u00e0 Los Muermos, San Carlos de la Vega - Produncan<\/title>\n<meta name=\"description\" content=\"Ferme San Carlos de la Vega 55min de Puerto Varas, avec \u00e9lectricit\u00e9, signal, adjacente au Rio Llico, estuaire permanent, roue \u00e0 eau, id\u00e9al pour l&#039;agriculture.\" \/>\n<meta name=\"robots\" content=\"index, follow, max-snippet:-1, max-image-preview:large, max-video-preview:-1\" \/>\n<link rel=\"canonical\" href=\"https:\/\/produncan.cl\/fr\/produit\/ferme-san-carlos-de-la-vega-los-muermos-region-des-lacs\/\" \/>\n<meta property=\"og:locale\" content=\"fr_FR\" \/>\n<meta property=\"og:type\" content=\"article\" \/>\n<meta property=\"og:title\" content=\"Terrain \u00e0 Los Muermos - San Carlos de la Vega, r\u00e9gion des lacs\" \/>\n<meta property=\"og:description\" content=\"Ferme San Carlos de la Vega 55min de Puerto Varas, avec \u00e9lectricit\u00e9, signal, adjacente au Rio Llico, estuaire permanent, roue \u00e0 eau, id\u00e9al pour l&#039;agriculture.\" \/>\n<meta property=\"og:url\" content=\"https:\/\/produncan.cl\/fr\/produit\/ferme-san-carlos-de-la-vega-los-muermos-region-des-lacs\/\" \/>\n<meta property=\"og:site_name\" content=\"Produncan\" \/>\n<meta property=\"article:publisher\" content=\"https:\/\/web.facebook.com\/produncanland\" \/>\n<meta property=\"article:modified_time\" content=\"2025-12-04T20:16:42+00:00\" \/>\n<meta property=\"og:image\" content=\"https:\/\/produncan.cl\/wp-content\/uploads\/2024\/03\/Campo-San-Carlos-de-la-Vega.webp\" \/>\n<meta name=\"twitter:card\" content=\"summary_large_image\" \/>\n<meta name=\"twitter:label1\" content=\"Price\" \/>\n\t<meta name=\"twitter:data1\" content=\"USD144.800,00\" \/>\n\t<meta name=\"twitter:label2\" content=\"Availability\" \/>\n\t<meta name=\"twitter:data2\" content=\"In stock\" \/>\n<script type=\"application\/ld+json\" class=\"yoast-schema-graph\">{\"@context\":\"https:\\\/\\\/schema.org\",\"@graph\":[{\"@type\":\"WebPage\",\"@id\":\"https:\\\/\\\/produncan.cl\\\/fr\\\/produit\\\/ferme-san-carlos-de-la-vega-los-muermos-region-des-lacs\\\/\",\"url\":\"https:\\\/\\\/produncan.cl\\\/fr\\\/produit\\\/ferme-san-carlos-de-la-vega-los-muermos-region-des-lacs\\\/\",\"name\":\"Ferme \u00e0 Los Muermos, San Carlos de la Vega - Produncan\",\"isPartOf\":{\"@id\":\"https:\\\/\\\/produncan.cl\\\/fr\\\/#website\"},\"primaryImageOfPage\":{\"@id\":\"https:\\\/\\\/produncan.cl\\\/fr\\\/produit\\\/ferme-san-carlos-de-la-vega-los-muermos-region-des-lacs\\\/#primaryimage\"},\"image\":{\"@id\":\"https:\\\/\\\/produncan.cl\\\/fr\\\/produit\\\/ferme-san-carlos-de-la-vega-los-muermos-region-des-lacs\\\/#primaryimage\"},\"thumbnailUrl\":\"https:\\\/\\\/produncan.cl\\\/wp-content\\\/uploads\\\/2024\\\/03\\\/Campo-San-Carlos-de-la-Vega.webp\",\"datePublished\":\"2024-03-11T20:48:11+00:00\",\"dateModified\":\"2025-12-04T20:16:42+00:00\",\"description\":\"Ferme San Carlos de la Vega 55min de Puerto Varas, avec \u00e9lectricit\u00e9, signal, adjacente au Rio Llico, estuaire permanent, roue \u00e0 eau, id\u00e9al pour l'agriculture.\",\"breadcrumb\":{\"@id\":\"https:\\\/\\\/produncan.cl\\\/fr\\\/produit\\\/ferme-san-carlos-de-la-vega-los-muermos-region-des-lacs\\\/#breadcrumb\"},\"inLanguage\":\"fr-FR\",\"potentialAction\":[{\"@type\":\"ReadAction\",\"target\":[\"https:\\\/\\\/produncan.cl\\\/fr\\\/produit\\\/ferme-san-carlos-de-la-vega-los-muermos-region-des-lacs\\\/\"]}]},{\"@type\":\"ImageObject\",\"inLanguage\":\"fr-FR\",\"@id\":\"https:\\\/\\\/produncan.cl\\\/fr\\\/produit\\\/ferme-san-carlos-de-la-vega-los-muermos-region-des-lacs\\\/#primaryimage\",\"url\":\"https:\\\/\\\/produncan.cl\\\/wp-content\\\/uploads\\\/2024\\\/03\\\/Campo-San-Carlos-de-la-Vega.webp\",\"contentUrl\":\"https:\\\/\\\/produncan.cl\\\/wp-content\\\/uploads\\\/2024\\\/03\\\/Campo-San-Carlos-de-la-Vega.webp\",\"width\":600,\"height\":450,\"caption\":\"Campo San Carlos de la Vega\"},{\"@type\":\"BreadcrumbList\",\"@id\":\"https:\\\/\\\/produncan.cl\\\/fr\\\/produit\\\/ferme-san-carlos-de-la-vega-los-muermos-region-des-lacs\\\/#breadcrumb\",\"itemListElement\":[{\"@type\":\"ListItem\",\"position\":1,\"name\":\"Inicio\",\"item\":\"https:\\\/\\\/produncan.cl\\\/fr\\\/\"},{\"@type\":\"ListItem\",\"position\":2,\"name\":\"Propri\u00e9t\u00e9s\",\"item\":\"https:\\\/\\\/produncan.cl\\\/propiedades\\\/\"},{\"@type\":\"ListItem\",\"position\":3,\"name\":\"Champs\",\"item\":\"https:\\\/\\\/produncan.cl\\\/fr\\\/cat&eacute;gorie\\\/champs\\\/\"},{\"@type\":\"ListItem\",\"position\":4,\"name\":\"Terrain \u00e0 Los Muermos &#8211; San Carlos de la Vega, r\u00e9gion des lacs\"}]},{\"@type\":\"WebSite\",\"@id\":\"https:\\\/\\\/produncan.cl\\\/fr\\\/#website\",\"url\":\"https:\\\/\\\/produncan.cl\\\/fr\\\/\",\"name\":\"Produncan\",\"description\":\"Nous vous accompagnons dans votre projet de vie !\",\"publisher\":{\"@id\":\"https:\\\/\\\/produncan.cl\\\/fr\\\/#organization\"},\"potentialAction\":[{\"@type\":\"SearchAction\",\"target\":{\"@type\":\"EntryPoint\",\"urlTemplate\":\"https:\\\/\\\/produncan.cl\\\/fr\\\/?s={search_term_string}\"},\"query-input\":{\"@type\":\"PropertyValueSpecification\",\"valueRequired\":true,\"valueName\":\"search_term_string\"}}],\"inLanguage\":\"fr-FR\"},{\"@type\":\"Organization\",\"@id\":\"https:\\\/\\\/produncan.cl\\\/fr\\\/#organization\",\"name\":\"Produncan\",\"url\":\"https:\\\/\\\/produncan.cl\\\/fr\\\/\",\"logo\":{\"@type\":\"ImageObject\",\"inLanguage\":\"fr-FR\",\"@id\":\"https:\\\/\\\/produncan.cl\\\/fr\\\/#\\\/schema\\\/logo\\\/image\\\/\",\"url\":\"https:\\\/\\\/produncan.cl\\\/wp-content\\\/uploads\\\/2021\\\/03\\\/LOGO.jpeg\",\"contentUrl\":\"https:\\\/\\\/produncan.cl\\\/wp-content\\\/uploads\\\/2021\\\/03\\\/LOGO.jpeg\",\"width\":1280,\"height\":903,\"caption\":\"Produncan\"},\"image\":{\"@id\":\"https:\\\/\\\/produncan.cl\\\/fr\\\/#\\\/schema\\\/logo\\\/image\\\/\"},\"sameAs\":[\"https:\\\/\\\/web.facebook.com\\\/produncanland\",\"https:\\\/\\\/www.instagram.com\\\/pro_duncan\\\/\",\"https:\\\/\\\/www.linkedin.com\\\/company\\\/produncan-lands\\\/\",\"https:\\\/\\\/www.youtube.com\\\/channel\\\/UCu7N-f3x0svkazD-Eew1-QQ\"],\"description\":\"En Produncan somos especialistas en la venta de terrenos en el sur de Chile. Proveemos estancias, campos, parcelas y hoteles.\",\"email\":\"info@produncan.cl\"}]}<\/script>\n<meta property=\"og:video\" content=\"https:\/\/www.youtube.com\/embed\/PRtQwTQBCh8\" \/>\n<meta property=\"og:video:type\" content=\"text\/html\" \/>\n<meta property=\"og:video:duration\" content=\"72\" \/>\n<meta property=\"og:video:width\" content=\"480\" \/>\n<meta property=\"og:video:height\" content=\"360\" \/>\n<meta property=\"ya:ovs:adult\" content=\"false\" \/>\n<meta property=\"ya:ovs:upload_date\" content=\"2024-03-11T20:48:11+00:00\" \/>\n<meta property=\"ya:ovs:allow_embed\" content=\"true\" \/>\n<meta property=\"product:price:amount\" content=\"144800.00\" \/>\n<meta property=\"product:price:currency\" content=\"USD\" \/>\n<meta property=\"og:availability\" content=\"instock\" \/>\n<meta property=\"product:availability\" content=\"instock\" \/>\n<meta property=\"product:condition\" content=\"new\" \/>\n<!-- \/ Yoast SEO Premium plugin. -->","yoast_head_json":{"title":"Ferme \u00e0 Los Muermos, San Carlos de la Vega - Produncan","description":"Ferme San Carlos de la Vega 55min de Puerto Varas, avec \u00e9lectricit\u00e9, signal, adjacente au Rio Llico, estuaire permanent, roue \u00e0 eau, id\u00e9al pour l'agriculture.","robots":{"index":"index","follow":"follow","max-snippet":"max-snippet:-1","max-image-preview":"max-image-preview:large","max-video-preview":"max-video-preview:-1"},"canonical":"https:\/\/produncan.cl\/fr\/produit\/ferme-san-carlos-de-la-vega-los-muermos-region-des-lacs\/","og_locale":"fr_FR","og_type":"article","og_title":"Terrain \u00e0 Los Muermos - San Carlos de la Vega, r\u00e9gion des lacs","og_description":"Ferme San Carlos de la Vega 55min de Puerto Varas, avec \u00e9lectricit\u00e9, signal, adjacente au Rio Llico, estuaire permanent, roue \u00e0 eau, id\u00e9al pour l'agriculture.","og_url":"https:\/\/produncan.cl\/fr\/produit\/ferme-san-carlos-de-la-vega-los-muermos-region-des-lacs\/","og_site_name":"Produncan","article_publisher":"https:\/\/web.facebook.com\/produncanland","article_modified_time":"2025-12-04T20:16:42+00:00","og_image":[{"url":"https:\/\/produncan.cl\/wp-content\/uploads\/2024\/03\/Campo-San-Carlos-de-la-Vega.webp","type":"","width":"","height":""}],"twitter_card":"summary_large_image","twitter_misc":{"Price":"USD144.800,00","Availability":"In stock"},"schema":{"@context":"https:\/\/schema.org","@graph":[{"@type":"WebPage","@id":"https:\/\/produncan.cl\/fr\/produit\/ferme-san-carlos-de-la-vega-los-muermos-region-des-lacs\/","url":"https:\/\/produncan.cl\/fr\/produit\/ferme-san-carlos-de-la-vega-los-muermos-region-des-lacs\/","name":"Ferme \u00e0 Los Muermos, San Carlos de la Vega - Produncan","isPartOf":{"@id":"https:\/\/produncan.cl\/fr\/#website"},"primaryImageOfPage":{"@id":"https:\/\/produncan.cl\/fr\/produit\/ferme-san-carlos-de-la-vega-los-muermos-region-des-lacs\/#primaryimage"},"image":{"@id":"https:\/\/produncan.cl\/fr\/produit\/ferme-san-carlos-de-la-vega-los-muermos-region-des-lacs\/#primaryimage"},"thumbnailUrl":"https:\/\/produncan.cl\/wp-content\/uploads\/2024\/03\/Campo-San-Carlos-de-la-Vega.webp","datePublished":"2024-03-11T20:48:11+00:00","dateModified":"2025-12-04T20:16:42+00:00","description":"Ferme San Carlos de la Vega 55min de Puerto Varas, avec \u00e9lectricit\u00e9, signal, adjacente au Rio Llico, estuaire permanent, roue \u00e0 eau, id\u00e9al pour l'agriculture.","breadcrumb":{"@id":"https:\/\/produncan.cl\/fr\/produit\/ferme-san-carlos-de-la-vega-los-muermos-region-des-lacs\/#breadcrumb"},"inLanguage":"fr-FR","potentialAction":[{"@type":"ReadAction","target":["https:\/\/produncan.cl\/fr\/produit\/ferme-san-carlos-de-la-vega-los-muermos-region-des-lacs\/"]}]},{"@type":"ImageObject","inLanguage":"fr-FR","@id":"https:\/\/produncan.cl\/fr\/produit\/ferme-san-carlos-de-la-vega-los-muermos-region-des-lacs\/#primaryimage","url":"https:\/\/produncan.cl\/wp-content\/uploads\/2024\/03\/Campo-San-Carlos-de-la-Vega.webp","contentUrl":"https:\/\/produncan.cl\/wp-content\/uploads\/2024\/03\/Campo-San-Carlos-de-la-Vega.webp","width":600,"height":450,"caption":"Campo San Carlos de la Vega"},{"@type":"BreadcrumbList","@id":"https:\/\/produncan.cl\/fr\/produit\/ferme-san-carlos-de-la-vega-los-muermos-region-des-lacs\/#breadcrumb","itemListElement":[{"@type":"ListItem","position":1,"name":"Inicio","item":"https:\/\/produncan.cl\/fr\/"},{"@type":"ListItem","position":2,"name":"Propri\u00e9t\u00e9s","item":"https:\/\/produncan.cl\/propiedades\/"},{"@type":"ListItem","position":3,"name":"Champs","item":"https:\/\/produncan.cl\/fr\/cat&eacute;gorie\/champs\/"},{"@type":"ListItem","position":4,"name":"Terrain \u00e0 Los Muermos &#8211; San Carlos de la Vega, r\u00e9gion des lacs"}]},{"@type":"WebSite","@id":"https:\/\/produncan.cl\/fr\/#website","url":"https:\/\/produncan.cl\/fr\/","name":"Produncan","description":"Nous vous accompagnons dans votre projet de vie !","publisher":{"@id":"https:\/\/produncan.cl\/fr\/#organization"},"potentialAction":[{"@type":"SearchAction","target":{"@type":"EntryPoint","urlTemplate":"https:\/\/produncan.cl\/fr\/?s={search_term_string}"},"query-input":{"@type":"PropertyValueSpecification","valueRequired":true,"valueName":"search_term_string"}}],"inLanguage":"fr-FR"},{"@type":"Organization","@id":"https:\/\/produncan.cl\/fr\/#organization","name":"Produncan","url":"https:\/\/produncan.cl\/fr\/","logo":{"@type":"ImageObject","inLanguage":"fr-FR","@id":"https:\/\/produncan.cl\/fr\/#\/schema\/logo\/image\/","url":"https:\/\/produncan.cl\/wp-content\/uploads\/2021\/03\/LOGO.jpeg","contentUrl":"https:\/\/produncan.cl\/wp-content\/uploads\/2021\/03\/LOGO.jpeg","width":1280,"height":903,"caption":"Produncan"},"image":{"@id":"https:\/\/produncan.cl\/fr\/#\/schema\/logo\/image\/"},"sameAs":["https:\/\/web.facebook.com\/produncanland","https:\/\/www.instagram.com\/pro_duncan\/","https:\/\/www.linkedin.com\/company\/produncan-lands\/","https:\/\/www.youtube.com\/channel\/UCu7N-f3x0svkazD-Eew1-QQ"],"description":"En Produncan somos especialistas en la venta de terrenos en el sur de Chile. Proveemos estancias, campos, parcelas y hoteles.","email":"info@produncan.cl"}]},"og_video":"https:\/\/www.youtube.com\/embed\/PRtQwTQBCh8","og_video_type":"text\/html","og_video_duration":"72","og_video_width":"480","og_video_height":"360","ya_ovs_adult":"false","ya_ovs_upload_date":"2024-03-11T20:48:11+00:00","ya_ovs_allow_embed":"true","product_price_amount":"144800.00","product_price_currency":"USD","og_availability":"instock","product_availability":"instock","product_condition":"new"},"_links":{"self":[{"href":"https:\/\/produncan.cl\/fr\/wp-json\/wp\/v2\/product\/28533","targetHints":{"allow":["GET"]}}],"collection":[{"href":"https:\/\/produncan.cl\/fr\/wp-json\/wp\/v2\/product"}],"about":[{"href":"https:\/\/produncan.cl\/fr\/wp-json\/wp\/v2\/types\/product"}],"version-history":[{"count":2,"href":"https:\/\/produncan.cl\/fr\/wp-json\/wp\/v2\/product\/28533\/revisions"}],"predecessor-version":[{"id":52554,"href":"https:\/\/produncan.cl\/fr\/wp-json\/wp\/v2\/product\/28533\/revisions\/52554"}],"wp:featuredmedia":[{"embeddable":true,"href":"https:\/\/produncan.cl\/fr\/wp-json\/wp\/v2\/media\/28365"}],"wp:attachment":[{"href":"https:\/\/produncan.cl\/fr\/wp-json\/wp\/v2\/media?parent=28533"}],"wp:term":[{"taxonomy":"product_brand","embeddable":true,"href":"https:\/\/produncan.cl\/fr\/wp-json\/wp\/v2\/product_brand?post=28533"},{"taxonomy":"product_cat","embeddable":true,"href":"https:\/\/produncan.cl\/fr\/wp-json\/wp\/v2\/product_cat?post=28533"},{"taxonomy":"product_tag","embeddable":true,"href":"https:\/\/produncan.cl\/fr\/wp-json\/wp\/v2\/product_tag?post=28533"},{"taxonomy":"regiones","embeddable":true,"href":"https:\/\/produncan.cl\/fr\/wp-json\/wp\/v2\/regiones?post=28533"},{"taxonomy":"ciudades","embeddable":true,"href":"https:\/\/produncan.cl\/fr\/wp-json\/wp\/v2\/ciudades?post=28533"}],"curies":[{"name":"wp","href":"https:\/\/api.w.org\/{rel}","templated":true}]}}