{"id":28543,"date":"2024-03-21T20:05:24","date_gmt":"2024-03-21T23:05:24","guid":{"rendered":"https:\/\/produncan.cl\/producto\/plot-club-de-campo-puerto-varas-region-de-los-lagos\/"},"modified":"2025-08-18T16:59:37","modified_gmt":"2025-08-18T20:59:37","slug":"plot-club-de-campo-puerto-varas-region-de-los-lagos","status":"publish","type":"product","link":"https:\/\/produncan.cl\/fr\/produit\/plot-club-de-campo-puerto-varas-region-de-los-lagos\/","title":{"rendered":"Terrain \u00e0 Puerto Varas &#8211; Club de Campo, R\u00e9gion de Los Lagos"},"content":{"rendered":"\t\t<div data-elementor-type=\"product-post\" data-elementor-id=\"28543\" class=\"elementor elementor-28543 elementor-28459\" data-elementor-post-type=\"product\">\n\t\t\t\t<div class=\"elementor-element elementor-element-3520ac3 e-flex e-con-boxed e-con e-parent\" data-id=\"3520ac3\" data-element_type=\"container\" data-e-type=\"container\" data-settings=\"{&quot;jet_parallax_layout_list&quot;:[]}\">\n\t\t\t\t\t<div class=\"e-con-inner\">\n\t\t\t\t<div class=\"elementor-element elementor-element-f6b6923 elementor-widget elementor-widget-heading\" data-id=\"f6b6923\" data-element_type=\"widget\" data-e-type=\"widget\" data-widget_type=\"heading.default\">\n\t\t\t\t\t<h2 class=\"elementor-heading-title elementor-size-default\">Terrain \u00e0 seulement 10 minutes de Puerto Varas avec for\u00eat indig\u00e8ne<\/h2>\t\t\t\t<\/div>\n\t\t\t\t\t<\/div>\n\t\t\t\t<\/div>\n\t\t<div class=\"elementor-element elementor-element-612bb81 e-flex e-con-boxed e-con e-parent\" data-id=\"612bb81\" data-element_type=\"container\" data-e-type=\"container\" data-settings=\"{&quot;jet_parallax_layout_list&quot;:[]}\">\n\t\t\t\t\t<div class=\"e-con-inner\">\n\t\t\t\t<div class=\"elementor-element elementor-element-6b6601f elementor-widget elementor-widget-text-editor\" data-id=\"6b6601f\" data-element_type=\"widget\" data-e-type=\"widget\" data-widget_type=\"text-editor.default\">\n\t\t\t\t\t\t\t\t\t<p>Ce terrain de 5000m\u00b2 \u00e0 Puerto Varas, Club de Campo repr\u00e9sente une excellente opportunit\u00e9 pour ceux qui cherchent \u00e0 vivre dans un projet consolid\u00e9. Avec un acc\u00e8s contr\u00f4l\u00e9, tous les services et une connexion rapide \u00e0 la Route 5 Sud, il offre une s\u00e9curit\u00e9 et un confort in\u00e9gal\u00e9s.<\/p>\n<p>Voici les d\u00e9tails :<\/p>\n<ul>\n<li>Ce terrain est le plus beau du projet, en raison de son incroyable for\u00eat indig\u00e8ne, qui permet de construire avec une grande intimit\u00e9.<\/li>\n<li>L&#8217;\u00e9lectricit\u00e9 est disponible par courrier, seul le raccordement est n\u00e9cessaire. En outre, l&#8217;administration demande l&#8217;installation d&#8217;un r\u00e9seau \u00e9lectrique souterrain.<\/li>\n<li>Eau potable certifi\u00e9e par Minsal : b\u00e9n\u00e9ficiez d&#8217;une eau propre et s\u00fbre, avec un paiement mensuel pour la consommation.<\/li>\n<li>Pas de construction, vous pouvez donc concevoir votre propre maison.<\/li>\n<li>Une topographie plane, qui facilite la construction et l&#8217;utilisation de l&#8217;espace.<\/li>\n<li>Portail \u00e0 acc\u00e8s contr\u00f4l\u00e9 24 heures sur 24, 7 jours sur 7 : votre s\u00e9curit\u00e9 est primordiale.<\/li>\n<li>Charges communes : environ 12 000 dollars par mois.\n<\/li>\n<\/ul>\n<p>Situation id\u00e9ale :<\/p>\n<ul>\n<li>\u00c0 seulement 1 kilom\u00e8tre de l&#8217;asphalte et \u00e0 5 kilom\u00e8tres de la Ruta 5 Sur.<\/li>\n<li>La charmante ville de Puerto Varas se trouve \u00e0 10 minutes en voiture.<\/li>\n<li>A\u00e9roport \u00e0 une distance convenable et sans embouteillages.<\/li>\n<li>Excellent signal Telsur pour les t\u00e9l\u00e9communications et l&#8217;Internet.\n<\/li>\n<\/ul>\n<p>Attractions \u00e0 proximit\u00e9 :<\/p>\n<ul>\n<li>Puerto Varas : \u00e0 10 minutes de l\u00e0, profitez de son architecture allemande, du lac Llanquihue et de la vue sur le volcan Osorno.<\/li>\n<li>Puerto Montt : \u00e0 20 minutes, vous trouverez des magasins, des march\u00e9s de fruits de mer, des promenades en bord de mer et une vie urbaine anim\u00e9e.\n<\/li>\n<\/ul>\n<p>Si vous souhaitez offrir confort et s\u00e9curit\u00e9 \u00e0 votre famille et vivre sur le terrain le plus privil\u00e9gi\u00e9 du projet, ne manquez pas cette opportunit\u00e9 ! Contactez-nous pour plus de d\u00e9tails.<\/p>\t\t\t\t\t\t\t\t<\/div>\n\t\t\t\t\t<\/div>\n\t\t\t\t<\/div>\n\t\t\t\t<\/div>\n\t\t","protected":false},"excerpt":{"rendered":"<p>Terrain \u00e0 Puerto Varas avec for\u00eat indig\u00e8ne et \u00e0 10 minutes de la ville, pr\u00e8s de la Ruta 5 Sur. Il dispose de l&#8217;\u00e9lectricit\u00e9, d&#8217;une eau potable certifi\u00e9e, de la fibre optique, d&#8217;une for\u00eat indig\u00e8ne et d&#8217;un acc\u00e8s contr\u00f4l\u00e9 24 heures sur 24, 7 jours sur 7.<\/p>\n","protected":false},"featured_media":39965,"template":"","meta":{"_acf_changed":false},"product_brand":[],"product_cat":[113],"product_tag":[236],"regiones":[226],"ciudades":[218,219],"class_list":{"0":"post-28543","1":"product","2":"type-product","3":"status-publish","4":"has-post-thumbnail","6":"product_cat-ohiggins-los-lagos-fr","7":"product_tag-parcelles","8":"regiones-nuble-los_lagos","9":"ciudades-puerto-montt","10":"ciudades-puerto-varas","12":"first","13":"outofstock","14":"sold-individually","15":"shipping-taxable","16":"product-type-simple"},"acf":[],"yoast_head":"<!-- This site is optimized with the Yoast SEO Premium plugin v26.0 (Yoast SEO v27.3) - https:\/\/yoast.com\/product\/yoast-seo-premium-wordpress\/ -->\n<title>Terrain \u00e0 Puerto Varas - Club de Campo, R\u00e9gion de Los Lagos - Produncan<\/title>\n<meta name=\"description\" content=\"Terrain dans un country club r\u00e9sidentiel avec for\u00eat indig\u00e8ne, \u00e0 10 minutes de Puerto Varas et \u00e0 proximit\u00e9 de la Ruta 5 Sur. \u00c9lectricit\u00e9, eau certifi\u00e9e et fibre optique\" \/>\n<meta name=\"robots\" content=\"index, follow, max-snippet:-1, max-image-preview:large, max-video-preview:-1\" \/>\n<link rel=\"canonical\" href=\"https:\/\/produncan.cl\/fr\/produit\/plot-club-de-campo-puerto-varas-region-de-los-lagos\/\" \/>\n<meta property=\"og:locale\" content=\"fr_FR\" \/>\n<meta property=\"og:type\" content=\"article\" \/>\n<meta property=\"og:title\" content=\"Terrain \u00e0 Puerto Varas - Club de Campo, R\u00e9gion de Los Lagos\" \/>\n<meta property=\"og:description\" content=\"Terrain dans un country club r\u00e9sidentiel avec for\u00eat indig\u00e8ne, \u00e0 10 minutes de Puerto Varas et \u00e0 proximit\u00e9 de la Ruta 5 Sur. \u00c9lectricit\u00e9, eau certifi\u00e9e et fibre optique\" \/>\n<meta property=\"og:url\" content=\"https:\/\/produncan.cl\/fr\/produit\/plot-club-de-campo-puerto-varas-region-de-los-lagos\/\" \/>\n<meta property=\"og:site_name\" content=\"Produncan\" \/>\n<meta property=\"article:publisher\" content=\"https:\/\/web.facebook.com\/produncanland\" \/>\n<meta property=\"article:modified_time\" content=\"2025-08-18T20:59:37+00:00\" \/>\n<meta property=\"og:image\" content=\"https:\/\/produncan.cl\/wp-content\/uploads\/2024\/03\/Parcela-Club-de-Campo-en-Venta-Puerto-Varas.webp\" \/>\n<meta name=\"twitter:card\" content=\"summary_large_image\" \/>\n<meta name=\"twitter:label1\" content=\"Price\" \/>\n\t<meta name=\"twitter:data1\" content=\"\" \/>\n\t<meta name=\"twitter:label2\" content=\"Availability\" \/>\n\t<meta name=\"twitter:data2\" content=\"Out of stock\" \/>\n<script type=\"application\/ld+json\" class=\"yoast-schema-graph\">{\"@context\":\"https:\\\/\\\/schema.org\",\"@graph\":[{\"@type\":\"WebPage\",\"@id\":\"https:\\\/\\\/produncan.cl\\\/fr\\\/produit\\\/plot-club-de-campo-puerto-varas-region-de-los-lagos\\\/\",\"url\":\"https:\\\/\\\/produncan.cl\\\/fr\\\/produit\\\/plot-club-de-campo-puerto-varas-region-de-los-lagos\\\/\",\"name\":\"Terrain \u00e0 Puerto Varas - Club de Campo, R\u00e9gion de Los Lagos - Produncan\",\"isPartOf\":{\"@id\":\"https:\\\/\\\/produncan.cl\\\/fr\\\/#website\"},\"primaryImageOfPage\":{\"@id\":\"https:\\\/\\\/produncan.cl\\\/fr\\\/produit\\\/plot-club-de-campo-puerto-varas-region-de-los-lagos\\\/#primaryimage\"},\"image\":{\"@id\":\"https:\\\/\\\/produncan.cl\\\/fr\\\/produit\\\/plot-club-de-campo-puerto-varas-region-de-los-lagos\\\/#primaryimage\"},\"thumbnailUrl\":\"https:\\\/\\\/produncan.cl\\\/wp-content\\\/uploads\\\/2024\\\/03\\\/Club-de-campo-vendida.webp\",\"datePublished\":\"2024-03-21T23:05:24+00:00\",\"dateModified\":\"2025-08-18T20:59:37+00:00\",\"description\":\"Terrain dans un country club r\u00e9sidentiel avec for\u00eat indig\u00e8ne, \u00e0 10 minutes de Puerto Varas et \u00e0 proximit\u00e9 de la Ruta 5 Sur. \u00c9lectricit\u00e9, eau certifi\u00e9e et fibre optique\",\"breadcrumb\":{\"@id\":\"https:\\\/\\\/produncan.cl\\\/fr\\\/produit\\\/plot-club-de-campo-puerto-varas-region-de-los-lagos\\\/#breadcrumb\"},\"inLanguage\":\"fr-FR\",\"potentialAction\":[{\"@type\":\"ReadAction\",\"target\":[\"https:\\\/\\\/produncan.cl\\\/fr\\\/produit\\\/plot-club-de-campo-puerto-varas-region-de-los-lagos\\\/\"]}]},{\"@type\":\"ImageObject\",\"inLanguage\":\"fr-FR\",\"@id\":\"https:\\\/\\\/produncan.cl\\\/fr\\\/produit\\\/plot-club-de-campo-puerto-varas-region-de-los-lagos\\\/#primaryimage\",\"url\":\"https:\\\/\\\/produncan.cl\\\/wp-content\\\/uploads\\\/2024\\\/03\\\/Club-de-campo-vendida.webp\",\"contentUrl\":\"https:\\\/\\\/produncan.cl\\\/wp-content\\\/uploads\\\/2024\\\/03\\\/Club-de-campo-vendida.webp\",\"width\":600,\"height\":450},{\"@type\":\"BreadcrumbList\",\"@id\":\"https:\\\/\\\/produncan.cl\\\/fr\\\/produit\\\/plot-club-de-campo-puerto-varas-region-de-los-lagos\\\/#breadcrumb\",\"itemListElement\":[{\"@type\":\"ListItem\",\"position\":1,\"name\":\"Inicio\",\"item\":\"https:\\\/\\\/produncan.cl\\\/fr\\\/\"},{\"@type\":\"ListItem\",\"position\":2,\"name\":\"Propri\u00e9t\u00e9s\",\"item\":\"https:\\\/\\\/produncan.cl\\\/propiedades\\\/\"},{\"@type\":\"ListItem\",\"position\":3,\"name\":\"Parcelles\",\"item\":\"https:\\\/\\\/produncan.cl\\\/fr\\\/cat&eacute;gorie\\\/parcelles\\\/\"},{\"@type\":\"ListItem\",\"position\":4,\"name\":\"Terrain \u00e0 Puerto Varas &#8211; Club de Campo, R\u00e9gion de Los Lagos\"}]},{\"@type\":\"WebSite\",\"@id\":\"https:\\\/\\\/produncan.cl\\\/fr\\\/#website\",\"url\":\"https:\\\/\\\/produncan.cl\\\/fr\\\/\",\"name\":\"Produncan\",\"description\":\"Nous vous accompagnons dans votre projet de vie !\",\"publisher\":{\"@id\":\"https:\\\/\\\/produncan.cl\\\/fr\\\/#organization\"},\"potentialAction\":[{\"@type\":\"SearchAction\",\"target\":{\"@type\":\"EntryPoint\",\"urlTemplate\":\"https:\\\/\\\/produncan.cl\\\/fr\\\/?s={search_term_string}\"},\"query-input\":{\"@type\":\"PropertyValueSpecification\",\"valueRequired\":true,\"valueName\":\"search_term_string\"}}],\"inLanguage\":\"fr-FR\"},{\"@type\":\"Organization\",\"@id\":\"https:\\\/\\\/produncan.cl\\\/fr\\\/#organization\",\"name\":\"Produncan\",\"url\":\"https:\\\/\\\/produncan.cl\\\/fr\\\/\",\"logo\":{\"@type\":\"ImageObject\",\"inLanguage\":\"fr-FR\",\"@id\":\"https:\\\/\\\/produncan.cl\\\/fr\\\/#\\\/schema\\\/logo\\\/image\\\/\",\"url\":\"https:\\\/\\\/produncan.cl\\\/wp-content\\\/uploads\\\/2021\\\/03\\\/LOGO.jpeg\",\"contentUrl\":\"https:\\\/\\\/produncan.cl\\\/wp-content\\\/uploads\\\/2021\\\/03\\\/LOGO.jpeg\",\"width\":1280,\"height\":903,\"caption\":\"Produncan\"},\"image\":{\"@id\":\"https:\\\/\\\/produncan.cl\\\/fr\\\/#\\\/schema\\\/logo\\\/image\\\/\"},\"sameAs\":[\"https:\\\/\\\/web.facebook.com\\\/produncanland\",\"https:\\\/\\\/www.instagram.com\\\/pro_duncan\\\/\",\"https:\\\/\\\/www.linkedin.com\\\/company\\\/produncan-lands\\\/\",\"https:\\\/\\\/www.youtube.com\\\/channel\\\/UCu7N-f3x0svkazD-Eew1-QQ\"],\"description\":\"En Produncan somos especialistas en la venta de terrenos en el sur de Chile. Proveemos estancias, campos, parcelas y hoteles.\",\"email\":\"info@produncan.cl\"}]}<\/script>\n<meta property=\"og:video\" content=\"https:\/\/www.youtube.com\/embed\/a_4_KWLOHbQ\" \/>\n<meta property=\"og:video:type\" content=\"text\/html\" \/>\n<meta property=\"og:video:duration\" content=\"71\" \/>\n<meta property=\"og:video:width\" content=\"480\" \/>\n<meta property=\"og:video:height\" content=\"360\" \/>\n<meta property=\"ya:ovs:adult\" content=\"false\" \/>\n<meta property=\"ya:ovs:upload_date\" content=\"2024-03-21T23:05:24+00:00\" \/>\n<meta property=\"ya:ovs:allow_embed\" content=\"true\" \/>\n<meta property=\"product:price:currency\" content=\"USD\" \/>\n<meta property=\"og:availability\" content=\"out of stock\" \/>\n<meta property=\"product:availability\" content=\"out of stock\" \/>\n<meta property=\"product:condition\" content=\"new\" \/>\n<!-- \/ Yoast SEO Premium plugin. -->","yoast_head_json":{"title":"Terrain \u00e0 Puerto Varas - Club de Campo, R\u00e9gion de Los Lagos - Produncan","description":"Terrain dans un country club r\u00e9sidentiel avec for\u00eat indig\u00e8ne, \u00e0 10 minutes de Puerto Varas et \u00e0 proximit\u00e9 de la Ruta 5 Sur. \u00c9lectricit\u00e9, eau certifi\u00e9e et fibre optique","robots":{"index":"index","follow":"follow","max-snippet":"max-snippet:-1","max-image-preview":"max-image-preview:large","max-video-preview":"max-video-preview:-1"},"canonical":"https:\/\/produncan.cl\/fr\/produit\/plot-club-de-campo-puerto-varas-region-de-los-lagos\/","og_locale":"fr_FR","og_type":"article","og_title":"Terrain \u00e0 Puerto Varas - Club de Campo, R\u00e9gion de Los Lagos","og_description":"Terrain dans un country club r\u00e9sidentiel avec for\u00eat indig\u00e8ne, \u00e0 10 minutes de Puerto Varas et \u00e0 proximit\u00e9 de la Ruta 5 Sur. \u00c9lectricit\u00e9, eau certifi\u00e9e et fibre optique","og_url":"https:\/\/produncan.cl\/fr\/produit\/plot-club-de-campo-puerto-varas-region-de-los-lagos\/","og_site_name":"Produncan","article_publisher":"https:\/\/web.facebook.com\/produncanland","article_modified_time":"2025-08-18T20:59:37+00:00","og_image":[{"url":"https:\/\/produncan.cl\/wp-content\/uploads\/2024\/03\/Parcela-Club-de-Campo-en-Venta-Puerto-Varas.webp","type":"","width":"","height":""}],"twitter_card":"summary_large_image","twitter_misc":{"Price":"","Availability":"Out of stock"},"schema":{"@context":"https:\/\/schema.org","@graph":[{"@type":"WebPage","@id":"https:\/\/produncan.cl\/fr\/produit\/plot-club-de-campo-puerto-varas-region-de-los-lagos\/","url":"https:\/\/produncan.cl\/fr\/produit\/plot-club-de-campo-puerto-varas-region-de-los-lagos\/","name":"Terrain \u00e0 Puerto Varas - Club de Campo, R\u00e9gion de Los Lagos - Produncan","isPartOf":{"@id":"https:\/\/produncan.cl\/fr\/#website"},"primaryImageOfPage":{"@id":"https:\/\/produncan.cl\/fr\/produit\/plot-club-de-campo-puerto-varas-region-de-los-lagos\/#primaryimage"},"image":{"@id":"https:\/\/produncan.cl\/fr\/produit\/plot-club-de-campo-puerto-varas-region-de-los-lagos\/#primaryimage"},"thumbnailUrl":"https:\/\/produncan.cl\/wp-content\/uploads\/2024\/03\/Club-de-campo-vendida.webp","datePublished":"2024-03-21T23:05:24+00:00","dateModified":"2025-08-18T20:59:37+00:00","description":"Terrain dans un country club r\u00e9sidentiel avec for\u00eat indig\u00e8ne, \u00e0 10 minutes de Puerto Varas et \u00e0 proximit\u00e9 de la Ruta 5 Sur. \u00c9lectricit\u00e9, eau certifi\u00e9e et fibre optique","breadcrumb":{"@id":"https:\/\/produncan.cl\/fr\/produit\/plot-club-de-campo-puerto-varas-region-de-los-lagos\/#breadcrumb"},"inLanguage":"fr-FR","potentialAction":[{"@type":"ReadAction","target":["https:\/\/produncan.cl\/fr\/produit\/plot-club-de-campo-puerto-varas-region-de-los-lagos\/"]}]},{"@type":"ImageObject","inLanguage":"fr-FR","@id":"https:\/\/produncan.cl\/fr\/produit\/plot-club-de-campo-puerto-varas-region-de-los-lagos\/#primaryimage","url":"https:\/\/produncan.cl\/wp-content\/uploads\/2024\/03\/Club-de-campo-vendida.webp","contentUrl":"https:\/\/produncan.cl\/wp-content\/uploads\/2024\/03\/Club-de-campo-vendida.webp","width":600,"height":450},{"@type":"BreadcrumbList","@id":"https:\/\/produncan.cl\/fr\/produit\/plot-club-de-campo-puerto-varas-region-de-los-lagos\/#breadcrumb","itemListElement":[{"@type":"ListItem","position":1,"name":"Inicio","item":"https:\/\/produncan.cl\/fr\/"},{"@type":"ListItem","position":2,"name":"Propri\u00e9t\u00e9s","item":"https:\/\/produncan.cl\/propiedades\/"},{"@type":"ListItem","position":3,"name":"Parcelles","item":"https:\/\/produncan.cl\/fr\/cat&eacute;gorie\/parcelles\/"},{"@type":"ListItem","position":4,"name":"Terrain \u00e0 Puerto Varas &#8211; Club de Campo, R\u00e9gion de Los Lagos"}]},{"@type":"WebSite","@id":"https:\/\/produncan.cl\/fr\/#website","url":"https:\/\/produncan.cl\/fr\/","name":"Produncan","description":"Nous vous accompagnons dans votre projet de vie !","publisher":{"@id":"https:\/\/produncan.cl\/fr\/#organization"},"potentialAction":[{"@type":"SearchAction","target":{"@type":"EntryPoint","urlTemplate":"https:\/\/produncan.cl\/fr\/?s={search_term_string}"},"query-input":{"@type":"PropertyValueSpecification","valueRequired":true,"valueName":"search_term_string"}}],"inLanguage":"fr-FR"},{"@type":"Organization","@id":"https:\/\/produncan.cl\/fr\/#organization","name":"Produncan","url":"https:\/\/produncan.cl\/fr\/","logo":{"@type":"ImageObject","inLanguage":"fr-FR","@id":"https:\/\/produncan.cl\/fr\/#\/schema\/logo\/image\/","url":"https:\/\/produncan.cl\/wp-content\/uploads\/2021\/03\/LOGO.jpeg","contentUrl":"https:\/\/produncan.cl\/wp-content\/uploads\/2021\/03\/LOGO.jpeg","width":1280,"height":903,"caption":"Produncan"},"image":{"@id":"https:\/\/produncan.cl\/fr\/#\/schema\/logo\/image\/"},"sameAs":["https:\/\/web.facebook.com\/produncanland","https:\/\/www.instagram.com\/pro_duncan\/","https:\/\/www.linkedin.com\/company\/produncan-lands\/","https:\/\/www.youtube.com\/channel\/UCu7N-f3x0svkazD-Eew1-QQ"],"description":"En Produncan somos especialistas en la venta de terrenos en el sur de Chile. Proveemos estancias, campos, parcelas y hoteles.","email":"info@produncan.cl"}]},"og_video":"https:\/\/www.youtube.com\/embed\/a_4_KWLOHbQ","og_video_type":"text\/html","og_video_duration":"71","og_video_width":"480","og_video_height":"360","ya_ovs_adult":"false","ya_ovs_upload_date":"2024-03-21T23:05:24+00:00","ya_ovs_allow_embed":"true","product_price_currency":"USD","og_availability":"out of stock","product_availability":"out of stock","product_condition":"new"},"_links":{"self":[{"href":"https:\/\/produncan.cl\/fr\/wp-json\/wp\/v2\/product\/28543","targetHints":{"allow":["GET"]}}],"collection":[{"href":"https:\/\/produncan.cl\/fr\/wp-json\/wp\/v2\/product"}],"about":[{"href":"https:\/\/produncan.cl\/fr\/wp-json\/wp\/v2\/types\/product"}],"version-history":[{"count":0,"href":"https:\/\/produncan.cl\/fr\/wp-json\/wp\/v2\/product\/28543\/revisions"}],"wp:featuredmedia":[{"embeddable":true,"href":"https:\/\/produncan.cl\/fr\/wp-json\/wp\/v2\/media\/39965"}],"wp:attachment":[{"href":"https:\/\/produncan.cl\/fr\/wp-json\/wp\/v2\/media?parent=28543"}],"wp:term":[{"taxonomy":"product_brand","embeddable":true,"href":"https:\/\/produncan.cl\/fr\/wp-json\/wp\/v2\/product_brand?post=28543"},{"taxonomy":"product_cat","embeddable":true,"href":"https:\/\/produncan.cl\/fr\/wp-json\/wp\/v2\/product_cat?post=28543"},{"taxonomy":"product_tag","embeddable":true,"href":"https:\/\/produncan.cl\/fr\/wp-json\/wp\/v2\/product_tag?post=28543"},{"taxonomy":"regiones","embeddable":true,"href":"https:\/\/produncan.cl\/fr\/wp-json\/wp\/v2\/regiones?post=28543"},{"taxonomy":"ciudades","embeddable":true,"href":"https:\/\/produncan.cl\/fr\/wp-json\/wp\/v2\/ciudades?post=28543"}],"curies":[{"name":"wp","href":"https:\/\/api.w.org\/{rel}","templated":true}]}}