{"id":28762,"date":"2021-04-01T13:40:31","date_gmt":"2021-04-01T16:40:31","guid":{"rendered":"https:\/\/produncan.cl\/producto\/terrain-alto-frutillar-region-de-los-lagos\/"},"modified":"2025-08-07T16:54:06","modified_gmt":"2025-08-07T20:54:06","slug":"terrain-alto-frutillar-region-de-los-lagos","status":"publish","type":"product","link":"https:\/\/produncan.cl\/fr\/produit\/terrain-alto-frutillar-region-de-los-lagos\/","title":{"rendered":"&#8220;Parcela Alto Frutillar &#8211; R\u00e9gion des Lacs&#8221;"},"content":{"rendered":"\t\t<div data-elementor-type=\"product-post\" data-elementor-id=\"28762\" class=\"elementor elementor-28762 elementor-28598\" data-elementor-post-type=\"product\">\n\t\t\t\t<div class=\"elementor-element elementor-element-6ac6583 e-flex e-con-boxed e-con e-parent\" data-id=\"6ac6583\" data-element_type=\"container\" data-e-type=\"container\" data-settings=\"{&quot;jet_parallax_layout_list&quot;:[]}\">\n\t\t\t\t\t<div class=\"e-con-inner\">\n\t\t\t\t<div class=\"elementor-element elementor-element-7d4a064 elementor-widget elementor-widget-heading\" data-id=\"7d4a064\" data-element_type=\"widget\" data-e-type=\"widget\" data-widget_type=\"heading.default\">\n\t\t\t\t\t<h2 class=\"elementor-heading-title elementor-size-default\">\"Une parcelle avec des commodit\u00e9s de ville \u00e0 seulement 5 minutes de Frutillar\"<\/h2>\t\t\t\t<\/div>\n\t\t\t\t\t<\/div>\n\t\t\t\t<\/div>\n\t\t<div class=\"elementor-element elementor-element-657e5db e-flex e-con-boxed e-con e-parent\" data-id=\"657e5db\" data-element_type=\"container\" data-e-type=\"container\" data-settings=\"{&quot;jet_parallax_layout_list&quot;:[]}\">\n\t\t\t\t\t<div class=\"e-con-inner\">\n\t\t\t\t<div class=\"elementor-element elementor-element-e0774c9 elementor-widget elementor-widget-text-editor\" data-id=\"e0774c9\" data-element_type=\"widget\" data-e-type=\"widget\" data-widget_type=\"text-editor.default\">\n\t\t\t\t\t\t\t\t\t&#8220;`html\n<p>Souhaitez-vous construire votre nouvelle maison dans un projet consolid\u00e9 pr\u00e8s de Frutillar, immerg\u00e9 dans la nature, et avec la tranquillit\u00e9 qu&#8217;offre un acc\u00e8s direct \u00e0 la route ?<\/p>\n<p>Cette parcelle vous offre l&#8217;opportunit\u00e9 parfaite !<\/p>\n<p><strong>Cette parcelle vous offre un espace unique :<\/strong><\/p>\n<ul>\n<li>700 m\u00b2 de terrain plat et sol fertile.<\/li>\n<li>Cl\u00f4ture p\u00e9rim\u00e9trique compl\u00e8te et barri\u00e8re \u00e0 l&#8217;avant.<\/li>\n<li>Portail \u00e9lectrique pour acc\u00e9der au projet, et un deuxi\u00e8me portail \u00e9lectrique pour acc\u00e9der au micro quartier, offrant une s\u00e9curit\u00e9 et une intimit\u00e9 totales pour votre famille.<\/li>\n<li>Entrep\u00f4t construit de 8&#215;4 m\u00e8tres avec salle de bain, id\u00e9al pour commencer la construction de votre maison d\u00e9finitive.<\/li>\n<li>Bonne exposition solaire toute la journ\u00e9e.<\/li>\n<li>Charges communes de 1 UF.<\/li>\n<li>R\u00e8glement et comit\u00e9 de propri\u00e9taires.<\/li>\n<li>Cam\u00e9ras de s\u00e9curit\u00e9 24\/7 dans le condominium.<br><br><\/li>\n<\/ul>\n<p><strong>Connectivit\u00e9 et services :<\/strong><\/p>\n<ul>\n<li>Route asphalt\u00e9e jusqu&#8217;\u00e0 l&#8217;entr\u00e9e de la parcelle.<\/li>\n<li>\u00c9lectricit\u00e9 souterraine.<\/li>\n<li>Eau potable de puits d\u00e9pendant de la parcelle.<\/li>\n<li>Bonne couverture t\u00e9l\u00e9com et fibre optique IP Patagonia.<\/li>\n<li>Club house, barbecue, aire de jeux pour enfants et d\u00e9chetterie.<\/li>\n<li>\u00c0 seulement 5 minutes de Frutillar.<\/li>\n<li>\u00c0 40 minutes de l&#8217;a\u00e9roport de Puerto Montt.<\/li>\n<li>Transport public disponible.<br><br><\/li>\n<\/ul>\n<p><strong>Environnement privil\u00e9gi\u00e9 :<\/strong><\/p>\n<ul>\n<li>Proche des \u00e9coles, mus\u00e9es, parc national Vicente P\u00e9rez Rosales, Jardin botanique de Frutillar, Th\u00e9\u00e2tre du Lac et Puerto Octay.<\/li>\n<li>Plongez dans la s\u00e9r\u00e9nit\u00e9 de la campagne et la proximit\u00e9 de la ville dans un projet avec un design paysager exceptionnel.<br><br><\/li>\n<\/ul>\n<p>Ne manquez pas cette opportunit\u00e9 unique de vivre dans un environnement naturel incomparable ! Profitez de la grande remise de cette parcelle par rapport \u00e0 d&#8217;autres similaires !<\/p>\n<p>Prix : 63.000.000 CLP<\/p>\n<p><strong>Moyens de paiement :<\/strong><\/p>\n<ul>\n<li>Comptant<\/li>\n<li>Cr\u00e9dit hypoth\u00e9caire<br><br><\/li>\n<\/ul>\n<p>Contactez-nous d\u00e8s aujourd&#8217;hui et d\u00e9couvrez comment r\u00e9aliser votre r\u00eave dans cette parcelle \u00e0 Frutillar.<\/p>\n&#8220;`\t\t\t\t\t\t\t\t<\/div>\n\t\t\t\t\t<\/div>\n\t\t\t\t<\/div>\n\t\t\t\t<\/div>\n\t\t","protected":false},"excerpt":{"rendered":"<p>&#8220;`html<br \/>\nParcelle \u00e0 5 minutes de Frutillar avec entrep\u00f4t, cl\u00f4ture p\u00e9rim\u00e9trique et barri\u00e8re, dans un projet consolid\u00e9 avec eau potable, \u00e9nergie, fibre optique, routes asphalt\u00e9es et portail \u00e9lectrique.<br \/>\n&#8220;`<\/p>\n","protected":false},"featured_media":29833,"template":"","meta":{"_acf_changed":false},"product_brand":[],"product_cat":[113],"product_tag":[236],"regiones":[226],"ciudades":[228],"class_list":{"0":"post-28762","1":"product","2":"type-product","3":"status-publish","4":"has-post-thumbnail","6":"product_cat-ohiggins-los-lagos-fr","7":"product_tag-parcelles","8":"regiones-nuble-los_lagos","9":"ciudades-frutillar","11":"first","12":"instock","13":"shipping-taxable","14":"purchasable","15":"product-type-simple"},"acf":[],"yoast_head":"<!-- This site is optimized with the Yoast SEO Premium plugin v26.0 (Yoast SEO v27.3) - https:\/\/yoast.com\/product\/yoast-seo-premium-wordpress\/ -->\n<title>&quot;Parcela Alto Frutillar - R\u00e9gion des Lacs&quot; - Produncan<\/title>\n<meta name=\"description\" content=\"Parcelle \u00e0 5 minutes de Frutillar avec entrep\u00f4t, cl\u00f4ture p\u00e9rim\u00e9trique et barri\u00e8re, dans un projet consolid\u00e9 avec eau potable, \u00e9nergie, fibre optique.\" \/>\n<meta name=\"robots\" content=\"index, follow, max-snippet:-1, max-image-preview:large, max-video-preview:-1\" \/>\n<link rel=\"canonical\" href=\"https:\/\/produncan.cl\/fr\/produit\/terrain-alto-frutillar-region-de-los-lagos\/\" \/>\n<meta property=\"og:locale\" content=\"fr_FR\" \/>\n<meta property=\"og:type\" content=\"article\" \/>\n<meta property=\"og:title\" content=\"&quot;Parcela Alto Frutillar - R\u00e9gion des Lacs&quot;\" \/>\n<meta property=\"og:description\" content=\"Parcelle \u00e0 5 minutes de Frutillar avec entrep\u00f4t, cl\u00f4ture p\u00e9rim\u00e9trique et barri\u00e8re, dans un projet consolid\u00e9 avec eau potable, \u00e9nergie, fibre optique.\" \/>\n<meta property=\"og:url\" content=\"https:\/\/produncan.cl\/fr\/produit\/terrain-alto-frutillar-region-de-los-lagos\/\" \/>\n<meta property=\"og:site_name\" content=\"Produncan\" \/>\n<meta property=\"article:publisher\" content=\"https:\/\/web.facebook.com\/produncanland\" \/>\n<meta property=\"article:modified_time\" content=\"2025-08-07T20:54:06+00:00\" \/>\n<meta property=\"og:image\" content=\"https:\/\/produncan.cl\/wp-content\/uploads\/2021\/04\/Parcela-Alto-Frutillar-Vendido.webp\" \/>\n\t<meta property=\"og:image:width\" content=\"600\" \/>\n\t<meta property=\"og:image:height\" content=\"450\" \/>\n\t<meta property=\"og:image:type\" content=\"image\/webp\" \/>\n<meta name=\"twitter:card\" content=\"summary_large_image\" \/>\n<meta name=\"twitter:label1\" content=\"Price\" \/>\n\t<meta name=\"twitter:data1\" content=\"USD68.500,00\" \/>\n\t<meta name=\"twitter:label2\" content=\"Availability\" \/>\n\t<meta name=\"twitter:data2\" content=\"In stock\" \/>\n<script type=\"application\/ld+json\" class=\"yoast-schema-graph\">{\"@context\":\"https:\\\/\\\/schema.org\",\"@graph\":[{\"@type\":\"WebPage\",\"@id\":\"https:\\\/\\\/produncan.cl\\\/fr\\\/produit\\\/terrain-alto-frutillar-region-de-los-lagos\\\/\",\"url\":\"https:\\\/\\\/produncan.cl\\\/fr\\\/produit\\\/terrain-alto-frutillar-region-de-los-lagos\\\/\",\"name\":\"\\\"Parcela Alto Frutillar - R\u00e9gion des Lacs\\\" - Produncan\",\"isPartOf\":{\"@id\":\"https:\\\/\\\/produncan.cl\\\/fr\\\/#website\"},\"primaryImageOfPage\":{\"@id\":\"https:\\\/\\\/produncan.cl\\\/fr\\\/produit\\\/terrain-alto-frutillar-region-de-los-lagos\\\/#primaryimage\"},\"image\":{\"@id\":\"https:\\\/\\\/produncan.cl\\\/fr\\\/produit\\\/terrain-alto-frutillar-region-de-los-lagos\\\/#primaryimage\"},\"thumbnailUrl\":\"https:\\\/\\\/produncan.cl\\\/wp-content\\\/uploads\\\/2021\\\/04\\\/Parcela-Alto-Frutillar-Vendido.webp\",\"datePublished\":\"2021-04-01T16:40:31+00:00\",\"dateModified\":\"2025-08-07T20:54:06+00:00\",\"description\":\"Parcelle \u00e0 5 minutes de Frutillar avec entrep\u00f4t, cl\u00f4ture p\u00e9rim\u00e9trique et barri\u00e8re, dans un projet consolid\u00e9 avec eau potable, \u00e9nergie, fibre optique.\",\"breadcrumb\":{\"@id\":\"https:\\\/\\\/produncan.cl\\\/fr\\\/produit\\\/terrain-alto-frutillar-region-de-los-lagos\\\/#breadcrumb\"},\"inLanguage\":\"fr-FR\",\"potentialAction\":[{\"@type\":\"ReadAction\",\"target\":[\"https:\\\/\\\/produncan.cl\\\/fr\\\/produit\\\/terrain-alto-frutillar-region-de-los-lagos\\\/\"]}]},{\"@type\":\"ImageObject\",\"inLanguage\":\"fr-FR\",\"@id\":\"https:\\\/\\\/produncan.cl\\\/fr\\\/produit\\\/terrain-alto-frutillar-region-de-los-lagos\\\/#primaryimage\",\"url\":\"https:\\\/\\\/produncan.cl\\\/wp-content\\\/uploads\\\/2021\\\/04\\\/Parcela-Alto-Frutillar-Vendido.webp\",\"contentUrl\":\"https:\\\/\\\/produncan.cl\\\/wp-content\\\/uploads\\\/2021\\\/04\\\/Parcela-Alto-Frutillar-Vendido.webp\",\"width\":600,\"height\":450},{\"@type\":\"BreadcrumbList\",\"@id\":\"https:\\\/\\\/produncan.cl\\\/fr\\\/produit\\\/terrain-alto-frutillar-region-de-los-lagos\\\/#breadcrumb\",\"itemListElement\":[{\"@type\":\"ListItem\",\"position\":1,\"name\":\"Inicio\",\"item\":\"https:\\\/\\\/produncan.cl\\\/fr\\\/\"},{\"@type\":\"ListItem\",\"position\":2,\"name\":\"Propri\u00e9t\u00e9s\",\"item\":\"https:\\\/\\\/produncan.cl\\\/propiedades\\\/\"},{\"@type\":\"ListItem\",\"position\":3,\"name\":\"Parcelles\",\"item\":\"https:\\\/\\\/produncan.cl\\\/fr\\\/cat&eacute;gorie\\\/parcelles\\\/\"},{\"@type\":\"ListItem\",\"position\":4,\"name\":\"&#8220;Parcela Alto Frutillar &#8211; R\u00e9gion des Lacs&#8221;\"}]},{\"@type\":\"WebSite\",\"@id\":\"https:\\\/\\\/produncan.cl\\\/fr\\\/#website\",\"url\":\"https:\\\/\\\/produncan.cl\\\/fr\\\/\",\"name\":\"Produncan\",\"description\":\"Nous vous accompagnons dans votre projet de vie !\",\"publisher\":{\"@id\":\"https:\\\/\\\/produncan.cl\\\/fr\\\/#organization\"},\"potentialAction\":[{\"@type\":\"SearchAction\",\"target\":{\"@type\":\"EntryPoint\",\"urlTemplate\":\"https:\\\/\\\/produncan.cl\\\/fr\\\/?s={search_term_string}\"},\"query-input\":{\"@type\":\"PropertyValueSpecification\",\"valueRequired\":true,\"valueName\":\"search_term_string\"}}],\"inLanguage\":\"fr-FR\"},{\"@type\":\"Organization\",\"@id\":\"https:\\\/\\\/produncan.cl\\\/fr\\\/#organization\",\"name\":\"Produncan\",\"url\":\"https:\\\/\\\/produncan.cl\\\/fr\\\/\",\"logo\":{\"@type\":\"ImageObject\",\"inLanguage\":\"fr-FR\",\"@id\":\"https:\\\/\\\/produncan.cl\\\/fr\\\/#\\\/schema\\\/logo\\\/image\\\/\",\"url\":\"https:\\\/\\\/produncan.cl\\\/wp-content\\\/uploads\\\/2021\\\/03\\\/LOGO.jpeg\",\"contentUrl\":\"https:\\\/\\\/produncan.cl\\\/wp-content\\\/uploads\\\/2021\\\/03\\\/LOGO.jpeg\",\"width\":1280,\"height\":903,\"caption\":\"Produncan\"},\"image\":{\"@id\":\"https:\\\/\\\/produncan.cl\\\/fr\\\/#\\\/schema\\\/logo\\\/image\\\/\"},\"sameAs\":[\"https:\\\/\\\/web.facebook.com\\\/produncanland\",\"https:\\\/\\\/www.instagram.com\\\/pro_duncan\\\/\",\"https:\\\/\\\/www.linkedin.com\\\/company\\\/produncan-lands\\\/\",\"https:\\\/\\\/www.youtube.com\\\/channel\\\/UCu7N-f3x0svkazD-Eew1-QQ\"],\"description\":\"En Produncan somos especialistas en la venta de terrenos en el sur de Chile. Proveemos estancias, campos, parcelas y hoteles.\",\"email\":\"info@produncan.cl\"}]}<\/script>\n<meta property=\"og:video\" content=\"https:\/\/www.youtube.com\/embed\/Mn_RckkSG6Q\" \/>\n<meta property=\"og:video:type\" content=\"text\/html\" \/>\n<meta property=\"og:video:duration\" content=\"62\" \/>\n<meta property=\"og:video:width\" content=\"480\" \/>\n<meta property=\"og:video:height\" content=\"360\" \/>\n<meta property=\"ya:ovs:adult\" content=\"false\" \/>\n<meta property=\"ya:ovs:upload_date\" content=\"2021-04-01T16:40:31+00:00\" \/>\n<meta property=\"ya:ovs:allow_embed\" content=\"true\" \/>\n<meta property=\"product:price:amount\" content=\"68500.00\" \/>\n<meta property=\"product:price:currency\" content=\"USD\" \/>\n<meta property=\"og:availability\" content=\"instock\" \/>\n<meta property=\"product:availability\" content=\"instock\" \/>\n<meta property=\"product:condition\" content=\"new\" \/>\n<!-- \/ Yoast SEO Premium plugin. -->","yoast_head_json":{"title":"\"Parcela Alto Frutillar - R\u00e9gion des Lacs\" - Produncan","description":"Parcelle \u00e0 5 minutes de Frutillar avec entrep\u00f4t, cl\u00f4ture p\u00e9rim\u00e9trique et barri\u00e8re, dans un projet consolid\u00e9 avec eau potable, \u00e9nergie, fibre optique.","robots":{"index":"index","follow":"follow","max-snippet":"max-snippet:-1","max-image-preview":"max-image-preview:large","max-video-preview":"max-video-preview:-1"},"canonical":"https:\/\/produncan.cl\/fr\/produit\/terrain-alto-frutillar-region-de-los-lagos\/","og_locale":"fr_FR","og_type":"article","og_title":"\"Parcela Alto Frutillar - R\u00e9gion des Lacs\"","og_description":"Parcelle \u00e0 5 minutes de Frutillar avec entrep\u00f4t, cl\u00f4ture p\u00e9rim\u00e9trique et barri\u00e8re, dans un projet consolid\u00e9 avec eau potable, \u00e9nergie, fibre optique.","og_url":"https:\/\/produncan.cl\/fr\/produit\/terrain-alto-frutillar-region-de-los-lagos\/","og_site_name":"Produncan","article_publisher":"https:\/\/web.facebook.com\/produncanland","article_modified_time":"2025-08-07T20:54:06+00:00","og_image":[{"width":600,"height":450,"url":"https:\/\/produncan.cl\/wp-content\/uploads\/2021\/04\/Parcela-Alto-Frutillar-Vendido.webp","type":"image\/webp"}],"twitter_card":"summary_large_image","twitter_misc":{"Price":"USD68.500,00","Availability":"In stock"},"schema":{"@context":"https:\/\/schema.org","@graph":[{"@type":"WebPage","@id":"https:\/\/produncan.cl\/fr\/produit\/terrain-alto-frutillar-region-de-los-lagos\/","url":"https:\/\/produncan.cl\/fr\/produit\/terrain-alto-frutillar-region-de-los-lagos\/","name":"\"Parcela Alto Frutillar - R\u00e9gion des Lacs\" - Produncan","isPartOf":{"@id":"https:\/\/produncan.cl\/fr\/#website"},"primaryImageOfPage":{"@id":"https:\/\/produncan.cl\/fr\/produit\/terrain-alto-frutillar-region-de-los-lagos\/#primaryimage"},"image":{"@id":"https:\/\/produncan.cl\/fr\/produit\/terrain-alto-frutillar-region-de-los-lagos\/#primaryimage"},"thumbnailUrl":"https:\/\/produncan.cl\/wp-content\/uploads\/2021\/04\/Parcela-Alto-Frutillar-Vendido.webp","datePublished":"2021-04-01T16:40:31+00:00","dateModified":"2025-08-07T20:54:06+00:00","description":"Parcelle \u00e0 5 minutes de Frutillar avec entrep\u00f4t, cl\u00f4ture p\u00e9rim\u00e9trique et barri\u00e8re, dans un projet consolid\u00e9 avec eau potable, \u00e9nergie, fibre optique.","breadcrumb":{"@id":"https:\/\/produncan.cl\/fr\/produit\/terrain-alto-frutillar-region-de-los-lagos\/#breadcrumb"},"inLanguage":"fr-FR","potentialAction":[{"@type":"ReadAction","target":["https:\/\/produncan.cl\/fr\/produit\/terrain-alto-frutillar-region-de-los-lagos\/"]}]},{"@type":"ImageObject","inLanguage":"fr-FR","@id":"https:\/\/produncan.cl\/fr\/produit\/terrain-alto-frutillar-region-de-los-lagos\/#primaryimage","url":"https:\/\/produncan.cl\/wp-content\/uploads\/2021\/04\/Parcela-Alto-Frutillar-Vendido.webp","contentUrl":"https:\/\/produncan.cl\/wp-content\/uploads\/2021\/04\/Parcela-Alto-Frutillar-Vendido.webp","width":600,"height":450},{"@type":"BreadcrumbList","@id":"https:\/\/produncan.cl\/fr\/produit\/terrain-alto-frutillar-region-de-los-lagos\/#breadcrumb","itemListElement":[{"@type":"ListItem","position":1,"name":"Inicio","item":"https:\/\/produncan.cl\/fr\/"},{"@type":"ListItem","position":2,"name":"Propri\u00e9t\u00e9s","item":"https:\/\/produncan.cl\/propiedades\/"},{"@type":"ListItem","position":3,"name":"Parcelles","item":"https:\/\/produncan.cl\/fr\/cat&eacute;gorie\/parcelles\/"},{"@type":"ListItem","position":4,"name":"&#8220;Parcela Alto Frutillar &#8211; R\u00e9gion des Lacs&#8221;"}]},{"@type":"WebSite","@id":"https:\/\/produncan.cl\/fr\/#website","url":"https:\/\/produncan.cl\/fr\/","name":"Produncan","description":"Nous vous accompagnons dans votre projet de vie !","publisher":{"@id":"https:\/\/produncan.cl\/fr\/#organization"},"potentialAction":[{"@type":"SearchAction","target":{"@type":"EntryPoint","urlTemplate":"https:\/\/produncan.cl\/fr\/?s={search_term_string}"},"query-input":{"@type":"PropertyValueSpecification","valueRequired":true,"valueName":"search_term_string"}}],"inLanguage":"fr-FR"},{"@type":"Organization","@id":"https:\/\/produncan.cl\/fr\/#organization","name":"Produncan","url":"https:\/\/produncan.cl\/fr\/","logo":{"@type":"ImageObject","inLanguage":"fr-FR","@id":"https:\/\/produncan.cl\/fr\/#\/schema\/logo\/image\/","url":"https:\/\/produncan.cl\/wp-content\/uploads\/2021\/03\/LOGO.jpeg","contentUrl":"https:\/\/produncan.cl\/wp-content\/uploads\/2021\/03\/LOGO.jpeg","width":1280,"height":903,"caption":"Produncan"},"image":{"@id":"https:\/\/produncan.cl\/fr\/#\/schema\/logo\/image\/"},"sameAs":["https:\/\/web.facebook.com\/produncanland","https:\/\/www.instagram.com\/pro_duncan\/","https:\/\/www.linkedin.com\/company\/produncan-lands\/","https:\/\/www.youtube.com\/channel\/UCu7N-f3x0svkazD-Eew1-QQ"],"description":"En Produncan somos especialistas en la venta de terrenos en el sur de Chile. Proveemos estancias, campos, parcelas y hoteles.","email":"info@produncan.cl"}]},"og_video":"https:\/\/www.youtube.com\/embed\/Mn_RckkSG6Q","og_video_type":"text\/html","og_video_duration":"62","og_video_width":"480","og_video_height":"360","ya_ovs_adult":"false","ya_ovs_upload_date":"2021-04-01T16:40:31+00:00","ya_ovs_allow_embed":"true","product_price_amount":"68500.00","product_price_currency":"USD","og_availability":"instock","product_availability":"instock","product_condition":"new"},"_links":{"self":[{"href":"https:\/\/produncan.cl\/fr\/wp-json\/wp\/v2\/product\/28762","targetHints":{"allow":["GET"]}}],"collection":[{"href":"https:\/\/produncan.cl\/fr\/wp-json\/wp\/v2\/product"}],"about":[{"href":"https:\/\/produncan.cl\/fr\/wp-json\/wp\/v2\/types\/product"}],"version-history":[{"count":0,"href":"https:\/\/produncan.cl\/fr\/wp-json\/wp\/v2\/product\/28762\/revisions"}],"wp:featuredmedia":[{"embeddable":true,"href":"https:\/\/produncan.cl\/fr\/wp-json\/wp\/v2\/media\/29833"}],"wp:attachment":[{"href":"https:\/\/produncan.cl\/fr\/wp-json\/wp\/v2\/media?parent=28762"}],"wp:term":[{"taxonomy":"product_brand","embeddable":true,"href":"https:\/\/produncan.cl\/fr\/wp-json\/wp\/v2\/product_brand?post=28762"},{"taxonomy":"product_cat","embeddable":true,"href":"https:\/\/produncan.cl\/fr\/wp-json\/wp\/v2\/product_cat?post=28762"},{"taxonomy":"product_tag","embeddable":true,"href":"https:\/\/produncan.cl\/fr\/wp-json\/wp\/v2\/product_tag?post=28762"},{"taxonomy":"regiones","embeddable":true,"href":"https:\/\/produncan.cl\/fr\/wp-json\/wp\/v2\/regiones?post=28762"},{"taxonomy":"ciudades","embeddable":true,"href":"https:\/\/produncan.cl\/fr\/wp-json\/wp\/v2\/ciudades?post=28762"}],"curies":[{"name":"wp","href":"https:\/\/api.w.org\/{rel}","templated":true}]}}