{"id":29450,"date":"2024-04-15T16:59:18","date_gmt":"2024-04-15T20:59:18","guid":{"rendered":"https:\/\/produncan.cl\/producto\/campito-las-torres-region-daysen\/"},"modified":"2026-03-11T13:24:53","modified_gmt":"2026-03-11T16:24:53","slug":"campito-las-torres-region-daysen","status":"publish","type":"product","link":"https:\/\/produncan.cl\/fr\/produit\/campito-las-torres-region-daysen\/","title":{"rendered":"Campagne \u00e0 Ays\u00e9n &#8211; Coyhaique et Puerto Ays\u00e9n &#8211; Los Torreones, R\u00e9gion d&#8217;Ays\u00e9n"},"content":{"rendered":"\t\t<div data-elementor-type=\"product-post\" data-elementor-id=\"29450\" class=\"elementor elementor-29450 elementor-28951\" data-elementor-post-type=\"product\">\n\t\t\t\t<div class=\"elementor-element elementor-element-4b0de4e e-flex e-con-boxed e-con e-parent\" data-id=\"4b0de4e\" data-element_type=\"container\" data-e-type=\"container\" data-settings=\"{&quot;jet_parallax_layout_list&quot;:[]}\">\n\t\t\t\t\t<div class=\"e-con-inner\">\n\t\t\t\t<div class=\"elementor-element elementor-element-09740d6 elementor-widget elementor-widget-heading\" data-id=\"09740d6\" data-element_type=\"widget\" data-e-type=\"widget\" data-widget_type=\"heading.default\">\n\t\t\t\t\t<h2 class=\"elementor-heading-title elementor-size-default\">15,11 hectares avec vue panoramique, eau et grand potentiel touristique<\/h2>\t\t\t\t<\/div>\n\t\t\t\t\t<\/div>\n\t\t\t\t<\/div>\n\t\t<div class=\"elementor-element elementor-element-3625a96 e-flex e-con-boxed e-con e-parent\" data-id=\"3625a96\" data-element_type=\"container\" data-e-type=\"container\" data-settings=\"{&quot;jet_parallax_layout_list&quot;:[]}\">\n\t\t\t\t\t<div class=\"e-con-inner\">\n\t\t\t\t<div class=\"elementor-element elementor-element-a65d397 elementor-widget elementor-widget-text-editor\" data-id=\"a65d397\" data-element_type=\"widget\" data-e-type=\"widget\" data-widget_type=\"text-editor.default\">\n\t\t\t\t\t\t\t\t\t<p>Cette ferme d&#8217;Ays\u00e9n, strat\u00e9giquement situ\u00e9e pr\u00e8s de la route entre Coyhaique et Puerto Ays\u00e9n, couvre 15,11 hectares et repr\u00e9sente une opportunit\u00e9 unique pour ceux qui recherchent un terrain avec des vues spectaculaires, un acc\u00e8s facile et la proximit\u00e9 de la ville.<\/p>\n<p>La propri\u00e9t\u00e9 est situ\u00e9e sur un massif rocheux, surmont\u00e9 de vastes prairies et bord\u00e9 d&#8217;arbres indig\u00e8nes.<\/p>\n<p>D&#8217;une valeur de vente de 150 000.000 $, il poss\u00e8de son propre cadastre et est class\u00e9 pour un usage mixte, y compris les activit\u00e9s agricoles et d&#8217;\u00e9levage. Il s&#8217;agit d &#8216; une excellente option pour le tourisme en raison de sa proximit\u00e9 avec l&#8217;autoroute et des impressionnantes rivi\u00e8res Simpson et Caracoles qui traversent la partie inf\u00e9rieure de la r\u00e9gion. et des impressionnantes rivi\u00e8res Simpson et Caracoles qui traversent la partie inf\u00e9rieure, ainsi que sa vue panoramique spectaculaire. <\/p>\n<p>Le terrain est accessible par une servitude enregistr\u00e9e, il est aliment\u00e9 en \u00e9lectricit\u00e9 par une ligne qui passe par un chemin rural situ\u00e9 \u00e0 un kilom\u00e8tre de la propri\u00e9t\u00e9, il y a un signal de t\u00e9l\u00e9communication, et il est aliment\u00e9 en eau par deux sources et un ruisseau.<\/p>\n<p>La propri\u00e9t\u00e9 est expos\u00e9e au nord, avec des prairies dans sa partie sup\u00e9rieure et des falaises dans certains secteurs de son c\u00f4t\u00e9 nord, qui dans sa partie inf\u00e9rieure se jettent dans la grande rivi\u00e8re Simpson, offrant un paysage vari\u00e9 et pittoresque. En outre, on y trouve des arbres indig\u00e8nes tels que des coig\u00fces, des tepas, des maquis, des calafates, entre autres, qui contribuent \u00e0 la biodiversit\u00e9 de l&#8217;endroit. <\/p>\n<p>La faune de la r\u00e9gion comprend des li\u00e8vres, des renards, des condors et d&#8217;autres animaux, cr\u00e9ant ainsi un environnement naturel unique. Bien qu&#8217;il n&#8217;y ait aucune construction sur le terrain, la possibilit\u00e9 de d\u00e9velopper un projet touristique, une canop\u00e9e ou m\u00eame la construction d&#8217;un lodge se pr\u00e9sente comme une option attrayante. <\/p>\n<p>L&#8217;acc\u00e8s se fait par une route publique et le terrain se trouve \u00e0 seulement 1 km de l&#8217;asphalte. Les villes les plus proches sont Puerto Ays\u00e9n et Coyhaique et le camp est situ\u00e9 \u00e0 2 heures de l&#8217;a\u00e9roport. De plus, la pr\u00e9sence de transports publics et de signaux de t\u00e9l\u00e9communications facilite la connectivit\u00e9.  <\/p>\n<p>Le terrain jouxte une autre propri\u00e9t\u00e9 de 17 hectares, \u00e9galement disponible \u00e0 la vente. En acqu\u00e9rant les deux, vous obtenez l &#8216;ensemble du massif, y compris toute la prairie qui le surplombe. De plus, cette propri\u00e9t\u00e9 suppl\u00e9mentaire est bord\u00e9e par la rivi\u00e8re Caracoles, ce qui ajoute un attrait suppl\u00e9mentaire \u00e0 l&#8217;investissement. Les 17 hectares peuvent \u00eatre achet\u00e9s au prix de 10 millions de dollars par hectare.   <\/p>\n<p>La r\u00e9gion environnante est riche en attractions naturelles telles que la Cascada de la Virgen, le Velo de la Novia, le Queque Ingl\u00e9s, les ruisseaux et les montagnes. Le climat temp\u00e9r\u00e9 et pluvieux, caract\u00e9ristique de la r\u00e9gion, se manifeste par des saisons bien marqu\u00e9es tout au long de l&#8217;ann\u00e9e. <\/p>\n<p>Cette campagne offre non seulement des paysages \u00e9poustouflants et diversifi\u00e9s, mais aussi une opportunit\u00e9 pour ceux qui souhaitent investir dans un projet touristique ou simplement profiter de la tranquillit\u00e9 et de l&#8217;intimit\u00e9 que ce magnifique coin d&#8217;Ays\u00e9n a \u00e0 offrir.<\/p>\n<p>Contactez-nous d\u00e8s aujourd&#8217;hui pour savoir comment r\u00e9aliser votre r\u00eave sur ce terrain spectaculaire !<\/p>\n\t\t\t\t\t\t\t\t<\/div>\n\t\t\t\t\t<\/div>\n\t\t\t\t<\/div>\n\t\t\t\t<\/div>\n\t\t","protected":false},"excerpt":{"rendered":"<p>Terrain \u00e0 Ays\u00e9n, entre Coyhaique et Puerto Ays\u00e9n. Massif avec vue imprenable, \u00e0 un kilom\u00e8tre de la route. Prairie, marais, sources et \u00e9lectricit\u00e9 disponible.   Id\u00e9al pour les activit\u00e9s touristiques.<\/p>\n","protected":false},"featured_media":54854,"template":"","meta":{"_acf_changed":false},"product_brand":[],"product_cat":[129],"product_tag":[233,237],"regiones":[225],"ciudades":[209,448],"class_list":{"0":"post-29450","1":"product","2":"type-product","3":"status-publish","4":"has-post-thumbnail","6":"product_cat-aysen-magallanes-fr","7":"product_tag-champs","8":"product_tag-proprietes-touristiques","9":"regiones-aysen-magallanes","10":"ciudades-coyhaique","11":"ciudades-puerto-aysen","13":"first","14":"outofstock","15":"shipping-taxable","16":"product-type-simple"},"acf":[],"yoast_head":"<!-- This site is optimized with the Yoast SEO Premium plugin v26.0 (Yoast SEO v27.3) - https:\/\/yoast.com\/product\/yoast-seo-premium-wordpress\/ -->\n<title>Terrain \u00e0 Ays\u00e9n entre Coyhaique et Puerto Ays\u00e9n - Los Torreones<\/title>\n<meta name=\"description\" content=\"Terrain de 15 hectares situ\u00e9 entre Coyhaique et Puerto Ays\u00e9n, avec une vue imprenable et \u00e0 un kilom\u00e8tre de la route principale.\" \/>\n<meta name=\"robots\" content=\"index, follow, max-snippet:-1, max-image-preview:large, max-video-preview:-1\" \/>\n<link rel=\"canonical\" href=\"https:\/\/produncan.cl\/fr\/produit\/campito-las-torres-region-daysen\/\" \/>\n<meta property=\"og:locale\" content=\"fr_FR\" \/>\n<meta property=\"og:type\" content=\"article\" \/>\n<meta property=\"og:title\" content=\"Campagne \u00e0 Ays\u00e9n - Coyhaique et Puerto Ays\u00e9n - Los Torreones, R\u00e9gion d&#039;Ays\u00e9n\" \/>\n<meta property=\"og:description\" content=\"Terrain de 15 hectares situ\u00e9 entre Coyhaique et Puerto Ays\u00e9n, avec une vue imprenable et \u00e0 un kilom\u00e8tre de la route principale.\" \/>\n<meta property=\"og:url\" content=\"https:\/\/produncan.cl\/fr\/produit\/campito-las-torres-region-daysen\/\" \/>\n<meta property=\"og:site_name\" content=\"Produncan\" \/>\n<meta property=\"article:publisher\" content=\"https:\/\/web.facebook.com\/produncanland\" \/>\n<meta property=\"article:modified_time\" content=\"2026-03-11T16:24:53+00:00\" \/>\n<meta property=\"og:image\" content=\"https:\/\/produncan.cl\/wp-content\/uploads\/2024\/04\/Campo-Los-Torreones-vendido.webp\" \/>\n\t<meta property=\"og:image:width\" content=\"600\" \/>\n\t<meta property=\"og:image:height\" content=\"450\" \/>\n\t<meta property=\"og:image:type\" content=\"image\/webp\" \/>\n<meta name=\"twitter:card\" content=\"summary_large_image\" \/>\n<meta name=\"twitter:label1\" content=\"Price\" \/>\n\t<meta name=\"twitter:data1\" content=\"\" \/>\n\t<meta name=\"twitter:label2\" content=\"Availability\" \/>\n\t<meta name=\"twitter:data2\" content=\"Out of stock\" \/>\n<script type=\"application\/ld+json\" class=\"yoast-schema-graph\">{\"@context\":\"https:\\\/\\\/schema.org\",\"@graph\":[{\"@type\":\"WebPage\",\"@id\":\"https:\\\/\\\/produncan.cl\\\/fr\\\/produit\\\/campito-las-torres-region-daysen\\\/\",\"url\":\"https:\\\/\\\/produncan.cl\\\/fr\\\/produit\\\/campito-las-torres-region-daysen\\\/\",\"name\":\"Terrain \u00e0 Ays\u00e9n entre Coyhaique et Puerto Ays\u00e9n - Los Torreones\",\"isPartOf\":{\"@id\":\"https:\\\/\\\/produncan.cl\\\/fr\\\/#website\"},\"primaryImageOfPage\":{\"@id\":\"https:\\\/\\\/produncan.cl\\\/fr\\\/produit\\\/campito-las-torres-region-daysen\\\/#primaryimage\"},\"image\":{\"@id\":\"https:\\\/\\\/produncan.cl\\\/fr\\\/produit\\\/campito-las-torres-region-daysen\\\/#primaryimage\"},\"thumbnailUrl\":\"https:\\\/\\\/produncan.cl\\\/wp-content\\\/uploads\\\/2024\\\/04\\\/Campo-Los-Torreones-vendido.webp\",\"datePublished\":\"2024-04-15T20:59:18+00:00\",\"dateModified\":\"2026-03-11T16:24:53+00:00\",\"description\":\"Terrain de 15 hectares situ\u00e9 entre Coyhaique et Puerto Ays\u00e9n, avec une vue imprenable et \u00e0 un kilom\u00e8tre de la route principale.\",\"breadcrumb\":{\"@id\":\"https:\\\/\\\/produncan.cl\\\/fr\\\/produit\\\/campito-las-torres-region-daysen\\\/#breadcrumb\"},\"inLanguage\":\"fr-FR\",\"potentialAction\":[{\"@type\":\"ReadAction\",\"target\":[\"https:\\\/\\\/produncan.cl\\\/fr\\\/produit\\\/campito-las-torres-region-daysen\\\/\"]}]},{\"@type\":\"ImageObject\",\"inLanguage\":\"fr-FR\",\"@id\":\"https:\\\/\\\/produncan.cl\\\/fr\\\/produit\\\/campito-las-torres-region-daysen\\\/#primaryimage\",\"url\":\"https:\\\/\\\/produncan.cl\\\/wp-content\\\/uploads\\\/2024\\\/04\\\/Campo-Los-Torreones-vendido.webp\",\"contentUrl\":\"https:\\\/\\\/produncan.cl\\\/wp-content\\\/uploads\\\/2024\\\/04\\\/Campo-Los-Torreones-vendido.webp\",\"width\":600,\"height\":450,\"caption\":\"Campo Los Torreones vendido\"},{\"@type\":\"BreadcrumbList\",\"@id\":\"https:\\\/\\\/produncan.cl\\\/fr\\\/produit\\\/campito-las-torres-region-daysen\\\/#breadcrumb\",\"itemListElement\":[{\"@type\":\"ListItem\",\"position\":1,\"name\":\"Inicio\",\"item\":\"https:\\\/\\\/produncan.cl\\\/fr\\\/\"},{\"@type\":\"ListItem\",\"position\":2,\"name\":\"Propri\u00e9t\u00e9s\",\"item\":\"https:\\\/\\\/produncan.cl\\\/propiedades\\\/\"},{\"@type\":\"ListItem\",\"position\":3,\"name\":\"Champs\",\"item\":\"https:\\\/\\\/produncan.cl\\\/fr\\\/cat&eacute;gorie\\\/champs\\\/\"},{\"@type\":\"ListItem\",\"position\":4,\"name\":\"Campagne \u00e0 Ays\u00e9n &#8211; Coyhaique et Puerto Ays\u00e9n &#8211; Los Torreones, R\u00e9gion d&#8217;Ays\u00e9n\"}]},{\"@type\":\"WebSite\",\"@id\":\"https:\\\/\\\/produncan.cl\\\/fr\\\/#website\",\"url\":\"https:\\\/\\\/produncan.cl\\\/fr\\\/\",\"name\":\"Produncan\",\"description\":\"Nous vous accompagnons dans votre projet de vie !\",\"publisher\":{\"@id\":\"https:\\\/\\\/produncan.cl\\\/fr\\\/#organization\"},\"potentialAction\":[{\"@type\":\"SearchAction\",\"target\":{\"@type\":\"EntryPoint\",\"urlTemplate\":\"https:\\\/\\\/produncan.cl\\\/fr\\\/?s={search_term_string}\"},\"query-input\":{\"@type\":\"PropertyValueSpecification\",\"valueRequired\":true,\"valueName\":\"search_term_string\"}}],\"inLanguage\":\"fr-FR\"},{\"@type\":\"Organization\",\"@id\":\"https:\\\/\\\/produncan.cl\\\/fr\\\/#organization\",\"name\":\"Produncan\",\"url\":\"https:\\\/\\\/produncan.cl\\\/fr\\\/\",\"logo\":{\"@type\":\"ImageObject\",\"inLanguage\":\"fr-FR\",\"@id\":\"https:\\\/\\\/produncan.cl\\\/fr\\\/#\\\/schema\\\/logo\\\/image\\\/\",\"url\":\"https:\\\/\\\/produncan.cl\\\/wp-content\\\/uploads\\\/2021\\\/03\\\/LOGO.jpeg\",\"contentUrl\":\"https:\\\/\\\/produncan.cl\\\/wp-content\\\/uploads\\\/2021\\\/03\\\/LOGO.jpeg\",\"width\":1280,\"height\":903,\"caption\":\"Produncan\"},\"image\":{\"@id\":\"https:\\\/\\\/produncan.cl\\\/fr\\\/#\\\/schema\\\/logo\\\/image\\\/\"},\"sameAs\":[\"https:\\\/\\\/web.facebook.com\\\/produncanland\",\"https:\\\/\\\/www.instagram.com\\\/pro_duncan\\\/\",\"https:\\\/\\\/www.linkedin.com\\\/company\\\/produncan-lands\\\/\",\"https:\\\/\\\/www.youtube.com\\\/channel\\\/UCu7N-f3x0svkazD-Eew1-QQ\"],\"description\":\"En Produncan somos especialistas en la venta de terrenos en el sur de Chile. Proveemos estancias, campos, parcelas y hoteles.\",\"email\":\"info@produncan.cl\"}]}<\/script>\n<meta property=\"og:video\" content=\"https:\/\/www.youtube.com\/embed\/_3UE01D_3NE\" \/>\n<meta property=\"og:video:type\" content=\"text\/html\" \/>\n<meta property=\"og:video:duration\" content=\"84\" \/>\n<meta property=\"og:video:width\" content=\"480\" \/>\n<meta property=\"og:video:height\" content=\"270\" \/>\n<meta property=\"ya:ovs:adult\" content=\"false\" \/>\n<meta property=\"ya:ovs:upload_date\" content=\"2024-04-15T20:59:18+00:00\" \/>\n<meta property=\"ya:ovs:allow_embed\" content=\"true\" \/>\n<meta property=\"product:price:currency\" content=\"USD\" \/>\n<meta property=\"og:availability\" content=\"out of stock\" \/>\n<meta property=\"product:availability\" content=\"out of stock\" \/>\n<meta property=\"product:condition\" content=\"new\" \/>\n<!-- \/ Yoast SEO Premium plugin. -->","yoast_head_json":{"title":"Terrain \u00e0 Ays\u00e9n entre Coyhaique et Puerto Ays\u00e9n - Los Torreones","description":"Terrain de 15 hectares situ\u00e9 entre Coyhaique et Puerto Ays\u00e9n, avec une vue imprenable et \u00e0 un kilom\u00e8tre de la route principale.","robots":{"index":"index","follow":"follow","max-snippet":"max-snippet:-1","max-image-preview":"max-image-preview:large","max-video-preview":"max-video-preview:-1"},"canonical":"https:\/\/produncan.cl\/fr\/produit\/campito-las-torres-region-daysen\/","og_locale":"fr_FR","og_type":"article","og_title":"Campagne \u00e0 Ays\u00e9n - Coyhaique et Puerto Ays\u00e9n - Los Torreones, R\u00e9gion d'Ays\u00e9n","og_description":"Terrain de 15 hectares situ\u00e9 entre Coyhaique et Puerto Ays\u00e9n, avec une vue imprenable et \u00e0 un kilom\u00e8tre de la route principale.","og_url":"https:\/\/produncan.cl\/fr\/produit\/campito-las-torres-region-daysen\/","og_site_name":"Produncan","article_publisher":"https:\/\/web.facebook.com\/produncanland","article_modified_time":"2026-03-11T16:24:53+00:00","og_image":[{"width":600,"height":450,"url":"https:\/\/produncan.cl\/wp-content\/uploads\/2024\/04\/Campo-Los-Torreones-vendido.webp","type":"image\/webp"}],"twitter_card":"summary_large_image","twitter_misc":{"Price":"","Availability":"Out of stock"},"schema":{"@context":"https:\/\/schema.org","@graph":[{"@type":"WebPage","@id":"https:\/\/produncan.cl\/fr\/produit\/campito-las-torres-region-daysen\/","url":"https:\/\/produncan.cl\/fr\/produit\/campito-las-torres-region-daysen\/","name":"Terrain \u00e0 Ays\u00e9n entre Coyhaique et Puerto Ays\u00e9n - Los Torreones","isPartOf":{"@id":"https:\/\/produncan.cl\/fr\/#website"},"primaryImageOfPage":{"@id":"https:\/\/produncan.cl\/fr\/produit\/campito-las-torres-region-daysen\/#primaryimage"},"image":{"@id":"https:\/\/produncan.cl\/fr\/produit\/campito-las-torres-region-daysen\/#primaryimage"},"thumbnailUrl":"https:\/\/produncan.cl\/wp-content\/uploads\/2024\/04\/Campo-Los-Torreones-vendido.webp","datePublished":"2024-04-15T20:59:18+00:00","dateModified":"2026-03-11T16:24:53+00:00","description":"Terrain de 15 hectares situ\u00e9 entre Coyhaique et Puerto Ays\u00e9n, avec une vue imprenable et \u00e0 un kilom\u00e8tre de la route principale.","breadcrumb":{"@id":"https:\/\/produncan.cl\/fr\/produit\/campito-las-torres-region-daysen\/#breadcrumb"},"inLanguage":"fr-FR","potentialAction":[{"@type":"ReadAction","target":["https:\/\/produncan.cl\/fr\/produit\/campito-las-torres-region-daysen\/"]}]},{"@type":"ImageObject","inLanguage":"fr-FR","@id":"https:\/\/produncan.cl\/fr\/produit\/campito-las-torres-region-daysen\/#primaryimage","url":"https:\/\/produncan.cl\/wp-content\/uploads\/2024\/04\/Campo-Los-Torreones-vendido.webp","contentUrl":"https:\/\/produncan.cl\/wp-content\/uploads\/2024\/04\/Campo-Los-Torreones-vendido.webp","width":600,"height":450,"caption":"Campo Los Torreones vendido"},{"@type":"BreadcrumbList","@id":"https:\/\/produncan.cl\/fr\/produit\/campito-las-torres-region-daysen\/#breadcrumb","itemListElement":[{"@type":"ListItem","position":1,"name":"Inicio","item":"https:\/\/produncan.cl\/fr\/"},{"@type":"ListItem","position":2,"name":"Propri\u00e9t\u00e9s","item":"https:\/\/produncan.cl\/propiedades\/"},{"@type":"ListItem","position":3,"name":"Champs","item":"https:\/\/produncan.cl\/fr\/cat&eacute;gorie\/champs\/"},{"@type":"ListItem","position":4,"name":"Campagne \u00e0 Ays\u00e9n &#8211; Coyhaique et Puerto Ays\u00e9n &#8211; Los Torreones, R\u00e9gion d&#8217;Ays\u00e9n"}]},{"@type":"WebSite","@id":"https:\/\/produncan.cl\/fr\/#website","url":"https:\/\/produncan.cl\/fr\/","name":"Produncan","description":"Nous vous accompagnons dans votre projet de vie !","publisher":{"@id":"https:\/\/produncan.cl\/fr\/#organization"},"potentialAction":[{"@type":"SearchAction","target":{"@type":"EntryPoint","urlTemplate":"https:\/\/produncan.cl\/fr\/?s={search_term_string}"},"query-input":{"@type":"PropertyValueSpecification","valueRequired":true,"valueName":"search_term_string"}}],"inLanguage":"fr-FR"},{"@type":"Organization","@id":"https:\/\/produncan.cl\/fr\/#organization","name":"Produncan","url":"https:\/\/produncan.cl\/fr\/","logo":{"@type":"ImageObject","inLanguage":"fr-FR","@id":"https:\/\/produncan.cl\/fr\/#\/schema\/logo\/image\/","url":"https:\/\/produncan.cl\/wp-content\/uploads\/2021\/03\/LOGO.jpeg","contentUrl":"https:\/\/produncan.cl\/wp-content\/uploads\/2021\/03\/LOGO.jpeg","width":1280,"height":903,"caption":"Produncan"},"image":{"@id":"https:\/\/produncan.cl\/fr\/#\/schema\/logo\/image\/"},"sameAs":["https:\/\/web.facebook.com\/produncanland","https:\/\/www.instagram.com\/pro_duncan\/","https:\/\/www.linkedin.com\/company\/produncan-lands\/","https:\/\/www.youtube.com\/channel\/UCu7N-f3x0svkazD-Eew1-QQ"],"description":"En Produncan somos especialistas en la venta de terrenos en el sur de Chile. Proveemos estancias, campos, parcelas y hoteles.","email":"info@produncan.cl"}]},"og_video":"https:\/\/www.youtube.com\/embed\/_3UE01D_3NE","og_video_type":"text\/html","og_video_duration":"84","og_video_width":"480","og_video_height":"270","ya_ovs_adult":"false","ya_ovs_upload_date":"2024-04-15T20:59:18+00:00","ya_ovs_allow_embed":"true","product_price_currency":"USD","og_availability":"out of stock","product_availability":"out of stock","product_condition":"new"},"_links":{"self":[{"href":"https:\/\/produncan.cl\/fr\/wp-json\/wp\/v2\/product\/29450","targetHints":{"allow":["GET"]}}],"collection":[{"href":"https:\/\/produncan.cl\/fr\/wp-json\/wp\/v2\/product"}],"about":[{"href":"https:\/\/produncan.cl\/fr\/wp-json\/wp\/v2\/types\/product"}],"version-history":[{"count":2,"href":"https:\/\/produncan.cl\/fr\/wp-json\/wp\/v2\/product\/29450\/revisions"}],"predecessor-version":[{"id":54859,"href":"https:\/\/produncan.cl\/fr\/wp-json\/wp\/v2\/product\/29450\/revisions\/54859"}],"wp:featuredmedia":[{"embeddable":true,"href":"https:\/\/produncan.cl\/fr\/wp-json\/wp\/v2\/media\/54854"}],"wp:attachment":[{"href":"https:\/\/produncan.cl\/fr\/wp-json\/wp\/v2\/media?parent=29450"}],"wp:term":[{"taxonomy":"product_brand","embeddable":true,"href":"https:\/\/produncan.cl\/fr\/wp-json\/wp\/v2\/product_brand?post=29450"},{"taxonomy":"product_cat","embeddable":true,"href":"https:\/\/produncan.cl\/fr\/wp-json\/wp\/v2\/product_cat?post=29450"},{"taxonomy":"product_tag","embeddable":true,"href":"https:\/\/produncan.cl\/fr\/wp-json\/wp\/v2\/product_tag?post=29450"},{"taxonomy":"regiones","embeddable":true,"href":"https:\/\/produncan.cl\/fr\/wp-json\/wp\/v2\/regiones?post=29450"},{"taxonomy":"ciudades","embeddable":true,"href":"https:\/\/produncan.cl\/fr\/wp-json\/wp\/v2\/ciudades?post=29450"}],"curies":[{"name":"wp","href":"https:\/\/api.w.org\/{rel}","templated":true}]}}