{"id":29452,"date":"2021-05-15T18:35:20","date_gmt":"2021-05-15T22:35:20","guid":{"rendered":"https:\/\/produncan.cl\/producto\/maison-alto-frutillar-region-de-los-lagos\/"},"modified":"2025-06-29T01:13:19","modified_gmt":"2025-06-29T05:13:19","slug":"maison-alto-frutillar-region-de-los-lagos","status":"publish","type":"product","link":"https:\/\/produncan.cl\/fr\/produit\/maison-alto-frutillar-region-de-los-lagos\/","title":{"rendered":"Maison Alto Frutillar &#8211; R\u00e9gion de Los Lagos"},"content":{"rendered":"\t\t<div data-elementor-type=\"product-post\" data-elementor-id=\"29452\" class=\"elementor elementor-29452 elementor-29080\" data-elementor-post-type=\"product\">\n\t\t\t\t<div class=\"elementor-element elementor-element-d9e14ce e-flex e-con-boxed e-con e-parent\" data-id=\"d9e14ce\" data-element_type=\"container\" data-e-type=\"container\" data-settings=\"{&quot;jet_parallax_layout_list&quot;:[]}\">\n\t\t\t\t\t<div class=\"e-con-inner\">\n\t\t\t\t<div class=\"elementor-element elementor-element-e32ffbc elementor-widget elementor-widget-heading\" data-id=\"e32ffbc\" data-element_type=\"widget\" data-e-type=\"widget\" data-widget_type=\"heading.default\">\n\t\t\t\t\t<h2 class=\"elementor-heading-title elementor-size-default\">Opportunit\u00e9 spectaculaire d'un terrain avec maison \u00e0 Frutillar <\/h2>\t\t\t\t<\/div>\n\t\t\t\t\t<\/div>\n\t\t\t\t<\/div>\n\t\t<div class=\"elementor-element elementor-element-0cac74c e-flex e-con-boxed e-con e-parent\" data-id=\"0cac74c\" data-element_type=\"container\" data-e-type=\"container\" data-settings=\"{&quot;jet_parallax_layout_list&quot;:[]}\">\n\t\t\t\t\t<div class=\"e-con-inner\">\n\t\t\t\t<div class=\"elementor-element elementor-element-438c774 elementor-widget elementor-widget-text-editor\" data-id=\"438c774\" data-element_type=\"widget\" data-e-type=\"widget\" data-widget_type=\"text-editor.default\">\n\t\t\t\t\t\t\t\t\t<p>Ne manquez pas cette incroyable opportunit\u00e9 \u00e0 Frutillar ! D\u00e9couvrez ce spectaculaire terrain avec maison \u00e0 vendre pour 215.000.000 $, avec un acc\u00e8s rapide \u00e0 la Ruta 5 Sur, \u00e0 seulement 5 minutes du front de mer de Frutillar et \u00e0 40 minutes de l&#8217;a\u00e9roport de Puerto Montt. <\/p><p>La propri\u00e9t\u00e9 couvre une superficie totale de 5000m\u00b2 et est situ\u00e9e dans un projet consolid\u00e9, avec un design esth\u00e9tique exceptionnel et de magnifiques espaces communs. Elle dispose d&#8217;un r\u00e9seau \u00e9lectrique souterrain, de l&#8217;eau courante et de toutes les commodit\u00e9s n\u00e9cessaires. <\/p><p>La maison, construite en 2023, a une surface habitable de 164m\u00b2 et offre 4 chambres, 2 salles de bains, 2 terrasses et 1 loggia. La cuisine ouverte sur le salon\/salle \u00e0 manger offre une atmosph\u00e8re chaleureuse, tandis que la chambre principale dispose d&#8217;une salle de bains privative et d&#8217;un dressing. <\/p><p>Les caract\u00e9ristiques comprennent le chauffage central au mazout, le syst\u00e8me d&#8217;eau chaude avec chauffe-eau Junkers, des sols en porcelaine dans les salles de bains et des sols flottants dans les chambres et le salon, des fen\u00eatres \u00e0 panneaux thermiques et une construction de style m\u00e9diterran\u00e9en avec des murs de s\u00e9paration et une isolation en bardage m\u00e9tallique.<\/p><p>De plus, la propri\u00e9t\u00e9 comprend une cave de 8&#215;4 m\u00e8tres avec salle de bain. Le terrain est principalement compos\u00e9 de prairies, il est plat et b\u00e9n\u00e9ficie d&#8217;un excellent ensoleillement tout au long de la journ\u00e9e. La cl\u00f4ture est compl\u00e8te, avec un beau portail \u00e0 l&#8217;avant, et l&#8217;acc\u00e8s au projet est s\u00e9curis\u00e9 par un portail \u00e9lectrique et un second portail \u00e9lectrique pour le micro-quartier, offrant ainsi une grande s\u00e9curit\u00e9 \u00e0 ses r\u00e9sidents.  <\/p><p>La maison dispose d&#8217;un permis de construire, ce qui permet de l&#8217;acqu\u00e9rir par le biais d&#8217;un cr\u00e9dit hypoth\u00e9caire. Dans le projet, en plus de son design attrayant, les r\u00e9sidents b\u00e9n\u00e9ficient d&#8217;un spectaculaire espace barbecue, de bureaux de coop\u00e9ratives, d&#8217;une d\u00e9charge, d&#8217;aires de jeux pour les enfants et toutes les routes int\u00e9rieures sont asphalt\u00e9es ; <\/p><p>\u00c0 proximit\u00e9, vous trouverez des transports publics qui vous emm\u00e8neront \u00e0 Puerto Varas en seulement 20 minutes et vous relieront rapidement \u00e0 Osorno. Vous trouverez \u00e9galement des attractions telles que le Teatro del Lago, des mus\u00e9es, des parcs nationaux, des h\u00f4pitaux, des supermarch\u00e9s et des banques, ce qui vous assurera une vie confortable et pratique. <\/p><p>Profitez de cette occasion unique d&#8217;acqu\u00e9rir cette magnifique propri\u00e9t\u00e9 soutenue par Produncan !<\/p>\t\t\t\t\t\t\t\t<\/div>\n\t\t\t\t\t<\/div>\n\t\t\t\t<\/div>\n\t\t\t\t<\/div>\n\t\t","protected":false},"excerpt":{"rendered":"<p>Terrain \u00e0 Frutillar avec maison de 164m\u00b2 dans un projet consolid\u00e9 avec acc\u00e8s rapide \u00e0 la route 5 sud. Il dispose d&#8217;un r\u00e9seau \u00e9lectrique souterrain, d&#8217;eau potable, d&#8217;un syst\u00e8me de s\u00e9curit\u00e9 et d&#8217;espaces communs spectaculaires.<\/p>\n","protected":false},"featured_media":38479,"template":"","meta":{"_acf_changed":false},"product_brand":[],"product_cat":[113],"product_tag":[236],"regiones":[226],"ciudades":[228],"class_list":{"0":"post-29452","1":"product","2":"type-product","3":"status-publish","4":"has-post-thumbnail","6":"product_cat-ohiggins-los-lagos-fr","7":"product_tag-parcelles","8":"regiones-nuble-los_lagos","9":"ciudades-frutillar","11":"first","12":"outofstock","13":"sold-individually","14":"shipping-taxable","15":"product-type-simple"},"acf":[],"yoast_head":"<!-- This site is optimized with the Yoast SEO Premium plugin v26.0 (Yoast SEO v27.3) - https:\/\/yoast.com\/product\/yoast-seo-premium-wordpress\/ -->\n<title>Terrain avec Maison \u00e0 Frutillar -% Maison Alto Frutillar - Produncan<\/title>\n<meta name=\"description\" content=\"Terrain \u00e0 Frutillar avec maison de 164m\u00b2 dans un projet consolid\u00e9 avec acc\u00e8s rapide \u00e0 la route 5 sud. Il dispose d&#039;un r\u00e9seau \u00e9lectrique souterrain, d&#039;eau potable et d&#039;espaces communs.\" \/>\n<meta name=\"robots\" content=\"index, follow, max-snippet:-1, max-image-preview:large, max-video-preview:-1\" \/>\n<link rel=\"canonical\" href=\"https:\/\/produncan.cl\/fr\/produit\/maison-alto-frutillar-region-de-los-lagos\/\" \/>\n<meta property=\"og:locale\" content=\"fr_FR\" \/>\n<meta property=\"og:type\" content=\"article\" \/>\n<meta property=\"og:title\" content=\"Maison Alto Frutillar - R\u00e9gion de Los Lagos\" \/>\n<meta property=\"og:description\" content=\"Terrain \u00e0 Frutillar avec maison de 164m\u00b2 dans un projet consolid\u00e9 avec acc\u00e8s rapide \u00e0 la route 5 sud. Il dispose d&#039;un r\u00e9seau \u00e9lectrique souterrain, d&#039;eau potable et d&#039;espaces communs.\" \/>\n<meta property=\"og:url\" content=\"https:\/\/produncan.cl\/fr\/produit\/maison-alto-frutillar-region-de-los-lagos\/\" \/>\n<meta property=\"og:site_name\" content=\"Produncan\" \/>\n<meta property=\"article:publisher\" content=\"https:\/\/web.facebook.com\/produncanland\" \/>\n<meta property=\"article:modified_time\" content=\"2025-06-29T05:13:19+00:00\" \/>\n<meta property=\"og:image\" content=\"https:\/\/produncan.cl\/wp-content\/uploads\/2024\/05\/Plantilla-proyecto-vendido.webp\" \/>\n\t<meta property=\"og:image:width\" content=\"800\" \/>\n\t<meta property=\"og:image:height\" content=\"600\" \/>\n\t<meta property=\"og:image:type\" content=\"image\/webp\" \/>\n<meta name=\"twitter:card\" content=\"summary_large_image\" \/>\n<meta name=\"twitter:label1\" content=\"Price\" \/>\n\t<meta name=\"twitter:data1\" content=\"\" \/>\n\t<meta name=\"twitter:label2\" content=\"Availability\" \/>\n\t<meta name=\"twitter:data2\" content=\"Out of stock\" \/>\n<script type=\"application\/ld+json\" class=\"yoast-schema-graph\">{\"@context\":\"https:\\\/\\\/schema.org\",\"@graph\":[{\"@type\":\"WebPage\",\"@id\":\"https:\\\/\\\/produncan.cl\\\/fr\\\/produit\\\/maison-alto-frutillar-region-de-los-lagos\\\/\",\"url\":\"https:\\\/\\\/produncan.cl\\\/fr\\\/produit\\\/maison-alto-frutillar-region-de-los-lagos\\\/\",\"name\":\"Terrain avec Maison \u00e0 Frutillar -% Maison Alto Frutillar - Produncan\",\"isPartOf\":{\"@id\":\"https:\\\/\\\/produncan.cl\\\/fr\\\/#website\"},\"primaryImageOfPage\":{\"@id\":\"https:\\\/\\\/produncan.cl\\\/fr\\\/produit\\\/maison-alto-frutillar-region-de-los-lagos\\\/#primaryimage\"},\"image\":{\"@id\":\"https:\\\/\\\/produncan.cl\\\/fr\\\/produit\\\/maison-alto-frutillar-region-de-los-lagos\\\/#primaryimage\"},\"thumbnailUrl\":\"https:\\\/\\\/produncan.cl\\\/wp-content\\\/uploads\\\/2024\\\/05\\\/Plantilla-proyecto-vendido.webp\",\"datePublished\":\"2021-05-15T22:35:20+00:00\",\"dateModified\":\"2025-06-29T05:13:19+00:00\",\"description\":\"Terrain \u00e0 Frutillar avec maison de 164m\u00b2 dans un projet consolid\u00e9 avec acc\u00e8s rapide \u00e0 la route 5 sud. Il dispose d'un r\u00e9seau \u00e9lectrique souterrain, d'eau potable et d'espaces communs.\",\"breadcrumb\":{\"@id\":\"https:\\\/\\\/produncan.cl\\\/fr\\\/produit\\\/maison-alto-frutillar-region-de-los-lagos\\\/#breadcrumb\"},\"inLanguage\":\"fr-FR\",\"potentialAction\":[{\"@type\":\"ReadAction\",\"target\":[\"https:\\\/\\\/produncan.cl\\\/fr\\\/produit\\\/maison-alto-frutillar-region-de-los-lagos\\\/\"]}]},{\"@type\":\"ImageObject\",\"inLanguage\":\"fr-FR\",\"@id\":\"https:\\\/\\\/produncan.cl\\\/fr\\\/produit\\\/maison-alto-frutillar-region-de-los-lagos\\\/#primaryimage\",\"url\":\"https:\\\/\\\/produncan.cl\\\/wp-content\\\/uploads\\\/2024\\\/05\\\/Plantilla-proyecto-vendido.webp\",\"contentUrl\":\"https:\\\/\\\/produncan.cl\\\/wp-content\\\/uploads\\\/2024\\\/05\\\/Plantilla-proyecto-vendido.webp\",\"width\":800,\"height\":600},{\"@type\":\"BreadcrumbList\",\"@id\":\"https:\\\/\\\/produncan.cl\\\/fr\\\/produit\\\/maison-alto-frutillar-region-de-los-lagos\\\/#breadcrumb\",\"itemListElement\":[{\"@type\":\"ListItem\",\"position\":1,\"name\":\"Inicio\",\"item\":\"https:\\\/\\\/produncan.cl\\\/fr\\\/\"},{\"@type\":\"ListItem\",\"position\":2,\"name\":\"Propri\u00e9t\u00e9s\",\"item\":\"https:\\\/\\\/produncan.cl\\\/propiedades\\\/\"},{\"@type\":\"ListItem\",\"position\":3,\"name\":\"Parcelles\",\"item\":\"https:\\\/\\\/produncan.cl\\\/fr\\\/cat&eacute;gorie\\\/parcelles\\\/\"},{\"@type\":\"ListItem\",\"position\":4,\"name\":\"Maison Alto Frutillar &#8211; R\u00e9gion de Los Lagos\"}]},{\"@type\":\"WebSite\",\"@id\":\"https:\\\/\\\/produncan.cl\\\/fr\\\/#website\",\"url\":\"https:\\\/\\\/produncan.cl\\\/fr\\\/\",\"name\":\"Produncan\",\"description\":\"Nous vous accompagnons dans votre projet de vie !\",\"publisher\":{\"@id\":\"https:\\\/\\\/produncan.cl\\\/fr\\\/#organization\"},\"potentialAction\":[{\"@type\":\"SearchAction\",\"target\":{\"@type\":\"EntryPoint\",\"urlTemplate\":\"https:\\\/\\\/produncan.cl\\\/fr\\\/?s={search_term_string}\"},\"query-input\":{\"@type\":\"PropertyValueSpecification\",\"valueRequired\":true,\"valueName\":\"search_term_string\"}}],\"inLanguage\":\"fr-FR\"},{\"@type\":\"Organization\",\"@id\":\"https:\\\/\\\/produncan.cl\\\/fr\\\/#organization\",\"name\":\"Produncan\",\"url\":\"https:\\\/\\\/produncan.cl\\\/fr\\\/\",\"logo\":{\"@type\":\"ImageObject\",\"inLanguage\":\"fr-FR\",\"@id\":\"https:\\\/\\\/produncan.cl\\\/fr\\\/#\\\/schema\\\/logo\\\/image\\\/\",\"url\":\"https:\\\/\\\/produncan.cl\\\/wp-content\\\/uploads\\\/2021\\\/03\\\/LOGO.jpeg\",\"contentUrl\":\"https:\\\/\\\/produncan.cl\\\/wp-content\\\/uploads\\\/2021\\\/03\\\/LOGO.jpeg\",\"width\":1280,\"height\":903,\"caption\":\"Produncan\"},\"image\":{\"@id\":\"https:\\\/\\\/produncan.cl\\\/fr\\\/#\\\/schema\\\/logo\\\/image\\\/\"},\"sameAs\":[\"https:\\\/\\\/web.facebook.com\\\/produncanland\",\"https:\\\/\\\/www.instagram.com\\\/pro_duncan\\\/\",\"https:\\\/\\\/www.linkedin.com\\\/company\\\/produncan-lands\\\/\",\"https:\\\/\\\/www.youtube.com\\\/channel\\\/UCu7N-f3x0svkazD-Eew1-QQ\"],\"description\":\"En Produncan somos especialistas en la venta de terrenos en el sur de Chile. Proveemos estancias, campos, parcelas y hoteles.\",\"email\":\"info@produncan.cl\"}]}<\/script>\n<meta property=\"og:video\" content=\"https:\/\/www.youtube.com\/embed\/N3wnBPddb8U\" \/>\n<meta property=\"og:video:type\" content=\"text\/html\" \/>\n<meta property=\"og:video:duration\" content=\"85\" \/>\n<meta property=\"og:video:width\" content=\"480\" \/>\n<meta property=\"og:video:height\" content=\"360\" \/>\n<meta property=\"ya:ovs:adult\" content=\"false\" \/>\n<meta property=\"ya:ovs:upload_date\" content=\"2021-05-15T22:35:20+00:00\" \/>\n<meta property=\"ya:ovs:allow_embed\" content=\"true\" \/>\n<meta property=\"product:price:currency\" content=\"USD\" \/>\n<meta property=\"og:availability\" content=\"out of stock\" \/>\n<meta property=\"product:availability\" content=\"out of stock\" \/>\n<meta property=\"product:condition\" content=\"new\" \/>\n<!-- \/ Yoast SEO Premium plugin. -->","yoast_head_json":{"title":"Terrain avec Maison \u00e0 Frutillar -% Maison Alto Frutillar - Produncan","description":"Terrain \u00e0 Frutillar avec maison de 164m\u00b2 dans un projet consolid\u00e9 avec acc\u00e8s rapide \u00e0 la route 5 sud. Il dispose d'un r\u00e9seau \u00e9lectrique souterrain, d'eau potable et d'espaces communs.","robots":{"index":"index","follow":"follow","max-snippet":"max-snippet:-1","max-image-preview":"max-image-preview:large","max-video-preview":"max-video-preview:-1"},"canonical":"https:\/\/produncan.cl\/fr\/produit\/maison-alto-frutillar-region-de-los-lagos\/","og_locale":"fr_FR","og_type":"article","og_title":"Maison Alto Frutillar - R\u00e9gion de Los Lagos","og_description":"Terrain \u00e0 Frutillar avec maison de 164m\u00b2 dans un projet consolid\u00e9 avec acc\u00e8s rapide \u00e0 la route 5 sud. Il dispose d'un r\u00e9seau \u00e9lectrique souterrain, d'eau potable et d'espaces communs.","og_url":"https:\/\/produncan.cl\/fr\/produit\/maison-alto-frutillar-region-de-los-lagos\/","og_site_name":"Produncan","article_publisher":"https:\/\/web.facebook.com\/produncanland","article_modified_time":"2025-06-29T05:13:19+00:00","og_image":[{"width":800,"height":600,"url":"https:\/\/produncan.cl\/wp-content\/uploads\/2024\/05\/Plantilla-proyecto-vendido.webp","type":"image\/webp"}],"twitter_card":"summary_large_image","twitter_misc":{"Price":"","Availability":"Out of stock"},"schema":{"@context":"https:\/\/schema.org","@graph":[{"@type":"WebPage","@id":"https:\/\/produncan.cl\/fr\/produit\/maison-alto-frutillar-region-de-los-lagos\/","url":"https:\/\/produncan.cl\/fr\/produit\/maison-alto-frutillar-region-de-los-lagos\/","name":"Terrain avec Maison \u00e0 Frutillar -% Maison Alto Frutillar - Produncan","isPartOf":{"@id":"https:\/\/produncan.cl\/fr\/#website"},"primaryImageOfPage":{"@id":"https:\/\/produncan.cl\/fr\/produit\/maison-alto-frutillar-region-de-los-lagos\/#primaryimage"},"image":{"@id":"https:\/\/produncan.cl\/fr\/produit\/maison-alto-frutillar-region-de-los-lagos\/#primaryimage"},"thumbnailUrl":"https:\/\/produncan.cl\/wp-content\/uploads\/2024\/05\/Plantilla-proyecto-vendido.webp","datePublished":"2021-05-15T22:35:20+00:00","dateModified":"2025-06-29T05:13:19+00:00","description":"Terrain \u00e0 Frutillar avec maison de 164m\u00b2 dans un projet consolid\u00e9 avec acc\u00e8s rapide \u00e0 la route 5 sud. Il dispose d'un r\u00e9seau \u00e9lectrique souterrain, d'eau potable et d'espaces communs.","breadcrumb":{"@id":"https:\/\/produncan.cl\/fr\/produit\/maison-alto-frutillar-region-de-los-lagos\/#breadcrumb"},"inLanguage":"fr-FR","potentialAction":[{"@type":"ReadAction","target":["https:\/\/produncan.cl\/fr\/produit\/maison-alto-frutillar-region-de-los-lagos\/"]}]},{"@type":"ImageObject","inLanguage":"fr-FR","@id":"https:\/\/produncan.cl\/fr\/produit\/maison-alto-frutillar-region-de-los-lagos\/#primaryimage","url":"https:\/\/produncan.cl\/wp-content\/uploads\/2024\/05\/Plantilla-proyecto-vendido.webp","contentUrl":"https:\/\/produncan.cl\/wp-content\/uploads\/2024\/05\/Plantilla-proyecto-vendido.webp","width":800,"height":600},{"@type":"BreadcrumbList","@id":"https:\/\/produncan.cl\/fr\/produit\/maison-alto-frutillar-region-de-los-lagos\/#breadcrumb","itemListElement":[{"@type":"ListItem","position":1,"name":"Inicio","item":"https:\/\/produncan.cl\/fr\/"},{"@type":"ListItem","position":2,"name":"Propri\u00e9t\u00e9s","item":"https:\/\/produncan.cl\/propiedades\/"},{"@type":"ListItem","position":3,"name":"Parcelles","item":"https:\/\/produncan.cl\/fr\/cat&eacute;gorie\/parcelles\/"},{"@type":"ListItem","position":4,"name":"Maison Alto Frutillar &#8211; R\u00e9gion de Los Lagos"}]},{"@type":"WebSite","@id":"https:\/\/produncan.cl\/fr\/#website","url":"https:\/\/produncan.cl\/fr\/","name":"Produncan","description":"Nous vous accompagnons dans votre projet de vie !","publisher":{"@id":"https:\/\/produncan.cl\/fr\/#organization"},"potentialAction":[{"@type":"SearchAction","target":{"@type":"EntryPoint","urlTemplate":"https:\/\/produncan.cl\/fr\/?s={search_term_string}"},"query-input":{"@type":"PropertyValueSpecification","valueRequired":true,"valueName":"search_term_string"}}],"inLanguage":"fr-FR"},{"@type":"Organization","@id":"https:\/\/produncan.cl\/fr\/#organization","name":"Produncan","url":"https:\/\/produncan.cl\/fr\/","logo":{"@type":"ImageObject","inLanguage":"fr-FR","@id":"https:\/\/produncan.cl\/fr\/#\/schema\/logo\/image\/","url":"https:\/\/produncan.cl\/wp-content\/uploads\/2021\/03\/LOGO.jpeg","contentUrl":"https:\/\/produncan.cl\/wp-content\/uploads\/2021\/03\/LOGO.jpeg","width":1280,"height":903,"caption":"Produncan"},"image":{"@id":"https:\/\/produncan.cl\/fr\/#\/schema\/logo\/image\/"},"sameAs":["https:\/\/web.facebook.com\/produncanland","https:\/\/www.instagram.com\/pro_duncan\/","https:\/\/www.linkedin.com\/company\/produncan-lands\/","https:\/\/www.youtube.com\/channel\/UCu7N-f3x0svkazD-Eew1-QQ"],"description":"En Produncan somos especialistas en la venta de terrenos en el sur de Chile. Proveemos estancias, campos, parcelas y hoteles.","email":"info@produncan.cl"}]},"og_video":"https:\/\/www.youtube.com\/embed\/N3wnBPddb8U","og_video_type":"text\/html","og_video_duration":"85","og_video_width":"480","og_video_height":"360","ya_ovs_adult":"false","ya_ovs_upload_date":"2021-05-15T22:35:20+00:00","ya_ovs_allow_embed":"true","product_price_currency":"USD","og_availability":"out of stock","product_availability":"out of stock","product_condition":"new"},"_links":{"self":[{"href":"https:\/\/produncan.cl\/fr\/wp-json\/wp\/v2\/product\/29452","targetHints":{"allow":["GET"]}}],"collection":[{"href":"https:\/\/produncan.cl\/fr\/wp-json\/wp\/v2\/product"}],"about":[{"href":"https:\/\/produncan.cl\/fr\/wp-json\/wp\/v2\/types\/product"}],"version-history":[{"count":0,"href":"https:\/\/produncan.cl\/fr\/wp-json\/wp\/v2\/product\/29452\/revisions"}],"wp:featuredmedia":[{"embeddable":true,"href":"https:\/\/produncan.cl\/fr\/wp-json\/wp\/v2\/media\/38479"}],"wp:attachment":[{"href":"https:\/\/produncan.cl\/fr\/wp-json\/wp\/v2\/media?parent=29452"}],"wp:term":[{"taxonomy":"product_brand","embeddable":true,"href":"https:\/\/produncan.cl\/fr\/wp-json\/wp\/v2\/product_brand?post=29452"},{"taxonomy":"product_cat","embeddable":true,"href":"https:\/\/produncan.cl\/fr\/wp-json\/wp\/v2\/product_cat?post=29452"},{"taxonomy":"product_tag","embeddable":true,"href":"https:\/\/produncan.cl\/fr\/wp-json\/wp\/v2\/product_tag?post=29452"},{"taxonomy":"regiones","embeddable":true,"href":"https:\/\/produncan.cl\/fr\/wp-json\/wp\/v2\/regiones?post=29452"},{"taxonomy":"ciudades","embeddable":true,"href":"https:\/\/produncan.cl\/fr\/wp-json\/wp\/v2\/ciudades?post=29452"}],"curies":[{"name":"wp","href":"https:\/\/api.w.org\/{rel}","templated":true}]}}