{"id":29454,"date":"2021-02-25T11:31:40","date_gmt":"2021-02-25T14:31:40","guid":{"rendered":"https:\/\/produncan.cl\/producto\/parcelle-rincon-anima-los-muermos-region-des-lacs\/"},"modified":"2025-07-02T12:40:43","modified_gmt":"2025-07-02T16:40:43","slug":"parcelle-rincon-anima-los-muermos-region-des-lacs","status":"publish","type":"product","link":"https:\/\/produncan.cl\/fr\/produit\/parcelle-rincon-anima-los-muermos-region-des-lacs\/","title":{"rendered":"Parcelle Rinc\u00f3n \u00c1nima &#8211; Los Muermos &#8211; R\u00e9gion des lacs"},"content":{"rendered":"\t\t<div data-elementor-type=\"product-post\" data-elementor-id=\"29454\" class=\"elementor elementor-29454 elementor-29184\" data-elementor-post-type=\"product\">\n\t\t\t\t<div class=\"elementor-element elementor-element-6466e16 e-flex e-con-boxed e-con e-parent\" data-id=\"6466e16\" data-element_type=\"container\" data-e-type=\"container\" data-settings=\"{&quot;jet_parallax_layout_list&quot;:[]}\">\n\t\t\t\t\t<div class=\"e-con-inner\">\n\t\t\t\t<div class=\"elementor-element elementor-element-f97180b elementor-widget elementor-widget-heading\" data-id=\"f97180b\" data-element_type=\"widget\" data-e-type=\"widget\" data-widget_type=\"heading.default\">\n\t\t\t\t\t<h2 class=\"elementor-heading-title elementor-size-default\">Parcelle dans le secteur de Rinc\u00f3n \u00c1nima avec bordure de rivi\u00e8re et topographie id\u00e9ale pour votre projet.<\/h2>\t\t\t\t<\/div>\n\t\t\t\t\t<\/div>\n\t\t\t\t<\/div>\n\t\t<div class=\"elementor-element elementor-element-4d4e924 e-flex e-con-boxed e-con e-parent\" data-id=\"4d4e924\" data-element_type=\"container\" data-e-type=\"container\" data-settings=\"{&quot;jet_parallax_layout_list&quot;:[]}\">\n\t\t\t\t\t<div class=\"e-con-inner\">\n\t\t\t\t<div class=\"elementor-element elementor-element-0c5b089 elementor-widget elementor-widget-text-editor\" data-id=\"0c5b089\" data-element_type=\"widget\" data-e-type=\"widget\" data-widget_type=\"text-editor.default\">\n\t\t\t\t\t\t\t\t\t<p>Pouvez-vous imaginer votre refuge dans le sud au bord d&#8217;une rivi\u00e8re ?<\/p><p>Ce terrain de 7000 m\u00b2, entre Estaci\u00f3n R\u00edo Fr\u00edo et Llico Bajo, est l&#8217;occasion de cr\u00e9er votre propre paradis. R\u00e9veillez-vous avec le murmure de la rivi\u00e8re Hua Huar \u00e0 vos pieds, en contemplant ses 220 m\u00e8tres de berges. Ici, vous pouvez cultiver votre propre nourriture et d\u00e9velopper un projet touristique dans une r\u00e9gion en pleine expansion.  <\/p><p>Elle b\u00e9n\u00e9ficie d&#8217;un excellent acc\u00e8s, la route publique \u00e9tant directement adjacente \u00e0 la parcelle. Depuis Los Muermos, vous arrivez en seulement 35 minutes sur une route goudronn\u00e9e suivie de 14 kilom\u00e8tres de route en gravier en bon \u00e9tat. <\/p><p>La parcelle dispose de l&#8217;\u00e9lectricit\u00e9 accessible par la ligne \u00e9lectrique sur la route, et il est possible de construire une roue \u00e0 aubes pour obtenir de l&#8217;eau, ainsi que de profiter de la rivi\u00e8re.<\/p><p>Sa topographie plane le rend id\u00e9al pour une vari\u00e9t\u00e9 de projets, tandis que sa bonne exposition au soleil lui assure un climat chaud et lumineux pendant une grande partie de l&#8217;ann\u00e9e. Avec 60 % de prairies et 40 % d&#8217;arbres indig\u00e8nes, vous profiterez d&#8217;un environnement naturel diversifi\u00e9 et \u00e9quilibr\u00e9. <\/p><p>\u00c0 proximit\u00e9, vous trouverez deux postes m\u00e9dicaux, une \u00e9cole et la magnifique c\u00f4te chilienne de Llico Bajo. Vous n&#8217;\u00eates qu&#8217;\u00e0 35 minutes de Los Muermos, \u00e0 1 heure et 20 minutes de Puerto Varas et de l&#8217;a\u00e9roport El Tepual de Puerto Montt. <\/p><p>Ne manquez pas cette occasion unique d&#8217;acqu\u00e9rir un terrain exclusif \u00e0 un prix tr\u00e8s avantageux !<\/p>\t\t\t\t\t\t\t\t<\/div>\n\t\t\t\t\t<\/div>\n\t\t\t\t<\/div>\n\t\t\t\t<\/div>\n\t\t","protected":false},"excerpt":{"rendered":"<p>Terrain unique de 7000m\u00b2 avec 220 m\u00e8tres de rivi\u00e8re \u00e0 1h20 \u00e0 l&#8217;ouest de Puerto Varas avec \u00e9lectricit\u00e9, topographie plate et acc\u00e8s direct \u00e0 la route publique. Il y a 60% de prairies et 40% de plantes indig\u00e8nes. <\/p>\n","protected":false},"featured_media":38472,"template":"","meta":{"_acf_changed":false},"product_brand":[],"product_cat":[113],"product_tag":[236],"regiones":[226],"ciudades":[216],"class_list":{"0":"post-29454","1":"product","2":"type-product","3":"status-publish","4":"has-post-thumbnail","6":"product_cat-ohiggins-los-lagos-fr","7":"product_tag-parcelles","8":"regiones-nuble-los_lagos","9":"ciudades-los-muermos","11":"first","12":"outofstock","13":"sold-individually","14":"shipping-taxable","15":"product-type-simple"},"acf":[],"yoast_head":"<!-- This site is optimized with the Yoast SEO Premium plugin v26.0 (Yoast SEO v27.3) - https:\/\/yoast.com\/product\/yoast-seo-premium-wordpress\/ -->\n<title>Parcelle Rinc\u00f3n \u00c1nima - Los Muermos - R\u00e9gion des lacs - Produncan<\/title>\n<meta name=\"description\" content=\"Parcelle Rinc\u00f3n \u00c1nima de 7000m\u00b2 et 220 m\u00e8tres de rivi\u00e8re \u00e0 1:20 heures de Puerto Varas avec \u00e9lectricit\u00e9, topographie plate et acc\u00e8s direct \u00e0 la route publique.\" \/>\n<meta name=\"robots\" content=\"index, follow, max-snippet:-1, max-image-preview:large, max-video-preview:-1\" \/>\n<link rel=\"canonical\" href=\"https:\/\/produncan.cl\/fr\/produit\/parcelle-rincon-anima-los-muermos-region-des-lacs\/\" \/>\n<meta property=\"og:locale\" content=\"fr_FR\" \/>\n<meta property=\"og:type\" content=\"article\" \/>\n<meta property=\"og:title\" content=\"Parcelle Rinc\u00f3n \u00c1nima - Los Muermos - R\u00e9gion des lacs\" \/>\n<meta property=\"og:description\" content=\"Parcelle Rinc\u00f3n \u00c1nima de 7000m\u00b2 et 220 m\u00e8tres de rivi\u00e8re \u00e0 1:20 heures de Puerto Varas avec \u00e9lectricit\u00e9, topographie plate et acc\u00e8s direct \u00e0 la route publique.\" \/>\n<meta property=\"og:url\" content=\"https:\/\/produncan.cl\/fr\/produit\/parcelle-rincon-anima-los-muermos-region-des-lacs\/\" \/>\n<meta property=\"og:site_name\" content=\"Produncan\" \/>\n<meta property=\"article:publisher\" content=\"https:\/\/web.facebook.com\/produncanland\" \/>\n<meta property=\"article:modified_time\" content=\"2025-07-02T16:40:43+00:00\" \/>\n<meta property=\"og:image\" content=\"https:\/\/produncan.cl\/wp-content\/uploads\/2024\/04\/Parcela-en-venta-sector-Rincon-Anima-Los-Muermos.webp\" \/>\n<meta name=\"twitter:card\" content=\"summary_large_image\" \/>\n<meta name=\"twitter:label1\" content=\"Price\" \/>\n\t<meta name=\"twitter:data1\" content=\"\" \/>\n\t<meta name=\"twitter:label2\" content=\"Availability\" \/>\n\t<meta name=\"twitter:data2\" content=\"Out of stock\" \/>\n<script type=\"application\/ld+json\" class=\"yoast-schema-graph\">{\"@context\":\"https:\\\/\\\/schema.org\",\"@graph\":[{\"@type\":\"WebPage\",\"@id\":\"https:\\\/\\\/produncan.cl\\\/fr\\\/produit\\\/parcelle-rincon-anima-los-muermos-region-des-lacs\\\/\",\"url\":\"https:\\\/\\\/produncan.cl\\\/fr\\\/produit\\\/parcelle-rincon-anima-los-muermos-region-des-lacs\\\/\",\"name\":\"Parcelle Rinc\u00f3n \u00c1nima - Los Muermos - R\u00e9gion des lacs - Produncan\",\"isPartOf\":{\"@id\":\"https:\\\/\\\/produncan.cl\\\/fr\\\/#website\"},\"primaryImageOfPage\":{\"@id\":\"https:\\\/\\\/produncan.cl\\\/fr\\\/produit\\\/parcelle-rincon-anima-los-muermos-region-des-lacs\\\/#primaryimage\"},\"image\":{\"@id\":\"https:\\\/\\\/produncan.cl\\\/fr\\\/produit\\\/parcelle-rincon-anima-los-muermos-region-des-lacs\\\/#primaryimage\"},\"thumbnailUrl\":\"https:\\\/\\\/produncan.cl\\\/wp-content\\\/uploads\\\/2024\\\/02\\\/Parcela-Rincon-Anima-Vendido.webp\",\"datePublished\":\"2021-02-25T14:31:40+00:00\",\"dateModified\":\"2025-07-02T16:40:43+00:00\",\"description\":\"Parcelle Rinc\u00f3n \u00c1nima de 7000m\u00b2 et 220 m\u00e8tres de rivi\u00e8re \u00e0 1:20 heures de Puerto Varas avec \u00e9lectricit\u00e9, topographie plate et acc\u00e8s direct \u00e0 la route publique.\",\"breadcrumb\":{\"@id\":\"https:\\\/\\\/produncan.cl\\\/fr\\\/produit\\\/parcelle-rincon-anima-los-muermos-region-des-lacs\\\/#breadcrumb\"},\"inLanguage\":\"fr-FR\",\"potentialAction\":[{\"@type\":\"ReadAction\",\"target\":[\"https:\\\/\\\/produncan.cl\\\/fr\\\/produit\\\/parcelle-rincon-anima-los-muermos-region-des-lacs\\\/\"]}]},{\"@type\":\"ImageObject\",\"inLanguage\":\"fr-FR\",\"@id\":\"https:\\\/\\\/produncan.cl\\\/fr\\\/produit\\\/parcelle-rincon-anima-los-muermos-region-des-lacs\\\/#primaryimage\",\"url\":\"https:\\\/\\\/produncan.cl\\\/wp-content\\\/uploads\\\/2024\\\/02\\\/Parcela-Rincon-Anima-Vendido.webp\",\"contentUrl\":\"https:\\\/\\\/produncan.cl\\\/wp-content\\\/uploads\\\/2024\\\/02\\\/Parcela-Rincon-Anima-Vendido.webp\",\"width\":800,\"height\":600},{\"@type\":\"BreadcrumbList\",\"@id\":\"https:\\\/\\\/produncan.cl\\\/fr\\\/produit\\\/parcelle-rincon-anima-los-muermos-region-des-lacs\\\/#breadcrumb\",\"itemListElement\":[{\"@type\":\"ListItem\",\"position\":1,\"name\":\"Inicio\",\"item\":\"https:\\\/\\\/produncan.cl\\\/fr\\\/\"},{\"@type\":\"ListItem\",\"position\":2,\"name\":\"Propri\u00e9t\u00e9s\",\"item\":\"https:\\\/\\\/produncan.cl\\\/propiedades\\\/\"},{\"@type\":\"ListItem\",\"position\":3,\"name\":\"Parcelles\",\"item\":\"https:\\\/\\\/produncan.cl\\\/fr\\\/cat&eacute;gorie\\\/parcelles\\\/\"},{\"@type\":\"ListItem\",\"position\":4,\"name\":\"Parcelle Rinc\u00f3n \u00c1nima &#8211; Los Muermos &#8211; R\u00e9gion des lacs\"}]},{\"@type\":\"WebSite\",\"@id\":\"https:\\\/\\\/produncan.cl\\\/fr\\\/#website\",\"url\":\"https:\\\/\\\/produncan.cl\\\/fr\\\/\",\"name\":\"Produncan\",\"description\":\"Nous vous accompagnons dans votre projet de vie !\",\"publisher\":{\"@id\":\"https:\\\/\\\/produncan.cl\\\/fr\\\/#organization\"},\"potentialAction\":[{\"@type\":\"SearchAction\",\"target\":{\"@type\":\"EntryPoint\",\"urlTemplate\":\"https:\\\/\\\/produncan.cl\\\/fr\\\/?s={search_term_string}\"},\"query-input\":{\"@type\":\"PropertyValueSpecification\",\"valueRequired\":true,\"valueName\":\"search_term_string\"}}],\"inLanguage\":\"fr-FR\"},{\"@type\":\"Organization\",\"@id\":\"https:\\\/\\\/produncan.cl\\\/fr\\\/#organization\",\"name\":\"Produncan\",\"url\":\"https:\\\/\\\/produncan.cl\\\/fr\\\/\",\"logo\":{\"@type\":\"ImageObject\",\"inLanguage\":\"fr-FR\",\"@id\":\"https:\\\/\\\/produncan.cl\\\/fr\\\/#\\\/schema\\\/logo\\\/image\\\/\",\"url\":\"https:\\\/\\\/produncan.cl\\\/wp-content\\\/uploads\\\/2021\\\/03\\\/LOGO.jpeg\",\"contentUrl\":\"https:\\\/\\\/produncan.cl\\\/wp-content\\\/uploads\\\/2021\\\/03\\\/LOGO.jpeg\",\"width\":1280,\"height\":903,\"caption\":\"Produncan\"},\"image\":{\"@id\":\"https:\\\/\\\/produncan.cl\\\/fr\\\/#\\\/schema\\\/logo\\\/image\\\/\"},\"sameAs\":[\"https:\\\/\\\/web.facebook.com\\\/produncanland\",\"https:\\\/\\\/www.instagram.com\\\/pro_duncan\\\/\",\"https:\\\/\\\/www.linkedin.com\\\/company\\\/produncan-lands\\\/\",\"https:\\\/\\\/www.youtube.com\\\/channel\\\/UCu7N-f3x0svkazD-Eew1-QQ\"],\"description\":\"En Produncan somos especialistas en la venta de terrenos en el sur de Chile. Proveemos estancias, campos, parcelas y hoteles.\",\"email\":\"info@produncan.cl\"}]}<\/script>\n<meta property=\"og:video\" content=\"https:\/\/www.youtube.com\/embed\/tIrRRFqHG9M\" \/>\n<meta property=\"og:video:type\" content=\"text\/html\" \/>\n<meta property=\"og:video:duration\" content=\"81\" \/>\n<meta property=\"og:video:width\" content=\"480\" \/>\n<meta property=\"og:video:height\" content=\"360\" \/>\n<meta property=\"ya:ovs:adult\" content=\"false\" \/>\n<meta property=\"ya:ovs:upload_date\" content=\"2021-02-25T14:31:40+00:00\" \/>\n<meta property=\"ya:ovs:allow_embed\" content=\"true\" \/>\n<meta property=\"product:price:currency\" content=\"USD\" \/>\n<meta property=\"og:availability\" content=\"out of stock\" \/>\n<meta property=\"product:availability\" content=\"out of stock\" \/>\n<meta property=\"product:condition\" content=\"new\" \/>\n<!-- \/ Yoast SEO Premium plugin. -->","yoast_head_json":{"title":"Parcelle Rinc\u00f3n \u00c1nima - Los Muermos - R\u00e9gion des lacs - Produncan","description":"Parcelle Rinc\u00f3n \u00c1nima de 7000m\u00b2 et 220 m\u00e8tres de rivi\u00e8re \u00e0 1:20 heures de Puerto Varas avec \u00e9lectricit\u00e9, topographie plate et acc\u00e8s direct \u00e0 la route publique.","robots":{"index":"index","follow":"follow","max-snippet":"max-snippet:-1","max-image-preview":"max-image-preview:large","max-video-preview":"max-video-preview:-1"},"canonical":"https:\/\/produncan.cl\/fr\/produit\/parcelle-rincon-anima-los-muermos-region-des-lacs\/","og_locale":"fr_FR","og_type":"article","og_title":"Parcelle Rinc\u00f3n \u00c1nima - Los Muermos - R\u00e9gion des lacs","og_description":"Parcelle Rinc\u00f3n \u00c1nima de 7000m\u00b2 et 220 m\u00e8tres de rivi\u00e8re \u00e0 1:20 heures de Puerto Varas avec \u00e9lectricit\u00e9, topographie plate et acc\u00e8s direct \u00e0 la route publique.","og_url":"https:\/\/produncan.cl\/fr\/produit\/parcelle-rincon-anima-los-muermos-region-des-lacs\/","og_site_name":"Produncan","article_publisher":"https:\/\/web.facebook.com\/produncanland","article_modified_time":"2025-07-02T16:40:43+00:00","og_image":[{"url":"https:\/\/produncan.cl\/wp-content\/uploads\/2024\/04\/Parcela-en-venta-sector-Rincon-Anima-Los-Muermos.webp","type":"","width":"","height":""}],"twitter_card":"summary_large_image","twitter_misc":{"Price":"","Availability":"Out of stock"},"schema":{"@context":"https:\/\/schema.org","@graph":[{"@type":"WebPage","@id":"https:\/\/produncan.cl\/fr\/produit\/parcelle-rincon-anima-los-muermos-region-des-lacs\/","url":"https:\/\/produncan.cl\/fr\/produit\/parcelle-rincon-anima-los-muermos-region-des-lacs\/","name":"Parcelle Rinc\u00f3n \u00c1nima - Los Muermos - R\u00e9gion des lacs - Produncan","isPartOf":{"@id":"https:\/\/produncan.cl\/fr\/#website"},"primaryImageOfPage":{"@id":"https:\/\/produncan.cl\/fr\/produit\/parcelle-rincon-anima-los-muermos-region-des-lacs\/#primaryimage"},"image":{"@id":"https:\/\/produncan.cl\/fr\/produit\/parcelle-rincon-anima-los-muermos-region-des-lacs\/#primaryimage"},"thumbnailUrl":"https:\/\/produncan.cl\/wp-content\/uploads\/2024\/02\/Parcela-Rincon-Anima-Vendido.webp","datePublished":"2021-02-25T14:31:40+00:00","dateModified":"2025-07-02T16:40:43+00:00","description":"Parcelle Rinc\u00f3n \u00c1nima de 7000m\u00b2 et 220 m\u00e8tres de rivi\u00e8re \u00e0 1:20 heures de Puerto Varas avec \u00e9lectricit\u00e9, topographie plate et acc\u00e8s direct \u00e0 la route publique.","breadcrumb":{"@id":"https:\/\/produncan.cl\/fr\/produit\/parcelle-rincon-anima-los-muermos-region-des-lacs\/#breadcrumb"},"inLanguage":"fr-FR","potentialAction":[{"@type":"ReadAction","target":["https:\/\/produncan.cl\/fr\/produit\/parcelle-rincon-anima-los-muermos-region-des-lacs\/"]}]},{"@type":"ImageObject","inLanguage":"fr-FR","@id":"https:\/\/produncan.cl\/fr\/produit\/parcelle-rincon-anima-los-muermos-region-des-lacs\/#primaryimage","url":"https:\/\/produncan.cl\/wp-content\/uploads\/2024\/02\/Parcela-Rincon-Anima-Vendido.webp","contentUrl":"https:\/\/produncan.cl\/wp-content\/uploads\/2024\/02\/Parcela-Rincon-Anima-Vendido.webp","width":800,"height":600},{"@type":"BreadcrumbList","@id":"https:\/\/produncan.cl\/fr\/produit\/parcelle-rincon-anima-los-muermos-region-des-lacs\/#breadcrumb","itemListElement":[{"@type":"ListItem","position":1,"name":"Inicio","item":"https:\/\/produncan.cl\/fr\/"},{"@type":"ListItem","position":2,"name":"Propri\u00e9t\u00e9s","item":"https:\/\/produncan.cl\/propiedades\/"},{"@type":"ListItem","position":3,"name":"Parcelles","item":"https:\/\/produncan.cl\/fr\/cat&eacute;gorie\/parcelles\/"},{"@type":"ListItem","position":4,"name":"Parcelle Rinc\u00f3n \u00c1nima &#8211; Los Muermos &#8211; R\u00e9gion des lacs"}]},{"@type":"WebSite","@id":"https:\/\/produncan.cl\/fr\/#website","url":"https:\/\/produncan.cl\/fr\/","name":"Produncan","description":"Nous vous accompagnons dans votre projet de vie !","publisher":{"@id":"https:\/\/produncan.cl\/fr\/#organization"},"potentialAction":[{"@type":"SearchAction","target":{"@type":"EntryPoint","urlTemplate":"https:\/\/produncan.cl\/fr\/?s={search_term_string}"},"query-input":{"@type":"PropertyValueSpecification","valueRequired":true,"valueName":"search_term_string"}}],"inLanguage":"fr-FR"},{"@type":"Organization","@id":"https:\/\/produncan.cl\/fr\/#organization","name":"Produncan","url":"https:\/\/produncan.cl\/fr\/","logo":{"@type":"ImageObject","inLanguage":"fr-FR","@id":"https:\/\/produncan.cl\/fr\/#\/schema\/logo\/image\/","url":"https:\/\/produncan.cl\/wp-content\/uploads\/2021\/03\/LOGO.jpeg","contentUrl":"https:\/\/produncan.cl\/wp-content\/uploads\/2021\/03\/LOGO.jpeg","width":1280,"height":903,"caption":"Produncan"},"image":{"@id":"https:\/\/produncan.cl\/fr\/#\/schema\/logo\/image\/"},"sameAs":["https:\/\/web.facebook.com\/produncanland","https:\/\/www.instagram.com\/pro_duncan\/","https:\/\/www.linkedin.com\/company\/produncan-lands\/","https:\/\/www.youtube.com\/channel\/UCu7N-f3x0svkazD-Eew1-QQ"],"description":"En Produncan somos especialistas en la venta de terrenos en el sur de Chile. Proveemos estancias, campos, parcelas y hoteles.","email":"info@produncan.cl"}]},"og_video":"https:\/\/www.youtube.com\/embed\/tIrRRFqHG9M","og_video_type":"text\/html","og_video_duration":"81","og_video_width":"480","og_video_height":"360","ya_ovs_adult":"false","ya_ovs_upload_date":"2021-02-25T14:31:40+00:00","ya_ovs_allow_embed":"true","product_price_currency":"USD","og_availability":"out of stock","product_availability":"out of stock","product_condition":"new"},"_links":{"self":[{"href":"https:\/\/produncan.cl\/fr\/wp-json\/wp\/v2\/product\/29454","targetHints":{"allow":["GET"]}}],"collection":[{"href":"https:\/\/produncan.cl\/fr\/wp-json\/wp\/v2\/product"}],"about":[{"href":"https:\/\/produncan.cl\/fr\/wp-json\/wp\/v2\/types\/product"}],"version-history":[{"count":0,"href":"https:\/\/produncan.cl\/fr\/wp-json\/wp\/v2\/product\/29454\/revisions"}],"wp:featuredmedia":[{"embeddable":true,"href":"https:\/\/produncan.cl\/fr\/wp-json\/wp\/v2\/media\/38472"}],"wp:attachment":[{"href":"https:\/\/produncan.cl\/fr\/wp-json\/wp\/v2\/media?parent=29454"}],"wp:term":[{"taxonomy":"product_brand","embeddable":true,"href":"https:\/\/produncan.cl\/fr\/wp-json\/wp\/v2\/product_brand?post=29454"},{"taxonomy":"product_cat","embeddable":true,"href":"https:\/\/produncan.cl\/fr\/wp-json\/wp\/v2\/product_cat?post=29454"},{"taxonomy":"product_tag","embeddable":true,"href":"https:\/\/produncan.cl\/fr\/wp-json\/wp\/v2\/product_tag?post=29454"},{"taxonomy":"regiones","embeddable":true,"href":"https:\/\/produncan.cl\/fr\/wp-json\/wp\/v2\/regiones?post=29454"},{"taxonomy":"ciudades","embeddable":true,"href":"https:\/\/produncan.cl\/fr\/wp-json\/wp\/v2\/ciudades?post=29454"}],"curies":[{"name":"wp","href":"https:\/\/api.w.org\/{rel}","templated":true}]}}