{"id":29456,"date":"2024-05-02T18:31:36","date_gmt":"2024-05-02T22:31:36","guid":{"rendered":"https:\/\/produncan.cl\/producto\/parcelas-el-meli-los-muermos-region-des-lacs\/"},"modified":"2025-12-04T17:13:27","modified_gmt":"2025-12-04T20:13:27","slug":"parcelas-el-meli-los-muermos-region-des-lacs","status":"publish","type":"product","link":"https:\/\/produncan.cl\/fr\/produit\/parcelas-el-meli-los-muermos-region-des-lacs\/","title":{"rendered":"Terrains \u00e0 Los Muermos &#8211; El Mel\u00ed, R\u00e9gion de Los Lagos"},"content":{"rendered":"\t\t<div data-elementor-type=\"product-post\" data-elementor-id=\"29456\" class=\"elementor elementor-29456 elementor-29328\" data-elementor-post-type=\"product\">\n\t\t\t\t<div class=\"elementor-element elementor-element-2f9167c e-flex e-con-boxed e-con e-parent\" data-id=\"2f9167c\" data-element_type=\"container\" data-e-type=\"container\" data-settings=\"{&quot;jet_parallax_layout_list&quot;:[]}\">\n\t\t\t\t\t<div class=\"e-con-inner\">\n\t\t\t\t<div class=\"elementor-element elementor-element-ea4fbd7 elementor-widget elementor-widget-heading\" data-id=\"ea4fbd7\" data-element_type=\"widget\" data-e-type=\"widget\" data-widget_type=\"heading.default\">\n\t\t\t\t\t<h2 class=\"elementor-heading-title elementor-size-default\">Opportunit\u00e9 d'investissement \u00e0 Los Muermos avec de belles vues panoramiques<\/h2>\t\t\t\t<\/div>\n\t\t\t\t\t<\/div>\n\t\t\t\t<\/div>\n\t\t<div class=\"elementor-element elementor-element-1ad627b e-flex e-con-boxed e-con e-parent\" data-id=\"1ad627b\" data-element_type=\"container\" data-e-type=\"container\" data-settings=\"{&quot;jet_parallax_layout_list&quot;:[]}\">\n\t\t\t\t\t<div class=\"e-con-inner\">\n\t\t\t\t<div class=\"elementor-element elementor-element-4a8868a elementor-widget elementor-widget-text-editor\" data-id=\"4a8868a\" data-element_type=\"widget\" data-e-type=\"widget\" data-widget_type=\"text-editor.default\">\n\t\t\t\t\t\t\t\t\t<p>Situ\u00e9 dans la commune de Los Muermos, nous vous pr\u00e9sentons &#8220;Parcelas El Mel\u00ed&#8221;, seulement trois parcelles de 5000m\u00b2 chacune, \u00e0 une valeur de $24.000.000. Chaque parcelle poss\u00e8de son propre Rol et offre une belle vue panoramique \u00e0 360\u00b0 gr\u00e2ce \u00e0 sa situation sur\u00e9lev\u00e9e. Les parcelles sont en grande partie plates et enti\u00e8rement couvertes de prairies.  <\/p>\n<p>Parcelles \u00e0 Los Muermos ayant acc\u00e8s \u00e0 l&#8217;eau par une source situ\u00e9e sur le terrain du propri\u00e9taire, qui s&#8217;engage \u00e0 fournir un acc\u00e8s gratuit et perp\u00e9tuel \u00e0 cette eau. Cependant, chaque acqu\u00e9reur sera responsable de la mise en place de son propre r\u00e9seau d&#8217;approvisionnement. En outre, il est possible de creuser un puits pour obtenir de l&#8217;eau.  <\/p>\n<p>En termes de services, les parcelles disposent d&#8217;une ligne \u00e9lectrique de la compagnie CRELL et d&#8217;une bonne couverture t\u00e9l\u00e9phonique pour l&#8217;acc\u00e8s \u00e0 Internet. Chaque propri\u00e9taire doit disposer de sa propre fosse septique pour l&#8217;\u00e9vacuation des eaux us\u00e9es. Bien qu&#8217;il n&#8217;y ait pas de d\u00e9charges sur les parcelles, il existe deux grandes d\u00e9charges aux acc\u00e8s des parcelles, distantes d&#8217;environ un kilom\u00e8tre et 500 m\u00e8tres.  <\/p>\n<p>Le climat de la r\u00e9gion est mod\u00e9r\u00e9, avec des \u00e9t\u00e9s frais et des hivers doux, influenc\u00e9s par la proximit\u00e9 de l&#8217;oc\u00e9an Pacifique. Les temp\u00e9ratures sont donc agr\u00e9ables tout au long de l&#8217;ann\u00e9e, avec des \u00e9t\u00e9s doux entre 10\u00b0C et 20\u00b0C, et des hivers frais entre 5\u00b0C et 10\u00b0C. <\/p>\n<p>En termes de construction, la loi permet de construire jusqu&#8217;\u00e0 deux maisons par parcelle. Il n&#8217;y a pas de restrictions sur la conception et les mat\u00e9riaux de construction, bien qu&#8217;il soit demand\u00e9 de construire avec des mat\u00e9riaux nobles qui contribuent au site. Le terrain est plat avec une l\u00e9g\u00e8re pente et n&#8217;a pas de for\u00eat, il est compos\u00e9 \u00e0 100 % de prairies.  <\/p>\n<p>Les modes de paiement sont le comptant, le cr\u00e9dit \u00e0 usage g\u00e9n\u00e9ral et le cr\u00e9dit direct avec 50 % au comptant et le solde en 12 versements maximum. Les remises pour paiement comptant sont n\u00e9gociables et peuvent \u00eatre r\u00e9serv\u00e9es. <\/p>\n<p>En outre, chaque parcelle a une vocation agricole et il n&#8217;y a pas de restrictions en ce qui concerne la distance, les murs de s\u00e9paration, l&#8217;avant des jardins, les fermetures, les connexions \u00e9lectriques et le stationnement, bien qu&#8217;il soit demand\u00e9 de ne pas construire \u00e0 moins de 5 m\u00e8tres de la limite. De plus, chaque propri\u00e9taire devra cl\u00f4turer sa propri\u00e9t\u00e9, il est sugg\u00e9r\u00e9 d&#8217;avoir une cl\u00f4ture \u00e0 l&#8217;avant et des poteaux avec du grillage dans le reste du p\u00e9rim\u00e8tre. <\/p>\n<p>Enfin, l&#8217;acc\u00e8s aux parcelles se fait directement par une route publique en gravier en excellent \u00e9tat. La ville la plus proche, Los Muermos, se trouve \u00e0 20 kilom\u00e8tres, \u00e0 23 minutes en voiture. L&#8217;a\u00e9roport d&#8217;El Tepual est \u00e0 53 kilom\u00e8tres, 52 minutes en voiture. En outre, il y a une ligne de bus les lundis, mercredis et vendredis et des camionnettes scolaires tous les jours. Il y a \u00e9galement une poste et une grande \u00e9cole de 250 \u00e9l\u00e8ves \u00e0 environ un kilom\u00e8tre.  <\/p>\n<p>Parcelas El Mel\u00ed est plus qu&#8217;un lieu de vie, c&#8217;est un mode de vie. Ne manquez pas cette occasion d&#8217;investir dans votre avenir et celui de votre famille !<\/p>\t\t\t\t\t\t\t\t<\/div>\n\t\t\t\t\t<\/div>\n\t\t\t\t<\/div>\n\t\t\t\t<\/div>\n\t\t","protected":false},"excerpt":{"rendered":"<p>Terrains \u00e0 Los Muermos, trois unit\u00e9s de 5000m\u00b2 chacune avec une belle vue panoramique \u00e0 360\u00b0, terrain essentiellement plat avec 100% de prairie, eau de source, \u00e9lectricit\u00e9 et \u00e0 seulement 23 minutes de Los Muermos.<\/p>\n","protected":false},"featured_media":29335,"template":"","meta":{"_acf_changed":false},"product_brand":[],"product_cat":[113],"product_tag":[236],"regiones":[226],"ciudades":[216],"class_list":{"0":"post-29456","1":"product","2":"type-product","3":"status-publish","4":"has-post-thumbnail","6":"product_cat-ohiggins-los-lagos-fr","7":"product_tag-parcelles","8":"regiones-nuble-los_lagos","9":"ciudades-los-muermos","11":"first","12":"instock","13":"shipping-taxable","14":"purchasable","15":"product-type-simple"},"acf":[],"yoast_head":"<!-- This site is optimized with the Yoast SEO Premium plugin v26.0 (Yoast SEO v27.3) - https:\/\/yoast.com\/product\/yoast-seo-premium-wordpress\/ -->\n<title>Terrains \u00e0 Los Muermos - El Mel\u00ed, R\u00e9gion de Los Lagos - Produncan<\/title>\n<meta name=\"description\" content=\"Parcelas El Mel\u00ed, trois parcelles de 5000m\u00b2, avec une belle vue panoramique \u00e0 360\u00b0, terrain plat avec 100% de prairie, eau de source et \u00e9lectricit\u00e9\" \/>\n<meta name=\"robots\" content=\"index, follow, max-snippet:-1, max-image-preview:large, max-video-preview:-1\" \/>\n<link rel=\"canonical\" href=\"https:\/\/produncan.cl\/fr\/produit\/parcelas-el-meli-los-muermos-region-des-lacs\/\" \/>\n<meta property=\"og:locale\" content=\"fr_FR\" \/>\n<meta property=\"og:type\" content=\"article\" \/>\n<meta property=\"og:title\" content=\"Terrains \u00e0 Los Muermos - El Mel\u00ed, R\u00e9gion de Los Lagos\" \/>\n<meta property=\"og:description\" content=\"Parcelas El Mel\u00ed, trois parcelles de 5000m\u00b2, avec une belle vue panoramique \u00e0 360\u00b0, terrain plat avec 100% de prairie, eau de source et \u00e9lectricit\u00e9\" \/>\n<meta property=\"og:url\" content=\"https:\/\/produncan.cl\/fr\/produit\/parcelas-el-meli-los-muermos-region-des-lacs\/\" \/>\n<meta property=\"og:site_name\" content=\"Produncan\" \/>\n<meta property=\"article:publisher\" content=\"https:\/\/web.facebook.com\/produncanland\" \/>\n<meta property=\"article:modified_time\" content=\"2025-12-04T20:13:27+00:00\" \/>\n<meta property=\"og:image\" content=\"https:\/\/produncan.cl\/wp-content\/uploads\/2024\/05\/Parcelas-en-Venta-El-Meli-Los-Muermos.webp\" \/>\n\t<meta property=\"og:image:width\" content=\"600\" \/>\n\t<meta property=\"og:image:height\" content=\"450\" \/>\n\t<meta property=\"og:image:type\" content=\"image\/webp\" \/>\n<meta name=\"twitter:card\" content=\"summary_large_image\" \/>\n<meta name=\"twitter:label1\" content=\"Price\" \/>\n\t<meta name=\"twitter:data1\" content=\"USD26.100,00\" \/>\n\t<meta name=\"twitter:label2\" content=\"Availability\" \/>\n\t<meta name=\"twitter:data2\" content=\"In stock\" \/>\n<script type=\"application\/ld+json\" class=\"yoast-schema-graph\">{\"@context\":\"https:\\\/\\\/schema.org\",\"@graph\":[{\"@type\":\"WebPage\",\"@id\":\"https:\\\/\\\/produncan.cl\\\/fr\\\/produit\\\/parcelas-el-meli-los-muermos-region-des-lacs\\\/\",\"url\":\"https:\\\/\\\/produncan.cl\\\/fr\\\/produit\\\/parcelas-el-meli-los-muermos-region-des-lacs\\\/\",\"name\":\"Terrains \u00e0 Los Muermos - El Mel\u00ed, R\u00e9gion de Los Lagos - Produncan\",\"isPartOf\":{\"@id\":\"https:\\\/\\\/produncan.cl\\\/fr\\\/#website\"},\"primaryImageOfPage\":{\"@id\":\"https:\\\/\\\/produncan.cl\\\/fr\\\/produit\\\/parcelas-el-meli-los-muermos-region-des-lacs\\\/#primaryimage\"},\"image\":{\"@id\":\"https:\\\/\\\/produncan.cl\\\/fr\\\/produit\\\/parcelas-el-meli-los-muermos-region-des-lacs\\\/#primaryimage\"},\"thumbnailUrl\":\"https:\\\/\\\/produncan.cl\\\/wp-content\\\/uploads\\\/2024\\\/05\\\/Parcelas-en-Venta-El-Meli-Los-Muermos.webp\",\"datePublished\":\"2024-05-02T22:31:36+00:00\",\"dateModified\":\"2025-12-04T20:13:27+00:00\",\"description\":\"Parcelas El Mel\u00ed, trois parcelles de 5000m\u00b2, avec une belle vue panoramique \u00e0 360\u00b0, terrain plat avec 100% de prairie, eau de source et \u00e9lectricit\u00e9\",\"breadcrumb\":{\"@id\":\"https:\\\/\\\/produncan.cl\\\/fr\\\/produit\\\/parcelas-el-meli-los-muermos-region-des-lacs\\\/#breadcrumb\"},\"inLanguage\":\"fr-FR\",\"potentialAction\":[{\"@type\":\"ReadAction\",\"target\":[\"https:\\\/\\\/produncan.cl\\\/fr\\\/produit\\\/parcelas-el-meli-los-muermos-region-des-lacs\\\/\"]}]},{\"@type\":\"ImageObject\",\"inLanguage\":\"fr-FR\",\"@id\":\"https:\\\/\\\/produncan.cl\\\/fr\\\/produit\\\/parcelas-el-meli-los-muermos-region-des-lacs\\\/#primaryimage\",\"url\":\"https:\\\/\\\/produncan.cl\\\/wp-content\\\/uploads\\\/2024\\\/05\\\/Parcelas-en-Venta-El-Meli-Los-Muermos.webp\",\"contentUrl\":\"https:\\\/\\\/produncan.cl\\\/wp-content\\\/uploads\\\/2024\\\/05\\\/Parcelas-en-Venta-El-Meli-Los-Muermos.webp\",\"width\":600,\"height\":450,\"caption\":\"Terrains \u00e0 vendre Le Meli Les morts\"},{\"@type\":\"BreadcrumbList\",\"@id\":\"https:\\\/\\\/produncan.cl\\\/fr\\\/produit\\\/parcelas-el-meli-los-muermos-region-des-lacs\\\/#breadcrumb\",\"itemListElement\":[{\"@type\":\"ListItem\",\"position\":1,\"name\":\"Inicio\",\"item\":\"https:\\\/\\\/produncan.cl\\\/fr\\\/\"},{\"@type\":\"ListItem\",\"position\":2,\"name\":\"Propri\u00e9t\u00e9s\",\"item\":\"https:\\\/\\\/produncan.cl\\\/propiedades\\\/\"},{\"@type\":\"ListItem\",\"position\":3,\"name\":\"Parcelles\",\"item\":\"https:\\\/\\\/produncan.cl\\\/fr\\\/cat&eacute;gorie\\\/parcelles\\\/\"},{\"@type\":\"ListItem\",\"position\":4,\"name\":\"Terrains \u00e0 Los Muermos &#8211; El Mel\u00ed, R\u00e9gion de Los Lagos\"}]},{\"@type\":\"WebSite\",\"@id\":\"https:\\\/\\\/produncan.cl\\\/fr\\\/#website\",\"url\":\"https:\\\/\\\/produncan.cl\\\/fr\\\/\",\"name\":\"Produncan\",\"description\":\"Nous vous accompagnons dans votre projet de vie !\",\"publisher\":{\"@id\":\"https:\\\/\\\/produncan.cl\\\/fr\\\/#organization\"},\"potentialAction\":[{\"@type\":\"SearchAction\",\"target\":{\"@type\":\"EntryPoint\",\"urlTemplate\":\"https:\\\/\\\/produncan.cl\\\/fr\\\/?s={search_term_string}\"},\"query-input\":{\"@type\":\"PropertyValueSpecification\",\"valueRequired\":true,\"valueName\":\"search_term_string\"}}],\"inLanguage\":\"fr-FR\"},{\"@type\":\"Organization\",\"@id\":\"https:\\\/\\\/produncan.cl\\\/fr\\\/#organization\",\"name\":\"Produncan\",\"url\":\"https:\\\/\\\/produncan.cl\\\/fr\\\/\",\"logo\":{\"@type\":\"ImageObject\",\"inLanguage\":\"fr-FR\",\"@id\":\"https:\\\/\\\/produncan.cl\\\/fr\\\/#\\\/schema\\\/logo\\\/image\\\/\",\"url\":\"https:\\\/\\\/produncan.cl\\\/wp-content\\\/uploads\\\/2021\\\/03\\\/LOGO.jpeg\",\"contentUrl\":\"https:\\\/\\\/produncan.cl\\\/wp-content\\\/uploads\\\/2021\\\/03\\\/LOGO.jpeg\",\"width\":1280,\"height\":903,\"caption\":\"Produncan\"},\"image\":{\"@id\":\"https:\\\/\\\/produncan.cl\\\/fr\\\/#\\\/schema\\\/logo\\\/image\\\/\"},\"sameAs\":[\"https:\\\/\\\/web.facebook.com\\\/produncanland\",\"https:\\\/\\\/www.instagram.com\\\/pro_duncan\\\/\",\"https:\\\/\\\/www.linkedin.com\\\/company\\\/produncan-lands\\\/\",\"https:\\\/\\\/www.youtube.com\\\/channel\\\/UCu7N-f3x0svkazD-Eew1-QQ\"],\"description\":\"En Produncan somos especialistas en la venta de terrenos en el sur de Chile. Proveemos estancias, campos, parcelas y hoteles.\",\"email\":\"info@produncan.cl\"}]}<\/script>\n<meta property=\"og:video\" content=\"https:\/\/www.youtube.com\/embed\/LLp7CGHUtGs\" \/>\n<meta property=\"og:video:type\" content=\"text\/html\" \/>\n<meta property=\"og:video:duration\" content=\"88\" \/>\n<meta property=\"og:video:width\" content=\"480\" \/>\n<meta property=\"og:video:height\" content=\"360\" \/>\n<meta property=\"ya:ovs:adult\" content=\"false\" \/>\n<meta property=\"ya:ovs:upload_date\" content=\"2024-05-02T22:31:36+00:00\" \/>\n<meta property=\"ya:ovs:allow_embed\" content=\"true\" \/>\n<meta property=\"product:price:amount\" content=\"26100.00\" \/>\n<meta property=\"product:price:currency\" content=\"USD\" \/>\n<meta property=\"og:availability\" content=\"instock\" \/>\n<meta property=\"product:availability\" content=\"instock\" \/>\n<meta property=\"product:condition\" content=\"new\" \/>\n<!-- \/ Yoast SEO Premium plugin. -->","yoast_head_json":{"title":"Terrains \u00e0 Los Muermos - El Mel\u00ed, R\u00e9gion de Los Lagos - Produncan","description":"Parcelas El Mel\u00ed, trois parcelles de 5000m\u00b2, avec une belle vue panoramique \u00e0 360\u00b0, terrain plat avec 100% de prairie, eau de source et \u00e9lectricit\u00e9","robots":{"index":"index","follow":"follow","max-snippet":"max-snippet:-1","max-image-preview":"max-image-preview:large","max-video-preview":"max-video-preview:-1"},"canonical":"https:\/\/produncan.cl\/fr\/produit\/parcelas-el-meli-los-muermos-region-des-lacs\/","og_locale":"fr_FR","og_type":"article","og_title":"Terrains \u00e0 Los Muermos - El Mel\u00ed, R\u00e9gion de Los Lagos","og_description":"Parcelas El Mel\u00ed, trois parcelles de 5000m\u00b2, avec une belle vue panoramique \u00e0 360\u00b0, terrain plat avec 100% de prairie, eau de source et \u00e9lectricit\u00e9","og_url":"https:\/\/produncan.cl\/fr\/produit\/parcelas-el-meli-los-muermos-region-des-lacs\/","og_site_name":"Produncan","article_publisher":"https:\/\/web.facebook.com\/produncanland","article_modified_time":"2025-12-04T20:13:27+00:00","og_image":[{"width":600,"height":450,"url":"https:\/\/produncan.cl\/wp-content\/uploads\/2024\/05\/Parcelas-en-Venta-El-Meli-Los-Muermos.webp","type":"image\/webp"}],"twitter_card":"summary_large_image","twitter_misc":{"Price":"USD26.100,00","Availability":"In stock"},"schema":{"@context":"https:\/\/schema.org","@graph":[{"@type":"WebPage","@id":"https:\/\/produncan.cl\/fr\/produit\/parcelas-el-meli-los-muermos-region-des-lacs\/","url":"https:\/\/produncan.cl\/fr\/produit\/parcelas-el-meli-los-muermos-region-des-lacs\/","name":"Terrains \u00e0 Los Muermos - El Mel\u00ed, R\u00e9gion de Los Lagos - Produncan","isPartOf":{"@id":"https:\/\/produncan.cl\/fr\/#website"},"primaryImageOfPage":{"@id":"https:\/\/produncan.cl\/fr\/produit\/parcelas-el-meli-los-muermos-region-des-lacs\/#primaryimage"},"image":{"@id":"https:\/\/produncan.cl\/fr\/produit\/parcelas-el-meli-los-muermos-region-des-lacs\/#primaryimage"},"thumbnailUrl":"https:\/\/produncan.cl\/wp-content\/uploads\/2024\/05\/Parcelas-en-Venta-El-Meli-Los-Muermos.webp","datePublished":"2024-05-02T22:31:36+00:00","dateModified":"2025-12-04T20:13:27+00:00","description":"Parcelas El Mel\u00ed, trois parcelles de 5000m\u00b2, avec une belle vue panoramique \u00e0 360\u00b0, terrain plat avec 100% de prairie, eau de source et \u00e9lectricit\u00e9","breadcrumb":{"@id":"https:\/\/produncan.cl\/fr\/produit\/parcelas-el-meli-los-muermos-region-des-lacs\/#breadcrumb"},"inLanguage":"fr-FR","potentialAction":[{"@type":"ReadAction","target":["https:\/\/produncan.cl\/fr\/produit\/parcelas-el-meli-los-muermos-region-des-lacs\/"]}]},{"@type":"ImageObject","inLanguage":"fr-FR","@id":"https:\/\/produncan.cl\/fr\/produit\/parcelas-el-meli-los-muermos-region-des-lacs\/#primaryimage","url":"https:\/\/produncan.cl\/wp-content\/uploads\/2024\/05\/Parcelas-en-Venta-El-Meli-Los-Muermos.webp","contentUrl":"https:\/\/produncan.cl\/wp-content\/uploads\/2024\/05\/Parcelas-en-Venta-El-Meli-Los-Muermos.webp","width":600,"height":450,"caption":"Terrains \u00e0 vendre Le Meli Les morts"},{"@type":"BreadcrumbList","@id":"https:\/\/produncan.cl\/fr\/produit\/parcelas-el-meli-los-muermos-region-des-lacs\/#breadcrumb","itemListElement":[{"@type":"ListItem","position":1,"name":"Inicio","item":"https:\/\/produncan.cl\/fr\/"},{"@type":"ListItem","position":2,"name":"Propri\u00e9t\u00e9s","item":"https:\/\/produncan.cl\/propiedades\/"},{"@type":"ListItem","position":3,"name":"Parcelles","item":"https:\/\/produncan.cl\/fr\/cat&eacute;gorie\/parcelles\/"},{"@type":"ListItem","position":4,"name":"Terrains \u00e0 Los Muermos &#8211; El Mel\u00ed, R\u00e9gion de Los Lagos"}]},{"@type":"WebSite","@id":"https:\/\/produncan.cl\/fr\/#website","url":"https:\/\/produncan.cl\/fr\/","name":"Produncan","description":"Nous vous accompagnons dans votre projet de vie !","publisher":{"@id":"https:\/\/produncan.cl\/fr\/#organization"},"potentialAction":[{"@type":"SearchAction","target":{"@type":"EntryPoint","urlTemplate":"https:\/\/produncan.cl\/fr\/?s={search_term_string}"},"query-input":{"@type":"PropertyValueSpecification","valueRequired":true,"valueName":"search_term_string"}}],"inLanguage":"fr-FR"},{"@type":"Organization","@id":"https:\/\/produncan.cl\/fr\/#organization","name":"Produncan","url":"https:\/\/produncan.cl\/fr\/","logo":{"@type":"ImageObject","inLanguage":"fr-FR","@id":"https:\/\/produncan.cl\/fr\/#\/schema\/logo\/image\/","url":"https:\/\/produncan.cl\/wp-content\/uploads\/2021\/03\/LOGO.jpeg","contentUrl":"https:\/\/produncan.cl\/wp-content\/uploads\/2021\/03\/LOGO.jpeg","width":1280,"height":903,"caption":"Produncan"},"image":{"@id":"https:\/\/produncan.cl\/fr\/#\/schema\/logo\/image\/"},"sameAs":["https:\/\/web.facebook.com\/produncanland","https:\/\/www.instagram.com\/pro_duncan\/","https:\/\/www.linkedin.com\/company\/produncan-lands\/","https:\/\/www.youtube.com\/channel\/UCu7N-f3x0svkazD-Eew1-QQ"],"description":"En Produncan somos especialistas en la venta de terrenos en el sur de Chile. Proveemos estancias, campos, parcelas y hoteles.","email":"info@produncan.cl"}]},"og_video":"https:\/\/www.youtube.com\/embed\/LLp7CGHUtGs","og_video_type":"text\/html","og_video_duration":"88","og_video_width":"480","og_video_height":"360","ya_ovs_adult":"false","ya_ovs_upload_date":"2024-05-02T22:31:36+00:00","ya_ovs_allow_embed":"true","product_price_amount":"26100.00","product_price_currency":"USD","og_availability":"instock","product_availability":"instock","product_condition":"new"},"_links":{"self":[{"href":"https:\/\/produncan.cl\/fr\/wp-json\/wp\/v2\/product\/29456","targetHints":{"allow":["GET"]}}],"collection":[{"href":"https:\/\/produncan.cl\/fr\/wp-json\/wp\/v2\/product"}],"about":[{"href":"https:\/\/produncan.cl\/fr\/wp-json\/wp\/v2\/types\/product"}],"version-history":[{"count":2,"href":"https:\/\/produncan.cl\/fr\/wp-json\/wp\/v2\/product\/29456\/revisions"}],"predecessor-version":[{"id":52526,"href":"https:\/\/produncan.cl\/fr\/wp-json\/wp\/v2\/product\/29456\/revisions\/52526"}],"wp:featuredmedia":[{"embeddable":true,"href":"https:\/\/produncan.cl\/fr\/wp-json\/wp\/v2\/media\/29335"}],"wp:attachment":[{"href":"https:\/\/produncan.cl\/fr\/wp-json\/wp\/v2\/media?parent=29456"}],"wp:term":[{"taxonomy":"product_brand","embeddable":true,"href":"https:\/\/produncan.cl\/fr\/wp-json\/wp\/v2\/product_brand?post=29456"},{"taxonomy":"product_cat","embeddable":true,"href":"https:\/\/produncan.cl\/fr\/wp-json\/wp\/v2\/product_cat?post=29456"},{"taxonomy":"product_tag","embeddable":true,"href":"https:\/\/produncan.cl\/fr\/wp-json\/wp\/v2\/product_tag?post=29456"},{"taxonomy":"regiones","embeddable":true,"href":"https:\/\/produncan.cl\/fr\/wp-json\/wp\/v2\/regiones?post=29456"},{"taxonomy":"ciudades","embeddable":true,"href":"https:\/\/produncan.cl\/fr\/wp-json\/wp\/v2\/ciudades?post=29456"}],"curies":[{"name":"wp","href":"https:\/\/api.w.org\/{rel}","templated":true}]}}