{"id":29945,"date":"2024-04-02T11:20:53","date_gmt":"2024-04-02T14:20:53","guid":{"rendered":"https:\/\/produncan.cl\/producto\/campo-quildaco-hualaihue-region-de-los-lagos\/"},"modified":"2025-11-24T17:55:35","modified_gmt":"2025-11-24T20:55:35","slug":"campo-quildaco-hualaihue-region-de-los-lagos","status":"publish","type":"product","link":"https:\/\/produncan.cl\/fr\/produit\/campo-quildaco-hualaihue-region-de-los-lagos\/","title":{"rendered":"Campo Quildaco &#8211; Hualaihu\u00e9 &#8211; R\u00e9gion de Los Lagos"},"content":{"rendered":"\t\t<div data-elementor-type=\"product-post\" data-elementor-id=\"29945\" class=\"elementor elementor-29945 elementor-29483\" data-elementor-post-type=\"product\">\n\t\t\t\t<div class=\"elementor-element elementor-element-86315eb e-flex e-con-boxed e-con e-parent\" data-id=\"86315eb\" data-element_type=\"container\" data-e-type=\"container\" data-settings=\"{&quot;jet_parallax_layout_list&quot;:[]}\">\n\t\t\t\t\t<div class=\"e-con-inner\">\n\t\t\t\t<div class=\"elementor-element elementor-element-2d9f83b elementor-widget elementor-widget-heading\" data-id=\"2d9f83b\" data-element_type=\"widget\" data-e-type=\"widget\" data-widget_type=\"heading.default\">\n\t\t\t\t\t<h2 class=\"elementor-heading-title elementor-size-default\">Campo Quildaco, un refuge naturel dans les environs du Hornopir\u00e9n<\/h2>\t\t\t\t<\/div>\n\t\t\t\t\t<\/div>\n\t\t\t\t<\/div>\n\t\t<div class=\"elementor-element elementor-element-02d429b e-flex e-con-boxed e-con e-parent\" data-id=\"02d429b\" data-element_type=\"container\" data-e-type=\"container\" data-settings=\"{&quot;jet_parallax_layout_list&quot;:[]}\">\n\t\t\t\t\t<div class=\"e-con-inner\">\n\t\t\t\t<div class=\"elementor-element elementor-element-1f1fb66 elementor-widget elementor-widget-text-editor\" data-id=\"1f1fb66\" data-element_type=\"widget\" data-e-type=\"widget\" data-widget_type=\"text-editor.default\">\n\t\t\t\t\t\t\t\t\t<p>Ce beau domaine de 151,69 hectares offre une opportunit\u00e9 unique \u00e0 ceux qui cherchent \u00e0 avoir la proximit\u00e9 des villes de Hornopir\u00e9n et Puerto Montt, avec le confort d&#8217;avoir un acc\u00e8s direct \u00e0 la route.<\/p><p>Pour atteindre la campagne depuis Puerto Montt, on se dirige vers le sud sur la route sud jusqu&#8217;\u00e0 Hornopir\u00e9n, puis un passage par barge a lieu. La ville de Puerto Montt est situ\u00e9e \u00e0 63 kilom\u00e8tres.<\/p><p>Sa superficie totale couvre 151,69 hectares et son prix de vente est de 1 550 000 000 $. Le champ a son propre r\u00f4le et est class\u00e9 comme sol agricole.<\/p><p>L&#8217;\u00e9lectricit\u00e9 est fournie par le SESA et l&#8217;eau traverse 2,4 km de rivi\u00e8re. En outre, le terrain est \u00e0 1,32 km de la route. Le champ ne sert pas d&#8217;autres terres.<\/p><p>En termes de construction, il comprend une vieille maison avec \u00e9tourdissement, une cave et un gallon.<\/p><p>La topographie est vari\u00e9e avec des pentes et des secteurs plats, avec une composition de 90% des arbres indig\u00e8nes tels que l&#8217;alerce, la cannelle, le tepu, le luma, le tepa, le matin et l&#8217;ulmo. Il a \u00e9galement des fruits tels que cerises et pommiers. Il a un plan de gestion foresti\u00e8re existant.<\/p><p>L&#8217;endroit est id\u00e9al pour la gestion foresti\u00e8re, le tourisme, la conservation, le d\u00e9veloppement de macro-lots et la production de miel d&#8217;abeille.<\/p><p>Depuis l&#8217;a\u00e9roport d&#8217;El Tepual, l&#8217;itin\u00e9raire est d&#8217;environ 2 heures et 30 minutes. Il y a les transports en commun quatre fois par jour et le signal de t\u00e9l\u00e9communications est bon, avec la couverture d&#8217;Entel et Movistar.<\/p><p>A quelques kilom\u00e8tres, vous trouverez une vari\u00e9t\u00e9 d&#8217;attractions telles que le parc national Hornopir\u00e9n, les eaux thermales de Cahuelm\u00f3, les cascades de la rivi\u00e8re Noire. En outre, ne manquez pas les merveilles voisines telles que les sources thermales de Pichicolo, l&#8217;impressionnante rivi\u00e8re Cisnes, les chutes d&#8217;eau de la rivi\u00e8re White, les sources thermales de Llancahue, et la mont\u00e9e passionnante vers le volcan.<\/p><p>Le climat temp\u00e9r\u00e9 pluvieux, influenc\u00e9 par son emplacement pr\u00e8s des fjords, pr\u00e9vaut. Il subit des pr\u00e9cipitations toute l&#8217;ann\u00e9e, avec des pluies plus abondantes entre mai et septembre. Les temp\u00e9ratures estivales varient de 10 \u00b0 C \u00e0 21 \u00b0 C, tandis que les hivers sont plus froids, avec des temp\u00e9ratures autour de 5 \u00b0 C \u00e0 10 \u00b0 C Il est courant que des nuages bas et du brouillard se forment dans la r\u00e9gion, ce qui contribue \u00e0 sa for\u00eat caract\u00e9ristique et \u00e0 son paysage humide.<\/p><p>Modalit\u00e9s de paiement<\/p><p>Le champ peut \u00eatre acquis de deux fa\u00e7ons :<\/p><ol><li>Termin\u00e9 : Pour ceux qui veulent les 151,69 hectares.<\/li><li>Partiellement : Avec un minimum de 50 hectares, la valeur par hectare varie selon la superficie choisie.<\/li><\/ol><div><\/div><p>Ne manquez pas la chance de poss\u00e9der ce paradis naturel dans la r\u00e9gion de Los Lagos!<\/p>\t\t\t\t\t\t\t\t<\/div>\n\t\t\t\t\t<\/div>\n\t\t\t\t<\/div>\n\t\t\t\t<\/div>\n\t\t","protected":false},"excerpt":{"rendered":"<p>Champ de 150 hectares situ\u00e9 sur la route de Hornopir\u00e9n, avec 2,4 km de rivi\u00e8re, une for\u00eat principalement indig\u00e8ne, l&#8217;\u00e9lectricit\u00e9, le signal, ainsi que directement adjacent \u00e0 la Carretera Austral.<\/p>\n","protected":false},"featured_media":29488,"template":"","meta":{"_acf_changed":false},"product_brand":[],"product_cat":[113],"product_tag":[233],"regiones":[226],"ciudades":[252],"class_list":{"0":"post-29945","1":"product","2":"type-product","3":"status-publish","4":"has-post-thumbnail","6":"product_cat-ohiggins-los-lagos-fr","7":"product_tag-champs","8":"regiones-nuble-los_lagos","9":"ciudades-hornopiren","11":"first","12":"instock","13":"sold-individually","14":"shipping-taxable","15":"purchasable","16":"product-type-simple"},"acf":[],"yoast_head":"<!-- This site is optimized with the Yoast SEO Premium plugin v26.0 (Yoast SEO v27.3) - https:\/\/yoast.com\/product\/yoast-seo-premium-wordpress\/ -->\n<title>Campo Quildaco - Hualaihu\u00e9 - R\u00e9gion de Los Lagos - Produncan<\/title>\n<meta name=\"description\" content=\"Campo Quildaco a 150 hectares situ\u00e9s sur la route de Hornopir\u00e9n, avec 2,4 km de rivi\u00e8re, for\u00eat, \u00e9lectricit\u00e9, signal, adjacent \u00e0 la Carretera Austral\" \/>\n<meta name=\"robots\" content=\"index, follow, max-snippet:-1, max-image-preview:large, max-video-preview:-1\" \/>\n<link rel=\"canonical\" href=\"https:\/\/produncan.cl\/fr\/produit\/campo-quildaco-hualaihue-region-de-los-lagos\/\" \/>\n<meta property=\"og:locale\" content=\"fr_FR\" \/>\n<meta property=\"og:type\" content=\"article\" \/>\n<meta property=\"og:title\" content=\"Campo Quildaco - Hualaihu\u00e9 - R\u00e9gion de Los Lagos\" \/>\n<meta property=\"og:description\" content=\"Campo Quildaco a 150 hectares situ\u00e9s sur la route de Hornopir\u00e9n, avec 2,4 km de rivi\u00e8re, for\u00eat, \u00e9lectricit\u00e9, signal, adjacent \u00e0 la Carretera Austral\" \/>\n<meta property=\"og:url\" content=\"https:\/\/produncan.cl\/fr\/produit\/campo-quildaco-hualaihue-region-de-los-lagos\/\" \/>\n<meta property=\"og:site_name\" content=\"Produncan\" \/>\n<meta property=\"article:publisher\" content=\"https:\/\/web.facebook.com\/produncanland\" \/>\n<meta property=\"article:modified_time\" content=\"2025-11-24T20:55:35+00:00\" \/>\n<meta property=\"og:image\" content=\"https:\/\/produncan.cl\/wp-content\/uploads\/2024\/05\/Campo-Quildaco-en-venta.webp\" \/>\n\t<meta property=\"og:image:width\" content=\"600\" \/>\n\t<meta property=\"og:image:height\" content=\"450\" \/>\n\t<meta property=\"og:image:type\" content=\"image\/webp\" \/>\n<meta name=\"twitter:card\" content=\"summary_large_image\" \/>\n<meta name=\"twitter:label1\" content=\"Price\" \/>\n\t<meta name=\"twitter:data1\" content=\"USD1.303.400,00\" \/>\n\t<meta name=\"twitter:label2\" content=\"Availability\" \/>\n\t<meta name=\"twitter:data2\" content=\"In stock\" \/>\n<script type=\"application\/ld+json\" class=\"yoast-schema-graph\">{\"@context\":\"https:\\\/\\\/schema.org\",\"@graph\":[{\"@type\":\"WebPage\",\"@id\":\"https:\\\/\\\/produncan.cl\\\/fr\\\/produit\\\/campo-quildaco-hualaihue-region-de-los-lagos\\\/\",\"url\":\"https:\\\/\\\/produncan.cl\\\/fr\\\/produit\\\/campo-quildaco-hualaihue-region-de-los-lagos\\\/\",\"name\":\"Campo Quildaco - Hualaihu\u00e9 - R\u00e9gion de Los Lagos - Produncan\",\"isPartOf\":{\"@id\":\"https:\\\/\\\/produncan.cl\\\/fr\\\/#website\"},\"primaryImageOfPage\":{\"@id\":\"https:\\\/\\\/produncan.cl\\\/fr\\\/produit\\\/campo-quildaco-hualaihue-region-de-los-lagos\\\/#primaryimage\"},\"image\":{\"@id\":\"https:\\\/\\\/produncan.cl\\\/fr\\\/produit\\\/campo-quildaco-hualaihue-region-de-los-lagos\\\/#primaryimage\"},\"thumbnailUrl\":\"https:\\\/\\\/produncan.cl\\\/wp-content\\\/uploads\\\/2024\\\/05\\\/Campo-Quildaco-en-venta.webp\",\"datePublished\":\"2024-04-02T14:20:53+00:00\",\"dateModified\":\"2025-11-24T20:55:35+00:00\",\"description\":\"Campo Quildaco a 150 hectares situ\u00e9s sur la route de Hornopir\u00e9n, avec 2,4 km de rivi\u00e8re, for\u00eat, \u00e9lectricit\u00e9, signal, adjacent \u00e0 la Carretera Austral\",\"breadcrumb\":{\"@id\":\"https:\\\/\\\/produncan.cl\\\/fr\\\/produit\\\/campo-quildaco-hualaihue-region-de-los-lagos\\\/#breadcrumb\"},\"inLanguage\":\"fr-FR\",\"potentialAction\":[{\"@type\":\"ReadAction\",\"target\":[\"https:\\\/\\\/produncan.cl\\\/fr\\\/produit\\\/campo-quildaco-hualaihue-region-de-los-lagos\\\/\"]}]},{\"@type\":\"ImageObject\",\"inLanguage\":\"fr-FR\",\"@id\":\"https:\\\/\\\/produncan.cl\\\/fr\\\/produit\\\/campo-quildaco-hualaihue-region-de-los-lagos\\\/#primaryimage\",\"url\":\"https:\\\/\\\/produncan.cl\\\/wp-content\\\/uploads\\\/2024\\\/05\\\/Campo-Quildaco-en-venta.webp\",\"contentUrl\":\"https:\\\/\\\/produncan.cl\\\/wp-content\\\/uploads\\\/2024\\\/05\\\/Campo-Quildaco-en-venta.webp\",\"width\":600,\"height\":450,\"caption\":\"Champ Quildaco \u00e0 vendre\"},{\"@type\":\"BreadcrumbList\",\"@id\":\"https:\\\/\\\/produncan.cl\\\/fr\\\/produit\\\/campo-quildaco-hualaihue-region-de-los-lagos\\\/#breadcrumb\",\"itemListElement\":[{\"@type\":\"ListItem\",\"position\":1,\"name\":\"Inicio\",\"item\":\"https:\\\/\\\/produncan.cl\\\/fr\\\/\"},{\"@type\":\"ListItem\",\"position\":2,\"name\":\"Propri\u00e9t\u00e9s\",\"item\":\"https:\\\/\\\/produncan.cl\\\/propiedades\\\/\"},{\"@type\":\"ListItem\",\"position\":3,\"name\":\"Champs\",\"item\":\"https:\\\/\\\/produncan.cl\\\/fr\\\/cat&eacute;gorie\\\/champs\\\/\"},{\"@type\":\"ListItem\",\"position\":4,\"name\":\"Campo Quildaco &#8211; Hualaihu\u00e9 &#8211; R\u00e9gion de Los Lagos\"}]},{\"@type\":\"WebSite\",\"@id\":\"https:\\\/\\\/produncan.cl\\\/fr\\\/#website\",\"url\":\"https:\\\/\\\/produncan.cl\\\/fr\\\/\",\"name\":\"Produncan\",\"description\":\"Nous vous accompagnons dans votre projet de vie !\",\"publisher\":{\"@id\":\"https:\\\/\\\/produncan.cl\\\/fr\\\/#organization\"},\"potentialAction\":[{\"@type\":\"SearchAction\",\"target\":{\"@type\":\"EntryPoint\",\"urlTemplate\":\"https:\\\/\\\/produncan.cl\\\/fr\\\/?s={search_term_string}\"},\"query-input\":{\"@type\":\"PropertyValueSpecification\",\"valueRequired\":true,\"valueName\":\"search_term_string\"}}],\"inLanguage\":\"fr-FR\"},{\"@type\":\"Organization\",\"@id\":\"https:\\\/\\\/produncan.cl\\\/fr\\\/#organization\",\"name\":\"Produncan\",\"url\":\"https:\\\/\\\/produncan.cl\\\/fr\\\/\",\"logo\":{\"@type\":\"ImageObject\",\"inLanguage\":\"fr-FR\",\"@id\":\"https:\\\/\\\/produncan.cl\\\/fr\\\/#\\\/schema\\\/logo\\\/image\\\/\",\"url\":\"https:\\\/\\\/produncan.cl\\\/wp-content\\\/uploads\\\/2021\\\/03\\\/LOGO.jpeg\",\"contentUrl\":\"https:\\\/\\\/produncan.cl\\\/wp-content\\\/uploads\\\/2021\\\/03\\\/LOGO.jpeg\",\"width\":1280,\"height\":903,\"caption\":\"Produncan\"},\"image\":{\"@id\":\"https:\\\/\\\/produncan.cl\\\/fr\\\/#\\\/schema\\\/logo\\\/image\\\/\"},\"sameAs\":[\"https:\\\/\\\/web.facebook.com\\\/produncanland\",\"https:\\\/\\\/www.instagram.com\\\/pro_duncan\\\/\",\"https:\\\/\\\/www.linkedin.com\\\/company\\\/produncan-lands\\\/\",\"https:\\\/\\\/www.youtube.com\\\/channel\\\/UCu7N-f3x0svkazD-Eew1-QQ\"],\"description\":\"En Produncan somos especialistas en la venta de terrenos en el sur de Chile. Proveemos estancias, campos, parcelas y hoteles.\",\"email\":\"info@produncan.cl\"}]}<\/script>\n<meta property=\"og:video\" content=\"https:\/\/www.youtube.com\/embed\/NJuFQdE_EiQ\" \/>\n<meta property=\"og:video:type\" content=\"text\/html\" \/>\n<meta property=\"og:video:duration\" content=\"64\" \/>\n<meta property=\"og:video:width\" content=\"480\" \/>\n<meta property=\"og:video:height\" content=\"360\" \/>\n<meta property=\"ya:ovs:adult\" content=\"false\" \/>\n<meta property=\"ya:ovs:upload_date\" content=\"2024-04-02T14:20:53+00:00\" \/>\n<meta property=\"ya:ovs:allow_embed\" content=\"true\" \/>\n<meta property=\"product:price:amount\" content=\"1303400.00\" \/>\n<meta property=\"product:price:currency\" content=\"USD\" \/>\n<meta property=\"og:availability\" content=\"instock\" \/>\n<meta property=\"product:availability\" content=\"instock\" \/>\n<meta property=\"product:condition\" content=\"new\" \/>\n<!-- \/ Yoast SEO Premium plugin. -->","yoast_head_json":{"title":"Campo Quildaco - Hualaihu\u00e9 - R\u00e9gion de Los Lagos - Produncan","description":"Campo Quildaco a 150 hectares situ\u00e9s sur la route de Hornopir\u00e9n, avec 2,4 km de rivi\u00e8re, for\u00eat, \u00e9lectricit\u00e9, signal, adjacent \u00e0 la Carretera Austral","robots":{"index":"index","follow":"follow","max-snippet":"max-snippet:-1","max-image-preview":"max-image-preview:large","max-video-preview":"max-video-preview:-1"},"canonical":"https:\/\/produncan.cl\/fr\/produit\/campo-quildaco-hualaihue-region-de-los-lagos\/","og_locale":"fr_FR","og_type":"article","og_title":"Campo Quildaco - Hualaihu\u00e9 - R\u00e9gion de Los Lagos","og_description":"Campo Quildaco a 150 hectares situ\u00e9s sur la route de Hornopir\u00e9n, avec 2,4 km de rivi\u00e8re, for\u00eat, \u00e9lectricit\u00e9, signal, adjacent \u00e0 la Carretera Austral","og_url":"https:\/\/produncan.cl\/fr\/produit\/campo-quildaco-hualaihue-region-de-los-lagos\/","og_site_name":"Produncan","article_publisher":"https:\/\/web.facebook.com\/produncanland","article_modified_time":"2025-11-24T20:55:35+00:00","og_image":[{"width":600,"height":450,"url":"https:\/\/produncan.cl\/wp-content\/uploads\/2024\/05\/Campo-Quildaco-en-venta.webp","type":"image\/webp"}],"twitter_card":"summary_large_image","twitter_misc":{"Price":"USD1.303.400,00","Availability":"In stock"},"schema":{"@context":"https:\/\/schema.org","@graph":[{"@type":"WebPage","@id":"https:\/\/produncan.cl\/fr\/produit\/campo-quildaco-hualaihue-region-de-los-lagos\/","url":"https:\/\/produncan.cl\/fr\/produit\/campo-quildaco-hualaihue-region-de-los-lagos\/","name":"Campo Quildaco - Hualaihu\u00e9 - R\u00e9gion de Los Lagos - Produncan","isPartOf":{"@id":"https:\/\/produncan.cl\/fr\/#website"},"primaryImageOfPage":{"@id":"https:\/\/produncan.cl\/fr\/produit\/campo-quildaco-hualaihue-region-de-los-lagos\/#primaryimage"},"image":{"@id":"https:\/\/produncan.cl\/fr\/produit\/campo-quildaco-hualaihue-region-de-los-lagos\/#primaryimage"},"thumbnailUrl":"https:\/\/produncan.cl\/wp-content\/uploads\/2024\/05\/Campo-Quildaco-en-venta.webp","datePublished":"2024-04-02T14:20:53+00:00","dateModified":"2025-11-24T20:55:35+00:00","description":"Campo Quildaco a 150 hectares situ\u00e9s sur la route de Hornopir\u00e9n, avec 2,4 km de rivi\u00e8re, for\u00eat, \u00e9lectricit\u00e9, signal, adjacent \u00e0 la Carretera Austral","breadcrumb":{"@id":"https:\/\/produncan.cl\/fr\/produit\/campo-quildaco-hualaihue-region-de-los-lagos\/#breadcrumb"},"inLanguage":"fr-FR","potentialAction":[{"@type":"ReadAction","target":["https:\/\/produncan.cl\/fr\/produit\/campo-quildaco-hualaihue-region-de-los-lagos\/"]}]},{"@type":"ImageObject","inLanguage":"fr-FR","@id":"https:\/\/produncan.cl\/fr\/produit\/campo-quildaco-hualaihue-region-de-los-lagos\/#primaryimage","url":"https:\/\/produncan.cl\/wp-content\/uploads\/2024\/05\/Campo-Quildaco-en-venta.webp","contentUrl":"https:\/\/produncan.cl\/wp-content\/uploads\/2024\/05\/Campo-Quildaco-en-venta.webp","width":600,"height":450,"caption":"Champ Quildaco \u00e0 vendre"},{"@type":"BreadcrumbList","@id":"https:\/\/produncan.cl\/fr\/produit\/campo-quildaco-hualaihue-region-de-los-lagos\/#breadcrumb","itemListElement":[{"@type":"ListItem","position":1,"name":"Inicio","item":"https:\/\/produncan.cl\/fr\/"},{"@type":"ListItem","position":2,"name":"Propri\u00e9t\u00e9s","item":"https:\/\/produncan.cl\/propiedades\/"},{"@type":"ListItem","position":3,"name":"Champs","item":"https:\/\/produncan.cl\/fr\/cat&eacute;gorie\/champs\/"},{"@type":"ListItem","position":4,"name":"Campo Quildaco &#8211; Hualaihu\u00e9 &#8211; R\u00e9gion de Los Lagos"}]},{"@type":"WebSite","@id":"https:\/\/produncan.cl\/fr\/#website","url":"https:\/\/produncan.cl\/fr\/","name":"Produncan","description":"Nous vous accompagnons dans votre projet de vie !","publisher":{"@id":"https:\/\/produncan.cl\/fr\/#organization"},"potentialAction":[{"@type":"SearchAction","target":{"@type":"EntryPoint","urlTemplate":"https:\/\/produncan.cl\/fr\/?s={search_term_string}"},"query-input":{"@type":"PropertyValueSpecification","valueRequired":true,"valueName":"search_term_string"}}],"inLanguage":"fr-FR"},{"@type":"Organization","@id":"https:\/\/produncan.cl\/fr\/#organization","name":"Produncan","url":"https:\/\/produncan.cl\/fr\/","logo":{"@type":"ImageObject","inLanguage":"fr-FR","@id":"https:\/\/produncan.cl\/fr\/#\/schema\/logo\/image\/","url":"https:\/\/produncan.cl\/wp-content\/uploads\/2021\/03\/LOGO.jpeg","contentUrl":"https:\/\/produncan.cl\/wp-content\/uploads\/2021\/03\/LOGO.jpeg","width":1280,"height":903,"caption":"Produncan"},"image":{"@id":"https:\/\/produncan.cl\/fr\/#\/schema\/logo\/image\/"},"sameAs":["https:\/\/web.facebook.com\/produncanland","https:\/\/www.instagram.com\/pro_duncan\/","https:\/\/www.linkedin.com\/company\/produncan-lands\/","https:\/\/www.youtube.com\/channel\/UCu7N-f3x0svkazD-Eew1-QQ"],"description":"En Produncan somos especialistas en la venta de terrenos en el sur de Chile. Proveemos estancias, campos, parcelas y hoteles.","email":"info@produncan.cl"}]},"og_video":"https:\/\/www.youtube.com\/embed\/NJuFQdE_EiQ","og_video_type":"text\/html","og_video_duration":"64","og_video_width":"480","og_video_height":"360","ya_ovs_adult":"false","ya_ovs_upload_date":"2024-04-02T14:20:53+00:00","ya_ovs_allow_embed":"true","product_price_amount":"1303400.00","product_price_currency":"USD","og_availability":"instock","product_availability":"instock","product_condition":"new"},"_links":{"self":[{"href":"https:\/\/produncan.cl\/fr\/wp-json\/wp\/v2\/product\/29945","targetHints":{"allow":["GET"]}}],"collection":[{"href":"https:\/\/produncan.cl\/fr\/wp-json\/wp\/v2\/product"}],"about":[{"href":"https:\/\/produncan.cl\/fr\/wp-json\/wp\/v2\/types\/product"}],"version-history":[{"count":2,"href":"https:\/\/produncan.cl\/fr\/wp-json\/wp\/v2\/product\/29945\/revisions"}],"predecessor-version":[{"id":52546,"href":"https:\/\/produncan.cl\/fr\/wp-json\/wp\/v2\/product\/29945\/revisions\/52546"}],"wp:featuredmedia":[{"embeddable":true,"href":"https:\/\/produncan.cl\/fr\/wp-json\/wp\/v2\/media\/29488"}],"wp:attachment":[{"href":"https:\/\/produncan.cl\/fr\/wp-json\/wp\/v2\/media?parent=29945"}],"wp:term":[{"taxonomy":"product_brand","embeddable":true,"href":"https:\/\/produncan.cl\/fr\/wp-json\/wp\/v2\/product_brand?post=29945"},{"taxonomy":"product_cat","embeddable":true,"href":"https:\/\/produncan.cl\/fr\/wp-json\/wp\/v2\/product_cat?post=29945"},{"taxonomy":"product_tag","embeddable":true,"href":"https:\/\/produncan.cl\/fr\/wp-json\/wp\/v2\/product_tag?post=29945"},{"taxonomy":"regiones","embeddable":true,"href":"https:\/\/produncan.cl\/fr\/wp-json\/wp\/v2\/regiones?post=29945"},{"taxonomy":"ciudades","embeddable":true,"href":"https:\/\/produncan.cl\/fr\/wp-json\/wp\/v2\/ciudades?post=29945"}],"curies":[{"name":"wp","href":"https:\/\/api.w.org\/{rel}","templated":true}]}}