{"id":29947,"date":"2020-05-16T21:37:43","date_gmt":"2020-05-17T01:37:43","guid":{"rendered":"https:\/\/produncan.cl\/producto\/campito-pradera-hermosa-los-muermos-region-des-lacs\/"},"modified":"2025-08-11T12:07:15","modified_gmt":"2025-08-11T16:07:15","slug":"campito-pradera-hermosa-los-muermos-region-des-lacs","status":"publish","type":"product","link":"https:\/\/produncan.cl\/fr\/produit\/campito-pradera-hermosa-los-muermos-region-des-lacs\/","title":{"rendered":"&#8220;Campito Pradera Hermosa &#8211; Los Muermos &#8211; R\u00e9gion des Lacs&#8221;"},"content":{"rendered":"\t\t<div data-elementor-type=\"product-post\" data-elementor-id=\"29947\" class=\"elementor elementor-29947 elementor-29750\" data-elementor-post-type=\"product\">\n\t\t\t\t<div class=\"elementor-element elementor-element-92e1d48 e-flex e-con-boxed e-con e-parent\" data-id=\"92e1d48\" data-element_type=\"container\" data-e-type=\"container\" data-settings=\"{&quot;jet_parallax_layout_list&quot;:[]}\">\n\t\t\t\t\t<div class=\"e-con-inner\">\n\t\t\t\t<div class=\"elementor-element elementor-element-5b4ed3d elementor-widget elementor-widget-heading\" data-id=\"5b4ed3d\" data-element_type=\"widget\" data-e-type=\"widget\" data-widget_type=\"heading.default\">\n\t\t\t\t\t<h2 class=\"elementor-heading-title elementor-size-default\">\"Champ avec des prairies parfaites et bord de rivi\u00e8re\"<\/h2>\t\t\t\t<\/div>\n\t\t\t\t\t<\/div>\n\t\t\t\t<\/div>\n\t\t<div class=\"elementor-element elementor-element-3b3c521 e-flex e-con-boxed e-con e-parent\" data-id=\"3b3c521\" data-element_type=\"container\" data-e-type=\"container\" data-settings=\"{&quot;jet_parallax_layout_list&quot;:[]}\">\n\t\t\t\t\t<div class=\"e-con-inner\">\n\t\t\t\t<div class=\"elementor-element elementor-element-253a68c elementor-widget elementor-widget-text-editor\" data-id=\"253a68c\" data-element_type=\"widget\" data-e-type=\"widget\" data-widget_type=\"text-editor.default\">\n\t\t\t\t\t\t\t\t\t&#8220;`html\n<p>Situ\u00e9 pr\u00e8s de la ville de Los Muermos, ce champ de 11,4 hectares avec des prairies parfaites, une belle vue et un acc\u00e8s direct \u00e0 la route, est un tr\u00e9sor pour ceux qui recherchent une vie sereine et en harmonie avec la nature.<\/p>\n<p>Avec un prix de vente de 137 000 000 $ et environ 250 m\u00e8tres de rivi\u00e8re, ce terrain repr\u00e9sente une opportunit\u00e9 in\u00e9gal\u00e9e pour avoir votre maison dans un endroit o\u00f9 vous pourrez d\u00e9velopper des activit\u00e9s agricoles et d&#8217;\u00e9levage.<\/p>\n<p>La topographie du terrain est douce, avec une partie plate \u00e0 une extr\u00e9mit\u00e9 du champ. La terre est fertile et adapt\u00e9e \u00e0 l&#8217;agriculture, ce qui constitue un avantage significatif pour la r\u00e9alisation de plantations, et poss\u00e8de une proportion de 80 % prairie et 20 % for\u00eat native.<\/p>\n<p>La propri\u00e9t\u00e9 dispose d&#8217;un acc\u00e8s \u00e0 l&#8217;\u00e9lectricit\u00e9 via une ligne de poteaux qui traverse la route et un chemin vicinal. Il suffit d&#8217;acqu\u00e9rir le raccordement avec l&#8217;entreprise de services. Pour l&#8217;approvisionnement en eau, le champ dispose de sources et de la rivi\u00e8re. Le signal t\u00e9l\u00e9phonique est bon et le p\u00e9rim\u00e8tre du champ est cl\u00f4tur\u00e9, sauf dans la partie qui borde la rivi\u00e8re.<\/p>\n<p>En ce qui concerne la flore, le champ abrite des esp\u00e8ces telles que le Coig\u00fce, le Ma\u00f1\u00edo, le Tepa, le Canelo et le Luma, en faisant un v\u00e9ritable paradis pour les amoureux de la nature.<\/p>\n<p>L&#8217;acc\u00e8s au champ est direct via une route asphalt\u00e9e, garantissant une connectivit\u00e9 confortable et simple. \u00c0 seulement une heure de l&#8217;a\u00e9roport et pr\u00e8s de Los Muermos, l&#8217;emplacement est parfait pour ceux qui recherchent un refuge tranquille sans renoncer aux commodit\u00e9s urbaines.<\/p>\n&#8220;`\t\t\t\t\t\t\t\t<\/div>\n\t\t\t\t\t<\/div>\n\t\t\t\t<\/div>\n\t\t\t\t<\/div>\n\t\t","protected":false},"excerpt":{"rendered":"<p>&#8220;Petit champ avec rivi\u00e8re, adjacent \u00e0 la route, principalement prairie, avec \u00e9lectricit\u00e9, belle vue et \u00e0 seulement 15 minutes de Los Muermos.&#8221;<\/p>\n","protected":false},"featured_media":31532,"template":"","meta":{"_acf_changed":false},"product_brand":[],"product_cat":[113],"product_tag":[233,236],"regiones":[226],"ciudades":[214,216],"class_list":{"0":"post-29947","1":"product","2":"type-product","3":"status-publish","4":"has-post-thumbnail","6":"product_cat-ohiggins-los-lagos-fr","7":"product_tag-champs","8":"product_tag-parcelles","9":"regiones-nuble-los_lagos","10":"ciudades-fresia","11":"ciudades-los-muermos","13":"first","14":"outofstock","15":"sold-individually","16":"shipping-taxable","17":"product-type-simple"},"acf":[],"yoast_head":"<!-- This site is optimized with the Yoast SEO Premium plugin v26.0 (Yoast SEO v27.3) - https:\/\/yoast.com\/product\/yoast-seo-premium-wordpress\/ -->\n<title>&quot;Campito Pradera Hermosa - Los Muermos - R\u00e9gion des Lacs&quot; - Produncan<\/title>\n<meta name=\"description\" content=\"&quot;Petit champ de 1 hectare avec rivi\u00e8re, jouxtant la route, principalement prairie, \u00e9lectricit\u00e9, belle vue et \u00e0 seulement 15 minutes de Los Muermos.&quot;\" \/>\n<meta name=\"robots\" content=\"index, follow, max-snippet:-1, max-image-preview:large, max-video-preview:-1\" \/>\n<link rel=\"canonical\" href=\"https:\/\/produncan.cl\/fr\/produit\/campito-pradera-hermosa-los-muermos-region-des-lacs\/\" \/>\n<meta property=\"og:locale\" content=\"fr_FR\" \/>\n<meta property=\"og:type\" content=\"article\" \/>\n<meta property=\"og:title\" content=\"&quot;Campito Pradera Hermosa - Los Muermos - R\u00e9gion des Lacs&quot;\" \/>\n<meta property=\"og:description\" content=\"&quot;Petit champ de 1 hectare avec rivi\u00e8re, jouxtant la route, principalement prairie, \u00e9lectricit\u00e9, belle vue et \u00e0 seulement 15 minutes de Los Muermos.&quot;\" \/>\n<meta property=\"og:url\" content=\"https:\/\/produncan.cl\/fr\/produit\/campito-pradera-hermosa-los-muermos-region-des-lacs\/\" \/>\n<meta property=\"og:site_name\" content=\"Produncan\" \/>\n<meta property=\"article:publisher\" content=\"https:\/\/web.facebook.com\/produncanland\" \/>\n<meta property=\"article:modified_time\" content=\"2025-08-11T16:07:15+00:00\" \/>\n<meta property=\"og:image\" content=\"https:\/\/produncan.cl\/wp-content\/uploads\/2021\/05\/Campito-Pradera-Hermosa-vendido.jpg\" \/>\n\t<meta property=\"og:image:width\" content=\"600\" \/>\n\t<meta property=\"og:image:height\" content=\"450\" \/>\n\t<meta property=\"og:image:type\" content=\"image\/jpeg\" \/>\n<meta name=\"twitter:card\" content=\"summary_large_image\" \/>\n<meta name=\"twitter:label1\" content=\"Price\" \/>\n\t<meta name=\"twitter:data1\" content=\"\" \/>\n\t<meta name=\"twitter:label2\" content=\"Availability\" \/>\n\t<meta name=\"twitter:data2\" content=\"Out of stock\" \/>\n<script type=\"application\/ld+json\" class=\"yoast-schema-graph\">{\"@context\":\"https:\\\/\\\/schema.org\",\"@graph\":[{\"@type\":\"WebPage\",\"@id\":\"https:\\\/\\\/produncan.cl\\\/fr\\\/produit\\\/campito-pradera-hermosa-los-muermos-region-des-lacs\\\/\",\"url\":\"https:\\\/\\\/produncan.cl\\\/fr\\\/produit\\\/campito-pradera-hermosa-los-muermos-region-des-lacs\\\/\",\"name\":\"\\\"Campito Pradera Hermosa - Los Muermos - R\u00e9gion des Lacs\\\" - Produncan\",\"isPartOf\":{\"@id\":\"https:\\\/\\\/produncan.cl\\\/fr\\\/#website\"},\"primaryImageOfPage\":{\"@id\":\"https:\\\/\\\/produncan.cl\\\/fr\\\/produit\\\/campito-pradera-hermosa-los-muermos-region-des-lacs\\\/#primaryimage\"},\"image\":{\"@id\":\"https:\\\/\\\/produncan.cl\\\/fr\\\/produit\\\/campito-pradera-hermosa-los-muermos-region-des-lacs\\\/#primaryimage\"},\"thumbnailUrl\":\"https:\\\/\\\/produncan.cl\\\/wp-content\\\/uploads\\\/2021\\\/05\\\/Campito-Pradera-Hermosa-vendido.jpg\",\"datePublished\":\"2020-05-17T01:37:43+00:00\",\"dateModified\":\"2025-08-11T16:07:15+00:00\",\"description\":\"\\\"Petit champ de 1 hectare avec rivi\u00e8re, jouxtant la route, principalement prairie, \u00e9lectricit\u00e9, belle vue et \u00e0 seulement 15 minutes de Los Muermos.\\\"\",\"breadcrumb\":{\"@id\":\"https:\\\/\\\/produncan.cl\\\/fr\\\/produit\\\/campito-pradera-hermosa-los-muermos-region-des-lacs\\\/#breadcrumb\"},\"inLanguage\":\"fr-FR\",\"potentialAction\":[{\"@type\":\"ReadAction\",\"target\":[\"https:\\\/\\\/produncan.cl\\\/fr\\\/produit\\\/campito-pradera-hermosa-los-muermos-region-des-lacs\\\/\"]}]},{\"@type\":\"ImageObject\",\"inLanguage\":\"fr-FR\",\"@id\":\"https:\\\/\\\/produncan.cl\\\/fr\\\/produit\\\/campito-pradera-hermosa-los-muermos-region-des-lacs\\\/#primaryimage\",\"url\":\"https:\\\/\\\/produncan.cl\\\/wp-content\\\/uploads\\\/2021\\\/05\\\/Campito-Pradera-Hermosa-vendido.jpg\",\"contentUrl\":\"https:\\\/\\\/produncan.cl\\\/wp-content\\\/uploads\\\/2021\\\/05\\\/Campito-Pradera-Hermosa-vendido.jpg\",\"width\":600,\"height\":450},{\"@type\":\"BreadcrumbList\",\"@id\":\"https:\\\/\\\/produncan.cl\\\/fr\\\/produit\\\/campito-pradera-hermosa-los-muermos-region-des-lacs\\\/#breadcrumb\",\"itemListElement\":[{\"@type\":\"ListItem\",\"position\":1,\"name\":\"Inicio\",\"item\":\"https:\\\/\\\/produncan.cl\\\/fr\\\/\"},{\"@type\":\"ListItem\",\"position\":2,\"name\":\"Propri\u00e9t\u00e9s\",\"item\":\"https:\\\/\\\/produncan.cl\\\/propiedades\\\/\"},{\"@type\":\"ListItem\",\"position\":3,\"name\":\"Champs\",\"item\":\"https:\\\/\\\/produncan.cl\\\/fr\\\/cat&eacute;gorie\\\/champs\\\/\"},{\"@type\":\"ListItem\",\"position\":4,\"name\":\"&#8220;Campito Pradera Hermosa &#8211; Los Muermos &#8211; R\u00e9gion des Lacs&#8221;\"}]},{\"@type\":\"WebSite\",\"@id\":\"https:\\\/\\\/produncan.cl\\\/fr\\\/#website\",\"url\":\"https:\\\/\\\/produncan.cl\\\/fr\\\/\",\"name\":\"Produncan\",\"description\":\"Nous vous accompagnons dans votre projet de vie !\",\"publisher\":{\"@id\":\"https:\\\/\\\/produncan.cl\\\/fr\\\/#organization\"},\"potentialAction\":[{\"@type\":\"SearchAction\",\"target\":{\"@type\":\"EntryPoint\",\"urlTemplate\":\"https:\\\/\\\/produncan.cl\\\/fr\\\/?s={search_term_string}\"},\"query-input\":{\"@type\":\"PropertyValueSpecification\",\"valueRequired\":true,\"valueName\":\"search_term_string\"}}],\"inLanguage\":\"fr-FR\"},{\"@type\":\"Organization\",\"@id\":\"https:\\\/\\\/produncan.cl\\\/fr\\\/#organization\",\"name\":\"Produncan\",\"url\":\"https:\\\/\\\/produncan.cl\\\/fr\\\/\",\"logo\":{\"@type\":\"ImageObject\",\"inLanguage\":\"fr-FR\",\"@id\":\"https:\\\/\\\/produncan.cl\\\/fr\\\/#\\\/schema\\\/logo\\\/image\\\/\",\"url\":\"https:\\\/\\\/produncan.cl\\\/wp-content\\\/uploads\\\/2021\\\/03\\\/LOGO.jpeg\",\"contentUrl\":\"https:\\\/\\\/produncan.cl\\\/wp-content\\\/uploads\\\/2021\\\/03\\\/LOGO.jpeg\",\"width\":1280,\"height\":903,\"caption\":\"Produncan\"},\"image\":{\"@id\":\"https:\\\/\\\/produncan.cl\\\/fr\\\/#\\\/schema\\\/logo\\\/image\\\/\"},\"sameAs\":[\"https:\\\/\\\/web.facebook.com\\\/produncanland\",\"https:\\\/\\\/www.instagram.com\\\/pro_duncan\\\/\",\"https:\\\/\\\/www.linkedin.com\\\/company\\\/produncan-lands\\\/\",\"https:\\\/\\\/www.youtube.com\\\/channel\\\/UCu7N-f3x0svkazD-Eew1-QQ\"],\"description\":\"En Produncan somos especialistas en la venta de terrenos en el sur de Chile. Proveemos estancias, campos, parcelas y hoteles.\",\"email\":\"info@produncan.cl\"}]}<\/script>\n<meta property=\"og:video\" content=\"https:\/\/www.youtube.com\/embed\/qWMFtDlDd6Y\" \/>\n<meta property=\"og:video:type\" content=\"text\/html\" \/>\n<meta property=\"og:video:duration\" content=\"80\" \/>\n<meta property=\"og:video:width\" content=\"480\" \/>\n<meta property=\"og:video:height\" content=\"360\" \/>\n<meta property=\"ya:ovs:adult\" content=\"false\" \/>\n<meta property=\"ya:ovs:upload_date\" content=\"2020-05-17T01:37:43+00:00\" \/>\n<meta property=\"ya:ovs:allow_embed\" content=\"true\" \/>\n<meta property=\"product:price:currency\" content=\"USD\" \/>\n<meta property=\"og:availability\" content=\"out of stock\" \/>\n<meta property=\"product:availability\" content=\"out of stock\" \/>\n<meta property=\"product:condition\" content=\"new\" \/>\n<!-- \/ Yoast SEO Premium plugin. -->","yoast_head_json":{"title":"\"Campito Pradera Hermosa - Los Muermos - R\u00e9gion des Lacs\" - Produncan","description":"\"Petit champ de 1 hectare avec rivi\u00e8re, jouxtant la route, principalement prairie, \u00e9lectricit\u00e9, belle vue et \u00e0 seulement 15 minutes de Los Muermos.\"","robots":{"index":"index","follow":"follow","max-snippet":"max-snippet:-1","max-image-preview":"max-image-preview:large","max-video-preview":"max-video-preview:-1"},"canonical":"https:\/\/produncan.cl\/fr\/produit\/campito-pradera-hermosa-los-muermos-region-des-lacs\/","og_locale":"fr_FR","og_type":"article","og_title":"\"Campito Pradera Hermosa - Los Muermos - R\u00e9gion des Lacs\"","og_description":"\"Petit champ de 1 hectare avec rivi\u00e8re, jouxtant la route, principalement prairie, \u00e9lectricit\u00e9, belle vue et \u00e0 seulement 15 minutes de Los Muermos.\"","og_url":"https:\/\/produncan.cl\/fr\/produit\/campito-pradera-hermosa-los-muermos-region-des-lacs\/","og_site_name":"Produncan","article_publisher":"https:\/\/web.facebook.com\/produncanland","article_modified_time":"2025-08-11T16:07:15+00:00","og_image":[{"width":600,"height":450,"url":"https:\/\/produncan.cl\/wp-content\/uploads\/2021\/05\/Campito-Pradera-Hermosa-vendido.jpg","type":"image\/jpeg"}],"twitter_card":"summary_large_image","twitter_misc":{"Price":"","Availability":"Out of stock"},"schema":{"@context":"https:\/\/schema.org","@graph":[{"@type":"WebPage","@id":"https:\/\/produncan.cl\/fr\/produit\/campito-pradera-hermosa-los-muermos-region-des-lacs\/","url":"https:\/\/produncan.cl\/fr\/produit\/campito-pradera-hermosa-los-muermos-region-des-lacs\/","name":"\"Campito Pradera Hermosa - Los Muermos - R\u00e9gion des Lacs\" - Produncan","isPartOf":{"@id":"https:\/\/produncan.cl\/fr\/#website"},"primaryImageOfPage":{"@id":"https:\/\/produncan.cl\/fr\/produit\/campito-pradera-hermosa-los-muermos-region-des-lacs\/#primaryimage"},"image":{"@id":"https:\/\/produncan.cl\/fr\/produit\/campito-pradera-hermosa-los-muermos-region-des-lacs\/#primaryimage"},"thumbnailUrl":"https:\/\/produncan.cl\/wp-content\/uploads\/2021\/05\/Campito-Pradera-Hermosa-vendido.jpg","datePublished":"2020-05-17T01:37:43+00:00","dateModified":"2025-08-11T16:07:15+00:00","description":"\"Petit champ de 1 hectare avec rivi\u00e8re, jouxtant la route, principalement prairie, \u00e9lectricit\u00e9, belle vue et \u00e0 seulement 15 minutes de Los Muermos.\"","breadcrumb":{"@id":"https:\/\/produncan.cl\/fr\/produit\/campito-pradera-hermosa-los-muermos-region-des-lacs\/#breadcrumb"},"inLanguage":"fr-FR","potentialAction":[{"@type":"ReadAction","target":["https:\/\/produncan.cl\/fr\/produit\/campito-pradera-hermosa-los-muermos-region-des-lacs\/"]}]},{"@type":"ImageObject","inLanguage":"fr-FR","@id":"https:\/\/produncan.cl\/fr\/produit\/campito-pradera-hermosa-los-muermos-region-des-lacs\/#primaryimage","url":"https:\/\/produncan.cl\/wp-content\/uploads\/2021\/05\/Campito-Pradera-Hermosa-vendido.jpg","contentUrl":"https:\/\/produncan.cl\/wp-content\/uploads\/2021\/05\/Campito-Pradera-Hermosa-vendido.jpg","width":600,"height":450},{"@type":"BreadcrumbList","@id":"https:\/\/produncan.cl\/fr\/produit\/campito-pradera-hermosa-los-muermos-region-des-lacs\/#breadcrumb","itemListElement":[{"@type":"ListItem","position":1,"name":"Inicio","item":"https:\/\/produncan.cl\/fr\/"},{"@type":"ListItem","position":2,"name":"Propri\u00e9t\u00e9s","item":"https:\/\/produncan.cl\/propiedades\/"},{"@type":"ListItem","position":3,"name":"Champs","item":"https:\/\/produncan.cl\/fr\/cat&eacute;gorie\/champs\/"},{"@type":"ListItem","position":4,"name":"&#8220;Campito Pradera Hermosa &#8211; Los Muermos &#8211; R\u00e9gion des Lacs&#8221;"}]},{"@type":"WebSite","@id":"https:\/\/produncan.cl\/fr\/#website","url":"https:\/\/produncan.cl\/fr\/","name":"Produncan","description":"Nous vous accompagnons dans votre projet de vie !","publisher":{"@id":"https:\/\/produncan.cl\/fr\/#organization"},"potentialAction":[{"@type":"SearchAction","target":{"@type":"EntryPoint","urlTemplate":"https:\/\/produncan.cl\/fr\/?s={search_term_string}"},"query-input":{"@type":"PropertyValueSpecification","valueRequired":true,"valueName":"search_term_string"}}],"inLanguage":"fr-FR"},{"@type":"Organization","@id":"https:\/\/produncan.cl\/fr\/#organization","name":"Produncan","url":"https:\/\/produncan.cl\/fr\/","logo":{"@type":"ImageObject","inLanguage":"fr-FR","@id":"https:\/\/produncan.cl\/fr\/#\/schema\/logo\/image\/","url":"https:\/\/produncan.cl\/wp-content\/uploads\/2021\/03\/LOGO.jpeg","contentUrl":"https:\/\/produncan.cl\/wp-content\/uploads\/2021\/03\/LOGO.jpeg","width":1280,"height":903,"caption":"Produncan"},"image":{"@id":"https:\/\/produncan.cl\/fr\/#\/schema\/logo\/image\/"},"sameAs":["https:\/\/web.facebook.com\/produncanland","https:\/\/www.instagram.com\/pro_duncan\/","https:\/\/www.linkedin.com\/company\/produncan-lands\/","https:\/\/www.youtube.com\/channel\/UCu7N-f3x0svkazD-Eew1-QQ"],"description":"En Produncan somos especialistas en la venta de terrenos en el sur de Chile. Proveemos estancias, campos, parcelas y hoteles.","email":"info@produncan.cl"}]},"og_video":"https:\/\/www.youtube.com\/embed\/qWMFtDlDd6Y","og_video_type":"text\/html","og_video_duration":"80","og_video_width":"480","og_video_height":"360","ya_ovs_adult":"false","ya_ovs_upload_date":"2020-05-17T01:37:43+00:00","ya_ovs_allow_embed":"true","product_price_currency":"USD","og_availability":"out of stock","product_availability":"out of stock","product_condition":"new"},"_links":{"self":[{"href":"https:\/\/produncan.cl\/fr\/wp-json\/wp\/v2\/product\/29947","targetHints":{"allow":["GET"]}}],"collection":[{"href":"https:\/\/produncan.cl\/fr\/wp-json\/wp\/v2\/product"}],"about":[{"href":"https:\/\/produncan.cl\/fr\/wp-json\/wp\/v2\/types\/product"}],"version-history":[{"count":0,"href":"https:\/\/produncan.cl\/fr\/wp-json\/wp\/v2\/product\/29947\/revisions"}],"wp:featuredmedia":[{"embeddable":true,"href":"https:\/\/produncan.cl\/fr\/wp-json\/wp\/v2\/media\/31532"}],"wp:attachment":[{"href":"https:\/\/produncan.cl\/fr\/wp-json\/wp\/v2\/media?parent=29947"}],"wp:term":[{"taxonomy":"product_brand","embeddable":true,"href":"https:\/\/produncan.cl\/fr\/wp-json\/wp\/v2\/product_brand?post=29947"},{"taxonomy":"product_cat","embeddable":true,"href":"https:\/\/produncan.cl\/fr\/wp-json\/wp\/v2\/product_cat?post=29947"},{"taxonomy":"product_tag","embeddable":true,"href":"https:\/\/produncan.cl\/fr\/wp-json\/wp\/v2\/product_tag?post=29947"},{"taxonomy":"regiones","embeddable":true,"href":"https:\/\/produncan.cl\/fr\/wp-json\/wp\/v2\/regiones?post=29947"},{"taxonomy":"ciudades","embeddable":true,"href":"https:\/\/produncan.cl\/fr\/wp-json\/wp\/v2\/ciudades?post=29947"}],"curies":[{"name":"wp","href":"https:\/\/api.w.org\/{rel}","templated":true}]}}