{"id":30585,"date":"2024-05-30T13:43:55","date_gmt":"2024-05-30T17:43:55","guid":{"rendered":"https:\/\/produncan.cl\/producto\/fundo-el-centeno-region-de-los-lagos\/"},"modified":"2025-12-17T14:09:44","modified_gmt":"2025-12-17T17:09:44","slug":"fundo-el-centeno-region-de-los-lagos","status":"publish","type":"product","link":"https:\/\/produncan.cl\/fr\/produit\/fundo-el-centeno-region-de-los-lagos\/","title":{"rendered":"Ferme Fundo El Centeno &#8211; Los Muermos &#8211; R\u00e9gion de Los Lagos"},"content":{"rendered":"\t\t<div data-elementor-type=\"product-post\" data-elementor-id=\"30585\" class=\"elementor elementor-30585 elementor-30301\" data-elementor-post-type=\"product\">\n\t\t\t\t<div class=\"elementor-element elementor-element-073a2d6 e-flex e-con-boxed e-con e-parent\" data-id=\"073a2d6\" data-element_type=\"container\" data-e-type=\"container\" data-settings=\"{&quot;jet_parallax_layout_list&quot;:[]}\">\n\t\t\t\t\t<div class=\"e-con-inner\">\n\t\t\t\t<div class=\"elementor-element elementor-element-22f0972 elementor-widget elementor-widget-heading\" data-id=\"22f0972\" data-element_type=\"widget\" data-e-type=\"widget\" data-widget_type=\"heading.default\">\n\t\t\t\t\t<h2 class=\"elementor-heading-title elementor-size-default\">87,6 hectares de terres adjacentes \u00e0 la route et \u00e0 la rivi\u00e8re, \u00e0 15 minutes de Los Muermos.<\/h2>\t\t\t\t<\/div>\n\t\t\t\t\t<\/div>\n\t\t\t\t<\/div>\n\t\t<div class=\"elementor-element elementor-element-23651ea e-flex e-con-boxed e-con e-parent\" data-id=\"23651ea\" data-element_type=\"container\" data-e-type=\"container\" data-settings=\"{&quot;jet_parallax_layout_list&quot;:[]}\">\n\t\t\t\t\t<div class=\"e-con-inner\">\n\t\t\t\t<div class=\"elementor-element elementor-element-15e8478 elementor-widget elementor-widget-text-editor\" data-id=\"15e8478\" data-element_type=\"widget\" data-e-type=\"widget\" data-widget_type=\"text-editor.default\">\n\t\t\t\t\t\t\t\t\t<p>Imaginez un grand terrain de 87,6 hectares et accessible, bord\u00e9 d&#8217;une route asphalt\u00e9e de 1,4 kilom\u00e8tre, qui vous garantit confort et s\u00e9curit\u00e9 \u00e0 tout moment. C&#8217;est le lieu o\u00f9 la tranquillit\u00e9 et la nature se rencontrent, vous offrant la s\u00e9curit\u00e9 que votre famille m\u00e9rite.<\/p><p>\u00c0 seulement 15 minutes de Los Muermos, vous pourrez profiter de tous les services disponibles sans renoncer au calme et au contact direct avec la nature. Ce domaine compte 800 m\u00e8tres de rivi\u00e8re, une petite zone humide et 9 sources qui fournissent une eau abondante et une biodiversit\u00e9 impressionnante. C&#8217;est un v\u00e9ritable paradis naturel qui vous permettra de vous d\u00e9connecter du stress urbain.<\/p><p>Situ\u00e9 dans une position \u00e9lev\u00e9e, ce terrain offre des vues panoramiques \u00e0 couper le souffle. De l\u00e0, vous pourrez contempler des paysages magnifiques et profiter de couchers de soleil spectaculaires tous les jours. Ses prairies parfaites sont id\u00e9ales pour l&#8217;agriculture et l&#8217;\u00e9levage, ce qui en fait un investissement tr\u00e8s polyvalent et productif.<\/p><p>La ferme Fundo el Centeno compte environ 60 % de prairies et 40 % d&#8217;arbres indig\u00e8nes, ainsi qu&#8217;une petite plantation de pommiers, de pruniers et de cerisiers.<\/p><p>En outre, la propri\u00e9t\u00e9 comprend une maison de propri\u00e9taire, une maison de locataire et un hangar, avec connexion \u00e0 la fibre optique et \u00e0 l&#8217;\u00e9lectricit\u00e9, ce qui vous donne toutes les commodit\u00e9s dont vous avez besoin pour vous installer imm\u00e9diatement et commencer \u00e0 profiter de votre nouvelle maison.<\/p><p>Ne manquez pas l&#8217;occasion d&#8217;investir dans un lieu qui allie la s\u00e9r\u00e9nit\u00e9 de la campagne \u00e0 la commodit\u00e9 de la proximit\u00e9 urbaine. C&#8217;est la maison dont vous avez toujours r\u00eav\u00e9, o\u00f9 votre famille peut grandir et prosp\u00e9rer dans un environnement s\u00fbr et naturel.<\/p><p>Frais de gestion des ventes 2 % + TVA <\/p><p>Contactez-nous d\u00e8s aujourd&#8217;hui et r\u00e9alisez ce r\u00eave dans le Lake District !<\/p>\t\t\t\t\t\t\t\t<\/div>\n\t\t\t\t\t<\/div>\n\t\t\t\t<\/div>\n\t\t\t\t<\/div>\n\t\t","protected":false},"excerpt":{"rendered":"<p>Terrain \u00e0 Los Muermos, principalement compos\u00e9 de prairies, avec une rivi\u00e8re, une zone humide et 9 sources. \u00c0 seulement quinze minutes de la ville, avec un acc\u00e8s direct par la route, id\u00e9al pour l&#8217;agriculture, l&#8217;\u00e9levage et pour profiter de vues spectaculaires. <\/p>\n","protected":false},"featured_media":33202,"template":"","meta":{"_acf_changed":false},"product_brand":[],"product_cat":[113],"product_tag":[233],"regiones":[226],"ciudades":[245,216],"class_list":{"0":"post-30585","1":"product","2":"type-product","3":"status-publish","4":"has-post-thumbnail","6":"product_cat-ohiggins-los-lagos-fr","7":"product_tag-champs","8":"regiones-nuble-los_lagos","9":"ciudades-estaquilla","10":"ciudades-los-muermos","12":"first","13":"instock","14":"featured","15":"sold-individually","16":"shipping-taxable","17":"purchasable","18":"product-type-simple"},"acf":[],"yoast_head":"<!-- This site is optimized with the Yoast SEO Premium plugin v26.0 (Yoast SEO v27.4) - https:\/\/yoast.com\/product\/yoast-seo-premium-wordpress\/ -->\n<title>Ferme Fundo El Centeno - Los Muermos - R\u00e9gion de Los Lagos - Produncan<\/title>\n<meta name=\"description\" content=\"D\u00e9couvrez Fundo El Centeno dans la r\u00e9gion de Los Lagos : un champ de 87,6 hectares avec une rivi\u00e8re, une zone humide et des sources, id\u00e9al pour l&#039;agriculture et l&#039;\u00e9levage ;\" \/>\n<meta name=\"robots\" content=\"index, follow, max-snippet:-1, max-image-preview:large, max-video-preview:-1\" \/>\n<link rel=\"canonical\" href=\"https:\/\/produncan.cl\/fr\/produit\/fundo-el-centeno-region-de-los-lagos\/\" \/>\n<meta property=\"og:locale\" content=\"fr_FR\" \/>\n<meta property=\"og:type\" content=\"article\" \/>\n<meta property=\"og:title\" content=\"Ferme Fundo El Centeno - Los Muermos - R\u00e9gion de Los Lagos\" \/>\n<meta property=\"og:description\" content=\"D\u00e9couvrez Fundo El Centeno dans la r\u00e9gion de Los Lagos : un champ de 87,6 hectares avec une rivi\u00e8re, une zone humide et des sources, id\u00e9al pour l&#039;agriculture et l&#039;\u00e9levage ;\" \/>\n<meta property=\"og:url\" content=\"https:\/\/produncan.cl\/fr\/produit\/fundo-el-centeno-region-de-los-lagos\/\" \/>\n<meta property=\"og:site_name\" content=\"Produncan\" \/>\n<meta property=\"article:publisher\" content=\"https:\/\/web.facebook.com\/produncanland\" \/>\n<meta property=\"article:modified_time\" content=\"2025-12-17T17:09:44+00:00\" \/>\n<meta property=\"og:image\" content=\"https:\/\/produncan.cl\/wp-content\/uploads\/2024\/05\/Fundo-El-Centeno-en-Region-de-Los-Lagos-Whatsapp-1024x768.jpg\" \/>\n<meta name=\"twitter:card\" content=\"summary_large_image\" \/>\n<meta name=\"twitter:label1\" content=\"Price\" \/>\n\t<meta name=\"twitter:data1\" content=\"USD983.800,00\" \/>\n\t<meta name=\"twitter:label2\" content=\"Availability\" \/>\n\t<meta name=\"twitter:data2\" content=\"In stock\" \/>\n<script type=\"application\/ld+json\" class=\"yoast-schema-graph\">{\"@context\":\"https:\\\/\\\/schema.org\",\"@graph\":[{\"@type\":\"WebPage\",\"@id\":\"https:\\\/\\\/produncan.cl\\\/fr\\\/produit\\\/fundo-el-centeno-region-de-los-lagos\\\/\",\"url\":\"https:\\\/\\\/produncan.cl\\\/fr\\\/produit\\\/fundo-el-centeno-region-de-los-lagos\\\/\",\"name\":\"Ferme Fundo El Centeno - Los Muermos - R\u00e9gion de Los Lagos - Produncan\",\"isPartOf\":{\"@id\":\"https:\\\/\\\/produncan.cl\\\/fr\\\/#website\"},\"primaryImageOfPage\":{\"@id\":\"https:\\\/\\\/produncan.cl\\\/fr\\\/produit\\\/fundo-el-centeno-region-de-los-lagos\\\/#primaryimage\"},\"image\":{\"@id\":\"https:\\\/\\\/produncan.cl\\\/fr\\\/produit\\\/fundo-el-centeno-region-de-los-lagos\\\/#primaryimage\"},\"thumbnailUrl\":\"https:\\\/\\\/produncan.cl\\\/wp-content\\\/uploads\\\/2024\\\/05\\\/Campo-Fundo-El-Centeno-en-Region-de-Los-Lagos.webp\",\"datePublished\":\"2024-05-30T17:43:55+00:00\",\"dateModified\":\"2025-12-17T17:09:44+00:00\",\"description\":\"D\u00e9couvrez Fundo El Centeno dans la r\u00e9gion de Los Lagos : un champ de 87,6 hectares avec une rivi\u00e8re, une zone humide et des sources, id\u00e9al pour l'agriculture et l'\u00e9levage ;\",\"breadcrumb\":{\"@id\":\"https:\\\/\\\/produncan.cl\\\/fr\\\/produit\\\/fundo-el-centeno-region-de-los-lagos\\\/#breadcrumb\"},\"inLanguage\":\"fr-FR\",\"potentialAction\":[{\"@type\":\"ReadAction\",\"target\":[\"https:\\\/\\\/produncan.cl\\\/fr\\\/produit\\\/fundo-el-centeno-region-de-los-lagos\\\/\"]}]},{\"@type\":\"ImageObject\",\"inLanguage\":\"fr-FR\",\"@id\":\"https:\\\/\\\/produncan.cl\\\/fr\\\/produit\\\/fundo-el-centeno-region-de-los-lagos\\\/#primaryimage\",\"url\":\"https:\\\/\\\/produncan.cl\\\/wp-content\\\/uploads\\\/2024\\\/05\\\/Campo-Fundo-El-Centeno-en-Region-de-Los-Lagos.webp\",\"contentUrl\":\"https:\\\/\\\/produncan.cl\\\/wp-content\\\/uploads\\\/2024\\\/05\\\/Campo-Fundo-El-Centeno-en-Region-de-Los-Lagos.webp\",\"width\":600,\"height\":450,\"caption\":\"Campo Fundo El Rye dans la r\u00e9gion de Los Lagos\"},{\"@type\":\"BreadcrumbList\",\"@id\":\"https:\\\/\\\/produncan.cl\\\/fr\\\/produit\\\/fundo-el-centeno-region-de-los-lagos\\\/#breadcrumb\",\"itemListElement\":[{\"@type\":\"ListItem\",\"position\":1,\"name\":\"Inicio\",\"item\":\"https:\\\/\\\/produncan.cl\\\/fr\\\/\"},{\"@type\":\"ListItem\",\"position\":2,\"name\":\"Propri\u00e9t\u00e9s\",\"item\":\"https:\\\/\\\/produncan.cl\\\/propiedades\\\/\"},{\"@type\":\"ListItem\",\"position\":3,\"name\":\"Champs\",\"item\":\"https:\\\/\\\/produncan.cl\\\/fr\\\/cat&eacute;gorie\\\/champs\\\/\"},{\"@type\":\"ListItem\",\"position\":4,\"name\":\"Ferme Fundo El Centeno &#8211; Los Muermos &#8211; R\u00e9gion de Los Lagos\"}]},{\"@type\":\"WebSite\",\"@id\":\"https:\\\/\\\/produncan.cl\\\/fr\\\/#website\",\"url\":\"https:\\\/\\\/produncan.cl\\\/fr\\\/\",\"name\":\"Produncan\",\"description\":\"Nous vous accompagnons dans votre projet de vie !\",\"publisher\":{\"@id\":\"https:\\\/\\\/produncan.cl\\\/fr\\\/#organization\"},\"potentialAction\":[{\"@type\":\"SearchAction\",\"target\":{\"@type\":\"EntryPoint\",\"urlTemplate\":\"https:\\\/\\\/produncan.cl\\\/fr\\\/?s={search_term_string}\"},\"query-input\":{\"@type\":\"PropertyValueSpecification\",\"valueRequired\":true,\"valueName\":\"search_term_string\"}}],\"inLanguage\":\"fr-FR\"},{\"@type\":\"Organization\",\"@id\":\"https:\\\/\\\/produncan.cl\\\/fr\\\/#organization\",\"name\":\"Produncan\",\"url\":\"https:\\\/\\\/produncan.cl\\\/fr\\\/\",\"logo\":{\"@type\":\"ImageObject\",\"inLanguage\":\"fr-FR\",\"@id\":\"https:\\\/\\\/produncan.cl\\\/fr\\\/#\\\/schema\\\/logo\\\/image\\\/\",\"url\":\"https:\\\/\\\/produncan.cl\\\/wp-content\\\/uploads\\\/2021\\\/03\\\/LOGO.jpeg\",\"contentUrl\":\"https:\\\/\\\/produncan.cl\\\/wp-content\\\/uploads\\\/2021\\\/03\\\/LOGO.jpeg\",\"width\":1280,\"height\":903,\"caption\":\"Produncan\"},\"image\":{\"@id\":\"https:\\\/\\\/produncan.cl\\\/fr\\\/#\\\/schema\\\/logo\\\/image\\\/\"},\"sameAs\":[\"https:\\\/\\\/web.facebook.com\\\/produncanland\",\"https:\\\/\\\/www.instagram.com\\\/pro_duncan\\\/\",\"https:\\\/\\\/www.linkedin.com\\\/company\\\/produncan-lands\\\/\",\"https:\\\/\\\/www.youtube.com\\\/channel\\\/UCu7N-f3x0svkazD-Eew1-QQ\"],\"description\":\"En Produncan somos especialistas en la venta de terrenos en el sur de Chile. Proveemos estancias, campos, parcelas y hoteles.\",\"email\":\"info@produncan.cl\"}]}<\/script>\n<meta property=\"og:video\" content=\"https:\/\/www.youtube.com\/embed\/MkMBHA45Ir8\" \/>\n<meta property=\"og:video:type\" content=\"text\/html\" \/>\n<meta property=\"og:video:duration\" content=\"91\" \/>\n<meta property=\"og:video:width\" content=\"480\" \/>\n<meta property=\"og:video:height\" content=\"270\" \/>\n<meta property=\"ya:ovs:adult\" content=\"false\" \/>\n<meta property=\"ya:ovs:upload_date\" content=\"2024-05-30T17:43:55+00:00\" \/>\n<meta property=\"ya:ovs:allow_embed\" content=\"true\" \/>\n<meta property=\"product:price:amount\" content=\"983800.00\" \/>\n<meta property=\"product:price:currency\" content=\"USD\" \/>\n<meta property=\"og:availability\" content=\"instock\" \/>\n<meta property=\"product:availability\" content=\"instock\" \/>\n<meta property=\"product:condition\" content=\"new\" \/>\n<!-- \/ Yoast SEO Premium plugin. -->","yoast_head_json":{"title":"Ferme Fundo El Centeno - Los Muermos - R\u00e9gion de Los Lagos - Produncan","description":"D\u00e9couvrez Fundo El Centeno dans la r\u00e9gion de Los Lagos : un champ de 87,6 hectares avec une rivi\u00e8re, une zone humide et des sources, id\u00e9al pour l'agriculture et l'\u00e9levage ;","robots":{"index":"index","follow":"follow","max-snippet":"max-snippet:-1","max-image-preview":"max-image-preview:large","max-video-preview":"max-video-preview:-1"},"canonical":"https:\/\/produncan.cl\/fr\/produit\/fundo-el-centeno-region-de-los-lagos\/","og_locale":"fr_FR","og_type":"article","og_title":"Ferme Fundo El Centeno - Los Muermos - R\u00e9gion de Los Lagos","og_description":"D\u00e9couvrez Fundo El Centeno dans la r\u00e9gion de Los Lagos : un champ de 87,6 hectares avec une rivi\u00e8re, une zone humide et des sources, id\u00e9al pour l'agriculture et l'\u00e9levage ;","og_url":"https:\/\/produncan.cl\/fr\/produit\/fundo-el-centeno-region-de-los-lagos\/","og_site_name":"Produncan","article_publisher":"https:\/\/web.facebook.com\/produncanland","article_modified_time":"2025-12-17T17:09:44+00:00","og_image":[{"url":"https:\/\/produncan.cl\/wp-content\/uploads\/2024\/05\/Fundo-El-Centeno-en-Region-de-Los-Lagos-Whatsapp-1024x768.jpg","type":"","width":"","height":""}],"twitter_card":"summary_large_image","twitter_misc":{"Price":"USD983.800,00","Availability":"In stock"},"schema":{"@context":"https:\/\/schema.org","@graph":[{"@type":"WebPage","@id":"https:\/\/produncan.cl\/fr\/produit\/fundo-el-centeno-region-de-los-lagos\/","url":"https:\/\/produncan.cl\/fr\/produit\/fundo-el-centeno-region-de-los-lagos\/","name":"Ferme Fundo El Centeno - Los Muermos - R\u00e9gion de Los Lagos - Produncan","isPartOf":{"@id":"https:\/\/produncan.cl\/fr\/#website"},"primaryImageOfPage":{"@id":"https:\/\/produncan.cl\/fr\/produit\/fundo-el-centeno-region-de-los-lagos\/#primaryimage"},"image":{"@id":"https:\/\/produncan.cl\/fr\/produit\/fundo-el-centeno-region-de-los-lagos\/#primaryimage"},"thumbnailUrl":"https:\/\/produncan.cl\/wp-content\/uploads\/2024\/05\/Campo-Fundo-El-Centeno-en-Region-de-Los-Lagos.webp","datePublished":"2024-05-30T17:43:55+00:00","dateModified":"2025-12-17T17:09:44+00:00","description":"D\u00e9couvrez Fundo El Centeno dans la r\u00e9gion de Los Lagos : un champ de 87,6 hectares avec une rivi\u00e8re, une zone humide et des sources, id\u00e9al pour l'agriculture et l'\u00e9levage ;","breadcrumb":{"@id":"https:\/\/produncan.cl\/fr\/produit\/fundo-el-centeno-region-de-los-lagos\/#breadcrumb"},"inLanguage":"fr-FR","potentialAction":[{"@type":"ReadAction","target":["https:\/\/produncan.cl\/fr\/produit\/fundo-el-centeno-region-de-los-lagos\/"]}]},{"@type":"ImageObject","inLanguage":"fr-FR","@id":"https:\/\/produncan.cl\/fr\/produit\/fundo-el-centeno-region-de-los-lagos\/#primaryimage","url":"https:\/\/produncan.cl\/wp-content\/uploads\/2024\/05\/Campo-Fundo-El-Centeno-en-Region-de-Los-Lagos.webp","contentUrl":"https:\/\/produncan.cl\/wp-content\/uploads\/2024\/05\/Campo-Fundo-El-Centeno-en-Region-de-Los-Lagos.webp","width":600,"height":450,"caption":"Campo Fundo El Rye dans la r\u00e9gion de Los Lagos"},{"@type":"BreadcrumbList","@id":"https:\/\/produncan.cl\/fr\/produit\/fundo-el-centeno-region-de-los-lagos\/#breadcrumb","itemListElement":[{"@type":"ListItem","position":1,"name":"Inicio","item":"https:\/\/produncan.cl\/fr\/"},{"@type":"ListItem","position":2,"name":"Propri\u00e9t\u00e9s","item":"https:\/\/produncan.cl\/propiedades\/"},{"@type":"ListItem","position":3,"name":"Champs","item":"https:\/\/produncan.cl\/fr\/cat&eacute;gorie\/champs\/"},{"@type":"ListItem","position":4,"name":"Ferme Fundo El Centeno &#8211; Los Muermos &#8211; R\u00e9gion de Los Lagos"}]},{"@type":"WebSite","@id":"https:\/\/produncan.cl\/fr\/#website","url":"https:\/\/produncan.cl\/fr\/","name":"Produncan","description":"Nous vous accompagnons dans votre projet de vie !","publisher":{"@id":"https:\/\/produncan.cl\/fr\/#organization"},"potentialAction":[{"@type":"SearchAction","target":{"@type":"EntryPoint","urlTemplate":"https:\/\/produncan.cl\/fr\/?s={search_term_string}"},"query-input":{"@type":"PropertyValueSpecification","valueRequired":true,"valueName":"search_term_string"}}],"inLanguage":"fr-FR"},{"@type":"Organization","@id":"https:\/\/produncan.cl\/fr\/#organization","name":"Produncan","url":"https:\/\/produncan.cl\/fr\/","logo":{"@type":"ImageObject","inLanguage":"fr-FR","@id":"https:\/\/produncan.cl\/fr\/#\/schema\/logo\/image\/","url":"https:\/\/produncan.cl\/wp-content\/uploads\/2021\/03\/LOGO.jpeg","contentUrl":"https:\/\/produncan.cl\/wp-content\/uploads\/2021\/03\/LOGO.jpeg","width":1280,"height":903,"caption":"Produncan"},"image":{"@id":"https:\/\/produncan.cl\/fr\/#\/schema\/logo\/image\/"},"sameAs":["https:\/\/web.facebook.com\/produncanland","https:\/\/www.instagram.com\/pro_duncan\/","https:\/\/www.linkedin.com\/company\/produncan-lands\/","https:\/\/www.youtube.com\/channel\/UCu7N-f3x0svkazD-Eew1-QQ"],"description":"En Produncan somos especialistas en la venta de terrenos en el sur de Chile. Proveemos estancias, campos, parcelas y hoteles.","email":"info@produncan.cl"}]},"og_video":"https:\/\/www.youtube.com\/embed\/MkMBHA45Ir8","og_video_type":"text\/html","og_video_duration":"91","og_video_width":"480","og_video_height":"270","ya_ovs_adult":"false","ya_ovs_upload_date":"2024-05-30T17:43:55+00:00","ya_ovs_allow_embed":"true","product_price_amount":"983800.00","product_price_currency":"USD","og_availability":"instock","product_availability":"instock","product_condition":"new"},"_links":{"self":[{"href":"https:\/\/produncan.cl\/fr\/wp-json\/wp\/v2\/product\/30585","targetHints":{"allow":["GET"]}}],"collection":[{"href":"https:\/\/produncan.cl\/fr\/wp-json\/wp\/v2\/product"}],"about":[{"href":"https:\/\/produncan.cl\/fr\/wp-json\/wp\/v2\/types\/product"}],"version-history":[{"count":2,"href":"https:\/\/produncan.cl\/fr\/wp-json\/wp\/v2\/product\/30585\/revisions"}],"predecessor-version":[{"id":53368,"href":"https:\/\/produncan.cl\/fr\/wp-json\/wp\/v2\/product\/30585\/revisions\/53368"}],"wp:featuredmedia":[{"embeddable":true,"href":"https:\/\/produncan.cl\/fr\/wp-json\/wp\/v2\/media\/33202"}],"wp:attachment":[{"href":"https:\/\/produncan.cl\/fr\/wp-json\/wp\/v2\/media?parent=30585"}],"wp:term":[{"taxonomy":"product_brand","embeddable":true,"href":"https:\/\/produncan.cl\/fr\/wp-json\/wp\/v2\/product_brand?post=30585"},{"taxonomy":"product_cat","embeddable":true,"href":"https:\/\/produncan.cl\/fr\/wp-json\/wp\/v2\/product_cat?post=30585"},{"taxonomy":"product_tag","embeddable":true,"href":"https:\/\/produncan.cl\/fr\/wp-json\/wp\/v2\/product_tag?post=30585"},{"taxonomy":"regiones","embeddable":true,"href":"https:\/\/produncan.cl\/fr\/wp-json\/wp\/v2\/regiones?post=30585"},{"taxonomy":"ciudades","embeddable":true,"href":"https:\/\/produncan.cl\/fr\/wp-json\/wp\/v2\/ciudades?post=30585"}],"curies":[{"name":"wp","href":"https:\/\/api.w.org\/{rel}","templated":true}]}}