{"id":31734,"date":"2021-11-05T19:14:32","date_gmt":"2021-11-05T22:14:32","guid":{"rendered":"https:\/\/produncan.cl\/producto\/estancia-indiana-terre-de-feu\/"},"modified":"2025-08-14T12:34:32","modified_gmt":"2025-08-14T16:34:32","slug":"estancia-indiana-terre-de-feu","status":"publish","type":"product","link":"https:\/\/produncan.cl\/fr\/produit\/estancia-indiana-terre-de-feu\/","title":{"rendered":"&#8220;Champ en Terre de Feu, Estancia Indiana &#8211; R\u00e9gion de Magallanes&#8221;"},"content":{"rendered":"\t\t<div data-elementor-type=\"product-post\" data-elementor-id=\"31734\" class=\"elementor elementor-31734 elementor-31606\" data-elementor-post-type=\"product\">\n\t\t\t\t<div class=\"elementor-element elementor-element-50995fe e-flex e-con-boxed e-con e-parent\" data-id=\"50995fe\" data-element_type=\"container\" data-e-type=\"container\" data-settings=\"{&quot;jet_parallax_layout_list&quot;:[]}\">\n\t\t\t\t\t<div class=\"e-con-inner\">\n\t\t\t\t<div class=\"elementor-element elementor-element-43e2156 elementor-widget elementor-widget-heading\" data-id=\"43e2156\" data-element_type=\"widget\" data-e-type=\"widget\" data-widget_type=\"heading.default\">\n\t\t\t\t\t<h2 class=\"elementor-heading-title elementor-size-default\">\"Un s\u00e9jour en Terre de Feu parfait pour votre projet\"<\/h2>\t\t\t\t<\/div>\n\t\t\t\t\t<\/div>\n\t\t\t\t<\/div>\n\t\t<div class=\"elementor-element elementor-element-6bd5c71 e-flex e-con-boxed e-con e-parent\" data-id=\"6bd5c71\" data-element_type=\"container\" data-e-type=\"container\" data-settings=\"{&quot;jet_parallax_layout_list&quot;:[]}\">\n\t\t\t\t\t<div class=\"e-con-inner\">\n\t\t\t\t<div class=\"elementor-element elementor-element-3436691 elementor-widget elementor-widget-text-editor\" data-id=\"3436691\" data-element_type=\"widget\" data-e-type=\"widget\" data-widget_type=\"text-editor.default\">\n\t\t\t\t\t\t\t\t\t&#8220;`html\n<p>Superficie : 2000 hectares<\/p>\n<p>Prix sans moutons : 1 000 000 $ par hectare (2 000 000 000 $ au total)<\/p>\n<p>D\u00e9couvrez la beaut\u00e9 indompt\u00e9e de la Terre de Feu avec cette spectaculaire estancia de 2000 hectares, principalement d\u00e9di\u00e9e \u00e0 l&#8217;\u00e9levage de moutons. La propri\u00e9t\u00e9 comprend une production actuelle de 2000 animaux de mise bas, qui augmente \u00e0 3600 apr\u00e8s la mise bas, et dispose de 25 hectares de culture de luzerne.<\/p>\n<p>Installations :<\/p>\n<ul>\n<li>Deux maisons<\/li>\n<li>Caves<\/li>\n<li>Hangar de tonte<\/li>\n<li>Enclos m\u00e9talliques de derni\u00e8re g\u00e9n\u00e9ration<\/li>\n<\/ul>\n<div>&nbsp;<\/div>\n<p>L&#8217;acc\u00e8s se fait par une route pav\u00e9e et un chemin secondaire de 6 kilom\u00e8tres de gravier. L&#8217;estancia, principalement de topographie plate, abrite une riche diversit\u00e9 de flore et de faune, y compris des condors, des flamants roses, des guanacos, des renards gris et la belle mata negra.<\/p>\n<p>Le Campo en Terre de Feu Estancia Indiana dispose de deux puits de 70 m\u00e8tres de profondeur et d&#8217;un d\u00e9bit de \u00bd litre par seconde pour chacun. De plus, l&#8217;estancia est aliment\u00e9e en \u00e9lectricit\u00e9 par l&#8217;\u00e9nergie solaire, avec 9 panneaux solaires pour une production totale de 3 kW plus un g\u00e9n\u00e9rateur.<\/p>\n<p>Cette propri\u00e9t\u00e9 est id\u00e9ale tant pour les \u00e9leveurs cherchant \u00e0 augmenter leur production que pour les nouveaux aventuriers souhaitant entreprendre dans un environnement \u00e9loign\u00e9 du tumulte moderne.<\/p>\n<p>Ne manquez pas l&#8217;opportunit\u00e9 de r\u00e9aliser votre r\u00eave au c\u0153ur de la Terre de Feu. Contactez-nous pour plus d&#8217;informations !<\/p>\n<p>Proximit\u00e9s d&#8217;int\u00e9r\u00eat :<\/p>\n<ul>\n<li>Estancia China Creek<\/li>\n<li>Caleta Josefina (il y a un h\u00f4tel)<\/li>\n<li>Pingouinerie (Pingouin royal)<\/li>\n<li>Cameron<\/li>\n<li>Fronti\u00e8re avec l&#8217;Argentine \u00e0 40 km<\/li>\n<\/ul>\n<p>Flore et Faune<\/p>\n<p>L&#8217;estancia abrite une impressionnante diversit\u00e9 de vie sauvage, y compris des condors, des flamants roses, des hirondelles, des loicas, des merles, des vanneaux empereurs, des chardonnerets, des outardes, des oies sauvages, plusieurs types de canards, des guanacos, des renards gris, des tatous et des cururos. La flore remarquable comprend la belle mata negra, quelques arbres indig\u00e8nes autour des installations : cypr\u00e8s, peuplier de Sib\u00e9rie, et d&#8217;autres arbres \u00e0 feuilles caduques et persistantes, et un bosquet pr\u00e8s des installations.<\/p>\n<p>Prix avec ou sans animaux<\/p>\n<p>L&#8217;estancia peut \u00eatre acquise avec ou sans animaux et machines. Le prix sans animaux ni machines est de 1 000 000 $ par hectare, pour un total de 2 000 000 $.<\/p>\n&#8220;`\t\t\t\t\t\t\t\t<\/div>\n\t\t\t\t\t<\/div>\n\t\t\t\t<\/div>\n\t\t\t\t<\/div>\n\t\t","protected":false},"excerpt":{"rendered":"<p>Champ en Terre de Feu, Estancia Indiana. \u00c0 1.000.000 $ par hectare. Comprend deux maisons, des caves, un hangar de tonte et des enclos m\u00e9talliques. Faune et flore riches, acc\u00e8s pav\u00e9. Id\u00e9al pour l&#8217;\u00e9levage de moutons.<\/p>\n","protected":false},"featured_media":33784,"template":"","meta":{"_acf_changed":false},"product_brand":[],"product_cat":[129],"product_tag":[233,238],"regiones":[225],"ciudades":[210],"class_list":{"0":"post-31734","1":"product","2":"type-product","3":"status-publish","4":"has-post-thumbnail","6":"product_cat-aysen-magallanes-fr","7":"product_tag-champs","8":"product_tag-champs-de-conservation","9":"regiones-aysen-magallanes","10":"ciudades-puerto-natales","12":"first","13":"outofstock","14":"sold-individually","15":"shipping-taxable","16":"product-type-simple"},"acf":[],"yoast_head":"<!-- This site is optimized with the Yoast SEO Premium plugin v26.0 (Yoast SEO v27.3) - https:\/\/yoast.com\/product\/yoast-seo-premium-wordpress\/ -->\n<title>&quot;&quot;Champ en Terre de Feu, Estancia Indiana - R\u00e9gion de Magallanes&quot; &quot;<\/title>\n<meta name=\"description\" content=\"&quot;Campo Estancia Indiana dispose de 2000 hectares en Terre de Feu \u00e0 1.000.000 $ par hectare. Comprend deux maisons, des caves, un hangar et des enclos.&quot;\" \/>\n<meta name=\"robots\" content=\"index, follow, max-snippet:-1, max-image-preview:large, max-video-preview:-1\" \/>\n<link rel=\"canonical\" href=\"https:\/\/produncan.cl\/fr\/produit\/estancia-indiana-terre-de-feu\/\" \/>\n<meta property=\"og:locale\" content=\"fr_FR\" \/>\n<meta property=\"og:type\" content=\"article\" \/>\n<meta property=\"og:title\" content=\"&quot;Champ en Terre de Feu, Estancia Indiana - R\u00e9gion de Magallanes&quot;\" \/>\n<meta property=\"og:description\" content=\"&quot;Campo Estancia Indiana dispose de 2000 hectares en Terre de Feu \u00e0 1.000.000 $ par hectare. Comprend deux maisons, des caves, un hangar et des enclos.&quot;\" \/>\n<meta property=\"og:url\" content=\"https:\/\/produncan.cl\/fr\/produit\/estancia-indiana-terre-de-feu\/\" \/>\n<meta property=\"og:site_name\" content=\"Produncan\" \/>\n<meta property=\"article:publisher\" content=\"https:\/\/web.facebook.com\/produncanland\" \/>\n<meta property=\"article:modified_time\" content=\"2025-08-14T16:34:32+00:00\" \/>\n<meta property=\"og:image\" content=\"https:\/\/produncan.cl\/wp-content\/uploads\/2024\/07\/Estancia-Indiana-Tierra-del-Fuego.webp\" \/>\n<meta name=\"twitter:card\" content=\"summary_large_image\" \/>\n<meta name=\"twitter:label1\" content=\"Price\" \/>\n\t<meta name=\"twitter:data1\" content=\"\" \/>\n\t<meta name=\"twitter:label2\" content=\"Availability\" \/>\n\t<meta name=\"twitter:data2\" content=\"Out of stock\" \/>\n<script type=\"application\/ld+json\" class=\"yoast-schema-graph\">{\"@context\":\"https:\\\/\\\/schema.org\",\"@graph\":[{\"@type\":\"WebPage\",\"@id\":\"https:\\\/\\\/produncan.cl\\\/fr\\\/produit\\\/estancia-indiana-terre-de-feu\\\/\",\"url\":\"https:\\\/\\\/produncan.cl\\\/fr\\\/produit\\\/estancia-indiana-terre-de-feu\\\/\",\"name\":\"\\\"\\\"Champ en Terre de Feu, Estancia Indiana - R\u00e9gion de Magallanes\\\" \\\"\",\"isPartOf\":{\"@id\":\"https:\\\/\\\/produncan.cl\\\/fr\\\/#website\"},\"primaryImageOfPage\":{\"@id\":\"https:\\\/\\\/produncan.cl\\\/fr\\\/produit\\\/estancia-indiana-terre-de-feu\\\/#primaryimage\"},\"image\":{\"@id\":\"https:\\\/\\\/produncan.cl\\\/fr\\\/produit\\\/estancia-indiana-terre-de-feu\\\/#primaryimage\"},\"thumbnailUrl\":\"https:\\\/\\\/produncan.cl\\\/wp-content\\\/uploads\\\/2024\\\/07\\\/Estancia-Indiana-Vendido.webp\",\"datePublished\":\"2021-11-05T22:14:32+00:00\",\"dateModified\":\"2025-08-14T16:34:32+00:00\",\"description\":\"\\\"Campo Estancia Indiana dispose de 2000 hectares en Terre de Feu \u00e0 1.000.000 $ par hectare. Comprend deux maisons, des caves, un hangar et des enclos.\\\"\",\"breadcrumb\":{\"@id\":\"https:\\\/\\\/produncan.cl\\\/fr\\\/produit\\\/estancia-indiana-terre-de-feu\\\/#breadcrumb\"},\"inLanguage\":\"fr-FR\",\"potentialAction\":[{\"@type\":\"ReadAction\",\"target\":[\"https:\\\/\\\/produncan.cl\\\/fr\\\/produit\\\/estancia-indiana-terre-de-feu\\\/\"]}]},{\"@type\":\"ImageObject\",\"inLanguage\":\"fr-FR\",\"@id\":\"https:\\\/\\\/produncan.cl\\\/fr\\\/produit\\\/estancia-indiana-terre-de-feu\\\/#primaryimage\",\"url\":\"https:\\\/\\\/produncan.cl\\\/wp-content\\\/uploads\\\/2024\\\/07\\\/Estancia-Indiana-Vendido.webp\",\"contentUrl\":\"https:\\\/\\\/produncan.cl\\\/wp-content\\\/uploads\\\/2024\\\/07\\\/Estancia-Indiana-Vendido.webp\",\"width\":600,\"height\":450},{\"@type\":\"BreadcrumbList\",\"@id\":\"https:\\\/\\\/produncan.cl\\\/fr\\\/produit\\\/estancia-indiana-terre-de-feu\\\/#breadcrumb\",\"itemListElement\":[{\"@type\":\"ListItem\",\"position\":1,\"name\":\"Inicio\",\"item\":\"https:\\\/\\\/produncan.cl\\\/fr\\\/\"},{\"@type\":\"ListItem\",\"position\":2,\"name\":\"Propri\u00e9t\u00e9s\",\"item\":\"https:\\\/\\\/produncan.cl\\\/propiedades\\\/\"},{\"@type\":\"ListItem\",\"position\":3,\"name\":\"Champs\",\"item\":\"https:\\\/\\\/produncan.cl\\\/fr\\\/cat&eacute;gorie\\\/champs\\\/\"},{\"@type\":\"ListItem\",\"position\":4,\"name\":\"&#8220;Champ en Terre de Feu, Estancia Indiana &#8211; R\u00e9gion de Magallanes&#8221;\"}]},{\"@type\":\"WebSite\",\"@id\":\"https:\\\/\\\/produncan.cl\\\/fr\\\/#website\",\"url\":\"https:\\\/\\\/produncan.cl\\\/fr\\\/\",\"name\":\"Produncan\",\"description\":\"Nous vous accompagnons dans votre projet de vie !\",\"publisher\":{\"@id\":\"https:\\\/\\\/produncan.cl\\\/fr\\\/#organization\"},\"potentialAction\":[{\"@type\":\"SearchAction\",\"target\":{\"@type\":\"EntryPoint\",\"urlTemplate\":\"https:\\\/\\\/produncan.cl\\\/fr\\\/?s={search_term_string}\"},\"query-input\":{\"@type\":\"PropertyValueSpecification\",\"valueRequired\":true,\"valueName\":\"search_term_string\"}}],\"inLanguage\":\"fr-FR\"},{\"@type\":\"Organization\",\"@id\":\"https:\\\/\\\/produncan.cl\\\/fr\\\/#organization\",\"name\":\"Produncan\",\"url\":\"https:\\\/\\\/produncan.cl\\\/fr\\\/\",\"logo\":{\"@type\":\"ImageObject\",\"inLanguage\":\"fr-FR\",\"@id\":\"https:\\\/\\\/produncan.cl\\\/fr\\\/#\\\/schema\\\/logo\\\/image\\\/\",\"url\":\"https:\\\/\\\/produncan.cl\\\/wp-content\\\/uploads\\\/2021\\\/03\\\/LOGO.jpeg\",\"contentUrl\":\"https:\\\/\\\/produncan.cl\\\/wp-content\\\/uploads\\\/2021\\\/03\\\/LOGO.jpeg\",\"width\":1280,\"height\":903,\"caption\":\"Produncan\"},\"image\":{\"@id\":\"https:\\\/\\\/produncan.cl\\\/fr\\\/#\\\/schema\\\/logo\\\/image\\\/\"},\"sameAs\":[\"https:\\\/\\\/web.facebook.com\\\/produncanland\",\"https:\\\/\\\/www.instagram.com\\\/pro_duncan\\\/\",\"https:\\\/\\\/www.linkedin.com\\\/company\\\/produncan-lands\\\/\",\"https:\\\/\\\/www.youtube.com\\\/channel\\\/UCu7N-f3x0svkazD-Eew1-QQ\"],\"description\":\"En Produncan somos especialistas en la venta de terrenos en el sur de Chile. Proveemos estancias, campos, parcelas y hoteles.\",\"email\":\"info@produncan.cl\"}]}<\/script>\n<meta property=\"og:video\" content=\"https:\/\/www.youtube.com\/embed\/m3ga0IENTcM\" \/>\n<meta property=\"og:video:type\" content=\"text\/html\" \/>\n<meta property=\"og:video:duration\" content=\"59\" \/>\n<meta property=\"og:video:width\" content=\"480\" \/>\n<meta property=\"og:video:height\" content=\"270\" \/>\n<meta property=\"ya:ovs:adult\" content=\"false\" \/>\n<meta property=\"ya:ovs:upload_date\" content=\"2021-11-05T22:14:32+00:00\" \/>\n<meta property=\"ya:ovs:allow_embed\" content=\"true\" \/>\n<meta property=\"product:price:currency\" content=\"USD\" \/>\n<meta property=\"og:availability\" content=\"out of stock\" \/>\n<meta property=\"product:availability\" content=\"out of stock\" \/>\n<meta property=\"product:condition\" content=\"new\" \/>\n<!-- \/ Yoast SEO Premium plugin. -->","yoast_head_json":{"title":"\"\"Champ en Terre de Feu, Estancia Indiana - R\u00e9gion de Magallanes\" \"","description":"\"Campo Estancia Indiana dispose de 2000 hectares en Terre de Feu \u00e0 1.000.000 $ par hectare. Comprend deux maisons, des caves, un hangar et des enclos.\"","robots":{"index":"index","follow":"follow","max-snippet":"max-snippet:-1","max-image-preview":"max-image-preview:large","max-video-preview":"max-video-preview:-1"},"canonical":"https:\/\/produncan.cl\/fr\/produit\/estancia-indiana-terre-de-feu\/","og_locale":"fr_FR","og_type":"article","og_title":"\"Champ en Terre de Feu, Estancia Indiana - R\u00e9gion de Magallanes\"","og_description":"\"Campo Estancia Indiana dispose de 2000 hectares en Terre de Feu \u00e0 1.000.000 $ par hectare. Comprend deux maisons, des caves, un hangar et des enclos.\"","og_url":"https:\/\/produncan.cl\/fr\/produit\/estancia-indiana-terre-de-feu\/","og_site_name":"Produncan","article_publisher":"https:\/\/web.facebook.com\/produncanland","article_modified_time":"2025-08-14T16:34:32+00:00","og_image":[{"url":"https:\/\/produncan.cl\/wp-content\/uploads\/2024\/07\/Estancia-Indiana-Tierra-del-Fuego.webp","type":"","width":"","height":""}],"twitter_card":"summary_large_image","twitter_misc":{"Price":"","Availability":"Out of stock"},"schema":{"@context":"https:\/\/schema.org","@graph":[{"@type":"WebPage","@id":"https:\/\/produncan.cl\/fr\/produit\/estancia-indiana-terre-de-feu\/","url":"https:\/\/produncan.cl\/fr\/produit\/estancia-indiana-terre-de-feu\/","name":"\"\"Champ en Terre de Feu, Estancia Indiana - R\u00e9gion de Magallanes\" \"","isPartOf":{"@id":"https:\/\/produncan.cl\/fr\/#website"},"primaryImageOfPage":{"@id":"https:\/\/produncan.cl\/fr\/produit\/estancia-indiana-terre-de-feu\/#primaryimage"},"image":{"@id":"https:\/\/produncan.cl\/fr\/produit\/estancia-indiana-terre-de-feu\/#primaryimage"},"thumbnailUrl":"https:\/\/produncan.cl\/wp-content\/uploads\/2024\/07\/Estancia-Indiana-Vendido.webp","datePublished":"2021-11-05T22:14:32+00:00","dateModified":"2025-08-14T16:34:32+00:00","description":"\"Campo Estancia Indiana dispose de 2000 hectares en Terre de Feu \u00e0 1.000.000 $ par hectare. Comprend deux maisons, des caves, un hangar et des enclos.\"","breadcrumb":{"@id":"https:\/\/produncan.cl\/fr\/produit\/estancia-indiana-terre-de-feu\/#breadcrumb"},"inLanguage":"fr-FR","potentialAction":[{"@type":"ReadAction","target":["https:\/\/produncan.cl\/fr\/produit\/estancia-indiana-terre-de-feu\/"]}]},{"@type":"ImageObject","inLanguage":"fr-FR","@id":"https:\/\/produncan.cl\/fr\/produit\/estancia-indiana-terre-de-feu\/#primaryimage","url":"https:\/\/produncan.cl\/wp-content\/uploads\/2024\/07\/Estancia-Indiana-Vendido.webp","contentUrl":"https:\/\/produncan.cl\/wp-content\/uploads\/2024\/07\/Estancia-Indiana-Vendido.webp","width":600,"height":450},{"@type":"BreadcrumbList","@id":"https:\/\/produncan.cl\/fr\/produit\/estancia-indiana-terre-de-feu\/#breadcrumb","itemListElement":[{"@type":"ListItem","position":1,"name":"Inicio","item":"https:\/\/produncan.cl\/fr\/"},{"@type":"ListItem","position":2,"name":"Propri\u00e9t\u00e9s","item":"https:\/\/produncan.cl\/propiedades\/"},{"@type":"ListItem","position":3,"name":"Champs","item":"https:\/\/produncan.cl\/fr\/cat&eacute;gorie\/champs\/"},{"@type":"ListItem","position":4,"name":"&#8220;Champ en Terre de Feu, Estancia Indiana &#8211; R\u00e9gion de Magallanes&#8221;"}]},{"@type":"WebSite","@id":"https:\/\/produncan.cl\/fr\/#website","url":"https:\/\/produncan.cl\/fr\/","name":"Produncan","description":"Nous vous accompagnons dans votre projet de vie !","publisher":{"@id":"https:\/\/produncan.cl\/fr\/#organization"},"potentialAction":[{"@type":"SearchAction","target":{"@type":"EntryPoint","urlTemplate":"https:\/\/produncan.cl\/fr\/?s={search_term_string}"},"query-input":{"@type":"PropertyValueSpecification","valueRequired":true,"valueName":"search_term_string"}}],"inLanguage":"fr-FR"},{"@type":"Organization","@id":"https:\/\/produncan.cl\/fr\/#organization","name":"Produncan","url":"https:\/\/produncan.cl\/fr\/","logo":{"@type":"ImageObject","inLanguage":"fr-FR","@id":"https:\/\/produncan.cl\/fr\/#\/schema\/logo\/image\/","url":"https:\/\/produncan.cl\/wp-content\/uploads\/2021\/03\/LOGO.jpeg","contentUrl":"https:\/\/produncan.cl\/wp-content\/uploads\/2021\/03\/LOGO.jpeg","width":1280,"height":903,"caption":"Produncan"},"image":{"@id":"https:\/\/produncan.cl\/fr\/#\/schema\/logo\/image\/"},"sameAs":["https:\/\/web.facebook.com\/produncanland","https:\/\/www.instagram.com\/pro_duncan\/","https:\/\/www.linkedin.com\/company\/produncan-lands\/","https:\/\/www.youtube.com\/channel\/UCu7N-f3x0svkazD-Eew1-QQ"],"description":"En Produncan somos especialistas en la venta de terrenos en el sur de Chile. Proveemos estancias, campos, parcelas y hoteles.","email":"info@produncan.cl"}]},"og_video":"https:\/\/www.youtube.com\/embed\/m3ga0IENTcM","og_video_type":"text\/html","og_video_duration":"59","og_video_width":"480","og_video_height":"270","ya_ovs_adult":"false","ya_ovs_upload_date":"2021-11-05T22:14:32+00:00","ya_ovs_allow_embed":"true","product_price_currency":"USD","og_availability":"out of stock","product_availability":"out of stock","product_condition":"new"},"_links":{"self":[{"href":"https:\/\/produncan.cl\/fr\/wp-json\/wp\/v2\/product\/31734","targetHints":{"allow":["GET"]}}],"collection":[{"href":"https:\/\/produncan.cl\/fr\/wp-json\/wp\/v2\/product"}],"about":[{"href":"https:\/\/produncan.cl\/fr\/wp-json\/wp\/v2\/types\/product"}],"version-history":[{"count":0,"href":"https:\/\/produncan.cl\/fr\/wp-json\/wp\/v2\/product\/31734\/revisions"}],"wp:featuredmedia":[{"embeddable":true,"href":"https:\/\/produncan.cl\/fr\/wp-json\/wp\/v2\/media\/33784"}],"wp:attachment":[{"href":"https:\/\/produncan.cl\/fr\/wp-json\/wp\/v2\/media?parent=31734"}],"wp:term":[{"taxonomy":"product_brand","embeddable":true,"href":"https:\/\/produncan.cl\/fr\/wp-json\/wp\/v2\/product_brand?post=31734"},{"taxonomy":"product_cat","embeddable":true,"href":"https:\/\/produncan.cl\/fr\/wp-json\/wp\/v2\/product_cat?post=31734"},{"taxonomy":"product_tag","embeddable":true,"href":"https:\/\/produncan.cl\/fr\/wp-json\/wp\/v2\/product_tag?post=31734"},{"taxonomy":"regiones","embeddable":true,"href":"https:\/\/produncan.cl\/fr\/wp-json\/wp\/v2\/regiones?post=31734"},{"taxonomy":"ciudades","embeddable":true,"href":"https:\/\/produncan.cl\/fr\/wp-json\/wp\/v2\/ciudades?post=31734"}],"curies":[{"name":"wp","href":"https:\/\/api.w.org\/{rel}","templated":true}]}}