{"id":32944,"date":"2024-07-23T13:36:52","date_gmt":"2024-07-23T17:36:52","guid":{"rendered":"https:\/\/produncan.cl\/producto\/parcela-rio-tepu-ensenada-region-de-los-lagos\/"},"modified":"2025-12-17T14:09:43","modified_gmt":"2025-12-17T17:09:43","slug":"parcela-rio-tepu-ensenada-region-de-los-lagos","status":"publish","type":"product","link":"https:\/\/produncan.cl\/fr\/produit\/parcela-rio-tepu-ensenada-region-de-los-lagos\/","title":{"rendered":"Terrain \u00e0 Ensenada, R\u00edo Tepu &#8211; Puerto Varas &#8211; R\u00e9gion des lacs"},"content":{"rendered":"\t\t<div data-elementor-type=\"product-post\" data-elementor-id=\"32944\" class=\"elementor elementor-32944 elementor-32867\" data-elementor-post-type=\"product\">\n\t\t\t\t<div class=\"elementor-element elementor-element-fc05c8f e-flex e-con-boxed e-con e-parent\" data-id=\"fc05c8f\" data-element_type=\"container\" data-e-type=\"container\" data-settings=\"{&quot;jet_parallax_layout_list&quot;:[]}\">\n\t\t\t\t\t<div class=\"e-con-inner\">\n\t\t\t\t<div class=\"elementor-element elementor-element-2d12ce4 elementor-widget elementor-widget-heading\" data-id=\"2d12ce4\" data-element_type=\"widget\" data-e-type=\"widget\" data-widget_type=\"heading.default\">\n\t\t\t\t\t<h2 class=\"elementor-heading-title elementor-size-default\">Un terrain avec une vue spectaculaire et \u00e0 deux pas du lac<\/h2>\t\t\t\t<\/div>\n\t\t\t\t\t<\/div>\n\t\t\t\t<\/div>\n\t\t<div class=\"elementor-element elementor-element-833f150 e-flex e-con-boxed e-con e-parent\" data-id=\"833f150\" data-element_type=\"container\" data-e-type=\"container\" data-settings=\"{&quot;jet_parallax_layout_list&quot;:[]}\">\n\t\t\t\t\t<div class=\"e-con-inner\">\n\t\t\t\t<div class=\"elementor-element elementor-element-ccb8c57 elementor-widget elementor-widget-text-editor\" data-id=\"ccb8c57\" data-element_type=\"widget\" data-e-type=\"widget\" data-widget_type=\"text-editor.default\">\n\t\t\t\t\t\t\t\t\t<p>D\u00e9couvrez l&#8217;endroit de vos r\u00eaves dans cette parcelle spectaculaire \u00e0 Ensenada, Puerto Varas, \u00e0 quelques pas du majestueux lac Llanquihue, avec des vues \u00e0 couper le souffle sur le lac et l&#8217;imposant volcan Osorno. Si vous cherchez \u00e0 vivre dans un environnement exclusif qui allie beaut\u00e9 naturelle, confort et s\u00e9curit\u00e9, cette propri\u00e9t\u00e9 est faite pour vous. <\/p>\n<p>L&#8217;emplacement de la parcelle est incomparable. Elle est situ\u00e9e \u00e0 seulement 120 m\u00e8tres du lac Llanquihue, en deuxi\u00e8me ligne, et \u00e0 800 m\u00e8tres de la Route 225, qui relie Puerto Varas \u00e0 Ensenada, garantissant un acc\u00e8s facile et une excellente connectivit\u00e9. <\/p>\n<p>Le terrain \u00e0 Ensenada a une superficie totale de 5014,1 m\u00b2, offrant l&#8217;espace id\u00e9al pour construire la maison de vos r\u00eaves. Le terrain est principalement recouvert d&#8217;arbres indig\u00e8nes tels que coihue, array\u00e1n, tepa et mel\u00ed, offrant un environnement naturel et priv\u00e9, parfait pour les amoureux de la nature. <\/p>\n<p>La propri\u00e9t\u00e9 dispose de l&#8217;\u00e9lectricit\u00e9, d&#8217;un tr\u00e8s bon signal de t\u00e9l\u00e9communications avec acc\u00e8s \u00e0 Internet par fibre optique et de l&#8217;eau potable rurale certifi\u00e9e par le MINSAL, ce qui vous permettra d&#8217;obtenir un permis de construire et une r\u00e9ception municipale.<\/p>\n<p>La parcelle se trouve dans un projet clos, avec portail \u00e9lectrique et r\u00e8glement de coexistence, ce qui garantit la tranquillit\u00e9 et la bonne organisation entre les propri\u00e9taires.<\/p>\n<p>La topographie du terrain est plate et orient\u00e9e au nord, ce qui garantit un excellent ensoleillement.<\/p>\n<p>Le terrain se trouve \u00e0 seulement 30 minutes de Puerto Varas et \u00e0 seulement 10 minutes d&#8217;Ensenada, o\u00f9 vous trouverez tout le n\u00e9cessaire pour vous approvisionner. Il poss\u00e8de un excellent acc\u00e8s par route goudronn\u00e9e, puis 800 m\u00e8tres de chemin de gravier en bon \u00e9tat. Sur la route, des transports en commun sont disponibles toutes les 30 minutes entre 6h et 20h30.  <\/p>\n<p>Dans les environs, vous trouverez de nombreuses attractions touristiques telles que le volcan Osorno, la Laguna Verde, les Saltos del Petrohu\u00e9 et bien d&#8217;autres.<\/p>\n<p>Le bien paie des d\u00e9penses communes de 70 000 dollars tous les trois mois et des contributions d&#8217; environ 70 000 dollars tous les trimestres.<\/p>\n<p>Ne manquez pas cette opportunit\u00e9 unique. Contactez-nous d\u00e8s aujourd&#8217;hui pour plus d&#8217; informations et pour planifier une visite ! <\/p>\t\t\t\t\t\t\t\t<\/div>\n\t\t\t\t\t<\/div>\n\t\t\t\t<\/div>\n\t\t\t\t<\/div>\n\t\t","protected":false},"excerpt":{"rendered":"<p>Terrain \u00e0 Ensenada, \u00e0 180 m\u00e8tres du lac Llanquihue, avec une vue impressionnante sur le volcan Osorno. Id\u00e9al pour vivre dans un environnement exclusif, alliant beaut\u00e9 et confort, s\u00e9curit\u00e9 et proximit\u00e9. <\/p>\n","protected":false},"featured_media":32872,"template":"","meta":{"_acf_changed":false},"product_brand":[],"product_cat":[113],"product_tag":[236,237],"regiones":[226],"ciudades":[213,219],"class_list":{"0":"post-32944","1":"product","2":"type-product","3":"status-publish","4":"has-post-thumbnail","6":"product_cat-ohiggins-los-lagos-fr","7":"product_tag-parcelles","8":"product_tag-proprietes-touristiques","9":"regiones-nuble-los_lagos","10":"ciudades-ensenada","11":"ciudades-puerto-varas","13":"first","14":"instock","15":"shipping-taxable","16":"purchasable","17":"product-type-simple"},"acf":[],"yoast_head":"<!-- This site is optimized with the Yoast SEO Premium plugin v26.0 (Yoast SEO v27.3) - https:\/\/yoast.com\/product\/yoast-seo-premium-wordpress\/ -->\n<title>Terrain \u00e0 Ensenada, Rio Tepu, Puerto Varas - Produncan<\/title>\n<meta name=\"description\" content=\"Terrain \u00e0 Ensenada, Rio Tepu, \u00e0 180 m\u00e8tres du lac Llanquihue avec une vue imprenable sur le volcan Osorno. Id\u00e9al pour vivre dans un environnement exclusif.\" \/>\n<meta name=\"robots\" content=\"index, follow, max-snippet:-1, max-image-preview:large, max-video-preview:-1\" \/>\n<link rel=\"canonical\" href=\"https:\/\/produncan.cl\/fr\/produit\/parcela-rio-tepu-ensenada-region-de-los-lagos\/\" \/>\n<meta property=\"og:locale\" content=\"fr_FR\" \/>\n<meta property=\"og:type\" content=\"article\" \/>\n<meta property=\"og:title\" content=\"Terrain \u00e0 Ensenada, R\u00edo Tepu - Puerto Varas - R\u00e9gion des lacs\" \/>\n<meta property=\"og:description\" content=\"Terrain \u00e0 Ensenada, Rio Tepu, \u00e0 180 m\u00e8tres du lac Llanquihue avec une vue imprenable sur le volcan Osorno. Id\u00e9al pour vivre dans un environnement exclusif.\" \/>\n<meta property=\"og:url\" content=\"https:\/\/produncan.cl\/fr\/produit\/parcela-rio-tepu-ensenada-region-de-los-lagos\/\" \/>\n<meta property=\"og:site_name\" content=\"Produncan\" \/>\n<meta property=\"article:publisher\" content=\"https:\/\/web.facebook.com\/produncanland\" \/>\n<meta property=\"article:modified_time\" content=\"2025-12-17T17:09:43+00:00\" \/>\n<meta property=\"og:image\" content=\"https:\/\/produncan.cl\/wp-content\/uploads\/2024\/07\/Parcela-Rio-Tepu.webp\" \/>\n\t<meta property=\"og:image:width\" content=\"800\" \/>\n\t<meta property=\"og:image:height\" content=\"600\" \/>\n\t<meta property=\"og:image:type\" content=\"image\/webp\" \/>\n<meta name=\"twitter:card\" content=\"summary_large_image\" \/>\n<meta name=\"twitter:label1\" content=\"Price\" \/>\n\t<meta name=\"twitter:data1\" content=\"USD184.800,00\" \/>\n\t<meta name=\"twitter:label2\" content=\"Availability\" \/>\n\t<meta name=\"twitter:data2\" content=\"In stock\" \/>\n<script type=\"application\/ld+json\" class=\"yoast-schema-graph\">{\"@context\":\"https:\\\/\\\/schema.org\",\"@graph\":[{\"@type\":\"WebPage\",\"@id\":\"https:\\\/\\\/produncan.cl\\\/fr\\\/produit\\\/parcela-rio-tepu-ensenada-region-de-los-lagos\\\/\",\"url\":\"https:\\\/\\\/produncan.cl\\\/fr\\\/produit\\\/parcela-rio-tepu-ensenada-region-de-los-lagos\\\/\",\"name\":\"Terrain \u00e0 Ensenada, Rio Tepu, Puerto Varas - Produncan\",\"isPartOf\":{\"@id\":\"https:\\\/\\\/produncan.cl\\\/fr\\\/#website\"},\"primaryImageOfPage\":{\"@id\":\"https:\\\/\\\/produncan.cl\\\/fr\\\/produit\\\/parcela-rio-tepu-ensenada-region-de-los-lagos\\\/#primaryimage\"},\"image\":{\"@id\":\"https:\\\/\\\/produncan.cl\\\/fr\\\/produit\\\/parcela-rio-tepu-ensenada-region-de-los-lagos\\\/#primaryimage\"},\"thumbnailUrl\":\"https:\\\/\\\/produncan.cl\\\/wp-content\\\/uploads\\\/2024\\\/07\\\/Parcela-Rio-Tepu.webp\",\"datePublished\":\"2024-07-23T17:36:52+00:00\",\"dateModified\":\"2025-12-17T17:09:43+00:00\",\"description\":\"Terrain \u00e0 Ensenada, Rio Tepu, \u00e0 180 m\u00e8tres du lac Llanquihue avec une vue imprenable sur le volcan Osorno. Id\u00e9al pour vivre dans un environnement exclusif.\",\"breadcrumb\":{\"@id\":\"https:\\\/\\\/produncan.cl\\\/fr\\\/produit\\\/parcela-rio-tepu-ensenada-region-de-los-lagos\\\/#breadcrumb\"},\"inLanguage\":\"fr-FR\",\"potentialAction\":[{\"@type\":\"ReadAction\",\"target\":[\"https:\\\/\\\/produncan.cl\\\/fr\\\/produit\\\/parcela-rio-tepu-ensenada-region-de-los-lagos\\\/\"]}]},{\"@type\":\"ImageObject\",\"inLanguage\":\"fr-FR\",\"@id\":\"https:\\\/\\\/produncan.cl\\\/fr\\\/produit\\\/parcela-rio-tepu-ensenada-region-de-los-lagos\\\/#primaryimage\",\"url\":\"https:\\\/\\\/produncan.cl\\\/wp-content\\\/uploads\\\/2024\\\/07\\\/Parcela-Rio-Tepu.webp\",\"contentUrl\":\"https:\\\/\\\/produncan.cl\\\/wp-content\\\/uploads\\\/2024\\\/07\\\/Parcela-Rio-Tepu.webp\",\"width\":800,\"height\":600,\"caption\":\"Plot River Tepu\"},{\"@type\":\"BreadcrumbList\",\"@id\":\"https:\\\/\\\/produncan.cl\\\/fr\\\/produit\\\/parcela-rio-tepu-ensenada-region-de-los-lagos\\\/#breadcrumb\",\"itemListElement\":[{\"@type\":\"ListItem\",\"position\":1,\"name\":\"Inicio\",\"item\":\"https:\\\/\\\/produncan.cl\\\/fr\\\/\"},{\"@type\":\"ListItem\",\"position\":2,\"name\":\"Propri\u00e9t\u00e9s\",\"item\":\"https:\\\/\\\/produncan.cl\\\/propiedades\\\/\"},{\"@type\":\"ListItem\",\"position\":3,\"name\":\"Parcelles\",\"item\":\"https:\\\/\\\/produncan.cl\\\/fr\\\/cat&eacute;gorie\\\/parcelles\\\/\"},{\"@type\":\"ListItem\",\"position\":4,\"name\":\"Terrain \u00e0 Ensenada, R\u00edo Tepu &#8211; Puerto Varas &#8211; R\u00e9gion des lacs\"}]},{\"@type\":\"WebSite\",\"@id\":\"https:\\\/\\\/produncan.cl\\\/fr\\\/#website\",\"url\":\"https:\\\/\\\/produncan.cl\\\/fr\\\/\",\"name\":\"Produncan\",\"description\":\"Nous vous accompagnons dans votre projet de vie !\",\"publisher\":{\"@id\":\"https:\\\/\\\/produncan.cl\\\/fr\\\/#organization\"},\"potentialAction\":[{\"@type\":\"SearchAction\",\"target\":{\"@type\":\"EntryPoint\",\"urlTemplate\":\"https:\\\/\\\/produncan.cl\\\/fr\\\/?s={search_term_string}\"},\"query-input\":{\"@type\":\"PropertyValueSpecification\",\"valueRequired\":true,\"valueName\":\"search_term_string\"}}],\"inLanguage\":\"fr-FR\"},{\"@type\":\"Organization\",\"@id\":\"https:\\\/\\\/produncan.cl\\\/fr\\\/#organization\",\"name\":\"Produncan\",\"url\":\"https:\\\/\\\/produncan.cl\\\/fr\\\/\",\"logo\":{\"@type\":\"ImageObject\",\"inLanguage\":\"fr-FR\",\"@id\":\"https:\\\/\\\/produncan.cl\\\/fr\\\/#\\\/schema\\\/logo\\\/image\\\/\",\"url\":\"https:\\\/\\\/produncan.cl\\\/wp-content\\\/uploads\\\/2021\\\/03\\\/LOGO.jpeg\",\"contentUrl\":\"https:\\\/\\\/produncan.cl\\\/wp-content\\\/uploads\\\/2021\\\/03\\\/LOGO.jpeg\",\"width\":1280,\"height\":903,\"caption\":\"Produncan\"},\"image\":{\"@id\":\"https:\\\/\\\/produncan.cl\\\/fr\\\/#\\\/schema\\\/logo\\\/image\\\/\"},\"sameAs\":[\"https:\\\/\\\/web.facebook.com\\\/produncanland\",\"https:\\\/\\\/www.instagram.com\\\/pro_duncan\\\/\",\"https:\\\/\\\/www.linkedin.com\\\/company\\\/produncan-lands\\\/\",\"https:\\\/\\\/www.youtube.com\\\/channel\\\/UCu7N-f3x0svkazD-Eew1-QQ\"],\"description\":\"En Produncan somos especialistas en la venta de terrenos en el sur de Chile. Proveemos estancias, campos, parcelas y hoteles.\",\"email\":\"info@produncan.cl\"}]}<\/script>\n<meta property=\"og:video\" content=\"https:\/\/www.youtube.com\/embed\/tvYqL2psjKI\" \/>\n<meta property=\"og:video:type\" content=\"text\/html\" \/>\n<meta property=\"og:video:duration\" content=\"117\" \/>\n<meta property=\"og:video:width\" content=\"480\" \/>\n<meta property=\"og:video:height\" content=\"270\" \/>\n<meta property=\"ya:ovs:adult\" content=\"false\" \/>\n<meta property=\"ya:ovs:upload_date\" content=\"2024-07-23T17:36:52+00:00\" \/>\n<meta property=\"ya:ovs:allow_embed\" content=\"true\" \/>\n<meta property=\"product:price:amount\" content=\"184800.00\" \/>\n<meta property=\"product:price:currency\" content=\"USD\" \/>\n<meta property=\"og:availability\" content=\"instock\" \/>\n<meta property=\"product:availability\" content=\"instock\" \/>\n<meta property=\"product:condition\" content=\"new\" \/>\n<!-- \/ Yoast SEO Premium plugin. -->","yoast_head_json":{"title":"Terrain \u00e0 Ensenada, Rio Tepu, Puerto Varas - Produncan","description":"Terrain \u00e0 Ensenada, Rio Tepu, \u00e0 180 m\u00e8tres du lac Llanquihue avec une vue imprenable sur le volcan Osorno. Id\u00e9al pour vivre dans un environnement exclusif.","robots":{"index":"index","follow":"follow","max-snippet":"max-snippet:-1","max-image-preview":"max-image-preview:large","max-video-preview":"max-video-preview:-1"},"canonical":"https:\/\/produncan.cl\/fr\/produit\/parcela-rio-tepu-ensenada-region-de-los-lagos\/","og_locale":"fr_FR","og_type":"article","og_title":"Terrain \u00e0 Ensenada, R\u00edo Tepu - Puerto Varas - R\u00e9gion des lacs","og_description":"Terrain \u00e0 Ensenada, Rio Tepu, \u00e0 180 m\u00e8tres du lac Llanquihue avec une vue imprenable sur le volcan Osorno. Id\u00e9al pour vivre dans un environnement exclusif.","og_url":"https:\/\/produncan.cl\/fr\/produit\/parcela-rio-tepu-ensenada-region-de-los-lagos\/","og_site_name":"Produncan","article_publisher":"https:\/\/web.facebook.com\/produncanland","article_modified_time":"2025-12-17T17:09:43+00:00","og_image":[{"width":800,"height":600,"url":"https:\/\/produncan.cl\/wp-content\/uploads\/2024\/07\/Parcela-Rio-Tepu.webp","type":"image\/webp"}],"twitter_card":"summary_large_image","twitter_misc":{"Price":"USD184.800,00","Availability":"In stock"},"schema":{"@context":"https:\/\/schema.org","@graph":[{"@type":"WebPage","@id":"https:\/\/produncan.cl\/fr\/produit\/parcela-rio-tepu-ensenada-region-de-los-lagos\/","url":"https:\/\/produncan.cl\/fr\/produit\/parcela-rio-tepu-ensenada-region-de-los-lagos\/","name":"Terrain \u00e0 Ensenada, Rio Tepu, Puerto Varas - Produncan","isPartOf":{"@id":"https:\/\/produncan.cl\/fr\/#website"},"primaryImageOfPage":{"@id":"https:\/\/produncan.cl\/fr\/produit\/parcela-rio-tepu-ensenada-region-de-los-lagos\/#primaryimage"},"image":{"@id":"https:\/\/produncan.cl\/fr\/produit\/parcela-rio-tepu-ensenada-region-de-los-lagos\/#primaryimage"},"thumbnailUrl":"https:\/\/produncan.cl\/wp-content\/uploads\/2024\/07\/Parcela-Rio-Tepu.webp","datePublished":"2024-07-23T17:36:52+00:00","dateModified":"2025-12-17T17:09:43+00:00","description":"Terrain \u00e0 Ensenada, Rio Tepu, \u00e0 180 m\u00e8tres du lac Llanquihue avec une vue imprenable sur le volcan Osorno. Id\u00e9al pour vivre dans un environnement exclusif.","breadcrumb":{"@id":"https:\/\/produncan.cl\/fr\/produit\/parcela-rio-tepu-ensenada-region-de-los-lagos\/#breadcrumb"},"inLanguage":"fr-FR","potentialAction":[{"@type":"ReadAction","target":["https:\/\/produncan.cl\/fr\/produit\/parcela-rio-tepu-ensenada-region-de-los-lagos\/"]}]},{"@type":"ImageObject","inLanguage":"fr-FR","@id":"https:\/\/produncan.cl\/fr\/produit\/parcela-rio-tepu-ensenada-region-de-los-lagos\/#primaryimage","url":"https:\/\/produncan.cl\/wp-content\/uploads\/2024\/07\/Parcela-Rio-Tepu.webp","contentUrl":"https:\/\/produncan.cl\/wp-content\/uploads\/2024\/07\/Parcela-Rio-Tepu.webp","width":800,"height":600,"caption":"Plot River Tepu"},{"@type":"BreadcrumbList","@id":"https:\/\/produncan.cl\/fr\/produit\/parcela-rio-tepu-ensenada-region-de-los-lagos\/#breadcrumb","itemListElement":[{"@type":"ListItem","position":1,"name":"Inicio","item":"https:\/\/produncan.cl\/fr\/"},{"@type":"ListItem","position":2,"name":"Propri\u00e9t\u00e9s","item":"https:\/\/produncan.cl\/propiedades\/"},{"@type":"ListItem","position":3,"name":"Parcelles","item":"https:\/\/produncan.cl\/fr\/cat&eacute;gorie\/parcelles\/"},{"@type":"ListItem","position":4,"name":"Terrain \u00e0 Ensenada, R\u00edo Tepu &#8211; Puerto Varas &#8211; R\u00e9gion des lacs"}]},{"@type":"WebSite","@id":"https:\/\/produncan.cl\/fr\/#website","url":"https:\/\/produncan.cl\/fr\/","name":"Produncan","description":"Nous vous accompagnons dans votre projet de vie !","publisher":{"@id":"https:\/\/produncan.cl\/fr\/#organization"},"potentialAction":[{"@type":"SearchAction","target":{"@type":"EntryPoint","urlTemplate":"https:\/\/produncan.cl\/fr\/?s={search_term_string}"},"query-input":{"@type":"PropertyValueSpecification","valueRequired":true,"valueName":"search_term_string"}}],"inLanguage":"fr-FR"},{"@type":"Organization","@id":"https:\/\/produncan.cl\/fr\/#organization","name":"Produncan","url":"https:\/\/produncan.cl\/fr\/","logo":{"@type":"ImageObject","inLanguage":"fr-FR","@id":"https:\/\/produncan.cl\/fr\/#\/schema\/logo\/image\/","url":"https:\/\/produncan.cl\/wp-content\/uploads\/2021\/03\/LOGO.jpeg","contentUrl":"https:\/\/produncan.cl\/wp-content\/uploads\/2021\/03\/LOGO.jpeg","width":1280,"height":903,"caption":"Produncan"},"image":{"@id":"https:\/\/produncan.cl\/fr\/#\/schema\/logo\/image\/"},"sameAs":["https:\/\/web.facebook.com\/produncanland","https:\/\/www.instagram.com\/pro_duncan\/","https:\/\/www.linkedin.com\/company\/produncan-lands\/","https:\/\/www.youtube.com\/channel\/UCu7N-f3x0svkazD-Eew1-QQ"],"description":"En Produncan somos especialistas en la venta de terrenos en el sur de Chile. Proveemos estancias, campos, parcelas y hoteles.","email":"info@produncan.cl"}]},"og_video":"https:\/\/www.youtube.com\/embed\/tvYqL2psjKI","og_video_type":"text\/html","og_video_duration":"117","og_video_width":"480","og_video_height":"270","ya_ovs_adult":"false","ya_ovs_upload_date":"2024-07-23T17:36:52+00:00","ya_ovs_allow_embed":"true","product_price_amount":"184800.00","product_price_currency":"USD","og_availability":"instock","product_availability":"instock","product_condition":"new"},"_links":{"self":[{"href":"https:\/\/produncan.cl\/fr\/wp-json\/wp\/v2\/product\/32944","targetHints":{"allow":["GET"]}}],"collection":[{"href":"https:\/\/produncan.cl\/fr\/wp-json\/wp\/v2\/product"}],"about":[{"href":"https:\/\/produncan.cl\/fr\/wp-json\/wp\/v2\/types\/product"}],"version-history":[{"count":1,"href":"https:\/\/produncan.cl\/fr\/wp-json\/wp\/v2\/product\/32944\/revisions"}],"predecessor-version":[{"id":53361,"href":"https:\/\/produncan.cl\/fr\/wp-json\/wp\/v2\/product\/32944\/revisions\/53361"}],"wp:featuredmedia":[{"embeddable":true,"href":"https:\/\/produncan.cl\/fr\/wp-json\/wp\/v2\/media\/32872"}],"wp:attachment":[{"href":"https:\/\/produncan.cl\/fr\/wp-json\/wp\/v2\/media?parent=32944"}],"wp:term":[{"taxonomy":"product_brand","embeddable":true,"href":"https:\/\/produncan.cl\/fr\/wp-json\/wp\/v2\/product_brand?post=32944"},{"taxonomy":"product_cat","embeddable":true,"href":"https:\/\/produncan.cl\/fr\/wp-json\/wp\/v2\/product_cat?post=32944"},{"taxonomy":"product_tag","embeddable":true,"href":"https:\/\/produncan.cl\/fr\/wp-json\/wp\/v2\/product_tag?post=32944"},{"taxonomy":"regiones","embeddable":true,"href":"https:\/\/produncan.cl\/fr\/wp-json\/wp\/v2\/regiones?post=32944"},{"taxonomy":"ciudades","embeddable":true,"href":"https:\/\/produncan.cl\/fr\/wp-json\/wp\/v2\/ciudades?post=32944"}],"curies":[{"name":"wp","href":"https:\/\/api.w.org\/{rel}","templated":true}]}}