{"id":33599,"date":"2024-08-05T18:47:00","date_gmt":"2024-08-05T22:47:00","guid":{"rendered":"https:\/\/produncan.cl\/producto\/parcela-alto-tepu-ensenada-region-de-los-lagos\/"},"modified":"2025-12-17T14:06:58","modified_gmt":"2025-12-17T17:06:58","slug":"parcela-alto-tepu-ensenada-region-de-los-lagos","status":"publish","type":"product","link":"https:\/\/produncan.cl\/fr\/produit\/parcela-alto-tepu-ensenada-region-de-los-lagos\/","title":{"rendered":"Terrain \u00e0 Ensenada &#8211; Alto Tepu, R\u00e9gion des lacs"},"content":{"rendered":"\t\t<div data-elementor-type=\"product-post\" data-elementor-id=\"33599\" class=\"elementor elementor-33599 elementor-33438\" data-elementor-post-type=\"product\">\n\t\t\t\t<div class=\"elementor-element elementor-element-a0c90ce e-flex e-con-boxed e-con e-parent\" data-id=\"a0c90ce\" data-element_type=\"container\" data-e-type=\"container\" data-settings=\"{&quot;jet_parallax_layout_list&quot;:[]}\">\n\t\t\t\t\t<div class=\"e-con-inner\">\n\t\t\t\t<div class=\"elementor-element elementor-element-66e3f0a elementor-widget elementor-widget-heading\" data-id=\"66e3f0a\" data-element_type=\"widget\" data-e-type=\"widget\" data-widget_type=\"heading.default\">\n\t\t\t\t\t<h2 class=\"elementor-heading-title elementor-size-default\">Beau terrain avec vue sur le lac et les volcans pr\u00e8s d' Ensenada<\/h2>\t\t\t\t<\/div>\n\t\t\t\t\t<\/div>\n\t\t\t\t<\/div>\n\t\t<div class=\"elementor-element elementor-element-ee56225 e-flex e-con-boxed e-con e-parent\" data-id=\"ee56225\" data-element_type=\"container\" data-e-type=\"container\" data-settings=\"{&quot;jet_parallax_layout_list&quot;:[]}\">\n\t\t\t\t\t<div class=\"e-con-inner\">\n\t\t\t\t<div class=\"elementor-element elementor-element-9541956 elementor-widget elementor-widget-text-editor\" data-id=\"9541956\" data-element_type=\"widget\" data-e-type=\"widget\" data-widget_type=\"text-editor.default\">\n\t\t\t\t\t\t\t\t\t<p>D\u00e9couvrez l&#8217; opportunit\u00e9 de vivre sur un terrain de 5000 m\u00b2 avec une vue panoramique \u00e0 couper le souffle, situ\u00e9e pr\u00e8s d&#8217; Ensenada, Puerto Varas.<\/p>\n<p>Avec un prix de vente de 62.000.000 $, ce terrain a une topographie avec une l\u00e9g\u00e8re pente, ce qui vous permet de profiter d&#8217;une vue impressionnante sur les volcans et le lac. Il s&#8217;agit de l&#8217;un des terrains les mieux situ\u00e9s du projet. <\/p>\n<p>De plus, il est situ\u00e9 dans un projet consolid\u00e9 avec plusieurs maisons construites, ce qui donne la s\u00e9curit\u00e9 que votre famille m\u00e9rite.<span style=\"color: var( --e-global-color-text ); font-family: var( --e-global-typography-text-font-family ), Sans-serif; font-weight: var( --e-global-typography-text-font-weight ); text-align: var(--text-align); font-size: 1rem;\">&nbsp;<\/span><\/p>\n<p>Le terrain \u00e0 Ensenada est \u00e0 vendre avec l&#8217;\u00e9lectricit\u00e9 fournie par SAESA et l&#8217;eau d&#8217;un puits de projet. Bien qu&#8217;il n&#8217;y ait pas de b\u00e2timents, il est enti\u00e8rement cl\u00f4tur\u00e9, ce qui garantit la s\u00e9curit\u00e9 et l&#8217;intimit\u00e9. De plus, un ruisseau coule \u00e0 l&#8217;ext\u00e9rieur de la parcelle, ce qui ajoute un attrait naturel \u00e0 l&#8217;environnement.  <\/p>\n<p>L&#8217;exposition au soleil est excellente, ce qui garantit une atmosph\u00e8re lumineuse et accueillante. L&#8217;acc\u00e8s au terrain est facile, avec une route asphalt\u00e9e et seulement 2 kilom\u00e8tres de gravier. La ville la plus proche est Puerto Varas, \u00e0 seulement 50 minutes, et l&#8217;a\u00e9roport est \u00e0 environ 1 heure et 15 minutes. Les transports publics sont accessibles depuis la route et le signal des t\u00e9l\u00e9communications est bon.   <\/p>\n<p>Dans les environs, vous pourrez profiter d&#8217; une vari\u00e9t\u00e9 d&#8217; attractions naturelles telles que Ensenada, le volcan Osorno, la Laguna Verde, les chutes d&#8217;eau de Petrohu\u00e9, Ral\u00fan et Cocham\u00f3, le lac Todos los Santos, les Cascades et la charmante ville de Puerto Varas.<\/p>\n<p>En termes de paiement, le cr\u00e9dit hypoth\u00e9caire et le paiement comptant sont accept\u00e9s. Il existe \u00e9galement la possibilit\u00e9 de mettre en gage, de verser un acompte de 10 % et de discuter des conditions en fonction de la forme d&#8217;achat. <\/p>\n<p>Ce terrain \u00e0 Ensenada est id\u00e9al pour ceux qui recherchent un endroit calme avec une vue magnifique et un acc\u00e8s \u00e0 de nombreuses attractions naturelles. Ne manquez pas cette opportunit\u00e9 d&#8217;investissement unique dans un environnement privil\u00e9gi\u00e9 ! <\/p>\n<p>Pour plus d&#8217; informations et pour planifier une visite, contactez-nous d\u00e8s aujourd&#8217;hui!<\/p>\t\t\t\t\t\t\t\t<\/div>\n\t\t\t\t\t<\/div>\n\t\t\t\t<\/div>\n\t\t\t\t<\/div>\n\t\t","protected":false},"excerpt":{"rendered":"<p>Terrain \u00e0 Ensenada, avec vue sur le lac Llanquihue et le volcan Osorno. Acc\u00e8s principalement goudronn\u00e9 et proche de Puerto Varas. Au sein d&#8217;un projet consolid\u00e9, avec \u00e9lectricit\u00e9, eau et \u00e9tang.  <\/p>\n","protected":false},"featured_media":33442,"template":"","meta":{"_acf_changed":false},"product_brand":[],"product_cat":[113],"product_tag":[236],"regiones":[226],"ciudades":[213,219],"class_list":{"0":"post-33599","1":"product","2":"type-product","3":"status-publish","4":"has-post-thumbnail","6":"product_cat-ohiggins-los-lagos-fr","7":"product_tag-parcelles","8":"regiones-nuble-los_lagos","9":"ciudades-ensenada","10":"ciudades-puerto-varas","12":"first","13":"instock","14":"shipping-taxable","15":"purchasable","16":"product-type-simple"},"acf":[],"yoast_head":"<!-- This site is optimized with the Yoast SEO Premium plugin v26.0 (Yoast SEO v27.3) - https:\/\/yoast.com\/product\/yoast-seo-premium-wordpress\/ -->\n<title>Terrain \u00e0 Ensenada - Alto Tepu, R\u00e9gion des lacs - Produncan<\/title>\n<meta name=\"description\" content=\"D\u00e9couvrez Parcela Alto Tepu, un terrain de 5000 m\u00b2 avec une vue imprenable sur le lac et les volcans pr\u00e8s d&#039; Ensenada, Puerto Varas .\" \/>\n<meta name=\"robots\" content=\"index, follow, max-snippet:-1, max-image-preview:large, max-video-preview:-1\" \/>\n<link rel=\"canonical\" href=\"https:\/\/produncan.cl\/fr\/produit\/parcela-alto-tepu-ensenada-region-de-los-lagos\/\" \/>\n<meta property=\"og:locale\" content=\"fr_FR\" \/>\n<meta property=\"og:type\" content=\"article\" \/>\n<meta property=\"og:title\" content=\"Terrain \u00e0 Ensenada - Alto Tepu, R\u00e9gion des lacs\" \/>\n<meta property=\"og:description\" content=\"D\u00e9couvrez Parcela Alto Tepu, un terrain de 5000 m\u00b2 avec une vue imprenable sur le lac et les volcans pr\u00e8s d&#039; Ensenada, Puerto Varas .\" \/>\n<meta property=\"og:url\" content=\"https:\/\/produncan.cl\/fr\/produit\/parcela-alto-tepu-ensenada-region-de-los-lagos\/\" \/>\n<meta property=\"og:site_name\" content=\"Produncan\" \/>\n<meta property=\"article:publisher\" content=\"https:\/\/web.facebook.com\/produncanland\" \/>\n<meta property=\"article:modified_time\" content=\"2025-12-17T17:06:58+00:00\" \/>\n<meta property=\"og:image\" content=\"https:\/\/produncan.cl\/wp-content\/uploads\/2024\/08\/Parcela-Alto-Tepu-cerca-de-Ensenada.webp\" \/>\n\t<meta property=\"og:image:width\" content=\"600\" \/>\n\t<meta property=\"og:image:height\" content=\"450\" \/>\n\t<meta property=\"og:image:type\" content=\"image\/webp\" \/>\n<meta name=\"twitter:card\" content=\"summary_large_image\" \/>\n<meta name=\"twitter:label1\" content=\"Price\" \/>\n\t<meta name=\"twitter:data1\" content=\"USD67.400,00\" \/>\n\t<meta name=\"twitter:label2\" content=\"Availability\" \/>\n\t<meta name=\"twitter:data2\" content=\"In stock\" \/>\n<script type=\"application\/ld+json\" class=\"yoast-schema-graph\">{\"@context\":\"https:\\\/\\\/schema.org\",\"@graph\":[{\"@type\":\"WebPage\",\"@id\":\"https:\\\/\\\/produncan.cl\\\/fr\\\/produit\\\/parcela-alto-tepu-ensenada-region-de-los-lagos\\\/\",\"url\":\"https:\\\/\\\/produncan.cl\\\/fr\\\/produit\\\/parcela-alto-tepu-ensenada-region-de-los-lagos\\\/\",\"name\":\"Terrain \u00e0 Ensenada - Alto Tepu, R\u00e9gion des lacs - Produncan\",\"isPartOf\":{\"@id\":\"https:\\\/\\\/produncan.cl\\\/fr\\\/#website\"},\"primaryImageOfPage\":{\"@id\":\"https:\\\/\\\/produncan.cl\\\/fr\\\/produit\\\/parcela-alto-tepu-ensenada-region-de-los-lagos\\\/#primaryimage\"},\"image\":{\"@id\":\"https:\\\/\\\/produncan.cl\\\/fr\\\/produit\\\/parcela-alto-tepu-ensenada-region-de-los-lagos\\\/#primaryimage\"},\"thumbnailUrl\":\"https:\\\/\\\/produncan.cl\\\/wp-content\\\/uploads\\\/2024\\\/08\\\/Parcela-Alto-Tepu-cerca-de-Ensenada.webp\",\"datePublished\":\"2024-08-05T22:47:00+00:00\",\"dateModified\":\"2025-12-17T17:06:58+00:00\",\"description\":\"D\u00e9couvrez Parcela Alto Tepu, un terrain de 5000 m\u00b2 avec une vue imprenable sur le lac et les volcans pr\u00e8s d' Ensenada, Puerto Varas .\",\"breadcrumb\":{\"@id\":\"https:\\\/\\\/produncan.cl\\\/fr\\\/produit\\\/parcela-alto-tepu-ensenada-region-de-los-lagos\\\/#breadcrumb\"},\"inLanguage\":\"fr-FR\",\"potentialAction\":[{\"@type\":\"ReadAction\",\"target\":[\"https:\\\/\\\/produncan.cl\\\/fr\\\/produit\\\/parcela-alto-tepu-ensenada-region-de-los-lagos\\\/\"]}]},{\"@type\":\"ImageObject\",\"inLanguage\":\"fr-FR\",\"@id\":\"https:\\\/\\\/produncan.cl\\\/fr\\\/produit\\\/parcela-alto-tepu-ensenada-region-de-los-lagos\\\/#primaryimage\",\"url\":\"https:\\\/\\\/produncan.cl\\\/wp-content\\\/uploads\\\/2024\\\/08\\\/Parcela-Alto-Tepu-cerca-de-Ensenada.webp\",\"contentUrl\":\"https:\\\/\\\/produncan.cl\\\/wp-content\\\/uploads\\\/2024\\\/08\\\/Parcela-Alto-Tepu-cerca-de-Ensenada.webp\",\"width\":600,\"height\":450,\"caption\":\"Terrain Alto Tepu pr\u00e8s d'Ensenada\"},{\"@type\":\"BreadcrumbList\",\"@id\":\"https:\\\/\\\/produncan.cl\\\/fr\\\/produit\\\/parcela-alto-tepu-ensenada-region-de-los-lagos\\\/#breadcrumb\",\"itemListElement\":[{\"@type\":\"ListItem\",\"position\":1,\"name\":\"Inicio\",\"item\":\"https:\\\/\\\/produncan.cl\\\/fr\\\/\"},{\"@type\":\"ListItem\",\"position\":2,\"name\":\"Propri\u00e9t\u00e9s\",\"item\":\"https:\\\/\\\/produncan.cl\\\/propiedades\\\/\"},{\"@type\":\"ListItem\",\"position\":3,\"name\":\"Parcelles\",\"item\":\"https:\\\/\\\/produncan.cl\\\/fr\\\/cat&eacute;gorie\\\/parcelles\\\/\"},{\"@type\":\"ListItem\",\"position\":4,\"name\":\"Terrain \u00e0 Ensenada &#8211; Alto Tepu, R\u00e9gion des lacs\"}]},{\"@type\":\"WebSite\",\"@id\":\"https:\\\/\\\/produncan.cl\\\/fr\\\/#website\",\"url\":\"https:\\\/\\\/produncan.cl\\\/fr\\\/\",\"name\":\"Produncan\",\"description\":\"Nous vous accompagnons dans votre projet de vie !\",\"publisher\":{\"@id\":\"https:\\\/\\\/produncan.cl\\\/fr\\\/#organization\"},\"potentialAction\":[{\"@type\":\"SearchAction\",\"target\":{\"@type\":\"EntryPoint\",\"urlTemplate\":\"https:\\\/\\\/produncan.cl\\\/fr\\\/?s={search_term_string}\"},\"query-input\":{\"@type\":\"PropertyValueSpecification\",\"valueRequired\":true,\"valueName\":\"search_term_string\"}}],\"inLanguage\":\"fr-FR\"},{\"@type\":\"Organization\",\"@id\":\"https:\\\/\\\/produncan.cl\\\/fr\\\/#organization\",\"name\":\"Produncan\",\"url\":\"https:\\\/\\\/produncan.cl\\\/fr\\\/\",\"logo\":{\"@type\":\"ImageObject\",\"inLanguage\":\"fr-FR\",\"@id\":\"https:\\\/\\\/produncan.cl\\\/fr\\\/#\\\/schema\\\/logo\\\/image\\\/\",\"url\":\"https:\\\/\\\/produncan.cl\\\/wp-content\\\/uploads\\\/2021\\\/03\\\/LOGO.jpeg\",\"contentUrl\":\"https:\\\/\\\/produncan.cl\\\/wp-content\\\/uploads\\\/2021\\\/03\\\/LOGO.jpeg\",\"width\":1280,\"height\":903,\"caption\":\"Produncan\"},\"image\":{\"@id\":\"https:\\\/\\\/produncan.cl\\\/fr\\\/#\\\/schema\\\/logo\\\/image\\\/\"},\"sameAs\":[\"https:\\\/\\\/web.facebook.com\\\/produncanland\",\"https:\\\/\\\/www.instagram.com\\\/pro_duncan\\\/\",\"https:\\\/\\\/www.linkedin.com\\\/company\\\/produncan-lands\\\/\",\"https:\\\/\\\/www.youtube.com\\\/channel\\\/UCu7N-f3x0svkazD-Eew1-QQ\"],\"description\":\"En Produncan somos especialistas en la venta de terrenos en el sur de Chile. Proveemos estancias, campos, parcelas y hoteles.\",\"email\":\"info@produncan.cl\"}]}<\/script>\n<meta property=\"og:video\" content=\"https:\/\/www.youtube.com\/embed\/nH3GMu0aY-8\" \/>\n<meta property=\"og:video:type\" content=\"text\/html\" \/>\n<meta property=\"og:video:duration\" content=\"85\" \/>\n<meta property=\"og:video:width\" content=\"480\" \/>\n<meta property=\"og:video:height\" content=\"270\" \/>\n<meta property=\"ya:ovs:adult\" content=\"false\" \/>\n<meta property=\"ya:ovs:upload_date\" content=\"2024-08-05T22:47:00+00:00\" \/>\n<meta property=\"ya:ovs:allow_embed\" content=\"true\" \/>\n<meta property=\"product:price:amount\" content=\"67400.00\" \/>\n<meta property=\"product:price:currency\" content=\"USD\" \/>\n<meta property=\"og:availability\" content=\"instock\" \/>\n<meta property=\"product:availability\" content=\"instock\" \/>\n<meta property=\"product:condition\" content=\"new\" \/>\n<!-- \/ Yoast SEO Premium plugin. -->","yoast_head_json":{"title":"Terrain \u00e0 Ensenada - Alto Tepu, R\u00e9gion des lacs - Produncan","description":"D\u00e9couvrez Parcela Alto Tepu, un terrain de 5000 m\u00b2 avec une vue imprenable sur le lac et les volcans pr\u00e8s d' Ensenada, Puerto Varas .","robots":{"index":"index","follow":"follow","max-snippet":"max-snippet:-1","max-image-preview":"max-image-preview:large","max-video-preview":"max-video-preview:-1"},"canonical":"https:\/\/produncan.cl\/fr\/produit\/parcela-alto-tepu-ensenada-region-de-los-lagos\/","og_locale":"fr_FR","og_type":"article","og_title":"Terrain \u00e0 Ensenada - Alto Tepu, R\u00e9gion des lacs","og_description":"D\u00e9couvrez Parcela Alto Tepu, un terrain de 5000 m\u00b2 avec une vue imprenable sur le lac et les volcans pr\u00e8s d' Ensenada, Puerto Varas .","og_url":"https:\/\/produncan.cl\/fr\/produit\/parcela-alto-tepu-ensenada-region-de-los-lagos\/","og_site_name":"Produncan","article_publisher":"https:\/\/web.facebook.com\/produncanland","article_modified_time":"2025-12-17T17:06:58+00:00","og_image":[{"width":600,"height":450,"url":"https:\/\/produncan.cl\/wp-content\/uploads\/2024\/08\/Parcela-Alto-Tepu-cerca-de-Ensenada.webp","type":"image\/webp"}],"twitter_card":"summary_large_image","twitter_misc":{"Price":"USD67.400,00","Availability":"In stock"},"schema":{"@context":"https:\/\/schema.org","@graph":[{"@type":"WebPage","@id":"https:\/\/produncan.cl\/fr\/produit\/parcela-alto-tepu-ensenada-region-de-los-lagos\/","url":"https:\/\/produncan.cl\/fr\/produit\/parcela-alto-tepu-ensenada-region-de-los-lagos\/","name":"Terrain \u00e0 Ensenada - Alto Tepu, R\u00e9gion des lacs - Produncan","isPartOf":{"@id":"https:\/\/produncan.cl\/fr\/#website"},"primaryImageOfPage":{"@id":"https:\/\/produncan.cl\/fr\/produit\/parcela-alto-tepu-ensenada-region-de-los-lagos\/#primaryimage"},"image":{"@id":"https:\/\/produncan.cl\/fr\/produit\/parcela-alto-tepu-ensenada-region-de-los-lagos\/#primaryimage"},"thumbnailUrl":"https:\/\/produncan.cl\/wp-content\/uploads\/2024\/08\/Parcela-Alto-Tepu-cerca-de-Ensenada.webp","datePublished":"2024-08-05T22:47:00+00:00","dateModified":"2025-12-17T17:06:58+00:00","description":"D\u00e9couvrez Parcela Alto Tepu, un terrain de 5000 m\u00b2 avec une vue imprenable sur le lac et les volcans pr\u00e8s d' Ensenada, Puerto Varas .","breadcrumb":{"@id":"https:\/\/produncan.cl\/fr\/produit\/parcela-alto-tepu-ensenada-region-de-los-lagos\/#breadcrumb"},"inLanguage":"fr-FR","potentialAction":[{"@type":"ReadAction","target":["https:\/\/produncan.cl\/fr\/produit\/parcela-alto-tepu-ensenada-region-de-los-lagos\/"]}]},{"@type":"ImageObject","inLanguage":"fr-FR","@id":"https:\/\/produncan.cl\/fr\/produit\/parcela-alto-tepu-ensenada-region-de-los-lagos\/#primaryimage","url":"https:\/\/produncan.cl\/wp-content\/uploads\/2024\/08\/Parcela-Alto-Tepu-cerca-de-Ensenada.webp","contentUrl":"https:\/\/produncan.cl\/wp-content\/uploads\/2024\/08\/Parcela-Alto-Tepu-cerca-de-Ensenada.webp","width":600,"height":450,"caption":"Terrain Alto Tepu pr\u00e8s d'Ensenada"},{"@type":"BreadcrumbList","@id":"https:\/\/produncan.cl\/fr\/produit\/parcela-alto-tepu-ensenada-region-de-los-lagos\/#breadcrumb","itemListElement":[{"@type":"ListItem","position":1,"name":"Inicio","item":"https:\/\/produncan.cl\/fr\/"},{"@type":"ListItem","position":2,"name":"Propri\u00e9t\u00e9s","item":"https:\/\/produncan.cl\/propiedades\/"},{"@type":"ListItem","position":3,"name":"Parcelles","item":"https:\/\/produncan.cl\/fr\/cat&eacute;gorie\/parcelles\/"},{"@type":"ListItem","position":4,"name":"Terrain \u00e0 Ensenada &#8211; Alto Tepu, R\u00e9gion des lacs"}]},{"@type":"WebSite","@id":"https:\/\/produncan.cl\/fr\/#website","url":"https:\/\/produncan.cl\/fr\/","name":"Produncan","description":"Nous vous accompagnons dans votre projet de vie !","publisher":{"@id":"https:\/\/produncan.cl\/fr\/#organization"},"potentialAction":[{"@type":"SearchAction","target":{"@type":"EntryPoint","urlTemplate":"https:\/\/produncan.cl\/fr\/?s={search_term_string}"},"query-input":{"@type":"PropertyValueSpecification","valueRequired":true,"valueName":"search_term_string"}}],"inLanguage":"fr-FR"},{"@type":"Organization","@id":"https:\/\/produncan.cl\/fr\/#organization","name":"Produncan","url":"https:\/\/produncan.cl\/fr\/","logo":{"@type":"ImageObject","inLanguage":"fr-FR","@id":"https:\/\/produncan.cl\/fr\/#\/schema\/logo\/image\/","url":"https:\/\/produncan.cl\/wp-content\/uploads\/2021\/03\/LOGO.jpeg","contentUrl":"https:\/\/produncan.cl\/wp-content\/uploads\/2021\/03\/LOGO.jpeg","width":1280,"height":903,"caption":"Produncan"},"image":{"@id":"https:\/\/produncan.cl\/fr\/#\/schema\/logo\/image\/"},"sameAs":["https:\/\/web.facebook.com\/produncanland","https:\/\/www.instagram.com\/pro_duncan\/","https:\/\/www.linkedin.com\/company\/produncan-lands\/","https:\/\/www.youtube.com\/channel\/UCu7N-f3x0svkazD-Eew1-QQ"],"description":"En Produncan somos especialistas en la venta de terrenos en el sur de Chile. Proveemos estancias, campos, parcelas y hoteles.","email":"info@produncan.cl"}]},"og_video":"https:\/\/www.youtube.com\/embed\/nH3GMu0aY-8","og_video_type":"text\/html","og_video_duration":"85","og_video_width":"480","og_video_height":"270","ya_ovs_adult":"false","ya_ovs_upload_date":"2024-08-05T22:47:00+00:00","ya_ovs_allow_embed":"true","product_price_amount":"67400.00","product_price_currency":"USD","og_availability":"instock","product_availability":"instock","product_condition":"new"},"_links":{"self":[{"href":"https:\/\/produncan.cl\/fr\/wp-json\/wp\/v2\/product\/33599","targetHints":{"allow":["GET"]}}],"collection":[{"href":"https:\/\/produncan.cl\/fr\/wp-json\/wp\/v2\/product"}],"about":[{"href":"https:\/\/produncan.cl\/fr\/wp-json\/wp\/v2\/types\/product"}],"version-history":[{"count":2,"href":"https:\/\/produncan.cl\/fr\/wp-json\/wp\/v2\/product\/33599\/revisions"}],"predecessor-version":[{"id":53356,"href":"https:\/\/produncan.cl\/fr\/wp-json\/wp\/v2\/product\/33599\/revisions\/53356"}],"wp:featuredmedia":[{"embeddable":true,"href":"https:\/\/produncan.cl\/fr\/wp-json\/wp\/v2\/media\/33442"}],"wp:attachment":[{"href":"https:\/\/produncan.cl\/fr\/wp-json\/wp\/v2\/media?parent=33599"}],"wp:term":[{"taxonomy":"product_brand","embeddable":true,"href":"https:\/\/produncan.cl\/fr\/wp-json\/wp\/v2\/product_brand?post=33599"},{"taxonomy":"product_cat","embeddable":true,"href":"https:\/\/produncan.cl\/fr\/wp-json\/wp\/v2\/product_cat?post=33599"},{"taxonomy":"product_tag","embeddable":true,"href":"https:\/\/produncan.cl\/fr\/wp-json\/wp\/v2\/product_tag?post=33599"},{"taxonomy":"regiones","embeddable":true,"href":"https:\/\/produncan.cl\/fr\/wp-json\/wp\/v2\/regiones?post=33599"},{"taxonomy":"ciudades","embeddable":true,"href":"https:\/\/produncan.cl\/fr\/wp-json\/wp\/v2\/ciudades?post=33599"}],"curies":[{"name":"wp","href":"https:\/\/api.w.org\/{rel}","templated":true}]}}