{"id":34423,"date":"2021-09-04T13:43:30","date_gmt":"2021-09-04T17:43:30","guid":{"rendered":"https:\/\/produncan.cl\/producto\/campito-pichidamas-region-de-los-lagos\/"},"modified":"2025-08-14T12:35:22","modified_gmt":"2025-08-14T16:35:22","slug":"campito-pichidamas-region-de-los-lagos","status":"publish","type":"product","link":"https:\/\/produncan.cl\/fr\/produit\/campito-pichidamas-region-de-los-lagos\/","title":{"rendered":"&#8220;Campito Pichidamas &#8211; R\u00e9gion des Lacs&#8221;"},"content":{"rendered":"\t\t<div data-elementor-type=\"product-post\" data-elementor-id=\"34423\" class=\"elementor elementor-34423 elementor-34150\" data-elementor-post-type=\"product\">\n\t\t\t\t<div class=\"elementor-element elementor-element-0d75bd0 e-flex e-con-boxed e-con e-parent\" data-id=\"0d75bd0\" data-element_type=\"container\" data-e-type=\"container\" data-settings=\"{&quot;jet_parallax_layout_list&quot;:[]}\">\n\t\t\t\t\t<div class=\"e-con-inner\">\n\t\t\t\t<div class=\"elementor-element elementor-element-3192783 elementor-widget elementor-widget-heading\" data-id=\"3192783\" data-element_type=\"widget\" data-e-type=\"widget\" data-widget_type=\"heading.default\">\n\t\t\t\t\t<h2 class=\"elementor-heading-title elementor-size-default\">\"D\u00e9couvrez un Petit Terrain Id\u00e9al pour Votre Projet au C\u0153ur de la R\u00e9gion des Lacs !\"<\/h2>\t\t\t\t<\/div>\n\t\t\t\t\t<\/div>\n\t\t\t\t<\/div>\n\t\t<div class=\"elementor-element elementor-element-91e66a9 e-flex e-con-boxed e-con e-parent\" data-id=\"91e66a9\" data-element_type=\"container\" data-e-type=\"container\" data-settings=\"{&quot;jet_parallax_layout_list&quot;:[]}\">\n\t\t\t\t\t<div class=\"e-con-inner\">\n\t\t\t\t<div class=\"elementor-element elementor-element-b953338 elementor-widget elementor-widget-text-editor\" data-id=\"b953338\" data-element_type=\"widget\" data-e-type=\"widget\" data-widget_type=\"text-editor.default\">\n\t\t\t\t\t\t\t\t\t&#8220;`html\n<p>Nous vous pr\u00e9sentons une opportunit\u00e9 unique dans le secteur de Pichidamas, Osorno : un terrain de 8,2 hectares, parfait pour ceux qui cherchent \u00e0 investir dans une propri\u00e9t\u00e9 aux multiples possibilit\u00e9s. Avec un prix de vente abordable de 145 000 000 $, ce terrain se distingue par son usage agricole, son sol fertile et son excellente exposition solaire sous tous les angles.<\/p>\n<p><b>Caract\u00e9ristiques Remarquables du Terrain :<\/b><\/p>\n<p>\u00c0 seulement 350 m\u00e8tres de l&#8217;asphalte, l&#8217;acc\u00e8s principal est principalement asphalt\u00e9, facilitant le d\u00e9placement vers Osorno en 25 minutes ou le magnifique lac Rupanco, qui se trouve \u00e0 seulement 10 minutes. De plus, pour entrer dans le champ, il est possible d&#8217;am\u00e9nager un acc\u00e8s secondaire, offrant plus de confidentialit\u00e9 et de commodit\u00e9.<\/p>\n<p>Le terrain dispose d&#8217;une source d&#8217;eau abondante gr\u00e2ce au ruisseau Pichidamas, qui parcourt 190 m\u00e8tres de la propri\u00e9t\u00e9, restant actif m\u00eame en \u00e9t\u00e9. De plus, il existe un ruisseau plus petit et un projet de puits qui pourrait apporter de l&#8217;eau potable rurale (APR) \u00e0 l&#8217;avenir. Vous pouvez \u00e9galement envisager la possibilit\u00e9 de r\u00e9aliser votre propre puits profond.<\/p>\n<p>L&#8217;\u00e9lectricit\u00e9 est disponible via un poteau proche, \u00e0 100 m\u00e8tres du terrain. De plus, une ligne triphas\u00e9e passe en bordure de la propri\u00e9t\u00e9, ce qui permet de demander une connexion \u00e0 la compagnie fournisseur, facilitant tout projet agricole ou r\u00e9sidentiel.<\/p>\n<p>Ce terrain est id\u00e9al pour l&#8217;agriculture et l&#8217;\u00e9levage, avec 95 % de prairie et 5 % d&#8217;arbres indig\u00e8nes comme les ch\u00eanes (pellines). Son historique d&#8217;utilisation inclut la plantation et la production de foin de haute qualit\u00e9 pour l&#8217;alimentation des animaux.<\/p>\n<p><b>Emplacement Privil\u00e9gi\u00e9 :<\/b><\/p>\n<p>Situ\u00e9 dans la r\u00e9gion des Lacs, ce terrain se trouve dans une zone facilement accessible, \u00e0 seulement 20 minutes de l&#8217;a\u00e9roport d&#8217;Osorno. Avec un transport public disponible \u00e0 350 m\u00e8tres, et \u00e0 proximit\u00e9 d&#8217;attractions naturelles comme le lac Rupanco, Puerto Octay, Puyehue, Llanquihue, Villa la Angostura et Bariloche, c&#8217;est l&#8217;endroit parfait pour ceux qui cherchent \u00e0 profiter de la nature sans s&#8217;\u00e9loigner de la connectivit\u00e9 urbaine.<\/p>\n<p>Ne manquez pas cette opportunit\u00e9 ! Ce terrain est l&#8217;investissement parfait pour ceux qui recherchent un espace dans un environnement naturel privil\u00e9gi\u00e9, avec toutes les commodit\u00e9s et services \u00e0 port\u00e9e de main.<\/p>\n<p>Contactez-nous et r\u00e9alisez votre projet \u00e0 Pichidamas !<\/p>\n&#8220;`\t\t\t\t\t\t\t\t<\/div>\n\t\t\t\t\t<\/div>\n\t\t\t\t<\/div>\n\t\t\t\t<\/div>\n\t\t","protected":false},"excerpt":{"rendered":"<p>&#8220;Campito \u00e0 10 minutes du lac Rupanco, avec acc\u00e8s asphalt\u00e9, \u00e9lectricit\u00e9 \u00e0 proximit\u00e9, un large ruisseau, prairie pr\u00e9dominante et vues sur les volcans.&#8221;<\/p>\n","protected":false},"featured_media":37158,"template":"","meta":{"_acf_changed":false},"product_brand":[],"product_cat":[113],"product_tag":[233,236],"regiones":[226],"ciudades":[217],"class_list":{"0":"post-34423","1":"product","2":"type-product","3":"status-publish","4":"has-post-thumbnail","6":"product_cat-ohiggins-los-lagos-fr","7":"product_tag-champs","8":"product_tag-parcelles","9":"regiones-nuble-los_lagos","10":"ciudades-osorno","12":"first","13":"outofstock","14":"sold-individually","15":"shipping-taxable","16":"product-type-simple"},"acf":[],"yoast_head":"<!-- This site is optimized with the Yoast SEO Premium plugin v26.0 (Yoast SEO v27.3) - https:\/\/yoast.com\/product\/yoast-seo-premium-wordpress\/ -->\n<title>&quot;Campito Pichidamas - R\u00e9gion des Lacs&quot; - Produncan<\/title>\n<meta name=\"description\" content=\"&quot;Petit terrain de 8,2 ha \u00e0 10 minutes du lac Rupanco, avec acc\u00e8s asphalt\u00e9, \u00e9lectricit\u00e9 \u00e0 proximit\u00e9, un large ruisseau, principalement prairie et vues sur les volcans.&quot;\" \/>\n<meta name=\"robots\" content=\"index, follow, max-snippet:-1, max-image-preview:large, max-video-preview:-1\" \/>\n<link rel=\"canonical\" href=\"https:\/\/produncan.cl\/fr\/produit\/campito-pichidamas-region-de-los-lagos\/\" \/>\n<meta property=\"og:locale\" content=\"fr_FR\" \/>\n<meta property=\"og:type\" content=\"article\" \/>\n<meta property=\"og:title\" content=\"&quot;Campito Pichidamas - R\u00e9gion des Lacs&quot;\" \/>\n<meta property=\"og:description\" content=\"&quot;Petit terrain de 8,2 ha \u00e0 10 minutes du lac Rupanco, avec acc\u00e8s asphalt\u00e9, \u00e9lectricit\u00e9 \u00e0 proximit\u00e9, un large ruisseau, principalement prairie et vues sur les volcans.&quot;\" \/>\n<meta property=\"og:url\" content=\"https:\/\/produncan.cl\/fr\/produit\/campito-pichidamas-region-de-los-lagos\/\" \/>\n<meta property=\"og:site_name\" content=\"Produncan\" \/>\n<meta property=\"article:publisher\" content=\"https:\/\/web.facebook.com\/produncanland\" \/>\n<meta property=\"article:modified_time\" content=\"2025-08-14T16:35:22+00:00\" \/>\n<meta property=\"og:image\" content=\"https:\/\/produncan.cl\/wp-content\/uploads\/2024\/09\/Campito-Pichidamas-vendido.webp\" \/>\n\t<meta property=\"og:image:width\" content=\"800\" \/>\n\t<meta property=\"og:image:height\" content=\"600\" \/>\n\t<meta property=\"og:image:type\" content=\"image\/webp\" \/>\n<meta name=\"twitter:card\" content=\"summary_large_image\" \/>\n<meta name=\"twitter:label1\" content=\"Price\" \/>\n\t<meta name=\"twitter:data1\" content=\"\" \/>\n\t<meta name=\"twitter:label2\" content=\"Availability\" \/>\n\t<meta name=\"twitter:data2\" content=\"Out of stock\" \/>\n<script type=\"application\/ld+json\" class=\"yoast-schema-graph\">{\"@context\":\"https:\\\/\\\/schema.org\",\"@graph\":[{\"@type\":\"WebPage\",\"@id\":\"https:\\\/\\\/produncan.cl\\\/fr\\\/produit\\\/campito-pichidamas-region-de-los-lagos\\\/\",\"url\":\"https:\\\/\\\/produncan.cl\\\/fr\\\/produit\\\/campito-pichidamas-region-de-los-lagos\\\/\",\"name\":\"\\\"Campito Pichidamas - R\u00e9gion des Lacs\\\" - Produncan\",\"isPartOf\":{\"@id\":\"https:\\\/\\\/produncan.cl\\\/fr\\\/#website\"},\"primaryImageOfPage\":{\"@id\":\"https:\\\/\\\/produncan.cl\\\/fr\\\/produit\\\/campito-pichidamas-region-de-los-lagos\\\/#primaryimage\"},\"image\":{\"@id\":\"https:\\\/\\\/produncan.cl\\\/fr\\\/produit\\\/campito-pichidamas-region-de-los-lagos\\\/#primaryimage\"},\"thumbnailUrl\":\"https:\\\/\\\/produncan.cl\\\/wp-content\\\/uploads\\\/2024\\\/09\\\/Campito-Pichidamas-vendido.webp\",\"datePublished\":\"2021-09-04T17:43:30+00:00\",\"dateModified\":\"2025-08-14T16:35:22+00:00\",\"description\":\"\\\"Petit terrain de 8,2 ha \u00e0 10 minutes du lac Rupanco, avec acc\u00e8s asphalt\u00e9, \u00e9lectricit\u00e9 \u00e0 proximit\u00e9, un large ruisseau, principalement prairie et vues sur les volcans.\\\"\",\"breadcrumb\":{\"@id\":\"https:\\\/\\\/produncan.cl\\\/fr\\\/produit\\\/campito-pichidamas-region-de-los-lagos\\\/#breadcrumb\"},\"inLanguage\":\"fr-FR\",\"potentialAction\":[{\"@type\":\"ReadAction\",\"target\":[\"https:\\\/\\\/produncan.cl\\\/fr\\\/produit\\\/campito-pichidamas-region-de-los-lagos\\\/\"]}]},{\"@type\":\"ImageObject\",\"inLanguage\":\"fr-FR\",\"@id\":\"https:\\\/\\\/produncan.cl\\\/fr\\\/produit\\\/campito-pichidamas-region-de-los-lagos\\\/#primaryimage\",\"url\":\"https:\\\/\\\/produncan.cl\\\/wp-content\\\/uploads\\\/2024\\\/09\\\/Campito-Pichidamas-vendido.webp\",\"contentUrl\":\"https:\\\/\\\/produncan.cl\\\/wp-content\\\/uploads\\\/2024\\\/09\\\/Campito-Pichidamas-vendido.webp\",\"width\":800,\"height\":600},{\"@type\":\"BreadcrumbList\",\"@id\":\"https:\\\/\\\/produncan.cl\\\/fr\\\/produit\\\/campito-pichidamas-region-de-los-lagos\\\/#breadcrumb\",\"itemListElement\":[{\"@type\":\"ListItem\",\"position\":1,\"name\":\"Inicio\",\"item\":\"https:\\\/\\\/produncan.cl\\\/fr\\\/\"},{\"@type\":\"ListItem\",\"position\":2,\"name\":\"Propri\u00e9t\u00e9s\",\"item\":\"https:\\\/\\\/produncan.cl\\\/propiedades\\\/\"},{\"@type\":\"ListItem\",\"position\":3,\"name\":\"Champs\",\"item\":\"https:\\\/\\\/produncan.cl\\\/fr\\\/cat&eacute;gorie\\\/champs\\\/\"},{\"@type\":\"ListItem\",\"position\":4,\"name\":\"&#8220;Campito Pichidamas &#8211; R\u00e9gion des Lacs&#8221;\"}]},{\"@type\":\"WebSite\",\"@id\":\"https:\\\/\\\/produncan.cl\\\/fr\\\/#website\",\"url\":\"https:\\\/\\\/produncan.cl\\\/fr\\\/\",\"name\":\"Produncan\",\"description\":\"Nous vous accompagnons dans votre projet de vie !\",\"publisher\":{\"@id\":\"https:\\\/\\\/produncan.cl\\\/fr\\\/#organization\"},\"potentialAction\":[{\"@type\":\"SearchAction\",\"target\":{\"@type\":\"EntryPoint\",\"urlTemplate\":\"https:\\\/\\\/produncan.cl\\\/fr\\\/?s={search_term_string}\"},\"query-input\":{\"@type\":\"PropertyValueSpecification\",\"valueRequired\":true,\"valueName\":\"search_term_string\"}}],\"inLanguage\":\"fr-FR\"},{\"@type\":\"Organization\",\"@id\":\"https:\\\/\\\/produncan.cl\\\/fr\\\/#organization\",\"name\":\"Produncan\",\"url\":\"https:\\\/\\\/produncan.cl\\\/fr\\\/\",\"logo\":{\"@type\":\"ImageObject\",\"inLanguage\":\"fr-FR\",\"@id\":\"https:\\\/\\\/produncan.cl\\\/fr\\\/#\\\/schema\\\/logo\\\/image\\\/\",\"url\":\"https:\\\/\\\/produncan.cl\\\/wp-content\\\/uploads\\\/2021\\\/03\\\/LOGO.jpeg\",\"contentUrl\":\"https:\\\/\\\/produncan.cl\\\/wp-content\\\/uploads\\\/2021\\\/03\\\/LOGO.jpeg\",\"width\":1280,\"height\":903,\"caption\":\"Produncan\"},\"image\":{\"@id\":\"https:\\\/\\\/produncan.cl\\\/fr\\\/#\\\/schema\\\/logo\\\/image\\\/\"},\"sameAs\":[\"https:\\\/\\\/web.facebook.com\\\/produncanland\",\"https:\\\/\\\/www.instagram.com\\\/pro_duncan\\\/\",\"https:\\\/\\\/www.linkedin.com\\\/company\\\/produncan-lands\\\/\",\"https:\\\/\\\/www.youtube.com\\\/channel\\\/UCu7N-f3x0svkazD-Eew1-QQ\"],\"description\":\"En Produncan somos especialistas en la venta de terrenos en el sur de Chile. Proveemos estancias, campos, parcelas y hoteles.\",\"email\":\"info@produncan.cl\"}]}<\/script>\n<meta property=\"og:video\" content=\"https:\/\/www.youtube.com\/embed\/9mhM1679M0E\" \/>\n<meta property=\"og:video:type\" content=\"text\/html\" \/>\n<meta property=\"og:video:duration\" content=\"123\" \/>\n<meta property=\"og:video:width\" content=\"480\" \/>\n<meta property=\"og:video:height\" content=\"270\" \/>\n<meta property=\"ya:ovs:adult\" content=\"false\" \/>\n<meta property=\"ya:ovs:upload_date\" content=\"2021-09-04T17:43:30+00:00\" \/>\n<meta property=\"ya:ovs:allow_embed\" content=\"true\" \/>\n<meta property=\"product:price:currency\" content=\"USD\" \/>\n<meta property=\"og:availability\" content=\"out of stock\" \/>\n<meta property=\"product:availability\" content=\"out of stock\" \/>\n<meta property=\"product:condition\" content=\"new\" \/>\n<!-- \/ Yoast SEO Premium plugin. -->","yoast_head_json":{"title":"\"Campito Pichidamas - R\u00e9gion des Lacs\" - Produncan","description":"\"Petit terrain de 8,2 ha \u00e0 10 minutes du lac Rupanco, avec acc\u00e8s asphalt\u00e9, \u00e9lectricit\u00e9 \u00e0 proximit\u00e9, un large ruisseau, principalement prairie et vues sur les volcans.\"","robots":{"index":"index","follow":"follow","max-snippet":"max-snippet:-1","max-image-preview":"max-image-preview:large","max-video-preview":"max-video-preview:-1"},"canonical":"https:\/\/produncan.cl\/fr\/produit\/campito-pichidamas-region-de-los-lagos\/","og_locale":"fr_FR","og_type":"article","og_title":"\"Campito Pichidamas - R\u00e9gion des Lacs\"","og_description":"\"Petit terrain de 8,2 ha \u00e0 10 minutes du lac Rupanco, avec acc\u00e8s asphalt\u00e9, \u00e9lectricit\u00e9 \u00e0 proximit\u00e9, un large ruisseau, principalement prairie et vues sur les volcans.\"","og_url":"https:\/\/produncan.cl\/fr\/produit\/campito-pichidamas-region-de-los-lagos\/","og_site_name":"Produncan","article_publisher":"https:\/\/web.facebook.com\/produncanland","article_modified_time":"2025-08-14T16:35:22+00:00","og_image":[{"width":800,"height":600,"url":"https:\/\/produncan.cl\/wp-content\/uploads\/2024\/09\/Campito-Pichidamas-vendido.webp","type":"image\/webp"}],"twitter_card":"summary_large_image","twitter_misc":{"Price":"","Availability":"Out of stock"},"schema":{"@context":"https:\/\/schema.org","@graph":[{"@type":"WebPage","@id":"https:\/\/produncan.cl\/fr\/produit\/campito-pichidamas-region-de-los-lagos\/","url":"https:\/\/produncan.cl\/fr\/produit\/campito-pichidamas-region-de-los-lagos\/","name":"\"Campito Pichidamas - R\u00e9gion des Lacs\" - Produncan","isPartOf":{"@id":"https:\/\/produncan.cl\/fr\/#website"},"primaryImageOfPage":{"@id":"https:\/\/produncan.cl\/fr\/produit\/campito-pichidamas-region-de-los-lagos\/#primaryimage"},"image":{"@id":"https:\/\/produncan.cl\/fr\/produit\/campito-pichidamas-region-de-los-lagos\/#primaryimage"},"thumbnailUrl":"https:\/\/produncan.cl\/wp-content\/uploads\/2024\/09\/Campito-Pichidamas-vendido.webp","datePublished":"2021-09-04T17:43:30+00:00","dateModified":"2025-08-14T16:35:22+00:00","description":"\"Petit terrain de 8,2 ha \u00e0 10 minutes du lac Rupanco, avec acc\u00e8s asphalt\u00e9, \u00e9lectricit\u00e9 \u00e0 proximit\u00e9, un large ruisseau, principalement prairie et vues sur les volcans.\"","breadcrumb":{"@id":"https:\/\/produncan.cl\/fr\/produit\/campito-pichidamas-region-de-los-lagos\/#breadcrumb"},"inLanguage":"fr-FR","potentialAction":[{"@type":"ReadAction","target":["https:\/\/produncan.cl\/fr\/produit\/campito-pichidamas-region-de-los-lagos\/"]}]},{"@type":"ImageObject","inLanguage":"fr-FR","@id":"https:\/\/produncan.cl\/fr\/produit\/campito-pichidamas-region-de-los-lagos\/#primaryimage","url":"https:\/\/produncan.cl\/wp-content\/uploads\/2024\/09\/Campito-Pichidamas-vendido.webp","contentUrl":"https:\/\/produncan.cl\/wp-content\/uploads\/2024\/09\/Campito-Pichidamas-vendido.webp","width":800,"height":600},{"@type":"BreadcrumbList","@id":"https:\/\/produncan.cl\/fr\/produit\/campito-pichidamas-region-de-los-lagos\/#breadcrumb","itemListElement":[{"@type":"ListItem","position":1,"name":"Inicio","item":"https:\/\/produncan.cl\/fr\/"},{"@type":"ListItem","position":2,"name":"Propri\u00e9t\u00e9s","item":"https:\/\/produncan.cl\/propiedades\/"},{"@type":"ListItem","position":3,"name":"Champs","item":"https:\/\/produncan.cl\/fr\/cat&eacute;gorie\/champs\/"},{"@type":"ListItem","position":4,"name":"&#8220;Campito Pichidamas &#8211; R\u00e9gion des Lacs&#8221;"}]},{"@type":"WebSite","@id":"https:\/\/produncan.cl\/fr\/#website","url":"https:\/\/produncan.cl\/fr\/","name":"Produncan","description":"Nous vous accompagnons dans votre projet de vie !","publisher":{"@id":"https:\/\/produncan.cl\/fr\/#organization"},"potentialAction":[{"@type":"SearchAction","target":{"@type":"EntryPoint","urlTemplate":"https:\/\/produncan.cl\/fr\/?s={search_term_string}"},"query-input":{"@type":"PropertyValueSpecification","valueRequired":true,"valueName":"search_term_string"}}],"inLanguage":"fr-FR"},{"@type":"Organization","@id":"https:\/\/produncan.cl\/fr\/#organization","name":"Produncan","url":"https:\/\/produncan.cl\/fr\/","logo":{"@type":"ImageObject","inLanguage":"fr-FR","@id":"https:\/\/produncan.cl\/fr\/#\/schema\/logo\/image\/","url":"https:\/\/produncan.cl\/wp-content\/uploads\/2021\/03\/LOGO.jpeg","contentUrl":"https:\/\/produncan.cl\/wp-content\/uploads\/2021\/03\/LOGO.jpeg","width":1280,"height":903,"caption":"Produncan"},"image":{"@id":"https:\/\/produncan.cl\/fr\/#\/schema\/logo\/image\/"},"sameAs":["https:\/\/web.facebook.com\/produncanland","https:\/\/www.instagram.com\/pro_duncan\/","https:\/\/www.linkedin.com\/company\/produncan-lands\/","https:\/\/www.youtube.com\/channel\/UCu7N-f3x0svkazD-Eew1-QQ"],"description":"En Produncan somos especialistas en la venta de terrenos en el sur de Chile. Proveemos estancias, campos, parcelas y hoteles.","email":"info@produncan.cl"}]},"og_video":"https:\/\/www.youtube.com\/embed\/9mhM1679M0E","og_video_type":"text\/html","og_video_duration":"123","og_video_width":"480","og_video_height":"270","ya_ovs_adult":"false","ya_ovs_upload_date":"2021-09-04T17:43:30+00:00","ya_ovs_allow_embed":"true","product_price_currency":"USD","og_availability":"out of stock","product_availability":"out of stock","product_condition":"new"},"_links":{"self":[{"href":"https:\/\/produncan.cl\/fr\/wp-json\/wp\/v2\/product\/34423","targetHints":{"allow":["GET"]}}],"collection":[{"href":"https:\/\/produncan.cl\/fr\/wp-json\/wp\/v2\/product"}],"about":[{"href":"https:\/\/produncan.cl\/fr\/wp-json\/wp\/v2\/types\/product"}],"version-history":[{"count":0,"href":"https:\/\/produncan.cl\/fr\/wp-json\/wp\/v2\/product\/34423\/revisions"}],"wp:featuredmedia":[{"embeddable":true,"href":"https:\/\/produncan.cl\/fr\/wp-json\/wp\/v2\/media\/37158"}],"wp:attachment":[{"href":"https:\/\/produncan.cl\/fr\/wp-json\/wp\/v2\/media?parent=34423"}],"wp:term":[{"taxonomy":"product_brand","embeddable":true,"href":"https:\/\/produncan.cl\/fr\/wp-json\/wp\/v2\/product_brand?post=34423"},{"taxonomy":"product_cat","embeddable":true,"href":"https:\/\/produncan.cl\/fr\/wp-json\/wp\/v2\/product_cat?post=34423"},{"taxonomy":"product_tag","embeddable":true,"href":"https:\/\/produncan.cl\/fr\/wp-json\/wp\/v2\/product_tag?post=34423"},{"taxonomy":"regiones","embeddable":true,"href":"https:\/\/produncan.cl\/fr\/wp-json\/wp\/v2\/regiones?post=34423"},{"taxonomy":"ciudades","embeddable":true,"href":"https:\/\/produncan.cl\/fr\/wp-json\/wp\/v2\/ciudades?post=34423"}],"curies":[{"name":"wp","href":"https:\/\/api.w.org\/{rel}","templated":true}]}}