{"id":34605,"date":"2024-09-06T15:52:06","date_gmt":"2024-09-06T19:52:06","guid":{"rendered":"https:\/\/produncan.cl\/producto\/macrolots-peninsule-d-antonio-varas\/"},"modified":"2025-12-17T14:06:57","modified_gmt":"2025-12-17T17:06:57","slug":"macrolots-peninsule-d-antonio-varas","status":"publish","type":"product","link":"https:\/\/produncan.cl\/fr\/produit\/macrolots-peninsule-d-antonio-varas\/","title":{"rendered":"Parcelles \u00e0 Puerto Natales, Pen\u00ednsula Antonio Varas &#8211; R\u00e9gion de Magallanes"},"content":{"rendered":"\t\t<div data-elementor-type=\"product-post\" data-elementor-id=\"34605\" class=\"elementor elementor-34605 elementor-34465\" data-elementor-post-type=\"product\">\n\t\t\t\t<div class=\"elementor-element elementor-element-297e653 e-flex e-con-boxed e-con e-parent\" data-id=\"297e653\" data-element_type=\"container\" data-e-type=\"container\" data-settings=\"{&quot;jet_parallax_layout_list&quot;:[]}\">\n\t\t\t\t\t<div class=\"e-con-inner\">\n\t\t\t\t<div class=\"elementor-element elementor-element-0db3ce6 elementor-widget elementor-widget-heading\" data-id=\"0db3ce6\" data-element_type=\"widget\" data-e-type=\"widget\" data-widget_type=\"heading.default\">\n\t\t\t\t\t<h2 class=\"elementor-heading-title elementor-size-default\">Votre refuge id\u00e9al en Patagonie \u00e0 un prix abordable<\/h2>\t\t\t\t<\/div>\n\t\t\t\t\t<\/div>\n\t\t\t\t<\/div>\n\t\t<div class=\"elementor-element elementor-element-c6cb2f7 e-flex e-con-boxed e-con e-parent\" data-id=\"c6cb2f7\" data-element_type=\"container\" data-e-type=\"container\" data-settings=\"{&quot;jet_parallax_layout_list&quot;:[]}\">\n\t\t\t\t\t<div class=\"e-con-inner\">\n\t\t\t\t<div class=\"elementor-element elementor-element-98115a5 elementor-widget elementor-widget-text-editor\" data-id=\"98115a5\" data-element_type=\"widget\" data-e-type=\"widget\" data-widget_type=\"text-editor.default\">\n\t\t\t\t\t\t\t\t\t<p>Situ\u00e9s sur la embl\u00e9matique p\u00e9ninsule d&#8217;Antonio Varas, en face de la ville de Puerto Natales, ces macrolotes offrent une opportunit\u00e9 unique pour ceux qui souhaitent vivre entour\u00e9s de la beaut\u00e9 pristine de la Patagonie. Avec des prix de 15 millions de dollars par hectare, les lots varient en superficie de 1,17 \u00e0 9,69 hectares, avec une moyenne d&#8217;environ 2 hectares. Le projet comprend un total de 60 macro-parcelles, dont 20 ont d\u00e9j\u00e0 \u00e9t\u00e9 vendues, et tous disposent d&#8217;un r\u00f4le propre, pr\u00eats \u00e0 \u00eatre transf\u00e9r\u00e9s.  <\/p><p>L&#8217;acc\u00e8s aux macro-parcelles se fait directement depuis une route publique tr\u00e8s bien entretenue par la municipalit\u00e9, ce qui garantit une entr\u00e9e facile et sans restrictions. Il n&#8217;y a ni portail ni contr\u00f4le d&#8217;acc\u00e8s aux lots, et la travers\u00e9e vers la p\u00e9ninsule se fait en bateau ou en barge, avec des d\u00e9parts quotidiens depuis Puerto Natales. Les terrains sont principalement plats, bois\u00e9s et l\u00e9g\u00e8rement en pente, ce qui facilite la construction de logements.  <\/p><p>Bien qu&#8217;il n&#8217;y ait actuellement pas d&#8217;\u00e9lectricit\u00e9, les propri\u00e9taires ont la possibilit\u00e9 d&#8217;opter pour des solutions renouvelables telles que des panneaux solaires et des \u00e9oliennes, soutenues par diverses subventions gouvernementales en raison de l&#8217;emplacement dans une zone extr\u00eame. La connexion \u00e0 Internet est possible gr\u00e2ce \u00e0 des syst\u00e8mes satellitaires, car le signal de t\u00e9l\u00e9communication peut \u00eatre inefficace sur certains terrains. Chaque propri\u00e9taire pourra forer ses propres puits, dans le respect des r\u00e9glementations de la Direction g\u00e9n\u00e9rale des eaux (DGA). En outre, l&#8217;agence immobili\u00e8re propose un projet visant \u00e0 capter l&#8217;eau \u00e0 partir de points plus \u00e9lev\u00e9s et \u00e0 la distribuer \u00e0 chaque terrain. \u00c0 l&#8217;avenir, un puits APR pourrait \u00eatre d\u00e9velopp\u00e9 pour am\u00e9liorer l&#8217;acc\u00e8s \u00e0 l&#8217;eau potable.   <\/p><p>Les terrains de Puerto Natales, dans la p\u00e9ninsule d&#8217;Antonio Varas, sont entour\u00e9s d&#8217;esp\u00e8ces indig\u00e8nes telles que les Coigues, les Lengas et les \u00d1irres, et la r\u00e9gion est id\u00e9ale pour pratiquer des activit\u00e9s r\u00e9cr\u00e9atives telles que la p\u00eache sportive, le trekking et l&#8217;\u00e9quitation. De plus, les propri\u00e9taires ont acc\u00e8s \u00e0 un sentier cr\u00e9\u00e9 en collaboration avec la CONAF qui m\u00e8ne \u00e0 une plage o\u00f9 l&#8217;on peut profiter de la mer et de la nature. La communaut\u00e9 des propri\u00e9taires est d\u00e9j\u00e0 organis\u00e9e avec le conseil de quartier du secteur, et un protocole d&#8217;urgence est en cours d&#8217;\u00e9laboration avec le soutien de la municipalit\u00e9 et de la capitainerie.  <\/p><p>Ce projet offre la possibilit\u00e9 d&#8217;avoir un refuge en Patagonie \u00e0 un prix raisonnable, alliant intimit\u00e9, nature et proximit\u00e9 de la ville de Puerto Natales, avec ses embl\u00e9matiques attractions telles que Torres del Paine et la grotte del Milod\u00f3n, parmi beaucoup d&#8217;autres. Les r\u00e9servations peuvent \u00eatre effectu\u00e9es avec un paiement de 1 000 000 CLP pour un d\u00e9lai de 30 jours, et les facilit\u00e9s de paiement comprennent 30 % au comptant plus 24 versements en UF. <\/p><p>Contactez-nous, ne manquez pas l&#8217; occasion de faire partie de ce beau projet!<\/p>\t\t\t\t\t\t\t\t<\/div>\n\t\t\t\t\t<\/div>\n\t\t\t\t<\/div>\n\t\t\t\t<\/div>\n\t\t","protected":false},"excerpt":{"rendered":"<p>Parcelles \u00e0 Puerto Natales, Pen\u00ednsula Antonio Varas. Avec des surfaces entre 1,17 et 9,69 hectares. Tous avec acc\u00e8s direct \u00e0 la voie publique, descente commune vers la mer, id\u00e9al pour le tourisme et pour construire votre refuge.   Barge en cours d&#8217;appel d&#8217;offres.<\/p>\n","protected":false},"featured_media":51768,"template":"","meta":{"_acf_changed":false},"product_brand":[],"product_cat":[129],"product_tag":[236,237],"regiones":[225],"ciudades":[210],"class_list":{"0":"post-34605","1":"product","2":"type-product","3":"status-publish","4":"has-post-thumbnail","6":"product_cat-aysen-magallanes-fr","7":"product_tag-parcelles","8":"product_tag-proprietes-touristiques","9":"regiones-aysen-magallanes","10":"ciudades-puerto-natales","12":"first","13":"instock","14":"shipping-taxable","15":"purchasable","16":"product-type-simple"},"acf":[],"yoast_head":"<!-- This site is optimized with the Yoast SEO Premium plugin v26.0 (Yoast SEO v27.3) - https:\/\/yoast.com\/product\/yoast-seo-premium-wordpress\/ -->\n<title>Plot rivi\u00e8re Petrohu\u00e9<\/title>\n<meta name=\"description\" content=\"Macrolots sur la p\u00e9ninsule d&#039; Antonio Varas, Puerto Natales. Avec un acc\u00e8s direct depuis la route publique, jusqu &#039; \u00e0 la mer, id\u00e9al pour construire votre abri.\" \/>\n<meta name=\"robots\" content=\"index, follow, max-snippet:-1, max-image-preview:large, max-video-preview:-1\" \/>\n<link rel=\"canonical\" href=\"https:\/\/produncan.cl\/fr\/produit\/macrolots-peninsule-d-antonio-varas\/\" \/>\n<meta property=\"og:locale\" content=\"fr_FR\" \/>\n<meta property=\"og:type\" content=\"article\" \/>\n<meta property=\"og:title\" content=\"Parcelles \u00e0 Puerto Natales, Pen\u00ednsula Antonio Varas - R\u00e9gion de Magallanes\" \/>\n<meta property=\"og:description\" content=\"Macrolots sur la p\u00e9ninsule d&#039; Antonio Varas, Puerto Natales. Avec un acc\u00e8s direct depuis la route publique, jusqu &#039; \u00e0 la mer, id\u00e9al pour construire votre abri.\" \/>\n<meta property=\"og:url\" content=\"https:\/\/produncan.cl\/fr\/produit\/macrolots-peninsule-d-antonio-varas\/\" \/>\n<meta property=\"og:site_name\" content=\"Produncan\" \/>\n<meta property=\"article:publisher\" content=\"https:\/\/web.facebook.com\/produncanland\" \/>\n<meta property=\"article:modified_time\" content=\"2025-12-17T17:06:57+00:00\" \/>\n<meta property=\"og:image\" content=\"https:\/\/produncan.cl\/wp-content\/uploads\/2024\/09\/Macrolotes-Peninsula-Antonio-Varas.webp\" \/>\n<meta name=\"twitter:card\" content=\"summary_large_image\" \/>\n<meta name=\"twitter:label1\" content=\"Price\" \/>\n\t<meta name=\"twitter:data1\" content=\"USD27.600,00\" \/>\n\t<meta name=\"twitter:label2\" content=\"Availability\" \/>\n\t<meta name=\"twitter:data2\" content=\"In stock\" \/>\n<script type=\"application\/ld+json\" class=\"yoast-schema-graph\">{\"@context\":\"https:\\\/\\\/schema.org\",\"@graph\":[{\"@type\":\"WebPage\",\"@id\":\"https:\\\/\\\/produncan.cl\\\/fr\\\/produit\\\/macrolots-peninsule-d-antonio-varas\\\/\",\"url\":\"https:\\\/\\\/produncan.cl\\\/fr\\\/produit\\\/macrolots-peninsule-d-antonio-varas\\\/\",\"name\":\"Plot rivi\u00e8re Petrohu\u00e9\",\"isPartOf\":{\"@id\":\"https:\\\/\\\/produncan.cl\\\/fr\\\/#website\"},\"primaryImageOfPage\":{\"@id\":\"https:\\\/\\\/produncan.cl\\\/fr\\\/produit\\\/macrolots-peninsule-d-antonio-varas\\\/#primaryimage\"},\"image\":{\"@id\":\"https:\\\/\\\/produncan.cl\\\/fr\\\/produit\\\/macrolots-peninsule-d-antonio-varas\\\/#primaryimage\"},\"thumbnailUrl\":\"https:\\\/\\\/produncan.cl\\\/wp-content\\\/uploads\\\/2024\\\/09\\\/Macrolotes-Peninsula-Antonio-Varas-Puerto-Natales.webp\",\"datePublished\":\"2024-09-06T19:52:06+00:00\",\"dateModified\":\"2025-12-17T17:06:57+00:00\",\"description\":\"Macrolots sur la p\u00e9ninsule d' Antonio Varas, Puerto Natales. Avec un acc\u00e8s direct depuis la route publique, jusqu ' \u00e0 la mer, id\u00e9al pour construire votre abri.\",\"breadcrumb\":{\"@id\":\"https:\\\/\\\/produncan.cl\\\/fr\\\/produit\\\/macrolots-peninsule-d-antonio-varas\\\/#breadcrumb\"},\"inLanguage\":\"fr-FR\",\"potentialAction\":[{\"@type\":\"ReadAction\",\"target\":[\"https:\\\/\\\/produncan.cl\\\/fr\\\/produit\\\/macrolots-peninsule-d-antonio-varas\\\/\"]}]},{\"@type\":\"ImageObject\",\"inLanguage\":\"fr-FR\",\"@id\":\"https:\\\/\\\/produncan.cl\\\/fr\\\/produit\\\/macrolots-peninsule-d-antonio-varas\\\/#primaryimage\",\"url\":\"https:\\\/\\\/produncan.cl\\\/wp-content\\\/uploads\\\/2024\\\/09\\\/Macrolotes-Peninsula-Antonio-Varas-Puerto-Natales.webp\",\"contentUrl\":\"https:\\\/\\\/produncan.cl\\\/wp-content\\\/uploads\\\/2024\\\/09\\\/Macrolotes-Peninsula-Antonio-Varas-Puerto-Natales.webp\",\"width\":800,\"height\":600,\"caption\":\"Macrolots P\u00e9ninsule Antonio Varas Puerto Natales\"},{\"@type\":\"BreadcrumbList\",\"@id\":\"https:\\\/\\\/produncan.cl\\\/fr\\\/produit\\\/macrolots-peninsule-d-antonio-varas\\\/#breadcrumb\",\"itemListElement\":[{\"@type\":\"ListItem\",\"position\":1,\"name\":\"Inicio\",\"item\":\"https:\\\/\\\/produncan.cl\\\/fr\\\/\"},{\"@type\":\"ListItem\",\"position\":2,\"name\":\"Propri\u00e9t\u00e9s\",\"item\":\"https:\\\/\\\/produncan.cl\\\/propiedades\\\/\"},{\"@type\":\"ListItem\",\"position\":3,\"name\":\"Parcelles\",\"item\":\"https:\\\/\\\/produncan.cl\\\/fr\\\/cat&eacute;gorie\\\/parcelles\\\/\"},{\"@type\":\"ListItem\",\"position\":4,\"name\":\"Parcelles \u00e0 Puerto Natales, Pen\u00ednsula Antonio Varas &#8211; R\u00e9gion de Magallanes\"}]},{\"@type\":\"WebSite\",\"@id\":\"https:\\\/\\\/produncan.cl\\\/fr\\\/#website\",\"url\":\"https:\\\/\\\/produncan.cl\\\/fr\\\/\",\"name\":\"Produncan\",\"description\":\"Nous vous accompagnons dans votre projet de vie !\",\"publisher\":{\"@id\":\"https:\\\/\\\/produncan.cl\\\/fr\\\/#organization\"},\"potentialAction\":[{\"@type\":\"SearchAction\",\"target\":{\"@type\":\"EntryPoint\",\"urlTemplate\":\"https:\\\/\\\/produncan.cl\\\/fr\\\/?s={search_term_string}\"},\"query-input\":{\"@type\":\"PropertyValueSpecification\",\"valueRequired\":true,\"valueName\":\"search_term_string\"}}],\"inLanguage\":\"fr-FR\"},{\"@type\":\"Organization\",\"@id\":\"https:\\\/\\\/produncan.cl\\\/fr\\\/#organization\",\"name\":\"Produncan\",\"url\":\"https:\\\/\\\/produncan.cl\\\/fr\\\/\",\"logo\":{\"@type\":\"ImageObject\",\"inLanguage\":\"fr-FR\",\"@id\":\"https:\\\/\\\/produncan.cl\\\/fr\\\/#\\\/schema\\\/logo\\\/image\\\/\",\"url\":\"https:\\\/\\\/produncan.cl\\\/wp-content\\\/uploads\\\/2021\\\/03\\\/LOGO.jpeg\",\"contentUrl\":\"https:\\\/\\\/produncan.cl\\\/wp-content\\\/uploads\\\/2021\\\/03\\\/LOGO.jpeg\",\"width\":1280,\"height\":903,\"caption\":\"Produncan\"},\"image\":{\"@id\":\"https:\\\/\\\/produncan.cl\\\/fr\\\/#\\\/schema\\\/logo\\\/image\\\/\"},\"sameAs\":[\"https:\\\/\\\/web.facebook.com\\\/produncanland\",\"https:\\\/\\\/www.instagram.com\\\/pro_duncan\\\/\",\"https:\\\/\\\/www.linkedin.com\\\/company\\\/produncan-lands\\\/\",\"https:\\\/\\\/www.youtube.com\\\/channel\\\/UCu7N-f3x0svkazD-Eew1-QQ\"],\"description\":\"En Produncan somos especialistas en la venta de terrenos en el sur de Chile. Proveemos estancias, campos, parcelas y hoteles.\",\"email\":\"info@produncan.cl\"}]}<\/script>\n<meta property=\"og:video\" content=\"https:\/\/www.youtube.com\/embed\/t5ZTD-ygesQ\" \/>\n<meta property=\"og:video:type\" content=\"text\/html\" \/>\n<meta property=\"og:video:duration\" content=\"112\" \/>\n<meta property=\"og:video:width\" content=\"480\" \/>\n<meta property=\"og:video:height\" content=\"270\" \/>\n<meta property=\"ya:ovs:adult\" content=\"false\" \/>\n<meta property=\"ya:ovs:upload_date\" content=\"2024-09-06T19:52:06+00:00\" \/>\n<meta property=\"ya:ovs:allow_embed\" content=\"true\" \/>\n<meta property=\"product:price:amount\" content=\"27600.00\" \/>\n<meta property=\"product:price:currency\" content=\"USD\" \/>\n<meta property=\"og:availability\" content=\"instock\" \/>\n<meta property=\"product:availability\" content=\"instock\" \/>\n<meta property=\"product:condition\" content=\"new\" \/>\n<!-- \/ Yoast SEO Premium plugin. -->","yoast_head_json":{"title":"Plot rivi\u00e8re Petrohu\u00e9","description":"Macrolots sur la p\u00e9ninsule d' Antonio Varas, Puerto Natales. Avec un acc\u00e8s direct depuis la route publique, jusqu ' \u00e0 la mer, id\u00e9al pour construire votre abri.","robots":{"index":"index","follow":"follow","max-snippet":"max-snippet:-1","max-image-preview":"max-image-preview:large","max-video-preview":"max-video-preview:-1"},"canonical":"https:\/\/produncan.cl\/fr\/produit\/macrolots-peninsule-d-antonio-varas\/","og_locale":"fr_FR","og_type":"article","og_title":"Parcelles \u00e0 Puerto Natales, Pen\u00ednsula Antonio Varas - R\u00e9gion de Magallanes","og_description":"Macrolots sur la p\u00e9ninsule d' Antonio Varas, Puerto Natales. Avec un acc\u00e8s direct depuis la route publique, jusqu ' \u00e0 la mer, id\u00e9al pour construire votre abri.","og_url":"https:\/\/produncan.cl\/fr\/produit\/macrolots-peninsule-d-antonio-varas\/","og_site_name":"Produncan","article_publisher":"https:\/\/web.facebook.com\/produncanland","article_modified_time":"2025-12-17T17:06:57+00:00","og_image":[{"url":"https:\/\/produncan.cl\/wp-content\/uploads\/2024\/09\/Macrolotes-Peninsula-Antonio-Varas.webp","type":"","width":"","height":""}],"twitter_card":"summary_large_image","twitter_misc":{"Price":"USD27.600,00","Availability":"In stock"},"schema":{"@context":"https:\/\/schema.org","@graph":[{"@type":"WebPage","@id":"https:\/\/produncan.cl\/fr\/produit\/macrolots-peninsule-d-antonio-varas\/","url":"https:\/\/produncan.cl\/fr\/produit\/macrolots-peninsule-d-antonio-varas\/","name":"Plot rivi\u00e8re Petrohu\u00e9","isPartOf":{"@id":"https:\/\/produncan.cl\/fr\/#website"},"primaryImageOfPage":{"@id":"https:\/\/produncan.cl\/fr\/produit\/macrolots-peninsule-d-antonio-varas\/#primaryimage"},"image":{"@id":"https:\/\/produncan.cl\/fr\/produit\/macrolots-peninsule-d-antonio-varas\/#primaryimage"},"thumbnailUrl":"https:\/\/produncan.cl\/wp-content\/uploads\/2024\/09\/Macrolotes-Peninsula-Antonio-Varas-Puerto-Natales.webp","datePublished":"2024-09-06T19:52:06+00:00","dateModified":"2025-12-17T17:06:57+00:00","description":"Macrolots sur la p\u00e9ninsule d' Antonio Varas, Puerto Natales. Avec un acc\u00e8s direct depuis la route publique, jusqu ' \u00e0 la mer, id\u00e9al pour construire votre abri.","breadcrumb":{"@id":"https:\/\/produncan.cl\/fr\/produit\/macrolots-peninsule-d-antonio-varas\/#breadcrumb"},"inLanguage":"fr-FR","potentialAction":[{"@type":"ReadAction","target":["https:\/\/produncan.cl\/fr\/produit\/macrolots-peninsule-d-antonio-varas\/"]}]},{"@type":"ImageObject","inLanguage":"fr-FR","@id":"https:\/\/produncan.cl\/fr\/produit\/macrolots-peninsule-d-antonio-varas\/#primaryimage","url":"https:\/\/produncan.cl\/wp-content\/uploads\/2024\/09\/Macrolotes-Peninsula-Antonio-Varas-Puerto-Natales.webp","contentUrl":"https:\/\/produncan.cl\/wp-content\/uploads\/2024\/09\/Macrolotes-Peninsula-Antonio-Varas-Puerto-Natales.webp","width":800,"height":600,"caption":"Macrolots P\u00e9ninsule Antonio Varas Puerto Natales"},{"@type":"BreadcrumbList","@id":"https:\/\/produncan.cl\/fr\/produit\/macrolots-peninsule-d-antonio-varas\/#breadcrumb","itemListElement":[{"@type":"ListItem","position":1,"name":"Inicio","item":"https:\/\/produncan.cl\/fr\/"},{"@type":"ListItem","position":2,"name":"Propri\u00e9t\u00e9s","item":"https:\/\/produncan.cl\/propiedades\/"},{"@type":"ListItem","position":3,"name":"Parcelles","item":"https:\/\/produncan.cl\/fr\/cat&eacute;gorie\/parcelles\/"},{"@type":"ListItem","position":4,"name":"Parcelles \u00e0 Puerto Natales, Pen\u00ednsula Antonio Varas &#8211; R\u00e9gion de Magallanes"}]},{"@type":"WebSite","@id":"https:\/\/produncan.cl\/fr\/#website","url":"https:\/\/produncan.cl\/fr\/","name":"Produncan","description":"Nous vous accompagnons dans votre projet de vie !","publisher":{"@id":"https:\/\/produncan.cl\/fr\/#organization"},"potentialAction":[{"@type":"SearchAction","target":{"@type":"EntryPoint","urlTemplate":"https:\/\/produncan.cl\/fr\/?s={search_term_string}"},"query-input":{"@type":"PropertyValueSpecification","valueRequired":true,"valueName":"search_term_string"}}],"inLanguage":"fr-FR"},{"@type":"Organization","@id":"https:\/\/produncan.cl\/fr\/#organization","name":"Produncan","url":"https:\/\/produncan.cl\/fr\/","logo":{"@type":"ImageObject","inLanguage":"fr-FR","@id":"https:\/\/produncan.cl\/fr\/#\/schema\/logo\/image\/","url":"https:\/\/produncan.cl\/wp-content\/uploads\/2021\/03\/LOGO.jpeg","contentUrl":"https:\/\/produncan.cl\/wp-content\/uploads\/2021\/03\/LOGO.jpeg","width":1280,"height":903,"caption":"Produncan"},"image":{"@id":"https:\/\/produncan.cl\/fr\/#\/schema\/logo\/image\/"},"sameAs":["https:\/\/web.facebook.com\/produncanland","https:\/\/www.instagram.com\/pro_duncan\/","https:\/\/www.linkedin.com\/company\/produncan-lands\/","https:\/\/www.youtube.com\/channel\/UCu7N-f3x0svkazD-Eew1-QQ"],"description":"En Produncan somos especialistas en la venta de terrenos en el sur de Chile. Proveemos estancias, campos, parcelas y hoteles.","email":"info@produncan.cl"}]},"og_video":"https:\/\/www.youtube.com\/embed\/t5ZTD-ygesQ","og_video_type":"text\/html","og_video_duration":"112","og_video_width":"480","og_video_height":"270","ya_ovs_adult":"false","ya_ovs_upload_date":"2024-09-06T19:52:06+00:00","ya_ovs_allow_embed":"true","product_price_amount":"27600.00","product_price_currency":"USD","og_availability":"instock","product_availability":"instock","product_condition":"new"},"_links":{"self":[{"href":"https:\/\/produncan.cl\/fr\/wp-json\/wp\/v2\/product\/34605","targetHints":{"allow":["GET"]}}],"collection":[{"href":"https:\/\/produncan.cl\/fr\/wp-json\/wp\/v2\/product"}],"about":[{"href":"https:\/\/produncan.cl\/fr\/wp-json\/wp\/v2\/types\/product"}],"version-history":[{"count":1,"href":"https:\/\/produncan.cl\/fr\/wp-json\/wp\/v2\/product\/34605\/revisions"}],"predecessor-version":[{"id":53339,"href":"https:\/\/produncan.cl\/fr\/wp-json\/wp\/v2\/product\/34605\/revisions\/53339"}],"wp:featuredmedia":[{"embeddable":true,"href":"https:\/\/produncan.cl\/fr\/wp-json\/wp\/v2\/media\/51768"}],"wp:attachment":[{"href":"https:\/\/produncan.cl\/fr\/wp-json\/wp\/v2\/media?parent=34605"}],"wp:term":[{"taxonomy":"product_brand","embeddable":true,"href":"https:\/\/produncan.cl\/fr\/wp-json\/wp\/v2\/product_brand?post=34605"},{"taxonomy":"product_cat","embeddable":true,"href":"https:\/\/produncan.cl\/fr\/wp-json\/wp\/v2\/product_cat?post=34605"},{"taxonomy":"product_tag","embeddable":true,"href":"https:\/\/produncan.cl\/fr\/wp-json\/wp\/v2\/product_tag?post=34605"},{"taxonomy":"regiones","embeddable":true,"href":"https:\/\/produncan.cl\/fr\/wp-json\/wp\/v2\/regiones?post=34605"},{"taxonomy":"ciudades","embeddable":true,"href":"https:\/\/produncan.cl\/fr\/wp-json\/wp\/v2\/ciudades?post=34605"}],"curies":[{"name":"wp","href":"https:\/\/api.w.org\/{rel}","templated":true}]}}