{"id":35154,"date":"2024-10-03T22:02:22","date_gmt":"2024-10-04T01:02:22","guid":{"rendered":"https:\/\/produncan.cl\/producto\/champ-de-tres-marias-osorno-region-des-lacs\/"},"modified":"2025-08-18T17:17:52","modified_gmt":"2025-08-18T21:17:52","slug":"champ-de-tres-marias-osorno-region-des-lacs","status":"publish","type":"product","link":"https:\/\/produncan.cl\/fr\/produit\/champ-de-tres-marias-osorno-region-des-lacs\/","title":{"rendered":"Ferme d&#8217;\u00e9levage \u00e0 Osorno, Tres Mar\u00edas &#8211; Lake District"},"content":{"rendered":"\t\t<div data-elementor-type=\"product-post\" data-elementor-id=\"35154\" class=\"elementor elementor-35154 elementor-34848\" data-elementor-post-type=\"product\">\n\t\t\t\t<div class=\"elementor-element elementor-element-158c9a9 e-flex e-con-boxed e-con e-parent\" data-id=\"158c9a9\" data-element_type=\"container\" data-e-type=\"container\" data-settings=\"{&quot;jet_parallax_layout_list&quot;:[]}\">\n\t\t\t\t\t<div class=\"e-con-inner\">\n\t\t\t\t<div class=\"elementor-element elementor-element-e433169 elementor-widget elementor-widget-heading\" data-id=\"e433169\" data-element_type=\"widget\" data-e-type=\"widget\" data-widget_type=\"heading.default\">\n\t\t\t\t\t<h2 class=\"elementor-heading-title elementor-size-default\">Exceptionnel ranch de bovins de 98,23 hectares \u00e0 Osorno<\/h2>\t\t\t\t<\/div>\n\t\t\t\t\t<\/div>\n\t\t\t\t<\/div>\n\t\t<div class=\"elementor-element elementor-element-45e5d6e e-flex e-con-boxed e-con e-parent\" data-id=\"45e5d6e\" data-element_type=\"container\" data-e-type=\"container\" data-settings=\"{&quot;jet_parallax_layout_list&quot;:[]}\">\n\t\t\t\t\t<div class=\"e-con-inner\">\n\t\t\t\t<div class=\"elementor-element elementor-element-6d4dddf elementor-widget elementor-widget-text-editor\" data-id=\"6d4dddf\" data-element_type=\"widget\" data-e-type=\"widget\" data-widget_type=\"text-editor.default\">\n\t\t\t\t\t\t\t\t\t<p>Nous vous pr\u00e9sentons une opportunit\u00e9 d&#8217; investissement exceptionnelle dans la r\u00e9gion des lacs, \u00e0 seulement 20 km au sud-ouest d&#8217;Osorno. Ce domaine agricole de 98,23 hectares est \u00e0 vendre pour une valeur de 1.227 875 000 $, soit 12,5 millions de dollars par hectare. <\/p>\n<p>Caract\u00e9ristiques principales :<\/p>\n<p>Superficie et utilisation des terres : la propri\u00e9t\u00e9 a une superficie totale de 98,23 hectares, divis\u00e9e en 5 r\u00f4les adjacents. Les terres sont principalement class\u00e9es en tant que p\u00e2turages et for\u00eats indig\u00e8nes, avec 39,02 hectares de p\u00e2turages vallonn\u00e9s et 58,51 hectares de for\u00eats indig\u00e8nes. <\/p>\n<p>Type de sol : Les sols appartiennent \u00e0 la s\u00e9rie Cudico (CUD), avec des sols profonds de texture argileuse en surface et argileuse en profondeur, id\u00e9aux pour les activit\u00e9s agricoles et d&#8217;\u00e9levage.<\/p>\n<p>Le champ est bord\u00e9 sur son c\u00f4t\u00e9 nord par un grand estuaire qui se prolonge toute l &#8216; ann\u00e9e sur environ 370 m\u00e8tres.<\/p>\n<p>Infrastructure : La propri\u00e9t\u00e9 est enti\u00e8rement \u00e9quip\u00e9e d&#8217;\u00e9lectricit\u00e9 monophas\u00e9e et triphas\u00e9e, d&#8217;un transformateur triphas\u00e9 de 10 KVA, d&#8217;un droit de consommation permanent de 70 lts\/sec et d&#8217;un r\u00e9seau de canalisations souterraines pour l&#8217;irrigation et l&#8217;abreuvement du b\u00e9tail. Il y a \u00e9galement des b\u00e2timents tels qu&#8217;une maison pour les ouvriers, un hangar \u00e0 fourrage de 360 m\u00b2 et un corral romain de 29 m\u00b2. La ferme est enti\u00e8rement cl\u00f4tur\u00e9e, avec des cl\u00f4tures p\u00e9rim\u00e9triques en bois indig\u00e8ne et des cl\u00f4tures \u00e9lectriques dans les enclos.  <\/p>\n<p>Acc\u00e8s et emplacement : L&#8217;acc\u00e8s au terrain est facile et direct par une route asphalt\u00e9e, \u00e0 seulement 100 m\u00e8tres de l&#8217;asphalte principal. La situation privil\u00e9gi\u00e9e \u00e0 30 minutes de l&#8217;a\u00e9roport et la proximit\u00e9 de villes et d&#8217;attractions naturelles telles qu&#8217;Osorno, Bah\u00eda Mansa, Lago Rupanco et Puyehue, font de cette propri\u00e9t\u00e9 un joyau dans le sud du Chili. <\/p>\n<p>Exposition solaire et topographie : le champ b\u00e9n\u00e9ficie d&#8217;une excellente exposition solaire tout au long de la journ\u00e9e et pr\u00e9sente une topographie de sols plats \u00e0 ondul\u00e9s, avec des pentes comprises entre 5 et 30 %, optimales pour l&#8217;agriculture et l&#8217;\u00e9levage.<\/p>\n<p>Ce ranch \u00e0 Osorno offre un m\u00e9lange parfait de productivit\u00e9 agricole, de beaut\u00e9 naturelle et de proximit\u00e9 des centres urbains et touristiques. Un investissement qui allie qualit\u00e9, emplacement strat\u00e9gique et potentiel de d\u00e9veloppement ! <\/p>\n<p>Pour plus d&#8217; informations ou pour organiser une visite, n&#8217;h\u00e9sitez pas \u00e0 nous contacter.<\/p>\t\t\t\t\t\t\t\t<\/div>\n\t\t\t\t\t<\/div>\n\t\t\t\t<\/div>\n\t\t\t\t<\/div>\n\t\t","protected":false},"excerpt":{"rendered":"<p>Terrain \u00e0 Osorno avec toutes les installations n\u00e9cessaires \u00e0 l&#8217;engraissement du b\u00e9tail. 40 % de prairies principalement plates, \u00e9lectricit\u00e9 triphas\u00e9e, rivi\u00e8re, droits d&#8217;eau, syst\u00e8me d&#8217;irrigation et constructions. Acc\u00e8s asphalt\u00e9 et \u00e0 20 minutes de la ville.  <\/p>\n","protected":false},"featured_media":34909,"template":"","meta":{"_acf_changed":false},"product_brand":[],"product_cat":[113],"product_tag":[233],"regiones":[226],"ciudades":[217],"class_list":{"0":"post-35154","1":"product","2":"type-product","3":"status-publish","4":"has-post-thumbnail","6":"product_cat-ohiggins-los-lagos-fr","7":"product_tag-champs","8":"regiones-nuble-los_lagos","9":"ciudades-osorno","11":"first","12":"instock","13":"shipping-taxable","14":"purchasable","15":"product-type-simple"},"acf":[],"yoast_head":"<!-- This site is optimized with the Yoast SEO Premium plugin v26.0 (Yoast SEO v27.3) - https:\/\/yoast.com\/product\/yoast-seo-premium-wordpress\/ -->\n<title>Ferme d&#039;\u00e9levage \u00e0 Osorno, Tres Mar\u00edas - Lake District - Produncan<\/title>\n<meta name=\"description\" content=\"Ferme Tres Mar\u00edas de 98,23 hectares, \u00e0 20 km d&#039;Osorno. Avec \u00e9lectricit\u00e9 triphas\u00e9e, droits d&#039; eau, id\u00e9al pour l&#039;agriculture et l&#039;\u00e9levage.\" \/>\n<meta name=\"robots\" content=\"index, follow, max-snippet:-1, max-image-preview:large, max-video-preview:-1\" \/>\n<link rel=\"canonical\" href=\"https:\/\/produncan.cl\/fr\/produit\/champ-de-tres-marias-osorno-region-des-lacs\/\" \/>\n<meta property=\"og:locale\" content=\"fr_FR\" \/>\n<meta property=\"og:type\" content=\"article\" \/>\n<meta property=\"og:title\" content=\"Ferme d&#039;\u00e9levage \u00e0 Osorno, Tres Mar\u00edas - Lake District\" \/>\n<meta property=\"og:description\" content=\"Ferme Tres Mar\u00edas de 98,23 hectares, \u00e0 20 km d&#039;Osorno. Avec \u00e9lectricit\u00e9 triphas\u00e9e, droits d&#039; eau, id\u00e9al pour l&#039;agriculture et l&#039;\u00e9levage.\" \/>\n<meta property=\"og:url\" content=\"https:\/\/produncan.cl\/fr\/produit\/champ-de-tres-marias-osorno-region-des-lacs\/\" \/>\n<meta property=\"og:site_name\" content=\"Produncan\" \/>\n<meta property=\"article:publisher\" content=\"https:\/\/web.facebook.com\/produncanland\" \/>\n<meta property=\"article:modified_time\" content=\"2025-08-18T21:17:52+00:00\" \/>\n<meta property=\"og:image\" content=\"https:\/\/produncan.cl\/wp-content\/uploads\/2024\/10\/Campo-Tres-Marias.webp\" \/>\n<meta name=\"twitter:card\" content=\"summary_large_image\" \/>\n<meta name=\"twitter:label1\" content=\"Price\" \/>\n\t<meta name=\"twitter:data1\" content=\"USD1.334.800,00\" \/>\n\t<meta name=\"twitter:label2\" content=\"Availability\" \/>\n\t<meta name=\"twitter:data2\" content=\"In stock\" \/>\n<script type=\"application\/ld+json\" class=\"yoast-schema-graph\">{\"@context\":\"https:\\\/\\\/schema.org\",\"@graph\":[{\"@type\":\"WebPage\",\"@id\":\"https:\\\/\\\/produncan.cl\\\/fr\\\/produit\\\/champ-de-tres-marias-osorno-region-des-lacs\\\/\",\"url\":\"https:\\\/\\\/produncan.cl\\\/fr\\\/produit\\\/champ-de-tres-marias-osorno-region-des-lacs\\\/\",\"name\":\"Ferme d'\u00e9levage \u00e0 Osorno, Tres Mar\u00edas - Lake District - Produncan\",\"isPartOf\":{\"@id\":\"https:\\\/\\\/produncan.cl\\\/fr\\\/#website\"},\"primaryImageOfPage\":{\"@id\":\"https:\\\/\\\/produncan.cl\\\/fr\\\/produit\\\/champ-de-tres-marias-osorno-region-des-lacs\\\/#primaryimage\"},\"image\":{\"@id\":\"https:\\\/\\\/produncan.cl\\\/fr\\\/produit\\\/champ-de-tres-marias-osorno-region-des-lacs\\\/#primaryimage\"},\"thumbnailUrl\":\"https:\\\/\\\/produncan.cl\\\/wp-content\\\/uploads\\\/2024\\\/10\\\/Campo-Tres-Marias.webp\",\"datePublished\":\"2024-10-04T01:02:22+00:00\",\"dateModified\":\"2025-08-18T21:17:52+00:00\",\"description\":\"Ferme Tres Mar\u00edas de 98,23 hectares, \u00e0 20 km d'Osorno. Avec \u00e9lectricit\u00e9 triphas\u00e9e, droits d' eau, id\u00e9al pour l'agriculture et l'\u00e9levage.\",\"breadcrumb\":{\"@id\":\"https:\\\/\\\/produncan.cl\\\/fr\\\/produit\\\/champ-de-tres-marias-osorno-region-des-lacs\\\/#breadcrumb\"},\"inLanguage\":\"fr-FR\",\"potentialAction\":[{\"@type\":\"ReadAction\",\"target\":[\"https:\\\/\\\/produncan.cl\\\/fr\\\/produit\\\/champ-de-tres-marias-osorno-region-des-lacs\\\/\"]}]},{\"@type\":\"ImageObject\",\"inLanguage\":\"fr-FR\",\"@id\":\"https:\\\/\\\/produncan.cl\\\/fr\\\/produit\\\/champ-de-tres-marias-osorno-region-des-lacs\\\/#primaryimage\",\"url\":\"https:\\\/\\\/produncan.cl\\\/wp-content\\\/uploads\\\/2024\\\/10\\\/Campo-Tres-Marias.webp\",\"contentUrl\":\"https:\\\/\\\/produncan.cl\\\/wp-content\\\/uploads\\\/2024\\\/10\\\/Campo-Tres-Marias.webp\",\"width\":600,\"height\":450},{\"@type\":\"BreadcrumbList\",\"@id\":\"https:\\\/\\\/produncan.cl\\\/fr\\\/produit\\\/champ-de-tres-marias-osorno-region-des-lacs\\\/#breadcrumb\",\"itemListElement\":[{\"@type\":\"ListItem\",\"position\":1,\"name\":\"Inicio\",\"item\":\"https:\\\/\\\/produncan.cl\\\/fr\\\/\"},{\"@type\":\"ListItem\",\"position\":2,\"name\":\"Propri\u00e9t\u00e9s\",\"item\":\"https:\\\/\\\/produncan.cl\\\/propiedades\\\/\"},{\"@type\":\"ListItem\",\"position\":3,\"name\":\"Champs\",\"item\":\"https:\\\/\\\/produncan.cl\\\/fr\\\/cat&eacute;gorie\\\/champs\\\/\"},{\"@type\":\"ListItem\",\"position\":4,\"name\":\"Ferme d&#8217;\u00e9levage \u00e0 Osorno, Tres Mar\u00edas &#8211; Lake District\"}]},{\"@type\":\"WebSite\",\"@id\":\"https:\\\/\\\/produncan.cl\\\/fr\\\/#website\",\"url\":\"https:\\\/\\\/produncan.cl\\\/fr\\\/\",\"name\":\"Produncan\",\"description\":\"Nous vous accompagnons dans votre projet de vie !\",\"publisher\":{\"@id\":\"https:\\\/\\\/produncan.cl\\\/fr\\\/#organization\"},\"potentialAction\":[{\"@type\":\"SearchAction\",\"target\":{\"@type\":\"EntryPoint\",\"urlTemplate\":\"https:\\\/\\\/produncan.cl\\\/fr\\\/?s={search_term_string}\"},\"query-input\":{\"@type\":\"PropertyValueSpecification\",\"valueRequired\":true,\"valueName\":\"search_term_string\"}}],\"inLanguage\":\"fr-FR\"},{\"@type\":\"Organization\",\"@id\":\"https:\\\/\\\/produncan.cl\\\/fr\\\/#organization\",\"name\":\"Produncan\",\"url\":\"https:\\\/\\\/produncan.cl\\\/fr\\\/\",\"logo\":{\"@type\":\"ImageObject\",\"inLanguage\":\"fr-FR\",\"@id\":\"https:\\\/\\\/produncan.cl\\\/fr\\\/#\\\/schema\\\/logo\\\/image\\\/\",\"url\":\"https:\\\/\\\/produncan.cl\\\/wp-content\\\/uploads\\\/2021\\\/03\\\/LOGO.jpeg\",\"contentUrl\":\"https:\\\/\\\/produncan.cl\\\/wp-content\\\/uploads\\\/2021\\\/03\\\/LOGO.jpeg\",\"width\":1280,\"height\":903,\"caption\":\"Produncan\"},\"image\":{\"@id\":\"https:\\\/\\\/produncan.cl\\\/fr\\\/#\\\/schema\\\/logo\\\/image\\\/\"},\"sameAs\":[\"https:\\\/\\\/web.facebook.com\\\/produncanland\",\"https:\\\/\\\/www.instagram.com\\\/pro_duncan\\\/\",\"https:\\\/\\\/www.linkedin.com\\\/company\\\/produncan-lands\\\/\",\"https:\\\/\\\/www.youtube.com\\\/channel\\\/UCu7N-f3x0svkazD-Eew1-QQ\"],\"description\":\"En Produncan somos especialistas en la venta de terrenos en el sur de Chile. Proveemos estancias, campos, parcelas y hoteles.\",\"email\":\"info@produncan.cl\"}]}<\/script>\n<meta property=\"og:video\" content=\"https:\/\/www.youtube.com\/embed\/F4yAr_p7VA4\" \/>\n<meta property=\"og:video:type\" content=\"text\/html\" \/>\n<meta property=\"og:video:duration\" content=\"72\" \/>\n<meta property=\"og:video:width\" content=\"480\" \/>\n<meta property=\"og:video:height\" content=\"270\" \/>\n<meta property=\"ya:ovs:adult\" content=\"false\" \/>\n<meta property=\"ya:ovs:upload_date\" content=\"2024-10-04T01:02:22+00:00\" \/>\n<meta property=\"ya:ovs:allow_embed\" content=\"true\" \/>\n<meta property=\"product:price:amount\" content=\"1334800.00\" \/>\n<meta property=\"product:price:currency\" content=\"USD\" \/>\n<meta property=\"og:availability\" content=\"instock\" \/>\n<meta property=\"product:availability\" content=\"instock\" \/>\n<meta property=\"product:condition\" content=\"new\" \/>\n<!-- \/ Yoast SEO Premium plugin. -->","yoast_head_json":{"title":"Ferme d'\u00e9levage \u00e0 Osorno, Tres Mar\u00edas - Lake District - Produncan","description":"Ferme Tres Mar\u00edas de 98,23 hectares, \u00e0 20 km d'Osorno. Avec \u00e9lectricit\u00e9 triphas\u00e9e, droits d' eau, id\u00e9al pour l'agriculture et l'\u00e9levage.","robots":{"index":"index","follow":"follow","max-snippet":"max-snippet:-1","max-image-preview":"max-image-preview:large","max-video-preview":"max-video-preview:-1"},"canonical":"https:\/\/produncan.cl\/fr\/produit\/champ-de-tres-marias-osorno-region-des-lacs\/","og_locale":"fr_FR","og_type":"article","og_title":"Ferme d'\u00e9levage \u00e0 Osorno, Tres Mar\u00edas - Lake District","og_description":"Ferme Tres Mar\u00edas de 98,23 hectares, \u00e0 20 km d'Osorno. Avec \u00e9lectricit\u00e9 triphas\u00e9e, droits d' eau, id\u00e9al pour l'agriculture et l'\u00e9levage.","og_url":"https:\/\/produncan.cl\/fr\/produit\/champ-de-tres-marias-osorno-region-des-lacs\/","og_site_name":"Produncan","article_publisher":"https:\/\/web.facebook.com\/produncanland","article_modified_time":"2025-08-18T21:17:52+00:00","og_image":[{"url":"https:\/\/produncan.cl\/wp-content\/uploads\/2024\/10\/Campo-Tres-Marias.webp","type":"","width":"","height":""}],"twitter_card":"summary_large_image","twitter_misc":{"Price":"USD1.334.800,00","Availability":"In stock"},"schema":{"@context":"https:\/\/schema.org","@graph":[{"@type":"WebPage","@id":"https:\/\/produncan.cl\/fr\/produit\/champ-de-tres-marias-osorno-region-des-lacs\/","url":"https:\/\/produncan.cl\/fr\/produit\/champ-de-tres-marias-osorno-region-des-lacs\/","name":"Ferme d'\u00e9levage \u00e0 Osorno, Tres Mar\u00edas - Lake District - Produncan","isPartOf":{"@id":"https:\/\/produncan.cl\/fr\/#website"},"primaryImageOfPage":{"@id":"https:\/\/produncan.cl\/fr\/produit\/champ-de-tres-marias-osorno-region-des-lacs\/#primaryimage"},"image":{"@id":"https:\/\/produncan.cl\/fr\/produit\/champ-de-tres-marias-osorno-region-des-lacs\/#primaryimage"},"thumbnailUrl":"https:\/\/produncan.cl\/wp-content\/uploads\/2024\/10\/Campo-Tres-Marias.webp","datePublished":"2024-10-04T01:02:22+00:00","dateModified":"2025-08-18T21:17:52+00:00","description":"Ferme Tres Mar\u00edas de 98,23 hectares, \u00e0 20 km d'Osorno. Avec \u00e9lectricit\u00e9 triphas\u00e9e, droits d' eau, id\u00e9al pour l'agriculture et l'\u00e9levage.","breadcrumb":{"@id":"https:\/\/produncan.cl\/fr\/produit\/champ-de-tres-marias-osorno-region-des-lacs\/#breadcrumb"},"inLanguage":"fr-FR","potentialAction":[{"@type":"ReadAction","target":["https:\/\/produncan.cl\/fr\/produit\/champ-de-tres-marias-osorno-region-des-lacs\/"]}]},{"@type":"ImageObject","inLanguage":"fr-FR","@id":"https:\/\/produncan.cl\/fr\/produit\/champ-de-tres-marias-osorno-region-des-lacs\/#primaryimage","url":"https:\/\/produncan.cl\/wp-content\/uploads\/2024\/10\/Campo-Tres-Marias.webp","contentUrl":"https:\/\/produncan.cl\/wp-content\/uploads\/2024\/10\/Campo-Tres-Marias.webp","width":600,"height":450},{"@type":"BreadcrumbList","@id":"https:\/\/produncan.cl\/fr\/produit\/champ-de-tres-marias-osorno-region-des-lacs\/#breadcrumb","itemListElement":[{"@type":"ListItem","position":1,"name":"Inicio","item":"https:\/\/produncan.cl\/fr\/"},{"@type":"ListItem","position":2,"name":"Propri\u00e9t\u00e9s","item":"https:\/\/produncan.cl\/propiedades\/"},{"@type":"ListItem","position":3,"name":"Champs","item":"https:\/\/produncan.cl\/fr\/cat&eacute;gorie\/champs\/"},{"@type":"ListItem","position":4,"name":"Ferme d&#8217;\u00e9levage \u00e0 Osorno, Tres Mar\u00edas &#8211; Lake District"}]},{"@type":"WebSite","@id":"https:\/\/produncan.cl\/fr\/#website","url":"https:\/\/produncan.cl\/fr\/","name":"Produncan","description":"Nous vous accompagnons dans votre projet de vie !","publisher":{"@id":"https:\/\/produncan.cl\/fr\/#organization"},"potentialAction":[{"@type":"SearchAction","target":{"@type":"EntryPoint","urlTemplate":"https:\/\/produncan.cl\/fr\/?s={search_term_string}"},"query-input":{"@type":"PropertyValueSpecification","valueRequired":true,"valueName":"search_term_string"}}],"inLanguage":"fr-FR"},{"@type":"Organization","@id":"https:\/\/produncan.cl\/fr\/#organization","name":"Produncan","url":"https:\/\/produncan.cl\/fr\/","logo":{"@type":"ImageObject","inLanguage":"fr-FR","@id":"https:\/\/produncan.cl\/fr\/#\/schema\/logo\/image\/","url":"https:\/\/produncan.cl\/wp-content\/uploads\/2021\/03\/LOGO.jpeg","contentUrl":"https:\/\/produncan.cl\/wp-content\/uploads\/2021\/03\/LOGO.jpeg","width":1280,"height":903,"caption":"Produncan"},"image":{"@id":"https:\/\/produncan.cl\/fr\/#\/schema\/logo\/image\/"},"sameAs":["https:\/\/web.facebook.com\/produncanland","https:\/\/www.instagram.com\/pro_duncan\/","https:\/\/www.linkedin.com\/company\/produncan-lands\/","https:\/\/www.youtube.com\/channel\/UCu7N-f3x0svkazD-Eew1-QQ"],"description":"En Produncan somos especialistas en la venta de terrenos en el sur de Chile. Proveemos estancias, campos, parcelas y hoteles.","email":"info@produncan.cl"}]},"og_video":"https:\/\/www.youtube.com\/embed\/F4yAr_p7VA4","og_video_type":"text\/html","og_video_duration":"72","og_video_width":"480","og_video_height":"270","ya_ovs_adult":"false","ya_ovs_upload_date":"2024-10-04T01:02:22+00:00","ya_ovs_allow_embed":"true","product_price_amount":"1334800.00","product_price_currency":"USD","og_availability":"instock","product_availability":"instock","product_condition":"new"},"_links":{"self":[{"href":"https:\/\/produncan.cl\/fr\/wp-json\/wp\/v2\/product\/35154","targetHints":{"allow":["GET"]}}],"collection":[{"href":"https:\/\/produncan.cl\/fr\/wp-json\/wp\/v2\/product"}],"about":[{"href":"https:\/\/produncan.cl\/fr\/wp-json\/wp\/v2\/types\/product"}],"version-history":[{"count":0,"href":"https:\/\/produncan.cl\/fr\/wp-json\/wp\/v2\/product\/35154\/revisions"}],"wp:featuredmedia":[{"embeddable":true,"href":"https:\/\/produncan.cl\/fr\/wp-json\/wp\/v2\/media\/34909"}],"wp:attachment":[{"href":"https:\/\/produncan.cl\/fr\/wp-json\/wp\/v2\/media?parent=35154"}],"wp:term":[{"taxonomy":"product_brand","embeddable":true,"href":"https:\/\/produncan.cl\/fr\/wp-json\/wp\/v2\/product_brand?post=35154"},{"taxonomy":"product_cat","embeddable":true,"href":"https:\/\/produncan.cl\/fr\/wp-json\/wp\/v2\/product_cat?post=35154"},{"taxonomy":"product_tag","embeddable":true,"href":"https:\/\/produncan.cl\/fr\/wp-json\/wp\/v2\/product_tag?post=35154"},{"taxonomy":"regiones","embeddable":true,"href":"https:\/\/produncan.cl\/fr\/wp-json\/wp\/v2\/regiones?post=35154"},{"taxonomy":"ciudades","embeddable":true,"href":"https:\/\/produncan.cl\/fr\/wp-json\/wp\/v2\/ciudades?post=35154"}],"curies":[{"name":"wp","href":"https:\/\/api.w.org\/{rel}","templated":true}]}}