{"id":35669,"date":"2024-10-17T18:42:15","date_gmt":"2024-10-17T21:42:15","guid":{"rendered":"https:\/\/produncan.cl\/producto\/campito-entre-pasarelas-estaquilla-region-de-los-lagos\/"},"modified":"2026-03-12T18:42:40","modified_gmt":"2026-03-12T21:42:40","slug":"campito-entre-pasarelas-estaquilla-region-de-los-lagos","status":"publish","type":"product","link":"https:\/\/produncan.cl\/fr\/produit\/campito-entre-pasarelas-estaquilla-region-de-los-lagos\/","title":{"rendered":"Terrain \u00e0 Estaquilla, Entre Pasarelas &#8211; Lake District"},"content":{"rendered":"\t\t<div data-elementor-type=\"product-post\" data-elementor-id=\"35669\" class=\"elementor elementor-35669 elementor-35327\" data-elementor-post-type=\"product\">\n\t\t\t\t<div class=\"elementor-element elementor-element-358ef8c e-flex e-con-boxed e-con e-parent\" data-id=\"358ef8c\" data-element_type=\"container\" data-e-type=\"container\" data-settings=\"{&quot;jet_parallax_layout_list&quot;:[]}\">\n\t\t\t\t\t<div class=\"e-con-inner\">\n\t\t\t\t<div class=\"elementor-element elementor-element-c52b71b elementor-widget elementor-widget-heading\" data-id=\"c52b71b\" data-element_type=\"widget\" data-e-type=\"widget\" data-widget_type=\"heading.default\">\n\t\t\t\t\t<h2 class=\"elementor-heading-title elementor-size-default\">Grande opportunit\u00e9, petit camp \u00e0 Estaquilla avec vue sur la mer! <\/h2>\t\t\t\t<\/div>\n\t\t\t\t\t<\/div>\n\t\t\t\t<\/div>\n\t\t<div class=\"elementor-element elementor-element-d62c35d e-flex e-con-boxed e-con e-parent\" data-id=\"d62c35d\" data-element_type=\"container\" data-e-type=\"container\" data-settings=\"{&quot;jet_parallax_layout_list&quot;:[]}\">\n\t\t\t\t\t<div class=\"e-con-inner\">\n\t\t\t\t<div class=\"elementor-element elementor-element-ecee298 elementor-widget elementor-widget-text-editor\" data-id=\"ecee298\" data-element_type=\"widget\" data-e-type=\"widget\" data-widget_type=\"text-editor.default\">\n\t\t\t\t\t\t\t\t\t<p>Pour 230.000.000.000 $, acqu\u00e9rez une propri\u00e9t\u00e9 de 13.06 hectares avec une situation privil\u00e9gi\u00e9e \u00e0 seulement 160 m\u00e8tres de la c\u00f4te et des caract\u00e9ristiques uniques qui la rendent id\u00e9ale pour d\u00e9velopper votre projet ou simplement profiter de la nature avec une vue imprenable sur la mer.<\/p>\n<p>Ce champ situ\u00e9 \u00e0 Estaquilla, Los Muermos, pr\u00e9sente des sols fertiles (andisols, sols humiques et argileux), une topographie essentiellement plate avec de l\u00e9g\u00e8res pentes vers deux estuaires qui longent le p\u00e9rim\u00e8tre et se jettent dans la mer.<\/p>\n<p>Il offre \u00e9galement une vue spectaculaire sur l&#8217; oc\u00e9an et la campagne environnante. Plus haut, il y a des prairies et plus pr\u00e8s de la mer, d&#8217;anciennes for\u00eats indig\u00e8nes, cr\u00e9ant une atmosph\u00e8re vraiment magique, d &#8216;anciennesfor\u00eats indig\u00e8nes, cr\u00e9ant un environnement vraiment magique. <\/p>\n<p>Depuis la propri\u00e9t\u00e9, vous pouvez descendre le long de l&#8217; estuaire jusqu&#8217;\u00e0 une impressionnante plage de sable, en passant par une belle piscine form\u00e9e par le cours d&#8217;eau.<\/p>\n<p>Adapt\u00e9 \u00e0 l&#8217;agriculture et \u00e0 l&#8217;\u00e9levage, ce terrain comprend 6 hectares de prairies et le reste en for\u00eats r\u00e9nov\u00e9es et anciennes, o\u00f9 vivent des esp\u00e8ces telles que le coihue, l&#8217;alerce, l&#8217;ulmo et l&#8217;array\u00e1n. La faune locale comprend des animaux tels que le pud\u00fa, le renard de Chilo\u00e9 et le pic noir, cr\u00e9ant ainsi un environnement naturel parfait. <\/p>\n<p>A seulement 4 km du tarmac, avec un acc\u00e8s \u00e0 l&#8217;\u00e9lectricit\u00e9 \u00e0 150 m\u00e8tres et des transports publics \u00e0 proximit\u00e9, cette propri\u00e9t\u00e9 est facilement accessible depuis Los Muermos (43 km) et l&#8217;a\u00e9roport de Puerto Montt (76 km).<\/p>\n<p>Ne manquez pas cette opportunit\u00e9 d&#8217;acqu\u00e9rir un terrain unique dans le sud du Chili, avec des vues \u00e0 couper le souffle, une nature exub\u00e9rante et un grand potentiel de d\u00e9veloppement.<\/p>\n<p>Contactez-nous pour plus de d\u00e9tails ou pour planifier une visite -c &#8216;est une opportunit\u00e9 que vous ne pouvez pas vous permettre de manquer! <\/p>\t\t\t\t\t\t\t\t<\/div>\n\t\t\t\t\t<\/div>\n\t\t\t\t<\/div>\n\t\t\t\t<\/div>\n\t\t","protected":false},"excerpt":{"rendered":"<p>Terrain \u00e0 Estaquilla, Los Muermos, avec vue sur la mer. Il est entour\u00e9 de deux marais, principalement des prairies, en pente douce, avec une for\u00eat ancienne, un panneau indicateur et l&#8217;\u00e9lectricit\u00e9 \u00e0 150 m\u00e8tres. Situ\u00e9 \u00e0 seulement 160 m\u00e8tres d&#8217;une plage magique.  <\/p>\n","protected":false},"featured_media":35331,"template":"","meta":{"_acf_changed":false},"product_brand":[],"product_cat":[113],"product_tag":[233,237],"regiones":[226],"ciudades":[245,216],"class_list":{"0":"post-35669","1":"product","2":"type-product","3":"status-publish","4":"has-post-thumbnail","6":"product_cat-ohiggins-los-lagos-fr","7":"product_tag-champs","8":"product_tag-proprietes-touristiques","9":"regiones-nuble-los_lagos","10":"ciudades-estaquilla","11":"ciudades-los-muermos","13":"first","14":"outofstock","15":"shipping-taxable","16":"product-type-simple"},"acf":[],"yoast_head":"<!-- This site is optimized with the Yoast SEO Premium plugin v26.0 (Yoast SEO v27.3) - https:\/\/yoast.com\/product\/yoast-seo-premium-wordpress\/ -->\n<title>Terrain \u00e0 Estaquilla, Entre Pasarelas - Lake District - Produncan<\/title>\n<meta name=\"description\" content=\"Ferme \u00e0 Estaquilla, Los Muermos, d&#039;une superficie de 13,06 hectares avec vue sur la mer . Il poss\u00e8de deux estuaires, principalement constitu\u00e9s de prairies, de for\u00eats anciennes et d&#039;\u00e9lectricit\u00e9 \u00e0 150 m\u00e8tres.\" \/>\n<meta name=\"robots\" content=\"index, follow, max-snippet:-1, max-image-preview:large, max-video-preview:-1\" \/>\n<link rel=\"canonical\" href=\"https:\/\/produncan.cl\/fr\/produit\/campito-entre-pasarelas-estaquilla-region-de-los-lagos\/\" \/>\n<meta property=\"og:locale\" content=\"fr_FR\" \/>\n<meta property=\"og:type\" content=\"article\" \/>\n<meta property=\"og:title\" content=\"Terrain \u00e0 Estaquilla, Entre Pasarelas - Lake District\" \/>\n<meta property=\"og:description\" content=\"Ferme \u00e0 Estaquilla, Los Muermos, d&#039;une superficie de 13,06 hectares avec vue sur la mer . Il poss\u00e8de deux estuaires, principalement constitu\u00e9s de prairies, de for\u00eats anciennes et d&#039;\u00e9lectricit\u00e9 \u00e0 150 m\u00e8tres.\" \/>\n<meta property=\"og:url\" content=\"https:\/\/produncan.cl\/fr\/produit\/campito-entre-pasarelas-estaquilla-region-de-los-lagos\/\" \/>\n<meta property=\"og:site_name\" content=\"Produncan\" \/>\n<meta property=\"article:publisher\" content=\"https:\/\/web.facebook.com\/produncanland\" \/>\n<meta property=\"article:modified_time\" content=\"2026-03-12T21:42:40+00:00\" \/>\n<meta property=\"og:image\" content=\"https:\/\/produncan.cl\/wp-content\/uploads\/2024\/10\/qitiiqivd1s-1024x576.jpg\" \/>\n<meta name=\"twitter:card\" content=\"summary_large_image\" \/>\n<meta name=\"twitter:label1\" content=\"Price\" \/>\n\t<meta name=\"twitter:data1\" content=\"\" \/>\n\t<meta name=\"twitter:label2\" content=\"Availability\" \/>\n\t<meta name=\"twitter:data2\" content=\"Out of stock\" \/>\n<script type=\"application\/ld+json\" class=\"yoast-schema-graph\">{\"@context\":\"https:\\\/\\\/schema.org\",\"@graph\":[{\"@type\":\"WebPage\",\"@id\":\"https:\\\/\\\/produncan.cl\\\/fr\\\/produit\\\/campito-entre-pasarelas-estaquilla-region-de-los-lagos\\\/\",\"url\":\"https:\\\/\\\/produncan.cl\\\/fr\\\/produit\\\/campito-entre-pasarelas-estaquilla-region-de-los-lagos\\\/\",\"name\":\"Terrain \u00e0 Estaquilla, Entre Pasarelas - Lake District - Produncan\",\"isPartOf\":{\"@id\":\"https:\\\/\\\/produncan.cl\\\/fr\\\/#website\"},\"primaryImageOfPage\":{\"@id\":\"https:\\\/\\\/produncan.cl\\\/fr\\\/produit\\\/campito-entre-pasarelas-estaquilla-region-de-los-lagos\\\/#primaryimage\"},\"image\":{\"@id\":\"https:\\\/\\\/produncan.cl\\\/fr\\\/produit\\\/campito-entre-pasarelas-estaquilla-region-de-los-lagos\\\/#primaryimage\"},\"thumbnailUrl\":\"https:\\\/\\\/produncan.cl\\\/wp-content\\\/uploads\\\/2024\\\/10\\\/Campito-Entre-Pasarelas.webp\",\"datePublished\":\"2024-10-17T21:42:15+00:00\",\"dateModified\":\"2026-03-12T21:42:40+00:00\",\"description\":\"Ferme \u00e0 Estaquilla, Los Muermos, d'une superficie de 13,06 hectares avec vue sur la mer . Il poss\u00e8de deux estuaires, principalement constitu\u00e9s de prairies, de for\u00eats anciennes et d'\u00e9lectricit\u00e9 \u00e0 150 m\u00e8tres.\",\"breadcrumb\":{\"@id\":\"https:\\\/\\\/produncan.cl\\\/fr\\\/produit\\\/campito-entre-pasarelas-estaquilla-region-de-los-lagos\\\/#breadcrumb\"},\"inLanguage\":\"fr-FR\",\"potentialAction\":[{\"@type\":\"ReadAction\",\"target\":[\"https:\\\/\\\/produncan.cl\\\/fr\\\/produit\\\/campito-entre-pasarelas-estaquilla-region-de-los-lagos\\\/\"]}]},{\"@type\":\"ImageObject\",\"inLanguage\":\"fr-FR\",\"@id\":\"https:\\\/\\\/produncan.cl\\\/fr\\\/produit\\\/campito-entre-pasarelas-estaquilla-region-de-los-lagos\\\/#primaryimage\",\"url\":\"https:\\\/\\\/produncan.cl\\\/wp-content\\\/uploads\\\/2024\\\/10\\\/Campito-Entre-Pasarelas.webp\",\"contentUrl\":\"https:\\\/\\\/produncan.cl\\\/wp-content\\\/uploads\\\/2024\\\/10\\\/Campito-Entre-Pasarelas.webp\",\"width\":600,\"height\":450},{\"@type\":\"BreadcrumbList\",\"@id\":\"https:\\\/\\\/produncan.cl\\\/fr\\\/produit\\\/campito-entre-pasarelas-estaquilla-region-de-los-lagos\\\/#breadcrumb\",\"itemListElement\":[{\"@type\":\"ListItem\",\"position\":1,\"name\":\"Inicio\",\"item\":\"https:\\\/\\\/produncan.cl\\\/fr\\\/\"},{\"@type\":\"ListItem\",\"position\":2,\"name\":\"Propri\u00e9t\u00e9s\",\"item\":\"https:\\\/\\\/produncan.cl\\\/propiedades\\\/\"},{\"@type\":\"ListItem\",\"position\":3,\"name\":\"Champs\",\"item\":\"https:\\\/\\\/produncan.cl\\\/fr\\\/cat&eacute;gorie\\\/champs\\\/\"},{\"@type\":\"ListItem\",\"position\":4,\"name\":\"Terrain \u00e0 Estaquilla, Entre Pasarelas &#8211; Lake District\"}]},{\"@type\":\"WebSite\",\"@id\":\"https:\\\/\\\/produncan.cl\\\/fr\\\/#website\",\"url\":\"https:\\\/\\\/produncan.cl\\\/fr\\\/\",\"name\":\"Produncan\",\"description\":\"Nous vous accompagnons dans votre projet de vie !\",\"publisher\":{\"@id\":\"https:\\\/\\\/produncan.cl\\\/fr\\\/#organization\"},\"potentialAction\":[{\"@type\":\"SearchAction\",\"target\":{\"@type\":\"EntryPoint\",\"urlTemplate\":\"https:\\\/\\\/produncan.cl\\\/fr\\\/?s={search_term_string}\"},\"query-input\":{\"@type\":\"PropertyValueSpecification\",\"valueRequired\":true,\"valueName\":\"search_term_string\"}}],\"inLanguage\":\"fr-FR\"},{\"@type\":\"Organization\",\"@id\":\"https:\\\/\\\/produncan.cl\\\/fr\\\/#organization\",\"name\":\"Produncan\",\"url\":\"https:\\\/\\\/produncan.cl\\\/fr\\\/\",\"logo\":{\"@type\":\"ImageObject\",\"inLanguage\":\"fr-FR\",\"@id\":\"https:\\\/\\\/produncan.cl\\\/fr\\\/#\\\/schema\\\/logo\\\/image\\\/\",\"url\":\"https:\\\/\\\/produncan.cl\\\/wp-content\\\/uploads\\\/2021\\\/03\\\/LOGO.jpeg\",\"contentUrl\":\"https:\\\/\\\/produncan.cl\\\/wp-content\\\/uploads\\\/2021\\\/03\\\/LOGO.jpeg\",\"width\":1280,\"height\":903,\"caption\":\"Produncan\"},\"image\":{\"@id\":\"https:\\\/\\\/produncan.cl\\\/fr\\\/#\\\/schema\\\/logo\\\/image\\\/\"},\"sameAs\":[\"https:\\\/\\\/web.facebook.com\\\/produncanland\",\"https:\\\/\\\/www.instagram.com\\\/pro_duncan\\\/\",\"https:\\\/\\\/www.linkedin.com\\\/company\\\/produncan-lands\\\/\",\"https:\\\/\\\/www.youtube.com\\\/channel\\\/UCu7N-f3x0svkazD-Eew1-QQ\"],\"description\":\"En Produncan somos especialistas en la venta de terrenos en el sur de Chile. Proveemos estancias, campos, parcelas y hoteles.\",\"email\":\"info@produncan.cl\"}]}<\/script>\n<meta property=\"og:video\" content=\"https:\/\/www.youtube.com\/embed\/QitIiqivd1s\" \/>\n<meta property=\"og:video:type\" content=\"text\/html\" \/>\n<meta property=\"og:video:duration\" content=\"99\" \/>\n<meta property=\"og:video:width\" content=\"480\" \/>\n<meta property=\"og:video:height\" content=\"270\" \/>\n<meta property=\"ya:ovs:adult\" content=\"false\" \/>\n<meta property=\"ya:ovs:upload_date\" content=\"2024-10-17T21:42:15+00:00\" \/>\n<meta property=\"ya:ovs:allow_embed\" content=\"true\" \/>\n<meta property=\"product:price:currency\" content=\"USD\" \/>\n<meta property=\"og:availability\" content=\"out of stock\" \/>\n<meta property=\"product:availability\" content=\"out of stock\" \/>\n<meta property=\"product:condition\" content=\"new\" \/>\n<!-- \/ Yoast SEO Premium plugin. -->","yoast_head_json":{"title":"Terrain \u00e0 Estaquilla, Entre Pasarelas - Lake District - Produncan","description":"Ferme \u00e0 Estaquilla, Los Muermos, d'une superficie de 13,06 hectares avec vue sur la mer . Il poss\u00e8de deux estuaires, principalement constitu\u00e9s de prairies, de for\u00eats anciennes et d'\u00e9lectricit\u00e9 \u00e0 150 m\u00e8tres.","robots":{"index":"index","follow":"follow","max-snippet":"max-snippet:-1","max-image-preview":"max-image-preview:large","max-video-preview":"max-video-preview:-1"},"canonical":"https:\/\/produncan.cl\/fr\/produit\/campito-entre-pasarelas-estaquilla-region-de-los-lagos\/","og_locale":"fr_FR","og_type":"article","og_title":"Terrain \u00e0 Estaquilla, Entre Pasarelas - Lake District","og_description":"Ferme \u00e0 Estaquilla, Los Muermos, d'une superficie de 13,06 hectares avec vue sur la mer . Il poss\u00e8de deux estuaires, principalement constitu\u00e9s de prairies, de for\u00eats anciennes et d'\u00e9lectricit\u00e9 \u00e0 150 m\u00e8tres.","og_url":"https:\/\/produncan.cl\/fr\/produit\/campito-entre-pasarelas-estaquilla-region-de-los-lagos\/","og_site_name":"Produncan","article_publisher":"https:\/\/web.facebook.com\/produncanland","article_modified_time":"2026-03-12T21:42:40+00:00","og_image":[{"url":"https:\/\/produncan.cl\/wp-content\/uploads\/2024\/10\/qitiiqivd1s-1024x576.jpg","type":"","width":"","height":""}],"twitter_card":"summary_large_image","twitter_misc":{"Price":"","Availability":"Out of stock"},"schema":{"@context":"https:\/\/schema.org","@graph":[{"@type":"WebPage","@id":"https:\/\/produncan.cl\/fr\/produit\/campito-entre-pasarelas-estaquilla-region-de-los-lagos\/","url":"https:\/\/produncan.cl\/fr\/produit\/campito-entre-pasarelas-estaquilla-region-de-los-lagos\/","name":"Terrain \u00e0 Estaquilla, Entre Pasarelas - Lake District - Produncan","isPartOf":{"@id":"https:\/\/produncan.cl\/fr\/#website"},"primaryImageOfPage":{"@id":"https:\/\/produncan.cl\/fr\/produit\/campito-entre-pasarelas-estaquilla-region-de-los-lagos\/#primaryimage"},"image":{"@id":"https:\/\/produncan.cl\/fr\/produit\/campito-entre-pasarelas-estaquilla-region-de-los-lagos\/#primaryimage"},"thumbnailUrl":"https:\/\/produncan.cl\/wp-content\/uploads\/2024\/10\/Campito-Entre-Pasarelas.webp","datePublished":"2024-10-17T21:42:15+00:00","dateModified":"2026-03-12T21:42:40+00:00","description":"Ferme \u00e0 Estaquilla, Los Muermos, d'une superficie de 13,06 hectares avec vue sur la mer . Il poss\u00e8de deux estuaires, principalement constitu\u00e9s de prairies, de for\u00eats anciennes et d'\u00e9lectricit\u00e9 \u00e0 150 m\u00e8tres.","breadcrumb":{"@id":"https:\/\/produncan.cl\/fr\/produit\/campito-entre-pasarelas-estaquilla-region-de-los-lagos\/#breadcrumb"},"inLanguage":"fr-FR","potentialAction":[{"@type":"ReadAction","target":["https:\/\/produncan.cl\/fr\/produit\/campito-entre-pasarelas-estaquilla-region-de-los-lagos\/"]}]},{"@type":"ImageObject","inLanguage":"fr-FR","@id":"https:\/\/produncan.cl\/fr\/produit\/campito-entre-pasarelas-estaquilla-region-de-los-lagos\/#primaryimage","url":"https:\/\/produncan.cl\/wp-content\/uploads\/2024\/10\/Campito-Entre-Pasarelas.webp","contentUrl":"https:\/\/produncan.cl\/wp-content\/uploads\/2024\/10\/Campito-Entre-Pasarelas.webp","width":600,"height":450},{"@type":"BreadcrumbList","@id":"https:\/\/produncan.cl\/fr\/produit\/campito-entre-pasarelas-estaquilla-region-de-los-lagos\/#breadcrumb","itemListElement":[{"@type":"ListItem","position":1,"name":"Inicio","item":"https:\/\/produncan.cl\/fr\/"},{"@type":"ListItem","position":2,"name":"Propri\u00e9t\u00e9s","item":"https:\/\/produncan.cl\/propiedades\/"},{"@type":"ListItem","position":3,"name":"Champs","item":"https:\/\/produncan.cl\/fr\/cat&eacute;gorie\/champs\/"},{"@type":"ListItem","position":4,"name":"Terrain \u00e0 Estaquilla, Entre Pasarelas &#8211; Lake District"}]},{"@type":"WebSite","@id":"https:\/\/produncan.cl\/fr\/#website","url":"https:\/\/produncan.cl\/fr\/","name":"Produncan","description":"Nous vous accompagnons dans votre projet de vie !","publisher":{"@id":"https:\/\/produncan.cl\/fr\/#organization"},"potentialAction":[{"@type":"SearchAction","target":{"@type":"EntryPoint","urlTemplate":"https:\/\/produncan.cl\/fr\/?s={search_term_string}"},"query-input":{"@type":"PropertyValueSpecification","valueRequired":true,"valueName":"search_term_string"}}],"inLanguage":"fr-FR"},{"@type":"Organization","@id":"https:\/\/produncan.cl\/fr\/#organization","name":"Produncan","url":"https:\/\/produncan.cl\/fr\/","logo":{"@type":"ImageObject","inLanguage":"fr-FR","@id":"https:\/\/produncan.cl\/fr\/#\/schema\/logo\/image\/","url":"https:\/\/produncan.cl\/wp-content\/uploads\/2021\/03\/LOGO.jpeg","contentUrl":"https:\/\/produncan.cl\/wp-content\/uploads\/2021\/03\/LOGO.jpeg","width":1280,"height":903,"caption":"Produncan"},"image":{"@id":"https:\/\/produncan.cl\/fr\/#\/schema\/logo\/image\/"},"sameAs":["https:\/\/web.facebook.com\/produncanland","https:\/\/www.instagram.com\/pro_duncan\/","https:\/\/www.linkedin.com\/company\/produncan-lands\/","https:\/\/www.youtube.com\/channel\/UCu7N-f3x0svkazD-Eew1-QQ"],"description":"En Produncan somos especialistas en la venta de terrenos en el sur de Chile. Proveemos estancias, campos, parcelas y hoteles.","email":"info@produncan.cl"}]},"og_video":"https:\/\/www.youtube.com\/embed\/QitIiqivd1s","og_video_type":"text\/html","og_video_duration":"99","og_video_width":"480","og_video_height":"270","ya_ovs_adult":"false","ya_ovs_upload_date":"2024-10-17T21:42:15+00:00","ya_ovs_allow_embed":"true","product_price_currency":"USD","og_availability":"out of stock","product_availability":"out of stock","product_condition":"new"},"_links":{"self":[{"href":"https:\/\/produncan.cl\/fr\/wp-json\/wp\/v2\/product\/35669","targetHints":{"allow":["GET"]}}],"collection":[{"href":"https:\/\/produncan.cl\/fr\/wp-json\/wp\/v2\/product"}],"about":[{"href":"https:\/\/produncan.cl\/fr\/wp-json\/wp\/v2\/types\/product"}],"version-history":[{"count":1,"href":"https:\/\/produncan.cl\/fr\/wp-json\/wp\/v2\/product\/35669\/revisions"}],"predecessor-version":[{"id":51140,"href":"https:\/\/produncan.cl\/fr\/wp-json\/wp\/v2\/product\/35669\/revisions\/51140"}],"wp:featuredmedia":[{"embeddable":true,"href":"https:\/\/produncan.cl\/fr\/wp-json\/wp\/v2\/media\/35331"}],"wp:attachment":[{"href":"https:\/\/produncan.cl\/fr\/wp-json\/wp\/v2\/media?parent=35669"}],"wp:term":[{"taxonomy":"product_brand","embeddable":true,"href":"https:\/\/produncan.cl\/fr\/wp-json\/wp\/v2\/product_brand?post=35669"},{"taxonomy":"product_cat","embeddable":true,"href":"https:\/\/produncan.cl\/fr\/wp-json\/wp\/v2\/product_cat?post=35669"},{"taxonomy":"product_tag","embeddable":true,"href":"https:\/\/produncan.cl\/fr\/wp-json\/wp\/v2\/product_tag?post=35669"},{"taxonomy":"regiones","embeddable":true,"href":"https:\/\/produncan.cl\/fr\/wp-json\/wp\/v2\/regiones?post=35669"},{"taxonomy":"ciudades","embeddable":true,"href":"https:\/\/produncan.cl\/fr\/wp-json\/wp\/v2\/ciudades?post=35669"}],"curies":[{"name":"wp","href":"https:\/\/api.w.org\/{rel}","templated":true}]}}