{"id":36051,"date":"2024-11-04T13:52:24","date_gmt":"2024-11-04T16:52:24","guid":{"rendered":"https:\/\/produncan.cl\/producto\/reserve-de-lalto-rio-ibanez-region-d-aysen\/"},"modified":"2025-12-17T14:06:56","modified_gmt":"2025-12-17T17:06:56","slug":"reserve-de-lalto-rio-ibanez-region-d-aysen","status":"publish","type":"product","link":"https:\/\/produncan.cl\/fr\/produit\/reserve-de-lalto-rio-ibanez-region-d-aysen\/","title":{"rendered":"R\u00e9serve de l&#8217;Alto R\u00edo Iba\u00f1ez &#8211; R\u00e9gion d&#8217; Ays\u00e9n"},"content":{"rendered":"\t\t<div data-elementor-type=\"product-post\" data-elementor-id=\"36051\" class=\"elementor elementor-36051 elementor-35487\" data-elementor-post-type=\"product\">\n\t\t\t\t<div class=\"elementor-element elementor-element-00cb367 e-flex e-con-boxed e-con e-parent\" data-id=\"00cb367\" data-element_type=\"container\" data-e-type=\"container\" data-settings=\"{&quot;jet_parallax_layout_list&quot;:[]}\">\n\t\t\t\t\t<div class=\"e-con-inner\">\n\t\t\t\t<div class=\"elementor-element elementor-element-1fdc581 elementor-widget elementor-widget-heading\" data-id=\"1fdc581\" data-element_type=\"widget\" data-e-type=\"widget\" data-widget_type=\"heading.default\">\n\t\t\t\t\t<h2 class=\"elementor-heading-title elementor-size-default\">Champ de 297 hectares pr\u00e8s de Cerro Castillo avec 3,2 kilom\u00e8tres de rivi\u00e8re Ibanez.<\/h2>\t\t\t\t<\/div>\n\t\t\t\t\t<\/div>\n\t\t\t\t<\/div>\n\t\t<div class=\"elementor-element elementor-element-25a66ff e-flex e-con-boxed e-con e-parent\" data-id=\"25a66ff\" data-element_type=\"container\" data-e-type=\"container\" data-settings=\"{&quot;jet_parallax_layout_list&quot;:[]}\">\n\t\t\t\t\t<div class=\"e-con-inner\">\n\t\t\t\t<div class=\"elementor-element elementor-element-d5475a6 elementor-widget elementor-widget-text-editor\" data-id=\"d5475a6\" data-element_type=\"widget\" data-e-type=\"widget\" data-widget_type=\"text-editor.default\">\n\t\t\t\t\t\t\t\t\t<p>Obtenez 297 hectares de terres dans la commune de R\u00edo Ib\u00e1\u00f1ez, dans la r\u00e9gion d&#8217;Ays\u00e9n. Ce terrain situ\u00e9 \u00e0 Ays\u00e9n, au bord des rivi\u00e8res Ib\u00e1\u00f1ez et Desparramado, poss\u00e8de 4,6 kilom\u00e8tres de berges naturelles qui vous rapprochent d&#8217;un \u00e9cosyst\u00e8me de grande valeur \u00e9cologique. <\/p>\n<p>Avec sa topographie plate et ses pentes douces, elle offre des sols humiques riches en mati\u00e8re organique, parfaits pour les projets de conservation.<\/p>\n<p>Entour\u00e9e d&#8217;une for\u00eat indig\u00e8ne mature &#8211; avec des esp\u00e8ces telles que le lenga, le \u00f1ire et le coihue de Magallanes &#8211; et abritant une faune embl\u00e9matique telle que le huemul, le puma et le condor des Andes, cette propri\u00e9t\u00e9 est id\u00e9ale pour ceux qui recherchent une exp\u00e9rience d&#8217;\u00e9cotourisme authentique ou un refuge unique en contact avec la nature.<\/p>\n<p>Situ\u00e9 \u00e0 seulement 45 minutes de Villa Cerro Castillo et \u00e0 2 heures de l&#8217;a\u00e9roport de Balmaceda, il est accessible depuis la Carretera Austral par une route publique gravillonn\u00e9e de 11,4 kilom\u00e8tres en bon \u00e9tat.<\/p>\n<p>La proximit\u00e9 du parc national Cerro Castillo et le fait d&#8217;\u00eatre riverain de la rivi\u00e8re Ib\u00e1\u00f1ez, un important cours d&#8217;eau de couleur turquoise issu de glaciers mill\u00e9naires, amplifient la valeur paysag\u00e8re et de conservation du terrain, ce qui garantit un investissement rentable et durable.<\/p>\n<p>Contactez-nous et profitez de cette opportunit\u00e9 de poss\u00e9der un coin exclusif dans le sud du Chili!<\/p>\t\t\t\t\t\t\t\t<\/div>\n\t\t\t\t\t<\/div>\n\t\t\t\t<\/div>\n\t\t\t\t<\/div>\n\t\t","protected":false},"excerpt":{"rendered":"<p>R\u00e9serve de 3,2 km\u00b2 pr\u00e8s du fleuve Ib\u00e1\u00f1ez, \u00e0 proximit\u00e9 du parc national Cerro Castillo, dans la r\u00e9gion d&#8217;Ays\u00e9n. Accessible par une route publique, id\u00e9ale pour l&#8217;\u00e9cotourisme ou la conservation, \u00e0 2 heures de l&#8217;a\u00e9roport. <\/p>\n","protected":false},"featured_media":35491,"template":"","meta":{"_acf_changed":false},"product_brand":[],"product_cat":[129],"product_tag":[233,238],"regiones":[225],"ciudades":[209],"class_list":{"0":"post-36051","1":"product","2":"type-product","3":"status-publish","4":"has-post-thumbnail","6":"product_cat-aysen-magallanes-fr","7":"product_tag-champs","8":"product_tag-champs-de-conservation","9":"regiones-aysen-magallanes","10":"ciudades-coyhaique","12":"first","13":"instock","14":"shipping-taxable","15":"purchasable","16":"product-type-simple"},"acf":[],"yoast_head":"<!-- This site is optimized with the Yoast SEO Premium plugin v26.0 (Yoast SEO v27.3) - https:\/\/yoast.com\/product\/yoast-seo-premium-wordpress\/ -->\n<title>R\u00e9serve de l&#039;Alto R\u00edo Iba\u00f1ez - R\u00e9gion d&#039; Ays\u00e9n - Produncan<\/title>\n<meta name=\"description\" content=\"R\u00e9serve de 297 hectares avec 3,2 km de la rivi\u00e8re Iba\u00f1ez pr\u00e8s du parc national Cerro Castillo, Ays\u00e9n. Id\u00e9ale pour l&#039;\u00e9cotourisme ou la conservation.\" \/>\n<meta name=\"robots\" content=\"index, follow, max-snippet:-1, max-image-preview:large, max-video-preview:-1\" \/>\n<link rel=\"canonical\" href=\"https:\/\/produncan.cl\/fr\/produit\/reserve-de-lalto-rio-ibanez-region-d-aysen\/\" \/>\n<meta property=\"og:locale\" content=\"fr_FR\" \/>\n<meta property=\"og:type\" content=\"article\" \/>\n<meta property=\"og:title\" content=\"R\u00e9serve de l&#039;Alto R\u00edo Iba\u00f1ez - R\u00e9gion d&#039; Ays\u00e9n\" \/>\n<meta property=\"og:description\" content=\"R\u00e9serve de 297 hectares avec 3,2 km de la rivi\u00e8re Iba\u00f1ez pr\u00e8s du parc national Cerro Castillo, Ays\u00e9n. Id\u00e9ale pour l&#039;\u00e9cotourisme ou la conservation.\" \/>\n<meta property=\"og:url\" content=\"https:\/\/produncan.cl\/fr\/produit\/reserve-de-lalto-rio-ibanez-region-d-aysen\/\" \/>\n<meta property=\"og:site_name\" content=\"Produncan\" \/>\n<meta property=\"article:publisher\" content=\"https:\/\/web.facebook.com\/produncanland\" \/>\n<meta property=\"article:modified_time\" content=\"2025-12-17T17:06:56+00:00\" \/>\n<meta property=\"og:image\" content=\"https:\/\/produncan.cl\/wp-content\/uploads\/2024\/11\/Reserva-Alto-Rio-Ibanez.webp\" \/>\n<meta name=\"twitter:card\" content=\"summary_large_image\" \/>\n<meta name=\"twitter:label1\" content=\"Price\" \/>\n\t<meta name=\"twitter:data1\" content=\"USD742.600,00\" \/>\n\t<meta name=\"twitter:label2\" content=\"Availability\" \/>\n\t<meta name=\"twitter:data2\" content=\"In stock\" \/>\n<script type=\"application\/ld+json\" class=\"yoast-schema-graph\">{\"@context\":\"https:\\\/\\\/schema.org\",\"@graph\":[{\"@type\":\"WebPage\",\"@id\":\"https:\\\/\\\/produncan.cl\\\/fr\\\/produit\\\/reserve-de-lalto-rio-ibanez-region-d-aysen\\\/\",\"url\":\"https:\\\/\\\/produncan.cl\\\/fr\\\/produit\\\/reserve-de-lalto-rio-ibanez-region-d-aysen\\\/\",\"name\":\"R\u00e9serve de l'Alto R\u00edo Iba\u00f1ez - R\u00e9gion d' Ays\u00e9n - Produncan\",\"isPartOf\":{\"@id\":\"https:\\\/\\\/produncan.cl\\\/fr\\\/#website\"},\"primaryImageOfPage\":{\"@id\":\"https:\\\/\\\/produncan.cl\\\/fr\\\/produit\\\/reserve-de-lalto-rio-ibanez-region-d-aysen\\\/#primaryimage\"},\"image\":{\"@id\":\"https:\\\/\\\/produncan.cl\\\/fr\\\/produit\\\/reserve-de-lalto-rio-ibanez-region-d-aysen\\\/#primaryimage\"},\"thumbnailUrl\":\"https:\\\/\\\/produncan.cl\\\/wp-content\\\/uploads\\\/2024\\\/11\\\/Reserva-Alto-Rio-Ibanez.webp\",\"datePublished\":\"2024-11-04T16:52:24+00:00\",\"dateModified\":\"2025-12-17T17:06:56+00:00\",\"description\":\"R\u00e9serve de 297 hectares avec 3,2 km de la rivi\u00e8re Iba\u00f1ez pr\u00e8s du parc national Cerro Castillo, Ays\u00e9n. Id\u00e9ale pour l'\u00e9cotourisme ou la conservation.\",\"breadcrumb\":{\"@id\":\"https:\\\/\\\/produncan.cl\\\/fr\\\/produit\\\/reserve-de-lalto-rio-ibanez-region-d-aysen\\\/#breadcrumb\"},\"inLanguage\":\"fr-FR\",\"potentialAction\":[{\"@type\":\"ReadAction\",\"target\":[\"https:\\\/\\\/produncan.cl\\\/fr\\\/produit\\\/reserve-de-lalto-rio-ibanez-region-d-aysen\\\/\"]}]},{\"@type\":\"ImageObject\",\"inLanguage\":\"fr-FR\",\"@id\":\"https:\\\/\\\/produncan.cl\\\/fr\\\/produit\\\/reserve-de-lalto-rio-ibanez-region-d-aysen\\\/#primaryimage\",\"url\":\"https:\\\/\\\/produncan.cl\\\/wp-content\\\/uploads\\\/2024\\\/11\\\/Reserva-Alto-Rio-Ibanez.webp\",\"contentUrl\":\"https:\\\/\\\/produncan.cl\\\/wp-content\\\/uploads\\\/2024\\\/11\\\/Reserva-Alto-Rio-Ibanez.webp\",\"width\":600,\"height\":450,\"caption\":\"R\u00e9serve Alto R\u00edo Ibajez\"},{\"@type\":\"BreadcrumbList\",\"@id\":\"https:\\\/\\\/produncan.cl\\\/fr\\\/produit\\\/reserve-de-lalto-rio-ibanez-region-d-aysen\\\/#breadcrumb\",\"itemListElement\":[{\"@type\":\"ListItem\",\"position\":1,\"name\":\"Inicio\",\"item\":\"https:\\\/\\\/produncan.cl\\\/fr\\\/\"},{\"@type\":\"ListItem\",\"position\":2,\"name\":\"Propri\u00e9t\u00e9s\",\"item\":\"https:\\\/\\\/produncan.cl\\\/propiedades\\\/\"},{\"@type\":\"ListItem\",\"position\":3,\"name\":\"Champs\",\"item\":\"https:\\\/\\\/produncan.cl\\\/fr\\\/cat&eacute;gorie\\\/champs\\\/\"},{\"@type\":\"ListItem\",\"position\":4,\"name\":\"R\u00e9serve de l&#8217;Alto R\u00edo Iba\u00f1ez &#8211; R\u00e9gion d&#8217; Ays\u00e9n\"}]},{\"@type\":\"WebSite\",\"@id\":\"https:\\\/\\\/produncan.cl\\\/fr\\\/#website\",\"url\":\"https:\\\/\\\/produncan.cl\\\/fr\\\/\",\"name\":\"Produncan\",\"description\":\"Nous vous accompagnons dans votre projet de vie !\",\"publisher\":{\"@id\":\"https:\\\/\\\/produncan.cl\\\/fr\\\/#organization\"},\"potentialAction\":[{\"@type\":\"SearchAction\",\"target\":{\"@type\":\"EntryPoint\",\"urlTemplate\":\"https:\\\/\\\/produncan.cl\\\/fr\\\/?s={search_term_string}\"},\"query-input\":{\"@type\":\"PropertyValueSpecification\",\"valueRequired\":true,\"valueName\":\"search_term_string\"}}],\"inLanguage\":\"fr-FR\"},{\"@type\":\"Organization\",\"@id\":\"https:\\\/\\\/produncan.cl\\\/fr\\\/#organization\",\"name\":\"Produncan\",\"url\":\"https:\\\/\\\/produncan.cl\\\/fr\\\/\",\"logo\":{\"@type\":\"ImageObject\",\"inLanguage\":\"fr-FR\",\"@id\":\"https:\\\/\\\/produncan.cl\\\/fr\\\/#\\\/schema\\\/logo\\\/image\\\/\",\"url\":\"https:\\\/\\\/produncan.cl\\\/wp-content\\\/uploads\\\/2021\\\/03\\\/LOGO.jpeg\",\"contentUrl\":\"https:\\\/\\\/produncan.cl\\\/wp-content\\\/uploads\\\/2021\\\/03\\\/LOGO.jpeg\",\"width\":1280,\"height\":903,\"caption\":\"Produncan\"},\"image\":{\"@id\":\"https:\\\/\\\/produncan.cl\\\/fr\\\/#\\\/schema\\\/logo\\\/image\\\/\"},\"sameAs\":[\"https:\\\/\\\/web.facebook.com\\\/produncanland\",\"https:\\\/\\\/www.instagram.com\\\/pro_duncan\\\/\",\"https:\\\/\\\/www.linkedin.com\\\/company\\\/produncan-lands\\\/\",\"https:\\\/\\\/www.youtube.com\\\/channel\\\/UCu7N-f3x0svkazD-Eew1-QQ\"],\"description\":\"En Produncan somos especialistas en la venta de terrenos en el sur de Chile. Proveemos estancias, campos, parcelas y hoteles.\",\"email\":\"info@produncan.cl\"}]}<\/script>\n<meta property=\"og:video\" content=\"https:\/\/www.youtube.com\/embed\/V5otioOWD_M\" \/>\n<meta property=\"og:video:type\" content=\"text\/html\" \/>\n<meta property=\"og:video:duration\" content=\"79\" \/>\n<meta property=\"og:video:width\" content=\"480\" \/>\n<meta property=\"og:video:height\" content=\"270\" \/>\n<meta property=\"ya:ovs:adult\" content=\"false\" \/>\n<meta property=\"ya:ovs:upload_date\" content=\"2024-11-04T16:52:24+00:00\" \/>\n<meta property=\"ya:ovs:allow_embed\" content=\"true\" \/>\n<meta property=\"product:price:amount\" content=\"742600.00\" \/>\n<meta property=\"product:price:currency\" content=\"USD\" \/>\n<meta property=\"og:availability\" content=\"instock\" \/>\n<meta property=\"product:availability\" content=\"instock\" \/>\n<meta property=\"product:condition\" content=\"new\" \/>\n<!-- \/ Yoast SEO Premium plugin. -->","yoast_head_json":{"title":"R\u00e9serve de l'Alto R\u00edo Iba\u00f1ez - R\u00e9gion d' Ays\u00e9n - Produncan","description":"R\u00e9serve de 297 hectares avec 3,2 km de la rivi\u00e8re Iba\u00f1ez pr\u00e8s du parc national Cerro Castillo, Ays\u00e9n. Id\u00e9ale pour l'\u00e9cotourisme ou la conservation.","robots":{"index":"index","follow":"follow","max-snippet":"max-snippet:-1","max-image-preview":"max-image-preview:large","max-video-preview":"max-video-preview:-1"},"canonical":"https:\/\/produncan.cl\/fr\/produit\/reserve-de-lalto-rio-ibanez-region-d-aysen\/","og_locale":"fr_FR","og_type":"article","og_title":"R\u00e9serve de l'Alto R\u00edo Iba\u00f1ez - R\u00e9gion d' Ays\u00e9n","og_description":"R\u00e9serve de 297 hectares avec 3,2 km de la rivi\u00e8re Iba\u00f1ez pr\u00e8s du parc national Cerro Castillo, Ays\u00e9n. Id\u00e9ale pour l'\u00e9cotourisme ou la conservation.","og_url":"https:\/\/produncan.cl\/fr\/produit\/reserve-de-lalto-rio-ibanez-region-d-aysen\/","og_site_name":"Produncan","article_publisher":"https:\/\/web.facebook.com\/produncanland","article_modified_time":"2025-12-17T17:06:56+00:00","og_image":[{"url":"https:\/\/produncan.cl\/wp-content\/uploads\/2024\/11\/Reserva-Alto-Rio-Ibanez.webp","type":"","width":"","height":""}],"twitter_card":"summary_large_image","twitter_misc":{"Price":"USD742.600,00","Availability":"In stock"},"schema":{"@context":"https:\/\/schema.org","@graph":[{"@type":"WebPage","@id":"https:\/\/produncan.cl\/fr\/produit\/reserve-de-lalto-rio-ibanez-region-d-aysen\/","url":"https:\/\/produncan.cl\/fr\/produit\/reserve-de-lalto-rio-ibanez-region-d-aysen\/","name":"R\u00e9serve de l'Alto R\u00edo Iba\u00f1ez - R\u00e9gion d' Ays\u00e9n - Produncan","isPartOf":{"@id":"https:\/\/produncan.cl\/fr\/#website"},"primaryImageOfPage":{"@id":"https:\/\/produncan.cl\/fr\/produit\/reserve-de-lalto-rio-ibanez-region-d-aysen\/#primaryimage"},"image":{"@id":"https:\/\/produncan.cl\/fr\/produit\/reserve-de-lalto-rio-ibanez-region-d-aysen\/#primaryimage"},"thumbnailUrl":"https:\/\/produncan.cl\/wp-content\/uploads\/2024\/11\/Reserva-Alto-Rio-Ibanez.webp","datePublished":"2024-11-04T16:52:24+00:00","dateModified":"2025-12-17T17:06:56+00:00","description":"R\u00e9serve de 297 hectares avec 3,2 km de la rivi\u00e8re Iba\u00f1ez pr\u00e8s du parc national Cerro Castillo, Ays\u00e9n. Id\u00e9ale pour l'\u00e9cotourisme ou la conservation.","breadcrumb":{"@id":"https:\/\/produncan.cl\/fr\/produit\/reserve-de-lalto-rio-ibanez-region-d-aysen\/#breadcrumb"},"inLanguage":"fr-FR","potentialAction":[{"@type":"ReadAction","target":["https:\/\/produncan.cl\/fr\/produit\/reserve-de-lalto-rio-ibanez-region-d-aysen\/"]}]},{"@type":"ImageObject","inLanguage":"fr-FR","@id":"https:\/\/produncan.cl\/fr\/produit\/reserve-de-lalto-rio-ibanez-region-d-aysen\/#primaryimage","url":"https:\/\/produncan.cl\/wp-content\/uploads\/2024\/11\/Reserva-Alto-Rio-Ibanez.webp","contentUrl":"https:\/\/produncan.cl\/wp-content\/uploads\/2024\/11\/Reserva-Alto-Rio-Ibanez.webp","width":600,"height":450,"caption":"R\u00e9serve Alto R\u00edo Ibajez"},{"@type":"BreadcrumbList","@id":"https:\/\/produncan.cl\/fr\/produit\/reserve-de-lalto-rio-ibanez-region-d-aysen\/#breadcrumb","itemListElement":[{"@type":"ListItem","position":1,"name":"Inicio","item":"https:\/\/produncan.cl\/fr\/"},{"@type":"ListItem","position":2,"name":"Propri\u00e9t\u00e9s","item":"https:\/\/produncan.cl\/propiedades\/"},{"@type":"ListItem","position":3,"name":"Champs","item":"https:\/\/produncan.cl\/fr\/cat&eacute;gorie\/champs\/"},{"@type":"ListItem","position":4,"name":"R\u00e9serve de l&#8217;Alto R\u00edo Iba\u00f1ez &#8211; R\u00e9gion d&#8217; Ays\u00e9n"}]},{"@type":"WebSite","@id":"https:\/\/produncan.cl\/fr\/#website","url":"https:\/\/produncan.cl\/fr\/","name":"Produncan","description":"Nous vous accompagnons dans votre projet de vie !","publisher":{"@id":"https:\/\/produncan.cl\/fr\/#organization"},"potentialAction":[{"@type":"SearchAction","target":{"@type":"EntryPoint","urlTemplate":"https:\/\/produncan.cl\/fr\/?s={search_term_string}"},"query-input":{"@type":"PropertyValueSpecification","valueRequired":true,"valueName":"search_term_string"}}],"inLanguage":"fr-FR"},{"@type":"Organization","@id":"https:\/\/produncan.cl\/fr\/#organization","name":"Produncan","url":"https:\/\/produncan.cl\/fr\/","logo":{"@type":"ImageObject","inLanguage":"fr-FR","@id":"https:\/\/produncan.cl\/fr\/#\/schema\/logo\/image\/","url":"https:\/\/produncan.cl\/wp-content\/uploads\/2021\/03\/LOGO.jpeg","contentUrl":"https:\/\/produncan.cl\/wp-content\/uploads\/2021\/03\/LOGO.jpeg","width":1280,"height":903,"caption":"Produncan"},"image":{"@id":"https:\/\/produncan.cl\/fr\/#\/schema\/logo\/image\/"},"sameAs":["https:\/\/web.facebook.com\/produncanland","https:\/\/www.instagram.com\/pro_duncan\/","https:\/\/www.linkedin.com\/company\/produncan-lands\/","https:\/\/www.youtube.com\/channel\/UCu7N-f3x0svkazD-Eew1-QQ"],"description":"En Produncan somos especialistas en la venta de terrenos en el sur de Chile. Proveemos estancias, campos, parcelas y hoteles.","email":"info@produncan.cl"}]},"og_video":"https:\/\/www.youtube.com\/embed\/V5otioOWD_M","og_video_type":"text\/html","og_video_duration":"79","og_video_width":"480","og_video_height":"270","ya_ovs_adult":"false","ya_ovs_upload_date":"2024-11-04T16:52:24+00:00","ya_ovs_allow_embed":"true","product_price_amount":"742600.00","product_price_currency":"USD","og_availability":"instock","product_availability":"instock","product_condition":"new"},"_links":{"self":[{"href":"https:\/\/produncan.cl\/fr\/wp-json\/wp\/v2\/product\/36051","targetHints":{"allow":["GET"]}}],"collection":[{"href":"https:\/\/produncan.cl\/fr\/wp-json\/wp\/v2\/product"}],"about":[{"href":"https:\/\/produncan.cl\/fr\/wp-json\/wp\/v2\/types\/product"}],"version-history":[{"count":2,"href":"https:\/\/produncan.cl\/fr\/wp-json\/wp\/v2\/product\/36051\/revisions"}],"predecessor-version":[{"id":53320,"href":"https:\/\/produncan.cl\/fr\/wp-json\/wp\/v2\/product\/36051\/revisions\/53320"}],"wp:featuredmedia":[{"embeddable":true,"href":"https:\/\/produncan.cl\/fr\/wp-json\/wp\/v2\/media\/35491"}],"wp:attachment":[{"href":"https:\/\/produncan.cl\/fr\/wp-json\/wp\/v2\/media?parent=36051"}],"wp:term":[{"taxonomy":"product_brand","embeddable":true,"href":"https:\/\/produncan.cl\/fr\/wp-json\/wp\/v2\/product_brand?post=36051"},{"taxonomy":"product_cat","embeddable":true,"href":"https:\/\/produncan.cl\/fr\/wp-json\/wp\/v2\/product_cat?post=36051"},{"taxonomy":"product_tag","embeddable":true,"href":"https:\/\/produncan.cl\/fr\/wp-json\/wp\/v2\/product_tag?post=36051"},{"taxonomy":"regiones","embeddable":true,"href":"https:\/\/produncan.cl\/fr\/wp-json\/wp\/v2\/regiones?post=36051"},{"taxonomy":"ciudades","embeddable":true,"href":"https:\/\/produncan.cl\/fr\/wp-json\/wp\/v2\/ciudades?post=36051"}],"curies":[{"name":"wp","href":"https:\/\/api.w.org\/{rel}","templated":true}]}}