{"id":36578,"date":"2024-11-27T17:55:02","date_gmt":"2024-11-27T20:55:02","guid":{"rendered":"https:\/\/produncan.cl\/producto\/campitos-el-guardian-los-muermos\/"},"modified":"2025-12-26T17:20:43","modified_gmt":"2025-12-26T20:20:43","slug":"campitos-el-guardian-los-muermos","status":"publish","type":"product","link":"https:\/\/produncan.cl\/fr\/produit\/campitos-el-guardian-los-muermos\/","title":{"rendered":"Le gardien &#8211; Les morts"},"content":{"rendered":"\t\t<div data-elementor-type=\"product-post\" data-elementor-id=\"36578\" class=\"elementor elementor-36578 elementor-36285\" data-elementor-post-type=\"product\">\n\t\t\t\t<div class=\"elementor-element elementor-element-2d6abf2 e-flex e-con-boxed e-con e-parent\" data-id=\"2d6abf2\" data-element_type=\"container\" data-e-type=\"container\" data-settings=\"{&quot;jet_parallax_layout_list&quot;:[]}\">\n\t\t\t\t\t<div class=\"e-con-inner\">\n\t\t\t\t<div class=\"elementor-element elementor-element-c212e1b elementor-widget elementor-widget-heading\" data-id=\"c212e1b\" data-element_type=\"widget\" data-e-type=\"widget\" data-widget_type=\"heading.default\">\n\t\t\t\t\t<h2 class=\"elementor-heading-title elementor-size-default\">Terrain agricole \u00e0 Los Muermos avec une vue exceptionnelle, \u00e0 une heure de Puerto Varas.<\/h2>\t\t\t\t<\/div>\n\t\t\t\t<div class=\"elementor-element elementor-element-2cf68a0 elementor-widget elementor-widget-text-editor\" data-id=\"2cf68a0\" data-element_type=\"widget\" data-e-type=\"widget\" data-widget_type=\"text-editor.default\">\n\t\t\t\t\t\t\t\t\t<p>El Guardi\u00e1n est compos\u00e9 de deux terrains \u00e0 vendre d&#8217;environ 8,5 hectares chacun, situ\u00e9s \u00e0 une heure \u00e0 l&#8217;ouest de Puerto Varas, avec \u00e9lectricit\u00e9, eau et vue exceptionnelle sur la campagne chilienne, les volcans et la cha\u00eene de montagnes.<\/p>\n<p>L&#8217;acc\u00e8s se fait par une route en grande partie asphalt\u00e9e et par 6 kilom\u00e8tres de route en gravier en bon \u00e9tat. Ces terrains de Los Muermos allient intimit\u00e9 et nature, avec des pentes, une rivi\u00e8re, des prairies et des for\u00eats indig\u00e8nes, ce qui est id\u00e9al pour ceux qui recherchent un refuge avec tout le confort. <\/p>\n<p>Le projet vise \u00e0 unir l&#8217;art et la nature. Avec son regard fix\u00e9 sur l&#8217;horizon, prot\u00e9geant la for\u00eat, la sculpture The Guardian symbolise la connexion de l&#8217;humanit\u00e9 avec la nature, nous inspirant tous \u00e0 devenir des protecteurs de notre plan\u00e8te sacr\u00e9e. <\/p>\n<p>L&#8217;\u0153uvre d&#8217;art, cr\u00e9\u00e9e par Benjamin Costabal, repr\u00e9sente une personne aux bras tendus, symbole de l&#8217;\u00e9tendue humaine et de la compassion, refl\u00e9tant notre nature la plus \u00e9lev\u00e9e et notre potentiel le plus complet.<\/p>\n<p>Les campitos \u00e0 vendre pr\u00e9sentent les caract\u00e9ristiques suivantes :<\/p>\n<p>Bien B : 8,67 a x USD170000<\/p>\n<ul>\n<li>Orientation nord-est<\/li>\n<li>Zone humide<\/li>\n<li>1,6 hectares de prairies<\/li>\n<li>6 hectares de for\u00eat indig\u00e8ne<\/li>\n<li>600 m\u00e8tres d&#8217; estuaire toute l &#8216; ann\u00e9e<\/li>\n<li>Une cabane<\/li>\n<li>Subdivis\u00e9 en 4 r\u00f4les<\/li>\n<\/ul>\n<div> <\/div>\n<p>Bien C : 8,4 has x USD142000<\/p>\n<ul>\n<li>Orientation sud-est<\/li>\n<li>Elle comporte des sculptures<\/li>\n<li>2 hectares de prairies<\/li>\n<li>6,4 hectares de for\u00eats indig\u00e8nes<\/li>\n<li>500 m\u00e8tres de rivi\u00e8re et d&#8217;estuaire<\/li>\n<li>Divis\u00e9 en 3 r\u00f4les<\/li>\n<\/ul>\n<div> <\/div>\n<p>Nous vous invitons \u00e0 d\u00e9couvrir cet endroit magique, o\u00f9 l&#8217;intimit\u00e9 et les vues que vous avez toujours souhait\u00e9es sont associ\u00e9es \u00e0 tous les services n\u00e9cessaires \u00e0 votre confort.<\/p>\n<p>Contactez-nous pour plus d&#8217;informations et laissez-nous vous aider \u00e0 r\u00e9aliser vos r\u00eaves.<\/p>\n\t\t\t\t\t\t\t\t<\/div>\n\t\t\t\t\t<\/div>\n\t\t\t\t<\/div>\n\t\t\t\t<\/div>\n\t\t","protected":false},"excerpt":{"rendered":"<p>Ferme \u00e0 Los Muermos, \u00e0 1 heure de Puerto Varas. For\u00eat indig\u00e8ne, rivi\u00e8re, prairies avec vue sur les volcans et la cha\u00eene de montagnes. Eau, \u00e9lectricit\u00e9 et routes en bon \u00e9tat. Id\u00e9al pour un projet qui cherche \u00e0 unir l&#8217;art et la nature.   <\/p>\n","protected":false},"featured_media":36291,"template":"","meta":{"_acf_changed":false},"product_brand":[],"product_cat":[113],"product_tag":[233,236],"regiones":[226],"ciudades":[214,216],"class_list":{"0":"post-36578","1":"product","2":"type-product","3":"status-publish","4":"has-post-thumbnail","6":"product_cat-ohiggins-los-lagos-fr","7":"product_tag-champs","8":"product_tag-parcelles","9":"regiones-nuble-los_lagos","10":"ciudades-fresia","11":"ciudades-los-muermos","13":"first","14":"instock","15":"shipping-taxable","16":"purchasable","17":"product-type-simple"},"acf":[],"yoast_head":"<!-- This site is optimized with the Yoast SEO Premium plugin v26.0 (Yoast SEO v27.3) - https:\/\/yoast.com\/product\/yoast-seo-premium-wordpress\/ -->\n<title>Le gardien - Les morts - Produncan<\/title>\n<meta name=\"description\" content=\"Campos \u00e0 Los Muermos, \u00e0 1 h de Puerto Varas. Avec l&#039;eau, la lumi\u00e8re, la for\u00eat indig\u00e8ne, les prairies, la rivi\u00e8re et des vues uniques. Projet avec sculpture et connexion naturelle.\" \/>\n<meta name=\"robots\" content=\"index, follow, max-snippet:-1, max-image-preview:large, max-video-preview:-1\" \/>\n<link rel=\"canonical\" href=\"https:\/\/produncan.cl\/fr\/produit\/campitos-el-guardian-los-muermos\/\" \/>\n<meta property=\"og:locale\" content=\"fr_FR\" \/>\n<meta property=\"og:type\" content=\"article\" \/>\n<meta property=\"og:title\" content=\"Le gardien - Les morts\" \/>\n<meta property=\"og:description\" content=\"Terrain unique \u00e0 1 heure de Puerto Varas. For\u00eat indig\u00e8ne, rivi\u00e8re, prairies avec vue sur les volcans et la cha\u00eene de montagnes. Eau, \u00e9lectricit\u00e9 et routes en bon \u00e9tat. Id\u00e9al pour un projet qui cherche \u00e0 unir l&#039; art et la nature.\" \/>\n<meta property=\"og:url\" content=\"https:\/\/produncan.cl\/fr\/produit\/campitos-el-guardian-los-muermos\/\" \/>\n<meta property=\"og:site_name\" content=\"Produncan\" \/>\n<meta property=\"article:publisher\" content=\"https:\/\/web.facebook.com\/produncanland\" \/>\n<meta property=\"article:modified_time\" content=\"2025-12-26T20:20:43+00:00\" \/>\n<meta property=\"og:image\" content=\"https:\/\/produncan.cl\/wp-content\/uploads\/2024\/11\/Campitos-El-Guardian.webp\" \/>\n<meta name=\"twitter:card\" content=\"summary_large_image\" \/>\n<meta name=\"twitter:label1\" content=\"Price\" \/>\n\t<meta name=\"twitter:data1\" content=\"USD138.100,00\" \/>\n\t<meta name=\"twitter:label2\" content=\"Availability\" \/>\n\t<meta name=\"twitter:data2\" content=\"In stock\" \/>\n<script type=\"application\/ld+json\" class=\"yoast-schema-graph\">{\"@context\":\"https:\\\/\\\/schema.org\",\"@graph\":[{\"@type\":\"WebPage\",\"@id\":\"https:\\\/\\\/produncan.cl\\\/fr\\\/produit\\\/campitos-el-guardian-los-muermos\\\/\",\"url\":\"https:\\\/\\\/produncan.cl\\\/fr\\\/produit\\\/campitos-el-guardian-los-muermos\\\/\",\"name\":\"Le gardien - Les morts - Produncan\",\"isPartOf\":{\"@id\":\"https:\\\/\\\/produncan.cl\\\/fr\\\/#website\"},\"primaryImageOfPage\":{\"@id\":\"https:\\\/\\\/produncan.cl\\\/fr\\\/produit\\\/campitos-el-guardian-los-muermos\\\/#primaryimage\"},\"image\":{\"@id\":\"https:\\\/\\\/produncan.cl\\\/fr\\\/produit\\\/campitos-el-guardian-los-muermos\\\/#primaryimage\"},\"thumbnailUrl\":\"https:\\\/\\\/produncan.cl\\\/wp-content\\\/uploads\\\/2024\\\/11\\\/Campitos-El-Guardian.webp\",\"datePublished\":\"2024-11-27T20:55:02+00:00\",\"dateModified\":\"2025-12-26T20:20:43+00:00\",\"description\":\"Campos \u00e0 Los Muermos, \u00e0 1 h de Puerto Varas. Avec l'eau, la lumi\u00e8re, la for\u00eat indig\u00e8ne, les prairies, la rivi\u00e8re et des vues uniques. Projet avec sculpture et connexion naturelle.\",\"breadcrumb\":{\"@id\":\"https:\\\/\\\/produncan.cl\\\/fr\\\/produit\\\/campitos-el-guardian-los-muermos\\\/#breadcrumb\"},\"inLanguage\":\"fr-FR\",\"potentialAction\":[{\"@type\":\"ReadAction\",\"target\":[\"https:\\\/\\\/produncan.cl\\\/fr\\\/produit\\\/campitos-el-guardian-los-muermos\\\/\"]}]},{\"@type\":\"ImageObject\",\"inLanguage\":\"fr-FR\",\"@id\":\"https:\\\/\\\/produncan.cl\\\/fr\\\/produit\\\/campitos-el-guardian-los-muermos\\\/#primaryimage\",\"url\":\"https:\\\/\\\/produncan.cl\\\/wp-content\\\/uploads\\\/2024\\\/11\\\/Campitos-El-Guardian.webp\",\"contentUrl\":\"https:\\\/\\\/produncan.cl\\\/wp-content\\\/uploads\\\/2024\\\/11\\\/Campitos-El-Guardian.webp\",\"width\":600,\"height\":450,\"caption\":\"Campites Le Gardien\"},{\"@type\":\"BreadcrumbList\",\"@id\":\"https:\\\/\\\/produncan.cl\\\/fr\\\/produit\\\/campitos-el-guardian-los-muermos\\\/#breadcrumb\",\"itemListElement\":[{\"@type\":\"ListItem\",\"position\":1,\"name\":\"Inicio\",\"item\":\"https:\\\/\\\/produncan.cl\\\/fr\\\/\"},{\"@type\":\"ListItem\",\"position\":2,\"name\":\"Propri\u00e9t\u00e9s\",\"item\":\"https:\\\/\\\/produncan.cl\\\/propiedades\\\/\"},{\"@type\":\"ListItem\",\"position\":3,\"name\":\"Champs\",\"item\":\"https:\\\/\\\/produncan.cl\\\/fr\\\/cat&eacute;gorie\\\/champs\\\/\"},{\"@type\":\"ListItem\",\"position\":4,\"name\":\"Le gardien &#8211; Les morts\"}]},{\"@type\":\"WebSite\",\"@id\":\"https:\\\/\\\/produncan.cl\\\/fr\\\/#website\",\"url\":\"https:\\\/\\\/produncan.cl\\\/fr\\\/\",\"name\":\"Produncan\",\"description\":\"Nous vous accompagnons dans votre projet de vie !\",\"publisher\":{\"@id\":\"https:\\\/\\\/produncan.cl\\\/fr\\\/#organization\"},\"potentialAction\":[{\"@type\":\"SearchAction\",\"target\":{\"@type\":\"EntryPoint\",\"urlTemplate\":\"https:\\\/\\\/produncan.cl\\\/fr\\\/?s={search_term_string}\"},\"query-input\":{\"@type\":\"PropertyValueSpecification\",\"valueRequired\":true,\"valueName\":\"search_term_string\"}}],\"inLanguage\":\"fr-FR\"},{\"@type\":\"Organization\",\"@id\":\"https:\\\/\\\/produncan.cl\\\/fr\\\/#organization\",\"name\":\"Produncan\",\"url\":\"https:\\\/\\\/produncan.cl\\\/fr\\\/\",\"logo\":{\"@type\":\"ImageObject\",\"inLanguage\":\"fr-FR\",\"@id\":\"https:\\\/\\\/produncan.cl\\\/fr\\\/#\\\/schema\\\/logo\\\/image\\\/\",\"url\":\"https:\\\/\\\/produncan.cl\\\/wp-content\\\/uploads\\\/2021\\\/03\\\/LOGO.jpeg\",\"contentUrl\":\"https:\\\/\\\/produncan.cl\\\/wp-content\\\/uploads\\\/2021\\\/03\\\/LOGO.jpeg\",\"width\":1280,\"height\":903,\"caption\":\"Produncan\"},\"image\":{\"@id\":\"https:\\\/\\\/produncan.cl\\\/fr\\\/#\\\/schema\\\/logo\\\/image\\\/\"},\"sameAs\":[\"https:\\\/\\\/web.facebook.com\\\/produncanland\",\"https:\\\/\\\/www.instagram.com\\\/pro_duncan\\\/\",\"https:\\\/\\\/www.linkedin.com\\\/company\\\/produncan-lands\\\/\",\"https:\\\/\\\/www.youtube.com\\\/channel\\\/UCu7N-f3x0svkazD-Eew1-QQ\"],\"description\":\"En Produncan somos especialistas en la venta de terrenos en el sur de Chile. Proveemos estancias, campos, parcelas y hoteles.\",\"email\":\"info@produncan.cl\"}]}<\/script>\n<meta property=\"og:video\" content=\"https:\/\/www.youtube.com\/embed\/DVLN_6VZC7k\" \/>\n<meta property=\"og:video:type\" content=\"text\/html\" \/>\n<meta property=\"og:video:duration\" content=\"93\" \/>\n<meta property=\"og:video:width\" content=\"480\" \/>\n<meta property=\"og:video:height\" content=\"270\" \/>\n<meta property=\"ya:ovs:adult\" content=\"false\" \/>\n<meta property=\"ya:ovs:upload_date\" content=\"2024-11-27T20:55:02+00:00\" \/>\n<meta property=\"ya:ovs:allow_embed\" content=\"true\" \/>\n<meta property=\"product:price:amount\" content=\"138100.00\" \/>\n<meta property=\"product:price:currency\" content=\"USD\" \/>\n<meta property=\"og:availability\" content=\"instock\" \/>\n<meta property=\"product:availability\" content=\"instock\" \/>\n<meta property=\"product:condition\" content=\"new\" \/>\n<!-- \/ Yoast SEO Premium plugin. -->","yoast_head_json":{"title":"Le gardien - Les morts - Produncan","description":"Campos \u00e0 Los Muermos, \u00e0 1 h de Puerto Varas. Avec l'eau, la lumi\u00e8re, la for\u00eat indig\u00e8ne, les prairies, la rivi\u00e8re et des vues uniques. Projet avec sculpture et connexion naturelle.","robots":{"index":"index","follow":"follow","max-snippet":"max-snippet:-1","max-image-preview":"max-image-preview:large","max-video-preview":"max-video-preview:-1"},"canonical":"https:\/\/produncan.cl\/fr\/produit\/campitos-el-guardian-los-muermos\/","og_locale":"fr_FR","og_type":"article","og_title":"Le gardien - Les morts","og_description":"Terrain unique \u00e0 1 heure de Puerto Varas. For\u00eat indig\u00e8ne, rivi\u00e8re, prairies avec vue sur les volcans et la cha\u00eene de montagnes. Eau, \u00e9lectricit\u00e9 et routes en bon \u00e9tat. Id\u00e9al pour un projet qui cherche \u00e0 unir l' art et la nature.","og_url":"https:\/\/produncan.cl\/fr\/produit\/campitos-el-guardian-los-muermos\/","og_site_name":"Produncan","article_publisher":"https:\/\/web.facebook.com\/produncanland","article_modified_time":"2025-12-26T20:20:43+00:00","og_image":[{"url":"https:\/\/produncan.cl\/wp-content\/uploads\/2024\/11\/Campitos-El-Guardian.webp","type":"","width":"","height":""}],"twitter_card":"summary_large_image","twitter_misc":{"Price":"USD138.100,00","Availability":"In stock"},"schema":{"@context":"https:\/\/schema.org","@graph":[{"@type":"WebPage","@id":"https:\/\/produncan.cl\/fr\/produit\/campitos-el-guardian-los-muermos\/","url":"https:\/\/produncan.cl\/fr\/produit\/campitos-el-guardian-los-muermos\/","name":"Le gardien - Les morts - Produncan","isPartOf":{"@id":"https:\/\/produncan.cl\/fr\/#website"},"primaryImageOfPage":{"@id":"https:\/\/produncan.cl\/fr\/produit\/campitos-el-guardian-los-muermos\/#primaryimage"},"image":{"@id":"https:\/\/produncan.cl\/fr\/produit\/campitos-el-guardian-los-muermos\/#primaryimage"},"thumbnailUrl":"https:\/\/produncan.cl\/wp-content\/uploads\/2024\/11\/Campitos-El-Guardian.webp","datePublished":"2024-11-27T20:55:02+00:00","dateModified":"2025-12-26T20:20:43+00:00","description":"Campos \u00e0 Los Muermos, \u00e0 1 h de Puerto Varas. Avec l'eau, la lumi\u00e8re, la for\u00eat indig\u00e8ne, les prairies, la rivi\u00e8re et des vues uniques. Projet avec sculpture et connexion naturelle.","breadcrumb":{"@id":"https:\/\/produncan.cl\/fr\/produit\/campitos-el-guardian-los-muermos\/#breadcrumb"},"inLanguage":"fr-FR","potentialAction":[{"@type":"ReadAction","target":["https:\/\/produncan.cl\/fr\/produit\/campitos-el-guardian-los-muermos\/"]}]},{"@type":"ImageObject","inLanguage":"fr-FR","@id":"https:\/\/produncan.cl\/fr\/produit\/campitos-el-guardian-los-muermos\/#primaryimage","url":"https:\/\/produncan.cl\/wp-content\/uploads\/2024\/11\/Campitos-El-Guardian.webp","contentUrl":"https:\/\/produncan.cl\/wp-content\/uploads\/2024\/11\/Campitos-El-Guardian.webp","width":600,"height":450,"caption":"Campites Le Gardien"},{"@type":"BreadcrumbList","@id":"https:\/\/produncan.cl\/fr\/produit\/campitos-el-guardian-los-muermos\/#breadcrumb","itemListElement":[{"@type":"ListItem","position":1,"name":"Inicio","item":"https:\/\/produncan.cl\/fr\/"},{"@type":"ListItem","position":2,"name":"Propri\u00e9t\u00e9s","item":"https:\/\/produncan.cl\/propiedades\/"},{"@type":"ListItem","position":3,"name":"Champs","item":"https:\/\/produncan.cl\/fr\/cat&eacute;gorie\/champs\/"},{"@type":"ListItem","position":4,"name":"Le gardien &#8211; Les morts"}]},{"@type":"WebSite","@id":"https:\/\/produncan.cl\/fr\/#website","url":"https:\/\/produncan.cl\/fr\/","name":"Produncan","description":"Nous vous accompagnons dans votre projet de vie !","publisher":{"@id":"https:\/\/produncan.cl\/fr\/#organization"},"potentialAction":[{"@type":"SearchAction","target":{"@type":"EntryPoint","urlTemplate":"https:\/\/produncan.cl\/fr\/?s={search_term_string}"},"query-input":{"@type":"PropertyValueSpecification","valueRequired":true,"valueName":"search_term_string"}}],"inLanguage":"fr-FR"},{"@type":"Organization","@id":"https:\/\/produncan.cl\/fr\/#organization","name":"Produncan","url":"https:\/\/produncan.cl\/fr\/","logo":{"@type":"ImageObject","inLanguage":"fr-FR","@id":"https:\/\/produncan.cl\/fr\/#\/schema\/logo\/image\/","url":"https:\/\/produncan.cl\/wp-content\/uploads\/2021\/03\/LOGO.jpeg","contentUrl":"https:\/\/produncan.cl\/wp-content\/uploads\/2021\/03\/LOGO.jpeg","width":1280,"height":903,"caption":"Produncan"},"image":{"@id":"https:\/\/produncan.cl\/fr\/#\/schema\/logo\/image\/"},"sameAs":["https:\/\/web.facebook.com\/produncanland","https:\/\/www.instagram.com\/pro_duncan\/","https:\/\/www.linkedin.com\/company\/produncan-lands\/","https:\/\/www.youtube.com\/channel\/UCu7N-f3x0svkazD-Eew1-QQ"],"description":"En Produncan somos especialistas en la venta de terrenos en el sur de Chile. Proveemos estancias, campos, parcelas y hoteles.","email":"info@produncan.cl"}]},"og_video":"https:\/\/www.youtube.com\/embed\/DVLN_6VZC7k","og_video_type":"text\/html","og_video_duration":"93","og_video_width":"480","og_video_height":"270","ya_ovs_adult":"false","ya_ovs_upload_date":"2024-11-27T20:55:02+00:00","ya_ovs_allow_embed":"true","product_price_amount":"138100.00","product_price_currency":"USD","og_availability":"instock","product_availability":"instock","product_condition":"new"},"_links":{"self":[{"href":"https:\/\/produncan.cl\/fr\/wp-json\/wp\/v2\/product\/36578","targetHints":{"allow":["GET"]}}],"collection":[{"href":"https:\/\/produncan.cl\/fr\/wp-json\/wp\/v2\/product"}],"about":[{"href":"https:\/\/produncan.cl\/fr\/wp-json\/wp\/v2\/types\/product"}],"version-history":[{"count":3,"href":"https:\/\/produncan.cl\/fr\/wp-json\/wp\/v2\/product\/36578\/revisions"}],"predecessor-version":[{"id":54147,"href":"https:\/\/produncan.cl\/fr\/wp-json\/wp\/v2\/product\/36578\/revisions\/54147"}],"wp:featuredmedia":[{"embeddable":true,"href":"https:\/\/produncan.cl\/fr\/wp-json\/wp\/v2\/media\/36291"}],"wp:attachment":[{"href":"https:\/\/produncan.cl\/fr\/wp-json\/wp\/v2\/media?parent=36578"}],"wp:term":[{"taxonomy":"product_brand","embeddable":true,"href":"https:\/\/produncan.cl\/fr\/wp-json\/wp\/v2\/product_brand?post=36578"},{"taxonomy":"product_cat","embeddable":true,"href":"https:\/\/produncan.cl\/fr\/wp-json\/wp\/v2\/product_cat?post=36578"},{"taxonomy":"product_tag","embeddable":true,"href":"https:\/\/produncan.cl\/fr\/wp-json\/wp\/v2\/product_tag?post=36578"},{"taxonomy":"regiones","embeddable":true,"href":"https:\/\/produncan.cl\/fr\/wp-json\/wp\/v2\/regiones?post=36578"},{"taxonomy":"ciudades","embeddable":true,"href":"https:\/\/produncan.cl\/fr\/wp-json\/wp\/v2\/ciudades?post=36578"}],"curies":[{"name":"wp","href":"https:\/\/api.w.org\/{rel}","templated":true}]}}