{"id":36580,"date":"2024-12-02T19:09:37","date_gmt":"2024-12-02T22:09:37","guid":{"rendered":"https:\/\/produncan.cl\/producto\/parcelas-guairabo-punta-arenas-region-de-magallanes\/"},"modified":"2025-11-24T13:52:50","modified_gmt":"2025-11-24T16:52:50","slug":"parcelas-guairabo-punta-arenas-region-de-magallanes","status":"publish","type":"product","link":"https:\/\/produncan.cl\/fr\/produit\/parcelas-guairabo-punta-arenas-region-de-magallanes\/","title":{"rendered":"Parcelles \u00e0 Punta Arenas, Guairabo &#8211; R\u00e9gion de Magallanes"},"content":{"rendered":"\t\t<div data-elementor-type=\"product-post\" data-elementor-id=\"36580\" class=\"elementor elementor-36580 elementor-36383\" data-elementor-post-type=\"product\">\n\t\t\t\t<div class=\"elementor-element elementor-element-b964691 e-flex e-con-boxed e-con e-parent\" data-id=\"b964691\" data-element_type=\"container\" data-e-type=\"container\" data-settings=\"{&quot;jet_parallax_layout_list&quot;:[]}\">\n\t\t\t\t\t<div class=\"e-con-inner\">\n\t\t\t\t<div class=\"elementor-element elementor-element-1e4edb9 elementor-widget elementor-widget-heading\" data-id=\"1e4edb9\" data-element_type=\"widget\" data-e-type=\"widget\" data-widget_type=\"heading.default\">\n\t\t\t\t\t<h2 class=\"elementor-heading-title elementor-size-default\">Wenn du nach dem Ort deiner Tr\u00e4ume am Meer in Punta Arenas suchst, bist du hier genau richtig!<\/h2>\t\t\t\t<\/div>\n\t\t\t\t\t<\/div>\n\t\t\t\t<\/div>\n\t\t<div class=\"elementor-element elementor-element-7d6c3ea e-flex e-con-boxed e-con e-parent\" data-id=\"7d6c3ea\" data-element_type=\"container\" data-e-type=\"container\" data-settings=\"{&quot;jet_parallax_layout_list&quot;:[]}\">\n\t\t\t\t\t<div class=\"e-con-inner\">\n\t\t\t\t<div class=\"elementor-element elementor-element-5586983 elementor-widget elementor-widget-text-editor\" data-id=\"5586983\" data-element_type=\"widget\" data-e-type=\"widget\" data-widget_type=\"text-editor.default\">\n\t\t\t\t\t\t\t\t\t<p>Diese Grundst\u00fccke in Punta Arenas, Region Magallanes, sind Ihre beste Wahl. Mit Fl\u00e4chen zwischen 6.799 m\u00b2 und 9.000 m\u00b2 bieten sie eine perfekte Kombination aus Platz und Zug\u00e4nglichkeit. <\/p><p>Nur 20 Minuten von Punta Arenas und 40 Minuten vom internationalen Flughafen entfernt, zeichnen sich diese Parzellen durch ihre hervorragende Lage und die N\u00e4he zu Attraktionen wie dem Nationalreservat Magallanes, Fort Bulnes, dem Leuchtturm von San Isidro und Puerto del Hambre aus.<\/p><p>Jede Parzelle hat einen direkten Zugang \u00fcber eine gepflasterte Stra\u00dfe und die Strandpromenade.<\/p><p>Die Stromleitung verl\u00e4uft au\u00dferhalb des Hauses, was den Anschluss an EDELMAG erleichtert. F\u00fcr Wasser kann jeder Hausbesitzer seinen eigenen Brunnen bauen oder Tankwagen benutzen, was in der Gegend \u00fcblich ist. <\/p><p>Die Konnektivit\u00e4t wird durch ein gutes Movistar-Signal und den Zugang zum Internet \u00fcber Satellit gew\u00e4hrleistet.<\/p><p>Avec un climat typique de la r\u00e9gion, de longues journ\u00e9es d&#8217;\u00e9t\u00e9 et un environnement naturel magnifique, ils sont id\u00e9aux pour ceux qui recherchent une retraite personnelle ou un projet sp\u00e9cial.<\/p><p>Si vous recherchez la tranquillit\u00e9, des vues uniques et un investissement intelligent, contactez-nous !<\/p><p>Investissez dans un espace unique et concr\u00e9tisez votre projet au bout du monde !<\/p>\t\t\t\t\t\t\t\t<\/div>\n\t\t\t\t\t<\/div>\n\t\t\t\t<\/div>\n\t\t\t\t<\/div>\n\t\t","protected":false},"excerpt":{"rendered":"<p>Grundst\u00fccke in Punta Arenas, direkt am Meer. Fl\u00e4chen von 6799 m\u00b2, mit gepflasterten Zugang, Strom und die N\u00e4he zu Sehensw\u00fcrdigkeiten. Nur 20 Minuten von der Stadt, ideal f\u00fcr ein erstes Zuhause.  <\/p>\n","protected":false},"featured_media":36387,"template":"","meta":{"_acf_changed":false},"product_brand":[],"product_cat":[129],"product_tag":[236,237],"regiones":[225],"ciudades":[211],"class_list":{"0":"post-36580","1":"product","2":"type-product","3":"status-publish","4":"has-post-thumbnail","6":"product_cat-aysen-magallanes-fr","7":"product_tag-parcelles","8":"product_tag-proprietes-touristiques","9":"regiones-aysen-magallanes","10":"ciudades-punta-arenas","12":"first","13":"instock","14":"shipping-taxable","15":"purchasable","16":"product-type-simple"},"acf":[],"yoast_head":"<!-- This site is optimized with the Yoast SEO Premium plugin v26.0 (Yoast SEO v27.3) - https:\/\/yoast.com\/product\/yoast-seo-premium-wordpress\/ -->\n<title>Parcelles \u00e0 Punta Arenas, Guairabo - R\u00e9gion de Magallanes - Produncan<\/title>\n<meta name=\"description\" content=\"Parking front de mer \u00e0 Punta Arenas, \u00e0 partir de 6 799 m 2, avec acc\u00e8s pav\u00e9, \u00e0 proximit\u00e9 des attractions et des services de base disponibles.\" \/>\n<meta name=\"robots\" content=\"index, follow, max-snippet:-1, max-image-preview:large, max-video-preview:-1\" \/>\n<link rel=\"canonical\" href=\"https:\/\/produncan.cl\/fr\/produit\/parcelas-guairabo-punta-arenas-region-de-magallanes\/\" \/>\n<meta property=\"og:locale\" content=\"fr_FR\" \/>\n<meta property=\"og:type\" content=\"article\" \/>\n<meta property=\"og:title\" content=\"Parcelles \u00e0 Punta Arenas, Guairabo - R\u00e9gion de Magallanes\" \/>\n<meta property=\"og:description\" content=\"Grundst\u00fccke am Meer in Punta Arenas, ab 5.300 m\u00b2, mit gepflastertem Zugang, in der N\u00e4he von Attraktionen und verf\u00fcgbaren Basisdienstleistungen. Nur 20 Minuten von der Stadt entfernt, sind sie perfekt f\u00fcr Ihren Zufluchtsort oder Ihre Investition.\" \/>\n<meta property=\"og:url\" content=\"https:\/\/produncan.cl\/fr\/produit\/parcelas-guairabo-punta-arenas-region-de-magallanes\/\" \/>\n<meta property=\"og:site_name\" content=\"Produncan\" \/>\n<meta property=\"article:publisher\" content=\"https:\/\/web.facebook.com\/produncanland\" \/>\n<meta property=\"article:modified_time\" content=\"2025-11-24T16:52:50+00:00\" \/>\n<meta property=\"og:image\" content=\"https:\/\/produncan.cl\/wp-content\/uploads\/2024\/12\/Parcelas-Guairabo-en-venta-Punta-Arenas.webp\" \/>\n<meta name=\"twitter:card\" content=\"summary_large_image\" \/>\n<meta name=\"twitter:label1\" content=\"Price\" \/>\n\t<meta name=\"twitter:data1\" content=\"USD120.700,00\" \/>\n\t<meta name=\"twitter:label2\" content=\"Availability\" \/>\n\t<meta name=\"twitter:data2\" content=\"In stock\" \/>\n<script type=\"application\/ld+json\" class=\"yoast-schema-graph\">{\"@context\":\"https:\\\/\\\/schema.org\",\"@graph\":[{\"@type\":\"WebPage\",\"@id\":\"https:\\\/\\\/produncan.cl\\\/fr\\\/produit\\\/parcelas-guairabo-punta-arenas-region-de-magallanes\\\/\",\"url\":\"https:\\\/\\\/produncan.cl\\\/fr\\\/produit\\\/parcelas-guairabo-punta-arenas-region-de-magallanes\\\/\",\"name\":\"Parcelles \u00e0 Punta Arenas, Guairabo - R\u00e9gion de Magallanes - Produncan\",\"isPartOf\":{\"@id\":\"https:\\\/\\\/produncan.cl\\\/fr\\\/#website\"},\"primaryImageOfPage\":{\"@id\":\"https:\\\/\\\/produncan.cl\\\/fr\\\/produit\\\/parcelas-guairabo-punta-arenas-region-de-magallanes\\\/#primaryimage\"},\"image\":{\"@id\":\"https:\\\/\\\/produncan.cl\\\/fr\\\/produit\\\/parcelas-guairabo-punta-arenas-region-de-magallanes\\\/#primaryimage\"},\"thumbnailUrl\":\"https:\\\/\\\/produncan.cl\\\/wp-content\\\/uploads\\\/2024\\\/12\\\/Parcelas-Guairabo-en-venta-Punta-Arenas.webp\",\"datePublished\":\"2024-12-02T22:09:37+00:00\",\"dateModified\":\"2025-11-24T16:52:50+00:00\",\"description\":\"Parking front de mer \u00e0 Punta Arenas, \u00e0 partir de 6 799 m 2, avec acc\u00e8s pav\u00e9, \u00e0 proximit\u00e9 des attractions et des services de base disponibles.\",\"breadcrumb\":{\"@id\":\"https:\\\/\\\/produncan.cl\\\/fr\\\/produit\\\/parcelas-guairabo-punta-arenas-region-de-magallanes\\\/#breadcrumb\"},\"inLanguage\":\"fr-FR\",\"potentialAction\":[{\"@type\":\"ReadAction\",\"target\":[\"https:\\\/\\\/produncan.cl\\\/fr\\\/produit\\\/parcelas-guairabo-punta-arenas-region-de-magallanes\\\/\"]}]},{\"@type\":\"ImageObject\",\"inLanguage\":\"fr-FR\",\"@id\":\"https:\\\/\\\/produncan.cl\\\/fr\\\/produit\\\/parcelas-guairabo-punta-arenas-region-de-magallanes\\\/#primaryimage\",\"url\":\"https:\\\/\\\/produncan.cl\\\/wp-content\\\/uploads\\\/2024\\\/12\\\/Parcelas-Guairabo-en-venta-Punta-Arenas.webp\",\"contentUrl\":\"https:\\\/\\\/produncan.cl\\\/wp-content\\\/uploads\\\/2024\\\/12\\\/Parcelas-Guairabo-en-venta-Punta-Arenas.webp\",\"width\":600,\"height\":450,\"caption\":\"Terrain Guairabo \u00e0 vendre Punta Arenas\"},{\"@type\":\"BreadcrumbList\",\"@id\":\"https:\\\/\\\/produncan.cl\\\/fr\\\/produit\\\/parcelas-guairabo-punta-arenas-region-de-magallanes\\\/#breadcrumb\",\"itemListElement\":[{\"@type\":\"ListItem\",\"position\":1,\"name\":\"Inicio\",\"item\":\"https:\\\/\\\/produncan.cl\\\/fr\\\/\"},{\"@type\":\"ListItem\",\"position\":2,\"name\":\"Propri\u00e9t\u00e9s\",\"item\":\"https:\\\/\\\/produncan.cl\\\/propiedades\\\/\"},{\"@type\":\"ListItem\",\"position\":3,\"name\":\"Parcelles\",\"item\":\"https:\\\/\\\/produncan.cl\\\/fr\\\/cat&eacute;gorie\\\/parcelles\\\/\"},{\"@type\":\"ListItem\",\"position\":4,\"name\":\"Parcelles \u00e0 Punta Arenas, Guairabo &#8211; R\u00e9gion de Magallanes\"}]},{\"@type\":\"WebSite\",\"@id\":\"https:\\\/\\\/produncan.cl\\\/fr\\\/#website\",\"url\":\"https:\\\/\\\/produncan.cl\\\/fr\\\/\",\"name\":\"Produncan\",\"description\":\"Nous vous accompagnons dans votre projet de vie !\",\"publisher\":{\"@id\":\"https:\\\/\\\/produncan.cl\\\/fr\\\/#organization\"},\"potentialAction\":[{\"@type\":\"SearchAction\",\"target\":{\"@type\":\"EntryPoint\",\"urlTemplate\":\"https:\\\/\\\/produncan.cl\\\/fr\\\/?s={search_term_string}\"},\"query-input\":{\"@type\":\"PropertyValueSpecification\",\"valueRequired\":true,\"valueName\":\"search_term_string\"}}],\"inLanguage\":\"fr-FR\"},{\"@type\":\"Organization\",\"@id\":\"https:\\\/\\\/produncan.cl\\\/fr\\\/#organization\",\"name\":\"Produncan\",\"url\":\"https:\\\/\\\/produncan.cl\\\/fr\\\/\",\"logo\":{\"@type\":\"ImageObject\",\"inLanguage\":\"fr-FR\",\"@id\":\"https:\\\/\\\/produncan.cl\\\/fr\\\/#\\\/schema\\\/logo\\\/image\\\/\",\"url\":\"https:\\\/\\\/produncan.cl\\\/wp-content\\\/uploads\\\/2021\\\/03\\\/LOGO.jpeg\",\"contentUrl\":\"https:\\\/\\\/produncan.cl\\\/wp-content\\\/uploads\\\/2021\\\/03\\\/LOGO.jpeg\",\"width\":1280,\"height\":903,\"caption\":\"Produncan\"},\"image\":{\"@id\":\"https:\\\/\\\/produncan.cl\\\/fr\\\/#\\\/schema\\\/logo\\\/image\\\/\"},\"sameAs\":[\"https:\\\/\\\/web.facebook.com\\\/produncanland\",\"https:\\\/\\\/www.instagram.com\\\/pro_duncan\\\/\",\"https:\\\/\\\/www.linkedin.com\\\/company\\\/produncan-lands\\\/\",\"https:\\\/\\\/www.youtube.com\\\/channel\\\/UCu7N-f3x0svkazD-Eew1-QQ\"],\"description\":\"En Produncan somos especialistas en la venta de terrenos en el sur de Chile. Proveemos estancias, campos, parcelas y hoteles.\",\"email\":\"info@produncan.cl\"}]}<\/script>\n<meta property=\"og:video\" content=\"https:\/\/www.youtube.com\/embed\/cHImwvMT6WU\" \/>\n<meta property=\"og:video:type\" content=\"text\/html\" \/>\n<meta property=\"og:video:duration\" content=\"70\" \/>\n<meta property=\"og:video:width\" content=\"480\" \/>\n<meta property=\"og:video:height\" content=\"270\" \/>\n<meta property=\"ya:ovs:adult\" content=\"false\" \/>\n<meta property=\"ya:ovs:upload_date\" content=\"2024-12-02T22:09:37+00:00\" \/>\n<meta property=\"ya:ovs:allow_embed\" content=\"true\" \/>\n<meta property=\"product:price:amount\" content=\"120700.00\" \/>\n<meta property=\"product:price:currency\" content=\"USD\" \/>\n<meta property=\"og:availability\" content=\"instock\" \/>\n<meta property=\"product:availability\" content=\"instock\" \/>\n<meta property=\"product:condition\" content=\"new\" \/>\n<!-- \/ Yoast SEO Premium plugin. -->","yoast_head_json":{"title":"Parcelles \u00e0 Punta Arenas, Guairabo - R\u00e9gion de Magallanes - Produncan","description":"Parking front de mer \u00e0 Punta Arenas, \u00e0 partir de 6 799 m 2, avec acc\u00e8s pav\u00e9, \u00e0 proximit\u00e9 des attractions et des services de base disponibles.","robots":{"index":"index","follow":"follow","max-snippet":"max-snippet:-1","max-image-preview":"max-image-preview:large","max-video-preview":"max-video-preview:-1"},"canonical":"https:\/\/produncan.cl\/fr\/produit\/parcelas-guairabo-punta-arenas-region-de-magallanes\/","og_locale":"fr_FR","og_type":"article","og_title":"Parcelles \u00e0 Punta Arenas, Guairabo - R\u00e9gion de Magallanes","og_description":"Grundst\u00fccke am Meer in Punta Arenas, ab 5.300 m\u00b2, mit gepflastertem Zugang, in der N\u00e4he von Attraktionen und verf\u00fcgbaren Basisdienstleistungen. Nur 20 Minuten von der Stadt entfernt, sind sie perfekt f\u00fcr Ihren Zufluchtsort oder Ihre Investition.","og_url":"https:\/\/produncan.cl\/fr\/produit\/parcelas-guairabo-punta-arenas-region-de-magallanes\/","og_site_name":"Produncan","article_publisher":"https:\/\/web.facebook.com\/produncanland","article_modified_time":"2025-11-24T16:52:50+00:00","og_image":[{"url":"https:\/\/produncan.cl\/wp-content\/uploads\/2024\/12\/Parcelas-Guairabo-en-venta-Punta-Arenas.webp","type":"","width":"","height":""}],"twitter_card":"summary_large_image","twitter_misc":{"Price":"USD120.700,00","Availability":"In stock"},"schema":{"@context":"https:\/\/schema.org","@graph":[{"@type":"WebPage","@id":"https:\/\/produncan.cl\/fr\/produit\/parcelas-guairabo-punta-arenas-region-de-magallanes\/","url":"https:\/\/produncan.cl\/fr\/produit\/parcelas-guairabo-punta-arenas-region-de-magallanes\/","name":"Parcelles \u00e0 Punta Arenas, Guairabo - R\u00e9gion de Magallanes - Produncan","isPartOf":{"@id":"https:\/\/produncan.cl\/fr\/#website"},"primaryImageOfPage":{"@id":"https:\/\/produncan.cl\/fr\/produit\/parcelas-guairabo-punta-arenas-region-de-magallanes\/#primaryimage"},"image":{"@id":"https:\/\/produncan.cl\/fr\/produit\/parcelas-guairabo-punta-arenas-region-de-magallanes\/#primaryimage"},"thumbnailUrl":"https:\/\/produncan.cl\/wp-content\/uploads\/2024\/12\/Parcelas-Guairabo-en-venta-Punta-Arenas.webp","datePublished":"2024-12-02T22:09:37+00:00","dateModified":"2025-11-24T16:52:50+00:00","description":"Parking front de mer \u00e0 Punta Arenas, \u00e0 partir de 6 799 m 2, avec acc\u00e8s pav\u00e9, \u00e0 proximit\u00e9 des attractions et des services de base disponibles.","breadcrumb":{"@id":"https:\/\/produncan.cl\/fr\/produit\/parcelas-guairabo-punta-arenas-region-de-magallanes\/#breadcrumb"},"inLanguage":"fr-FR","potentialAction":[{"@type":"ReadAction","target":["https:\/\/produncan.cl\/fr\/produit\/parcelas-guairabo-punta-arenas-region-de-magallanes\/"]}]},{"@type":"ImageObject","inLanguage":"fr-FR","@id":"https:\/\/produncan.cl\/fr\/produit\/parcelas-guairabo-punta-arenas-region-de-magallanes\/#primaryimage","url":"https:\/\/produncan.cl\/wp-content\/uploads\/2024\/12\/Parcelas-Guairabo-en-venta-Punta-Arenas.webp","contentUrl":"https:\/\/produncan.cl\/wp-content\/uploads\/2024\/12\/Parcelas-Guairabo-en-venta-Punta-Arenas.webp","width":600,"height":450,"caption":"Terrain Guairabo \u00e0 vendre Punta Arenas"},{"@type":"BreadcrumbList","@id":"https:\/\/produncan.cl\/fr\/produit\/parcelas-guairabo-punta-arenas-region-de-magallanes\/#breadcrumb","itemListElement":[{"@type":"ListItem","position":1,"name":"Inicio","item":"https:\/\/produncan.cl\/fr\/"},{"@type":"ListItem","position":2,"name":"Propri\u00e9t\u00e9s","item":"https:\/\/produncan.cl\/propiedades\/"},{"@type":"ListItem","position":3,"name":"Parcelles","item":"https:\/\/produncan.cl\/fr\/cat&eacute;gorie\/parcelles\/"},{"@type":"ListItem","position":4,"name":"Parcelles \u00e0 Punta Arenas, Guairabo &#8211; R\u00e9gion de Magallanes"}]},{"@type":"WebSite","@id":"https:\/\/produncan.cl\/fr\/#website","url":"https:\/\/produncan.cl\/fr\/","name":"Produncan","description":"Nous vous accompagnons dans votre projet de vie !","publisher":{"@id":"https:\/\/produncan.cl\/fr\/#organization"},"potentialAction":[{"@type":"SearchAction","target":{"@type":"EntryPoint","urlTemplate":"https:\/\/produncan.cl\/fr\/?s={search_term_string}"},"query-input":{"@type":"PropertyValueSpecification","valueRequired":true,"valueName":"search_term_string"}}],"inLanguage":"fr-FR"},{"@type":"Organization","@id":"https:\/\/produncan.cl\/fr\/#organization","name":"Produncan","url":"https:\/\/produncan.cl\/fr\/","logo":{"@type":"ImageObject","inLanguage":"fr-FR","@id":"https:\/\/produncan.cl\/fr\/#\/schema\/logo\/image\/","url":"https:\/\/produncan.cl\/wp-content\/uploads\/2021\/03\/LOGO.jpeg","contentUrl":"https:\/\/produncan.cl\/wp-content\/uploads\/2021\/03\/LOGO.jpeg","width":1280,"height":903,"caption":"Produncan"},"image":{"@id":"https:\/\/produncan.cl\/fr\/#\/schema\/logo\/image\/"},"sameAs":["https:\/\/web.facebook.com\/produncanland","https:\/\/www.instagram.com\/pro_duncan\/","https:\/\/www.linkedin.com\/company\/produncan-lands\/","https:\/\/www.youtube.com\/channel\/UCu7N-f3x0svkazD-Eew1-QQ"],"description":"En Produncan somos especialistas en la venta de terrenos en el sur de Chile. Proveemos estancias, campos, parcelas y hoteles.","email":"info@produncan.cl"}]},"og_video":"https:\/\/www.youtube.com\/embed\/cHImwvMT6WU","og_video_type":"text\/html","og_video_duration":"70","og_video_width":"480","og_video_height":"270","ya_ovs_adult":"false","ya_ovs_upload_date":"2024-12-02T22:09:37+00:00","ya_ovs_allow_embed":"true","product_price_amount":"120700.00","product_price_currency":"USD","og_availability":"instock","product_availability":"instock","product_condition":"new"},"_links":{"self":[{"href":"https:\/\/produncan.cl\/fr\/wp-json\/wp\/v2\/product\/36580","targetHints":{"allow":["GET"]}}],"collection":[{"href":"https:\/\/produncan.cl\/fr\/wp-json\/wp\/v2\/product"}],"about":[{"href":"https:\/\/produncan.cl\/fr\/wp-json\/wp\/v2\/types\/product"}],"version-history":[{"count":2,"href":"https:\/\/produncan.cl\/fr\/wp-json\/wp\/v2\/product\/36580\/revisions"}],"predecessor-version":[{"id":52387,"href":"https:\/\/produncan.cl\/fr\/wp-json\/wp\/v2\/product\/36580\/revisions\/52387"}],"wp:featuredmedia":[{"embeddable":true,"href":"https:\/\/produncan.cl\/fr\/wp-json\/wp\/v2\/media\/36387"}],"wp:attachment":[{"href":"https:\/\/produncan.cl\/fr\/wp-json\/wp\/v2\/media?parent=36580"}],"wp:term":[{"taxonomy":"product_brand","embeddable":true,"href":"https:\/\/produncan.cl\/fr\/wp-json\/wp\/v2\/product_brand?post=36580"},{"taxonomy":"product_cat","embeddable":true,"href":"https:\/\/produncan.cl\/fr\/wp-json\/wp\/v2\/product_cat?post=36580"},{"taxonomy":"product_tag","embeddable":true,"href":"https:\/\/produncan.cl\/fr\/wp-json\/wp\/v2\/product_tag?post=36580"},{"taxonomy":"regiones","embeddable":true,"href":"https:\/\/produncan.cl\/fr\/wp-json\/wp\/v2\/regiones?post=36580"},{"taxonomy":"ciudades","embeddable":true,"href":"https:\/\/produncan.cl\/fr\/wp-json\/wp\/v2\/ciudades?post=36580"}],"curies":[{"name":"wp","href":"https:\/\/api.w.org\/{rel}","templated":true}]}}