{"id":36600,"date":"2024-11-13T10:49:47","date_gmt":"2024-11-13T13:49:47","guid":{"rendered":"https:\/\/produncan.cl\/producto\/terrain-subdivise-temuco-region-araucania\/"},"modified":"2025-11-24T13:52:51","modified_gmt":"2025-11-24T16:52:51","slug":"terrain-subdivise-temuco-region-araucania","status":"publish","type":"product","link":"https:\/\/produncan.cl\/fr\/produit\/terrain-subdivise-temuco-region-araucania\/","title":{"rendered":"Terrain subdivis\u00e9 \u00e0 Temuco &#8211; R\u00e9gion Araucanie"},"content":{"rendered":"\t\t<div data-elementor-type=\"product-post\" data-elementor-id=\"36600\" class=\"elementor elementor-36600 elementor-35858\" data-elementor-post-type=\"product\">\n\t\t\t\t<div class=\"elementor-element elementor-element-bbc0d56 e-flex e-con-boxed e-con e-parent\" data-id=\"bbc0d56\" data-element_type=\"container\" data-e-type=\"container\" data-settings=\"{&quot;jet_parallax_layout_list&quot;:[]}\">\n\t\t\t\t\t<div class=\"e-con-inner\">\n\t\t\t\t<div class=\"elementor-element elementor-element-5dc9f39 elementor-widget elementor-widget-heading\" data-id=\"5dc9f39\" data-element_type=\"widget\" data-e-type=\"widget\" data-widget_type=\"heading.default\">\n\t\t\t\t\t<h2 class=\"elementor-heading-title elementor-size-default\">D\u00e9veloppez votre projet dans un terrain subdivis\u00e9 en 135 lots de 5000m\u00b2 \u00e0 10 minutes de Temuco !<\/h2>\t\t\t\t<\/div>\n\t\t\t\t\t<\/div>\n\t\t\t\t<\/div>\n\t\t<div class=\"elementor-element elementor-element-98fe3ff e-flex e-con-boxed e-con e-parent\" data-id=\"98fe3ff\" data-element_type=\"container\" data-e-type=\"container\" data-settings=\"{&quot;jet_parallax_layout_list&quot;:[]}\">\n\t\t\t\t\t<div class=\"e-con-inner\">\n\t\t\t\t<div class=\"elementor-element elementor-element-c283d0c elementor-widget elementor-widget-text-editor\" data-id=\"c283d0c\" data-element_type=\"widget\" data-e-type=\"widget\" data-widget_type=\"text-editor.default\">\n\t\t\t\t\t\t\t\t\t<p>Il s&#8217;agit d&#8217;une occasion unique d&#8217;acqu\u00e9rir une propri\u00e9t\u00e9 de 93 hectares subdivis\u00e9e en 135 lots approuv\u00e9s par le SAG, avec des r\u00f4les SII, un acc\u00e8s direct par une route pav\u00e9e \u00e0 seulement 10 minutes de Temuco et 40 minutes de l&#8217;a\u00e9roport.<\/p><p>Cette propri\u00e9t\u00e9 offre d&#8217;excellentes conditions et un prix de vente comp\u00e9titif de 36,760 UF, ce qui \u00e9quivaut \u00e0 environ 10 600 000 CLP$ par lot de 5000m\u00b2. Nous soulignons ici les principales caract\u00e9ristiques qui font de cette propri\u00e9t\u00e9 une opportunit\u00e9 id\u00e9ale : <\/p><p>1) Terrain avec lotissement approuv\u00e9 : Avec 135 lots de 5 000 m\u00b2 chacun et le lotissement enregistr\u00e9 et approuv\u00e9 par le SAG, cette propri\u00e9t\u00e9 est parfaite pour ceux qui recherchent un d\u00e9veloppement r\u00e9sidentiel. Chaque lot poss\u00e8de son propre cadastre. <\/p><p>2) Accessibilit\u00e9 et connectivit\u00e9 : situ\u00e9 \u00e0 proximit\u00e9 de l&#8217;autoroute, des transports publics et d&#8217;un excellent signal de t\u00e9l\u00e9communications, ce terrain offre la commodit\u00e9 de la proximit\u00e9 de Temuco et de son a\u00e9roport, ainsi qu&#8217;un cadre rural privil\u00e9gi\u00e9.<\/p><p>3) Services de base et ressources naturelles : Le terrain dispose d&#8217;un r\u00e9seau \u00e9lectrique triphas\u00e9, fourni par la SAESA, et d&#8217;un puits profond (non enregistr\u00e9). Il comprend \u00e9galement une maison de gardien de 12&#215;6 m\u00e8tres, r\u00e9servoir d&#8217; eau et une cl\u00f4ture p\u00e9rim\u00e9trique avec portail m\u00e9tallique \u00e0 l&#8217;acc\u00e8s. <\/p><p>4) Attraction naturelle et zones prot\u00e9g\u00e9es : Avec une superficie de 13,51 hectares de zones de protection et une vari\u00e9t\u00e9 d&#8217; arbres indig\u00e8nes (dont le Ma\u00f1\u00edo, Roble, Array\u00e1n et Ulmo), la propri\u00e9t\u00e9 garantit un environnement naturel en harmonie avec la nature. De plus, elle dispose d&#8217; un ruisseau de 600 m\u00e8tres de long qui ne s&#8217;ass\u00e8che pas en \u00e9t\u00e9, ce qui augmente la valeur du paysage. <\/p><p>5) Facilit\u00e9 d&#8217;expansion : il est possible d&#8217;acqu\u00e9rir 85,18 hectares de terrain non subdivis\u00e9 au prix de 26 000 UF, ce qui permet une expansion significative du projet.<\/p><p>6) Excellente exposition solaire et qualit\u00e9 du sol : avec une topographie l\u00e9g\u00e8rement vallonn\u00e9e et un sol bien drain\u00e9, ces terres sont optimales pour le d\u00e9veloppement r\u00e9sidentiel.<\/p><p>7) Routes int\u00e9rieures et acc\u00e8s : Il y a 4.32 kilom\u00e8tres de routes int\u00e9rieures, gravillonn\u00e9es et d&#8217;une largeur de 6 m\u00e8tres, permettant d&#8217; acc\u00e9der facilement \u00e0 toutes les zones du terrain.<\/p><p>Dans le secteur, les terrains se vendent \u00e0 35.000.000 $, par cons\u00e9quent, ce terrain subdivis\u00e9 repr\u00e9sente non seulement un investissement dans un terrain avec une excellente localisation et des conditions naturelles, mais aussi la possibilit\u00e9 de faire un d\u00e9veloppement r\u00e9sidentiel rentable dans une ville \u00e0 forte croissance.<\/p><p>Saisissez cette opportunit\u00e9 de participer \u00e0 la croissance de Temuco! <\/p>\t\t\t\t\t\t\t\t<\/div>\n\t\t\t\t\t<\/div>\n\t\t\t\t<\/div>\n\t\t\t\t<\/div>\n\t\t","protected":false},"excerpt":{"rendered":"<p>Terrain subdivis\u00e9 en 135 lots de 5000 m\u00b2, r\u00f4les du SII, acc\u00e8s direct par route asphalt\u00e9e, \u00e9nergie triphas\u00e9e, chemins internes et \u00e0 10 minutes de Temuco. Faisabilit\u00e9 droits d&#8217;eau DGA. Possibilit\u00e9 d&#8217;agrandir 85 hectares.  <\/p>\n","protected":false},"featured_media":35862,"template":"","meta":{"_acf_changed":false},"product_brand":[],"product_cat":[113],"product_tag":[233],"regiones":[226],"ciudades":[424],"class_list":{"0":"post-36600","1":"product","2":"type-product","3":"status-publish","4":"has-post-thumbnail","6":"product_cat-ohiggins-los-lagos-fr","7":"product_tag-champs","8":"regiones-nuble-los_lagos","9":"ciudades-temuco","11":"first","12":"instock","13":"shipping-taxable","14":"purchasable","15":"product-type-simple"},"acf":[],"yoast_head":"<!-- This site is optimized with the Yoast SEO Premium plugin v26.0 (Yoast SEO v27.3) - https:\/\/yoast.com\/product\/yoast-seo-premium-wordpress\/ -->\n<title>Terrain subdivis\u00e9 \u00e0 Temuco - R\u00e9gion Araucanie - Produncan<\/title>\n<meta name=\"description\" content=\"Terrain \u00e0 Temuco de 93 hectares subdivis\u00e9 en 135 lots approuv\u00e9s par la SAG, avec acc\u00e8s direct par route asphalt\u00e9e et \u00e0 10 minutes de la ville.\" \/>\n<meta name=\"robots\" content=\"index, follow, max-snippet:-1, max-image-preview:large, max-video-preview:-1\" \/>\n<link rel=\"canonical\" href=\"https:\/\/produncan.cl\/fr\/produit\/terrain-subdivise-temuco-region-araucania\/\" \/>\n<meta property=\"og:locale\" content=\"fr_FR\" \/>\n<meta property=\"og:type\" content=\"article\" \/>\n<meta property=\"og:title\" content=\"Terrain subdivis\u00e9 \u00e0 Temuco - R\u00e9gion Araucanie\" \/>\n<meta property=\"og:description\" content=\"Terrain \u00e0 Temuco de 93 hectares subdivis\u00e9 en 135 lots approuv\u00e9s par la SAG, avec acc\u00e8s direct par route asphalt\u00e9e et \u00e0 10 minutes de la ville.\" \/>\n<meta property=\"og:url\" content=\"https:\/\/produncan.cl\/fr\/produit\/terrain-subdivise-temuco-region-araucania\/\" \/>\n<meta property=\"og:site_name\" content=\"Produncan\" \/>\n<meta property=\"article:publisher\" content=\"https:\/\/web.facebook.com\/produncanland\" \/>\n<meta property=\"article:modified_time\" content=\"2025-11-24T16:52:51+00:00\" \/>\n<meta property=\"og:image\" content=\"https:\/\/produncan.cl\/wp-content\/uploads\/2024\/11\/Campo-Subdividido-Temuco.webp\" \/>\n<meta name=\"twitter:card\" content=\"summary_large_image\" \/>\n<meta name=\"twitter:label1\" content=\"Price\" \/>\n\t<meta name=\"twitter:data1\" content=\"USD1.570.800,00\" \/>\n\t<meta name=\"twitter:label2\" content=\"Availability\" \/>\n\t<meta name=\"twitter:data2\" content=\"In stock\" \/>\n<script type=\"application\/ld+json\" class=\"yoast-schema-graph\">{\"@context\":\"https:\\\/\\\/schema.org\",\"@graph\":[{\"@type\":\"WebPage\",\"@id\":\"https:\\\/\\\/produncan.cl\\\/fr\\\/produit\\\/terrain-subdivise-temuco-region-araucania\\\/\",\"url\":\"https:\\\/\\\/produncan.cl\\\/fr\\\/produit\\\/terrain-subdivise-temuco-region-araucania\\\/\",\"name\":\"Terrain subdivis\u00e9 \u00e0 Temuco - R\u00e9gion Araucanie - Produncan\",\"isPartOf\":{\"@id\":\"https:\\\/\\\/produncan.cl\\\/fr\\\/#website\"},\"primaryImageOfPage\":{\"@id\":\"https:\\\/\\\/produncan.cl\\\/fr\\\/produit\\\/terrain-subdivise-temuco-region-araucania\\\/#primaryimage\"},\"image\":{\"@id\":\"https:\\\/\\\/produncan.cl\\\/fr\\\/produit\\\/terrain-subdivise-temuco-region-araucania\\\/#primaryimage\"},\"thumbnailUrl\":\"https:\\\/\\\/produncan.cl\\\/wp-content\\\/uploads\\\/2024\\\/11\\\/Campo-Subdividido-Temuco.webp\",\"datePublished\":\"2024-11-13T13:49:47+00:00\",\"dateModified\":\"2025-11-24T16:52:51+00:00\",\"description\":\"Terrain \u00e0 Temuco de 93 hectares subdivis\u00e9 en 135 lots approuv\u00e9s par la SAG, avec acc\u00e8s direct par route asphalt\u00e9e et \u00e0 10 minutes de la ville.\",\"breadcrumb\":{\"@id\":\"https:\\\/\\\/produncan.cl\\\/fr\\\/produit\\\/terrain-subdivise-temuco-region-araucania\\\/#breadcrumb\"},\"inLanguage\":\"fr-FR\",\"potentialAction\":[{\"@type\":\"ReadAction\",\"target\":[\"https:\\\/\\\/produncan.cl\\\/fr\\\/produit\\\/terrain-subdivise-temuco-region-araucania\\\/\"]}]},{\"@type\":\"ImageObject\",\"inLanguage\":\"fr-FR\",\"@id\":\"https:\\\/\\\/produncan.cl\\\/fr\\\/produit\\\/terrain-subdivise-temuco-region-araucania\\\/#primaryimage\",\"url\":\"https:\\\/\\\/produncan.cl\\\/wp-content\\\/uploads\\\/2024\\\/11\\\/Campo-Subdividido-Temuco.webp\",\"contentUrl\":\"https:\\\/\\\/produncan.cl\\\/wp-content\\\/uploads\\\/2024\\\/11\\\/Campo-Subdividido-Temuco.webp\",\"width\":600,\"height\":450,\"caption\":\"Champ subdivis\u00e9 Temuco\"},{\"@type\":\"BreadcrumbList\",\"@id\":\"https:\\\/\\\/produncan.cl\\\/fr\\\/produit\\\/terrain-subdivise-temuco-region-araucania\\\/#breadcrumb\",\"itemListElement\":[{\"@type\":\"ListItem\",\"position\":1,\"name\":\"Inicio\",\"item\":\"https:\\\/\\\/produncan.cl\\\/fr\\\/\"},{\"@type\":\"ListItem\",\"position\":2,\"name\":\"Propri\u00e9t\u00e9s\",\"item\":\"https:\\\/\\\/produncan.cl\\\/propiedades\\\/\"},{\"@type\":\"ListItem\",\"position\":3,\"name\":\"Champs\",\"item\":\"https:\\\/\\\/produncan.cl\\\/fr\\\/cat&eacute;gorie\\\/champs\\\/\"},{\"@type\":\"ListItem\",\"position\":4,\"name\":\"Terrain subdivis\u00e9 \u00e0 Temuco &#8211; R\u00e9gion Araucanie\"}]},{\"@type\":\"WebSite\",\"@id\":\"https:\\\/\\\/produncan.cl\\\/fr\\\/#website\",\"url\":\"https:\\\/\\\/produncan.cl\\\/fr\\\/\",\"name\":\"Produncan\",\"description\":\"Nous vous accompagnons dans votre projet de vie !\",\"publisher\":{\"@id\":\"https:\\\/\\\/produncan.cl\\\/fr\\\/#organization\"},\"potentialAction\":[{\"@type\":\"SearchAction\",\"target\":{\"@type\":\"EntryPoint\",\"urlTemplate\":\"https:\\\/\\\/produncan.cl\\\/fr\\\/?s={search_term_string}\"},\"query-input\":{\"@type\":\"PropertyValueSpecification\",\"valueRequired\":true,\"valueName\":\"search_term_string\"}}],\"inLanguage\":\"fr-FR\"},{\"@type\":\"Organization\",\"@id\":\"https:\\\/\\\/produncan.cl\\\/fr\\\/#organization\",\"name\":\"Produncan\",\"url\":\"https:\\\/\\\/produncan.cl\\\/fr\\\/\",\"logo\":{\"@type\":\"ImageObject\",\"inLanguage\":\"fr-FR\",\"@id\":\"https:\\\/\\\/produncan.cl\\\/fr\\\/#\\\/schema\\\/logo\\\/image\\\/\",\"url\":\"https:\\\/\\\/produncan.cl\\\/wp-content\\\/uploads\\\/2021\\\/03\\\/LOGO.jpeg\",\"contentUrl\":\"https:\\\/\\\/produncan.cl\\\/wp-content\\\/uploads\\\/2021\\\/03\\\/LOGO.jpeg\",\"width\":1280,\"height\":903,\"caption\":\"Produncan\"},\"image\":{\"@id\":\"https:\\\/\\\/produncan.cl\\\/fr\\\/#\\\/schema\\\/logo\\\/image\\\/\"},\"sameAs\":[\"https:\\\/\\\/web.facebook.com\\\/produncanland\",\"https:\\\/\\\/www.instagram.com\\\/pro_duncan\\\/\",\"https:\\\/\\\/www.linkedin.com\\\/company\\\/produncan-lands\\\/\",\"https:\\\/\\\/www.youtube.com\\\/channel\\\/UCu7N-f3x0svkazD-Eew1-QQ\"],\"description\":\"En Produncan somos especialistas en la venta de terrenos en el sur de Chile. Proveemos estancias, campos, parcelas y hoteles.\",\"email\":\"info@produncan.cl\"}]}<\/script>\n<meta property=\"og:video\" content=\"https:\/\/www.youtube.com\/embed\/VgaNMKFxZ5c\" \/>\n<meta property=\"og:video:type\" content=\"text\/html\" \/>\n<meta property=\"og:video:duration\" content=\"109\" \/>\n<meta property=\"og:video:width\" content=\"480\" \/>\n<meta property=\"og:video:height\" content=\"270\" \/>\n<meta property=\"ya:ovs:adult\" content=\"false\" \/>\n<meta property=\"ya:ovs:upload_date\" content=\"2024-11-13T13:49:47+00:00\" \/>\n<meta property=\"ya:ovs:allow_embed\" content=\"true\" \/>\n<meta property=\"product:price:amount\" content=\"1570800.00\" \/>\n<meta property=\"product:price:currency\" content=\"USD\" \/>\n<meta property=\"og:availability\" content=\"instock\" \/>\n<meta property=\"product:availability\" content=\"instock\" \/>\n<meta property=\"product:condition\" content=\"new\" \/>\n<!-- \/ Yoast SEO Premium plugin. -->","yoast_head_json":{"title":"Terrain subdivis\u00e9 \u00e0 Temuco - R\u00e9gion Araucanie - Produncan","description":"Terrain \u00e0 Temuco de 93 hectares subdivis\u00e9 en 135 lots approuv\u00e9s par la SAG, avec acc\u00e8s direct par route asphalt\u00e9e et \u00e0 10 minutes de la ville.","robots":{"index":"index","follow":"follow","max-snippet":"max-snippet:-1","max-image-preview":"max-image-preview:large","max-video-preview":"max-video-preview:-1"},"canonical":"https:\/\/produncan.cl\/fr\/produit\/terrain-subdivise-temuco-region-araucania\/","og_locale":"fr_FR","og_type":"article","og_title":"Terrain subdivis\u00e9 \u00e0 Temuco - R\u00e9gion Araucanie","og_description":"Terrain \u00e0 Temuco de 93 hectares subdivis\u00e9 en 135 lots approuv\u00e9s par la SAG, avec acc\u00e8s direct par route asphalt\u00e9e et \u00e0 10 minutes de la ville.","og_url":"https:\/\/produncan.cl\/fr\/produit\/terrain-subdivise-temuco-region-araucania\/","og_site_name":"Produncan","article_publisher":"https:\/\/web.facebook.com\/produncanland","article_modified_time":"2025-11-24T16:52:51+00:00","og_image":[{"url":"https:\/\/produncan.cl\/wp-content\/uploads\/2024\/11\/Campo-Subdividido-Temuco.webp","type":"","width":"","height":""}],"twitter_card":"summary_large_image","twitter_misc":{"Price":"USD1.570.800,00","Availability":"In stock"},"schema":{"@context":"https:\/\/schema.org","@graph":[{"@type":"WebPage","@id":"https:\/\/produncan.cl\/fr\/produit\/terrain-subdivise-temuco-region-araucania\/","url":"https:\/\/produncan.cl\/fr\/produit\/terrain-subdivise-temuco-region-araucania\/","name":"Terrain subdivis\u00e9 \u00e0 Temuco - R\u00e9gion Araucanie - Produncan","isPartOf":{"@id":"https:\/\/produncan.cl\/fr\/#website"},"primaryImageOfPage":{"@id":"https:\/\/produncan.cl\/fr\/produit\/terrain-subdivise-temuco-region-araucania\/#primaryimage"},"image":{"@id":"https:\/\/produncan.cl\/fr\/produit\/terrain-subdivise-temuco-region-araucania\/#primaryimage"},"thumbnailUrl":"https:\/\/produncan.cl\/wp-content\/uploads\/2024\/11\/Campo-Subdividido-Temuco.webp","datePublished":"2024-11-13T13:49:47+00:00","dateModified":"2025-11-24T16:52:51+00:00","description":"Terrain \u00e0 Temuco de 93 hectares subdivis\u00e9 en 135 lots approuv\u00e9s par la SAG, avec acc\u00e8s direct par route asphalt\u00e9e et \u00e0 10 minutes de la ville.","breadcrumb":{"@id":"https:\/\/produncan.cl\/fr\/produit\/terrain-subdivise-temuco-region-araucania\/#breadcrumb"},"inLanguage":"fr-FR","potentialAction":[{"@type":"ReadAction","target":["https:\/\/produncan.cl\/fr\/produit\/terrain-subdivise-temuco-region-araucania\/"]}]},{"@type":"ImageObject","inLanguage":"fr-FR","@id":"https:\/\/produncan.cl\/fr\/produit\/terrain-subdivise-temuco-region-araucania\/#primaryimage","url":"https:\/\/produncan.cl\/wp-content\/uploads\/2024\/11\/Campo-Subdividido-Temuco.webp","contentUrl":"https:\/\/produncan.cl\/wp-content\/uploads\/2024\/11\/Campo-Subdividido-Temuco.webp","width":600,"height":450,"caption":"Champ subdivis\u00e9 Temuco"},{"@type":"BreadcrumbList","@id":"https:\/\/produncan.cl\/fr\/produit\/terrain-subdivise-temuco-region-araucania\/#breadcrumb","itemListElement":[{"@type":"ListItem","position":1,"name":"Inicio","item":"https:\/\/produncan.cl\/fr\/"},{"@type":"ListItem","position":2,"name":"Propri\u00e9t\u00e9s","item":"https:\/\/produncan.cl\/propiedades\/"},{"@type":"ListItem","position":3,"name":"Champs","item":"https:\/\/produncan.cl\/fr\/cat&eacute;gorie\/champs\/"},{"@type":"ListItem","position":4,"name":"Terrain subdivis\u00e9 \u00e0 Temuco &#8211; R\u00e9gion Araucanie"}]},{"@type":"WebSite","@id":"https:\/\/produncan.cl\/fr\/#website","url":"https:\/\/produncan.cl\/fr\/","name":"Produncan","description":"Nous vous accompagnons dans votre projet de vie !","publisher":{"@id":"https:\/\/produncan.cl\/fr\/#organization"},"potentialAction":[{"@type":"SearchAction","target":{"@type":"EntryPoint","urlTemplate":"https:\/\/produncan.cl\/fr\/?s={search_term_string}"},"query-input":{"@type":"PropertyValueSpecification","valueRequired":true,"valueName":"search_term_string"}}],"inLanguage":"fr-FR"},{"@type":"Organization","@id":"https:\/\/produncan.cl\/fr\/#organization","name":"Produncan","url":"https:\/\/produncan.cl\/fr\/","logo":{"@type":"ImageObject","inLanguage":"fr-FR","@id":"https:\/\/produncan.cl\/fr\/#\/schema\/logo\/image\/","url":"https:\/\/produncan.cl\/wp-content\/uploads\/2021\/03\/LOGO.jpeg","contentUrl":"https:\/\/produncan.cl\/wp-content\/uploads\/2021\/03\/LOGO.jpeg","width":1280,"height":903,"caption":"Produncan"},"image":{"@id":"https:\/\/produncan.cl\/fr\/#\/schema\/logo\/image\/"},"sameAs":["https:\/\/web.facebook.com\/produncanland","https:\/\/www.instagram.com\/pro_duncan\/","https:\/\/www.linkedin.com\/company\/produncan-lands\/","https:\/\/www.youtube.com\/channel\/UCu7N-f3x0svkazD-Eew1-QQ"],"description":"En Produncan somos especialistas en la venta de terrenos en el sur de Chile. Proveemos estancias, campos, parcelas y hoteles.","email":"info@produncan.cl"}]},"og_video":"https:\/\/www.youtube.com\/embed\/VgaNMKFxZ5c","og_video_type":"text\/html","og_video_duration":"109","og_video_width":"480","og_video_height":"270","ya_ovs_adult":"false","ya_ovs_upload_date":"2024-11-13T13:49:47+00:00","ya_ovs_allow_embed":"true","product_price_amount":"1570800.00","product_price_currency":"USD","og_availability":"instock","product_availability":"instock","product_condition":"new"},"_links":{"self":[{"href":"https:\/\/produncan.cl\/fr\/wp-json\/wp\/v2\/product\/36600","targetHints":{"allow":["GET"]}}],"collection":[{"href":"https:\/\/produncan.cl\/fr\/wp-json\/wp\/v2\/product"}],"about":[{"href":"https:\/\/produncan.cl\/fr\/wp-json\/wp\/v2\/types\/product"}],"version-history":[{"count":2,"href":"https:\/\/produncan.cl\/fr\/wp-json\/wp\/v2\/product\/36600\/revisions"}],"predecessor-version":[{"id":52415,"href":"https:\/\/produncan.cl\/fr\/wp-json\/wp\/v2\/product\/36600\/revisions\/52415"}],"wp:featuredmedia":[{"embeddable":true,"href":"https:\/\/produncan.cl\/fr\/wp-json\/wp\/v2\/media\/35862"}],"wp:attachment":[{"href":"https:\/\/produncan.cl\/fr\/wp-json\/wp\/v2\/media?parent=36600"}],"wp:term":[{"taxonomy":"product_brand","embeddable":true,"href":"https:\/\/produncan.cl\/fr\/wp-json\/wp\/v2\/product_brand?post=36600"},{"taxonomy":"product_cat","embeddable":true,"href":"https:\/\/produncan.cl\/fr\/wp-json\/wp\/v2\/product_cat?post=36600"},{"taxonomy":"product_tag","embeddable":true,"href":"https:\/\/produncan.cl\/fr\/wp-json\/wp\/v2\/product_tag?post=36600"},{"taxonomy":"regiones","embeddable":true,"href":"https:\/\/produncan.cl\/fr\/wp-json\/wp\/v2\/regiones?post=36600"},{"taxonomy":"ciudades","embeddable":true,"href":"https:\/\/produncan.cl\/fr\/wp-json\/wp\/v2\/ciudades?post=36600"}],"curies":[{"name":"wp","href":"https:\/\/api.w.org\/{rel}","templated":true}]}}