{"id":36602,"date":"2024-11-14T16:08:23","date_gmt":"2024-11-14T19:08:23","guid":{"rendered":"https:\/\/produncan.cl\/producto\/maison-saltos-del-molco-lac-de-villarrica-region-araucania\/"},"modified":"2026-03-12T13:00:53","modified_gmt":"2026-03-12T16:00:53","slug":"maison-saltos-del-molco-lac-de-villarrica-region-araucania","status":"publish","type":"product","link":"https:\/\/produncan.cl\/fr\/produit\/maison-saltos-del-molco-lac-de-villarrica-region-araucania\/","title":{"rendered":"Maison Saltos del Molco &#8211; Lac de Villarrica &#8211; R\u00e9gion Araucan\u00eda"},"content":{"rendered":"\t\t<div data-elementor-type=\"product-post\" data-elementor-id=\"36602\" class=\"elementor elementor-36602 elementor-35944\" data-elementor-post-type=\"product\">\n\t\t\t\t<div class=\"elementor-element elementor-element-849298c e-flex e-con-boxed e-con e-parent\" data-id=\"849298c\" data-element_type=\"container\" data-e-type=\"container\" data-settings=\"{&quot;jet_parallax_layout_list&quot;:[]}\">\n\t\t\t\t\t<div class=\"e-con-inner\">\n\t\t\t\t<div class=\"elementor-element elementor-element-c4637ba elementor-widget elementor-widget-heading\" data-id=\"c4637ba\" data-element_type=\"widget\" data-e-type=\"widget\" data-widget_type=\"heading.default\">\n\t\t\t\t\t<h2 class=\"elementor-heading-title elementor-size-default\">Venez vivre dans ce spectaculaire condominium avec plage sur le lac Villarrica.<\/h2>\t\t\t\t<\/div>\n\t\t\t\t\t<\/div>\n\t\t\t\t<\/div>\n\t\t<div class=\"elementor-element elementor-element-aae8513 e-flex e-con-boxed e-con e-parent\" data-id=\"aae8513\" data-element_type=\"container\" data-e-type=\"container\" data-settings=\"{&quot;jet_parallax_layout_list&quot;:[]}\">\n\t\t\t\t\t<div class=\"e-con-inner\">\n\t\t\t\t<div class=\"elementor-element elementor-element-dc878d0 elementor-widget elementor-widget-text-editor\" data-id=\"dc878d0\" data-element_type=\"widget\" data-e-type=\"widget\" data-widget_type=\"text-editor.default\">\n\t\t\t\t\t\t\t\t\t<p><span style=\"color: var( --e-global-color-text ); font-family: var( --e-global-typography-text-font-family ), Sans-serif; font-weight: var( --e-global-typography-text-font-weight ); text-align: var(--text-align); font-size: 1rem;\">D\u00e9couvrez le v\u00e9ritable plaisir de vivre dans un condominium unique sur les rives du lac Villarrica, entre Villarrica et Puc\u00f3n. Cet espace offre une exp\u00e9rience in\u00e9gal\u00e9e de luxe et de confort au milieu d&#8217;un environnement naturel spectaculaire, pour seulement 6 300 UF. Cet espace offre une exp\u00e9rience in\u00e9gal\u00e9e de luxe et de confort au milieu d&#8217;un environnement naturel spectaculaire, pour seulement 6 300 UF. \u00c0 quelques minutes de l&#8217;h\u00f4tel Parklake, cette communaut\u00e9 priv\u00e9e dispose de tous les services et de toutes les commodit\u00e9s que vous pourriez souhaiter.  <\/span><\/p>\n<p><strong>Services et espaces communs de premi\u00e8re classe<\/strong><\/p>\n<p>Ce condominium exclusif offre une vari\u00e9t\u00e9 d&#8217; installations pour que vous puissiez profiter pleinement de chaque instant. Sa plage priv\u00e9e, surveill\u00e9e par des ma\u00eetres-nageurs , garantit le plaisir et la tranquillit\u00e9 dans l &#8216;eau, tandis que son port de plaisance exclusif offre des possibilit\u00e9s de sports nautiques et de navigation de plaisance. En outre, les aires de loisirs comprennent des terrains de volley-ball, de football, de basket-ball et de tennis, des terrains de jeux, des sentiers bois\u00e9s et un magnifique ruisseau qui vous invite \u00e0 vous rapprocher de la nature. La s\u00e9curit\u00e9 est une priorit\u00e9, avec un acc\u00e8s contr\u00f4l\u00e9 et une surveillance 24 heures sur 24, 7 jours sur 7, pour une tranquillit\u00e9 d&#8217;esprit maximale pour vous et vos proches.   <\/p>\n<p><strong>Situation strat\u00e9gique et connectivit\u00e9<\/strong><\/p>\n<p>B\u00e9n\u00e9ficiant d&#8217;une situation privil\u00e9gi\u00e9e, \u00e0 seulement 14 minutes de Puc\u00f3n et 16 minutes de Villarrica, ce condominium offre un acc\u00e8s facile aux transports publics, une excellente couverture t\u00e9l\u00e9phonique et la proximit\u00e9 de sites touristiques renomm\u00e9s tels que les parcs nationaux de Huerquehue et de Villarrica, les sources thermales et le centre de ski du volcan Villarrica. \u00c0 une heure de l&#8217;a\u00e9roport, c&#8217;est l&#8217;endroit id\u00e9al pour ceux qui recherchent une retraite naturelle sans sacrifier l&#8217;accessibilit\u00e9. <\/p>\n<p><strong>Caract\u00e9ristiques de la Casa en Saltos del Molco<\/strong><\/p>\n<p>Sur un terrain de 450 m\u00b2, ces deux cabanes mitoyennes, pr\u00eates \u00e0 vivre et enti\u00e8rement meubl\u00e9es, sont con\u00e7ues pour un maximum de confort dans une construction en pin d&#8217;Oregon orient\u00e9e au nord, avec des terrasses qui invitent \u00e0 profiter du paysage. D&#8217;une surface habitable de 120 m\u00b2, chaque chalet allie fonctionnalit\u00e9 et style dans un environnement chaleureux. <\/p>\n<ul>\n<li><strong>Cabine 1<\/strong> (60 m\u00b2) : r\u00e9partie sur deux niveaux, elle dispose d&#8217;une chambre principale avec salle de bains privative et d&#8217;une deuxi\u00e8me chambre avec deux lits superpos\u00e9s et salle de bains privative.<\/li>\n<li><strong>Cabine 2<\/strong> (60 m\u00b2) : comprend trois chambres (une double et deux avec des lits superpos\u00e9s et un lit suppl\u00e9mentaire), et deux salles de bains (une avec baignoire et une avec douche).<\/li>\n<li><strong>Ext\u00e9rieur et espaces suppl\u00e9mentaires<\/strong>: Les deux chalets disposent de grandes terrasses (21 m\u00b2 et 30 m\u00b2), de quatre places de parking au total, d&#8217;un espace barbecue dans l&#8217;un des chalets et d&#8217;un espace buanderie dans chacun d&#8217;entre eux.<\/li>\n<\/ul>\n<div>&nbsp;<\/div>\n<p><strong>Services et connexion<\/strong><\/p>\n<p>La propri\u00e9t\u00e9 dispose d&#8217;une eau potable trait\u00e9e, d&#8217;une \u00e9lectricit\u00e9 monophas\u00e9e et d&#8217;une connexion \u00e0 haut d\u00e9bit par fibre optique de Telsur, id\u00e9al pour ceux qui souhaitent maintenir la connexion tout en profitant d&#8217; un environnement naturel.<\/p>\n<p><strong>Opportunit\u00e9 d&#8217; investissement<\/strong><\/p>\n<p>Il s&#8217;agit d&#8217;une occasion unique d&#8217;investir dans une propri\u00e9t\u00e9 situ\u00e9e dans l&#8217;un des endroits les plus privil\u00e9gi\u00e9s de La Araucan\u00eda. dans l &#8216;un des endroits les plus privil\u00e9gi\u00e9s de La Araucan\u00eda. Les cabines enti\u00e8rement \u00e9quip\u00e9es et l &#8216; acc\u00e8s direct \u00e0 toutes les installations exclusives de la copropri\u00e9t\u00e9 font de cet achat un choix in\u00e9gal\u00e9. Les installations exclusives de la copropri\u00e9t\u00e9 font de cet achat un choix in\u00e9gal\u00e9. <\/p>\n<p>Contactez-nous et commencez \u00e0 vivre le r\u00eave d&#8217;un style de vie incomparable dans le meilleur emplacement. dans le meilleur emplacement du lac Villarrica!<\/p>\n\t\t\t\t\t\t\t\t<\/div>\n\t\t\t\t\t<\/div>\n\t\t\t\t<\/div>\n\t\t\t\t<\/div>\n\t\t","protected":false},"excerpt":{"rendered":"<p>Cabanes \u00e0 Villarrica. 120 m\u00b2 utiles sur un terrain de 450 m\u00b2 au sein du projet Saltos de Molco. Le projet jouxte le lac Villarrica. Il dispose d&#8217;une marina, d&#8217;un restaurant, d&#8217;un terrain multisports, de parcs naturels, entre autres.   <\/p>\n","protected":false},"featured_media":35950,"template":"","meta":{"_acf_changed":false},"product_brand":[],"product_cat":[113],"product_tag":[442],"regiones":[226],"ciudades":[221],"class_list":{"0":"post-36602","1":"product","2":"type-product","3":"status-publish","4":"has-post-thumbnail","6":"product_cat-ohiggins-los-lagos-fr","7":"product_tag-proprietes-urbaines","8":"regiones-nuble-los_lagos","9":"ciudades-villarrica","11":"first","12":"instock","13":"shipping-taxable","14":"purchasable","15":"product-type-simple"},"acf":[],"yoast_head":"<!-- This site is optimized with the Yoast SEO Premium plugin v26.0 (Yoast SEO v27.3) - https:\/\/yoast.com\/product\/yoast-seo-premium-wordpress\/ -->\n<title>Maison Saltos del Molco - Lac de Villarrica - R\u00e9gion Araucan\u00eda - Produncan<\/title>\n<meta name=\"description\" content=\"2 cabanes mitoyennes de 120m\u00b2 de surface utile sur un terrain de 450m\u00b2 dans le cadre du projet Saltos de Molco ; il est adjacent au lac Villarrica, dispose d&#039;un port de plaisance, d&#039;un restaurant, d&#039;un terrain polyvalent, d&#039;un parc naturel, entre autres.\" \/>\n<meta name=\"robots\" content=\"index, follow, max-snippet:-1, max-image-preview:large, max-video-preview:-1\" \/>\n<link rel=\"canonical\" href=\"https:\/\/produncan.cl\/fr\/produit\/maison-saltos-del-molco-lac-de-villarrica-region-araucania\/\" \/>\n<meta property=\"og:locale\" content=\"fr_FR\" \/>\n<meta property=\"og:type\" content=\"article\" \/>\n<meta property=\"og:title\" content=\"Maison Saltos del Molco - Lac de Villarrica - R\u00e9gion Araucan\u00eda\" \/>\n<meta property=\"og:description\" content=\"2 cabanes mitoyennes de 120m\u00b2 de surface utile sur un terrain de 450m\u00b2 dans le cadre du projet Saltos de Molco ; il est adjacent au lac Villarrica, dispose d&#039;un port de plaisance, d&#039;un restaurant, d&#039;un terrain polyvalent, d&#039;un parc naturel, entre autres.\" \/>\n<meta property=\"og:url\" content=\"https:\/\/produncan.cl\/fr\/produit\/maison-saltos-del-molco-lac-de-villarrica-region-araucania\/\" \/>\n<meta property=\"og:site_name\" content=\"Produncan\" \/>\n<meta property=\"article:publisher\" content=\"https:\/\/web.facebook.com\/produncanland\" \/>\n<meta property=\"article:modified_time\" content=\"2026-03-12T16:00:53+00:00\" \/>\n<meta property=\"og:image\" content=\"https:\/\/produncan.cl\/wp-content\/uploads\/2024\/11\/Casa-Saltos-del-Molco.webp\" \/>\n<meta name=\"twitter:card\" content=\"summary_large_image\" \/>\n<meta name=\"twitter:label1\" content=\"Price\" \/>\n\t<meta name=\"twitter:data1\" content=\"USD271.800,00\" \/>\n\t<meta name=\"twitter:label2\" content=\"Availability\" \/>\n\t<meta name=\"twitter:data2\" content=\"In stock\" \/>\n<script type=\"application\/ld+json\" class=\"yoast-schema-graph\">{\"@context\":\"https:\\\/\\\/schema.org\",\"@graph\":[{\"@type\":\"WebPage\",\"@id\":\"https:\\\/\\\/produncan.cl\\\/fr\\\/produit\\\/maison-saltos-del-molco-lac-de-villarrica-region-araucania\\\/\",\"url\":\"https:\\\/\\\/produncan.cl\\\/fr\\\/produit\\\/maison-saltos-del-molco-lac-de-villarrica-region-araucania\\\/\",\"name\":\"Maison Saltos del Molco - Lac de Villarrica - R\u00e9gion Araucan\u00eda - Produncan\",\"isPartOf\":{\"@id\":\"https:\\\/\\\/produncan.cl\\\/fr\\\/#website\"},\"primaryImageOfPage\":{\"@id\":\"https:\\\/\\\/produncan.cl\\\/fr\\\/produit\\\/maison-saltos-del-molco-lac-de-villarrica-region-araucania\\\/#primaryimage\"},\"image\":{\"@id\":\"https:\\\/\\\/produncan.cl\\\/fr\\\/produit\\\/maison-saltos-del-molco-lac-de-villarrica-region-araucania\\\/#primaryimage\"},\"thumbnailUrl\":\"https:\\\/\\\/produncan.cl\\\/wp-content\\\/uploads\\\/2024\\\/11\\\/Casa-Saltos-del-Molco.webp\",\"datePublished\":\"2024-11-14T19:08:23+00:00\",\"dateModified\":\"2026-03-12T16:00:53+00:00\",\"description\":\"2 cabanes mitoyennes de 120m\u00b2 de surface utile sur un terrain de 450m\u00b2 dans le cadre du projet Saltos de Molco ; il est adjacent au lac Villarrica, dispose d'un port de plaisance, d'un restaurant, d'un terrain polyvalent, d'un parc naturel, entre autres.\",\"breadcrumb\":{\"@id\":\"https:\\\/\\\/produncan.cl\\\/fr\\\/produit\\\/maison-saltos-del-molco-lac-de-villarrica-region-araucania\\\/#breadcrumb\"},\"inLanguage\":\"fr-FR\",\"potentialAction\":[{\"@type\":\"ReadAction\",\"target\":[\"https:\\\/\\\/produncan.cl\\\/fr\\\/produit\\\/maison-saltos-del-molco-lac-de-villarrica-region-araucania\\\/\"]}]},{\"@type\":\"ImageObject\",\"inLanguage\":\"fr-FR\",\"@id\":\"https:\\\/\\\/produncan.cl\\\/fr\\\/produit\\\/maison-saltos-del-molco-lac-de-villarrica-region-araucania\\\/#primaryimage\",\"url\":\"https:\\\/\\\/produncan.cl\\\/wp-content\\\/uploads\\\/2024\\\/11\\\/Casa-Saltos-del-Molco.webp\",\"contentUrl\":\"https:\\\/\\\/produncan.cl\\\/wp-content\\\/uploads\\\/2024\\\/11\\\/Casa-Saltos-del-Molco.webp\",\"width\":600,\"height\":450,\"caption\":\"Casa Saltos del Molco\"},{\"@type\":\"BreadcrumbList\",\"@id\":\"https:\\\/\\\/produncan.cl\\\/fr\\\/produit\\\/maison-saltos-del-molco-lac-de-villarrica-region-araucania\\\/#breadcrumb\",\"itemListElement\":[{\"@type\":\"ListItem\",\"position\":1,\"name\":\"Inicio\",\"item\":\"https:\\\/\\\/produncan.cl\\\/fr\\\/\"},{\"@type\":\"ListItem\",\"position\":2,\"name\":\"Propri\u00e9t\u00e9s\",\"item\":\"https:\\\/\\\/produncan.cl\\\/propiedades\\\/\"},{\"@type\":\"ListItem\",\"position\":3,\"name\":\"Propri\u00e9t\u00e9s urbaines\",\"item\":\"https:\\\/\\\/produncan.cl\\\/fr\\\/cat&eacute;gorie\\\/proprietes-urbaines\\\/\"},{\"@type\":\"ListItem\",\"position\":4,\"name\":\"Maison Saltos del Molco &#8211; Lac de Villarrica &#8211; R\u00e9gion Araucan\u00eda\"}]},{\"@type\":\"WebSite\",\"@id\":\"https:\\\/\\\/produncan.cl\\\/fr\\\/#website\",\"url\":\"https:\\\/\\\/produncan.cl\\\/fr\\\/\",\"name\":\"Produncan\",\"description\":\"Nous vous accompagnons dans votre projet de vie !\",\"publisher\":{\"@id\":\"https:\\\/\\\/produncan.cl\\\/fr\\\/#organization\"},\"potentialAction\":[{\"@type\":\"SearchAction\",\"target\":{\"@type\":\"EntryPoint\",\"urlTemplate\":\"https:\\\/\\\/produncan.cl\\\/fr\\\/?s={search_term_string}\"},\"query-input\":{\"@type\":\"PropertyValueSpecification\",\"valueRequired\":true,\"valueName\":\"search_term_string\"}}],\"inLanguage\":\"fr-FR\"},{\"@type\":\"Organization\",\"@id\":\"https:\\\/\\\/produncan.cl\\\/fr\\\/#organization\",\"name\":\"Produncan\",\"url\":\"https:\\\/\\\/produncan.cl\\\/fr\\\/\",\"logo\":{\"@type\":\"ImageObject\",\"inLanguage\":\"fr-FR\",\"@id\":\"https:\\\/\\\/produncan.cl\\\/fr\\\/#\\\/schema\\\/logo\\\/image\\\/\",\"url\":\"https:\\\/\\\/produncan.cl\\\/wp-content\\\/uploads\\\/2021\\\/03\\\/LOGO.jpeg\",\"contentUrl\":\"https:\\\/\\\/produncan.cl\\\/wp-content\\\/uploads\\\/2021\\\/03\\\/LOGO.jpeg\",\"width\":1280,\"height\":903,\"caption\":\"Produncan\"},\"image\":{\"@id\":\"https:\\\/\\\/produncan.cl\\\/fr\\\/#\\\/schema\\\/logo\\\/image\\\/\"},\"sameAs\":[\"https:\\\/\\\/web.facebook.com\\\/produncanland\",\"https:\\\/\\\/www.instagram.com\\\/pro_duncan\\\/\",\"https:\\\/\\\/www.linkedin.com\\\/company\\\/produncan-lands\\\/\",\"https:\\\/\\\/www.youtube.com\\\/channel\\\/UCu7N-f3x0svkazD-Eew1-QQ\"],\"description\":\"En Produncan somos especialistas en la venta de terrenos en el sur de Chile. Proveemos estancias, campos, parcelas y hoteles.\",\"email\":\"info@produncan.cl\"}]}<\/script>\n<meta property=\"og:video\" content=\"https:\/\/www.youtube.com\/embed\/vIh4C3u35dw\" \/>\n<meta property=\"og:video:type\" content=\"text\/html\" \/>\n<meta property=\"og:video:duration\" content=\"102\" \/>\n<meta property=\"og:video:width\" content=\"480\" \/>\n<meta property=\"og:video:height\" content=\"270\" \/>\n<meta property=\"ya:ovs:adult\" content=\"false\" \/>\n<meta property=\"ya:ovs:upload_date\" content=\"2024-11-14T19:08:23+00:00\" \/>\n<meta property=\"ya:ovs:allow_embed\" content=\"true\" \/>\n<meta property=\"product:price:amount\" content=\"271800.00\" \/>\n<meta property=\"product:price:currency\" content=\"USD\" \/>\n<meta property=\"og:availability\" content=\"instock\" \/>\n<meta property=\"product:availability\" content=\"instock\" \/>\n<meta property=\"product:condition\" content=\"new\" \/>\n<!-- \/ Yoast SEO Premium plugin. -->","yoast_head_json":{"title":"Maison Saltos del Molco - Lac de Villarrica - R\u00e9gion Araucan\u00eda - Produncan","description":"2 cabanes mitoyennes de 120m\u00b2 de surface utile sur un terrain de 450m\u00b2 dans le cadre du projet Saltos de Molco ; il est adjacent au lac Villarrica, dispose d'un port de plaisance, d'un restaurant, d'un terrain polyvalent, d'un parc naturel, entre autres.","robots":{"index":"index","follow":"follow","max-snippet":"max-snippet:-1","max-image-preview":"max-image-preview:large","max-video-preview":"max-video-preview:-1"},"canonical":"https:\/\/produncan.cl\/fr\/produit\/maison-saltos-del-molco-lac-de-villarrica-region-araucania\/","og_locale":"fr_FR","og_type":"article","og_title":"Maison Saltos del Molco - Lac de Villarrica - R\u00e9gion Araucan\u00eda","og_description":"2 cabanes mitoyennes de 120m\u00b2 de surface utile sur un terrain de 450m\u00b2 dans le cadre du projet Saltos de Molco ; il est adjacent au lac Villarrica, dispose d'un port de plaisance, d'un restaurant, d'un terrain polyvalent, d'un parc naturel, entre autres.","og_url":"https:\/\/produncan.cl\/fr\/produit\/maison-saltos-del-molco-lac-de-villarrica-region-araucania\/","og_site_name":"Produncan","article_publisher":"https:\/\/web.facebook.com\/produncanland","article_modified_time":"2026-03-12T16:00:53+00:00","og_image":[{"url":"https:\/\/produncan.cl\/wp-content\/uploads\/2024\/11\/Casa-Saltos-del-Molco.webp","type":"","width":"","height":""}],"twitter_card":"summary_large_image","twitter_misc":{"Price":"USD271.800,00","Availability":"In stock"},"schema":{"@context":"https:\/\/schema.org","@graph":[{"@type":"WebPage","@id":"https:\/\/produncan.cl\/fr\/produit\/maison-saltos-del-molco-lac-de-villarrica-region-araucania\/","url":"https:\/\/produncan.cl\/fr\/produit\/maison-saltos-del-molco-lac-de-villarrica-region-araucania\/","name":"Maison Saltos del Molco - Lac de Villarrica - R\u00e9gion Araucan\u00eda - Produncan","isPartOf":{"@id":"https:\/\/produncan.cl\/fr\/#website"},"primaryImageOfPage":{"@id":"https:\/\/produncan.cl\/fr\/produit\/maison-saltos-del-molco-lac-de-villarrica-region-araucania\/#primaryimage"},"image":{"@id":"https:\/\/produncan.cl\/fr\/produit\/maison-saltos-del-molco-lac-de-villarrica-region-araucania\/#primaryimage"},"thumbnailUrl":"https:\/\/produncan.cl\/wp-content\/uploads\/2024\/11\/Casa-Saltos-del-Molco.webp","datePublished":"2024-11-14T19:08:23+00:00","dateModified":"2026-03-12T16:00:53+00:00","description":"2 cabanes mitoyennes de 120m\u00b2 de surface utile sur un terrain de 450m\u00b2 dans le cadre du projet Saltos de Molco ; il est adjacent au lac Villarrica, dispose d'un port de plaisance, d'un restaurant, d'un terrain polyvalent, d'un parc naturel, entre autres.","breadcrumb":{"@id":"https:\/\/produncan.cl\/fr\/produit\/maison-saltos-del-molco-lac-de-villarrica-region-araucania\/#breadcrumb"},"inLanguage":"fr-FR","potentialAction":[{"@type":"ReadAction","target":["https:\/\/produncan.cl\/fr\/produit\/maison-saltos-del-molco-lac-de-villarrica-region-araucania\/"]}]},{"@type":"ImageObject","inLanguage":"fr-FR","@id":"https:\/\/produncan.cl\/fr\/produit\/maison-saltos-del-molco-lac-de-villarrica-region-araucania\/#primaryimage","url":"https:\/\/produncan.cl\/wp-content\/uploads\/2024\/11\/Casa-Saltos-del-Molco.webp","contentUrl":"https:\/\/produncan.cl\/wp-content\/uploads\/2024\/11\/Casa-Saltos-del-Molco.webp","width":600,"height":450,"caption":"Casa Saltos del Molco"},{"@type":"BreadcrumbList","@id":"https:\/\/produncan.cl\/fr\/produit\/maison-saltos-del-molco-lac-de-villarrica-region-araucania\/#breadcrumb","itemListElement":[{"@type":"ListItem","position":1,"name":"Inicio","item":"https:\/\/produncan.cl\/fr\/"},{"@type":"ListItem","position":2,"name":"Propri\u00e9t\u00e9s","item":"https:\/\/produncan.cl\/propiedades\/"},{"@type":"ListItem","position":3,"name":"Propri\u00e9t\u00e9s urbaines","item":"https:\/\/produncan.cl\/fr\/cat&eacute;gorie\/proprietes-urbaines\/"},{"@type":"ListItem","position":4,"name":"Maison Saltos del Molco &#8211; Lac de Villarrica &#8211; R\u00e9gion Araucan\u00eda"}]},{"@type":"WebSite","@id":"https:\/\/produncan.cl\/fr\/#website","url":"https:\/\/produncan.cl\/fr\/","name":"Produncan","description":"Nous vous accompagnons dans votre projet de vie !","publisher":{"@id":"https:\/\/produncan.cl\/fr\/#organization"},"potentialAction":[{"@type":"SearchAction","target":{"@type":"EntryPoint","urlTemplate":"https:\/\/produncan.cl\/fr\/?s={search_term_string}"},"query-input":{"@type":"PropertyValueSpecification","valueRequired":true,"valueName":"search_term_string"}}],"inLanguage":"fr-FR"},{"@type":"Organization","@id":"https:\/\/produncan.cl\/fr\/#organization","name":"Produncan","url":"https:\/\/produncan.cl\/fr\/","logo":{"@type":"ImageObject","inLanguage":"fr-FR","@id":"https:\/\/produncan.cl\/fr\/#\/schema\/logo\/image\/","url":"https:\/\/produncan.cl\/wp-content\/uploads\/2021\/03\/LOGO.jpeg","contentUrl":"https:\/\/produncan.cl\/wp-content\/uploads\/2021\/03\/LOGO.jpeg","width":1280,"height":903,"caption":"Produncan"},"image":{"@id":"https:\/\/produncan.cl\/fr\/#\/schema\/logo\/image\/"},"sameAs":["https:\/\/web.facebook.com\/produncanland","https:\/\/www.instagram.com\/pro_duncan\/","https:\/\/www.linkedin.com\/company\/produncan-lands\/","https:\/\/www.youtube.com\/channel\/UCu7N-f3x0svkazD-Eew1-QQ"],"description":"En Produncan somos especialistas en la venta de terrenos en el sur de Chile. Proveemos estancias, campos, parcelas y hoteles.","email":"info@produncan.cl"}]},"og_video":"https:\/\/www.youtube.com\/embed\/vIh4C3u35dw","og_video_type":"text\/html","og_video_duration":"102","og_video_width":"480","og_video_height":"270","ya_ovs_adult":"false","ya_ovs_upload_date":"2024-11-14T19:08:23+00:00","ya_ovs_allow_embed":"true","product_price_amount":"271800.00","product_price_currency":"USD","og_availability":"instock","product_availability":"instock","product_condition":"new"},"_links":{"self":[{"href":"https:\/\/produncan.cl\/fr\/wp-json\/wp\/v2\/product\/36602","targetHints":{"allow":["GET"]}}],"collection":[{"href":"https:\/\/produncan.cl\/fr\/wp-json\/wp\/v2\/product"}],"about":[{"href":"https:\/\/produncan.cl\/fr\/wp-json\/wp\/v2\/types\/product"}],"version-history":[{"count":1,"href":"https:\/\/produncan.cl\/fr\/wp-json\/wp\/v2\/product\/36602\/revisions"}],"predecessor-version":[{"id":52408,"href":"https:\/\/produncan.cl\/fr\/wp-json\/wp\/v2\/product\/36602\/revisions\/52408"}],"wp:featuredmedia":[{"embeddable":true,"href":"https:\/\/produncan.cl\/fr\/wp-json\/wp\/v2\/media\/35950"}],"wp:attachment":[{"href":"https:\/\/produncan.cl\/fr\/wp-json\/wp\/v2\/media?parent=36602"}],"wp:term":[{"taxonomy":"product_brand","embeddable":true,"href":"https:\/\/produncan.cl\/fr\/wp-json\/wp\/v2\/product_brand?post=36602"},{"taxonomy":"product_cat","embeddable":true,"href":"https:\/\/produncan.cl\/fr\/wp-json\/wp\/v2\/product_cat?post=36602"},{"taxonomy":"product_tag","embeddable":true,"href":"https:\/\/produncan.cl\/fr\/wp-json\/wp\/v2\/product_tag?post=36602"},{"taxonomy":"regiones","embeddable":true,"href":"https:\/\/produncan.cl\/fr\/wp-json\/wp\/v2\/regiones?post=36602"},{"taxonomy":"ciudades","embeddable":true,"href":"https:\/\/produncan.cl\/fr\/wp-json\/wp\/v2\/ciudades?post=36602"}],"curies":[{"name":"wp","href":"https:\/\/api.w.org\/{rel}","templated":true}]}}