{"id":36606,"date":"2024-12-04T11:37:08","date_gmt":"2024-12-04T14:37:08","guid":{"rendered":"https:\/\/produncan.cl\/producto\/parcela-ahinco-pargua-region-de-los-lagos\/"},"modified":"2025-08-18T17:14:59","modified_gmt":"2025-08-18T21:14:59","slug":"parcela-ahinco-pargua-region-de-los-lagos","status":"publish","type":"product","link":"https:\/\/produncan.cl\/fr\/produit\/parcela-ahinco-pargua-region-de-los-lagos\/","title":{"rendered":"Terrain \u00e0 Pargua, Ahinco &#8211; Puerto Montt &#8211; Lake District"},"content":{"rendered":"\t\t<div data-elementor-type=\"product-post\" data-elementor-id=\"36606\" class=\"elementor elementor-36606 elementor-36461\" data-elementor-post-type=\"product\">\n\t\t\t\t<div class=\"elementor-element elementor-element-a375014 e-flex e-con-boxed e-con e-parent\" data-id=\"a375014\" data-element_type=\"container\" data-e-type=\"container\" data-settings=\"{&quot;jet_parallax_layout_list&quot;:[]}\">\n\t\t\t\t\t<div class=\"e-con-inner\">\n\t\t\t\t<div class=\"elementor-element elementor-element-44e37c1 elementor-widget elementor-widget-heading\" data-id=\"44e37c1\" data-element_type=\"widget\" data-e-type=\"widget\" data-widget_type=\"heading.default\">\n\t\t\t\t\t<h2 class=\"elementor-heading-title elementor-size-default\">Votre espace id\u00e9al pour un acc\u00e8s direct \u00e0 Chilo\u00e9 et Puerto Montt<\/h2>\t\t\t\t<\/div>\n\t\t\t\t\t<\/div>\n\t\t\t\t<\/div>\n\t\t<div class=\"elementor-element elementor-element-2653080 e-flex e-con-boxed e-con e-parent\" data-id=\"2653080\" data-element_type=\"container\" data-e-type=\"container\" data-settings=\"{&quot;jet_parallax_layout_list&quot;:[]}\">\n\t\t\t\t\t<div class=\"e-con-inner\">\n\t\t\t\t<div class=\"elementor-element elementor-element-520e2c2 elementor-widget elementor-widget-text-editor\" data-id=\"520e2c2\" data-element_type=\"widget\" data-e-type=\"widget\" data-widget_type=\"text-editor.default\">\n\t\t\t\t\t\t\t\t\t<p>Ce terrain \u00e0 Pargua, commune de Puerto Montt, est situ\u00e9 \u00e0 6 kilom\u00e8tres du village de Pargua, commune de Calbuco, ce terrain de 5.000 m\u00b2 en bordure de route offre un \u00e9quilibre parfait entre confort, accessibilit\u00e9 et beaut\u00e9 naturelle. Avec une topographie plate, elle est id\u00e9ale pour d\u00e9velopper un projet touristique ou commercial ou simplement profiter d&#8217;une vie tranquille \u00e0 proximit\u00e9 de Puerto Montt, Chilo\u00e9 et Carelmapu. <\/p>\n<p><b>Caract\u00e9ristiques principales :<\/b><\/p>\n<p>Infrastructure : Maison en bois recouverte de zinc avec 3 chambres, salle de bain et espace barbecue.<\/p>\n<p>Services de base : elle dispose d&#8217;un r\u00e9seau \u00e9lectrique monophas\u00e9 \u00e0 l&#8217;int\u00e9rieur de la parcelle et d&#8217;un r\u00e9seau \u00e9lectrique triphas\u00e9 le long de la route adjacente, ainsi que de l&#8217;eau potable en milieu rural (APR).<\/p>\n<p>Situation strat\u00e9gique : \u00e0 seulement 62 km de l&#8217;a\u00e9roport d&#8217;El Tepual (45 minutes) et \u00e0 6 km du canal de Chacao et de la ville de Pargua.<\/p>\n<p>Connectivit\u00e9 : Route pav\u00e9e jusqu&#8217;\u00e0 l&#8217;entr\u00e9e et transports publics disponibles.<\/p>\n<p>Environnement naturel : Principalement une prairie avec une petite for\u00eat indig\u00e8ne de ch\u00eanes verts, une excellente exposition au soleil et une cl\u00f4ture p\u00e9rim\u00e9trique avec un portail d&#8217;entr\u00e9e.<\/p>\n<p>Attractions \u00e0 proximit\u00e9 :<\/p>\n<p>Profitez de la crique de Pargua, du canal de Chacao, de Chilo\u00e9, Carelmapu et la plage d&#8217; Astillero Bajo, un environnement parfait pour se d\u00e9tendre ou entreprendre.<\/p>\n<p>Pour 60 000 000 $, ce terrain est une opportunit\u00e9 unique pour ceux qui recherchent un espace privil\u00e9gi\u00e9 dans la r\u00e9gion de Los Lagos.<\/p>\n<p>Contactez-nous et faites-le v\u00f4tre!<\/p>\t\t\t\t\t\t\t\t<\/div>\n\t\t\t\t\t<\/div>\n\t\t\t\t<\/div>\n\t\t\t\t<\/div>\n\t\t","protected":false},"excerpt":{"rendered":"<p>Terrain \u00e0 Pargua sur route goudronn\u00e9e, pr\u00e8s du canal de Chacao. Avec maison, \u00e9lectricit\u00e9 triphas\u00e9e, eau potable rurale (APR), principalement prairie et topographie plate. Parfait pour se d\u00e9placer entre Puerto Montt et Chilo\u00e9.  <\/p>\n","protected":false},"featured_media":54360,"template":"","meta":{"_acf_changed":false},"product_brand":[],"product_cat":[113],"product_tag":[236],"regiones":[226],"ciudades":[212,218],"class_list":{"0":"post-36606","1":"product","2":"type-product","3":"status-publish","4":"has-post-thumbnail","6":"product_cat-ohiggins-los-lagos-fr","7":"product_tag-parcelles","8":"regiones-nuble-los_lagos","9":"ciudades-ancud","10":"ciudades-puerto-montt","12":"first","13":"outofstock","14":"shipping-taxable","15":"product-type-simple"},"acf":[],"yoast_head":"<!-- This site is optimized with the Yoast SEO Premium plugin v26.0 (Yoast SEO v27.3) - https:\/\/yoast.com\/product\/yoast-seo-premium-wordpress\/ -->\n<title>Terrain \u00e0 Pargua, Ahinco - Puerto Montt - Lake District - Produncan<\/title>\n<meta name=\"description\" content=\"Terrain \u00e0 Pargua sur route goudronn\u00e9e pr\u00e8s du canal Chacao, avec maison, \u00e9lectricit\u00e9 monophas\u00e9e et triphas\u00e9e, eau potable rurale (APR) et topographie plate.\" \/>\n<meta name=\"robots\" content=\"index, follow, max-snippet:-1, max-image-preview:large, max-video-preview:-1\" \/>\n<link rel=\"canonical\" href=\"https:\/\/produncan.cl\/fr\/produit\/parcela-ahinco-pargua-region-de-los-lagos\/\" \/>\n<meta property=\"og:locale\" content=\"fr_FR\" \/>\n<meta property=\"og:type\" content=\"article\" \/>\n<meta property=\"og:title\" content=\"Terrain \u00e0 Pargua, Ahinco - Puerto Montt - Lake District\" \/>\n<meta property=\"og:description\" content=\"Terrain sur route goudronn\u00e9e pr\u00e8s du canal de Chacao, avec maison, \u00e9lectricit\u00e9 monophas\u00e9e et triphas\u00e9e, eau potable rurale (APR), prairie en grande partie et topographie plate. L&#039;endroit id\u00e9al pour d\u00e9m\u00e9nager entre Puerto Montt et Chilo\u00e9.\" \/>\n<meta property=\"og:url\" content=\"https:\/\/produncan.cl\/fr\/produit\/parcela-ahinco-pargua-region-de-los-lagos\/\" \/>\n<meta property=\"og:site_name\" content=\"Produncan\" \/>\n<meta property=\"article:publisher\" content=\"https:\/\/web.facebook.com\/produncanland\" \/>\n<meta property=\"article:modified_time\" content=\"2025-08-18T21:14:59+00:00\" \/>\n<meta property=\"og:image\" content=\"https:\/\/produncan.cl\/wp-content\/uploads\/2024\/12\/Parcela-Ahinco-Pargua-en-venta.webp\" \/>\n<meta name=\"twitter:card\" content=\"summary_large_image\" \/>\n<meta name=\"twitter:label1\" content=\"Price\" \/>\n\t<meta name=\"twitter:data1\" content=\"\" \/>\n\t<meta name=\"twitter:label2\" content=\"Availability\" \/>\n\t<meta name=\"twitter:data2\" content=\"Out of stock\" \/>\n<script type=\"application\/ld+json\" class=\"yoast-schema-graph\">{\"@context\":\"https:\\\/\\\/schema.org\",\"@graph\":[{\"@type\":\"WebPage\",\"@id\":\"https:\\\/\\\/produncan.cl\\\/fr\\\/produit\\\/parcela-ahinco-pargua-region-de-los-lagos\\\/\",\"url\":\"https:\\\/\\\/produncan.cl\\\/fr\\\/produit\\\/parcela-ahinco-pargua-region-de-los-lagos\\\/\",\"name\":\"Terrain \u00e0 Pargua, Ahinco - Puerto Montt - Lake District - Produncan\",\"isPartOf\":{\"@id\":\"https:\\\/\\\/produncan.cl\\\/fr\\\/#website\"},\"primaryImageOfPage\":{\"@id\":\"https:\\\/\\\/produncan.cl\\\/fr\\\/produit\\\/parcela-ahinco-pargua-region-de-los-lagos\\\/#primaryimage\"},\"image\":{\"@id\":\"https:\\\/\\\/produncan.cl\\\/fr\\\/produit\\\/parcela-ahinco-pargua-region-de-los-lagos\\\/#primaryimage\"},\"thumbnailUrl\":\"https:\\\/\\\/produncan.cl\\\/wp-content\\\/uploads\\\/2024\\\/12\\\/Parcela-Ahinco-vendida.webp\",\"datePublished\":\"2024-12-04T14:37:08+00:00\",\"dateModified\":\"2025-08-18T21:14:59+00:00\",\"description\":\"Terrain \u00e0 Pargua sur route goudronn\u00e9e pr\u00e8s du canal Chacao, avec maison, \u00e9lectricit\u00e9 monophas\u00e9e et triphas\u00e9e, eau potable rurale (APR) et topographie plate.\",\"breadcrumb\":{\"@id\":\"https:\\\/\\\/produncan.cl\\\/fr\\\/produit\\\/parcela-ahinco-pargua-region-de-los-lagos\\\/#breadcrumb\"},\"inLanguage\":\"fr-FR\",\"potentialAction\":[{\"@type\":\"ReadAction\",\"target\":[\"https:\\\/\\\/produncan.cl\\\/fr\\\/produit\\\/parcela-ahinco-pargua-region-de-los-lagos\\\/\"]}]},{\"@type\":\"ImageObject\",\"inLanguage\":\"fr-FR\",\"@id\":\"https:\\\/\\\/produncan.cl\\\/fr\\\/produit\\\/parcela-ahinco-pargua-region-de-los-lagos\\\/#primaryimage\",\"url\":\"https:\\\/\\\/produncan.cl\\\/wp-content\\\/uploads\\\/2024\\\/12\\\/Parcela-Ahinco-vendida.webp\",\"contentUrl\":\"https:\\\/\\\/produncan.cl\\\/wp-content\\\/uploads\\\/2024\\\/12\\\/Parcela-Ahinco-vendida.webp\",\"width\":600,\"height\":450,\"caption\":\"Parcela Ahinco vendida\"},{\"@type\":\"BreadcrumbList\",\"@id\":\"https:\\\/\\\/produncan.cl\\\/fr\\\/produit\\\/parcela-ahinco-pargua-region-de-los-lagos\\\/#breadcrumb\",\"itemListElement\":[{\"@type\":\"ListItem\",\"position\":1,\"name\":\"Inicio\",\"item\":\"https:\\\/\\\/produncan.cl\\\/fr\\\/\"},{\"@type\":\"ListItem\",\"position\":2,\"name\":\"Propri\u00e9t\u00e9s\",\"item\":\"https:\\\/\\\/produncan.cl\\\/propiedades\\\/\"},{\"@type\":\"ListItem\",\"position\":3,\"name\":\"Parcelles\",\"item\":\"https:\\\/\\\/produncan.cl\\\/fr\\\/cat&eacute;gorie\\\/parcelles\\\/\"},{\"@type\":\"ListItem\",\"position\":4,\"name\":\"Terrain \u00e0 Pargua, Ahinco &#8211; Puerto Montt &#8211; Lake District\"}]},{\"@type\":\"WebSite\",\"@id\":\"https:\\\/\\\/produncan.cl\\\/fr\\\/#website\",\"url\":\"https:\\\/\\\/produncan.cl\\\/fr\\\/\",\"name\":\"Produncan\",\"description\":\"Nous vous accompagnons dans votre projet de vie !\",\"publisher\":{\"@id\":\"https:\\\/\\\/produncan.cl\\\/fr\\\/#organization\"},\"potentialAction\":[{\"@type\":\"SearchAction\",\"target\":{\"@type\":\"EntryPoint\",\"urlTemplate\":\"https:\\\/\\\/produncan.cl\\\/fr\\\/?s={search_term_string}\"},\"query-input\":{\"@type\":\"PropertyValueSpecification\",\"valueRequired\":true,\"valueName\":\"search_term_string\"}}],\"inLanguage\":\"fr-FR\"},{\"@type\":\"Organization\",\"@id\":\"https:\\\/\\\/produncan.cl\\\/fr\\\/#organization\",\"name\":\"Produncan\",\"url\":\"https:\\\/\\\/produncan.cl\\\/fr\\\/\",\"logo\":{\"@type\":\"ImageObject\",\"inLanguage\":\"fr-FR\",\"@id\":\"https:\\\/\\\/produncan.cl\\\/fr\\\/#\\\/schema\\\/logo\\\/image\\\/\",\"url\":\"https:\\\/\\\/produncan.cl\\\/wp-content\\\/uploads\\\/2021\\\/03\\\/LOGO.jpeg\",\"contentUrl\":\"https:\\\/\\\/produncan.cl\\\/wp-content\\\/uploads\\\/2021\\\/03\\\/LOGO.jpeg\",\"width\":1280,\"height\":903,\"caption\":\"Produncan\"},\"image\":{\"@id\":\"https:\\\/\\\/produncan.cl\\\/fr\\\/#\\\/schema\\\/logo\\\/image\\\/\"},\"sameAs\":[\"https:\\\/\\\/web.facebook.com\\\/produncanland\",\"https:\\\/\\\/www.instagram.com\\\/pro_duncan\\\/\",\"https:\\\/\\\/www.linkedin.com\\\/company\\\/produncan-lands\\\/\",\"https:\\\/\\\/www.youtube.com\\\/channel\\\/UCu7N-f3x0svkazD-Eew1-QQ\"],\"description\":\"En Produncan somos especialistas en la venta de terrenos en el sur de Chile. Proveemos estancias, campos, parcelas y hoteles.\",\"email\":\"info@produncan.cl\"}]}<\/script>\n<meta property=\"og:video\" content=\"https:\/\/www.youtube.com\/embed\/RUVeNQZyE6o\" \/>\n<meta property=\"og:video:type\" content=\"text\/html\" \/>\n<meta property=\"og:video:duration\" content=\"76\" \/>\n<meta property=\"og:video:width\" content=\"480\" \/>\n<meta property=\"og:video:height\" content=\"270\" \/>\n<meta property=\"ya:ovs:adult\" content=\"false\" \/>\n<meta property=\"ya:ovs:upload_date\" content=\"2024-12-04T14:37:08+00:00\" \/>\n<meta property=\"ya:ovs:allow_embed\" content=\"true\" \/>\n<meta property=\"product:price:currency\" content=\"USD\" \/>\n<meta property=\"og:availability\" content=\"out of stock\" \/>\n<meta property=\"product:availability\" content=\"out of stock\" \/>\n<meta property=\"product:condition\" content=\"new\" \/>\n<!-- \/ Yoast SEO Premium plugin. -->","yoast_head_json":{"title":"Terrain \u00e0 Pargua, Ahinco - Puerto Montt - Lake District - Produncan","description":"Terrain \u00e0 Pargua sur route goudronn\u00e9e pr\u00e8s du canal Chacao, avec maison, \u00e9lectricit\u00e9 monophas\u00e9e et triphas\u00e9e, eau potable rurale (APR) et topographie plate.","robots":{"index":"index","follow":"follow","max-snippet":"max-snippet:-1","max-image-preview":"max-image-preview:large","max-video-preview":"max-video-preview:-1"},"canonical":"https:\/\/produncan.cl\/fr\/produit\/parcela-ahinco-pargua-region-de-los-lagos\/","og_locale":"fr_FR","og_type":"article","og_title":"Terrain \u00e0 Pargua, Ahinco - Puerto Montt - Lake District","og_description":"Terrain sur route goudronn\u00e9e pr\u00e8s du canal de Chacao, avec maison, \u00e9lectricit\u00e9 monophas\u00e9e et triphas\u00e9e, eau potable rurale (APR), prairie en grande partie et topographie plate. L'endroit id\u00e9al pour d\u00e9m\u00e9nager entre Puerto Montt et Chilo\u00e9.","og_url":"https:\/\/produncan.cl\/fr\/produit\/parcela-ahinco-pargua-region-de-los-lagos\/","og_site_name":"Produncan","article_publisher":"https:\/\/web.facebook.com\/produncanland","article_modified_time":"2025-08-18T21:14:59+00:00","og_image":[{"url":"https:\/\/produncan.cl\/wp-content\/uploads\/2024\/12\/Parcela-Ahinco-Pargua-en-venta.webp","type":"","width":"","height":""}],"twitter_card":"summary_large_image","twitter_misc":{"Price":"","Availability":"Out of stock"},"schema":{"@context":"https:\/\/schema.org","@graph":[{"@type":"WebPage","@id":"https:\/\/produncan.cl\/fr\/produit\/parcela-ahinco-pargua-region-de-los-lagos\/","url":"https:\/\/produncan.cl\/fr\/produit\/parcela-ahinco-pargua-region-de-los-lagos\/","name":"Terrain \u00e0 Pargua, Ahinco - Puerto Montt - Lake District - Produncan","isPartOf":{"@id":"https:\/\/produncan.cl\/fr\/#website"},"primaryImageOfPage":{"@id":"https:\/\/produncan.cl\/fr\/produit\/parcela-ahinco-pargua-region-de-los-lagos\/#primaryimage"},"image":{"@id":"https:\/\/produncan.cl\/fr\/produit\/parcela-ahinco-pargua-region-de-los-lagos\/#primaryimage"},"thumbnailUrl":"https:\/\/produncan.cl\/wp-content\/uploads\/2024\/12\/Parcela-Ahinco-vendida.webp","datePublished":"2024-12-04T14:37:08+00:00","dateModified":"2025-08-18T21:14:59+00:00","description":"Terrain \u00e0 Pargua sur route goudronn\u00e9e pr\u00e8s du canal Chacao, avec maison, \u00e9lectricit\u00e9 monophas\u00e9e et triphas\u00e9e, eau potable rurale (APR) et topographie plate.","breadcrumb":{"@id":"https:\/\/produncan.cl\/fr\/produit\/parcela-ahinco-pargua-region-de-los-lagos\/#breadcrumb"},"inLanguage":"fr-FR","potentialAction":[{"@type":"ReadAction","target":["https:\/\/produncan.cl\/fr\/produit\/parcela-ahinco-pargua-region-de-los-lagos\/"]}]},{"@type":"ImageObject","inLanguage":"fr-FR","@id":"https:\/\/produncan.cl\/fr\/produit\/parcela-ahinco-pargua-region-de-los-lagos\/#primaryimage","url":"https:\/\/produncan.cl\/wp-content\/uploads\/2024\/12\/Parcela-Ahinco-vendida.webp","contentUrl":"https:\/\/produncan.cl\/wp-content\/uploads\/2024\/12\/Parcela-Ahinco-vendida.webp","width":600,"height":450,"caption":"Parcela Ahinco vendida"},{"@type":"BreadcrumbList","@id":"https:\/\/produncan.cl\/fr\/produit\/parcela-ahinco-pargua-region-de-los-lagos\/#breadcrumb","itemListElement":[{"@type":"ListItem","position":1,"name":"Inicio","item":"https:\/\/produncan.cl\/fr\/"},{"@type":"ListItem","position":2,"name":"Propri\u00e9t\u00e9s","item":"https:\/\/produncan.cl\/propiedades\/"},{"@type":"ListItem","position":3,"name":"Parcelles","item":"https:\/\/produncan.cl\/fr\/cat&eacute;gorie\/parcelles\/"},{"@type":"ListItem","position":4,"name":"Terrain \u00e0 Pargua, Ahinco &#8211; Puerto Montt &#8211; Lake District"}]},{"@type":"WebSite","@id":"https:\/\/produncan.cl\/fr\/#website","url":"https:\/\/produncan.cl\/fr\/","name":"Produncan","description":"Nous vous accompagnons dans votre projet de vie !","publisher":{"@id":"https:\/\/produncan.cl\/fr\/#organization"},"potentialAction":[{"@type":"SearchAction","target":{"@type":"EntryPoint","urlTemplate":"https:\/\/produncan.cl\/fr\/?s={search_term_string}"},"query-input":{"@type":"PropertyValueSpecification","valueRequired":true,"valueName":"search_term_string"}}],"inLanguage":"fr-FR"},{"@type":"Organization","@id":"https:\/\/produncan.cl\/fr\/#organization","name":"Produncan","url":"https:\/\/produncan.cl\/fr\/","logo":{"@type":"ImageObject","inLanguage":"fr-FR","@id":"https:\/\/produncan.cl\/fr\/#\/schema\/logo\/image\/","url":"https:\/\/produncan.cl\/wp-content\/uploads\/2021\/03\/LOGO.jpeg","contentUrl":"https:\/\/produncan.cl\/wp-content\/uploads\/2021\/03\/LOGO.jpeg","width":1280,"height":903,"caption":"Produncan"},"image":{"@id":"https:\/\/produncan.cl\/fr\/#\/schema\/logo\/image\/"},"sameAs":["https:\/\/web.facebook.com\/produncanland","https:\/\/www.instagram.com\/pro_duncan\/","https:\/\/www.linkedin.com\/company\/produncan-lands\/","https:\/\/www.youtube.com\/channel\/UCu7N-f3x0svkazD-Eew1-QQ"],"description":"En Produncan somos especialistas en la venta de terrenos en el sur de Chile. Proveemos estancias, campos, parcelas y hoteles.","email":"info@produncan.cl"}]},"og_video":"https:\/\/www.youtube.com\/embed\/RUVeNQZyE6o","og_video_type":"text\/html","og_video_duration":"76","og_video_width":"480","og_video_height":"270","ya_ovs_adult":"false","ya_ovs_upload_date":"2024-12-04T14:37:08+00:00","ya_ovs_allow_embed":"true","product_price_currency":"USD","og_availability":"out of stock","product_availability":"out of stock","product_condition":"new"},"_links":{"self":[{"href":"https:\/\/produncan.cl\/fr\/wp-json\/wp\/v2\/product\/36606","targetHints":{"allow":["GET"]}}],"collection":[{"href":"https:\/\/produncan.cl\/fr\/wp-json\/wp\/v2\/product"}],"about":[{"href":"https:\/\/produncan.cl\/fr\/wp-json\/wp\/v2\/types\/product"}],"version-history":[{"count":0,"href":"https:\/\/produncan.cl\/fr\/wp-json\/wp\/v2\/product\/36606\/revisions"}],"wp:featuredmedia":[{"embeddable":true,"href":"https:\/\/produncan.cl\/fr\/wp-json\/wp\/v2\/media\/54360"}],"wp:attachment":[{"href":"https:\/\/produncan.cl\/fr\/wp-json\/wp\/v2\/media?parent=36606"}],"wp:term":[{"taxonomy":"product_brand","embeddable":true,"href":"https:\/\/produncan.cl\/fr\/wp-json\/wp\/v2\/product_brand?post=36606"},{"taxonomy":"product_cat","embeddable":true,"href":"https:\/\/produncan.cl\/fr\/wp-json\/wp\/v2\/product_cat?post=36606"},{"taxonomy":"product_tag","embeddable":true,"href":"https:\/\/produncan.cl\/fr\/wp-json\/wp\/v2\/product_tag?post=36606"},{"taxonomy":"regiones","embeddable":true,"href":"https:\/\/produncan.cl\/fr\/wp-json\/wp\/v2\/regiones?post=36606"},{"taxonomy":"ciudades","embeddable":true,"href":"https:\/\/produncan.cl\/fr\/wp-json\/wp\/v2\/ciudades?post=36606"}],"curies":[{"name":"wp","href":"https:\/\/api.w.org\/{rel}","templated":true}]}}