{"id":37336,"date":"2024-12-26T15:59:28","date_gmt":"2024-12-26T18:59:28","guid":{"rendered":"https:\/\/produncan.cl\/producto\/macrolotes-mar-brava-carelmapu-maullin\/"},"modified":"2026-03-12T12:59:50","modified_gmt":"2026-03-12T15:59:50","slug":"macrolotes-mar-brava-carelmapu-maullin","status":"publish","type":"product","link":"https:\/\/produncan.cl\/fr\/produit\/macrolotes-mar-brava-carelmapu-maullin\/","title":{"rendered":"Terrains \u00e0 Carelmapu Mar Brava &#8211; Maull\u00edn &#8211; R\u00e9gion des lacs"},"content":{"rendered":"\t\t<div data-elementor-type=\"product-post\" data-elementor-id=\"37336\" class=\"elementor elementor-37336 elementor-37189\" data-elementor-post-type=\"product\">\n\t\t\t\t<div class=\"elementor-element elementor-element-8e1406b e-flex e-con-boxed e-con e-parent\" data-id=\"8e1406b\" data-element_type=\"container\" data-e-type=\"container\" data-settings=\"{&quot;jet_parallax_layout_list&quot;:[]}\">\n\t\t\t\t\t<div class=\"e-con-inner\">\n\t\t\t\t<div class=\"elementor-element elementor-element-1ad8c3f elementor-widget elementor-widget-heading\" data-id=\"1ad8c3f\" data-element_type=\"widget\" data-e-type=\"widget\" data-widget_type=\"heading.default\">\n\t\t\t\t\t<h2 class=\"elementor-heading-title elementor-size-default\">L'endroit de vos r\u00eaves face \u00e0 la mer vous attend \u00e0 Loteo Mar Brava !<\/h2>\t\t\t\t<\/div>\n\t\t\t\t\t<\/div>\n\t\t\t\t<\/div>\n\t\t<div class=\"elementor-element elementor-element-b11ce48 e-flex e-con-boxed e-con e-parent\" data-id=\"b11ce48\" data-element_type=\"container\" data-e-type=\"container\" data-settings=\"{&quot;jet_parallax_layout_list&quot;:[]}\">\n\t\t\t\t\t<div class=\"e-con-inner\">\n\t\t\t\t<div class=\"elementor-element elementor-element-702ba6d elementor-widget elementor-widget-text-editor\" data-id=\"702ba6d\" data-element_type=\"widget\" data-e-type=\"widget\" data-widget_type=\"text-editor.default\">\n\t\t\t\t\t\t\t\t\t<p>Situ\u00e9 dans la commune de Maull\u00edn, le projet <span style=\"color: #ff0000;\"><strong><a style=\"color: #ff0000;\" href=\"https:\/\/produncan.cl\/fr\/carelmapu-nature-histoire-et-beaute-entre-les-falaises\/\" target=\"_blank\" rel=\"noopener\">Carelmapu <\/a><\/strong><\/span>Mar Brava offre une opportunit\u00e9 unique \u00e0 ceux qui recherchent un endroit sp\u00e9cial dans la r\u00e9gion de Los Lagos. Ce projet exclusif ne compte que 8 macrolots, dont 4 avec 50 m\u00e8tres de front de mer, entour\u00e9s d&#8217;un paysage c\u00f4tier \u00e0 couper le souffle, d&#8217;une riche histoire coloniale et d&#8217;un environnement culturel authentique. <\/p><p>Caract\u00e9ristiques principales :<\/p><p>Premi\u00e8re ligne avec front de mer : \u00e0 partir de 100 000 000 $ (prix de lancement).<\/p><ul><li>Lots A et B : 14 000 m\u00e8tres carr\u00e9s.<\/li><li>Lot C : 14 600 m\u00b2.<\/li><li>Lot D : 15 000 m\u00b2.<\/li><\/ul><p>Deuxi\u00e8me ligne : \u00e0 partir de 70 000 000 $.<\/p><ul><li>Lot E : 27.700 m\u00b2.<\/li><li>Lot F : 22 300 m\u00b2.<\/li><li>Lot G : 21.000 m\u00b2.<\/li><li>Lot H : 19.600 m\u00b2.<\/li><\/ul><p>Pourquoi choisir Loteo Mar Brava :<\/p><ul><li>Connexion avec la nature : le terrain est plat, entour\u00e9 de flore indig\u00e8ne et constitue un refuge pour les oiseaux migrateurs tels que le pilpil\u00e9n, le pluvier et le cormoran. On peut \u00e9galement y observer des mammif\u00e8res marins tels que des baleines, des dauphins et des lions de mer. <\/li><li>Durabilit\u00e9 : chaque propri\u00e9taire pourra g\u00e9rer son \u00e9nergie \u00e0 l&#8217;aide de panneaux solaires et s&#8217;approvisionner en eau gr\u00e2ce \u00e0 des puits ou \u00e0 la collecte des eaux de pluie.<\/li><li>Intimit\u00e9 et tranquillit\u00e9 : gr\u00e2ce aux cl\u00f4tures entourant les 8 lots et aux servitudes enregistr\u00e9es, vous disposerez de votre propre espace priv\u00e9 dans un environnement naturel unique.<\/li><\/ul><p>Proximit\u00e9 strat\u00e9gique : \u00e0 seulement 1 heure et 15 minutes de Puerto Montt et 30 minutes de Maull\u00edn.<\/p><p>Explorez les environs :<\/p><p>Profitez d&#8217;activit\u00e9s telles que le surf \u00e0 Carelmapu, la randonn\u00e9e sur les falaises d&#8217;Amortajado ou des excursions le long de la rivi\u00e8re San Pedro Nolasco.<\/p><p>Profitez du prix de lancement ! Ne manquez pas cette opportunit\u00e9 d&#8217;avoir votre terrain en bord de mer dans l&#8217;un des endroits les plus captivants du sud du Chili. Pour plus d&#8217;informations, contactez-nous et r\u00e9servez votre terrain au Loteo Mar Brava.  <\/p>\t\t\t\t\t\t\t\t<\/div>\n\t\t\t\t\t<\/div>\n\t\t\t\t<\/div>\n\t\t\t\t<\/div>\n\t\t","protected":false},"excerpt":{"rendered":"<p>Terrains \u00e0 Carelmapu Mar Brava. 8 macrolots en bord de mer entre 1,4 et 2,7 hectares, dont quatre avec 50 m\u00e8tres de front de mer \u00e0 Mar Brava, \u00e0 10 minutes de Carelmapu. 1 heure et 15 minutes au sud-ouest de Puerto Montt.  <\/p>\n","protected":false},"featured_media":54834,"template":"","meta":{"_acf_changed":false},"product_brand":[],"product_cat":[113],"product_tag":[236,237],"regiones":[226],"ciudades":[446,457,218],"class_list":{"0":"post-37336","1":"product","2":"type-product","3":"status-publish","4":"has-post-thumbnail","6":"product_cat-ohiggins-los-lagos-fr","7":"product_tag-parcelles","8":"product_tag-proprietes-touristiques","9":"regiones-nuble-los_lagos","10":"ciudades-carelmapu","11":"ciudades-maullin","12":"ciudades-puerto-montt","14":"first","15":"outofstock","16":"shipping-taxable","17":"product-type-simple"},"acf":[],"yoast_head":"<!-- This site is optimized with the Yoast SEO Premium plugin v26.0 (Yoast SEO v27.3) - https:\/\/yoast.com\/product\/yoast-seo-premium-wordpress\/ -->\n<title>Terrains \u00e0 Carelmapu Mar Brava - Maull\u00edn - R\u00e9gion des lacs - Produncan<\/title>\n<meta name=\"description\" content=\"Lotissement Mar Brava \u00e0 Carelmapu, Maull\u00edn : 8 macro-lots \u00e0 partir de 14 000 m\u00b2, certains avec 50 m de plage. Nature, intimit\u00e9 et vue sur la mer, \u00e0 1 h 15 min de Puerto Montt.\" \/>\n<meta name=\"robots\" content=\"index, follow, max-snippet:-1, max-image-preview:large, max-video-preview:-1\" \/>\n<link rel=\"canonical\" href=\"https:\/\/produncan.cl\/fr\/produit\/macrolotes-mar-brava-carelmapu-maullin\/\" \/>\n<meta property=\"og:locale\" content=\"fr_FR\" \/>\n<meta property=\"og:type\" content=\"article\" \/>\n<meta property=\"og:title\" content=\"Terrains \u00e0 Carelmapu Mar Brava - Maull\u00edn - R\u00e9gion des lacs\" \/>\n<meta property=\"og:description\" content=\"Lotissement Mar Brava \u00e0 Carelmapu, Maull\u00edn : 8 macro-lots \u00e0 partir de 14 000 m\u00b2, certains avec 50 m de plage. Nature, intimit\u00e9 et vue sur la mer, \u00e0 1 h 15 min de Puerto Montt.\" \/>\n<meta property=\"og:url\" content=\"https:\/\/produncan.cl\/fr\/produit\/macrolotes-mar-brava-carelmapu-maullin\/\" \/>\n<meta property=\"og:site_name\" content=\"Produncan\" \/>\n<meta property=\"article:publisher\" content=\"https:\/\/web.facebook.com\/produncanland\" \/>\n<meta property=\"article:modified_time\" content=\"2026-03-12T15:59:50+00:00\" \/>\n<meta property=\"og:image\" content=\"https:\/\/produncan.cl\/wp-content\/uploads\/2024\/12\/Mar-Brava-vendido.webp\" \/>\n\t<meta property=\"og:image:width\" content=\"600\" \/>\n\t<meta property=\"og:image:height\" content=\"450\" \/>\n\t<meta property=\"og:image:type\" content=\"image\/webp\" \/>\n<meta name=\"twitter:card\" content=\"summary_large_image\" \/>\n<meta name=\"twitter:label1\" content=\"Price\" \/>\n\t<meta name=\"twitter:data1\" content=\"\" \/>\n\t<meta name=\"twitter:label2\" content=\"Availability\" \/>\n\t<meta name=\"twitter:data2\" content=\"Out of stock\" \/>\n<script type=\"application\/ld+json\" class=\"yoast-schema-graph\">{\"@context\":\"https:\\\/\\\/schema.org\",\"@graph\":[{\"@type\":\"WebPage\",\"@id\":\"https:\\\/\\\/produncan.cl\\\/fr\\\/produit\\\/macrolotes-mar-brava-carelmapu-maullin\\\/\",\"url\":\"https:\\\/\\\/produncan.cl\\\/fr\\\/produit\\\/macrolotes-mar-brava-carelmapu-maullin\\\/\",\"name\":\"Terrains \u00e0 Carelmapu Mar Brava - Maull\u00edn - R\u00e9gion des lacs - Produncan\",\"isPartOf\":{\"@id\":\"https:\\\/\\\/produncan.cl\\\/fr\\\/#website\"},\"primaryImageOfPage\":{\"@id\":\"https:\\\/\\\/produncan.cl\\\/fr\\\/produit\\\/macrolotes-mar-brava-carelmapu-maullin\\\/#primaryimage\"},\"image\":{\"@id\":\"https:\\\/\\\/produncan.cl\\\/fr\\\/produit\\\/macrolotes-mar-brava-carelmapu-maullin\\\/#primaryimage\"},\"thumbnailUrl\":\"https:\\\/\\\/produncan.cl\\\/wp-content\\\/uploads\\\/2024\\\/12\\\/Mar-Brava-vendido.webp\",\"datePublished\":\"2024-12-26T18:59:28+00:00\",\"dateModified\":\"2026-03-12T15:59:50+00:00\",\"description\":\"Lotissement Mar Brava \u00e0 Carelmapu, Maull\u00edn : 8 macro-lots \u00e0 partir de 14 000 m\u00b2, certains avec 50 m de plage. Nature, intimit\u00e9 et vue sur la mer, \u00e0 1 h 15 min de Puerto Montt.\",\"breadcrumb\":{\"@id\":\"https:\\\/\\\/produncan.cl\\\/fr\\\/produit\\\/macrolotes-mar-brava-carelmapu-maullin\\\/#breadcrumb\"},\"inLanguage\":\"fr-FR\",\"potentialAction\":[{\"@type\":\"ReadAction\",\"target\":[\"https:\\\/\\\/produncan.cl\\\/fr\\\/produit\\\/macrolotes-mar-brava-carelmapu-maullin\\\/\"]}]},{\"@type\":\"ImageObject\",\"inLanguage\":\"fr-FR\",\"@id\":\"https:\\\/\\\/produncan.cl\\\/fr\\\/produit\\\/macrolotes-mar-brava-carelmapu-maullin\\\/#primaryimage\",\"url\":\"https:\\\/\\\/produncan.cl\\\/wp-content\\\/uploads\\\/2024\\\/12\\\/Mar-Brava-vendido.webp\",\"contentUrl\":\"https:\\\/\\\/produncan.cl\\\/wp-content\\\/uploads\\\/2024\\\/12\\\/Mar-Brava-vendido.webp\",\"width\":600,\"height\":450,\"caption\":\"Mar Brava vendido\"},{\"@type\":\"BreadcrumbList\",\"@id\":\"https:\\\/\\\/produncan.cl\\\/fr\\\/produit\\\/macrolotes-mar-brava-carelmapu-maullin\\\/#breadcrumb\",\"itemListElement\":[{\"@type\":\"ListItem\",\"position\":1,\"name\":\"Inicio\",\"item\":\"https:\\\/\\\/produncan.cl\\\/fr\\\/\"},{\"@type\":\"ListItem\",\"position\":2,\"name\":\"Propri\u00e9t\u00e9s\",\"item\":\"https:\\\/\\\/produncan.cl\\\/propiedades\\\/\"},{\"@type\":\"ListItem\",\"position\":3,\"name\":\"Parcelles\",\"item\":\"https:\\\/\\\/produncan.cl\\\/fr\\\/cat&eacute;gorie\\\/parcelles\\\/\"},{\"@type\":\"ListItem\",\"position\":4,\"name\":\"Terrains \u00e0 Carelmapu Mar Brava &#8211; Maull\u00edn &#8211; R\u00e9gion des lacs\"}]},{\"@type\":\"WebSite\",\"@id\":\"https:\\\/\\\/produncan.cl\\\/fr\\\/#website\",\"url\":\"https:\\\/\\\/produncan.cl\\\/fr\\\/\",\"name\":\"Produncan\",\"description\":\"Nous vous accompagnons dans votre projet de vie !\",\"publisher\":{\"@id\":\"https:\\\/\\\/produncan.cl\\\/fr\\\/#organization\"},\"potentialAction\":[{\"@type\":\"SearchAction\",\"target\":{\"@type\":\"EntryPoint\",\"urlTemplate\":\"https:\\\/\\\/produncan.cl\\\/fr\\\/?s={search_term_string}\"},\"query-input\":{\"@type\":\"PropertyValueSpecification\",\"valueRequired\":true,\"valueName\":\"search_term_string\"}}],\"inLanguage\":\"fr-FR\"},{\"@type\":\"Organization\",\"@id\":\"https:\\\/\\\/produncan.cl\\\/fr\\\/#organization\",\"name\":\"Produncan\",\"url\":\"https:\\\/\\\/produncan.cl\\\/fr\\\/\",\"logo\":{\"@type\":\"ImageObject\",\"inLanguage\":\"fr-FR\",\"@id\":\"https:\\\/\\\/produncan.cl\\\/fr\\\/#\\\/schema\\\/logo\\\/image\\\/\",\"url\":\"https:\\\/\\\/produncan.cl\\\/wp-content\\\/uploads\\\/2021\\\/03\\\/LOGO.jpeg\",\"contentUrl\":\"https:\\\/\\\/produncan.cl\\\/wp-content\\\/uploads\\\/2021\\\/03\\\/LOGO.jpeg\",\"width\":1280,\"height\":903,\"caption\":\"Produncan\"},\"image\":{\"@id\":\"https:\\\/\\\/produncan.cl\\\/fr\\\/#\\\/schema\\\/logo\\\/image\\\/\"},\"sameAs\":[\"https:\\\/\\\/web.facebook.com\\\/produncanland\",\"https:\\\/\\\/www.instagram.com\\\/pro_duncan\\\/\",\"https:\\\/\\\/www.linkedin.com\\\/company\\\/produncan-lands\\\/\",\"https:\\\/\\\/www.youtube.com\\\/channel\\\/UCu7N-f3x0svkazD-Eew1-QQ\"],\"description\":\"En Produncan somos especialistas en la venta de terrenos en el sur de Chile. Proveemos estancias, campos, parcelas y hoteles.\",\"email\":\"info@produncan.cl\"}]}<\/script>\n<meta property=\"og:video\" content=\"https:\/\/www.youtube.com\/embed\/jk2B2Pj2LJo\" \/>\n<meta property=\"og:video:type\" content=\"text\/html\" \/>\n<meta property=\"og:video:duration\" content=\"75\" \/>\n<meta property=\"og:video:width\" content=\"480\" \/>\n<meta property=\"og:video:height\" content=\"270\" \/>\n<meta property=\"ya:ovs:adult\" content=\"false\" \/>\n<meta property=\"ya:ovs:upload_date\" content=\"2024-12-26T18:59:28+00:00\" \/>\n<meta property=\"ya:ovs:allow_embed\" content=\"true\" \/>\n<meta property=\"product:price:currency\" content=\"USD\" \/>\n<meta property=\"og:availability\" content=\"out of stock\" \/>\n<meta property=\"product:availability\" content=\"out of stock\" \/>\n<meta property=\"product:condition\" content=\"new\" \/>\n<!-- \/ Yoast SEO Premium plugin. -->","yoast_head_json":{"title":"Terrains \u00e0 Carelmapu Mar Brava - Maull\u00edn - R\u00e9gion des lacs - Produncan","description":"Lotissement Mar Brava \u00e0 Carelmapu, Maull\u00edn : 8 macro-lots \u00e0 partir de 14 000 m\u00b2, certains avec 50 m de plage. Nature, intimit\u00e9 et vue sur la mer, \u00e0 1 h 15 min de Puerto Montt.","robots":{"index":"index","follow":"follow","max-snippet":"max-snippet:-1","max-image-preview":"max-image-preview:large","max-video-preview":"max-video-preview:-1"},"canonical":"https:\/\/produncan.cl\/fr\/produit\/macrolotes-mar-brava-carelmapu-maullin\/","og_locale":"fr_FR","og_type":"article","og_title":"Terrains \u00e0 Carelmapu Mar Brava - Maull\u00edn - R\u00e9gion des lacs","og_description":"Lotissement Mar Brava \u00e0 Carelmapu, Maull\u00edn : 8 macro-lots \u00e0 partir de 14 000 m\u00b2, certains avec 50 m de plage. Nature, intimit\u00e9 et vue sur la mer, \u00e0 1 h 15 min de Puerto Montt.","og_url":"https:\/\/produncan.cl\/fr\/produit\/macrolotes-mar-brava-carelmapu-maullin\/","og_site_name":"Produncan","article_publisher":"https:\/\/web.facebook.com\/produncanland","article_modified_time":"2026-03-12T15:59:50+00:00","og_image":[{"width":600,"height":450,"url":"https:\/\/produncan.cl\/wp-content\/uploads\/2024\/12\/Mar-Brava-vendido.webp","type":"image\/webp"}],"twitter_card":"summary_large_image","twitter_misc":{"Price":"","Availability":"Out of stock"},"schema":{"@context":"https:\/\/schema.org","@graph":[{"@type":"WebPage","@id":"https:\/\/produncan.cl\/fr\/produit\/macrolotes-mar-brava-carelmapu-maullin\/","url":"https:\/\/produncan.cl\/fr\/produit\/macrolotes-mar-brava-carelmapu-maullin\/","name":"Terrains \u00e0 Carelmapu Mar Brava - Maull\u00edn - R\u00e9gion des lacs - Produncan","isPartOf":{"@id":"https:\/\/produncan.cl\/fr\/#website"},"primaryImageOfPage":{"@id":"https:\/\/produncan.cl\/fr\/produit\/macrolotes-mar-brava-carelmapu-maullin\/#primaryimage"},"image":{"@id":"https:\/\/produncan.cl\/fr\/produit\/macrolotes-mar-brava-carelmapu-maullin\/#primaryimage"},"thumbnailUrl":"https:\/\/produncan.cl\/wp-content\/uploads\/2024\/12\/Mar-Brava-vendido.webp","datePublished":"2024-12-26T18:59:28+00:00","dateModified":"2026-03-12T15:59:50+00:00","description":"Lotissement Mar Brava \u00e0 Carelmapu, Maull\u00edn : 8 macro-lots \u00e0 partir de 14 000 m\u00b2, certains avec 50 m de plage. Nature, intimit\u00e9 et vue sur la mer, \u00e0 1 h 15 min de Puerto Montt.","breadcrumb":{"@id":"https:\/\/produncan.cl\/fr\/produit\/macrolotes-mar-brava-carelmapu-maullin\/#breadcrumb"},"inLanguage":"fr-FR","potentialAction":[{"@type":"ReadAction","target":["https:\/\/produncan.cl\/fr\/produit\/macrolotes-mar-brava-carelmapu-maullin\/"]}]},{"@type":"ImageObject","inLanguage":"fr-FR","@id":"https:\/\/produncan.cl\/fr\/produit\/macrolotes-mar-brava-carelmapu-maullin\/#primaryimage","url":"https:\/\/produncan.cl\/wp-content\/uploads\/2024\/12\/Mar-Brava-vendido.webp","contentUrl":"https:\/\/produncan.cl\/wp-content\/uploads\/2024\/12\/Mar-Brava-vendido.webp","width":600,"height":450,"caption":"Mar Brava vendido"},{"@type":"BreadcrumbList","@id":"https:\/\/produncan.cl\/fr\/produit\/macrolotes-mar-brava-carelmapu-maullin\/#breadcrumb","itemListElement":[{"@type":"ListItem","position":1,"name":"Inicio","item":"https:\/\/produncan.cl\/fr\/"},{"@type":"ListItem","position":2,"name":"Propri\u00e9t\u00e9s","item":"https:\/\/produncan.cl\/propiedades\/"},{"@type":"ListItem","position":3,"name":"Parcelles","item":"https:\/\/produncan.cl\/fr\/cat&eacute;gorie\/parcelles\/"},{"@type":"ListItem","position":4,"name":"Terrains \u00e0 Carelmapu Mar Brava &#8211; Maull\u00edn &#8211; R\u00e9gion des lacs"}]},{"@type":"WebSite","@id":"https:\/\/produncan.cl\/fr\/#website","url":"https:\/\/produncan.cl\/fr\/","name":"Produncan","description":"Nous vous accompagnons dans votre projet de vie !","publisher":{"@id":"https:\/\/produncan.cl\/fr\/#organization"},"potentialAction":[{"@type":"SearchAction","target":{"@type":"EntryPoint","urlTemplate":"https:\/\/produncan.cl\/fr\/?s={search_term_string}"},"query-input":{"@type":"PropertyValueSpecification","valueRequired":true,"valueName":"search_term_string"}}],"inLanguage":"fr-FR"},{"@type":"Organization","@id":"https:\/\/produncan.cl\/fr\/#organization","name":"Produncan","url":"https:\/\/produncan.cl\/fr\/","logo":{"@type":"ImageObject","inLanguage":"fr-FR","@id":"https:\/\/produncan.cl\/fr\/#\/schema\/logo\/image\/","url":"https:\/\/produncan.cl\/wp-content\/uploads\/2021\/03\/LOGO.jpeg","contentUrl":"https:\/\/produncan.cl\/wp-content\/uploads\/2021\/03\/LOGO.jpeg","width":1280,"height":903,"caption":"Produncan"},"image":{"@id":"https:\/\/produncan.cl\/fr\/#\/schema\/logo\/image\/"},"sameAs":["https:\/\/web.facebook.com\/produncanland","https:\/\/www.instagram.com\/pro_duncan\/","https:\/\/www.linkedin.com\/company\/produncan-lands\/","https:\/\/www.youtube.com\/channel\/UCu7N-f3x0svkazD-Eew1-QQ"],"description":"En Produncan somos especialistas en la venta de terrenos en el sur de Chile. Proveemos estancias, campos, parcelas y hoteles.","email":"info@produncan.cl"}]},"og_video":"https:\/\/www.youtube.com\/embed\/jk2B2Pj2LJo","og_video_type":"text\/html","og_video_duration":"75","og_video_width":"480","og_video_height":"270","ya_ovs_adult":"false","ya_ovs_upload_date":"2024-12-26T18:59:28+00:00","ya_ovs_allow_embed":"true","product_price_currency":"USD","og_availability":"out of stock","product_availability":"out of stock","product_condition":"new"},"_links":{"self":[{"href":"https:\/\/produncan.cl\/fr\/wp-json\/wp\/v2\/product\/37336","targetHints":{"allow":["GET"]}}],"collection":[{"href":"https:\/\/produncan.cl\/fr\/wp-json\/wp\/v2\/product"}],"about":[{"href":"https:\/\/produncan.cl\/fr\/wp-json\/wp\/v2\/types\/product"}],"version-history":[{"count":8,"href":"https:\/\/produncan.cl\/fr\/wp-json\/wp\/v2\/product\/37336\/revisions"}],"predecessor-version":[{"id":52379,"href":"https:\/\/produncan.cl\/fr\/wp-json\/wp\/v2\/product\/37336\/revisions\/52379"}],"wp:featuredmedia":[{"embeddable":true,"href":"https:\/\/produncan.cl\/fr\/wp-json\/wp\/v2\/media\/54834"}],"wp:attachment":[{"href":"https:\/\/produncan.cl\/fr\/wp-json\/wp\/v2\/media?parent=37336"}],"wp:term":[{"taxonomy":"product_brand","embeddable":true,"href":"https:\/\/produncan.cl\/fr\/wp-json\/wp\/v2\/product_brand?post=37336"},{"taxonomy":"product_cat","embeddable":true,"href":"https:\/\/produncan.cl\/fr\/wp-json\/wp\/v2\/product_cat?post=37336"},{"taxonomy":"product_tag","embeddable":true,"href":"https:\/\/produncan.cl\/fr\/wp-json\/wp\/v2\/product_tag?post=37336"},{"taxonomy":"regiones","embeddable":true,"href":"https:\/\/produncan.cl\/fr\/wp-json\/wp\/v2\/regiones?post=37336"},{"taxonomy":"ciudades","embeddable":true,"href":"https:\/\/produncan.cl\/fr\/wp-json\/wp\/v2\/ciudades?post=37336"}],"curies":[{"name":"wp","href":"https:\/\/api.w.org\/{rel}","templated":true}]}}