{"id":37787,"date":"2025-01-08T13:35:09","date_gmt":"2025-01-08T16:35:09","guid":{"rendered":"https:\/\/produncan.cl\/producto\/verger-potrero-largo-pumanque-region-de-ohiggins\/"},"modified":"2025-11-28T14:01:39","modified_gmt":"2025-11-28T17:01:39","slug":"verger-potrero-largo-pumanque-region-de-ohiggins","status":"publish","type":"product","link":"https:\/\/produncan.cl\/fr\/produit\/verger-potrero-largo-pumanque-region-de-ohiggins\/","title":{"rendered":"Ferme \u00e0 Pumanque, Potrero Largo &#8211; Colchagua &#8211; R\u00e9gion de O&#8217;Higgins"},"content":{"rendered":"\t\t<div data-elementor-type=\"product-post\" data-elementor-id=\"37787\" class=\"elementor elementor-37787 elementor-37579\" data-elementor-post-type=\"product\">\n\t\t\t\t<div class=\"elementor-element elementor-element-3579d73 e-flex e-con-boxed e-con e-parent\" data-id=\"3579d73\" data-element_type=\"container\" data-e-type=\"container\" data-settings=\"{&quot;jet_parallax_layout_list&quot;:[]}\">\n\t\t\t\t\t<div class=\"e-con-inner\">\n\t\t\t\t<div class=\"elementor-element elementor-element-44ba0da elementor-widget elementor-widget-heading\" data-id=\"44ba0da\" data-element_type=\"widget\" data-e-type=\"widget\" data-widget_type=\"heading.default\">\n\t\t\t\t\t<h2 class=\"elementor-heading-title elementor-size-default\">Myrtille \u00e0 Pumanque, r\u00e9gion d'O'Higgins<\/h2>\t\t\t\t<\/div>\n\t\t\t\t\t<\/div>\n\t\t\t\t<\/div>\n\t\t<div class=\"elementor-element elementor-element-80df330 e-flex e-con-boxed e-con e-parent\" data-id=\"80df330\" data-element_type=\"container\" data-e-type=\"container\" data-settings=\"{&quot;jet_parallax_layout_list&quot;:[]}\">\n\t\t\t\t\t<div class=\"e-con-inner\">\n\t\t\t\t<div class=\"elementor-element elementor-element-7100226 elementor-widget elementor-widget-text-editor\" data-id=\"7100226\" data-element_type=\"widget\" data-e-type=\"widget\" data-widget_type=\"text-editor.default\">\n\t\t\t\t\t\t\t\t\t<p>Situ\u00e9e \u00e0 Pumanque, \u00e0 45 kilom\u00e8tres de Santa Cruz Colchagua, cette myrtilleraie offre une opportunit\u00e9 unique \u00e0 ceux qui souhaitent vivre en contact avec la nature et profiter d&#8217;une exp\u00e9rience de vie \u00e0 la campagne. Avec une superficie totale de 14,3 hectares (selon la mesure KMZ), dont environ 10 hectares sont plant\u00e9s, ce verger combine un cadre rural privil\u00e9gi\u00e9 avec une entreprise agricole pleinement op\u00e9rationnelle. <\/p>\t\t\t\t\t\t\t\t<\/div>\n\t\t\t\t\t<\/div>\n\t\t\t\t<\/div>\n\t\t<div class=\"elementor-element elementor-element-76d6598 e-flex e-con-boxed e-con e-parent\" data-id=\"76d6598\" data-element_type=\"container\" data-e-type=\"container\" data-settings=\"{&quot;jet_parallax_layout_list&quot;:[]}\">\n\t\t\t\t\t<div class=\"e-con-inner\">\n\t\t\t\t<div class=\"elementor-element elementor-element-17adeb5 elementor-widget elementor-widget-text-editor\" data-id=\"17adeb5\" data-element_type=\"widget\" data-e-type=\"widget\" data-widget_type=\"text-editor.default\">\n\t\t\t\t\t\t\t\t\t<p><strong>Caract\u00e9ristiques du verger<\/strong><\/p><ul><li>Superficie plant\u00e9e : 10 hectares r\u00e9partis en 8 quartiers, avec des vari\u00e9t\u00e9s de myrtilles telles que Duke, Star, Legacy et Emerald.<\/li><li>Densit\u00e9 de plantation : Entre 3 333 et 4 200 plantes par hectare.<\/li><li>Production estim\u00e9e : environ 100 000 kilos par an, avec des r\u00e9coltes \u00e9chelonn\u00e9es d&#8217;octobre \u00e0 janvier, id\u00e9ales pour le march\u00e9 local ou l&#8217;exportation.<\/li><li>Vari\u00e9t\u00e9s : Duke et Star (libres de droits), Legacy (haute production) et Emerald (gros calibre).<\/li><\/ul>\t\t\t\t\t\t\t\t<\/div>\n\t\t\t\t\t<\/div>\n\t\t\t\t<\/div>\n\t\t<div class=\"elementor-element elementor-element-e37193d e-flex e-con-boxed e-con e-parent\" data-id=\"e37193d\" data-element_type=\"container\" data-e-type=\"container\" data-settings=\"{&quot;jet_parallax_layout_list&quot;:[]}\">\n\t\t\t\t\t<div class=\"e-con-inner\">\n\t\t\t\t<div class=\"elementor-element elementor-element-c6e6cc7 elementor-widget elementor-widget-text-editor\" data-id=\"c6e6cc7\" data-element_type=\"widget\" data-e-type=\"widget\" data-widget_type=\"text-editor.default\">\n\t\t\t\t\t\t\t\t\t<p><strong>Infrastructure<\/strong><\/p><ul><li>Maison de g\u00e9rant : 170 m\u00b2, construction solide et pratiquement neuve, id\u00e9ale pour en faire votre maison \u00e0 la campagne.<\/li><li>Cantine et toilettes pour les travailleurs : cantine de 55 m\u00b2 avec installations sanitaires s\u00e9par\u00e9es pour les hommes et les femmes.<\/li><li>Grand hall d&#8217;emballage de 55 m\u00b2 environ.<\/li><li>Syst\u00e8me de fertilisation : semi-manuel avec des droits d&#8217;eau de surface de 50 000 m\u00b3 par mois.<\/li><li>2 tranques de agua para el riego, motores y paneles solares<\/li><li>Certificaciones: Hasta 2022, certificaciones FSMA y autorizaci\u00f3n para exportar.2 r\u00e9servoirs d&#8217;eau pour l&#8217;irrigation, moteurs et panneaux solaires<\/li><\/ul>\t\t\t\t\t\t\t\t<\/div>\n\t\t\t\t\t<\/div>\n\t\t\t\t<\/div>\n\t\t<div class=\"elementor-element elementor-element-5dcebcf e-flex e-con-boxed e-con e-parent\" data-id=\"5dcebcf\" data-element_type=\"container\" data-e-type=\"container\" data-settings=\"{&quot;jet_parallax_layout_list&quot;:[]}\">\n\t\t\t\t\t<div class=\"e-con-inner\">\n\t\t\t\t<div class=\"elementor-element elementor-element-d64420d elementor-widget elementor-widget-text-editor\" data-id=\"d64420d\" data-element_type=\"widget\" data-e-type=\"widget\" data-widget_type=\"text-editor.default\">\n\t\t\t\t\t\t\t\t\t<p><strong>Un style de vie unique<\/strong><\/p>\n<p>Cette ferme situ\u00e9e \u00e0 Pumanque, dans la r\u00e9gion de Colchagua, est id\u00e9ale pour ceux qui r\u00eavent d&#8217;une vie tranquille \u00e0 la campagne, au milieu de la nature et avec la possibilit\u00e9 d&#8217;\u00eatre autosuffisants. Vous pourrez profiter d&#8217;une entreprise en activit\u00e9 tout en vivant en contact avec un environnement naturel privil\u00e9gi\u00e9. De plus, sa situation strat\u00e9gique vous permet d&#8217;\u00eatre proche de lieux d&#8217;int\u00e9r\u00eat tels que Santa Cruz, le lac Vichuqu\u00e9n et les plages de Pichilemu, id\u00e9ales pour les escapades de fin de semaine.  <\/p>\t\t\t\t\t\t\t\t<\/div>\n\t\t\t\t\t<\/div>\n\t\t\t\t<\/div>\n\t\t<div class=\"elementor-element elementor-element-5a4d1eb e-flex e-con-boxed e-con e-parent\" data-id=\"5a4d1eb\" data-element_type=\"container\" data-e-type=\"container\" data-settings=\"{&quot;jet_parallax_layout_list&quot;:[]}\">\n\t\t\t\t\t<div class=\"e-con-inner\">\n\t\t\t\t<div class=\"elementor-element elementor-element-e782e6d elementor-widget elementor-widget-text-editor\" data-id=\"e782e6d\" data-element_type=\"widget\" data-e-type=\"widget\" data-widget_type=\"text-editor.default\">\n\t\t\t\t\t\t\t\t\t<p><strong>Avantages pour votre nouvelle vie<\/strong><\/p><ul><li>Connexion avec la nature : parfait pour ceux qui recherchent un changement de vie, de l&#8217;air frais et de la tranquillit\u00e9.<\/li><li>Opportunit\u00e9 d&#8217;autosuffisance : Cultivez votre propre nourriture et g\u00e9rez votre jardin comme un projet personnel.<\/li><li>Proximit\u00e9 strat\u00e9gique : profiter du calme de la campagne sans \u00eatre trop \u00e9loign\u00e9 des attractions touristiques et des services.<\/li><\/ul>\t\t\t\t\t\t\t\t<\/div>\n\t\t\t\t\t<\/div>\n\t\t\t\t<\/div>\n\t\t<div class=\"elementor-element elementor-element-182e0b6 e-flex e-con-boxed e-con e-parent\" data-id=\"182e0b6\" data-element_type=\"container\" data-e-type=\"container\" data-settings=\"{&quot;jet_parallax_layout_list&quot;:[]}\">\n\t\t\t\t\t<div class=\"e-con-inner\">\n\t\t\t\t<div class=\"elementor-element elementor-element-25aefa5 elementor-widget elementor-widget-text-editor\" data-id=\"25aefa5\" data-element_type=\"widget\" data-e-type=\"widget\" data-widget_type=\"text-editor.default\">\n\t\t\t\t\t\t\t\t\t<p>Ce jardin est plus qu&#8217;un investissement : c&#8217;est une invitation \u00e0 une exp\u00e9rience unique de vie \u00e0 la campagne, avec la possibilit\u00e9 de combiner votre maison avec une entreprise agricole en activit\u00e9.<\/p><p>Contactez-nous pour plus d&#8217;informations et pour planifier une visite !<\/p>\t\t\t\t\t\t\t\t<\/div>\n\t\t\t\t\t<\/div>\n\t\t\t\t<\/div>\n\t\t\t\t<\/div>\n\t\t","protected":false},"excerpt":{"rendered":"<p>Campagne \u00e0 Pumanque, Colchagua. Verger de myrtilles \u00e0 45 km de la ville de Santa Cruz. Il dispose de toutes les installations n\u00e9cessaires \u00e0 la production, des droits d&#8217;eau et d&#8217;une maison pour le gestionnaire.  <\/p>\n","protected":false},"featured_media":37589,"template":"","meta":{"_acf_changed":false},"product_brand":[],"product_cat":[158],"product_tag":[233],"regiones":[227],"ciudades":[222,447],"class_list":{"0":"post-37787","1":"product","2":"type-product","3":"status-publish","4":"has-post-thumbnail","6":"product_cat-valparaiso-maule-fr","7":"product_tag-champs","8":"regiones-valparaiso-maule","9":"ciudades-curico","10":"ciudades-santa-cruz","12":"first","13":"instock","14":"shipping-taxable","15":"purchasable","16":"product-type-simple"},"acf":[],"yoast_head":"<!-- This site is optimized with the Yoast SEO Premium plugin v26.0 (Yoast SEO v27.3) - https:\/\/yoast.com\/product\/yoast-seo-premium-wordpress\/ -->\n<title>Plot rivi\u00e8re Petrohu\u00e9<\/title>\n<meta name=\"description\" content=\"D\u00e9couvrez cette myrtillerie \u00e0 Pumanque, 14,3 hectares avec des vari\u00e9t\u00e9s \u00e0 haute production, infrastructure compl\u00e8te pr\u00eate \u00e0 d\u00e9marrer.\" \/>\n<meta name=\"robots\" content=\"index, follow, max-snippet:-1, max-image-preview:large, max-video-preview:-1\" \/>\n<link rel=\"canonical\" href=\"https:\/\/produncan.cl\/fr\/produit\/verger-potrero-largo-pumanque-region-de-ohiggins\/\" \/>\n<meta property=\"og:locale\" content=\"fr_FR\" \/>\n<meta property=\"og:type\" content=\"article\" \/>\n<meta property=\"og:title\" content=\"Ferme \u00e0 Pumanque, Potrero Largo - Colchagua - R\u00e9gion de O&#039;Higgins\" \/>\n<meta property=\"og:description\" content=\"Verger de myrtilles situ\u00e9 \u00e0 Pumanque, \u00e0 45 km \u00e0 l&#039;ouest de Santa Cruz Colchagua. Elle a une superficie totale de 14,3 hectares, avec toutes les installations n\u00e9cessaires \u00e0 la production, les droits d&#039; eau et la maison du g\u00e9rant.\" \/>\n<meta property=\"og:url\" content=\"https:\/\/produncan.cl\/fr\/produit\/verger-potrero-largo-pumanque-region-de-ohiggins\/\" \/>\n<meta property=\"og:site_name\" content=\"Produncan\" \/>\n<meta property=\"article:publisher\" content=\"https:\/\/web.facebook.com\/produncanland\" \/>\n<meta property=\"article:modified_time\" content=\"2025-11-28T17:01:39+00:00\" \/>\n<meta property=\"og:image\" content=\"https:\/\/produncan.cl\/wp-content\/uploads\/2025\/01\/Huerto-Potrero-Largo.webp\" \/>\n<meta name=\"twitter:card\" content=\"summary_large_image\" \/>\n<meta name=\"twitter:label1\" content=\"Price\" \/>\n\t<meta name=\"twitter:data1\" content=\"USD417.500,00\" \/>\n\t<meta name=\"twitter:label2\" content=\"Availability\" \/>\n\t<meta name=\"twitter:data2\" content=\"In stock\" \/>\n<script type=\"application\/ld+json\" class=\"yoast-schema-graph\">{\"@context\":\"https:\\\/\\\/schema.org\",\"@graph\":[{\"@type\":\"WebPage\",\"@id\":\"https:\\\/\\\/produncan.cl\\\/fr\\\/produit\\\/verger-potrero-largo-pumanque-region-de-ohiggins\\\/\",\"url\":\"https:\\\/\\\/produncan.cl\\\/fr\\\/produit\\\/verger-potrero-largo-pumanque-region-de-ohiggins\\\/\",\"name\":\"Plot rivi\u00e8re Petrohu\u00e9\",\"isPartOf\":{\"@id\":\"https:\\\/\\\/produncan.cl\\\/fr\\\/#website\"},\"primaryImageOfPage\":{\"@id\":\"https:\\\/\\\/produncan.cl\\\/fr\\\/produit\\\/verger-potrero-largo-pumanque-region-de-ohiggins\\\/#primaryimage\"},\"image\":{\"@id\":\"https:\\\/\\\/produncan.cl\\\/fr\\\/produit\\\/verger-potrero-largo-pumanque-region-de-ohiggins\\\/#primaryimage\"},\"thumbnailUrl\":\"https:\\\/\\\/produncan.cl\\\/wp-content\\\/uploads\\\/2025\\\/01\\\/Huerto-Potrero-Largo.webp\",\"datePublished\":\"2025-01-08T16:35:09+00:00\",\"dateModified\":\"2025-11-28T17:01:39+00:00\",\"description\":\"D\u00e9couvrez cette myrtillerie \u00e0 Pumanque, 14,3 hectares avec des vari\u00e9t\u00e9s \u00e0 haute production, infrastructure compl\u00e8te pr\u00eate \u00e0 d\u00e9marrer.\",\"breadcrumb\":{\"@id\":\"https:\\\/\\\/produncan.cl\\\/fr\\\/produit\\\/verger-potrero-largo-pumanque-region-de-ohiggins\\\/#breadcrumb\"},\"inLanguage\":\"fr-FR\",\"potentialAction\":[{\"@type\":\"ReadAction\",\"target\":[\"https:\\\/\\\/produncan.cl\\\/fr\\\/produit\\\/verger-potrero-largo-pumanque-region-de-ohiggins\\\/\"]}]},{\"@type\":\"ImageObject\",\"inLanguage\":\"fr-FR\",\"@id\":\"https:\\\/\\\/produncan.cl\\\/fr\\\/produit\\\/verger-potrero-largo-pumanque-region-de-ohiggins\\\/#primaryimage\",\"url\":\"https:\\\/\\\/produncan.cl\\\/wp-content\\\/uploads\\\/2025\\\/01\\\/Huerto-Potrero-Largo.webp\",\"contentUrl\":\"https:\\\/\\\/produncan.cl\\\/wp-content\\\/uploads\\\/2025\\\/01\\\/Huerto-Potrero-Largo.webp\",\"width\":800,\"height\":600,\"caption\":\"Long jardin Potrero\"},{\"@type\":\"BreadcrumbList\",\"@id\":\"https:\\\/\\\/produncan.cl\\\/fr\\\/produit\\\/verger-potrero-largo-pumanque-region-de-ohiggins\\\/#breadcrumb\",\"itemListElement\":[{\"@type\":\"ListItem\",\"position\":1,\"name\":\"Inicio\",\"item\":\"https:\\\/\\\/produncan.cl\\\/fr\\\/\"},{\"@type\":\"ListItem\",\"position\":2,\"name\":\"Propri\u00e9t\u00e9s\",\"item\":\"https:\\\/\\\/produncan.cl\\\/propiedades\\\/\"},{\"@type\":\"ListItem\",\"position\":3,\"name\":\"Champs\",\"item\":\"https:\\\/\\\/produncan.cl\\\/fr\\\/cat&eacute;gorie\\\/champs\\\/\"},{\"@type\":\"ListItem\",\"position\":4,\"name\":\"Ferme \u00e0 Pumanque, Potrero Largo &#8211; Colchagua &#8211; R\u00e9gion de O&#8217;Higgins\"}]},{\"@type\":\"WebSite\",\"@id\":\"https:\\\/\\\/produncan.cl\\\/fr\\\/#website\",\"url\":\"https:\\\/\\\/produncan.cl\\\/fr\\\/\",\"name\":\"Produncan\",\"description\":\"Nous vous accompagnons dans votre projet de vie !\",\"publisher\":{\"@id\":\"https:\\\/\\\/produncan.cl\\\/fr\\\/#organization\"},\"potentialAction\":[{\"@type\":\"SearchAction\",\"target\":{\"@type\":\"EntryPoint\",\"urlTemplate\":\"https:\\\/\\\/produncan.cl\\\/fr\\\/?s={search_term_string}\"},\"query-input\":{\"@type\":\"PropertyValueSpecification\",\"valueRequired\":true,\"valueName\":\"search_term_string\"}}],\"inLanguage\":\"fr-FR\"},{\"@type\":\"Organization\",\"@id\":\"https:\\\/\\\/produncan.cl\\\/fr\\\/#organization\",\"name\":\"Produncan\",\"url\":\"https:\\\/\\\/produncan.cl\\\/fr\\\/\",\"logo\":{\"@type\":\"ImageObject\",\"inLanguage\":\"fr-FR\",\"@id\":\"https:\\\/\\\/produncan.cl\\\/fr\\\/#\\\/schema\\\/logo\\\/image\\\/\",\"url\":\"https:\\\/\\\/produncan.cl\\\/wp-content\\\/uploads\\\/2021\\\/03\\\/LOGO.jpeg\",\"contentUrl\":\"https:\\\/\\\/produncan.cl\\\/wp-content\\\/uploads\\\/2021\\\/03\\\/LOGO.jpeg\",\"width\":1280,\"height\":903,\"caption\":\"Produncan\"},\"image\":{\"@id\":\"https:\\\/\\\/produncan.cl\\\/fr\\\/#\\\/schema\\\/logo\\\/image\\\/\"},\"sameAs\":[\"https:\\\/\\\/web.facebook.com\\\/produncanland\",\"https:\\\/\\\/www.instagram.com\\\/pro_duncan\\\/\",\"https:\\\/\\\/www.linkedin.com\\\/company\\\/produncan-lands\\\/\",\"https:\\\/\\\/www.youtube.com\\\/channel\\\/UCu7N-f3x0svkazD-Eew1-QQ\"],\"description\":\"En Produncan somos especialistas en la venta de terrenos en el sur de Chile. Proveemos estancias, campos, parcelas y hoteles.\",\"email\":\"info@produncan.cl\"}]}<\/script>\n<meta property=\"og:video\" content=\"https:\/\/www.youtube.com\/embed\/DS5mb6-OuB8\" \/>\n<meta property=\"og:video:type\" content=\"text\/html\" \/>\n<meta property=\"og:video:duration\" content=\"117\" \/>\n<meta property=\"og:video:width\" content=\"480\" \/>\n<meta property=\"og:video:height\" content=\"270\" \/>\n<meta property=\"ya:ovs:adult\" content=\"false\" \/>\n<meta property=\"ya:ovs:upload_date\" content=\"2025-01-08T16:35:09+00:00\" \/>\n<meta property=\"ya:ovs:allow_embed\" content=\"true\" \/>\n<meta property=\"product:price:amount\" content=\"417500.00\" \/>\n<meta property=\"product:price:currency\" content=\"USD\" \/>\n<meta property=\"og:availability\" content=\"instock\" \/>\n<meta property=\"product:availability\" content=\"instock\" \/>\n<meta property=\"product:condition\" content=\"new\" \/>\n<!-- \/ Yoast SEO Premium plugin. -->","yoast_head_json":{"title":"Plot rivi\u00e8re Petrohu\u00e9","description":"D\u00e9couvrez cette myrtillerie \u00e0 Pumanque, 14,3 hectares avec des vari\u00e9t\u00e9s \u00e0 haute production, infrastructure compl\u00e8te pr\u00eate \u00e0 d\u00e9marrer.","robots":{"index":"index","follow":"follow","max-snippet":"max-snippet:-1","max-image-preview":"max-image-preview:large","max-video-preview":"max-video-preview:-1"},"canonical":"https:\/\/produncan.cl\/fr\/produit\/verger-potrero-largo-pumanque-region-de-ohiggins\/","og_locale":"fr_FR","og_type":"article","og_title":"Ferme \u00e0 Pumanque, Potrero Largo - Colchagua - R\u00e9gion de O'Higgins","og_description":"Verger de myrtilles situ\u00e9 \u00e0 Pumanque, \u00e0 45 km \u00e0 l'ouest de Santa Cruz Colchagua. Elle a une superficie totale de 14,3 hectares, avec toutes les installations n\u00e9cessaires \u00e0 la production, les droits d' eau et la maison du g\u00e9rant.","og_url":"https:\/\/produncan.cl\/fr\/produit\/verger-potrero-largo-pumanque-region-de-ohiggins\/","og_site_name":"Produncan","article_publisher":"https:\/\/web.facebook.com\/produncanland","article_modified_time":"2025-11-28T17:01:39+00:00","og_image":[{"url":"https:\/\/produncan.cl\/wp-content\/uploads\/2025\/01\/Huerto-Potrero-Largo.webp","type":"","width":"","height":""}],"twitter_card":"summary_large_image","twitter_misc":{"Price":"USD417.500,00","Availability":"In stock"},"schema":{"@context":"https:\/\/schema.org","@graph":[{"@type":"WebPage","@id":"https:\/\/produncan.cl\/fr\/produit\/verger-potrero-largo-pumanque-region-de-ohiggins\/","url":"https:\/\/produncan.cl\/fr\/produit\/verger-potrero-largo-pumanque-region-de-ohiggins\/","name":"Plot rivi\u00e8re Petrohu\u00e9","isPartOf":{"@id":"https:\/\/produncan.cl\/fr\/#website"},"primaryImageOfPage":{"@id":"https:\/\/produncan.cl\/fr\/produit\/verger-potrero-largo-pumanque-region-de-ohiggins\/#primaryimage"},"image":{"@id":"https:\/\/produncan.cl\/fr\/produit\/verger-potrero-largo-pumanque-region-de-ohiggins\/#primaryimage"},"thumbnailUrl":"https:\/\/produncan.cl\/wp-content\/uploads\/2025\/01\/Huerto-Potrero-Largo.webp","datePublished":"2025-01-08T16:35:09+00:00","dateModified":"2025-11-28T17:01:39+00:00","description":"D\u00e9couvrez cette myrtillerie \u00e0 Pumanque, 14,3 hectares avec des vari\u00e9t\u00e9s \u00e0 haute production, infrastructure compl\u00e8te pr\u00eate \u00e0 d\u00e9marrer.","breadcrumb":{"@id":"https:\/\/produncan.cl\/fr\/produit\/verger-potrero-largo-pumanque-region-de-ohiggins\/#breadcrumb"},"inLanguage":"fr-FR","potentialAction":[{"@type":"ReadAction","target":["https:\/\/produncan.cl\/fr\/produit\/verger-potrero-largo-pumanque-region-de-ohiggins\/"]}]},{"@type":"ImageObject","inLanguage":"fr-FR","@id":"https:\/\/produncan.cl\/fr\/produit\/verger-potrero-largo-pumanque-region-de-ohiggins\/#primaryimage","url":"https:\/\/produncan.cl\/wp-content\/uploads\/2025\/01\/Huerto-Potrero-Largo.webp","contentUrl":"https:\/\/produncan.cl\/wp-content\/uploads\/2025\/01\/Huerto-Potrero-Largo.webp","width":800,"height":600,"caption":"Long jardin Potrero"},{"@type":"BreadcrumbList","@id":"https:\/\/produncan.cl\/fr\/produit\/verger-potrero-largo-pumanque-region-de-ohiggins\/#breadcrumb","itemListElement":[{"@type":"ListItem","position":1,"name":"Inicio","item":"https:\/\/produncan.cl\/fr\/"},{"@type":"ListItem","position":2,"name":"Propri\u00e9t\u00e9s","item":"https:\/\/produncan.cl\/propiedades\/"},{"@type":"ListItem","position":3,"name":"Champs","item":"https:\/\/produncan.cl\/fr\/cat&eacute;gorie\/champs\/"},{"@type":"ListItem","position":4,"name":"Ferme \u00e0 Pumanque, Potrero Largo &#8211; Colchagua &#8211; R\u00e9gion de O&#8217;Higgins"}]},{"@type":"WebSite","@id":"https:\/\/produncan.cl\/fr\/#website","url":"https:\/\/produncan.cl\/fr\/","name":"Produncan","description":"Nous vous accompagnons dans votre projet de vie !","publisher":{"@id":"https:\/\/produncan.cl\/fr\/#organization"},"potentialAction":[{"@type":"SearchAction","target":{"@type":"EntryPoint","urlTemplate":"https:\/\/produncan.cl\/fr\/?s={search_term_string}"},"query-input":{"@type":"PropertyValueSpecification","valueRequired":true,"valueName":"search_term_string"}}],"inLanguage":"fr-FR"},{"@type":"Organization","@id":"https:\/\/produncan.cl\/fr\/#organization","name":"Produncan","url":"https:\/\/produncan.cl\/fr\/","logo":{"@type":"ImageObject","inLanguage":"fr-FR","@id":"https:\/\/produncan.cl\/fr\/#\/schema\/logo\/image\/","url":"https:\/\/produncan.cl\/wp-content\/uploads\/2021\/03\/LOGO.jpeg","contentUrl":"https:\/\/produncan.cl\/wp-content\/uploads\/2021\/03\/LOGO.jpeg","width":1280,"height":903,"caption":"Produncan"},"image":{"@id":"https:\/\/produncan.cl\/fr\/#\/schema\/logo\/image\/"},"sameAs":["https:\/\/web.facebook.com\/produncanland","https:\/\/www.instagram.com\/pro_duncan\/","https:\/\/www.linkedin.com\/company\/produncan-lands\/","https:\/\/www.youtube.com\/channel\/UCu7N-f3x0svkazD-Eew1-QQ"],"description":"En Produncan somos especialistas en la venta de terrenos en el sur de Chile. Proveemos estancias, campos, parcelas y hoteles.","email":"info@produncan.cl"}]},"og_video":"https:\/\/www.youtube.com\/embed\/DS5mb6-OuB8","og_video_type":"text\/html","og_video_duration":"117","og_video_width":"480","og_video_height":"270","ya_ovs_adult":"false","ya_ovs_upload_date":"2025-01-08T16:35:09+00:00","ya_ovs_allow_embed":"true","product_price_amount":"417500.00","product_price_currency":"USD","og_availability":"instock","product_availability":"instock","product_condition":"new"},"_links":{"self":[{"href":"https:\/\/produncan.cl\/fr\/wp-json\/wp\/v2\/product\/37787","targetHints":{"allow":["GET"]}}],"collection":[{"href":"https:\/\/produncan.cl\/fr\/wp-json\/wp\/v2\/product"}],"about":[{"href":"https:\/\/produncan.cl\/fr\/wp-json\/wp\/v2\/types\/product"}],"version-history":[{"count":2,"href":"https:\/\/produncan.cl\/fr\/wp-json\/wp\/v2\/product\/37787\/revisions"}],"predecessor-version":[{"id":52371,"href":"https:\/\/produncan.cl\/fr\/wp-json\/wp\/v2\/product\/37787\/revisions\/52371"}],"wp:featuredmedia":[{"embeddable":true,"href":"https:\/\/produncan.cl\/fr\/wp-json\/wp\/v2\/media\/37589"}],"wp:attachment":[{"href":"https:\/\/produncan.cl\/fr\/wp-json\/wp\/v2\/media?parent=37787"}],"wp:term":[{"taxonomy":"product_brand","embeddable":true,"href":"https:\/\/produncan.cl\/fr\/wp-json\/wp\/v2\/product_brand?post=37787"},{"taxonomy":"product_cat","embeddable":true,"href":"https:\/\/produncan.cl\/fr\/wp-json\/wp\/v2\/product_cat?post=37787"},{"taxonomy":"product_tag","embeddable":true,"href":"https:\/\/produncan.cl\/fr\/wp-json\/wp\/v2\/product_tag?post=37787"},{"taxonomy":"regiones","embeddable":true,"href":"https:\/\/produncan.cl\/fr\/wp-json\/wp\/v2\/regiones?post=37787"},{"taxonomy":"ciudades","embeddable":true,"href":"https:\/\/produncan.cl\/fr\/wp-json\/wp\/v2\/ciudades?post=37787"}],"curies":[{"name":"wp","href":"https:\/\/api.w.org\/{rel}","templated":true}]}}