{"id":38391,"date":"2025-01-17T13:21:04","date_gmt":"2025-01-17T16:21:04","guid":{"rendered":"https:\/\/produncan.cl\/producto\/terrain-a-los-muermos-alto-canitas-region-de-los-lagos\/"},"modified":"2026-03-12T13:02:34","modified_gmt":"2026-03-12T16:02:34","slug":"terrain-a-los-muermos-alto-canitas-region-de-los-lagos","status":"publish","type":"product","link":"https:\/\/produncan.cl\/fr\/produit\/terrain-a-los-muermos-alto-canitas-region-de-los-lagos\/","title":{"rendered":"Terrain \u00e0 Los Muermos, Alto Ca\u00f1itas &#8211; R\u00e9gion de Los Lagos"},"content":{"rendered":"\t\t<div data-elementor-type=\"product-post\" data-elementor-id=\"38391\" class=\"elementor elementor-38391 elementor-38075\" data-elementor-post-type=\"product\">\n\t\t\t\t<div class=\"elementor-element elementor-element-a58a0e7 e-flex e-con-boxed e-con e-parent\" data-id=\"a58a0e7\" data-element_type=\"container\" data-e-type=\"container\" data-settings=\"{&quot;jet_parallax_layout_list&quot;:[]}\">\n\t\t\t\t\t<div class=\"e-con-inner\">\n\t\t\t\t<div class=\"elementor-element elementor-element-9114f2e elementor-widget elementor-widget-heading\" data-id=\"9114f2e\" data-element_type=\"widget\" data-e-type=\"widget\" data-widget_type=\"heading.default\">\n\t\t\t\t\t<h2 class=\"elementor-heading-title elementor-size-default\">Terrain \u00e0 15 minutes de Los Muermos avec prairie et belle vue.<\/h2>\t\t\t\t<\/div>\n\t\t\t\t\t<\/div>\n\t\t\t\t<\/div>\n\t\t<div class=\"elementor-element elementor-element-8e566c1 e-flex e-con-boxed e-con e-parent\" data-id=\"8e566c1\" data-element_type=\"container\" data-e-type=\"container\" data-settings=\"{&quot;jet_parallax_layout_list&quot;:[]}\">\n\t\t\t\t\t<div class=\"e-con-inner\">\n\t\t\t\t<div class=\"elementor-element elementor-element-5ad7256 elementor-widget elementor-widget-text-editor\" data-id=\"5ad7256\" data-element_type=\"widget\" data-e-type=\"widget\" data-widget_type=\"text-editor.default\">\n\t\t\t\t\t\t\t\t\t<p>Ce terrain de 2,27 hectares \u00e0 Ca\u00f1itas, Los Muermos, Estaci\u00f3n R\u00edo Frio, est situ\u00e9 dans une zone \u00e9lev\u00e9e, prot\u00e9g\u00e9e et priv\u00e9e, offrant une belle vue panoramique sur la cha\u00eene de montagnes. La propri\u00e9t\u00e9 combine le meilleur de la vie rurale avec un emplacement strat\u00e9gique et accessible. Vous trouverez ici un espace unique pour vivre ou d\u00e9velopper vos projets, avec la tranquillit\u00e9 de la campagne, mais connect\u00e9 \u00e0 des points cl\u00e9s tels que Los Muermos, \u00e0 15 minutes, et l&#8217;a\u00e9roport El Tepual, \u00e0 seulement 32 minutes.  <\/p>\n<p>Caract\u00e9ristiques du terrain :<\/p>\n<ul>\n<li>Topographie : Surface rectangulaire en pente douce, id\u00e9ale pour les petits projets agricoles, d&#8217;\u00e9levage et familiaux.<\/li>\n<li>Suelo: F\u00e9rtil, perfecto para cultivos o praderas productivas.\n<\/li>\n<\/ul>\n<p>\u00c9lectricit\u00e9 et eau :<\/p>\n<ul>\n<li>Ligne \u00e9lectrique \u00e0 seulement 120 m\u00e8tres du terrain.<\/li>\n<li>Eau disponible par l&#8217;interm\u00e9diaire de l&#8217;APR Agua Potable (\u00e0 120 m\u00e8tres) ou d&#8217;un puits profond (co\u00fbt approximatif : 7 000 000 $).\n<\/li>\n<\/ul>\n<p>Environnement naturel :<\/p>\n<ul>\n<li>90 % de prairies et 10 % d&#8217;arbres indig\u00e8nes. Des for\u00eats indig\u00e8nes entourent la propri\u00e9t\u00e9. <\/li>\n<li>Vue spectaculaire sur la cha\u00eene de montagnes et le volcan Osorno dans son amplitude maximale.<\/li>\n<li>Climat : temp\u00e9r\u00e9 et pluvieux, id\u00e9al pour maintenir la fertilit\u00e9 des sols et profiter de paysages verdoyants tout au long de l&#8217;ann\u00e9e.\n<\/li>\n<\/ul>\n<h4>Avantages de la vie dans le secteur de l&#8217;Alto de Ca\u00f1itas :<\/h4>\n<p>Connexion strat\u00e9gique :<\/p>\n<ul>\n<li>\u00c0 quelques minutes seulement de Los Muermos et d&#8217;autres points d&#8217;int\u00e9r\u00eat tels que Puerto Varas et Lago Llanquihue.<\/li>\n<li>Excellent acc\u00e8s avec seulement 120 m\u00e8tres de chemin de servitude bien entretenu.<\/li>\n<li>Proximit\u00e9 de l&#8217;a\u00e9roport El Tepual : parfait pour ceux qui doivent voyager fr\u00e9quemment.<\/li>\n<li>35 minutes de Puerto Varas.\n<\/li>\n<\/ul>\n<p>Services et t\u00e9l\u00e9communications :<\/p>\n<ul>\n<li>Les transports publics sont disponibles dans la r\u00e9gion.<\/li>\n<li>Signal de t\u00e9l\u00e9communications, id\u00e9al pour ceux qui recherchent la paix et la tranquillit\u00e9 sans perdre la connexion avec le monde.\n<\/li>\n<\/ul>\n<p>Environnement naturel et attractions \u00e0 proximit\u00e9 :<\/p>\n<ul>\n<li>Entour\u00e9 par les rivi\u00e8res Llico et \u00d1adi, et proche des charmes d&#8217;Estaquilla et de Llico Bajo.\n<\/li>\n<\/ul>\n<p>Pourquoi choisir cette propri\u00e9t\u00e9 :<\/p>\n<ul>\n<li>Polyvalence : id\u00e9al pour les projets agricoles, familiaux ou d&#8217;investissement.<\/li>\n<li>Beaut\u00e9 du paysage : Profitez de vues magnifiques et d&#8217;un lien unique avec la nature.<\/li>\n<li>Accessibilit\u00e9 : Une situation privil\u00e9gi\u00e9e au c\u0153ur de la dixi\u00e8me r\u00e9gion, alliant tranquillit\u00e9 et d\u00e9veloppement.\n<\/li>\n<\/ul>\n<p>C&#8217;est l&#8217;occasion de vivre dans un lieu qui allie nature, tranquillit\u00e9 et connectivit\u00e9, contactez-nous d\u00e8s aujourd&#8217;hui pour programmer une visite et en savoir plus sur cette incroyable propri\u00e9t\u00e9 ! <\/p>\n\t\t\t\t\t\t\t\t<\/div>\n\t\t\t\t\t<\/div>\n\t\t\t\t<\/div>\n\t\t\t\t<\/div>\n\t\t","protected":false},"excerpt":{"rendered":"<p>Terrain \u00e0 Ca\u00f1itas, Los Muermos, Estaci\u00f3n R\u00edo Frio. Principalement prairie, 10 % de v\u00e9g\u00e9tation indig\u00e8ne, belle vue sur la cordill\u00e8re, eau par APR, \u00e0 120 m\u00e8tres de la ligne \u00e9lectrique et de la route goudronn\u00e9e.  32 minutes de l&#8217;a\u00e9roport et 35 minutes de Puerto Varas.<\/p>\n","protected":false},"featured_media":49364,"template":"","meta":{"_acf_changed":false},"product_brand":[],"product_cat":[113],"product_tag":[236],"regiones":[226],"ciudades":[216],"class_list":{"0":"post-38391","1":"product","2":"type-product","3":"status-publish","4":"has-post-thumbnail","6":"product_cat-ohiggins-los-lagos-fr","7":"product_tag-parcelles","8":"regiones-nuble-los_lagos","9":"ciudades-los-muermos","11":"first","12":"outofstock","13":"sold-individually","14":"shipping-taxable","15":"product-type-simple"},"acf":[],"yoast_head":"<!-- This site is optimized with the Yoast SEO Premium plugin v26.0 (Yoast SEO v27.3) - https:\/\/yoast.com\/product\/yoast-seo-premium-wordpress\/ -->\n<title>Terrain \u00e0 Los Muermos, Alto Ca\u00f1itas - R\u00e9gion de Los Lagos - Produncan<\/title>\n<meta name=\"description\" content=\"Terrain \u00e0 Ca\u00f1itas, Los Muermos, Station R\u00edo Frio, 2,27 hectares. Principalement prairie, 10% indig\u00e8ne, belle vue sur la cha\u00eene de montagnes, eau par APR, 120 de la ligne \u00e9lectrique et de l&#039;asphalte.\" \/>\n<meta name=\"robots\" content=\"index, follow, max-snippet:-1, max-image-preview:large, max-video-preview:-1\" \/>\n<link rel=\"canonical\" href=\"https:\/\/produncan.cl\/fr\/produit\/terrain-a-los-muermos-alto-canitas-region-de-los-lagos\/\" \/>\n<meta property=\"og:locale\" content=\"fr_FR\" \/>\n<meta property=\"og:type\" content=\"article\" \/>\n<meta property=\"og:title\" content=\"Terrain \u00e0 Los Muermos, Alto Ca\u00f1itas - R\u00e9gion de Los Lagos\" \/>\n<meta property=\"og:description\" content=\"Terrain \u00e0 Ca\u00f1itas, Los Muermos, Station R\u00edo Frio, 2,27 hectares. Principalement prairie, 10% indig\u00e8ne, belle vue sur la cha\u00eene de montagnes, eau par APR, 120 de la ligne \u00e9lectrique et de l&#039;asphalte.\" \/>\n<meta property=\"og:url\" content=\"https:\/\/produncan.cl\/fr\/produit\/terrain-a-los-muermos-alto-canitas-region-de-los-lagos\/\" \/>\n<meta property=\"og:site_name\" content=\"Produncan\" \/>\n<meta property=\"article:publisher\" content=\"https:\/\/web.facebook.com\/produncanland\" \/>\n<meta property=\"article:modified_time\" content=\"2026-03-12T16:02:34+00:00\" \/>\n<meta property=\"og:image\" content=\"https:\/\/produncan.cl\/wp-content\/uploads\/2025\/01\/Alto-Canitas-vendido.webp\" \/>\n\t<meta property=\"og:image:width\" content=\"600\" \/>\n\t<meta property=\"og:image:height\" content=\"450\" \/>\n\t<meta property=\"og:image:type\" content=\"image\/webp\" \/>\n<meta name=\"twitter:card\" content=\"summary_large_image\" \/>\n<meta name=\"twitter:label1\" content=\"Price\" \/>\n\t<meta name=\"twitter:data1\" content=\"\" \/>\n\t<meta name=\"twitter:label2\" content=\"Availability\" \/>\n\t<meta name=\"twitter:data2\" content=\"Out of stock\" \/>\n<script type=\"application\/ld+json\" class=\"yoast-schema-graph\">{\"@context\":\"https:\\\/\\\/schema.org\",\"@graph\":[{\"@type\":\"WebPage\",\"@id\":\"https:\\\/\\\/produncan.cl\\\/fr\\\/produit\\\/terrain-a-los-muermos-alto-canitas-region-de-los-lagos\\\/\",\"url\":\"https:\\\/\\\/produncan.cl\\\/fr\\\/produit\\\/terrain-a-los-muermos-alto-canitas-region-de-los-lagos\\\/\",\"name\":\"Terrain \u00e0 Los Muermos, Alto Ca\u00f1itas - R\u00e9gion de Los Lagos - Produncan\",\"isPartOf\":{\"@id\":\"https:\\\/\\\/produncan.cl\\\/fr\\\/#website\"},\"primaryImageOfPage\":{\"@id\":\"https:\\\/\\\/produncan.cl\\\/fr\\\/produit\\\/terrain-a-los-muermos-alto-canitas-region-de-los-lagos\\\/#primaryimage\"},\"image\":{\"@id\":\"https:\\\/\\\/produncan.cl\\\/fr\\\/produit\\\/terrain-a-los-muermos-alto-canitas-region-de-los-lagos\\\/#primaryimage\"},\"thumbnailUrl\":\"https:\\\/\\\/produncan.cl\\\/wp-content\\\/uploads\\\/2025\\\/01\\\/Alto-Canitas-vendido.webp\",\"datePublished\":\"2025-01-17T16:21:04+00:00\",\"dateModified\":\"2026-03-12T16:02:34+00:00\",\"description\":\"Terrain \u00e0 Ca\u00f1itas, Los Muermos, Station R\u00edo Frio, 2,27 hectares. Principalement prairie, 10% indig\u00e8ne, belle vue sur la cha\u00eene de montagnes, eau par APR, 120 de la ligne \u00e9lectrique et de l'asphalte.\",\"breadcrumb\":{\"@id\":\"https:\\\/\\\/produncan.cl\\\/fr\\\/produit\\\/terrain-a-los-muermos-alto-canitas-region-de-los-lagos\\\/#breadcrumb\"},\"inLanguage\":\"fr-FR\",\"potentialAction\":[{\"@type\":\"ReadAction\",\"target\":[\"https:\\\/\\\/produncan.cl\\\/fr\\\/produit\\\/terrain-a-los-muermos-alto-canitas-region-de-los-lagos\\\/\"]}]},{\"@type\":\"ImageObject\",\"inLanguage\":\"fr-FR\",\"@id\":\"https:\\\/\\\/produncan.cl\\\/fr\\\/produit\\\/terrain-a-los-muermos-alto-canitas-region-de-los-lagos\\\/#primaryimage\",\"url\":\"https:\\\/\\\/produncan.cl\\\/wp-content\\\/uploads\\\/2025\\\/01\\\/Alto-Canitas-vendido.webp\",\"contentUrl\":\"https:\\\/\\\/produncan.cl\\\/wp-content\\\/uploads\\\/2025\\\/01\\\/Alto-Canitas-vendido.webp\",\"width\":600,\"height\":450,\"caption\":\"Hautes Ca\u00f1itas vendues\"},{\"@type\":\"BreadcrumbList\",\"@id\":\"https:\\\/\\\/produncan.cl\\\/fr\\\/produit\\\/terrain-a-los-muermos-alto-canitas-region-de-los-lagos\\\/#breadcrumb\",\"itemListElement\":[{\"@type\":\"ListItem\",\"position\":1,\"name\":\"Inicio\",\"item\":\"https:\\\/\\\/produncan.cl\\\/fr\\\/\"},{\"@type\":\"ListItem\",\"position\":2,\"name\":\"Propri\u00e9t\u00e9s\",\"item\":\"https:\\\/\\\/produncan.cl\\\/propiedades\\\/\"},{\"@type\":\"ListItem\",\"position\":3,\"name\":\"Parcelles\",\"item\":\"https:\\\/\\\/produncan.cl\\\/fr\\\/cat&eacute;gorie\\\/parcelles\\\/\"},{\"@type\":\"ListItem\",\"position\":4,\"name\":\"Terrain \u00e0 Los Muermos, Alto Ca\u00f1itas &#8211; R\u00e9gion de Los Lagos\"}]},{\"@type\":\"WebSite\",\"@id\":\"https:\\\/\\\/produncan.cl\\\/fr\\\/#website\",\"url\":\"https:\\\/\\\/produncan.cl\\\/fr\\\/\",\"name\":\"Produncan\",\"description\":\"Nous vous accompagnons dans votre projet de vie !\",\"publisher\":{\"@id\":\"https:\\\/\\\/produncan.cl\\\/fr\\\/#organization\"},\"potentialAction\":[{\"@type\":\"SearchAction\",\"target\":{\"@type\":\"EntryPoint\",\"urlTemplate\":\"https:\\\/\\\/produncan.cl\\\/fr\\\/?s={search_term_string}\"},\"query-input\":{\"@type\":\"PropertyValueSpecification\",\"valueRequired\":true,\"valueName\":\"search_term_string\"}}],\"inLanguage\":\"fr-FR\"},{\"@type\":\"Organization\",\"@id\":\"https:\\\/\\\/produncan.cl\\\/fr\\\/#organization\",\"name\":\"Produncan\",\"url\":\"https:\\\/\\\/produncan.cl\\\/fr\\\/\",\"logo\":{\"@type\":\"ImageObject\",\"inLanguage\":\"fr-FR\",\"@id\":\"https:\\\/\\\/produncan.cl\\\/fr\\\/#\\\/schema\\\/logo\\\/image\\\/\",\"url\":\"https:\\\/\\\/produncan.cl\\\/wp-content\\\/uploads\\\/2021\\\/03\\\/LOGO.jpeg\",\"contentUrl\":\"https:\\\/\\\/produncan.cl\\\/wp-content\\\/uploads\\\/2021\\\/03\\\/LOGO.jpeg\",\"width\":1280,\"height\":903,\"caption\":\"Produncan\"},\"image\":{\"@id\":\"https:\\\/\\\/produncan.cl\\\/fr\\\/#\\\/schema\\\/logo\\\/image\\\/\"},\"sameAs\":[\"https:\\\/\\\/web.facebook.com\\\/produncanland\",\"https:\\\/\\\/www.instagram.com\\\/pro_duncan\\\/\",\"https:\\\/\\\/www.linkedin.com\\\/company\\\/produncan-lands\\\/\",\"https:\\\/\\\/www.youtube.com\\\/channel\\\/UCu7N-f3x0svkazD-Eew1-QQ\"],\"description\":\"En Produncan somos especialistas en la venta de terrenos en el sur de Chile. Proveemos estancias, campos, parcelas y hoteles.\",\"email\":\"info@produncan.cl\"}]}<\/script>\n<meta property=\"og:video\" content=\"https:\/\/www.youtube.com\/embed\/X8GnrDgwY8s\" \/>\n<meta property=\"og:video:type\" content=\"text\/html\" \/>\n<meta property=\"og:video:duration\" content=\"87\" \/>\n<meta property=\"og:video:width\" content=\"480\" \/>\n<meta property=\"og:video:height\" content=\"270\" \/>\n<meta property=\"ya:ovs:adult\" content=\"false\" \/>\n<meta property=\"ya:ovs:upload_date\" content=\"2025-01-17T16:21:04+00:00\" \/>\n<meta property=\"ya:ovs:allow_embed\" content=\"true\" \/>\n<meta property=\"product:price:currency\" content=\"USD\" \/>\n<meta property=\"og:availability\" content=\"out of stock\" \/>\n<meta property=\"product:availability\" content=\"out of stock\" \/>\n<meta property=\"product:condition\" content=\"new\" \/>\n<!-- \/ Yoast SEO Premium plugin. -->","yoast_head_json":{"title":"Terrain \u00e0 Los Muermos, Alto Ca\u00f1itas - R\u00e9gion de Los Lagos - Produncan","description":"Terrain \u00e0 Ca\u00f1itas, Los Muermos, Station R\u00edo Frio, 2,27 hectares. Principalement prairie, 10% indig\u00e8ne, belle vue sur la cha\u00eene de montagnes, eau par APR, 120 de la ligne \u00e9lectrique et de l'asphalte.","robots":{"index":"index","follow":"follow","max-snippet":"max-snippet:-1","max-image-preview":"max-image-preview:large","max-video-preview":"max-video-preview:-1"},"canonical":"https:\/\/produncan.cl\/fr\/produit\/terrain-a-los-muermos-alto-canitas-region-de-los-lagos\/","og_locale":"fr_FR","og_type":"article","og_title":"Terrain \u00e0 Los Muermos, Alto Ca\u00f1itas - R\u00e9gion de Los Lagos","og_description":"Terrain \u00e0 Ca\u00f1itas, Los Muermos, Station R\u00edo Frio, 2,27 hectares. Principalement prairie, 10% indig\u00e8ne, belle vue sur la cha\u00eene de montagnes, eau par APR, 120 de la ligne \u00e9lectrique et de l'asphalte.","og_url":"https:\/\/produncan.cl\/fr\/produit\/terrain-a-los-muermos-alto-canitas-region-de-los-lagos\/","og_site_name":"Produncan","article_publisher":"https:\/\/web.facebook.com\/produncanland","article_modified_time":"2026-03-12T16:02:34+00:00","og_image":[{"width":600,"height":450,"url":"https:\/\/produncan.cl\/wp-content\/uploads\/2025\/01\/Alto-Canitas-vendido.webp","type":"image\/webp"}],"twitter_card":"summary_large_image","twitter_misc":{"Price":"","Availability":"Out of stock"},"schema":{"@context":"https:\/\/schema.org","@graph":[{"@type":"WebPage","@id":"https:\/\/produncan.cl\/fr\/produit\/terrain-a-los-muermos-alto-canitas-region-de-los-lagos\/","url":"https:\/\/produncan.cl\/fr\/produit\/terrain-a-los-muermos-alto-canitas-region-de-los-lagos\/","name":"Terrain \u00e0 Los Muermos, Alto Ca\u00f1itas - R\u00e9gion de Los Lagos - Produncan","isPartOf":{"@id":"https:\/\/produncan.cl\/fr\/#website"},"primaryImageOfPage":{"@id":"https:\/\/produncan.cl\/fr\/produit\/terrain-a-los-muermos-alto-canitas-region-de-los-lagos\/#primaryimage"},"image":{"@id":"https:\/\/produncan.cl\/fr\/produit\/terrain-a-los-muermos-alto-canitas-region-de-los-lagos\/#primaryimage"},"thumbnailUrl":"https:\/\/produncan.cl\/wp-content\/uploads\/2025\/01\/Alto-Canitas-vendido.webp","datePublished":"2025-01-17T16:21:04+00:00","dateModified":"2026-03-12T16:02:34+00:00","description":"Terrain \u00e0 Ca\u00f1itas, Los Muermos, Station R\u00edo Frio, 2,27 hectares. Principalement prairie, 10% indig\u00e8ne, belle vue sur la cha\u00eene de montagnes, eau par APR, 120 de la ligne \u00e9lectrique et de l'asphalte.","breadcrumb":{"@id":"https:\/\/produncan.cl\/fr\/produit\/terrain-a-los-muermos-alto-canitas-region-de-los-lagos\/#breadcrumb"},"inLanguage":"fr-FR","potentialAction":[{"@type":"ReadAction","target":["https:\/\/produncan.cl\/fr\/produit\/terrain-a-los-muermos-alto-canitas-region-de-los-lagos\/"]}]},{"@type":"ImageObject","inLanguage":"fr-FR","@id":"https:\/\/produncan.cl\/fr\/produit\/terrain-a-los-muermos-alto-canitas-region-de-los-lagos\/#primaryimage","url":"https:\/\/produncan.cl\/wp-content\/uploads\/2025\/01\/Alto-Canitas-vendido.webp","contentUrl":"https:\/\/produncan.cl\/wp-content\/uploads\/2025\/01\/Alto-Canitas-vendido.webp","width":600,"height":450,"caption":"Hautes Ca\u00f1itas vendues"},{"@type":"BreadcrumbList","@id":"https:\/\/produncan.cl\/fr\/produit\/terrain-a-los-muermos-alto-canitas-region-de-los-lagos\/#breadcrumb","itemListElement":[{"@type":"ListItem","position":1,"name":"Inicio","item":"https:\/\/produncan.cl\/fr\/"},{"@type":"ListItem","position":2,"name":"Propri\u00e9t\u00e9s","item":"https:\/\/produncan.cl\/propiedades\/"},{"@type":"ListItem","position":3,"name":"Parcelles","item":"https:\/\/produncan.cl\/fr\/cat&eacute;gorie\/parcelles\/"},{"@type":"ListItem","position":4,"name":"Terrain \u00e0 Los Muermos, Alto Ca\u00f1itas &#8211; R\u00e9gion de Los Lagos"}]},{"@type":"WebSite","@id":"https:\/\/produncan.cl\/fr\/#website","url":"https:\/\/produncan.cl\/fr\/","name":"Produncan","description":"Nous vous accompagnons dans votre projet de vie !","publisher":{"@id":"https:\/\/produncan.cl\/fr\/#organization"},"potentialAction":[{"@type":"SearchAction","target":{"@type":"EntryPoint","urlTemplate":"https:\/\/produncan.cl\/fr\/?s={search_term_string}"},"query-input":{"@type":"PropertyValueSpecification","valueRequired":true,"valueName":"search_term_string"}}],"inLanguage":"fr-FR"},{"@type":"Organization","@id":"https:\/\/produncan.cl\/fr\/#organization","name":"Produncan","url":"https:\/\/produncan.cl\/fr\/","logo":{"@type":"ImageObject","inLanguage":"fr-FR","@id":"https:\/\/produncan.cl\/fr\/#\/schema\/logo\/image\/","url":"https:\/\/produncan.cl\/wp-content\/uploads\/2021\/03\/LOGO.jpeg","contentUrl":"https:\/\/produncan.cl\/wp-content\/uploads\/2021\/03\/LOGO.jpeg","width":1280,"height":903,"caption":"Produncan"},"image":{"@id":"https:\/\/produncan.cl\/fr\/#\/schema\/logo\/image\/"},"sameAs":["https:\/\/web.facebook.com\/produncanland","https:\/\/www.instagram.com\/pro_duncan\/","https:\/\/www.linkedin.com\/company\/produncan-lands\/","https:\/\/www.youtube.com\/channel\/UCu7N-f3x0svkazD-Eew1-QQ"],"description":"En Produncan somos especialistas en la venta de terrenos en el sur de Chile. Proveemos estancias, campos, parcelas y hoteles.","email":"info@produncan.cl"}]},"og_video":"https:\/\/www.youtube.com\/embed\/X8GnrDgwY8s","og_video_type":"text\/html","og_video_duration":"87","og_video_width":"480","og_video_height":"270","ya_ovs_adult":"false","ya_ovs_upload_date":"2025-01-17T16:21:04+00:00","ya_ovs_allow_embed":"true","product_price_currency":"USD","og_availability":"out of stock","product_availability":"out of stock","product_condition":"new"},"_links":{"self":[{"href":"https:\/\/produncan.cl\/fr\/wp-json\/wp\/v2\/product\/38391","targetHints":{"allow":["GET"]}}],"collection":[{"href":"https:\/\/produncan.cl\/fr\/wp-json\/wp\/v2\/product"}],"about":[{"href":"https:\/\/produncan.cl\/fr\/wp-json\/wp\/v2\/types\/product"}],"version-history":[{"count":3,"href":"https:\/\/produncan.cl\/fr\/wp-json\/wp\/v2\/product\/38391\/revisions"}],"predecessor-version":[{"id":54873,"href":"https:\/\/produncan.cl\/fr\/wp-json\/wp\/v2\/product\/38391\/revisions\/54873"}],"wp:featuredmedia":[{"embeddable":true,"href":"https:\/\/produncan.cl\/fr\/wp-json\/wp\/v2\/media\/49364"}],"wp:attachment":[{"href":"https:\/\/produncan.cl\/fr\/wp-json\/wp\/v2\/media?parent=38391"}],"wp:term":[{"taxonomy":"product_brand","embeddable":true,"href":"https:\/\/produncan.cl\/fr\/wp-json\/wp\/v2\/product_brand?post=38391"},{"taxonomy":"product_cat","embeddable":true,"href":"https:\/\/produncan.cl\/fr\/wp-json\/wp\/v2\/product_cat?post=38391"},{"taxonomy":"product_tag","embeddable":true,"href":"https:\/\/produncan.cl\/fr\/wp-json\/wp\/v2\/product_tag?post=38391"},{"taxonomy":"regiones","embeddable":true,"href":"https:\/\/produncan.cl\/fr\/wp-json\/wp\/v2\/regiones?post=38391"},{"taxonomy":"ciudades","embeddable":true,"href":"https:\/\/produncan.cl\/fr\/wp-json\/wp\/v2\/ciudades?post=38391"}],"curies":[{"name":"wp","href":"https:\/\/api.w.org\/{rel}","templated":true}]}}