{"id":38495,"date":"2025-01-22T12:28:13","date_gmt":"2025-01-22T15:28:13","guid":{"rendered":"https:\/\/produncan.cl\/producto\/terrain-a-canitas-los-muermos-canitas-estate-los-lagos-region\/"},"modified":"2026-03-12T13:02:50","modified_gmt":"2026-03-12T16:02:50","slug":"terrain-a-canitas-los-muermos-canitas-estate-los-lagos-region","status":"publish","type":"product","link":"https:\/\/produncan.cl\/fr\/produit\/terrain-a-canitas-los-muermos-canitas-estate-los-lagos-region\/","title":{"rendered":"Terrain \u00e0 Ca\u00f1itas, Los Muermos &#8211; Ca\u00f1itas Estate, Los Lagos Region"},"content":{"rendered":"\t\t<div data-elementor-type=\"product-post\" data-elementor-id=\"38495\" class=\"elementor elementor-38495 elementor-38393\" data-elementor-post-type=\"product\">\n\t\t\t\t<div class=\"elementor-element elementor-element-de1aeef e-flex e-con-boxed e-con e-parent\" data-id=\"de1aeef\" data-element_type=\"container\" data-e-type=\"container\" data-settings=\"{&quot;jet_parallax_layout_list&quot;:[]}\">\n\t\t\t\t\t<div class=\"e-con-inner\">\n\t\t\t\t<div class=\"elementor-element elementor-element-5ff6ed3 elementor-widget elementor-widget-heading\" data-id=\"5ff6ed3\" data-element_type=\"widget\" data-e-type=\"widget\" data-widget_type=\"heading.default\">\n\t\t\t\t\t<h2 class=\"elementor-heading-title elementor-size-default\">Investissez dans une ferme \u00e0 proximit\u00e9 de la ville \u00e0 Ca\u00f1itas !<\/h2>\t\t\t\t<\/div>\n\t\t\t\t\t<\/div>\n\t\t\t\t<\/div>\n\t\t<div class=\"elementor-element elementor-element-66b90a8 e-flex e-con-boxed e-con e-parent\" data-id=\"66b90a8\" data-element_type=\"container\" data-e-type=\"container\" data-settings=\"{&quot;jet_parallax_layout_list&quot;:[]}\">\n\t\t\t\t\t<div class=\"e-con-inner\">\n\t\t\t\t<div class=\"elementor-element elementor-element-466318f elementor-widget elementor-widget-text-editor\" data-id=\"466318f\" data-element_type=\"widget\" data-e-type=\"widget\" data-widget_type=\"text-editor.default\">\n\t\t\t\t\t\t\t\t\t<p>D\u00e9couvrez cette belle propri\u00e9t\u00e9 de <strong>17,06 hectares<\/strong> situ\u00e9e dans le secteur de Ca\u00f1itas, commune de Los Muermos, dans la belle r\u00e9gion du Tenth. Id\u00e9ale pour ceux qui recherchent un espace autonome, parfait pour l&#8217;\u00e9levage d&#8217;animaux ou l&#8217;\u00e9tablissement de petites plantations de production. La proximit\u00e9 de <strong>Puerto Varas<\/strong> et de l&#8217;<strong>a\u00e9roport El Tepual<\/strong> (\u00e0 seulement 30 minutes) permet de profiter de la tranquillit\u00e9 de la campagne sans perdre le contact avec la ville.  <\/p>\n<p><strong>Caract\u00e9ristiques des terres<\/strong><\/p>\n<ul>\n<li><strong>Prix de vente :<\/strong> 204.000.000 CLP (12.000.000 CLP par hectare).<\/li>\n<li><strong>Superficie totale :<\/strong> 17,06 hectares enregistr\u00e9s.<\/li>\n<li><strong>Utilisation du sol :<\/strong> agriculture.<\/li>\n<li><strong>Topographie :<\/strong> surface rectangulaire et essentiellement plate.<\/li>\n<li><strong>Composition du sol :<\/strong> 11,77 hectares de terre s\u00e8che de quatri\u00e8me cat\u00e9gorie. 5,29 hectares de terre s\u00e8che de sixi\u00e8me cat\u00e9gorie. Terres fertiles, id\u00e9ales pour l&#8217;agriculture et l&#8217;\u00e9levage.  <\/li>\n<\/ul><div><br><\/div>\n<p><strong>Servicios y Factibilidades<\/strong><\/p>\n<ul>\n<li><strong>L&#8217;\u00e9lectricit\u00e9 :<\/strong>\n<ul>\n<li>Faisabilit\u00e9 de la connexion, avec un poteau de 1 200 m\u00e8tres.<\/li>\n<li>Opci\u00f3n de reducir esta distancia a 100 metros solicitando una servidumbre al vecino.<\/li>\n<\/ul>\n<\/li>\n<li><strong>L&#8217;eau :<\/strong>\n<\/li><ul>\n<li>Faisabilit\u00e9 de la connexion au syst\u00e8me APR \u00e0 1 200 m\u00e8tres.<\/li>\n<li>Puits profond (co\u00fbt approximatif : 7 000 000 $ CLP).<\/li>\n<\/ul>\n\n<\/ul><div><br><\/div>\n<p><strong>Environnement naturel<\/strong><\/p>\n<ul>\n<li><strong>Bord de l&#8217;eau :<\/strong> 147 m\u00e8tres environ face \u00e0 la <strong>rivi\u00e8re<\/strong> \u00d1adi, id\u00e9al pour profiter d&#8217;un environnement naturel unique.<\/li>\n<li><strong>V\u00e9g\u00e9tation :<\/strong> 80% de prairies et 20% d&#8217;arbres indig\u00e8nes (y compris des pellines et des arbres fruitiers tels que des pommiers et des pruniers).<\/li>\n<li><strong>Climat :<\/strong> temp\u00e9r\u00e9 et pluvieux, id\u00e9al pour maintenir la fertilit\u00e9 des sols et profiter de paysages verdoyants tout au long de l&#8217;ann\u00e9e.<\/li>\n<li><strong>Flora y Fauna:<\/strong> Pellines, arrayanes, tepas, ulmos, murta, bandurrias, chucaos, zorros y otras t\u00edpicos de la D\u00e9cima Regi\u00f3n.<\/li>\n<\/ul><div><br><\/div>\n<p><strong>Acc\u00e8s et connectivit\u00e9<\/strong><\/p>\n<ul>\n<li><strong>Distance par rapport \u00e0 l&#8217;asphalte :<\/strong> actuellement 1 200 m\u00e8tres au moyen d&#8217;une servitude enregistr\u00e9e. Cette distance peut \u00eatre r\u00e9duite \u00e0 100 m\u00e8tres seulement en demandant une nouvelle servitude au voisin. <\/li>\n<li><strong>Proximit\u00e9 des commodit\u00e9s et des attractions :<\/strong>\n<\/li><ul>\n<li>30 minutes de l&#8217;<strong>a\u00e9roport d&#8217;El Tepual<\/strong>.<\/li>\n<li>Transports publics disponibles.<\/li>\n<li>Signal de t\u00e9l\u00e9communications dans la r\u00e9gion.<\/li>\n<li>Attractions \u00e0 proximit\u00e9 : <strong>R\u00edo Llico<\/strong> et <strong>R\u00edo \u00d1adi<\/strong>.<\/li>\n<\/ul>\n\n<\/ul><div><br><\/div>\n<p><strong>Pourquoi choisir cette propri\u00e9t\u00e9<\/strong><\/p>\n<p>Cette ferme situ\u00e9e \u00e0 Ca\u00f1itas, Los Muermos, offre une combinaison parfaite de beaut\u00e9, de connectivit\u00e9 et de polyvalence. Elle est id\u00e9ale pour de petits projets d&#8217;agriculture et d&#8217;\u00e9levage ou comme investissement. Sa proximit\u00e9 avec des villes comme Ca\u00f1itas, Estaci\u00f3n R\u00edo Fr\u00edo et d&#8217;importants centres urbains et touristiques la rend unique sur le march\u00e9.  <\/p>\n<p><strong>Ne laissez pas passer cette opportunit\u00e9 !<\/strong> Contactez-nous d\u00e8s aujourd&#8217;hui pour planifier une visite et en savoir plus sur cet incroyable terrain \u00e0 Ca\u00f1itas.<\/p>\t\t\t\t\t\t\t\t<\/div>\n\t\t\t\t\t<\/div>\n\t\t\t\t<\/div>\n\t\t\t\t<\/div>\n\t\t","protected":false},"excerpt":{"rendered":"<p>Terrain \u00e0 Ca\u00f1itas, Los Muermos. Topographie plate, principalement des prairies, une rivi\u00e8re et \u00e0 32 minutes de l&#8217;a\u00e9roport El Tepual \u00e0 Puerto Montt. Id\u00e9al pour les petits projets d&#8217;\u00e9levage, agricoles et autosuffisants.  <\/p>\n","protected":false},"featured_media":49359,"template":"","meta":{"_acf_changed":false},"product_brand":[],"product_cat":[113],"product_tag":[233],"regiones":[226],"ciudades":[216],"class_list":{"0":"post-38495","1":"product","2":"type-product","3":"status-publish","4":"has-post-thumbnail","6":"product_cat-ohiggins-los-lagos-fr","7":"product_tag-champs","8":"regiones-nuble-los_lagos","9":"ciudades-los-muermos","11":"first","12":"outofstock","13":"sold-individually","14":"shipping-taxable","15":"product-type-simple"},"acf":[],"yoast_head":"<!-- This site is optimized with the Yoast SEO Premium plugin v26.0 (Yoast SEO v27.3) - https:\/\/yoast.com\/product\/yoast-seo-premium-wordpress\/ -->\n<title>Campagne \u00e0 Ca\u00f1itas, Los Muermos - R\u00e9gion de Los Lagos<\/title>\n<meta name=\"description\" content=\"Champ \u00e0 Ca\u00f1itas, Los Muermos, de 17,06 hectares. Topographie plate, principalement des prairies. Id\u00e9al pour le petit \u00e9levage et les projets agricoles.\" \/>\n<meta name=\"robots\" content=\"index, follow, max-snippet:-1, max-image-preview:large, max-video-preview:-1\" \/>\n<link rel=\"canonical\" href=\"https:\/\/produncan.cl\/fr\/produit\/terrain-a-canitas-los-muermos-canitas-estate-los-lagos-region\/\" \/>\n<meta property=\"og:locale\" content=\"fr_FR\" \/>\n<meta property=\"og:type\" content=\"article\" \/>\n<meta property=\"og:title\" content=\"Terrain \u00e0 Ca\u00f1itas, Los Muermos - Ca\u00f1itas Estate, Los Lagos Region\" \/>\n<meta property=\"og:description\" content=\"Ferme \u00e0 Ca\u00f1itas, Los Muermos, de 17,06 hectares. Topographie plate, principalement des prairies, rivi\u00e8re et \u00e0 32 minutes de l&#039;a\u00e9roport El Tepual de Puerto Montt. Id\u00e9al pour le petit \u00e9levage, l&#039;agriculture et les projets d&#039;autosuffisance.\" \/>\n<meta property=\"og:url\" content=\"https:\/\/produncan.cl\/fr\/produit\/terrain-a-canitas-los-muermos-canitas-estate-los-lagos-region\/\" \/>\n<meta property=\"og:site_name\" content=\"Produncan\" \/>\n<meta property=\"article:publisher\" content=\"https:\/\/web.facebook.com\/produncanland\" \/>\n<meta property=\"article:modified_time\" content=\"2026-03-12T16:02:50+00:00\" \/>\n<meta property=\"og:image\" content=\"https:\/\/produncan.cl\/wp-content\/uploads\/2025\/01\/Campo-en-Los-Muermos-Fundo-Canitas-Produncan.webp\" \/>\n<meta name=\"twitter:card\" content=\"summary_large_image\" \/>\n<meta name=\"twitter:label1\" content=\"Price\" \/>\n\t<meta name=\"twitter:data1\" content=\"\" \/>\n\t<meta name=\"twitter:label2\" content=\"Availability\" \/>\n\t<meta name=\"twitter:data2\" content=\"Out of stock\" \/>\n<script type=\"application\/ld+json\" class=\"yoast-schema-graph\">{\"@context\":\"https:\\\/\\\/schema.org\",\"@graph\":[{\"@type\":\"WebPage\",\"@id\":\"https:\\\/\\\/produncan.cl\\\/fr\\\/produit\\\/terrain-a-canitas-los-muermos-canitas-estate-los-lagos-region\\\/\",\"url\":\"https:\\\/\\\/produncan.cl\\\/fr\\\/produit\\\/terrain-a-canitas-los-muermos-canitas-estate-los-lagos-region\\\/\",\"name\":\"Campagne \u00e0 Ca\u00f1itas, Los Muermos - R\u00e9gion de Los Lagos\",\"isPartOf\":{\"@id\":\"https:\\\/\\\/produncan.cl\\\/fr\\\/#website\"},\"primaryImageOfPage\":{\"@id\":\"https:\\\/\\\/produncan.cl\\\/fr\\\/produit\\\/terrain-a-canitas-los-muermos-canitas-estate-los-lagos-region\\\/#primaryimage\"},\"image\":{\"@id\":\"https:\\\/\\\/produncan.cl\\\/fr\\\/produit\\\/terrain-a-canitas-los-muermos-canitas-estate-los-lagos-region\\\/#primaryimage\"},\"thumbnailUrl\":\"https:\\\/\\\/produncan.cl\\\/wp-content\\\/uploads\\\/2025\\\/01\\\/Fundo-Canitas-vendido.webp\",\"datePublished\":\"2025-01-22T15:28:13+00:00\",\"dateModified\":\"2026-03-12T16:02:50+00:00\",\"description\":\"Champ \u00e0 Ca\u00f1itas, Los Muermos, de 17,06 hectares. Topographie plate, principalement des prairies. Id\u00e9al pour le petit \u00e9levage et les projets agricoles.\",\"breadcrumb\":{\"@id\":\"https:\\\/\\\/produncan.cl\\\/fr\\\/produit\\\/terrain-a-canitas-los-muermos-canitas-estate-los-lagos-region\\\/#breadcrumb\"},\"inLanguage\":\"fr-FR\",\"potentialAction\":[{\"@type\":\"ReadAction\",\"target\":[\"https:\\\/\\\/produncan.cl\\\/fr\\\/produit\\\/terrain-a-canitas-los-muermos-canitas-estate-los-lagos-region\\\/\"]}]},{\"@type\":\"ImageObject\",\"inLanguage\":\"fr-FR\",\"@id\":\"https:\\\/\\\/produncan.cl\\\/fr\\\/produit\\\/terrain-a-canitas-los-muermos-canitas-estate-los-lagos-region\\\/#primaryimage\",\"url\":\"https:\\\/\\\/produncan.cl\\\/wp-content\\\/uploads\\\/2025\\\/01\\\/Fundo-Canitas-vendido.webp\",\"contentUrl\":\"https:\\\/\\\/produncan.cl\\\/wp-content\\\/uploads\\\/2025\\\/01\\\/Fundo-Canitas-vendido.webp\",\"width\":600,\"height\":450,\"caption\":\"Fundo Ca\u00f1itas vendu\"},{\"@type\":\"BreadcrumbList\",\"@id\":\"https:\\\/\\\/produncan.cl\\\/fr\\\/produit\\\/terrain-a-canitas-los-muermos-canitas-estate-los-lagos-region\\\/#breadcrumb\",\"itemListElement\":[{\"@type\":\"ListItem\",\"position\":1,\"name\":\"Inicio\",\"item\":\"https:\\\/\\\/produncan.cl\\\/fr\\\/\"},{\"@type\":\"ListItem\",\"position\":2,\"name\":\"Propri\u00e9t\u00e9s\",\"item\":\"https:\\\/\\\/produncan.cl\\\/propiedades\\\/\"},{\"@type\":\"ListItem\",\"position\":3,\"name\":\"Champs\",\"item\":\"https:\\\/\\\/produncan.cl\\\/fr\\\/cat&eacute;gorie\\\/champs\\\/\"},{\"@type\":\"ListItem\",\"position\":4,\"name\":\"Terrain \u00e0 Ca\u00f1itas, Los Muermos &#8211; Ca\u00f1itas Estate, Los Lagos Region\"}]},{\"@type\":\"WebSite\",\"@id\":\"https:\\\/\\\/produncan.cl\\\/fr\\\/#website\",\"url\":\"https:\\\/\\\/produncan.cl\\\/fr\\\/\",\"name\":\"Produncan\",\"description\":\"Nous vous accompagnons dans votre projet de vie !\",\"publisher\":{\"@id\":\"https:\\\/\\\/produncan.cl\\\/fr\\\/#organization\"},\"potentialAction\":[{\"@type\":\"SearchAction\",\"target\":{\"@type\":\"EntryPoint\",\"urlTemplate\":\"https:\\\/\\\/produncan.cl\\\/fr\\\/?s={search_term_string}\"},\"query-input\":{\"@type\":\"PropertyValueSpecification\",\"valueRequired\":true,\"valueName\":\"search_term_string\"}}],\"inLanguage\":\"fr-FR\"},{\"@type\":\"Organization\",\"@id\":\"https:\\\/\\\/produncan.cl\\\/fr\\\/#organization\",\"name\":\"Produncan\",\"url\":\"https:\\\/\\\/produncan.cl\\\/fr\\\/\",\"logo\":{\"@type\":\"ImageObject\",\"inLanguage\":\"fr-FR\",\"@id\":\"https:\\\/\\\/produncan.cl\\\/fr\\\/#\\\/schema\\\/logo\\\/image\\\/\",\"url\":\"https:\\\/\\\/produncan.cl\\\/wp-content\\\/uploads\\\/2021\\\/03\\\/LOGO.jpeg\",\"contentUrl\":\"https:\\\/\\\/produncan.cl\\\/wp-content\\\/uploads\\\/2021\\\/03\\\/LOGO.jpeg\",\"width\":1280,\"height\":903,\"caption\":\"Produncan\"},\"image\":{\"@id\":\"https:\\\/\\\/produncan.cl\\\/fr\\\/#\\\/schema\\\/logo\\\/image\\\/\"},\"sameAs\":[\"https:\\\/\\\/web.facebook.com\\\/produncanland\",\"https:\\\/\\\/www.instagram.com\\\/pro_duncan\\\/\",\"https:\\\/\\\/www.linkedin.com\\\/company\\\/produncan-lands\\\/\",\"https:\\\/\\\/www.youtube.com\\\/channel\\\/UCu7N-f3x0svkazD-Eew1-QQ\"],\"description\":\"En Produncan somos especialistas en la venta de terrenos en el sur de Chile. Proveemos estancias, campos, parcelas y hoteles.\",\"email\":\"info@produncan.cl\"}]}<\/script>\n<meta property=\"og:video\" content=\"https:\/\/www.youtube.com\/embed\/DDk0duJvIbY\" \/>\n<meta property=\"og:video:type\" content=\"text\/html\" \/>\n<meta property=\"og:video:duration\" content=\"118\" \/>\n<meta property=\"og:video:width\" content=\"480\" \/>\n<meta property=\"og:video:height\" content=\"270\" \/>\n<meta property=\"ya:ovs:adult\" content=\"false\" \/>\n<meta property=\"ya:ovs:upload_date\" content=\"2025-01-22T15:28:13+00:00\" \/>\n<meta property=\"ya:ovs:allow_embed\" content=\"true\" \/>\n<meta property=\"product:price:currency\" content=\"USD\" \/>\n<meta property=\"og:availability\" content=\"out of stock\" \/>\n<meta property=\"product:availability\" content=\"out of stock\" \/>\n<meta property=\"product:condition\" content=\"new\" \/>\n<!-- \/ Yoast SEO Premium plugin. -->","yoast_head_json":{"title":"Campagne \u00e0 Ca\u00f1itas, Los Muermos - R\u00e9gion de Los Lagos","description":"Champ \u00e0 Ca\u00f1itas, Los Muermos, de 17,06 hectares. Topographie plate, principalement des prairies. Id\u00e9al pour le petit \u00e9levage et les projets agricoles.","robots":{"index":"index","follow":"follow","max-snippet":"max-snippet:-1","max-image-preview":"max-image-preview:large","max-video-preview":"max-video-preview:-1"},"canonical":"https:\/\/produncan.cl\/fr\/produit\/terrain-a-canitas-los-muermos-canitas-estate-los-lagos-region\/","og_locale":"fr_FR","og_type":"article","og_title":"Terrain \u00e0 Ca\u00f1itas, Los Muermos - Ca\u00f1itas Estate, Los Lagos Region","og_description":"Ferme \u00e0 Ca\u00f1itas, Los Muermos, de 17,06 hectares. Topographie plate, principalement des prairies, rivi\u00e8re et \u00e0 32 minutes de l'a\u00e9roport El Tepual de Puerto Montt. Id\u00e9al pour le petit \u00e9levage, l'agriculture et les projets d'autosuffisance.","og_url":"https:\/\/produncan.cl\/fr\/produit\/terrain-a-canitas-los-muermos-canitas-estate-los-lagos-region\/","og_site_name":"Produncan","article_publisher":"https:\/\/web.facebook.com\/produncanland","article_modified_time":"2026-03-12T16:02:50+00:00","og_image":[{"url":"https:\/\/produncan.cl\/wp-content\/uploads\/2025\/01\/Campo-en-Los-Muermos-Fundo-Canitas-Produncan.webp","type":"","width":"","height":""}],"twitter_card":"summary_large_image","twitter_misc":{"Price":"","Availability":"Out of stock"},"schema":{"@context":"https:\/\/schema.org","@graph":[{"@type":"WebPage","@id":"https:\/\/produncan.cl\/fr\/produit\/terrain-a-canitas-los-muermos-canitas-estate-los-lagos-region\/","url":"https:\/\/produncan.cl\/fr\/produit\/terrain-a-canitas-los-muermos-canitas-estate-los-lagos-region\/","name":"Campagne \u00e0 Ca\u00f1itas, Los Muermos - R\u00e9gion de Los Lagos","isPartOf":{"@id":"https:\/\/produncan.cl\/fr\/#website"},"primaryImageOfPage":{"@id":"https:\/\/produncan.cl\/fr\/produit\/terrain-a-canitas-los-muermos-canitas-estate-los-lagos-region\/#primaryimage"},"image":{"@id":"https:\/\/produncan.cl\/fr\/produit\/terrain-a-canitas-los-muermos-canitas-estate-los-lagos-region\/#primaryimage"},"thumbnailUrl":"https:\/\/produncan.cl\/wp-content\/uploads\/2025\/01\/Fundo-Canitas-vendido.webp","datePublished":"2025-01-22T15:28:13+00:00","dateModified":"2026-03-12T16:02:50+00:00","description":"Champ \u00e0 Ca\u00f1itas, Los Muermos, de 17,06 hectares. Topographie plate, principalement des prairies. Id\u00e9al pour le petit \u00e9levage et les projets agricoles.","breadcrumb":{"@id":"https:\/\/produncan.cl\/fr\/produit\/terrain-a-canitas-los-muermos-canitas-estate-los-lagos-region\/#breadcrumb"},"inLanguage":"fr-FR","potentialAction":[{"@type":"ReadAction","target":["https:\/\/produncan.cl\/fr\/produit\/terrain-a-canitas-los-muermos-canitas-estate-los-lagos-region\/"]}]},{"@type":"ImageObject","inLanguage":"fr-FR","@id":"https:\/\/produncan.cl\/fr\/produit\/terrain-a-canitas-los-muermos-canitas-estate-los-lagos-region\/#primaryimage","url":"https:\/\/produncan.cl\/wp-content\/uploads\/2025\/01\/Fundo-Canitas-vendido.webp","contentUrl":"https:\/\/produncan.cl\/wp-content\/uploads\/2025\/01\/Fundo-Canitas-vendido.webp","width":600,"height":450,"caption":"Fundo Ca\u00f1itas vendu"},{"@type":"BreadcrumbList","@id":"https:\/\/produncan.cl\/fr\/produit\/terrain-a-canitas-los-muermos-canitas-estate-los-lagos-region\/#breadcrumb","itemListElement":[{"@type":"ListItem","position":1,"name":"Inicio","item":"https:\/\/produncan.cl\/fr\/"},{"@type":"ListItem","position":2,"name":"Propri\u00e9t\u00e9s","item":"https:\/\/produncan.cl\/propiedades\/"},{"@type":"ListItem","position":3,"name":"Champs","item":"https:\/\/produncan.cl\/fr\/cat&eacute;gorie\/champs\/"},{"@type":"ListItem","position":4,"name":"Terrain \u00e0 Ca\u00f1itas, Los Muermos &#8211; Ca\u00f1itas Estate, Los Lagos Region"}]},{"@type":"WebSite","@id":"https:\/\/produncan.cl\/fr\/#website","url":"https:\/\/produncan.cl\/fr\/","name":"Produncan","description":"Nous vous accompagnons dans votre projet de vie !","publisher":{"@id":"https:\/\/produncan.cl\/fr\/#organization"},"potentialAction":[{"@type":"SearchAction","target":{"@type":"EntryPoint","urlTemplate":"https:\/\/produncan.cl\/fr\/?s={search_term_string}"},"query-input":{"@type":"PropertyValueSpecification","valueRequired":true,"valueName":"search_term_string"}}],"inLanguage":"fr-FR"},{"@type":"Organization","@id":"https:\/\/produncan.cl\/fr\/#organization","name":"Produncan","url":"https:\/\/produncan.cl\/fr\/","logo":{"@type":"ImageObject","inLanguage":"fr-FR","@id":"https:\/\/produncan.cl\/fr\/#\/schema\/logo\/image\/","url":"https:\/\/produncan.cl\/wp-content\/uploads\/2021\/03\/LOGO.jpeg","contentUrl":"https:\/\/produncan.cl\/wp-content\/uploads\/2021\/03\/LOGO.jpeg","width":1280,"height":903,"caption":"Produncan"},"image":{"@id":"https:\/\/produncan.cl\/fr\/#\/schema\/logo\/image\/"},"sameAs":["https:\/\/web.facebook.com\/produncanland","https:\/\/www.instagram.com\/pro_duncan\/","https:\/\/www.linkedin.com\/company\/produncan-lands\/","https:\/\/www.youtube.com\/channel\/UCu7N-f3x0svkazD-Eew1-QQ"],"description":"En Produncan somos especialistas en la venta de terrenos en el sur de Chile. Proveemos estancias, campos, parcelas y hoteles.","email":"info@produncan.cl"}]},"og_video":"https:\/\/www.youtube.com\/embed\/DDk0duJvIbY","og_video_type":"text\/html","og_video_duration":"118","og_video_width":"480","og_video_height":"270","ya_ovs_adult":"false","ya_ovs_upload_date":"2025-01-22T15:28:13+00:00","ya_ovs_allow_embed":"true","product_price_currency":"USD","og_availability":"out of stock","product_availability":"out of stock","product_condition":"new"},"_links":{"self":[{"href":"https:\/\/produncan.cl\/fr\/wp-json\/wp\/v2\/product\/38495","targetHints":{"allow":["GET"]}}],"collection":[{"href":"https:\/\/produncan.cl\/fr\/wp-json\/wp\/v2\/product"}],"about":[{"href":"https:\/\/produncan.cl\/fr\/wp-json\/wp\/v2\/types\/product"}],"version-history":[{"count":1,"href":"https:\/\/produncan.cl\/fr\/wp-json\/wp\/v2\/product\/38495\/revisions"}],"predecessor-version":[{"id":52356,"href":"https:\/\/produncan.cl\/fr\/wp-json\/wp\/v2\/product\/38495\/revisions\/52356"}],"wp:featuredmedia":[{"embeddable":true,"href":"https:\/\/produncan.cl\/fr\/wp-json\/wp\/v2\/media\/49359"}],"wp:attachment":[{"href":"https:\/\/produncan.cl\/fr\/wp-json\/wp\/v2\/media?parent=38495"}],"wp:term":[{"taxonomy":"product_brand","embeddable":true,"href":"https:\/\/produncan.cl\/fr\/wp-json\/wp\/v2\/product_brand?post=38495"},{"taxonomy":"product_cat","embeddable":true,"href":"https:\/\/produncan.cl\/fr\/wp-json\/wp\/v2\/product_cat?post=38495"},{"taxonomy":"product_tag","embeddable":true,"href":"https:\/\/produncan.cl\/fr\/wp-json\/wp\/v2\/product_tag?post=38495"},{"taxonomy":"regiones","embeddable":true,"href":"https:\/\/produncan.cl\/fr\/wp-json\/wp\/v2\/regiones?post=38495"},{"taxonomy":"ciudades","embeddable":true,"href":"https:\/\/produncan.cl\/fr\/wp-json\/wp\/v2\/ciudades?post=38495"}],"curies":[{"name":"wp","href":"https:\/\/api.w.org\/{rel}","templated":true}]}}