{"id":38743,"date":"2025-01-27T17:52:32","date_gmt":"2025-01-27T20:52:32","guid":{"rendered":"https:\/\/produncan.cl\/producto\/champ-a-purranque-alto-palomar-region-des-lacs\/"},"modified":"2025-12-04T17:09:58","modified_gmt":"2025-12-04T20:09:58","slug":"champ-a-purranque-alto-palomar-region-des-lacs","status":"publish","type":"product","link":"https:\/\/produncan.cl\/fr\/produit\/champ-a-purranque-alto-palomar-region-des-lacs\/","title":{"rendered":"Champ \u00e0 Purranque &#8211; Alto Palomar, R\u00e9gion des lacs"},"content":{"rendered":"\t\t<div data-elementor-type=\"product-post\" data-elementor-id=\"38743\" class=\"elementor elementor-38743 elementor-38576\" data-elementor-post-type=\"product\">\n\t\t\t\t<div class=\"elementor-element elementor-element-fbe5b00 e-flex e-con-boxed e-con e-parent\" data-id=\"fbe5b00\" data-element_type=\"container\" data-e-type=\"container\" data-settings=\"{&quot;jet_parallax_layout_list&quot;:[]}\">\n\t\t\t\t\t<div class=\"e-con-inner\">\n\t\t\t\t<div class=\"elementor-element elementor-element-bb9feb4 elementor-widget elementor-widget-heading\" data-id=\"bb9feb4\" data-element_type=\"widget\" data-e-type=\"widget\" data-widget_type=\"heading.default\">\n\t\t\t\t\t<h2 class=\"elementor-heading-title elementor-size-default\">7 hectares de terrain \u00e0 Purranque avec une vue imprenable sur le volcan Osorno.<\/h2>\t\t\t\t<\/div>\n\t\t\t\t\t<\/div>\n\t\t\t\t<\/div>\n\t\t<div class=\"elementor-element elementor-element-2c307ef e-flex e-con-boxed e-con e-parent\" data-id=\"2c307ef\" data-element_type=\"container\" data-e-type=\"container\" data-settings=\"{&quot;jet_parallax_layout_list&quot;:[]}\">\n\t\t\t\t\t<div class=\"e-con-inner\">\n\t\t\t\t<div class=\"elementor-element elementor-element-48a8cdc elementor-widget elementor-widget-text-editor\" data-id=\"48a8cdc\" data-element_type=\"widget\" data-e-type=\"widget\" data-widget_type=\"text-editor.default\">\n\t\t\t\t\t\t\t\t\t<p>Situ\u00e9e dans le secteur de Palomar, dans la commune de Purranque, dans la r\u00e9gion de Los Lagos, cette parcelle de 7 hectares est parfaite pour de petits projets d&#8217;agriculture ou d&#8217;\u00e9levage, et pour avoir sa maison au sud. Sa topographie compl\u00e8tement plate, et 95% de sa surface en prairie, en font un terrain id\u00e9al pour d\u00e9velopper vos id\u00e9es. <\/p><p>D&#8217;un prix de 160 000 000 000 $, le terrain dispose de son propre cadastre, d&#8217;une servitude enregistr\u00e9e de 600 m\u00e8tres et d&#8217;une vue imprenable sur le volcan Osorno. Il b\u00e9n\u00e9ficie \u00e9galement d&#8217;une excellente exposition solaire, ce qui garantit un environnement optimal pour les activit\u00e9s agricoles et les habitations familiales. La ligne \u00e9lectrique passe \u00e0 600 m\u00e8tres du terrain et il dispose d&#8217;un syst\u00e8me rural d&#8217;approvisionnement en eau potable (APR).  <\/p><p>Accessible par une route de gravier en excellent \u00e9tat et \u00e0 seulement 500 m\u00e8tres du tarmac, le terrain est bien desservi : il se trouve \u00e0 1 heure de l&#8217;a\u00e9roport El Tepual (Puerto Montt) et \u00e0 50 minutes de l&#8217;a\u00e9roport Ca\u00f1al Bajo (Osorno). Il dispose \u00e9galement de transports publics et d&#8217;un bon signal de t\u00e9l\u00e9communications. <\/p><p>Des attractions proches telles que le parc national de Puyehue, le lac Llanquihue et la proximit\u00e9 de villes telles qu&#8217;Osorno, Purranque, Frutillar et Puerto Varas compl\u00e8tent cette situation privil\u00e9gi\u00e9e. Avec un climat oc\u00e9anique temp\u00e9r\u00e9 qui offre des hivers pluvieux et des \u00e9t\u00e9s chauds, cette terre est le point de d\u00e9part id\u00e9al pour construire votre avenir dans le sud du Chili. <\/p><p>Investissez dans ce terrain unique et donnez vie \u00e0 vos projets !<\/p>\t\t\t\t\t\t\t\t<\/div>\n\t\t\t\t\t<\/div>\n\t\t\t\t<\/div>\n\t\t\t\t<\/div>\n\t\t","protected":false},"excerpt":{"rendered":"<p>Terrain plat \u00e0 Purranque, compos\u00e9 \u00e0 95 % de prairies, avec vue sur le volcan Osorno, acc\u00e8s proche \u00e0 une route goudronn\u00e9e, \u00e9lectricit\u00e9 et eau potable rurale. Connectez-vous \u00e0 la nature et cr\u00e9ez votre projet. <\/p>\n","protected":false},"featured_media":38580,"template":"","meta":{"_acf_changed":false},"product_brand":[],"product_cat":[113],"product_tag":[233],"regiones":[226],"ciudades":[228,454],"class_list":{"0":"post-38743","1":"product","2":"type-product","3":"status-publish","4":"has-post-thumbnail","6":"product_cat-ohiggins-los-lagos-fr","7":"product_tag-champs","8":"regiones-nuble-los_lagos","9":"ciudades-frutillar","10":"ciudades-purranque","12":"first","13":"instock","14":"shipping-taxable","15":"purchasable","16":"product-type-simple"},"acf":[],"yoast_head":"<!-- This site is optimized with the Yoast SEO Premium plugin v26.0 (Yoast SEO v27.3) - https:\/\/yoast.com\/product\/yoast-seo-premium-wordpress\/ -->\n<title>Champ \u00e0 Purranque - Alto Palomar, R\u00e9gion des lacs - Produncan<\/title>\n<meta name=\"description\" content=\"Terrain \u00e0 Purranque avec 7 hectares de plat, 95% de prairie, vue sur le volcan Osorno, acc\u00e8s proche de l&#039;asphalte, \u00e9lectricit\u00e9 et eau potable rurale.\" \/>\n<meta name=\"robots\" content=\"index, follow, max-snippet:-1, max-image-preview:large, max-video-preview:-1\" \/>\n<link rel=\"canonical\" href=\"https:\/\/produncan.cl\/fr\/produit\/champ-a-purranque-alto-palomar-region-des-lacs\/\" \/>\n<meta property=\"og:locale\" content=\"fr_FR\" \/>\n<meta property=\"og:type\" content=\"article\" \/>\n<meta property=\"og:title\" content=\"Champ \u00e0 Purranque - Alto Palomar, R\u00e9gion des lacs\" \/>\n<meta property=\"og:description\" content=\"Terrain \u00e0 Purranque de 7 hectares plats, 95% de prairie, vue sur le volcan Osorno, acc\u00e8s proche \u00e0 l&#039;asphalte, \u00e0 l&#039;\u00e9lectricit\u00e9 et \u00e0 l&#039;eau potable rurale. Connectez-vous avec la nature et cr\u00e9ez votre projet.\" \/>\n<meta property=\"og:url\" content=\"https:\/\/produncan.cl\/fr\/produit\/champ-a-purranque-alto-palomar-region-des-lacs\/\" \/>\n<meta property=\"og:site_name\" content=\"Produncan\" \/>\n<meta property=\"article:publisher\" content=\"https:\/\/web.facebook.com\/produncanland\" \/>\n<meta property=\"article:modified_time\" content=\"2025-12-04T20:09:58+00:00\" \/>\n<meta property=\"og:image\" content=\"https:\/\/produncan.cl\/wp-content\/uploads\/2025\/01\/Campo-Palomar-en-Purranque.webp\" \/>\n<meta name=\"twitter:card\" content=\"summary_large_image\" \/>\n<meta name=\"twitter:label1\" content=\"Price\" \/>\n\t<meta name=\"twitter:data1\" content=\"USD130.500,00\" \/>\n\t<meta name=\"twitter:label2\" content=\"Availability\" \/>\n\t<meta name=\"twitter:data2\" content=\"In stock\" \/>\n<script type=\"application\/ld+json\" class=\"yoast-schema-graph\">{\"@context\":\"https:\\\/\\\/schema.org\",\"@graph\":[{\"@type\":\"WebPage\",\"@id\":\"https:\\\/\\\/produncan.cl\\\/fr\\\/produit\\\/champ-a-purranque-alto-palomar-region-des-lacs\\\/\",\"url\":\"https:\\\/\\\/produncan.cl\\\/fr\\\/produit\\\/champ-a-purranque-alto-palomar-region-des-lacs\\\/\",\"name\":\"Champ \u00e0 Purranque - Alto Palomar, R\u00e9gion des lacs - Produncan\",\"isPartOf\":{\"@id\":\"https:\\\/\\\/produncan.cl\\\/fr\\\/#website\"},\"primaryImageOfPage\":{\"@id\":\"https:\\\/\\\/produncan.cl\\\/fr\\\/produit\\\/champ-a-purranque-alto-palomar-region-des-lacs\\\/#primaryimage\"},\"image\":{\"@id\":\"https:\\\/\\\/produncan.cl\\\/fr\\\/produit\\\/champ-a-purranque-alto-palomar-region-des-lacs\\\/#primaryimage\"},\"thumbnailUrl\":\"https:\\\/\\\/produncan.cl\\\/wp-content\\\/uploads\\\/2025\\\/01\\\/Campo-Palomar-en-Purranque.webp\",\"datePublished\":\"2025-01-27T20:52:32+00:00\",\"dateModified\":\"2025-12-04T20:09:58+00:00\",\"description\":\"Terrain \u00e0 Purranque avec 7 hectares de plat, 95% de prairie, vue sur le volcan Osorno, acc\u00e8s proche de l'asphalte, \u00e9lectricit\u00e9 et eau potable rurale.\",\"breadcrumb\":{\"@id\":\"https:\\\/\\\/produncan.cl\\\/fr\\\/produit\\\/champ-a-purranque-alto-palomar-region-des-lacs\\\/#breadcrumb\"},\"inLanguage\":\"fr-FR\",\"potentialAction\":[{\"@type\":\"ReadAction\",\"target\":[\"https:\\\/\\\/produncan.cl\\\/fr\\\/produit\\\/champ-a-purranque-alto-palomar-region-des-lacs\\\/\"]}]},{\"@type\":\"ImageObject\",\"inLanguage\":\"fr-FR\",\"@id\":\"https:\\\/\\\/produncan.cl\\\/fr\\\/produit\\\/champ-a-purranque-alto-palomar-region-des-lacs\\\/#primaryimage\",\"url\":\"https:\\\/\\\/produncan.cl\\\/wp-content\\\/uploads\\\/2025\\\/01\\\/Campo-Palomar-en-Purranque.webp\",\"contentUrl\":\"https:\\\/\\\/produncan.cl\\\/wp-content\\\/uploads\\\/2025\\\/01\\\/Campo-Palomar-en-Purranque.webp\",\"width\":800,\"height\":600,\"caption\":\"Champ Palomar \u00e0 Purranque\"},{\"@type\":\"BreadcrumbList\",\"@id\":\"https:\\\/\\\/produncan.cl\\\/fr\\\/produit\\\/champ-a-purranque-alto-palomar-region-des-lacs\\\/#breadcrumb\",\"itemListElement\":[{\"@type\":\"ListItem\",\"position\":1,\"name\":\"Inicio\",\"item\":\"https:\\\/\\\/produncan.cl\\\/fr\\\/\"},{\"@type\":\"ListItem\",\"position\":2,\"name\":\"Propri\u00e9t\u00e9s\",\"item\":\"https:\\\/\\\/produncan.cl\\\/propiedades\\\/\"},{\"@type\":\"ListItem\",\"position\":3,\"name\":\"Champs\",\"item\":\"https:\\\/\\\/produncan.cl\\\/fr\\\/cat&eacute;gorie\\\/champs\\\/\"},{\"@type\":\"ListItem\",\"position\":4,\"name\":\"Champ \u00e0 Purranque &#8211; Alto Palomar, R\u00e9gion des lacs\"}]},{\"@type\":\"WebSite\",\"@id\":\"https:\\\/\\\/produncan.cl\\\/fr\\\/#website\",\"url\":\"https:\\\/\\\/produncan.cl\\\/fr\\\/\",\"name\":\"Produncan\",\"description\":\"Nous vous accompagnons dans votre projet de vie !\",\"publisher\":{\"@id\":\"https:\\\/\\\/produncan.cl\\\/fr\\\/#organization\"},\"potentialAction\":[{\"@type\":\"SearchAction\",\"target\":{\"@type\":\"EntryPoint\",\"urlTemplate\":\"https:\\\/\\\/produncan.cl\\\/fr\\\/?s={search_term_string}\"},\"query-input\":{\"@type\":\"PropertyValueSpecification\",\"valueRequired\":true,\"valueName\":\"search_term_string\"}}],\"inLanguage\":\"fr-FR\"},{\"@type\":\"Organization\",\"@id\":\"https:\\\/\\\/produncan.cl\\\/fr\\\/#organization\",\"name\":\"Produncan\",\"url\":\"https:\\\/\\\/produncan.cl\\\/fr\\\/\",\"logo\":{\"@type\":\"ImageObject\",\"inLanguage\":\"fr-FR\",\"@id\":\"https:\\\/\\\/produncan.cl\\\/fr\\\/#\\\/schema\\\/logo\\\/image\\\/\",\"url\":\"https:\\\/\\\/produncan.cl\\\/wp-content\\\/uploads\\\/2021\\\/03\\\/LOGO.jpeg\",\"contentUrl\":\"https:\\\/\\\/produncan.cl\\\/wp-content\\\/uploads\\\/2021\\\/03\\\/LOGO.jpeg\",\"width\":1280,\"height\":903,\"caption\":\"Produncan\"},\"image\":{\"@id\":\"https:\\\/\\\/produncan.cl\\\/fr\\\/#\\\/schema\\\/logo\\\/image\\\/\"},\"sameAs\":[\"https:\\\/\\\/web.facebook.com\\\/produncanland\",\"https:\\\/\\\/www.instagram.com\\\/pro_duncan\\\/\",\"https:\\\/\\\/www.linkedin.com\\\/company\\\/produncan-lands\\\/\",\"https:\\\/\\\/www.youtube.com\\\/channel\\\/UCu7N-f3x0svkazD-Eew1-QQ\"],\"description\":\"En Produncan somos especialistas en la venta de terrenos en el sur de Chile. Proveemos estancias, campos, parcelas y hoteles.\",\"email\":\"info@produncan.cl\"}]}<\/script>\n<meta property=\"og:video\" content=\"https:\/\/www.youtube.com\/embed\/umEwIuCZWtI\" \/>\n<meta property=\"og:video:type\" content=\"text\/html\" \/>\n<meta property=\"og:video:duration\" content=\"56\" \/>\n<meta property=\"og:video:width\" content=\"480\" \/>\n<meta property=\"og:video:height\" content=\"270\" \/>\n<meta property=\"ya:ovs:adult\" content=\"false\" \/>\n<meta property=\"ya:ovs:upload_date\" content=\"2025-01-27T20:52:32+00:00\" \/>\n<meta property=\"ya:ovs:allow_embed\" content=\"true\" \/>\n<meta property=\"product:price:amount\" content=\"130500.00\" \/>\n<meta property=\"product:price:currency\" content=\"USD\" \/>\n<meta property=\"og:availability\" content=\"instock\" \/>\n<meta property=\"product:availability\" content=\"instock\" \/>\n<meta property=\"product:condition\" content=\"new\" \/>\n<!-- \/ Yoast SEO Premium plugin. -->","yoast_head_json":{"title":"Champ \u00e0 Purranque - Alto Palomar, R\u00e9gion des lacs - Produncan","description":"Terrain \u00e0 Purranque avec 7 hectares de plat, 95% de prairie, vue sur le volcan Osorno, acc\u00e8s proche de l'asphalte, \u00e9lectricit\u00e9 et eau potable rurale.","robots":{"index":"index","follow":"follow","max-snippet":"max-snippet:-1","max-image-preview":"max-image-preview:large","max-video-preview":"max-video-preview:-1"},"canonical":"https:\/\/produncan.cl\/fr\/produit\/champ-a-purranque-alto-palomar-region-des-lacs\/","og_locale":"fr_FR","og_type":"article","og_title":"Champ \u00e0 Purranque - Alto Palomar, R\u00e9gion des lacs","og_description":"Terrain \u00e0 Purranque de 7 hectares plats, 95% de prairie, vue sur le volcan Osorno, acc\u00e8s proche \u00e0 l'asphalte, \u00e0 l'\u00e9lectricit\u00e9 et \u00e0 l'eau potable rurale. Connectez-vous avec la nature et cr\u00e9ez votre projet.","og_url":"https:\/\/produncan.cl\/fr\/produit\/champ-a-purranque-alto-palomar-region-des-lacs\/","og_site_name":"Produncan","article_publisher":"https:\/\/web.facebook.com\/produncanland","article_modified_time":"2025-12-04T20:09:58+00:00","og_image":[{"url":"https:\/\/produncan.cl\/wp-content\/uploads\/2025\/01\/Campo-Palomar-en-Purranque.webp","type":"","width":"","height":""}],"twitter_card":"summary_large_image","twitter_misc":{"Price":"USD130.500,00","Availability":"In stock"},"schema":{"@context":"https:\/\/schema.org","@graph":[{"@type":"WebPage","@id":"https:\/\/produncan.cl\/fr\/produit\/champ-a-purranque-alto-palomar-region-des-lacs\/","url":"https:\/\/produncan.cl\/fr\/produit\/champ-a-purranque-alto-palomar-region-des-lacs\/","name":"Champ \u00e0 Purranque - Alto Palomar, R\u00e9gion des lacs - Produncan","isPartOf":{"@id":"https:\/\/produncan.cl\/fr\/#website"},"primaryImageOfPage":{"@id":"https:\/\/produncan.cl\/fr\/produit\/champ-a-purranque-alto-palomar-region-des-lacs\/#primaryimage"},"image":{"@id":"https:\/\/produncan.cl\/fr\/produit\/champ-a-purranque-alto-palomar-region-des-lacs\/#primaryimage"},"thumbnailUrl":"https:\/\/produncan.cl\/wp-content\/uploads\/2025\/01\/Campo-Palomar-en-Purranque.webp","datePublished":"2025-01-27T20:52:32+00:00","dateModified":"2025-12-04T20:09:58+00:00","description":"Terrain \u00e0 Purranque avec 7 hectares de plat, 95% de prairie, vue sur le volcan Osorno, acc\u00e8s proche de l'asphalte, \u00e9lectricit\u00e9 et eau potable rurale.","breadcrumb":{"@id":"https:\/\/produncan.cl\/fr\/produit\/champ-a-purranque-alto-palomar-region-des-lacs\/#breadcrumb"},"inLanguage":"fr-FR","potentialAction":[{"@type":"ReadAction","target":["https:\/\/produncan.cl\/fr\/produit\/champ-a-purranque-alto-palomar-region-des-lacs\/"]}]},{"@type":"ImageObject","inLanguage":"fr-FR","@id":"https:\/\/produncan.cl\/fr\/produit\/champ-a-purranque-alto-palomar-region-des-lacs\/#primaryimage","url":"https:\/\/produncan.cl\/wp-content\/uploads\/2025\/01\/Campo-Palomar-en-Purranque.webp","contentUrl":"https:\/\/produncan.cl\/wp-content\/uploads\/2025\/01\/Campo-Palomar-en-Purranque.webp","width":800,"height":600,"caption":"Champ Palomar \u00e0 Purranque"},{"@type":"BreadcrumbList","@id":"https:\/\/produncan.cl\/fr\/produit\/champ-a-purranque-alto-palomar-region-des-lacs\/#breadcrumb","itemListElement":[{"@type":"ListItem","position":1,"name":"Inicio","item":"https:\/\/produncan.cl\/fr\/"},{"@type":"ListItem","position":2,"name":"Propri\u00e9t\u00e9s","item":"https:\/\/produncan.cl\/propiedades\/"},{"@type":"ListItem","position":3,"name":"Champs","item":"https:\/\/produncan.cl\/fr\/cat&eacute;gorie\/champs\/"},{"@type":"ListItem","position":4,"name":"Champ \u00e0 Purranque &#8211; Alto Palomar, R\u00e9gion des lacs"}]},{"@type":"WebSite","@id":"https:\/\/produncan.cl\/fr\/#website","url":"https:\/\/produncan.cl\/fr\/","name":"Produncan","description":"Nous vous accompagnons dans votre projet de vie !","publisher":{"@id":"https:\/\/produncan.cl\/fr\/#organization"},"potentialAction":[{"@type":"SearchAction","target":{"@type":"EntryPoint","urlTemplate":"https:\/\/produncan.cl\/fr\/?s={search_term_string}"},"query-input":{"@type":"PropertyValueSpecification","valueRequired":true,"valueName":"search_term_string"}}],"inLanguage":"fr-FR"},{"@type":"Organization","@id":"https:\/\/produncan.cl\/fr\/#organization","name":"Produncan","url":"https:\/\/produncan.cl\/fr\/","logo":{"@type":"ImageObject","inLanguage":"fr-FR","@id":"https:\/\/produncan.cl\/fr\/#\/schema\/logo\/image\/","url":"https:\/\/produncan.cl\/wp-content\/uploads\/2021\/03\/LOGO.jpeg","contentUrl":"https:\/\/produncan.cl\/wp-content\/uploads\/2021\/03\/LOGO.jpeg","width":1280,"height":903,"caption":"Produncan"},"image":{"@id":"https:\/\/produncan.cl\/fr\/#\/schema\/logo\/image\/"},"sameAs":["https:\/\/web.facebook.com\/produncanland","https:\/\/www.instagram.com\/pro_duncan\/","https:\/\/www.linkedin.com\/company\/produncan-lands\/","https:\/\/www.youtube.com\/channel\/UCu7N-f3x0svkazD-Eew1-QQ"],"description":"En Produncan somos especialistas en la venta de terrenos en el sur de Chile. Proveemos estancias, campos, parcelas y hoteles.","email":"info@produncan.cl"}]},"og_video":"https:\/\/www.youtube.com\/embed\/umEwIuCZWtI","og_video_type":"text\/html","og_video_duration":"56","og_video_width":"480","og_video_height":"270","ya_ovs_adult":"false","ya_ovs_upload_date":"2025-01-27T20:52:32+00:00","ya_ovs_allow_embed":"true","product_price_amount":"130500.00","product_price_currency":"USD","og_availability":"instock","product_availability":"instock","product_condition":"new"},"_links":{"self":[{"href":"https:\/\/produncan.cl\/fr\/wp-json\/wp\/v2\/product\/38743","targetHints":{"allow":["GET"]}}],"collection":[{"href":"https:\/\/produncan.cl\/fr\/wp-json\/wp\/v2\/product"}],"about":[{"href":"https:\/\/produncan.cl\/fr\/wp-json\/wp\/v2\/types\/product"}],"version-history":[{"count":1,"href":"https:\/\/produncan.cl\/fr\/wp-json\/wp\/v2\/product\/38743\/revisions"}],"predecessor-version":[{"id":52352,"href":"https:\/\/produncan.cl\/fr\/wp-json\/wp\/v2\/product\/38743\/revisions\/52352"}],"wp:featuredmedia":[{"embeddable":true,"href":"https:\/\/produncan.cl\/fr\/wp-json\/wp\/v2\/media\/38580"}],"wp:attachment":[{"href":"https:\/\/produncan.cl\/fr\/wp-json\/wp\/v2\/media?parent=38743"}],"wp:term":[{"taxonomy":"product_brand","embeddable":true,"href":"https:\/\/produncan.cl\/fr\/wp-json\/wp\/v2\/product_brand?post=38743"},{"taxonomy":"product_cat","embeddable":true,"href":"https:\/\/produncan.cl\/fr\/wp-json\/wp\/v2\/product_cat?post=38743"},{"taxonomy":"product_tag","embeddable":true,"href":"https:\/\/produncan.cl\/fr\/wp-json\/wp\/v2\/product_tag?post=38743"},{"taxonomy":"regiones","embeddable":true,"href":"https:\/\/produncan.cl\/fr\/wp-json\/wp\/v2\/regiones?post=38743"},{"taxonomy":"ciudades","embeddable":true,"href":"https:\/\/produncan.cl\/fr\/wp-json\/wp\/v2\/ciudades?post=38743"}],"curies":[{"name":"wp","href":"https:\/\/api.w.org\/{rel}","templated":true}]}}