{"id":39482,"date":"2025-03-14T13:50:44","date_gmt":"2025-03-14T16:50:44","guid":{"rendered":"https:\/\/produncan.cl\/producto\/terrain-a-purranque-maipue-region-de-los-lagos\/"},"modified":"2025-12-26T17:20:44","modified_gmt":"2025-12-26T20:20:44","slug":"terrain-a-purranque-maipue-region-de-los-lagos","status":"publish","type":"product","link":"https:\/\/produncan.cl\/fr\/produit\/terrain-a-purranque-maipue-region-de-los-lagos\/","title":{"rendered":"Terrain \u00e0 Purranque &#8211; Maipue &#8211; R\u00e9gion de Los Lagos"},"content":{"rendered":"\t\t<div data-elementor-type=\"product-post\" data-elementor-id=\"39482\" class=\"elementor elementor-39482 elementor-39366\" data-elementor-post-type=\"product\">\n\t\t\t\t<div class=\"elementor-element elementor-element-abb42a4 e-flex e-con-boxed e-con e-parent\" data-id=\"abb42a4\" data-element_type=\"container\" data-e-type=\"container\" data-settings=\"{&quot;jet_parallax_layout_list&quot;:[]}\">\n\t\t\t\t\t<div class=\"e-con-inner\">\n\t\t\t\t<div class=\"elementor-element elementor-element-cf28bd2 elementor-widget elementor-widget-heading\" data-id=\"cf28bd2\" data-element_type=\"widget\" data-e-type=\"widget\" data-widget_type=\"heading.default\">\n\t\t\t\t\t<h2 class=\"elementor-heading-title elementor-size-default\">Terrain \u00e0 Purranque, R\u00e9gion des Lacs, 4 hectares id\u00e9al pour un projet familial.<\/h2>\t\t\t\t<\/div>\n\t\t\t\t\t<\/div>\n\t\t\t\t<\/div>\n\t\t<div class=\"elementor-element elementor-element-7c8d94d e-flex e-con-boxed e-con e-parent\" data-id=\"7c8d94d\" data-element_type=\"container\" data-e-type=\"container\" data-settings=\"{&quot;jet_parallax_layout_list&quot;:[]}\">\n\t\t\t\t\t<div class=\"e-con-inner\">\n\t\t\t\t<div class=\"elementor-element elementor-element-e743448 elementor-widget elementor-widget-text-editor\" data-id=\"e743448\" data-element_type=\"widget\" data-e-type=\"widget\" data-widget_type=\"text-editor.default\">\n\t\t\t\t\t\t\t\t\t<p>Il s&#8217;agit d&#8217;une bonne opportunit\u00e9 d&#8217;acqu\u00e9rir un terrain de 4 hectares \u00e0 Purranque, dans le secteur de Maipue, id\u00e9al pour des projets agricoles, d&#8217;autosuffisance ou d&#8217;\u00e9levage \u00e0 l&#8217;\u00e9chelle familiale. Sa situation strat\u00e9gique, \u00e0 seulement 4 km de Concordia et 22 km de Purranque, en fait une excellente option d&#8217;investissement. Il est \u00e9galement possible d&#8217;acqu\u00e9rir 4 hectares suppl\u00e9mentaires avec une petite maison, ce qui \u00e9largit les possibilit\u00e9s de d\u00e9veloppement.  <\/p>\n<p>Le terrain, en pente douce, est compos\u00e9 \u00e0 95 % de prairies et \u00e0 5 % d&#8217;arbres indig\u00e8nes, ce qui offre un environnement naturel privil\u00e9gi\u00e9 et une belle vue. Il s&#8217;agit d&#8217;un endroit id\u00e9al pour une famille souhaitant s&#8217;installer \u00e0 la campagne et d\u00e9marrer un projet autonome, en profitant d&#8217;un mode de vie tranquille en contact avec la nature. <\/p>\n<p>En termes de services, l&#8217;\u00e9lectricit\u00e9 est \u00e0 proximit\u00e9 et le propri\u00e9taire s&#8217;engage \u00e0 l&#8217;alimenter. Bien qu&#8217;il n&#8217;y ait pas d&#8217;eau actuellement, le propri\u00e9taire en garantit l&#8217;approvisionnement. Le terrain est cl\u00f4tur\u00e9 sur trois c\u00f4t\u00e9s et dispose d&#8217;une servitude d&#8217;acc\u00e8s.  <\/p>\n<p>L&#8217;acc\u00e8s se fait par une route de gravier en bon \u00e9tat, avec un petit tron\u00e7on \u00e0 am\u00e9liorer. Elle se trouve \u00e0 une heure seulement des a\u00e9roports d&#8217;Osorno et de Puerto Montt, avec des transports publics disponibles et un bon signal de t\u00e9l\u00e9communication. Ses environs offrent des attractions telles que le parc national de Puyehue, le lac Rupanco et la r\u00e9serve nationale de Llanquihue, ainsi que la richesse culturelle de la r\u00e9gion avec des lieux tels que l&#8217;\u00e9glise de San Sebastian et la route des colons.  <\/p>\n<p>Le climat oc\u00e9anique temp\u00e9r\u00e9 garantit des \u00e9t\u00e9s doux avec des temp\u00e9ratures pouvant atteindre 25\u00b0C, et des hivers frais avec des pr\u00e9cipitations abondantes, ce qui en fait un lieu id\u00e9al pour l&#8217;activit\u00e9 agricole. Cette propri\u00e9t\u00e9 est situ\u00e9e dans une zone en pleine expansion, avec un acc\u00e8s aux services et un grand potentiel de valorisation. La polyvalence de son sol la rend id\u00e9ale pour divers projets, qu&#8217;il s&#8217;agisse de production agricole, d&#8217;\u00e9levage ou de tourisme rural.  <\/p>\n<p>Le prix de vente est de 120 000 000 $. Si vous cherchez un terrain avec une beaut\u00e9 naturelle, un excellent emplacement et de grandes possibilit\u00e9s de croissance, c&#8217;est une excellente alternative. Contactez-nous pour plus d&#8217;informations ou pour organiser une visite du site.  <\/p>\n\t\t\t\t\t\t\t\t<\/div>\n\t\t\t\t\t<\/div>\n\t\t\t\t<\/div>\n\t\t\t\t<\/div>\n\t\t","protected":false},"excerpt":{"rendered":"<p>Terrain \u00e0 Purranque, l\u00e9g\u00e8rement vallonn\u00e9, principalement en prairie, \u00e9lectricit\u00e9, eau, bon r\u00e9seau et belle vue sur les champs environnants. Possibilit\u00e9 d&#8217;acheter 4 hectares adjacents avec maison. \u00c0 une heure de l&#8217;a\u00e9roport.  <\/p>\n","protected":false},"featured_media":39370,"template":"","meta":{"_acf_changed":false},"product_brand":[],"product_cat":[113],"product_tag":[233,236],"regiones":[226],"ciudades":[228,454],"class_list":{"0":"post-39482","1":"product","2":"type-product","3":"status-publish","4":"has-post-thumbnail","6":"product_cat-ohiggins-los-lagos-fr","7":"product_tag-champs","8":"product_tag-parcelles","9":"regiones-nuble-los_lagos","10":"ciudades-frutillar","11":"ciudades-purranque","13":"first","14":"instock","15":"sold-individually","16":"shipping-taxable","17":"purchasable","18":"product-type-simple"},"acf":[],"yoast_head":"<!-- This site is optimized with the Yoast SEO Premium plugin v26.0 (Yoast SEO v27.3) - https:\/\/yoast.com\/product\/yoast-seo-premium-wordpress\/ -->\n<title>Terrain \u00e0 Purranque - Maipue - R\u00e9gion de Los Lagos - Produncan<\/title>\n<meta name=\"description\" content=\"Terrain \u00e0 Purranque de 4 hectares, en pente douce, principalement en prairie, \u00e9lectricit\u00e9, eau, bon signal et belle vue sur les champs voisins.\" \/>\n<meta name=\"robots\" content=\"index, follow, max-snippet:-1, max-image-preview:large, max-video-preview:-1\" \/>\n<link rel=\"canonical\" href=\"https:\/\/produncan.cl\/fr\/produit\/terrain-a-purranque-maipue-region-de-los-lagos\/\" \/>\n<meta property=\"og:locale\" content=\"fr_FR\" \/>\n<meta property=\"og:type\" content=\"article\" \/>\n<meta property=\"og:title\" content=\"Terrain \u00e0 Purranque - Maipue - R\u00e9gion de Los Lagos\" \/>\n<meta property=\"og:description\" content=\"Terrain \u00e0 Purranque de 4 hectares, en pente douce, principalement en prairie, \u00e9lectricit\u00e9, eau, bon signal et belle vue sur les champs voisins.\" \/>\n<meta property=\"og:url\" content=\"https:\/\/produncan.cl\/fr\/produit\/terrain-a-purranque-maipue-region-de-los-lagos\/\" \/>\n<meta property=\"og:site_name\" content=\"Produncan\" \/>\n<meta property=\"article:publisher\" content=\"https:\/\/web.facebook.com\/produncanland\" \/>\n<meta property=\"article:modified_time\" content=\"2025-12-26T20:20:44+00:00\" \/>\n<meta property=\"og:image\" content=\"https:\/\/produncan.cl\/wp-content\/uploads\/2025\/03\/Parcela-en-venta-en-Purranque.webp\" \/>\n\t<meta property=\"og:image:width\" content=\"800\" \/>\n\t<meta property=\"og:image:height\" content=\"600\" \/>\n\t<meta property=\"og:image:type\" content=\"image\/webp\" \/>\n<meta name=\"twitter:card\" content=\"summary_large_image\" \/>\n<meta name=\"twitter:label1\" content=\"Price\" \/>\n\t<meta name=\"twitter:data1\" content=\"USD130.500,00\" \/>\n\t<meta name=\"twitter:label2\" content=\"Availability\" \/>\n\t<meta name=\"twitter:data2\" content=\"In stock\" \/>\n<script type=\"application\/ld+json\" class=\"yoast-schema-graph\">{\"@context\":\"https:\\\/\\\/schema.org\",\"@graph\":[{\"@type\":\"WebPage\",\"@id\":\"https:\\\/\\\/produncan.cl\\\/fr\\\/produit\\\/terrain-a-purranque-maipue-region-de-los-lagos\\\/\",\"url\":\"https:\\\/\\\/produncan.cl\\\/fr\\\/produit\\\/terrain-a-purranque-maipue-region-de-los-lagos\\\/\",\"name\":\"Terrain \u00e0 Purranque - Maipue - R\u00e9gion de Los Lagos - Produncan\",\"isPartOf\":{\"@id\":\"https:\\\/\\\/produncan.cl\\\/fr\\\/#website\"},\"primaryImageOfPage\":{\"@id\":\"https:\\\/\\\/produncan.cl\\\/fr\\\/produit\\\/terrain-a-purranque-maipue-region-de-los-lagos\\\/#primaryimage\"},\"image\":{\"@id\":\"https:\\\/\\\/produncan.cl\\\/fr\\\/produit\\\/terrain-a-purranque-maipue-region-de-los-lagos\\\/#primaryimage\"},\"thumbnailUrl\":\"https:\\\/\\\/produncan.cl\\\/wp-content\\\/uploads\\\/2025\\\/03\\\/Parcela-en-venta-en-Purranque.webp\",\"datePublished\":\"2025-03-14T16:50:44+00:00\",\"dateModified\":\"2025-12-26T20:20:44+00:00\",\"description\":\"Terrain \u00e0 Purranque de 4 hectares, en pente douce, principalement en prairie, \u00e9lectricit\u00e9, eau, bon signal et belle vue sur les champs voisins.\",\"breadcrumb\":{\"@id\":\"https:\\\/\\\/produncan.cl\\\/fr\\\/produit\\\/terrain-a-purranque-maipue-region-de-los-lagos\\\/#breadcrumb\"},\"inLanguage\":\"fr-FR\",\"potentialAction\":[{\"@type\":\"ReadAction\",\"target\":[\"https:\\\/\\\/produncan.cl\\\/fr\\\/produit\\\/terrain-a-purranque-maipue-region-de-los-lagos\\\/\"]}]},{\"@type\":\"ImageObject\",\"inLanguage\":\"fr-FR\",\"@id\":\"https:\\\/\\\/produncan.cl\\\/fr\\\/produit\\\/terrain-a-purranque-maipue-region-de-los-lagos\\\/#primaryimage\",\"url\":\"https:\\\/\\\/produncan.cl\\\/wp-content\\\/uploads\\\/2025\\\/03\\\/Parcela-en-venta-en-Purranque.webp\",\"contentUrl\":\"https:\\\/\\\/produncan.cl\\\/wp-content\\\/uploads\\\/2025\\\/03\\\/Parcela-en-venta-en-Purranque.webp\",\"width\":800,\"height\":600,\"caption\":\"Terrain \u00e0 vendre \u00e0 Purranque\"},{\"@type\":\"BreadcrumbList\",\"@id\":\"https:\\\/\\\/produncan.cl\\\/fr\\\/produit\\\/terrain-a-purranque-maipue-region-de-los-lagos\\\/#breadcrumb\",\"itemListElement\":[{\"@type\":\"ListItem\",\"position\":1,\"name\":\"Inicio\",\"item\":\"https:\\\/\\\/produncan.cl\\\/fr\\\/\"},{\"@type\":\"ListItem\",\"position\":2,\"name\":\"Propri\u00e9t\u00e9s\",\"item\":\"https:\\\/\\\/produncan.cl\\\/propiedades\\\/\"},{\"@type\":\"ListItem\",\"position\":3,\"name\":\"Champs\",\"item\":\"https:\\\/\\\/produncan.cl\\\/fr\\\/cat&eacute;gorie\\\/champs\\\/\"},{\"@type\":\"ListItem\",\"position\":4,\"name\":\"Terrain \u00e0 Purranque &#8211; Maipue &#8211; R\u00e9gion de Los Lagos\"}]},{\"@type\":\"WebSite\",\"@id\":\"https:\\\/\\\/produncan.cl\\\/fr\\\/#website\",\"url\":\"https:\\\/\\\/produncan.cl\\\/fr\\\/\",\"name\":\"Produncan\",\"description\":\"Nous vous accompagnons dans votre projet de vie !\",\"publisher\":{\"@id\":\"https:\\\/\\\/produncan.cl\\\/fr\\\/#organization\"},\"potentialAction\":[{\"@type\":\"SearchAction\",\"target\":{\"@type\":\"EntryPoint\",\"urlTemplate\":\"https:\\\/\\\/produncan.cl\\\/fr\\\/?s={search_term_string}\"},\"query-input\":{\"@type\":\"PropertyValueSpecification\",\"valueRequired\":true,\"valueName\":\"search_term_string\"}}],\"inLanguage\":\"fr-FR\"},{\"@type\":\"Organization\",\"@id\":\"https:\\\/\\\/produncan.cl\\\/fr\\\/#organization\",\"name\":\"Produncan\",\"url\":\"https:\\\/\\\/produncan.cl\\\/fr\\\/\",\"logo\":{\"@type\":\"ImageObject\",\"inLanguage\":\"fr-FR\",\"@id\":\"https:\\\/\\\/produncan.cl\\\/fr\\\/#\\\/schema\\\/logo\\\/image\\\/\",\"url\":\"https:\\\/\\\/produncan.cl\\\/wp-content\\\/uploads\\\/2021\\\/03\\\/LOGO.jpeg\",\"contentUrl\":\"https:\\\/\\\/produncan.cl\\\/wp-content\\\/uploads\\\/2021\\\/03\\\/LOGO.jpeg\",\"width\":1280,\"height\":903,\"caption\":\"Produncan\"},\"image\":{\"@id\":\"https:\\\/\\\/produncan.cl\\\/fr\\\/#\\\/schema\\\/logo\\\/image\\\/\"},\"sameAs\":[\"https:\\\/\\\/web.facebook.com\\\/produncanland\",\"https:\\\/\\\/www.instagram.com\\\/pro_duncan\\\/\",\"https:\\\/\\\/www.linkedin.com\\\/company\\\/produncan-lands\\\/\",\"https:\\\/\\\/www.youtube.com\\\/channel\\\/UCu7N-f3x0svkazD-Eew1-QQ\"],\"description\":\"En Produncan somos especialistas en la venta de terrenos en el sur de Chile. Proveemos estancias, campos, parcelas y hoteles.\",\"email\":\"info@produncan.cl\"}]}<\/script>\n<meta property=\"og:video\" content=\"https:\/\/www.youtube.com\/embed\/nmgaaiuQkwE\" \/>\n<meta property=\"og:video:type\" content=\"text\/html\" \/>\n<meta property=\"og:video:duration\" content=\"66\" \/>\n<meta property=\"og:video:width\" content=\"480\" \/>\n<meta property=\"og:video:height\" content=\"270\" \/>\n<meta property=\"ya:ovs:adult\" content=\"false\" \/>\n<meta property=\"ya:ovs:upload_date\" content=\"2025-03-14T16:50:44+00:00\" \/>\n<meta property=\"ya:ovs:allow_embed\" content=\"true\" \/>\n<meta property=\"product:price:amount\" content=\"130500.00\" \/>\n<meta property=\"product:price:currency\" content=\"USD\" \/>\n<meta property=\"og:availability\" content=\"instock\" \/>\n<meta property=\"product:availability\" content=\"instock\" \/>\n<meta property=\"product:condition\" content=\"new\" \/>\n<!-- \/ Yoast SEO Premium plugin. -->","yoast_head_json":{"title":"Terrain \u00e0 Purranque - Maipue - R\u00e9gion de Los Lagos - Produncan","description":"Terrain \u00e0 Purranque de 4 hectares, en pente douce, principalement en prairie, \u00e9lectricit\u00e9, eau, bon signal et belle vue sur les champs voisins.","robots":{"index":"index","follow":"follow","max-snippet":"max-snippet:-1","max-image-preview":"max-image-preview:large","max-video-preview":"max-video-preview:-1"},"canonical":"https:\/\/produncan.cl\/fr\/produit\/terrain-a-purranque-maipue-region-de-los-lagos\/","og_locale":"fr_FR","og_type":"article","og_title":"Terrain \u00e0 Purranque - Maipue - R\u00e9gion de Los Lagos","og_description":"Terrain \u00e0 Purranque de 4 hectares, en pente douce, principalement en prairie, \u00e9lectricit\u00e9, eau, bon signal et belle vue sur les champs voisins.","og_url":"https:\/\/produncan.cl\/fr\/produit\/terrain-a-purranque-maipue-region-de-los-lagos\/","og_site_name":"Produncan","article_publisher":"https:\/\/web.facebook.com\/produncanland","article_modified_time":"2025-12-26T20:20:44+00:00","og_image":[{"width":800,"height":600,"url":"https:\/\/produncan.cl\/wp-content\/uploads\/2025\/03\/Parcela-en-venta-en-Purranque.webp","type":"image\/webp"}],"twitter_card":"summary_large_image","twitter_misc":{"Price":"USD130.500,00","Availability":"In stock"},"schema":{"@context":"https:\/\/schema.org","@graph":[{"@type":"WebPage","@id":"https:\/\/produncan.cl\/fr\/produit\/terrain-a-purranque-maipue-region-de-los-lagos\/","url":"https:\/\/produncan.cl\/fr\/produit\/terrain-a-purranque-maipue-region-de-los-lagos\/","name":"Terrain \u00e0 Purranque - Maipue - R\u00e9gion de Los Lagos - Produncan","isPartOf":{"@id":"https:\/\/produncan.cl\/fr\/#website"},"primaryImageOfPage":{"@id":"https:\/\/produncan.cl\/fr\/produit\/terrain-a-purranque-maipue-region-de-los-lagos\/#primaryimage"},"image":{"@id":"https:\/\/produncan.cl\/fr\/produit\/terrain-a-purranque-maipue-region-de-los-lagos\/#primaryimage"},"thumbnailUrl":"https:\/\/produncan.cl\/wp-content\/uploads\/2025\/03\/Parcela-en-venta-en-Purranque.webp","datePublished":"2025-03-14T16:50:44+00:00","dateModified":"2025-12-26T20:20:44+00:00","description":"Terrain \u00e0 Purranque de 4 hectares, en pente douce, principalement en prairie, \u00e9lectricit\u00e9, eau, bon signal et belle vue sur les champs voisins.","breadcrumb":{"@id":"https:\/\/produncan.cl\/fr\/produit\/terrain-a-purranque-maipue-region-de-los-lagos\/#breadcrumb"},"inLanguage":"fr-FR","potentialAction":[{"@type":"ReadAction","target":["https:\/\/produncan.cl\/fr\/produit\/terrain-a-purranque-maipue-region-de-los-lagos\/"]}]},{"@type":"ImageObject","inLanguage":"fr-FR","@id":"https:\/\/produncan.cl\/fr\/produit\/terrain-a-purranque-maipue-region-de-los-lagos\/#primaryimage","url":"https:\/\/produncan.cl\/wp-content\/uploads\/2025\/03\/Parcela-en-venta-en-Purranque.webp","contentUrl":"https:\/\/produncan.cl\/wp-content\/uploads\/2025\/03\/Parcela-en-venta-en-Purranque.webp","width":800,"height":600,"caption":"Terrain \u00e0 vendre \u00e0 Purranque"},{"@type":"BreadcrumbList","@id":"https:\/\/produncan.cl\/fr\/produit\/terrain-a-purranque-maipue-region-de-los-lagos\/#breadcrumb","itemListElement":[{"@type":"ListItem","position":1,"name":"Inicio","item":"https:\/\/produncan.cl\/fr\/"},{"@type":"ListItem","position":2,"name":"Propri\u00e9t\u00e9s","item":"https:\/\/produncan.cl\/propiedades\/"},{"@type":"ListItem","position":3,"name":"Champs","item":"https:\/\/produncan.cl\/fr\/cat&eacute;gorie\/champs\/"},{"@type":"ListItem","position":4,"name":"Terrain \u00e0 Purranque &#8211; Maipue &#8211; R\u00e9gion de Los Lagos"}]},{"@type":"WebSite","@id":"https:\/\/produncan.cl\/fr\/#website","url":"https:\/\/produncan.cl\/fr\/","name":"Produncan","description":"Nous vous accompagnons dans votre projet de vie !","publisher":{"@id":"https:\/\/produncan.cl\/fr\/#organization"},"potentialAction":[{"@type":"SearchAction","target":{"@type":"EntryPoint","urlTemplate":"https:\/\/produncan.cl\/fr\/?s={search_term_string}"},"query-input":{"@type":"PropertyValueSpecification","valueRequired":true,"valueName":"search_term_string"}}],"inLanguage":"fr-FR"},{"@type":"Organization","@id":"https:\/\/produncan.cl\/fr\/#organization","name":"Produncan","url":"https:\/\/produncan.cl\/fr\/","logo":{"@type":"ImageObject","inLanguage":"fr-FR","@id":"https:\/\/produncan.cl\/fr\/#\/schema\/logo\/image\/","url":"https:\/\/produncan.cl\/wp-content\/uploads\/2021\/03\/LOGO.jpeg","contentUrl":"https:\/\/produncan.cl\/wp-content\/uploads\/2021\/03\/LOGO.jpeg","width":1280,"height":903,"caption":"Produncan"},"image":{"@id":"https:\/\/produncan.cl\/fr\/#\/schema\/logo\/image\/"},"sameAs":["https:\/\/web.facebook.com\/produncanland","https:\/\/www.instagram.com\/pro_duncan\/","https:\/\/www.linkedin.com\/company\/produncan-lands\/","https:\/\/www.youtube.com\/channel\/UCu7N-f3x0svkazD-Eew1-QQ"],"description":"En Produncan somos especialistas en la venta de terrenos en el sur de Chile. Proveemos estancias, campos, parcelas y hoteles.","email":"info@produncan.cl"}]},"og_video":"https:\/\/www.youtube.com\/embed\/nmgaaiuQkwE","og_video_type":"text\/html","og_video_duration":"66","og_video_width":"480","og_video_height":"270","ya_ovs_adult":"false","ya_ovs_upload_date":"2025-03-14T16:50:44+00:00","ya_ovs_allow_embed":"true","product_price_amount":"130500.00","product_price_currency":"USD","og_availability":"instock","product_availability":"instock","product_condition":"new"},"_links":{"self":[{"href":"https:\/\/produncan.cl\/fr\/wp-json\/wp\/v2\/product\/39482","targetHints":{"allow":["GET"]}}],"collection":[{"href":"https:\/\/produncan.cl\/fr\/wp-json\/wp\/v2\/product"}],"about":[{"href":"https:\/\/produncan.cl\/fr\/wp-json\/wp\/v2\/types\/product"}],"version-history":[{"count":2,"href":"https:\/\/produncan.cl\/fr\/wp-json\/wp\/v2\/product\/39482\/revisions"}],"predecessor-version":[{"id":54151,"href":"https:\/\/produncan.cl\/fr\/wp-json\/wp\/v2\/product\/39482\/revisions\/54151"}],"wp:featuredmedia":[{"embeddable":true,"href":"https:\/\/produncan.cl\/fr\/wp-json\/wp\/v2\/media\/39370"}],"wp:attachment":[{"href":"https:\/\/produncan.cl\/fr\/wp-json\/wp\/v2\/media?parent=39482"}],"wp:term":[{"taxonomy":"product_brand","embeddable":true,"href":"https:\/\/produncan.cl\/fr\/wp-json\/wp\/v2\/product_brand?post=39482"},{"taxonomy":"product_cat","embeddable":true,"href":"https:\/\/produncan.cl\/fr\/wp-json\/wp\/v2\/product_cat?post=39482"},{"taxonomy":"product_tag","embeddable":true,"href":"https:\/\/produncan.cl\/fr\/wp-json\/wp\/v2\/product_tag?post=39482"},{"taxonomy":"regiones","embeddable":true,"href":"https:\/\/produncan.cl\/fr\/wp-json\/wp\/v2\/regiones?post=39482"},{"taxonomy":"ciudades","embeddable":true,"href":"https:\/\/produncan.cl\/fr\/wp-json\/wp\/v2\/ciudades?post=39482"}],"curies":[{"name":"wp","href":"https:\/\/api.w.org\/{rel}","templated":true}]}}