{"id":39488,"date":"2021-03-07T14:06:14","date_gmt":"2021-03-07T17:06:14","guid":{"rendered":"https:\/\/produncan.cl\/producto\/campagne-a-puerto-varas-santa-barbara-region-de-los-lagos\/"},"modified":"2026-01-16T18:16:20","modified_gmt":"2026-01-16T21:16:20","slug":"campagne-a-puerto-varas-santa-barbara-region-de-los-lagos","status":"publish","type":"product","link":"https:\/\/produncan.cl\/fr\/produit\/campagne-a-puerto-varas-santa-barbara-region-de-los-lagos\/","title":{"rendered":"Campagne \u00e0 Puerto Varas &#8211; Santa Barbara, r\u00e9gion de Los Lagos"},"content":{"rendered":"\t\t<div data-elementor-type=\"product-post\" data-elementor-id=\"39488\" class=\"elementor elementor-39488 elementor-39230\" data-elementor-post-type=\"product\">\n\t\t\t\t<div class=\"elementor-element elementor-element-fad493e e-flex e-con-boxed e-con e-parent\" data-id=\"fad493e\" data-element_type=\"container\" data-e-type=\"container\" data-settings=\"{&quot;jet_parallax_layout_list&quot;:[]}\">\n\t\t\t\t\t<div class=\"e-con-inner\">\n\t\t\t\t<div class=\"elementor-element elementor-element-4154fbe elementor-widget elementor-widget-heading\" data-id=\"4154fbe\" data-element_type=\"widget\" data-e-type=\"widget\" data-widget_type=\"heading.default\">\n\t\t\t\t\t<h2 class=\"elementor-heading-title elementor-size-default\">9 hectares de terrain \u00e0 Puerto Varas avec infrastructure, pr\u00eats \u00e0 \u00eatre emm\u00e9nag\u00e9s !<\/h2>\t\t\t\t<\/div>\n\t\t\t\t\t<\/div>\n\t\t\t\t<\/div>\n\t\t<div class=\"elementor-element elementor-element-07015bf e-flex e-con-boxed e-con e-parent\" data-id=\"07015bf\" data-element_type=\"container\" data-e-type=\"container\" data-settings=\"{&quot;jet_parallax_layout_list&quot;:[]}\">\n\t\t\t\t\t<div class=\"e-con-inner\">\n\t\t\t\t<div class=\"elementor-element elementor-element-1114975 elementor-widget elementor-widget-text-editor\" data-id=\"1114975\" data-element_type=\"widget\" data-e-type=\"widget\" data-widget_type=\"text-editor.default\">\n\t\t\t\t\t\t\t\t\t<p>Campo Santa Barbara, Puerto Varas, a une superficie de 9 hectares et offre une combinaison parfaite de connectivit\u00e9, d&#8217;infrastructure et d&#8217;environnement naturel privil\u00e9gi\u00e9. \u00c0 seulement 30 minutes de la ville et de l&#8217;a\u00e9roport El Tepual, avec un acc\u00e8s par route asphalt\u00e9e et seulement 3,5 km de gravier en bon \u00e9tat, c&#8217;est une excellente alternative pour l&#8217;investissement, la r\u00e9sidence ou le d\u00e9veloppement de projets productifs.  Le terrain est vendu avec une servitude non enregistr\u00e9e, dont l&#8217;enregistrement sera \u00e0 la charge de l&#8217;acheteur.<\/p>\n<p><strong>CARACT\u00c9RISTIQUES PRINCIPALES<\/strong><\/p>\n<p>La propri\u00e9t\u00e9 est situ\u00e9e \u00e0 haute altitude et offre une belle vue sur les volcans et la cha\u00eene de montagnes. En outre, elle a une superficie de 9 hectares avec une utilisation agricole des terres et une topographie essentiellement plate avec de l\u00e9g\u00e8res pentes. Il dispose d&#8217;une alimentation \u00e9lectrique monophas\u00e9e fournie par Crell et d&#8217;un branchement pour un camping-car. L&#8217;eau provient d&#8217;une roue hydraulique, avec des motopompes et un \u00e9tang qui distribue la ressource \u00e0 l&#8217;ensemble de la propri\u00e9t\u00e9. En outre, le terrain est enti\u00e8rement cl\u00f4tur\u00e9 avec un portail en bois et en fer, et il est bord\u00e9 par un ruisseau qui coule sur l&#8217;un de ses c\u00f4t\u00e9s.    <\/p>\n<p><strong>INSTALLATIONS ET CONSTRUCTIONS<\/strong><\/p>\n<p>La propri\u00e9t\u00e9 comprend quatre b\u00e2timents, totalisant 351,93 m\u00b2 construits, tous en excellent \u00e9tat et avec des mat\u00e9riaux de haute qualit\u00e9.<\/p>\n<p>1) Maison principale (93,51 m\u00b2 &#8211; Ann\u00e9e 2011)<\/p>\n<ul>\n<li>2 \u00e9tages, avec une grande chambre principale et une mezzanine<\/li>\n<li>Cuisine ouverte int\u00e9gr\u00e9e<\/li>\n<li>Chauffage \u00e0 combustion lente<\/li>\n<li>Eau chaude par gaz liqu\u00e9fi\u00e9<\/li>\n<li>Vendu enti\u00e8rement meubl\u00e9<\/li>\n<\/ul>\n<div> <\/div>\n<p>2) Maison de gardien (70,42 m\u00b2 &#8211; Ann\u00e9e 2013)<\/p>\n<ul>\n<li>2 chambres, 1 salle de bain, cuisine et salon-salle \u00e0 manger<\/li>\n<li>Cuisini\u00e8re \u00e0 bois, fen\u00eatres \u00e0 panneaux thermiques, structure en bois<\/li>\n<\/ul>\n<div> <\/div>\n<p>3) Bodega de Alerce (69 m\u00b2)<\/p>\n<ul>\n<li>B\u00e2timent rustique avec 4 \u00e9tages ind\u00e9pendants, id\u00e9al pour le stockage et la buanderie.<\/li>\n<\/ul>\n<div> <\/div>\n<p>4) Bergerie et poulailler (119 m\u00b2)<\/p>\n<ul>\n<li>Structure en acier r\u00e9cemment entretenue<\/li>\n<\/ul>\n<div> <\/div>\n<p><strong>POTENTIEL ET OPPORTUNIT\u00c9S<\/strong><\/p>\n<p>Id\u00e9ale pour des projets agricoles et d&#8217;\u00e9levage gr\u00e2ce \u00e0 son sol fertile de Trumao, ses p\u00e2turages et son histoire de cultures de bl\u00e9 et de pommes de terre, cette propri\u00e9t\u00e9 est \u00e9galement une excellente opportunit\u00e9 pour l&#8217;\u00e9cotourisme ou le d\u00e9veloppement r\u00e9sidentiel en raison de sa proximit\u00e9 avec Puerto Varas et les attractions touristiques de la r\u00e9gion. Elle dispose d&#8217;une connectivit\u00e9 assur\u00e9e, avec un signal t\u00e9l\u00e9phonique dans la maison principale et l&#8217;option d&#8217;installer l&#8217;internet par satellite (Starlink), ainsi qu&#8217;une infrastructure pr\u00eate \u00e0 \u00eatre utilis\u00e9e imm\u00e9diatement. <\/p>\n<p>Il s&#8217;agit d&#8217;une opportunit\u00e9 unique pour ceux qui recherchent un domaine rural avec tout le confort d&#8217;une maison dans un environnement naturel exceptionnel.<\/p>\n<p>Contactez-nous pour plus d&#8217;informations ou pour organiser une visite.<\/p>\n\t\t\t\t\t\t\t\t<\/div>\n\t\t\t\t\t<\/div>\n\t\t\t\t<\/div>\n\t\t\t\t<\/div>\n\t\t","protected":false},"excerpt":{"rendered":"<p>Terrain \u00e0 Puerto Varas avec vue imprenable sur la cordill\u00e8re. Il dispose de l&#8217;\u00e9lectricit\u00e9, de l&#8217;eau, d&#8217;une maison principale, d&#8217;une maison de gardien, d&#8217;une bergerie, d&#8217;un poulailler et d&#8217;une cave. Principalement constitu\u00e9 de prairies, topographie plate et pente douce. \u00c0 3,5 km de la route goudronn\u00e9e.   <\/p>\n","protected":false},"featured_media":52979,"template":"","meta":{"_acf_changed":false},"product_brand":[],"product_cat":[113],"product_tag":[233],"regiones":[226],"ciudades":[508,219],"class_list":{"0":"post-39488","1":"product","2":"type-product","3":"status-publish","4":"has-post-thumbnail","6":"product_cat-ohiggins-los-lagos-fr","7":"product_tag-champs","8":"regiones-nuble-los_lagos","9":"ciudades-nueva-braunau","10":"ciudades-puerto-varas","12":"first","13":"outofstock","14":"sold-individually","15":"shipping-taxable","16":"product-type-simple"},"acf":[],"yoast_head":"<!-- This site is optimized with the Yoast SEO Premium plugin v26.0 (Yoast SEO v27.3) - https:\/\/yoast.com\/product\/yoast-seo-premium-wordpress\/ -->\n<title>Campagne \u00e0 Puerto Varas - Santa Barbara, r\u00e9gion de Los Lagos - Produncan<\/title>\n<meta name=\"description\" content=\"Ferme \u00e0 Puerto Varas de 9 hectares avec vue sur les montagnes, \u00e9lectricit\u00e9, eau, maison principale, maison de gardien, bergerie, poulailler et cave \u00e0 vin.\" \/>\n<meta name=\"robots\" content=\"index, follow, max-snippet:-1, max-image-preview:large, max-video-preview:-1\" \/>\n<link rel=\"canonical\" href=\"https:\/\/produncan.cl\/fr\/produit\/campagne-a-puerto-varas-santa-barbara-region-de-los-lagos\/\" \/>\n<meta property=\"og:locale\" content=\"fr_FR\" \/>\n<meta property=\"og:type\" content=\"article\" \/>\n<meta property=\"og:title\" content=\"Campagne \u00e0 Puerto Varas - Santa Barbara, r\u00e9gion de Los Lagos\" \/>\n<meta property=\"og:description\" content=\"Ferme \u00e0 Puerto Varas de 9 hectares avec vue sur les montagnes, \u00e9lectricit\u00e9, eau, maison principale, maison de gardien, bergerie, poulailler et cave \u00e0 vin.\" \/>\n<meta property=\"og:url\" content=\"https:\/\/produncan.cl\/fr\/produit\/campagne-a-puerto-varas-santa-barbara-region-de-los-lagos\/\" \/>\n<meta property=\"og:site_name\" content=\"Produncan\" \/>\n<meta property=\"article:publisher\" content=\"https:\/\/web.facebook.com\/produncanland\" \/>\n<meta property=\"article:modified_time\" content=\"2026-01-16T21:16:20+00:00\" \/>\n<meta property=\"og:image\" content=\"https:\/\/produncan.cl\/wp-content\/uploads\/2025\/03\/Campo-Santa-Barbara-vendido.webp\" \/>\n\t<meta property=\"og:image:width\" content=\"600\" \/>\n\t<meta property=\"og:image:height\" content=\"450\" \/>\n\t<meta property=\"og:image:type\" content=\"image\/webp\" \/>\n<meta name=\"twitter:card\" content=\"summary_large_image\" \/>\n<meta name=\"twitter:label1\" content=\"Price\" \/>\n\t<meta name=\"twitter:data1\" content=\"\" \/>\n\t<meta name=\"twitter:label2\" content=\"Availability\" \/>\n\t<meta name=\"twitter:data2\" content=\"Out of stock\" \/>\n<script type=\"application\/ld+json\" class=\"yoast-schema-graph\">{\"@context\":\"https:\\\/\\\/schema.org\",\"@graph\":[{\"@type\":\"WebPage\",\"@id\":\"https:\\\/\\\/produncan.cl\\\/fr\\\/produit\\\/campagne-a-puerto-varas-santa-barbara-region-de-los-lagos\\\/\",\"url\":\"https:\\\/\\\/produncan.cl\\\/fr\\\/produit\\\/campagne-a-puerto-varas-santa-barbara-region-de-los-lagos\\\/\",\"name\":\"Campagne \u00e0 Puerto Varas - Santa Barbara, r\u00e9gion de Los Lagos - Produncan\",\"isPartOf\":{\"@id\":\"https:\\\/\\\/produncan.cl\\\/fr\\\/#website\"},\"primaryImageOfPage\":{\"@id\":\"https:\\\/\\\/produncan.cl\\\/fr\\\/produit\\\/campagne-a-puerto-varas-santa-barbara-region-de-los-lagos\\\/#primaryimage\"},\"image\":{\"@id\":\"https:\\\/\\\/produncan.cl\\\/fr\\\/produit\\\/campagne-a-puerto-varas-santa-barbara-region-de-los-lagos\\\/#primaryimage\"},\"thumbnailUrl\":\"https:\\\/\\\/produncan.cl\\\/wp-content\\\/uploads\\\/2025\\\/03\\\/Campo-Santa-Barbara-vendido.webp\",\"datePublished\":\"2021-03-07T17:06:14+00:00\",\"dateModified\":\"2026-01-16T21:16:20+00:00\",\"description\":\"Ferme \u00e0 Puerto Varas de 9 hectares avec vue sur les montagnes, \u00e9lectricit\u00e9, eau, maison principale, maison de gardien, bergerie, poulailler et cave \u00e0 vin.\",\"breadcrumb\":{\"@id\":\"https:\\\/\\\/produncan.cl\\\/fr\\\/produit\\\/campagne-a-puerto-varas-santa-barbara-region-de-los-lagos\\\/#breadcrumb\"},\"inLanguage\":\"fr-FR\",\"potentialAction\":[{\"@type\":\"ReadAction\",\"target\":[\"https:\\\/\\\/produncan.cl\\\/fr\\\/produit\\\/campagne-a-puerto-varas-santa-barbara-region-de-los-lagos\\\/\"]}]},{\"@type\":\"ImageObject\",\"inLanguage\":\"fr-FR\",\"@id\":\"https:\\\/\\\/produncan.cl\\\/fr\\\/produit\\\/campagne-a-puerto-varas-santa-barbara-region-de-los-lagos\\\/#primaryimage\",\"url\":\"https:\\\/\\\/produncan.cl\\\/wp-content\\\/uploads\\\/2025\\\/03\\\/Campo-Santa-Barbara-vendido.webp\",\"contentUrl\":\"https:\\\/\\\/produncan.cl\\\/wp-content\\\/uploads\\\/2025\\\/03\\\/Campo-Santa-Barbara-vendido.webp\",\"width\":600,\"height\":450,\"caption\":\"Campo Santa B\u00e1rbara vendido\"},{\"@type\":\"BreadcrumbList\",\"@id\":\"https:\\\/\\\/produncan.cl\\\/fr\\\/produit\\\/campagne-a-puerto-varas-santa-barbara-region-de-los-lagos\\\/#breadcrumb\",\"itemListElement\":[{\"@type\":\"ListItem\",\"position\":1,\"name\":\"Inicio\",\"item\":\"https:\\\/\\\/produncan.cl\\\/fr\\\/\"},{\"@type\":\"ListItem\",\"position\":2,\"name\":\"Propri\u00e9t\u00e9s\",\"item\":\"https:\\\/\\\/produncan.cl\\\/propiedades\\\/\"},{\"@type\":\"ListItem\",\"position\":3,\"name\":\"Champs\",\"item\":\"https:\\\/\\\/produncan.cl\\\/fr\\\/cat&eacute;gorie\\\/champs\\\/\"},{\"@type\":\"ListItem\",\"position\":4,\"name\":\"Campagne \u00e0 Puerto Varas &#8211; Santa Barbara, r\u00e9gion de Los Lagos\"}]},{\"@type\":\"WebSite\",\"@id\":\"https:\\\/\\\/produncan.cl\\\/fr\\\/#website\",\"url\":\"https:\\\/\\\/produncan.cl\\\/fr\\\/\",\"name\":\"Produncan\",\"description\":\"Nous vous accompagnons dans votre projet de vie !\",\"publisher\":{\"@id\":\"https:\\\/\\\/produncan.cl\\\/fr\\\/#organization\"},\"potentialAction\":[{\"@type\":\"SearchAction\",\"target\":{\"@type\":\"EntryPoint\",\"urlTemplate\":\"https:\\\/\\\/produncan.cl\\\/fr\\\/?s={search_term_string}\"},\"query-input\":{\"@type\":\"PropertyValueSpecification\",\"valueRequired\":true,\"valueName\":\"search_term_string\"}}],\"inLanguage\":\"fr-FR\"},{\"@type\":\"Organization\",\"@id\":\"https:\\\/\\\/produncan.cl\\\/fr\\\/#organization\",\"name\":\"Produncan\",\"url\":\"https:\\\/\\\/produncan.cl\\\/fr\\\/\",\"logo\":{\"@type\":\"ImageObject\",\"inLanguage\":\"fr-FR\",\"@id\":\"https:\\\/\\\/produncan.cl\\\/fr\\\/#\\\/schema\\\/logo\\\/image\\\/\",\"url\":\"https:\\\/\\\/produncan.cl\\\/wp-content\\\/uploads\\\/2021\\\/03\\\/LOGO.jpeg\",\"contentUrl\":\"https:\\\/\\\/produncan.cl\\\/wp-content\\\/uploads\\\/2021\\\/03\\\/LOGO.jpeg\",\"width\":1280,\"height\":903,\"caption\":\"Produncan\"},\"image\":{\"@id\":\"https:\\\/\\\/produncan.cl\\\/fr\\\/#\\\/schema\\\/logo\\\/image\\\/\"},\"sameAs\":[\"https:\\\/\\\/web.facebook.com\\\/produncanland\",\"https:\\\/\\\/www.instagram.com\\\/pro_duncan\\\/\",\"https:\\\/\\\/www.linkedin.com\\\/company\\\/produncan-lands\\\/\",\"https:\\\/\\\/www.youtube.com\\\/channel\\\/UCu7N-f3x0svkazD-Eew1-QQ\"],\"description\":\"En Produncan somos especialistas en la venta de terrenos en el sur de Chile. Proveemos estancias, campos, parcelas y hoteles.\",\"email\":\"info@produncan.cl\"}]}<\/script>\n<meta property=\"og:video\" content=\"https:\/\/www.youtube.com\/embed\/kZosrB73ae4\" \/>\n<meta property=\"og:video:type\" content=\"text\/html\" \/>\n<meta property=\"og:video:duration\" content=\"95\" \/>\n<meta property=\"og:video:width\" content=\"480\" \/>\n<meta property=\"og:video:height\" content=\"270\" \/>\n<meta property=\"ya:ovs:adult\" content=\"false\" \/>\n<meta property=\"ya:ovs:upload_date\" content=\"2021-03-07T17:06:14+00:00\" \/>\n<meta property=\"ya:ovs:allow_embed\" content=\"true\" \/>\n<meta property=\"product:price:currency\" content=\"USD\" \/>\n<meta property=\"og:availability\" content=\"out of stock\" \/>\n<meta property=\"product:availability\" content=\"out of stock\" \/>\n<meta property=\"product:condition\" content=\"new\" \/>\n<!-- \/ Yoast SEO Premium plugin. -->","yoast_head_json":{"title":"Campagne \u00e0 Puerto Varas - Santa Barbara, r\u00e9gion de Los Lagos - Produncan","description":"Ferme \u00e0 Puerto Varas de 9 hectares avec vue sur les montagnes, \u00e9lectricit\u00e9, eau, maison principale, maison de gardien, bergerie, poulailler et cave \u00e0 vin.","robots":{"index":"index","follow":"follow","max-snippet":"max-snippet:-1","max-image-preview":"max-image-preview:large","max-video-preview":"max-video-preview:-1"},"canonical":"https:\/\/produncan.cl\/fr\/produit\/campagne-a-puerto-varas-santa-barbara-region-de-los-lagos\/","og_locale":"fr_FR","og_type":"article","og_title":"Campagne \u00e0 Puerto Varas - Santa Barbara, r\u00e9gion de Los Lagos","og_description":"Ferme \u00e0 Puerto Varas de 9 hectares avec vue sur les montagnes, \u00e9lectricit\u00e9, eau, maison principale, maison de gardien, bergerie, poulailler et cave \u00e0 vin.","og_url":"https:\/\/produncan.cl\/fr\/produit\/campagne-a-puerto-varas-santa-barbara-region-de-los-lagos\/","og_site_name":"Produncan","article_publisher":"https:\/\/web.facebook.com\/produncanland","article_modified_time":"2026-01-16T21:16:20+00:00","og_image":[{"width":600,"height":450,"url":"https:\/\/produncan.cl\/wp-content\/uploads\/2025\/03\/Campo-Santa-Barbara-vendido.webp","type":"image\/webp"}],"twitter_card":"summary_large_image","twitter_misc":{"Price":"","Availability":"Out of stock"},"schema":{"@context":"https:\/\/schema.org","@graph":[{"@type":"WebPage","@id":"https:\/\/produncan.cl\/fr\/produit\/campagne-a-puerto-varas-santa-barbara-region-de-los-lagos\/","url":"https:\/\/produncan.cl\/fr\/produit\/campagne-a-puerto-varas-santa-barbara-region-de-los-lagos\/","name":"Campagne \u00e0 Puerto Varas - Santa Barbara, r\u00e9gion de Los Lagos - Produncan","isPartOf":{"@id":"https:\/\/produncan.cl\/fr\/#website"},"primaryImageOfPage":{"@id":"https:\/\/produncan.cl\/fr\/produit\/campagne-a-puerto-varas-santa-barbara-region-de-los-lagos\/#primaryimage"},"image":{"@id":"https:\/\/produncan.cl\/fr\/produit\/campagne-a-puerto-varas-santa-barbara-region-de-los-lagos\/#primaryimage"},"thumbnailUrl":"https:\/\/produncan.cl\/wp-content\/uploads\/2025\/03\/Campo-Santa-Barbara-vendido.webp","datePublished":"2021-03-07T17:06:14+00:00","dateModified":"2026-01-16T21:16:20+00:00","description":"Ferme \u00e0 Puerto Varas de 9 hectares avec vue sur les montagnes, \u00e9lectricit\u00e9, eau, maison principale, maison de gardien, bergerie, poulailler et cave \u00e0 vin.","breadcrumb":{"@id":"https:\/\/produncan.cl\/fr\/produit\/campagne-a-puerto-varas-santa-barbara-region-de-los-lagos\/#breadcrumb"},"inLanguage":"fr-FR","potentialAction":[{"@type":"ReadAction","target":["https:\/\/produncan.cl\/fr\/produit\/campagne-a-puerto-varas-santa-barbara-region-de-los-lagos\/"]}]},{"@type":"ImageObject","inLanguage":"fr-FR","@id":"https:\/\/produncan.cl\/fr\/produit\/campagne-a-puerto-varas-santa-barbara-region-de-los-lagos\/#primaryimage","url":"https:\/\/produncan.cl\/wp-content\/uploads\/2025\/03\/Campo-Santa-Barbara-vendido.webp","contentUrl":"https:\/\/produncan.cl\/wp-content\/uploads\/2025\/03\/Campo-Santa-Barbara-vendido.webp","width":600,"height":450,"caption":"Campo Santa B\u00e1rbara vendido"},{"@type":"BreadcrumbList","@id":"https:\/\/produncan.cl\/fr\/produit\/campagne-a-puerto-varas-santa-barbara-region-de-los-lagos\/#breadcrumb","itemListElement":[{"@type":"ListItem","position":1,"name":"Inicio","item":"https:\/\/produncan.cl\/fr\/"},{"@type":"ListItem","position":2,"name":"Propri\u00e9t\u00e9s","item":"https:\/\/produncan.cl\/propiedades\/"},{"@type":"ListItem","position":3,"name":"Champs","item":"https:\/\/produncan.cl\/fr\/cat&eacute;gorie\/champs\/"},{"@type":"ListItem","position":4,"name":"Campagne \u00e0 Puerto Varas &#8211; Santa Barbara, r\u00e9gion de Los Lagos"}]},{"@type":"WebSite","@id":"https:\/\/produncan.cl\/fr\/#website","url":"https:\/\/produncan.cl\/fr\/","name":"Produncan","description":"Nous vous accompagnons dans votre projet de vie !","publisher":{"@id":"https:\/\/produncan.cl\/fr\/#organization"},"potentialAction":[{"@type":"SearchAction","target":{"@type":"EntryPoint","urlTemplate":"https:\/\/produncan.cl\/fr\/?s={search_term_string}"},"query-input":{"@type":"PropertyValueSpecification","valueRequired":true,"valueName":"search_term_string"}}],"inLanguage":"fr-FR"},{"@type":"Organization","@id":"https:\/\/produncan.cl\/fr\/#organization","name":"Produncan","url":"https:\/\/produncan.cl\/fr\/","logo":{"@type":"ImageObject","inLanguage":"fr-FR","@id":"https:\/\/produncan.cl\/fr\/#\/schema\/logo\/image\/","url":"https:\/\/produncan.cl\/wp-content\/uploads\/2021\/03\/LOGO.jpeg","contentUrl":"https:\/\/produncan.cl\/wp-content\/uploads\/2021\/03\/LOGO.jpeg","width":1280,"height":903,"caption":"Produncan"},"image":{"@id":"https:\/\/produncan.cl\/fr\/#\/schema\/logo\/image\/"},"sameAs":["https:\/\/web.facebook.com\/produncanland","https:\/\/www.instagram.com\/pro_duncan\/","https:\/\/www.linkedin.com\/company\/produncan-lands\/","https:\/\/www.youtube.com\/channel\/UCu7N-f3x0svkazD-Eew1-QQ"],"description":"En Produncan somos especialistas en la venta de terrenos en el sur de Chile. Proveemos estancias, campos, parcelas y hoteles.","email":"info@produncan.cl"}]},"og_video":"https:\/\/www.youtube.com\/embed\/kZosrB73ae4","og_video_type":"text\/html","og_video_duration":"95","og_video_width":"480","og_video_height":"270","ya_ovs_adult":"false","ya_ovs_upload_date":"2021-03-07T17:06:14+00:00","ya_ovs_allow_embed":"true","product_price_currency":"USD","og_availability":"out of stock","product_availability":"out of stock","product_condition":"new"},"_links":{"self":[{"href":"https:\/\/produncan.cl\/fr\/wp-json\/wp\/v2\/product\/39488","targetHints":{"allow":["GET"]}}],"collection":[{"href":"https:\/\/produncan.cl\/fr\/wp-json\/wp\/v2\/product"}],"about":[{"href":"https:\/\/produncan.cl\/fr\/wp-json\/wp\/v2\/types\/product"}],"version-history":[{"count":4,"href":"https:\/\/produncan.cl\/fr\/wp-json\/wp\/v2\/product\/39488\/revisions"}],"predecessor-version":[{"id":54473,"href":"https:\/\/produncan.cl\/fr\/wp-json\/wp\/v2\/product\/39488\/revisions\/54473"}],"wp:featuredmedia":[{"embeddable":true,"href":"https:\/\/produncan.cl\/fr\/wp-json\/wp\/v2\/media\/52979"}],"wp:attachment":[{"href":"https:\/\/produncan.cl\/fr\/wp-json\/wp\/v2\/media?parent=39488"}],"wp:term":[{"taxonomy":"product_brand","embeddable":true,"href":"https:\/\/produncan.cl\/fr\/wp-json\/wp\/v2\/product_brand?post=39488"},{"taxonomy":"product_cat","embeddable":true,"href":"https:\/\/produncan.cl\/fr\/wp-json\/wp\/v2\/product_cat?post=39488"},{"taxonomy":"product_tag","embeddable":true,"href":"https:\/\/produncan.cl\/fr\/wp-json\/wp\/v2\/product_tag?post=39488"},{"taxonomy":"regiones","embeddable":true,"href":"https:\/\/produncan.cl\/fr\/wp-json\/wp\/v2\/regiones?post=39488"},{"taxonomy":"ciudades","embeddable":true,"href":"https:\/\/produncan.cl\/fr\/wp-json\/wp\/v2\/ciudades?post=39488"}],"curies":[{"name":"wp","href":"https:\/\/api.w.org\/{rel}","templated":true}]}}