{"id":40333,"date":"2025-04-09T19:15:06","date_gmt":"2025-04-09T23:15:06","guid":{"rendered":"https:\/\/produncan.cl\/producto\/terrain-a-batir-a-puerto-varas-los-riscos-ensenada\/"},"modified":"2025-11-24T15:49:02","modified_gmt":"2025-11-24T18:49:02","slug":"terrain-a-batir-a-puerto-varas-los-riscos-ensenada","status":"publish","type":"product","link":"https:\/\/produncan.cl\/fr\/produit\/terrain-a-batir-a-puerto-varas-los-riscos-ensenada\/","title":{"rendered":"Terrain \u00e0 b\u00e2tir \u00e0 Puerto Varas &#8211; Los Riscos &#8211; Ensenada"},"content":{"rendered":"\t\t<div data-elementor-type=\"product-post\" data-elementor-id=\"40333\" class=\"elementor elementor-40333 elementor-40225\" data-elementor-post-type=\"product\">\n\t\t\t\t<div class=\"elementor-element elementor-element-7ee004c e-flex e-con-boxed e-con e-parent\" data-id=\"7ee004c\" data-element_type=\"container\" data-e-type=\"container\" data-settings=\"{&quot;jet_parallax_layout_list&quot;:[]}\">\n\t\t\t\t\t<div class=\"e-con-inner\">\n\t\t\t\t<div class=\"elementor-element elementor-element-6a7eac1 elementor-widget elementor-widget-heading\" data-id=\"6a7eac1\" data-element_type=\"widget\" data-e-type=\"widget\" data-widget_type=\"heading.default\">\n\t\t\t\t\t<h2 class=\"elementor-heading-title elementor-size-default\">Terrain exclusif \u00e0 Puerto Varas, Ensenada - Los Riscos. Environnement naturel, vue sur les volcans et vie de haut niveau. <\/h2>\t\t\t\t<\/div>\n\t\t\t\t\t<\/div>\n\t\t\t\t<\/div>\n\t\t<div class=\"elementor-element elementor-element-f003f0f e-flex e-con-boxed e-con e-parent\" data-id=\"f003f0f\" data-element_type=\"container\" data-e-type=\"container\" data-settings=\"{&quot;jet_parallax_layout_list&quot;:[]}\">\n\t\t\t\t\t<div class=\"e-con-inner\">\n\t\t\t\t<div class=\"elementor-element elementor-element-2c83027 elementor-widget elementor-widget-text-editor\" data-id=\"2c83027\" data-element_type=\"widget\" data-e-type=\"widget\" data-widget_type=\"text-editor.default\">\n\t\t\t\t\t\t\t\t\t<p>Nous vous pr\u00e9sentons une opportunit\u00e9 unique de construire votre projet de vie dans l&#8217;une des zones les plus convoit\u00e9es du sud du Chili : un terrain spectaculaire \u00e0 Puerto Varas, Ensenada de 5.000 m\u00b2 situ\u00e9 dans le condominium consolid\u00e9 et exclusif Los Riscos, \u00e0 seulement 40 minutes de l&#8217;a\u00e9roport et avec une excellente connectivit\u00e9 par route asphalt\u00e9e.<\/p><p><strong>Lieu privil\u00e9gi\u00e9<\/strong><\/p><p>Entre Puerto Varas et Ensenada, au c\u0153ur de la r\u00e9gion de Los Lagos, cette propri\u00e9t\u00e9 allie parfaitement intimit\u00e9, nature et accessibilit\u00e9. Depuis le terrain, vous b\u00e9n\u00e9ficierez d&#8217;une vue imprenable sur les volcans Osorno et Calbuco, et vous ne serez qu&#8217;\u00e0 quelques minutes d&#8217;attractions naturelles telles que les chutes de Petrohu\u00e9, le lac Llanquihue et le volcan Osorno. <\/p><p><strong>Caract\u00e9ristiques du terrain \u00e0 Puerto Varas, Los Riscos<\/strong><\/p><ul><li>Valeur : 2 900 UF<\/li><li>Terrain plat, id\u00e9al pour la construction<\/li><li>For\u00eat indig\u00e8ne d\u00e9frich\u00e9e avec des esp\u00e8ces telles que le myrte et les boldos.<\/li><li>Faune abondante : cygnes, canards, h\u00e9rons, perroquets et colibris.<\/li><li>\u00c9lectricit\u00e9 et eau potable souterraines<\/li><li>Excellente exposition au soleil toute l&#8217;ann\u00e9e<\/li><li>R\u00f4le propre et usage r\u00e9sidentiel<\/li><li>D\u00e9penses communes \u00e0 partir de 17 500 $ environ.<\/li><li>Contributions : 77 000 dollars par trimestre environ.<br><br><\/li><\/ul><p><strong>Equipement de la copropri\u00e9t\u00e9 :<\/strong><\/p><ul><li>Acc\u00e8s contr\u00f4l\u00e9 et portail \u00e9lectrique<\/li><li>Routes internes en asphalte<\/li><li>Droit d&#8217;utilisation de la plage du lac Llanquihue<\/li><li>Quatre barbecues avec salle de bains dans les parties communes<\/li><li>Un am\u00e9nagement paysager soign\u00e9 et un environnement harmonieux<\/li><li>Communaut\u00e9 \u00e9tablie avec une architecture de haut niveau<\/li><li>Comit\u00e9 des propri\u00e9taires et r\u00e8gles de proc\u00e9dure claires<br><br><\/li><\/ul><p>Terrain \u00e0 Puerto Varas, Los Riscos, en 1\u00e8re ou 2\u00e8me r\u00e9sidence, offre non seulement un investissement s\u00fbr, mais aussi la possibilit\u00e9 de vivre ou de passer des vacances dans un environnement naturel unique, avec tous les conforts et l&#8217;appui d&#8217;un projet consolid\u00e9.<\/p><p>Si vous recherchez la tranquillit\u00e9, la nature et une communaut\u00e9 de haut niveau dans le sud du Chili, c&#8217;est l&#8217;opportunit\u00e9 que vous attendiez.<\/p><p>Contactez-nous pour plus d&#8217;informations ou pour organiser une visite.<\/p>\t\t\t\t\t\t\t\t<\/div>\n\t\t\t\t\t<\/div>\n\t\t\t\t<\/div>\n\t\t\t\t<\/div>\n\t\t","protected":false},"excerpt":{"rendered":"<p>Terrain \u00e0 Puerto Varas, sur la route d&#8217;Ensenada, dans le cadre d&#8217;un projet consolid\u00e9. Urbanisation asphalt\u00e9e, \u00e9lectricit\u00e9 souterraine, eau potable, acc\u00e8s au lac, descente pour bateaux, vue sur les volcans, maisons de haut standing. <\/p>\n","protected":false},"featured_media":40229,"template":"","meta":{"_acf_changed":false},"product_brand":[],"product_cat":[113],"product_tag":[236],"regiones":[226],"ciudades":[213,219],"class_list":{"0":"post-40333","1":"product","2":"type-product","3":"status-publish","4":"has-post-thumbnail","6":"product_cat-ohiggins-los-lagos-fr","7":"product_tag-parcelles","8":"regiones-nuble-los_lagos","9":"ciudades-ensenada","10":"ciudades-puerto-varas","12":"first","13":"instock","14":"shipping-taxable","15":"purchasable","16":"product-type-simple"},"acf":[],"yoast_head":"<!-- This site is optimized with the Yoast SEO Premium plugin v26.0 (Yoast SEO v27.3) - https:\/\/yoast.com\/product\/yoast-seo-premium-wordpress\/ -->\n<title>Terrain \u00e0 b\u00e2tir \u00e0 Puerto Varas - Los Riscos - Ensenada - Produncan<\/title>\n<meta name=\"description\" content=\"Terrain \u00e0 Puerto Varas sur la route d&#039;Ensenada, dans un projet consolid\u00e9. Urbanisation asphalt\u00e9e, \u00e9lectricit\u00e9 souterraine, eau potable, acc\u00e8s au lac.\" \/>\n<meta name=\"robots\" content=\"index, follow, max-snippet:-1, max-image-preview:large, max-video-preview:-1\" \/>\n<link rel=\"canonical\" href=\"https:\/\/produncan.cl\/fr\/produit\/terrain-a-batir-a-puerto-varas-los-riscos-ensenada\/\" \/>\n<meta property=\"og:locale\" content=\"fr_FR\" \/>\n<meta property=\"og:type\" content=\"article\" \/>\n<meta property=\"og:title\" content=\"Terrain \u00e0 b\u00e2tir \u00e0 Puerto Varas - Los Riscos - Ensenada\" \/>\n<meta property=\"og:description\" content=\"Terrain \u00e0 Puerto Varas sur la route d&#039;Ensenada, dans un projet consolid\u00e9. Urbanisation asphalt\u00e9e, \u00e9lectricit\u00e9 souterraine, eau potable, acc\u00e8s au lac.\" \/>\n<meta property=\"og:url\" content=\"https:\/\/produncan.cl\/fr\/produit\/terrain-a-batir-a-puerto-varas-los-riscos-ensenada\/\" \/>\n<meta property=\"og:site_name\" content=\"Produncan\" \/>\n<meta property=\"article:publisher\" content=\"https:\/\/web.facebook.com\/produncanland\" \/>\n<meta property=\"article:modified_time\" content=\"2025-11-24T18:49:02+00:00\" \/>\n<meta property=\"og:image\" content=\"https:\/\/produncan.cl\/wp-content\/uploads\/2025\/04\/Parcela-en-venta-Los-Riscos-Puerto-Varas.webp\" \/>\n\t<meta property=\"og:image:width\" content=\"800\" \/>\n\t<meta property=\"og:image:height\" content=\"600\" \/>\n\t<meta property=\"og:image:type\" content=\"image\/webp\" \/>\n<meta name=\"twitter:card\" content=\"summary_large_image\" \/>\n<meta name=\"twitter:label1\" content=\"Price\" \/>\n\t<meta name=\"twitter:data1\" content=\"USD124.000,00\" \/>\n\t<meta name=\"twitter:label2\" content=\"Availability\" \/>\n\t<meta name=\"twitter:data2\" content=\"In stock\" \/>\n<script type=\"application\/ld+json\" class=\"yoast-schema-graph\">{\"@context\":\"https:\\\/\\\/schema.org\",\"@graph\":[{\"@type\":\"WebPage\",\"@id\":\"https:\\\/\\\/produncan.cl\\\/fr\\\/produit\\\/terrain-a-batir-a-puerto-varas-los-riscos-ensenada\\\/\",\"url\":\"https:\\\/\\\/produncan.cl\\\/fr\\\/produit\\\/terrain-a-batir-a-puerto-varas-los-riscos-ensenada\\\/\",\"name\":\"Terrain \u00e0 b\u00e2tir \u00e0 Puerto Varas - Los Riscos - Ensenada - Produncan\",\"isPartOf\":{\"@id\":\"https:\\\/\\\/produncan.cl\\\/fr\\\/#website\"},\"primaryImageOfPage\":{\"@id\":\"https:\\\/\\\/produncan.cl\\\/fr\\\/produit\\\/terrain-a-batir-a-puerto-varas-los-riscos-ensenada\\\/#primaryimage\"},\"image\":{\"@id\":\"https:\\\/\\\/produncan.cl\\\/fr\\\/produit\\\/terrain-a-batir-a-puerto-varas-los-riscos-ensenada\\\/#primaryimage\"},\"thumbnailUrl\":\"https:\\\/\\\/produncan.cl\\\/wp-content\\\/uploads\\\/2025\\\/04\\\/Parcela-en-venta-Los-Riscos-Puerto-Varas.webp\",\"datePublished\":\"2025-04-09T23:15:06+00:00\",\"dateModified\":\"2025-11-24T18:49:02+00:00\",\"description\":\"Terrain \u00e0 Puerto Varas sur la route d'Ensenada, dans un projet consolid\u00e9. Urbanisation asphalt\u00e9e, \u00e9lectricit\u00e9 souterraine, eau potable, acc\u00e8s au lac.\",\"breadcrumb\":{\"@id\":\"https:\\\/\\\/produncan.cl\\\/fr\\\/produit\\\/terrain-a-batir-a-puerto-varas-los-riscos-ensenada\\\/#breadcrumb\"},\"inLanguage\":\"fr-FR\",\"potentialAction\":[{\"@type\":\"ReadAction\",\"target\":[\"https:\\\/\\\/produncan.cl\\\/fr\\\/produit\\\/terrain-a-batir-a-puerto-varas-los-riscos-ensenada\\\/\"]}]},{\"@type\":\"ImageObject\",\"inLanguage\":\"fr-FR\",\"@id\":\"https:\\\/\\\/produncan.cl\\\/fr\\\/produit\\\/terrain-a-batir-a-puerto-varas-los-riscos-ensenada\\\/#primaryimage\",\"url\":\"https:\\\/\\\/produncan.cl\\\/wp-content\\\/uploads\\\/2025\\\/04\\\/Parcela-en-venta-Los-Riscos-Puerto-Varas.webp\",\"contentUrl\":\"https:\\\/\\\/produncan.cl\\\/wp-content\\\/uploads\\\/2025\\\/04\\\/Parcela-en-venta-Los-Riscos-Puerto-Varas.webp\",\"width\":800,\"height\":600,\"caption\":\"Terrain \u00e0 vendre Los Risos Puerto Varas\"},{\"@type\":\"BreadcrumbList\",\"@id\":\"https:\\\/\\\/produncan.cl\\\/fr\\\/produit\\\/terrain-a-batir-a-puerto-varas-los-riscos-ensenada\\\/#breadcrumb\",\"itemListElement\":[{\"@type\":\"ListItem\",\"position\":1,\"name\":\"Inicio\",\"item\":\"https:\\\/\\\/produncan.cl\\\/fr\\\/\"},{\"@type\":\"ListItem\",\"position\":2,\"name\":\"Propri\u00e9t\u00e9s\",\"item\":\"https:\\\/\\\/produncan.cl\\\/propiedades\\\/\"},{\"@type\":\"ListItem\",\"position\":3,\"name\":\"Parcelles\",\"item\":\"https:\\\/\\\/produncan.cl\\\/fr\\\/cat&eacute;gorie\\\/parcelles\\\/\"},{\"@type\":\"ListItem\",\"position\":4,\"name\":\"Terrain \u00e0 b\u00e2tir \u00e0 Puerto Varas &#8211; Los Riscos &#8211; Ensenada\"}]},{\"@type\":\"WebSite\",\"@id\":\"https:\\\/\\\/produncan.cl\\\/fr\\\/#website\",\"url\":\"https:\\\/\\\/produncan.cl\\\/fr\\\/\",\"name\":\"Produncan\",\"description\":\"Nous vous accompagnons dans votre projet de vie !\",\"publisher\":{\"@id\":\"https:\\\/\\\/produncan.cl\\\/fr\\\/#organization\"},\"potentialAction\":[{\"@type\":\"SearchAction\",\"target\":{\"@type\":\"EntryPoint\",\"urlTemplate\":\"https:\\\/\\\/produncan.cl\\\/fr\\\/?s={search_term_string}\"},\"query-input\":{\"@type\":\"PropertyValueSpecification\",\"valueRequired\":true,\"valueName\":\"search_term_string\"}}],\"inLanguage\":\"fr-FR\"},{\"@type\":\"Organization\",\"@id\":\"https:\\\/\\\/produncan.cl\\\/fr\\\/#organization\",\"name\":\"Produncan\",\"url\":\"https:\\\/\\\/produncan.cl\\\/fr\\\/\",\"logo\":{\"@type\":\"ImageObject\",\"inLanguage\":\"fr-FR\",\"@id\":\"https:\\\/\\\/produncan.cl\\\/fr\\\/#\\\/schema\\\/logo\\\/image\\\/\",\"url\":\"https:\\\/\\\/produncan.cl\\\/wp-content\\\/uploads\\\/2021\\\/03\\\/LOGO.jpeg\",\"contentUrl\":\"https:\\\/\\\/produncan.cl\\\/wp-content\\\/uploads\\\/2021\\\/03\\\/LOGO.jpeg\",\"width\":1280,\"height\":903,\"caption\":\"Produncan\"},\"image\":{\"@id\":\"https:\\\/\\\/produncan.cl\\\/fr\\\/#\\\/schema\\\/logo\\\/image\\\/\"},\"sameAs\":[\"https:\\\/\\\/web.facebook.com\\\/produncanland\",\"https:\\\/\\\/www.instagram.com\\\/pro_duncan\\\/\",\"https:\\\/\\\/www.linkedin.com\\\/company\\\/produncan-lands\\\/\",\"https:\\\/\\\/www.youtube.com\\\/channel\\\/UCu7N-f3x0svkazD-Eew1-QQ\"],\"description\":\"En Produncan somos especialistas en la venta de terrenos en el sur de Chile. Proveemos estancias, campos, parcelas y hoteles.\",\"email\":\"info@produncan.cl\"}]}<\/script>\n<meta property=\"og:video\" content=\"https:\/\/www.youtube.com\/embed\/uDx3Y3PQ08M\" \/>\n<meta property=\"og:video:type\" content=\"text\/html\" \/>\n<meta property=\"og:video:duration\" content=\"89\" \/>\n<meta property=\"og:video:width\" content=\"480\" \/>\n<meta property=\"og:video:height\" content=\"270\" \/>\n<meta property=\"ya:ovs:adult\" content=\"false\" \/>\n<meta property=\"ya:ovs:upload_date\" content=\"2025-04-09T23:15:06+00:00\" \/>\n<meta property=\"ya:ovs:allow_embed\" content=\"true\" \/>\n<meta property=\"product:price:amount\" content=\"124000.00\" \/>\n<meta property=\"product:price:currency\" content=\"USD\" \/>\n<meta property=\"og:availability\" content=\"instock\" \/>\n<meta property=\"product:availability\" content=\"instock\" \/>\n<meta property=\"product:condition\" content=\"new\" \/>\n<!-- \/ Yoast SEO Premium plugin. -->","yoast_head_json":{"title":"Terrain \u00e0 b\u00e2tir \u00e0 Puerto Varas - Los Riscos - Ensenada - Produncan","description":"Terrain \u00e0 Puerto Varas sur la route d'Ensenada, dans un projet consolid\u00e9. Urbanisation asphalt\u00e9e, \u00e9lectricit\u00e9 souterraine, eau potable, acc\u00e8s au lac.","robots":{"index":"index","follow":"follow","max-snippet":"max-snippet:-1","max-image-preview":"max-image-preview:large","max-video-preview":"max-video-preview:-1"},"canonical":"https:\/\/produncan.cl\/fr\/produit\/terrain-a-batir-a-puerto-varas-los-riscos-ensenada\/","og_locale":"fr_FR","og_type":"article","og_title":"Terrain \u00e0 b\u00e2tir \u00e0 Puerto Varas - Los Riscos - Ensenada","og_description":"Terrain \u00e0 Puerto Varas sur la route d'Ensenada, dans un projet consolid\u00e9. Urbanisation asphalt\u00e9e, \u00e9lectricit\u00e9 souterraine, eau potable, acc\u00e8s au lac.","og_url":"https:\/\/produncan.cl\/fr\/produit\/terrain-a-batir-a-puerto-varas-los-riscos-ensenada\/","og_site_name":"Produncan","article_publisher":"https:\/\/web.facebook.com\/produncanland","article_modified_time":"2025-11-24T18:49:02+00:00","og_image":[{"width":800,"height":600,"url":"https:\/\/produncan.cl\/wp-content\/uploads\/2025\/04\/Parcela-en-venta-Los-Riscos-Puerto-Varas.webp","type":"image\/webp"}],"twitter_card":"summary_large_image","twitter_misc":{"Price":"USD124.000,00","Availability":"In stock"},"schema":{"@context":"https:\/\/schema.org","@graph":[{"@type":"WebPage","@id":"https:\/\/produncan.cl\/fr\/produit\/terrain-a-batir-a-puerto-varas-los-riscos-ensenada\/","url":"https:\/\/produncan.cl\/fr\/produit\/terrain-a-batir-a-puerto-varas-los-riscos-ensenada\/","name":"Terrain \u00e0 b\u00e2tir \u00e0 Puerto Varas - Los Riscos - Ensenada - Produncan","isPartOf":{"@id":"https:\/\/produncan.cl\/fr\/#website"},"primaryImageOfPage":{"@id":"https:\/\/produncan.cl\/fr\/produit\/terrain-a-batir-a-puerto-varas-los-riscos-ensenada\/#primaryimage"},"image":{"@id":"https:\/\/produncan.cl\/fr\/produit\/terrain-a-batir-a-puerto-varas-los-riscos-ensenada\/#primaryimage"},"thumbnailUrl":"https:\/\/produncan.cl\/wp-content\/uploads\/2025\/04\/Parcela-en-venta-Los-Riscos-Puerto-Varas.webp","datePublished":"2025-04-09T23:15:06+00:00","dateModified":"2025-11-24T18:49:02+00:00","description":"Terrain \u00e0 Puerto Varas sur la route d'Ensenada, dans un projet consolid\u00e9. Urbanisation asphalt\u00e9e, \u00e9lectricit\u00e9 souterraine, eau potable, acc\u00e8s au lac.","breadcrumb":{"@id":"https:\/\/produncan.cl\/fr\/produit\/terrain-a-batir-a-puerto-varas-los-riscos-ensenada\/#breadcrumb"},"inLanguage":"fr-FR","potentialAction":[{"@type":"ReadAction","target":["https:\/\/produncan.cl\/fr\/produit\/terrain-a-batir-a-puerto-varas-los-riscos-ensenada\/"]}]},{"@type":"ImageObject","inLanguage":"fr-FR","@id":"https:\/\/produncan.cl\/fr\/produit\/terrain-a-batir-a-puerto-varas-los-riscos-ensenada\/#primaryimage","url":"https:\/\/produncan.cl\/wp-content\/uploads\/2025\/04\/Parcela-en-venta-Los-Riscos-Puerto-Varas.webp","contentUrl":"https:\/\/produncan.cl\/wp-content\/uploads\/2025\/04\/Parcela-en-venta-Los-Riscos-Puerto-Varas.webp","width":800,"height":600,"caption":"Terrain \u00e0 vendre Los Risos Puerto Varas"},{"@type":"BreadcrumbList","@id":"https:\/\/produncan.cl\/fr\/produit\/terrain-a-batir-a-puerto-varas-los-riscos-ensenada\/#breadcrumb","itemListElement":[{"@type":"ListItem","position":1,"name":"Inicio","item":"https:\/\/produncan.cl\/fr\/"},{"@type":"ListItem","position":2,"name":"Propri\u00e9t\u00e9s","item":"https:\/\/produncan.cl\/propiedades\/"},{"@type":"ListItem","position":3,"name":"Parcelles","item":"https:\/\/produncan.cl\/fr\/cat&eacute;gorie\/parcelles\/"},{"@type":"ListItem","position":4,"name":"Terrain \u00e0 b\u00e2tir \u00e0 Puerto Varas &#8211; Los Riscos &#8211; Ensenada"}]},{"@type":"WebSite","@id":"https:\/\/produncan.cl\/fr\/#website","url":"https:\/\/produncan.cl\/fr\/","name":"Produncan","description":"Nous vous accompagnons dans votre projet de vie !","publisher":{"@id":"https:\/\/produncan.cl\/fr\/#organization"},"potentialAction":[{"@type":"SearchAction","target":{"@type":"EntryPoint","urlTemplate":"https:\/\/produncan.cl\/fr\/?s={search_term_string}"},"query-input":{"@type":"PropertyValueSpecification","valueRequired":true,"valueName":"search_term_string"}}],"inLanguage":"fr-FR"},{"@type":"Organization","@id":"https:\/\/produncan.cl\/fr\/#organization","name":"Produncan","url":"https:\/\/produncan.cl\/fr\/","logo":{"@type":"ImageObject","inLanguage":"fr-FR","@id":"https:\/\/produncan.cl\/fr\/#\/schema\/logo\/image\/","url":"https:\/\/produncan.cl\/wp-content\/uploads\/2021\/03\/LOGO.jpeg","contentUrl":"https:\/\/produncan.cl\/wp-content\/uploads\/2021\/03\/LOGO.jpeg","width":1280,"height":903,"caption":"Produncan"},"image":{"@id":"https:\/\/produncan.cl\/fr\/#\/schema\/logo\/image\/"},"sameAs":["https:\/\/web.facebook.com\/produncanland","https:\/\/www.instagram.com\/pro_duncan\/","https:\/\/www.linkedin.com\/company\/produncan-lands\/","https:\/\/www.youtube.com\/channel\/UCu7N-f3x0svkazD-Eew1-QQ"],"description":"En Produncan somos especialistas en la venta de terrenos en el sur de Chile. Proveemos estancias, campos, parcelas y hoteles.","email":"info@produncan.cl"}]},"og_video":"https:\/\/www.youtube.com\/embed\/uDx3Y3PQ08M","og_video_type":"text\/html","og_video_duration":"89","og_video_width":"480","og_video_height":"270","ya_ovs_adult":"false","ya_ovs_upload_date":"2025-04-09T23:15:06+00:00","ya_ovs_allow_embed":"true","product_price_amount":"124000.00","product_price_currency":"USD","og_availability":"instock","product_availability":"instock","product_condition":"new"},"_links":{"self":[{"href":"https:\/\/produncan.cl\/fr\/wp-json\/wp\/v2\/product\/40333","targetHints":{"allow":["GET"]}}],"collection":[{"href":"https:\/\/produncan.cl\/fr\/wp-json\/wp\/v2\/product"}],"about":[{"href":"https:\/\/produncan.cl\/fr\/wp-json\/wp\/v2\/types\/product"}],"version-history":[{"count":2,"href":"https:\/\/produncan.cl\/fr\/wp-json\/wp\/v2\/product\/40333\/revisions"}],"predecessor-version":[{"id":52478,"href":"https:\/\/produncan.cl\/fr\/wp-json\/wp\/v2\/product\/40333\/revisions\/52478"}],"wp:featuredmedia":[{"embeddable":true,"href":"https:\/\/produncan.cl\/fr\/wp-json\/wp\/v2\/media\/40229"}],"wp:attachment":[{"href":"https:\/\/produncan.cl\/fr\/wp-json\/wp\/v2\/media?parent=40333"}],"wp:term":[{"taxonomy":"product_brand","embeddable":true,"href":"https:\/\/produncan.cl\/fr\/wp-json\/wp\/v2\/product_brand?post=40333"},{"taxonomy":"product_cat","embeddable":true,"href":"https:\/\/produncan.cl\/fr\/wp-json\/wp\/v2\/product_cat?post=40333"},{"taxonomy":"product_tag","embeddable":true,"href":"https:\/\/produncan.cl\/fr\/wp-json\/wp\/v2\/product_tag?post=40333"},{"taxonomy":"regiones","embeddable":true,"href":"https:\/\/produncan.cl\/fr\/wp-json\/wp\/v2\/regiones?post=40333"},{"taxonomy":"ciudades","embeddable":true,"href":"https:\/\/produncan.cl\/fr\/wp-json\/wp\/v2\/ciudades?post=40333"}],"curies":[{"name":"wp","href":"https:\/\/api.w.org\/{rel}","templated":true}]}}