{"id":40335,"date":"2025-04-02T18:53:22","date_gmt":"2025-04-02T21:53:22","guid":{"rendered":"https:\/\/produncan.cl\/producto\/terrain-a-cochamo-au-bord-de-la-riviere-puelo-region-des-lacs\/"},"modified":"2026-04-16T18:17:12","modified_gmt":"2026-04-16T22:17:12","slug":"terrain-a-cochamo-au-bord-de-la-riviere-puelo-region-des-lacs","status":"publish","type":"product","link":"https:\/\/produncan.cl\/fr\/produit\/terrain-a-cochamo-au-bord-de-la-riviere-puelo-region-des-lacs\/","title":{"rendered":"Terrain \u00e0 Cocham\u00f3 au bord de la rivi\u00e8re Puelo &#8211; R\u00e9gion des lacs"},"content":{"rendered":"\t\t<div data-elementor-type=\"product-post\" data-elementor-id=\"40335\" class=\"elementor elementor-40335 elementor-40085\" data-elementor-post-type=\"product\">\n\t\t\t\t<div class=\"elementor-element elementor-element-df5b680 e-flex e-con-boxed e-con e-parent\" data-id=\"df5b680\" data-element_type=\"container\" data-e-type=\"container\" data-settings=\"{&quot;jet_parallax_layout_list&quot;:[]}\">\n\t\t\t\t\t<div class=\"e-con-inner\">\n\t\t\t\t<div class=\"elementor-element elementor-element-0a7c916 elementor-widget elementor-widget-heading\" data-id=\"0a7c916\" data-element_type=\"widget\" data-e-type=\"widget\" data-widget_type=\"heading.default\">\n\t\t\t\t\t<h2 class=\"elementor-heading-title elementor-size-default\">Parcelles exclusives \u00e0 Rio Puelo - Nature, tranquillit\u00e9 et connectivit\u00e9<\/h2>\t\t\t\t<\/div>\n\t\t\t\t\t<\/div>\n\t\t\t\t<\/div>\n\t\t<div class=\"elementor-element elementor-element-2dc00bb e-flex e-con-boxed e-con e-parent\" data-id=\"2dc00bb\" data-element_type=\"container\" data-e-type=\"container\" data-settings=\"{&quot;jet_parallax_layout_list&quot;:[]}\">\n\t\t\t\t\t<div class=\"e-con-inner\">\n\t\t\t\t<div class=\"elementor-element elementor-element-e8b6d07 elementor-widget elementor-widget-text-editor\" data-id=\"e8b6d07\" data-element_type=\"widget\" data-e-type=\"widget\" data-widget_type=\"text-editor.default\">\n\t\t\t\t\t\t\t\t\t<p>D\u00e9couvrez l&#8217;opportunit\u00e9 d&#8217;investir dans un environnement naturel incomparable dans la r\u00e9gion du <strong>fleuve Puelo<\/strong>, r\u00e9put\u00e9e pour la beaut\u00e9 de ses paysages et sa biodiversit\u00e9 unique. Ce paradis patagonien, entour\u00e9 de montagnes, de for\u00eats indig\u00e8nes et d&#8217;eaux cristallines, est id\u00e9al pour ceux qui recherchent la tranquillit\u00e9, l&#8217;aventure et la connexion avec la nature. <\/p>\n<p>Situ\u00e9s \u00e0 seulement <strong>700 m\u00e8tres du tarmac<\/strong>, ces <strong>4 lots uniques de 5 000 m\u00b2 chacun<\/strong> disposent tous d&#8217;<strong> un acc\u00e8s exclusif de<\/strong> 50<strong> m\u00e8tres \u00e0 la rivi\u00e8re Puelo<\/strong>, une destination c\u00e9l\u00e8bre pour sa <strong>p\u00eache sportive \u00e0 la truite et au saumon<\/strong>, ainsi que pour ses activit\u00e9s telles que <strong>le rafting, le kayak et la navigation de plaisance<\/strong>.<\/p>\n<p><strong>Caract\u00e9ristiques du terrain :<\/strong><\/p>\n<ul>\n<li><strong>Situation privil\u00e9gi\u00e9e :<\/strong> aux portes du parc de Tagua Tagua, dans la r\u00e9serve de biosph\u00e8re de la for\u00eat pluviale temp\u00e9r\u00e9e des Andes m\u00e9ridionales.<\/li>\n<li><strong>Terrain plat dans sa totalit\u00e9<\/strong>, facilitant le d\u00e9veloppement de projets r\u00e9sidentiels ou touristiques.<\/li>\n<li><strong>Acc\u00e8s \u00e0 l&#8217;\u00e9lectricit\u00e9 \u00e0 seulement 30 m\u00e8tres<\/strong> (Saesa).<\/li>\n<li>L&#8217;<strong>eau rurale<\/strong> est disponible gr\u00e2ce \u00e0 une roue hydraulique qui devrait devenir un APR \u00e0 l&#8217;avenir. Il est possible d&#8217;avoir une roue hydraulique sur le terrain. <\/li>\n<li><strong>Environnement naturel<\/strong> compos\u00e9 essentiellement de prairies, d&#8217;arbres indig\u00e8nes et de myrtes sur les rives de la rivi\u00e8re.<\/li>\n<li><strong>Faune locale diversifi\u00e9e<\/strong>, avec la pr\u00e9sence de <strong>huemules, renards, martins-p\u00eacheurs, pud\u00faes, h\u00e9rons et coypos<\/strong>.<\/li>\n<li><strong>Bonne exposition au soleil<\/strong>, orient\u00e9e au nord vers la rivi\u00e8re.<\/li>\n<\/ul>\n<p><strong>Un endroit o\u00f9 vivre ou investir<\/strong><\/p>\n<p>Il s&#8217;agit d&#8217;un <strong>cadre id\u00e9al pour l&#8217;\u00e9cotourisme<\/strong>, les projets durables ou simplement pour profiter d&#8217;une vie en contact avec la nature. La zone est <strong>tr\u00e8s bien desservie<\/strong>, \u00e0 seulement <strong>70<\/strong><strong>m\u00e8tres de la route asphalt\u00e9e<\/strong>, ce qui permet un acc\u00e8s confortable tout au long de l&#8217;ann\u00e9e. <\/p>\n<p><strong>Une opportunit\u00e9 unique<\/strong><\/p>\n<p>Chaque lot est disponible pour <strong>2.900 UF<\/strong>, avec son propre cadastre et la possibilit\u00e9 de vente par unit\u00e9s. Trois d&#8217;entre eux ont une servitude d&#8217;acc\u00e8s enregistr\u00e9e. Actuellement, ils ne paient pas de cotisations.  <\/p>\n<p>Si vous recherchez un terrain avec un acc\u00e8s direct \u00e0 la <strong>rivi\u00e8re Puelo<\/strong>, entour\u00e9 de paysages spectaculaires et dot\u00e9 d&#8217;un <strong>fort potentiel touristique et r\u00e9cr\u00e9atif<\/strong>, c&#8217;est l&#8217;occasion r\u00eav\u00e9e.<\/p>\n<p><strong>Contactez-nous d\u00e8s aujourd&#8217;hui et r\u00e9servez votre place dans ce paradis naturel !<\/strong><\/p>\n\t\t\t\t\t\t\t\t<\/div>\n\t\t\t\t\t<\/div>\n\t\t\t\t<\/div>\n\t\t\t\t<\/div>\n\t\t","protected":false},"excerpt":{"rendered":"<p>Terrain \u00e0 R\u00edo Puelo, Cocham\u00f3. Seulement 3 unit\u00e9s avec 50 m\u00e8tres de berge chacune. Emplacement privil\u00e9gi\u00e9 \u00e0 700 m\u00e8tres de la route goudronn\u00e9e, avec acc\u00e8s \u00e0 l&#8217;\u00e9lectricit\u00e9 et \u00e0 l&#8217;eau potable. Principalement des prairies et des terrains plats. Orientation nord.    <\/p>\n","protected":false},"featured_media":51838,"template":"","meta":{"_acf_changed":false},"product_brand":[],"product_cat":[113],"product_tag":[236,237],"regiones":[],"ciudades":[],"class_list":{"0":"post-40335","1":"product","2":"type-product","3":"status-publish","4":"has-post-thumbnail","6":"product_cat-ohiggins-los-lagos-fr","7":"product_tag-parcelles","8":"product_tag-proprietes-touristiques","10":"first","11":"instock","12":"shipping-taxable","13":"purchasable","14":"product-type-simple"},"acf":[],"yoast_head":"<!-- This site is optimized with the Yoast SEO Premium plugin v26.0 (Yoast SEO v27.4) - https:\/\/yoast.com\/product\/yoast-seo-premium-wordpress\/ -->\n<title>Terrain \u00e0 Cocham\u00f3 au bord de la rivi\u00e8re Puelo - R\u00e9gion des lacs - Produncan<\/title>\n<meta name=\"description\" content=\"Parcelles \u00e0 Rio Puelo, Cocham\u00f3 (5.000 m\u00b2 chacune), \u00e0 50 m de la rive. A 500 m de la route asphalt\u00e9e, avec \u00e9lectricit\u00e9, APR et prairies plates.\" \/>\n<meta name=\"robots\" content=\"index, follow, max-snippet:-1, max-image-preview:large, max-video-preview:-1\" \/>\n<link rel=\"canonical\" href=\"https:\/\/produncan.cl\/fr\/produit\/terrain-a-cochamo-au-bord-de-la-riviere-puelo-region-des-lacs\/\" \/>\n<meta property=\"og:locale\" content=\"fr_FR\" \/>\n<meta property=\"og:type\" content=\"article\" \/>\n<meta property=\"og:title\" content=\"Terrain \u00e0 Cocham\u00f3 au bord de la rivi\u00e8re Puelo - R\u00e9gion des lacs\" \/>\n<meta property=\"og:description\" content=\"Parcelles \u00e0 Rio Puelo, Cocham\u00f3 (5.000 m\u00b2 chacune), \u00e0 50 m de la rive. A 500 m de la route asphalt\u00e9e, avec \u00e9lectricit\u00e9, APR et prairies plates.\" \/>\n<meta property=\"og:url\" content=\"https:\/\/produncan.cl\/fr\/produit\/terrain-a-cochamo-au-bord-de-la-riviere-puelo-region-des-lacs\/\" \/>\n<meta property=\"og:site_name\" content=\"Produncan\" \/>\n<meta property=\"article:publisher\" content=\"https:\/\/web.facebook.com\/produncanland\" \/>\n<meta property=\"article:modified_time\" content=\"2026-04-16T22:17:12+00:00\" \/>\n<meta property=\"og:image\" content=\"https:\/\/produncan.cl\/wp-content\/uploads\/2025\/04\/Parcela-Rio-Puelo-en-Cochamo.webp\" \/>\n<meta name=\"twitter:card\" content=\"summary_large_image\" \/>\n<meta name=\"twitter:label1\" content=\"Price\" \/>\n\t<meta name=\"twitter:data1\" content=\"USD152.800,00\" \/>\n\t<meta name=\"twitter:label2\" content=\"Availability\" \/>\n\t<meta name=\"twitter:data2\" content=\"In stock\" \/>\n<script type=\"application\/ld+json\" class=\"yoast-schema-graph\">{\"@context\":\"https:\\\/\\\/schema.org\",\"@graph\":[{\"@type\":\"WebPage\",\"@id\":\"https:\\\/\\\/produncan.cl\\\/fr\\\/produit\\\/terrain-a-cochamo-au-bord-de-la-riviere-puelo-region-des-lacs\\\/\",\"url\":\"https:\\\/\\\/produncan.cl\\\/fr\\\/produit\\\/terrain-a-cochamo-au-bord-de-la-riviere-puelo-region-des-lacs\\\/\",\"name\":\"Terrain \u00e0 Cocham\u00f3 au bord de la rivi\u00e8re Puelo - R\u00e9gion des lacs - Produncan\",\"isPartOf\":{\"@id\":\"https:\\\/\\\/produncan.cl\\\/fr\\\/#website\"},\"primaryImageOfPage\":{\"@id\":\"https:\\\/\\\/produncan.cl\\\/fr\\\/produit\\\/terrain-a-cochamo-au-bord-de-la-riviere-puelo-region-des-lacs\\\/#primaryimage\"},\"image\":{\"@id\":\"https:\\\/\\\/produncan.cl\\\/fr\\\/produit\\\/terrain-a-cochamo-au-bord-de-la-riviere-puelo-region-des-lacs\\\/#primaryimage\"},\"thumbnailUrl\":\"https:\\\/\\\/produncan.cl\\\/wp-content\\\/uploads\\\/2025\\\/04\\\/Parcelas-Rio-Puelo-en-Cochamo.webp\",\"datePublished\":\"2025-04-02T21:53:22+00:00\",\"dateModified\":\"2026-04-16T22:17:12+00:00\",\"description\":\"Parcelles \u00e0 Rio Puelo, Cocham\u00f3 (5.000 m\u00b2 chacune), \u00e0 50 m de la rive. A 500 m de la route asphalt\u00e9e, avec \u00e9lectricit\u00e9, APR et prairies plates.\",\"breadcrumb\":{\"@id\":\"https:\\\/\\\/produncan.cl\\\/fr\\\/produit\\\/terrain-a-cochamo-au-bord-de-la-riviere-puelo-region-des-lacs\\\/#breadcrumb\"},\"inLanguage\":\"fr-FR\",\"potentialAction\":[{\"@type\":\"ReadAction\",\"target\":[\"https:\\\/\\\/produncan.cl\\\/fr\\\/produit\\\/terrain-a-cochamo-au-bord-de-la-riviere-puelo-region-des-lacs\\\/\"]}]},{\"@type\":\"ImageObject\",\"inLanguage\":\"fr-FR\",\"@id\":\"https:\\\/\\\/produncan.cl\\\/fr\\\/produit\\\/terrain-a-cochamo-au-bord-de-la-riviere-puelo-region-des-lacs\\\/#primaryimage\",\"url\":\"https:\\\/\\\/produncan.cl\\\/wp-content\\\/uploads\\\/2025\\\/04\\\/Parcelas-Rio-Puelo-en-Cochamo.webp\",\"contentUrl\":\"https:\\\/\\\/produncan.cl\\\/wp-content\\\/uploads\\\/2025\\\/04\\\/Parcelas-Rio-Puelo-en-Cochamo.webp\",\"width\":800,\"height\":600,\"caption\":\"Terrains de Rio Puelo \u00e0 Cocham\u00f3\"},{\"@type\":\"BreadcrumbList\",\"@id\":\"https:\\\/\\\/produncan.cl\\\/fr\\\/produit\\\/terrain-a-cochamo-au-bord-de-la-riviere-puelo-region-des-lacs\\\/#breadcrumb\",\"itemListElement\":[{\"@type\":\"ListItem\",\"position\":1,\"name\":\"Inicio\",\"item\":\"https:\\\/\\\/produncan.cl\\\/fr\\\/\"},{\"@type\":\"ListItem\",\"position\":2,\"name\":\"Propri\u00e9t\u00e9s\",\"item\":\"https:\\\/\\\/produncan.cl\\\/propiedades\\\/\"},{\"@type\":\"ListItem\",\"position\":3,\"name\":\"Parcelles\",\"item\":\"https:\\\/\\\/produncan.cl\\\/fr\\\/cat&eacute;gorie\\\/parcelles\\\/\"},{\"@type\":\"ListItem\",\"position\":4,\"name\":\"Terrain \u00e0 Cocham\u00f3 au bord de la rivi\u00e8re Puelo &#8211; R\u00e9gion des lacs\"}]},{\"@type\":\"WebSite\",\"@id\":\"https:\\\/\\\/produncan.cl\\\/fr\\\/#website\",\"url\":\"https:\\\/\\\/produncan.cl\\\/fr\\\/\",\"name\":\"Produncan\",\"description\":\"Nous vous accompagnons dans votre projet de vie !\",\"publisher\":{\"@id\":\"https:\\\/\\\/produncan.cl\\\/fr\\\/#organization\"},\"potentialAction\":[{\"@type\":\"SearchAction\",\"target\":{\"@type\":\"EntryPoint\",\"urlTemplate\":\"https:\\\/\\\/produncan.cl\\\/fr\\\/?s={search_term_string}\"},\"query-input\":{\"@type\":\"PropertyValueSpecification\",\"valueRequired\":true,\"valueName\":\"search_term_string\"}}],\"inLanguage\":\"fr-FR\"},{\"@type\":\"Organization\",\"@id\":\"https:\\\/\\\/produncan.cl\\\/fr\\\/#organization\",\"name\":\"Produncan\",\"url\":\"https:\\\/\\\/produncan.cl\\\/fr\\\/\",\"logo\":{\"@type\":\"ImageObject\",\"inLanguage\":\"fr-FR\",\"@id\":\"https:\\\/\\\/produncan.cl\\\/fr\\\/#\\\/schema\\\/logo\\\/image\\\/\",\"url\":\"https:\\\/\\\/produncan.cl\\\/wp-content\\\/uploads\\\/2021\\\/03\\\/LOGO.jpeg\",\"contentUrl\":\"https:\\\/\\\/produncan.cl\\\/wp-content\\\/uploads\\\/2021\\\/03\\\/LOGO.jpeg\",\"width\":1280,\"height\":903,\"caption\":\"Produncan\"},\"image\":{\"@id\":\"https:\\\/\\\/produncan.cl\\\/fr\\\/#\\\/schema\\\/logo\\\/image\\\/\"},\"sameAs\":[\"https:\\\/\\\/web.facebook.com\\\/produncanland\",\"https:\\\/\\\/www.instagram.com\\\/pro_duncan\\\/\",\"https:\\\/\\\/www.linkedin.com\\\/company\\\/produncan-lands\\\/\",\"https:\\\/\\\/www.youtube.com\\\/channel\\\/UCu7N-f3x0svkazD-Eew1-QQ\"],\"description\":\"En Produncan somos especialistas en la venta de terrenos en el sur de Chile. Proveemos estancias, campos, parcelas y hoteles.\",\"email\":\"info@produncan.cl\"}]}<\/script>\n<meta property=\"og:video\" content=\"https:\/\/www.youtube.com\/embed\/rGr8Rfsz6TQ\" \/>\n<meta property=\"og:video:type\" content=\"text\/html\" \/>\n<meta property=\"og:video:duration\" content=\"81\" \/>\n<meta property=\"og:video:width\" content=\"480\" \/>\n<meta property=\"og:video:height\" content=\"270\" \/>\n<meta property=\"ya:ovs:adult\" content=\"false\" \/>\n<meta property=\"ya:ovs:upload_date\" content=\"2025-04-02T21:53:22+00:00\" \/>\n<meta property=\"ya:ovs:allow_embed\" content=\"true\" \/>\n<meta property=\"product:price:amount\" content=\"152800.00\" \/>\n<meta property=\"product:price:currency\" content=\"USD\" \/>\n<meta property=\"og:availability\" content=\"instock\" \/>\n<meta property=\"product:availability\" content=\"instock\" \/>\n<meta property=\"product:condition\" content=\"new\" \/>\n<!-- \/ Yoast SEO Premium plugin. -->","yoast_head_json":{"title":"Terrain \u00e0 Cocham\u00f3 au bord de la rivi\u00e8re Puelo - R\u00e9gion des lacs - Produncan","description":"Parcelles \u00e0 Rio Puelo, Cocham\u00f3 (5.000 m\u00b2 chacune), \u00e0 50 m de la rive. A 500 m de la route asphalt\u00e9e, avec \u00e9lectricit\u00e9, APR et prairies plates.","robots":{"index":"index","follow":"follow","max-snippet":"max-snippet:-1","max-image-preview":"max-image-preview:large","max-video-preview":"max-video-preview:-1"},"canonical":"https:\/\/produncan.cl\/fr\/produit\/terrain-a-cochamo-au-bord-de-la-riviere-puelo-region-des-lacs\/","og_locale":"fr_FR","og_type":"article","og_title":"Terrain \u00e0 Cocham\u00f3 au bord de la rivi\u00e8re Puelo - R\u00e9gion des lacs","og_description":"Parcelles \u00e0 Rio Puelo, Cocham\u00f3 (5.000 m\u00b2 chacune), \u00e0 50 m de la rive. A 500 m de la route asphalt\u00e9e, avec \u00e9lectricit\u00e9, APR et prairies plates.","og_url":"https:\/\/produncan.cl\/fr\/produit\/terrain-a-cochamo-au-bord-de-la-riviere-puelo-region-des-lacs\/","og_site_name":"Produncan","article_publisher":"https:\/\/web.facebook.com\/produncanland","article_modified_time":"2026-04-16T22:17:12+00:00","og_image":[{"url":"https:\/\/produncan.cl\/wp-content\/uploads\/2025\/04\/Parcela-Rio-Puelo-en-Cochamo.webp","type":"","width":"","height":""}],"twitter_card":"summary_large_image","twitter_misc":{"Price":"USD152.800,00","Availability":"In stock"},"schema":{"@context":"https:\/\/schema.org","@graph":[{"@type":"WebPage","@id":"https:\/\/produncan.cl\/fr\/produit\/terrain-a-cochamo-au-bord-de-la-riviere-puelo-region-des-lacs\/","url":"https:\/\/produncan.cl\/fr\/produit\/terrain-a-cochamo-au-bord-de-la-riviere-puelo-region-des-lacs\/","name":"Terrain \u00e0 Cocham\u00f3 au bord de la rivi\u00e8re Puelo - R\u00e9gion des lacs - Produncan","isPartOf":{"@id":"https:\/\/produncan.cl\/fr\/#website"},"primaryImageOfPage":{"@id":"https:\/\/produncan.cl\/fr\/produit\/terrain-a-cochamo-au-bord-de-la-riviere-puelo-region-des-lacs\/#primaryimage"},"image":{"@id":"https:\/\/produncan.cl\/fr\/produit\/terrain-a-cochamo-au-bord-de-la-riviere-puelo-region-des-lacs\/#primaryimage"},"thumbnailUrl":"https:\/\/produncan.cl\/wp-content\/uploads\/2025\/04\/Parcelas-Rio-Puelo-en-Cochamo.webp","datePublished":"2025-04-02T21:53:22+00:00","dateModified":"2026-04-16T22:17:12+00:00","description":"Parcelles \u00e0 Rio Puelo, Cocham\u00f3 (5.000 m\u00b2 chacune), \u00e0 50 m de la rive. A 500 m de la route asphalt\u00e9e, avec \u00e9lectricit\u00e9, APR et prairies plates.","breadcrumb":{"@id":"https:\/\/produncan.cl\/fr\/produit\/terrain-a-cochamo-au-bord-de-la-riviere-puelo-region-des-lacs\/#breadcrumb"},"inLanguage":"fr-FR","potentialAction":[{"@type":"ReadAction","target":["https:\/\/produncan.cl\/fr\/produit\/terrain-a-cochamo-au-bord-de-la-riviere-puelo-region-des-lacs\/"]}]},{"@type":"ImageObject","inLanguage":"fr-FR","@id":"https:\/\/produncan.cl\/fr\/produit\/terrain-a-cochamo-au-bord-de-la-riviere-puelo-region-des-lacs\/#primaryimage","url":"https:\/\/produncan.cl\/wp-content\/uploads\/2025\/04\/Parcelas-Rio-Puelo-en-Cochamo.webp","contentUrl":"https:\/\/produncan.cl\/wp-content\/uploads\/2025\/04\/Parcelas-Rio-Puelo-en-Cochamo.webp","width":800,"height":600,"caption":"Terrains de Rio Puelo \u00e0 Cocham\u00f3"},{"@type":"BreadcrumbList","@id":"https:\/\/produncan.cl\/fr\/produit\/terrain-a-cochamo-au-bord-de-la-riviere-puelo-region-des-lacs\/#breadcrumb","itemListElement":[{"@type":"ListItem","position":1,"name":"Inicio","item":"https:\/\/produncan.cl\/fr\/"},{"@type":"ListItem","position":2,"name":"Propri\u00e9t\u00e9s","item":"https:\/\/produncan.cl\/propiedades\/"},{"@type":"ListItem","position":3,"name":"Parcelles","item":"https:\/\/produncan.cl\/fr\/cat&eacute;gorie\/parcelles\/"},{"@type":"ListItem","position":4,"name":"Terrain \u00e0 Cocham\u00f3 au bord de la rivi\u00e8re Puelo &#8211; R\u00e9gion des lacs"}]},{"@type":"WebSite","@id":"https:\/\/produncan.cl\/fr\/#website","url":"https:\/\/produncan.cl\/fr\/","name":"Produncan","description":"Nous vous accompagnons dans votre projet de vie !","publisher":{"@id":"https:\/\/produncan.cl\/fr\/#organization"},"potentialAction":[{"@type":"SearchAction","target":{"@type":"EntryPoint","urlTemplate":"https:\/\/produncan.cl\/fr\/?s={search_term_string}"},"query-input":{"@type":"PropertyValueSpecification","valueRequired":true,"valueName":"search_term_string"}}],"inLanguage":"fr-FR"},{"@type":"Organization","@id":"https:\/\/produncan.cl\/fr\/#organization","name":"Produncan","url":"https:\/\/produncan.cl\/fr\/","logo":{"@type":"ImageObject","inLanguage":"fr-FR","@id":"https:\/\/produncan.cl\/fr\/#\/schema\/logo\/image\/","url":"https:\/\/produncan.cl\/wp-content\/uploads\/2021\/03\/LOGO.jpeg","contentUrl":"https:\/\/produncan.cl\/wp-content\/uploads\/2021\/03\/LOGO.jpeg","width":1280,"height":903,"caption":"Produncan"},"image":{"@id":"https:\/\/produncan.cl\/fr\/#\/schema\/logo\/image\/"},"sameAs":["https:\/\/web.facebook.com\/produncanland","https:\/\/www.instagram.com\/pro_duncan\/","https:\/\/www.linkedin.com\/company\/produncan-lands\/","https:\/\/www.youtube.com\/channel\/UCu7N-f3x0svkazD-Eew1-QQ"],"description":"En Produncan somos especialistas en la venta de terrenos en el sur de Chile. Proveemos estancias, campos, parcelas y hoteles.","email":"info@produncan.cl"}]},"og_video":"https:\/\/www.youtube.com\/embed\/rGr8Rfsz6TQ","og_video_type":"text\/html","og_video_duration":"81","og_video_width":"480","og_video_height":"270","ya_ovs_adult":"false","ya_ovs_upload_date":"2025-04-02T21:53:22+00:00","ya_ovs_allow_embed":"true","product_price_amount":"152800.00","product_price_currency":"USD","og_availability":"instock","product_availability":"instock","product_condition":"new"},"_links":{"self":[{"href":"https:\/\/produncan.cl\/fr\/wp-json\/wp\/v2\/product\/40335","targetHints":{"allow":["GET"]}}],"collection":[{"href":"https:\/\/produncan.cl\/fr\/wp-json\/wp\/v2\/product"}],"about":[{"href":"https:\/\/produncan.cl\/fr\/wp-json\/wp\/v2\/types\/product"}],"version-history":[{"count":3,"href":"https:\/\/produncan.cl\/fr\/wp-json\/wp\/v2\/product\/40335\/revisions"}],"predecessor-version":[{"id":55159,"href":"https:\/\/produncan.cl\/fr\/wp-json\/wp\/v2\/product\/40335\/revisions\/55159"}],"wp:featuredmedia":[{"embeddable":true,"href":"https:\/\/produncan.cl\/fr\/wp-json\/wp\/v2\/media\/51838"}],"wp:attachment":[{"href":"https:\/\/produncan.cl\/fr\/wp-json\/wp\/v2\/media?parent=40335"}],"wp:term":[{"taxonomy":"product_brand","embeddable":true,"href":"https:\/\/produncan.cl\/fr\/wp-json\/wp\/v2\/product_brand?post=40335"},{"taxonomy":"product_cat","embeddable":true,"href":"https:\/\/produncan.cl\/fr\/wp-json\/wp\/v2\/product_cat?post=40335"},{"taxonomy":"product_tag","embeddable":true,"href":"https:\/\/produncan.cl\/fr\/wp-json\/wp\/v2\/product_tag?post=40335"},{"taxonomy":"regiones","embeddable":true,"href":"https:\/\/produncan.cl\/fr\/wp-json\/wp\/v2\/regiones?post=40335"},{"taxonomy":"ciudades","embeddable":true,"href":"https:\/\/produncan.cl\/fr\/wp-json\/wp\/v2\/ciudades?post=40335"}],"curies":[{"name":"wp","href":"https:\/\/api.w.org\/{rel}","templated":true}]}}