{"id":40345,"date":"2025-04-01T18:58:09","date_gmt":"2025-04-01T21:58:09","guid":{"rendered":"https:\/\/produncan.cl\/producto\/campagne-a-purranque-hueyusca-region-des-lacs\/"},"modified":"2026-01-16T18:16:20","modified_gmt":"2026-01-16T21:16:20","slug":"campagne-a-purranque-hueyusca-region-des-lacs","status":"publish","type":"product","link":"https:\/\/produncan.cl\/fr\/produit\/campagne-a-purranque-hueyusca-region-des-lacs\/","title":{"rendered":"Campagne \u00e0 Purranque &#8211; Hueyusca &#8211; R\u00e9gion des lacs"},"content":{"rendered":"\t\t<div data-elementor-type=\"product-post\" data-elementor-id=\"40345\" class=\"elementor elementor-40345 elementor-39995\" data-elementor-post-type=\"product\">\n\t\t\t\t<div class=\"elementor-element elementor-element-5b39dc7 e-flex e-con-boxed e-con e-parent\" data-id=\"5b39dc7\" data-element_type=\"container\" data-e-type=\"container\" data-settings=\"{&quot;jet_parallax_layout_list&quot;:[]}\">\n\t\t\t\t\t<div class=\"e-con-inner\">\n\t\t\t\t<div class=\"elementor-element elementor-element-bffec5c elementor-widget elementor-widget-heading\" data-id=\"bffec5c\" data-element_type=\"widget\" data-e-type=\"widget\" data-widget_type=\"heading.default\">\n\t\t\t\t\t<h2 class=\"elementor-heading-title elementor-size-default\">Une opportunit\u00e9 unique \u00e0 Hueyusca, Purranque !<\/h2>\t\t\t\t<\/div>\n\t\t\t\t\t<\/div>\n\t\t\t\t<\/div>\n\t\t<div class=\"elementor-element elementor-element-9a31e25 e-flex e-con-boxed e-con e-parent\" data-id=\"9a31e25\" data-element_type=\"container\" data-e-type=\"container\" data-settings=\"{&quot;jet_parallax_layout_list&quot;:[]}\">\n\t\t\t\t\t<div class=\"e-con-inner\">\n\t\t\t\t<div class=\"elementor-element elementor-element-9fc7c01 elementor-widget elementor-widget-text-editor\" data-id=\"9fc7c01\" data-element_type=\"widget\" data-e-type=\"widget\" data-widget_type=\"text-editor.default\">\n\t\t\t\t\t\t\t\t\t<p>Champ \u00e0 Purranque de 345 hectares situ\u00e9 au d\u00e9but de la majestueuse Cordill\u00e8re de la Costa, dans la commune de Purranque, secteur Hueyusca. Un v\u00e9ritable sanctuaire naturel dont 70 % de la surface est couverte d&#8217;arbres anciens jamais exploit\u00e9s, ce qui en fait un espace id\u00e9al pour la conservation et l&#8217;\u00e9cotourisme. Si vous \u00eates \u00e0 la recherche d&#8217;un havre de paix en pleine nature avec un acc\u00e8s aux ressources en eau et une biodiversit\u00e9 unique, c&#8217;est l&#8217;investissement id\u00e9al.  <\/p>\n<p><strong>Situation privil\u00e9gi\u00e9e et accessibilit\u00e9<\/strong><\/p>\n<p>Cette ferme \u00e0 Purranque est situ\u00e9e \u00e0 seulement 38 kilom\u00e8tres de Purranque et \u00e0 1 heure et 20 minutes de l&#8217;a\u00e9roport, ce qui garantit un acc\u00e8s facile et rapide. La route menant \u00e0 la propri\u00e9t\u00e9 est gravillonn\u00e9e, avec un acc\u00e8s direct depuis une route publique et des transports disponibles \u00e0 4,7 kms. <\/p>\n<p><strong>Ressources naturelles et \u00e9cosyst\u00e8me<\/strong><\/p>\n<ul>\n<li><strong>Hydrographie<\/strong>: Le bien est bord\u00e9 au nord par la rivi\u00e8re Puquitrahue (3,65 km) et au sud par le ruisseau Chivat\u00f3n (2 km), ainsi que par des sources et d&#8217;autres cours d&#8217;eau dans son prolongement.<\/li>\n<li><strong>For\u00eats indig\u00e8nes<\/strong>: des esp\u00e8ces telles que Ma\u00f1\u00edo, Coig\u00fce, Roble, Raul\u00ed, Tepa, Olivillo, Ulmo, Canelo et Alerce pr\u00e9dominent, cr\u00e9ant un \u00e9cosyst\u00e8me in\u00e9gal\u00e9 pour la flore et la faune locales.<\/li>\n<li><strong>Topographie et exposition solaire<\/strong>: le relief de la colline offre des vues panoramiques et une excellente orientation solaire vers le nord-est et le sud-ouest, ce qui favorise la diversit\u00e9 des activit\u00e9s.<\/li>\n<\/ul>\n<p><strong>Potentiel d&#8217;investissement<\/strong><\/p>\n<ul>\n<li><strong>Id\u00e9al pour la conservation<\/strong>: Avec ses vastes for\u00eats indig\u00e8nes, ce domaine est parfait pour les projets de conservation, d&#8217;\u00e9cotourisme ou de gestion durable.<\/li>\n<li><strong>Opportunit\u00e9 unique<\/strong>: prix de vente de <strong> 4 000 000 $ par hectare<\/strong>.<\/li>\n<li><strong>Infrastructures et services<\/strong>: L&#8217;\u00e9lectricit\u00e9 n&#8217;est qu&#8217;\u00e0 500 m\u00e8tres et le t\u00e9l\u00e9phone est bien connect\u00e9.<\/li>\n<\/ul>\n<p><strong>Attractions \u00e0 proximit\u00e9<\/strong><\/p>\n<p>La r\u00e9gion b\u00e9n\u00e9ficie d&#8217;un climat oc\u00e9anique temp\u00e9r\u00e9, avec des pr\u00e9cipitations r\u00e9parties tout au long de l&#8217;ann\u00e9e, ce qui favorise un environnement verdoyant et riche en biodiversit\u00e9. Elle est \u00e9galement proche de destinations touristiques telles que Guayusca sur la c\u00f4te, Frutillar et la ville de Purranque. <\/p>\n<p>Si vous \u00eates \u00e0 la recherche d&#8217;une propri\u00e9t\u00e9 d&#8217;une valeur \u00e9cologique exceptionnelle, connect\u00e9e \u00e0 la nature et avec un grand potentiel de d\u00e9veloppement, <strong>cette ferme \u00e0 Hueyusca est faite pour vous<\/strong>. Contactez-nous d\u00e8s aujourd&#8217;hui pour plus de d\u00e9tails et planifiez votre visite ! <\/p>\n\t\t\t\t\t\t\t\t<\/div>\n\t\t\t\t\t<\/div>\n\t\t\t\t<\/div>\n\t\t\t\t<\/div>\n\t\t","protected":false},"excerpt":{"rendered":"<p>Terrain \u00e0 Purranque id\u00e9al pour la conservation. Il dispose d&#8217;un bon acc\u00e8s, d&#8217;une route int\u00e9rieure, d&#8217;une poste \u00e9lectrique \u00e0 proximit\u00e9, borde une rivi\u00e8re sur 3,65 km, des marais, des sources, 70 % de for\u00eat jamais exploit\u00e9e et un bon signal. <\/p>\n","protected":false},"featured_media":39999,"template":"","meta":{"_acf_changed":false},"product_brand":[],"product_cat":[113],"product_tag":[233,238],"regiones":[226],"ciudades":[214,454,513],"class_list":{"0":"post-40345","1":"product","2":"type-product","3":"status-publish","4":"has-post-thumbnail","6":"product_cat-ohiggins-los-lagos-fr","7":"product_tag-champs","8":"product_tag-champs-de-conservation","9":"regiones-nuble-los_lagos","10":"ciudades-fresia","11":"ciudades-purranque","12":"ciudades-tegualda","14":"first","15":"instock","16":"sold-individually","17":"shipping-taxable","18":"purchasable","19":"product-type-simple"},"acf":[],"yoast_head":"<!-- This site is optimized with the Yoast SEO Premium plugin v26.0 (Yoast SEO v27.3) - https:\/\/yoast.com\/product\/yoast-seo-premium-wordpress\/ -->\n<title>Campagne \u00e0 Purranque - Hueyusca - R\u00e9gion des lacs - Produncan<\/title>\n<meta name=\"description\" content=\"Terrain \u00e0 Purranque (345 ha) id\u00e9al pour la conservation : bon acc\u00e8s, route int\u00e9rieure, \u00e9lectricit\u00e9 \u00e0 proximit\u00e9, for\u00eat inexplor\u00e9e \u00e0 70 % et proximit\u00e9 de la rivi\u00e8re et des estuaires.\" \/>\n<meta name=\"robots\" content=\"index, follow, max-snippet:-1, max-image-preview:large, max-video-preview:-1\" \/>\n<link rel=\"canonical\" href=\"https:\/\/produncan.cl\/fr\/produit\/campagne-a-purranque-hueyusca-region-des-lacs\/\" \/>\n<meta property=\"og:locale\" content=\"fr_FR\" \/>\n<meta property=\"og:type\" content=\"article\" \/>\n<meta property=\"og:title\" content=\"Campagne \u00e0 Purranque - Hueyusca - R\u00e9gion des lacs\" \/>\n<meta property=\"og:description\" content=\"Domaine \u00e0 Purranque de 345 hectares id\u00e9al pour la conservation. Il dispose d&#039;un bon acc\u00e8s, d&#039;une route int\u00e9rieure, d&#039;un poste \u00e9lectrique \u00e0 proximit\u00e9, est bord\u00e9 d&#039;une rivi\u00e8re sur 3,65 kms, d&#039;estuaires, de sources, d&#039;une for\u00eat \u00e0 70% jamais exploit\u00e9e et d&#039;un bon signal.\" \/>\n<meta property=\"og:url\" content=\"https:\/\/produncan.cl\/fr\/produit\/campagne-a-purranque-hueyusca-region-des-lacs\/\" \/>\n<meta property=\"og:site_name\" content=\"Produncan\" \/>\n<meta property=\"article:publisher\" content=\"https:\/\/web.facebook.com\/produncanland\" \/>\n<meta property=\"article:modified_time\" content=\"2026-01-16T21:16:20+00:00\" \/>\n<meta property=\"og:image\" content=\"https:\/\/produncan.cl\/wp-content\/uploads\/2025\/04\/Campo-en-Purranque-Hueyusca-en-venta.webp\" \/>\n<meta name=\"twitter:card\" content=\"summary_large_image\" \/>\n<meta name=\"twitter:label1\" content=\"Price\" \/>\n\t<meta name=\"twitter:data1\" content=\"USD750.100,00\" \/>\n\t<meta name=\"twitter:label2\" content=\"Availability\" \/>\n\t<meta name=\"twitter:data2\" content=\"In stock\" \/>\n<script type=\"application\/ld+json\" class=\"yoast-schema-graph\">{\"@context\":\"https:\\\/\\\/schema.org\",\"@graph\":[{\"@type\":\"WebPage\",\"@id\":\"https:\\\/\\\/produncan.cl\\\/fr\\\/produit\\\/campagne-a-purranque-hueyusca-region-des-lacs\\\/\",\"url\":\"https:\\\/\\\/produncan.cl\\\/fr\\\/produit\\\/campagne-a-purranque-hueyusca-region-des-lacs\\\/\",\"name\":\"Campagne \u00e0 Purranque - Hueyusca - R\u00e9gion des lacs - Produncan\",\"isPartOf\":{\"@id\":\"https:\\\/\\\/produncan.cl\\\/fr\\\/#website\"},\"primaryImageOfPage\":{\"@id\":\"https:\\\/\\\/produncan.cl\\\/fr\\\/produit\\\/campagne-a-purranque-hueyusca-region-des-lacs\\\/#primaryimage\"},\"image\":{\"@id\":\"https:\\\/\\\/produncan.cl\\\/fr\\\/produit\\\/campagne-a-purranque-hueyusca-region-des-lacs\\\/#primaryimage\"},\"thumbnailUrl\":\"https:\\\/\\\/produncan.cl\\\/wp-content\\\/uploads\\\/2025\\\/04\\\/Campo-en-Purranque-Hueyusca-en-venta.webp\",\"datePublished\":\"2025-04-01T21:58:09+00:00\",\"dateModified\":\"2026-01-16T21:16:20+00:00\",\"description\":\"Terrain \u00e0 Purranque (345 ha) id\u00e9al pour la conservation : bon acc\u00e8s, route int\u00e9rieure, \u00e9lectricit\u00e9 \u00e0 proximit\u00e9, for\u00eat inexplor\u00e9e \u00e0 70 % et proximit\u00e9 de la rivi\u00e8re et des estuaires.\",\"breadcrumb\":{\"@id\":\"https:\\\/\\\/produncan.cl\\\/fr\\\/produit\\\/campagne-a-purranque-hueyusca-region-des-lacs\\\/#breadcrumb\"},\"inLanguage\":\"fr-FR\",\"potentialAction\":[{\"@type\":\"ReadAction\",\"target\":[\"https:\\\/\\\/produncan.cl\\\/fr\\\/produit\\\/campagne-a-purranque-hueyusca-region-des-lacs\\\/\"]}]},{\"@type\":\"ImageObject\",\"inLanguage\":\"fr-FR\",\"@id\":\"https:\\\/\\\/produncan.cl\\\/fr\\\/produit\\\/campagne-a-purranque-hueyusca-region-des-lacs\\\/#primaryimage\",\"url\":\"https:\\\/\\\/produncan.cl\\\/wp-content\\\/uploads\\\/2025\\\/04\\\/Campo-en-Purranque-Hueyusca-en-venta.webp\",\"contentUrl\":\"https:\\\/\\\/produncan.cl\\\/wp-content\\\/uploads\\\/2025\\\/04\\\/Campo-en-Purranque-Hueyusca-en-venta.webp\",\"width\":800,\"height\":600,\"caption\":\"Terrain \u00e0 Purranque Hueyusca \u00e0 vendre\"},{\"@type\":\"BreadcrumbList\",\"@id\":\"https:\\\/\\\/produncan.cl\\\/fr\\\/produit\\\/campagne-a-purranque-hueyusca-region-des-lacs\\\/#breadcrumb\",\"itemListElement\":[{\"@type\":\"ListItem\",\"position\":1,\"name\":\"Inicio\",\"item\":\"https:\\\/\\\/produncan.cl\\\/fr\\\/\"},{\"@type\":\"ListItem\",\"position\":2,\"name\":\"Propri\u00e9t\u00e9s\",\"item\":\"https:\\\/\\\/produncan.cl\\\/propiedades\\\/\"},{\"@type\":\"ListItem\",\"position\":3,\"name\":\"Champs\",\"item\":\"https:\\\/\\\/produncan.cl\\\/fr\\\/cat&eacute;gorie\\\/champs\\\/\"},{\"@type\":\"ListItem\",\"position\":4,\"name\":\"Campagne \u00e0 Purranque &#8211; Hueyusca &#8211; R\u00e9gion des lacs\"}]},{\"@type\":\"WebSite\",\"@id\":\"https:\\\/\\\/produncan.cl\\\/fr\\\/#website\",\"url\":\"https:\\\/\\\/produncan.cl\\\/fr\\\/\",\"name\":\"Produncan\",\"description\":\"Nous vous accompagnons dans votre projet de vie !\",\"publisher\":{\"@id\":\"https:\\\/\\\/produncan.cl\\\/fr\\\/#organization\"},\"potentialAction\":[{\"@type\":\"SearchAction\",\"target\":{\"@type\":\"EntryPoint\",\"urlTemplate\":\"https:\\\/\\\/produncan.cl\\\/fr\\\/?s={search_term_string}\"},\"query-input\":{\"@type\":\"PropertyValueSpecification\",\"valueRequired\":true,\"valueName\":\"search_term_string\"}}],\"inLanguage\":\"fr-FR\"},{\"@type\":\"Organization\",\"@id\":\"https:\\\/\\\/produncan.cl\\\/fr\\\/#organization\",\"name\":\"Produncan\",\"url\":\"https:\\\/\\\/produncan.cl\\\/fr\\\/\",\"logo\":{\"@type\":\"ImageObject\",\"inLanguage\":\"fr-FR\",\"@id\":\"https:\\\/\\\/produncan.cl\\\/fr\\\/#\\\/schema\\\/logo\\\/image\\\/\",\"url\":\"https:\\\/\\\/produncan.cl\\\/wp-content\\\/uploads\\\/2021\\\/03\\\/LOGO.jpeg\",\"contentUrl\":\"https:\\\/\\\/produncan.cl\\\/wp-content\\\/uploads\\\/2021\\\/03\\\/LOGO.jpeg\",\"width\":1280,\"height\":903,\"caption\":\"Produncan\"},\"image\":{\"@id\":\"https:\\\/\\\/produncan.cl\\\/fr\\\/#\\\/schema\\\/logo\\\/image\\\/\"},\"sameAs\":[\"https:\\\/\\\/web.facebook.com\\\/produncanland\",\"https:\\\/\\\/www.instagram.com\\\/pro_duncan\\\/\",\"https:\\\/\\\/www.linkedin.com\\\/company\\\/produncan-lands\\\/\",\"https:\\\/\\\/www.youtube.com\\\/channel\\\/UCu7N-f3x0svkazD-Eew1-QQ\"],\"description\":\"En Produncan somos especialistas en la venta de terrenos en el sur de Chile. Proveemos estancias, campos, parcelas y hoteles.\",\"email\":\"info@produncan.cl\"}]}<\/script>\n<meta property=\"og:video\" content=\"https:\/\/www.youtube.com\/embed\/ayDseKrXAno\" \/>\n<meta property=\"og:video:type\" content=\"text\/html\" \/>\n<meta property=\"og:video:duration\" content=\"80\" \/>\n<meta property=\"og:video:width\" content=\"480\" \/>\n<meta property=\"og:video:height\" content=\"270\" \/>\n<meta property=\"ya:ovs:adult\" content=\"false\" \/>\n<meta property=\"ya:ovs:upload_date\" content=\"2025-04-01T21:58:09+00:00\" \/>\n<meta property=\"ya:ovs:allow_embed\" content=\"true\" \/>\n<meta property=\"product:price:amount\" content=\"750100.00\" \/>\n<meta property=\"product:price:currency\" content=\"USD\" \/>\n<meta property=\"og:availability\" content=\"instock\" \/>\n<meta property=\"product:availability\" content=\"instock\" \/>\n<meta property=\"product:condition\" content=\"new\" \/>\n<!-- \/ Yoast SEO Premium plugin. -->","yoast_head_json":{"title":"Campagne \u00e0 Purranque - Hueyusca - R\u00e9gion des lacs - Produncan","description":"Terrain \u00e0 Purranque (345 ha) id\u00e9al pour la conservation : bon acc\u00e8s, route int\u00e9rieure, \u00e9lectricit\u00e9 \u00e0 proximit\u00e9, for\u00eat inexplor\u00e9e \u00e0 70 % et proximit\u00e9 de la rivi\u00e8re et des estuaires.","robots":{"index":"index","follow":"follow","max-snippet":"max-snippet:-1","max-image-preview":"max-image-preview:large","max-video-preview":"max-video-preview:-1"},"canonical":"https:\/\/produncan.cl\/fr\/produit\/campagne-a-purranque-hueyusca-region-des-lacs\/","og_locale":"fr_FR","og_type":"article","og_title":"Campagne \u00e0 Purranque - Hueyusca - R\u00e9gion des lacs","og_description":"Domaine \u00e0 Purranque de 345 hectares id\u00e9al pour la conservation. Il dispose d'un bon acc\u00e8s, d'une route int\u00e9rieure, d'un poste \u00e9lectrique \u00e0 proximit\u00e9, est bord\u00e9 d'une rivi\u00e8re sur 3,65 kms, d'estuaires, de sources, d'une for\u00eat \u00e0 70% jamais exploit\u00e9e et d'un bon signal.","og_url":"https:\/\/produncan.cl\/fr\/produit\/campagne-a-purranque-hueyusca-region-des-lacs\/","og_site_name":"Produncan","article_publisher":"https:\/\/web.facebook.com\/produncanland","article_modified_time":"2026-01-16T21:16:20+00:00","og_image":[{"url":"https:\/\/produncan.cl\/wp-content\/uploads\/2025\/04\/Campo-en-Purranque-Hueyusca-en-venta.webp","type":"","width":"","height":""}],"twitter_card":"summary_large_image","twitter_misc":{"Price":"USD750.100,00","Availability":"In stock"},"schema":{"@context":"https:\/\/schema.org","@graph":[{"@type":"WebPage","@id":"https:\/\/produncan.cl\/fr\/produit\/campagne-a-purranque-hueyusca-region-des-lacs\/","url":"https:\/\/produncan.cl\/fr\/produit\/campagne-a-purranque-hueyusca-region-des-lacs\/","name":"Campagne \u00e0 Purranque - Hueyusca - R\u00e9gion des lacs - Produncan","isPartOf":{"@id":"https:\/\/produncan.cl\/fr\/#website"},"primaryImageOfPage":{"@id":"https:\/\/produncan.cl\/fr\/produit\/campagne-a-purranque-hueyusca-region-des-lacs\/#primaryimage"},"image":{"@id":"https:\/\/produncan.cl\/fr\/produit\/campagne-a-purranque-hueyusca-region-des-lacs\/#primaryimage"},"thumbnailUrl":"https:\/\/produncan.cl\/wp-content\/uploads\/2025\/04\/Campo-en-Purranque-Hueyusca-en-venta.webp","datePublished":"2025-04-01T21:58:09+00:00","dateModified":"2026-01-16T21:16:20+00:00","description":"Terrain \u00e0 Purranque (345 ha) id\u00e9al pour la conservation : bon acc\u00e8s, route int\u00e9rieure, \u00e9lectricit\u00e9 \u00e0 proximit\u00e9, for\u00eat inexplor\u00e9e \u00e0 70 % et proximit\u00e9 de la rivi\u00e8re et des estuaires.","breadcrumb":{"@id":"https:\/\/produncan.cl\/fr\/produit\/campagne-a-purranque-hueyusca-region-des-lacs\/#breadcrumb"},"inLanguage":"fr-FR","potentialAction":[{"@type":"ReadAction","target":["https:\/\/produncan.cl\/fr\/produit\/campagne-a-purranque-hueyusca-region-des-lacs\/"]}]},{"@type":"ImageObject","inLanguage":"fr-FR","@id":"https:\/\/produncan.cl\/fr\/produit\/campagne-a-purranque-hueyusca-region-des-lacs\/#primaryimage","url":"https:\/\/produncan.cl\/wp-content\/uploads\/2025\/04\/Campo-en-Purranque-Hueyusca-en-venta.webp","contentUrl":"https:\/\/produncan.cl\/wp-content\/uploads\/2025\/04\/Campo-en-Purranque-Hueyusca-en-venta.webp","width":800,"height":600,"caption":"Terrain \u00e0 Purranque Hueyusca \u00e0 vendre"},{"@type":"BreadcrumbList","@id":"https:\/\/produncan.cl\/fr\/produit\/campagne-a-purranque-hueyusca-region-des-lacs\/#breadcrumb","itemListElement":[{"@type":"ListItem","position":1,"name":"Inicio","item":"https:\/\/produncan.cl\/fr\/"},{"@type":"ListItem","position":2,"name":"Propri\u00e9t\u00e9s","item":"https:\/\/produncan.cl\/propiedades\/"},{"@type":"ListItem","position":3,"name":"Champs","item":"https:\/\/produncan.cl\/fr\/cat&eacute;gorie\/champs\/"},{"@type":"ListItem","position":4,"name":"Campagne \u00e0 Purranque &#8211; Hueyusca &#8211; R\u00e9gion des lacs"}]},{"@type":"WebSite","@id":"https:\/\/produncan.cl\/fr\/#website","url":"https:\/\/produncan.cl\/fr\/","name":"Produncan","description":"Nous vous accompagnons dans votre projet de vie !","publisher":{"@id":"https:\/\/produncan.cl\/fr\/#organization"},"potentialAction":[{"@type":"SearchAction","target":{"@type":"EntryPoint","urlTemplate":"https:\/\/produncan.cl\/fr\/?s={search_term_string}"},"query-input":{"@type":"PropertyValueSpecification","valueRequired":true,"valueName":"search_term_string"}}],"inLanguage":"fr-FR"},{"@type":"Organization","@id":"https:\/\/produncan.cl\/fr\/#organization","name":"Produncan","url":"https:\/\/produncan.cl\/fr\/","logo":{"@type":"ImageObject","inLanguage":"fr-FR","@id":"https:\/\/produncan.cl\/fr\/#\/schema\/logo\/image\/","url":"https:\/\/produncan.cl\/wp-content\/uploads\/2021\/03\/LOGO.jpeg","contentUrl":"https:\/\/produncan.cl\/wp-content\/uploads\/2021\/03\/LOGO.jpeg","width":1280,"height":903,"caption":"Produncan"},"image":{"@id":"https:\/\/produncan.cl\/fr\/#\/schema\/logo\/image\/"},"sameAs":["https:\/\/web.facebook.com\/produncanland","https:\/\/www.instagram.com\/pro_duncan\/","https:\/\/www.linkedin.com\/company\/produncan-lands\/","https:\/\/www.youtube.com\/channel\/UCu7N-f3x0svkazD-Eew1-QQ"],"description":"En Produncan somos especialistas en la venta de terrenos en el sur de Chile. Proveemos estancias, campos, parcelas y hoteles.","email":"info@produncan.cl"}]},"og_video":"https:\/\/www.youtube.com\/embed\/ayDseKrXAno","og_video_type":"text\/html","og_video_duration":"80","og_video_width":"480","og_video_height":"270","ya_ovs_adult":"false","ya_ovs_upload_date":"2025-04-01T21:58:09+00:00","ya_ovs_allow_embed":"true","product_price_amount":"750100.00","product_price_currency":"USD","og_availability":"instock","product_availability":"instock","product_condition":"new"},"_links":{"self":[{"href":"https:\/\/produncan.cl\/fr\/wp-json\/wp\/v2\/product\/40345","targetHints":{"allow":["GET"]}}],"collection":[{"href":"https:\/\/produncan.cl\/fr\/wp-json\/wp\/v2\/product"}],"about":[{"href":"https:\/\/produncan.cl\/fr\/wp-json\/wp\/v2\/types\/product"}],"version-history":[{"count":4,"href":"https:\/\/produncan.cl\/fr\/wp-json\/wp\/v2\/product\/40345\/revisions"}],"predecessor-version":[{"id":54465,"href":"https:\/\/produncan.cl\/fr\/wp-json\/wp\/v2\/product\/40345\/revisions\/54465"}],"wp:featuredmedia":[{"embeddable":true,"href":"https:\/\/produncan.cl\/fr\/wp-json\/wp\/v2\/media\/39999"}],"wp:attachment":[{"href":"https:\/\/produncan.cl\/fr\/wp-json\/wp\/v2\/media?parent=40345"}],"wp:term":[{"taxonomy":"product_brand","embeddable":true,"href":"https:\/\/produncan.cl\/fr\/wp-json\/wp\/v2\/product_brand?post=40345"},{"taxonomy":"product_cat","embeddable":true,"href":"https:\/\/produncan.cl\/fr\/wp-json\/wp\/v2\/product_cat?post=40345"},{"taxonomy":"product_tag","embeddable":true,"href":"https:\/\/produncan.cl\/fr\/wp-json\/wp\/v2\/product_tag?post=40345"},{"taxonomy":"regiones","embeddable":true,"href":"https:\/\/produncan.cl\/fr\/wp-json\/wp\/v2\/regiones?post=40345"},{"taxonomy":"ciudades","embeddable":true,"href":"https:\/\/produncan.cl\/fr\/wp-json\/wp\/v2\/ciudades?post=40345"}],"curies":[{"name":"wp","href":"https:\/\/api.w.org\/{rel}","templated":true}]}}