{"id":40638,"date":"2025-04-23T17:36:30","date_gmt":"2025-04-23T21:36:30","guid":{"rendered":"https:\/\/produncan.cl\/producto\/terrain-a-lepihue-maullin-region-de-los-lagos\/"},"modified":"2026-03-12T13:02:59","modified_gmt":"2026-03-12T16:02:59","slug":"terrain-a-lepihue-maullin-region-de-los-lagos","status":"publish","type":"product","link":"https:\/\/produncan.cl\/fr\/produit\/terrain-a-lepihue-maullin-region-de-los-lagos\/","title":{"rendered":"Terrain \u00e0 Lepihu\u00e9 &#8211; Maull\u00edn, R\u00e9gion de Los Lagos"},"content":{"rendered":"\t\t<div data-elementor-type=\"product-post\" data-elementor-id=\"40638\" class=\"elementor elementor-40638 elementor-40523\" data-elementor-post-type=\"product\">\n\t\t\t\t<div class=\"elementor-element elementor-element-99df4dd e-flex e-con-boxed e-con e-parent\" data-id=\"99df4dd\" data-element_type=\"container\" data-e-type=\"container\" data-settings=\"{&quot;jet_parallax_layout_list&quot;:[]}\">\n\t\t\t\t\t<div class=\"e-con-inner\">\n\t\t\t\t<div class=\"elementor-element elementor-element-fa0dcf3 elementor-widget elementor-widget-heading\" data-id=\"fa0dcf3\" data-element_type=\"widget\" data-e-type=\"widget\" data-widget_type=\"heading.default\">\n\t\t\t\t\t<h2 class=\"elementor-heading-title elementor-size-default\">Terrain de 1,4 hectares pr\u00e8s de la rivi\u00e8re Maull\u00edn \u00e0 Lepihu\u00e9<\/h2>\t\t\t\t<\/div>\n\t\t\t\t\t<\/div>\n\t\t\t\t<\/div>\n\t\t<div class=\"elementor-element elementor-element-c83c878 e-flex e-con-boxed e-con e-parent\" data-id=\"c83c878\" data-element_type=\"container\" data-e-type=\"container\" data-settings=\"{&quot;jet_parallax_layout_list&quot;:[]}\">\n\t\t\t\t\t<div class=\"e-con-inner\">\n\t\t\t\t<div class=\"elementor-element elementor-element-2b0f762 elementor-widget elementor-widget-text-editor\" data-id=\"2b0f762\" data-element_type=\"widget\" data-e-type=\"widget\" data-widget_type=\"text-editor.default\">\n\t\t\t\t\t\t\t\t\t<p>Situ\u00e9 dans le secteur tranquille de Lepihu\u00e9, dans la commune de Maull\u00edn, r\u00e9gion de Los Lagos, ce terrain agricole de 14 000 m\u00b2 repr\u00e9sente une excellente opportunit\u00e9 pour ceux qui recherchent un espace enti\u00e8rement utilisable en harmonie avec la nature. Avec un acc\u00e8s direct depuis une route publique et \u00e0 seulement 270 m\u00e8tres de la route asphalt\u00e9e, la propri\u00e9t\u00e9 se distingue par sa topographie compl\u00e8tement plate, son exposition optimale au soleil et la proximit\u00e9 des services essentiels, offrant un \u00e9quilibre parfait entre la vie rurale et la connectivit\u00e9. <\/p>\n<p>Ce terrain situ\u00e9 \u00e0 Maull\u00edn, Lepihu\u00e9, dispose de son propre approvisionnement en eau, de l&#8217;eau potable rurale et de l&#8217;\u00e9lectricit\u00e9 par l&#8217;interm\u00e9diaire de l&#8217;entreprise Crell. Sur le terrain se trouvent deux anciens b\u00e2timents : une maison et un entrep\u00f4t, tous deux \u00e2g\u00e9s de plus de 30 ans, qui, bien que non habitables, peuvent servir de base \u00e0 de nouvelles constructions ou \u00e0 des r\u00e9novations. <\/p>\n<p>L&#8217;environnement naturel est l&#8217;un des principaux attraits de ce terrain. \u00c0 seulement 280 m\u00e8tres coule la rivi\u00e8re Maull\u00edn et \u00e0 proximit\u00e9 se trouvent les pr\u00e9cieuses zones humides de la rivi\u00e8re Maull\u00edn, un paradis pour les amoureux de la biodiversit\u00e9 et de l&#8217;observation des oiseaux, y compris des esp\u00e8ces telles que les flamants roses en hiver, les oiseaux migrateurs, le gibier d&#8217;eau et les oiseaux de rivage. La zone est \u00e9galement l&#8217;habitat du huillin, une <a href=\"https:\/\/produncan.cl\/fr\/protection-des-loutres-au-chili-strategies-et-defis\/\">esp\u00e8ce<\/a> en voie de disparition.  <\/p>\n<p>Le terrain est partiellement cl\u00f4tur\u00e9 avec du grillage et du fil barbel\u00e9, et entour\u00e9 de v\u00e9g\u00e9tation indig\u00e8ne comme des myrtes, des lumas, des tepas et des temos. Sa vocation agricole en fait un lieu id\u00e9al pour d\u00e9velopper des activit\u00e9s d&#8217;agriculture familiale et d&#8217;\u00e9levage, tout en pr\u00e9servant la valeur \u00e9cologique de l&#8217;environnement. <\/p>\n<p>En termes de localisation, il se trouve \u00e0 56 minutes de l&#8217;a\u00e9roport d&#8217;El Tepual et \u00e0 une courte distance des villes de Maull\u00edn et de Los Muermos. Dans les environs, on trouve des endroits comme Playa Pangal, la p\u00e9ninsule d&#8217;Amortajado et la plage de Mar Brava \u00e0 Carelmapu, un lieu incontournable pour le surf et le tourisme c\u00f4tier. <\/p>\n<p>Une excellente opportunit\u00e9 d&#8217;investir dans des terres \u00e0 potentiel agricole, une biodiversit\u00e9 unique et un acc\u00e8s privil\u00e9gi\u00e9 dans le sud du Chili. R\u00e9servez votre visite ! <\/p>\n\t\t\t\t\t\t\t\t<\/div>\n\t\t\t\t\t<\/div>\n\t\t\t\t<\/div>\n\t\t\t\t<\/div>\n\t\t","protected":false},"excerpt":{"rendered":"<p>Terrain \u00e0 Maull\u00edn, Lepihu\u00e9, 1,4 hectares, 100% prairie plate, \u00e9lectricit\u00e9, eau potable rurale (APR), acc\u00e8s direct par la voie publique et 270 mts de l&#8217;asphalte. Situ\u00e9 \u00e0 280 mts de la rivi\u00e8re Maull\u00edn et \u00e0 proximit\u00e9 d&#8217;attractions naturelles uniques. <\/p>\n","protected":false},"featured_media":54524,"template":"","meta":{"_acf_changed":false},"product_brand":[],"product_cat":[113],"product_tag":[236,237],"regiones":[226],"ciudades":[457],"class_list":{"0":"post-40638","1":"product","2":"type-product","3":"status-publish","4":"has-post-thumbnail","6":"product_cat-ohiggins-los-lagos-fr","7":"product_tag-parcelles","8":"product_tag-proprietes-touristiques","9":"regiones-nuble-los_lagos","10":"ciudades-maullin","12":"first","13":"outofstock","14":"shipping-taxable","15":"product-type-simple"},"acf":[],"yoast_head":"<!-- This site is optimized with the Yoast SEO Premium plugin v26.0 (Yoast SEO v27.3) - https:\/\/yoast.com\/product\/yoast-seo-premium-wordpress\/ -->\n<title>Terrain \u00e0 Lepihu\u00e9 - Maull\u00edn, R\u00e9gion de Los Lagos - Produncan<\/title>\n<meta name=\"description\" content=\"Terrain \u00e0 Lepihu\u00e9 de 1,75 hectares, \u00e9lectricit\u00e9, eau potable et acc\u00e8s direct depuis la route. Situ\u00e9 pr\u00e8s de la rivi\u00e8re Maull\u00edn.\" \/>\n<meta name=\"robots\" content=\"index, follow, max-snippet:-1, max-image-preview:large, max-video-preview:-1\" \/>\n<link rel=\"canonical\" href=\"https:\/\/produncan.cl\/fr\/produit\/terrain-a-lepihue-maullin-region-de-los-lagos\/\" \/>\n<meta property=\"og:locale\" content=\"fr_FR\" \/>\n<meta property=\"og:type\" content=\"article\" \/>\n<meta property=\"og:title\" content=\"Terrain \u00e0 Lepihu\u00e9 - Maull\u00edn, R\u00e9gion de Los Lagos\" \/>\n<meta property=\"og:description\" content=\"Terrain \u00e0 Lepihu\u00e9 de 1,75 hectares, \u00e9lectricit\u00e9, eau potable et acc\u00e8s direct depuis la route. Situ\u00e9 pr\u00e8s de la rivi\u00e8re Maull\u00edn.\" \/>\n<meta property=\"og:url\" content=\"https:\/\/produncan.cl\/fr\/produit\/terrain-a-lepihue-maullin-region-de-los-lagos\/\" \/>\n<meta property=\"og:site_name\" content=\"Produncan\" \/>\n<meta property=\"article:publisher\" content=\"https:\/\/web.facebook.com\/produncanland\" \/>\n<meta property=\"article:modified_time\" content=\"2026-03-12T16:02:59+00:00\" \/>\n<meta property=\"og:image\" content=\"https:\/\/produncan.cl\/wp-content\/uploads\/2025\/04\/Parcela-Lepihue-Vendido.webp\" \/>\n\t<meta property=\"og:image:width\" content=\"600\" \/>\n\t<meta property=\"og:image:height\" content=\"450\" \/>\n\t<meta property=\"og:image:type\" content=\"image\/webp\" \/>\n<meta name=\"twitter:card\" content=\"summary_large_image\" \/>\n<meta name=\"twitter:label1\" content=\"Price\" \/>\n\t<meta name=\"twitter:data1\" content=\"\" \/>\n\t<meta name=\"twitter:label2\" content=\"Availability\" \/>\n\t<meta name=\"twitter:data2\" content=\"Out of stock\" \/>\n<script type=\"application\/ld+json\" class=\"yoast-schema-graph\">{\"@context\":\"https:\\\/\\\/schema.org\",\"@graph\":[{\"@type\":\"WebPage\",\"@id\":\"https:\\\/\\\/produncan.cl\\\/fr\\\/produit\\\/terrain-a-lepihue-maullin-region-de-los-lagos\\\/\",\"url\":\"https:\\\/\\\/produncan.cl\\\/fr\\\/produit\\\/terrain-a-lepihue-maullin-region-de-los-lagos\\\/\",\"name\":\"Terrain \u00e0 Lepihu\u00e9 - Maull\u00edn, R\u00e9gion de Los Lagos - Produncan\",\"isPartOf\":{\"@id\":\"https:\\\/\\\/produncan.cl\\\/fr\\\/#website\"},\"primaryImageOfPage\":{\"@id\":\"https:\\\/\\\/produncan.cl\\\/fr\\\/produit\\\/terrain-a-lepihue-maullin-region-de-los-lagos\\\/#primaryimage\"},\"image\":{\"@id\":\"https:\\\/\\\/produncan.cl\\\/fr\\\/produit\\\/terrain-a-lepihue-maullin-region-de-los-lagos\\\/#primaryimage\"},\"thumbnailUrl\":\"https:\\\/\\\/produncan.cl\\\/wp-content\\\/uploads\\\/2025\\\/04\\\/Parcela-Lepihue-Vendido.webp\",\"datePublished\":\"2025-04-23T21:36:30+00:00\",\"dateModified\":\"2026-03-12T16:02:59+00:00\",\"description\":\"Terrain \u00e0 Lepihu\u00e9 de 1,75 hectares, \u00e9lectricit\u00e9, eau potable et acc\u00e8s direct depuis la route. Situ\u00e9 pr\u00e8s de la rivi\u00e8re Maull\u00edn.\",\"breadcrumb\":{\"@id\":\"https:\\\/\\\/produncan.cl\\\/fr\\\/produit\\\/terrain-a-lepihue-maullin-region-de-los-lagos\\\/#breadcrumb\"},\"inLanguage\":\"fr-FR\",\"potentialAction\":[{\"@type\":\"ReadAction\",\"target\":[\"https:\\\/\\\/produncan.cl\\\/fr\\\/produit\\\/terrain-a-lepihue-maullin-region-de-los-lagos\\\/\"]}]},{\"@type\":\"ImageObject\",\"inLanguage\":\"fr-FR\",\"@id\":\"https:\\\/\\\/produncan.cl\\\/fr\\\/produit\\\/terrain-a-lepihue-maullin-region-de-los-lagos\\\/#primaryimage\",\"url\":\"https:\\\/\\\/produncan.cl\\\/wp-content\\\/uploads\\\/2025\\\/04\\\/Parcela-Lepihue-Vendido.webp\",\"contentUrl\":\"https:\\\/\\\/produncan.cl\\\/wp-content\\\/uploads\\\/2025\\\/04\\\/Parcela-Lepihue-Vendido.webp\",\"width\":600,\"height\":450,\"caption\":\"Parcela Lepihu\u00e9 Vendido\"},{\"@type\":\"BreadcrumbList\",\"@id\":\"https:\\\/\\\/produncan.cl\\\/fr\\\/produit\\\/terrain-a-lepihue-maullin-region-de-los-lagos\\\/#breadcrumb\",\"itemListElement\":[{\"@type\":\"ListItem\",\"position\":1,\"name\":\"Inicio\",\"item\":\"https:\\\/\\\/produncan.cl\\\/fr\\\/\"},{\"@type\":\"ListItem\",\"position\":2,\"name\":\"Propri\u00e9t\u00e9s\",\"item\":\"https:\\\/\\\/produncan.cl\\\/propiedades\\\/\"},{\"@type\":\"ListItem\",\"position\":3,\"name\":\"Parcelles\",\"item\":\"https:\\\/\\\/produncan.cl\\\/fr\\\/cat&eacute;gorie\\\/parcelles\\\/\"},{\"@type\":\"ListItem\",\"position\":4,\"name\":\"Terrain \u00e0 Lepihu\u00e9 &#8211; Maull\u00edn, R\u00e9gion de Los Lagos\"}]},{\"@type\":\"WebSite\",\"@id\":\"https:\\\/\\\/produncan.cl\\\/fr\\\/#website\",\"url\":\"https:\\\/\\\/produncan.cl\\\/fr\\\/\",\"name\":\"Produncan\",\"description\":\"Nous vous accompagnons dans votre projet de vie !\",\"publisher\":{\"@id\":\"https:\\\/\\\/produncan.cl\\\/fr\\\/#organization\"},\"potentialAction\":[{\"@type\":\"SearchAction\",\"target\":{\"@type\":\"EntryPoint\",\"urlTemplate\":\"https:\\\/\\\/produncan.cl\\\/fr\\\/?s={search_term_string}\"},\"query-input\":{\"@type\":\"PropertyValueSpecification\",\"valueRequired\":true,\"valueName\":\"search_term_string\"}}],\"inLanguage\":\"fr-FR\"},{\"@type\":\"Organization\",\"@id\":\"https:\\\/\\\/produncan.cl\\\/fr\\\/#organization\",\"name\":\"Produncan\",\"url\":\"https:\\\/\\\/produncan.cl\\\/fr\\\/\",\"logo\":{\"@type\":\"ImageObject\",\"inLanguage\":\"fr-FR\",\"@id\":\"https:\\\/\\\/produncan.cl\\\/fr\\\/#\\\/schema\\\/logo\\\/image\\\/\",\"url\":\"https:\\\/\\\/produncan.cl\\\/wp-content\\\/uploads\\\/2021\\\/03\\\/LOGO.jpeg\",\"contentUrl\":\"https:\\\/\\\/produncan.cl\\\/wp-content\\\/uploads\\\/2021\\\/03\\\/LOGO.jpeg\",\"width\":1280,\"height\":903,\"caption\":\"Produncan\"},\"image\":{\"@id\":\"https:\\\/\\\/produncan.cl\\\/fr\\\/#\\\/schema\\\/logo\\\/image\\\/\"},\"sameAs\":[\"https:\\\/\\\/web.facebook.com\\\/produncanland\",\"https:\\\/\\\/www.instagram.com\\\/pro_duncan\\\/\",\"https:\\\/\\\/www.linkedin.com\\\/company\\\/produncan-lands\\\/\",\"https:\\\/\\\/www.youtube.com\\\/channel\\\/UCu7N-f3x0svkazD-Eew1-QQ\"],\"description\":\"En Produncan somos especialistas en la venta de terrenos en el sur de Chile. Proveemos estancias, campos, parcelas y hoteles.\",\"email\":\"info@produncan.cl\"}]}<\/script>\n<meta property=\"og:video\" content=\"https:\/\/www.youtube.com\/embed\/JChxyaVbzsM\" \/>\n<meta property=\"og:video:type\" content=\"text\/html\" \/>\n<meta property=\"og:video:duration\" content=\"64\" \/>\n<meta property=\"og:video:width\" content=\"480\" \/>\n<meta property=\"og:video:height\" content=\"270\" \/>\n<meta property=\"ya:ovs:adult\" content=\"false\" \/>\n<meta property=\"ya:ovs:upload_date\" content=\"2025-04-23T21:36:30+00:00\" \/>\n<meta property=\"ya:ovs:allow_embed\" content=\"true\" \/>\n<meta property=\"product:price:currency\" content=\"USD\" \/>\n<meta property=\"og:availability\" content=\"out of stock\" \/>\n<meta property=\"product:availability\" content=\"out of stock\" \/>\n<meta property=\"product:condition\" content=\"new\" \/>\n<!-- \/ Yoast SEO Premium plugin. -->","yoast_head_json":{"title":"Terrain \u00e0 Lepihu\u00e9 - Maull\u00edn, R\u00e9gion de Los Lagos - Produncan","description":"Terrain \u00e0 Lepihu\u00e9 de 1,75 hectares, \u00e9lectricit\u00e9, eau potable et acc\u00e8s direct depuis la route. Situ\u00e9 pr\u00e8s de la rivi\u00e8re Maull\u00edn.","robots":{"index":"index","follow":"follow","max-snippet":"max-snippet:-1","max-image-preview":"max-image-preview:large","max-video-preview":"max-video-preview:-1"},"canonical":"https:\/\/produncan.cl\/fr\/produit\/terrain-a-lepihue-maullin-region-de-los-lagos\/","og_locale":"fr_FR","og_type":"article","og_title":"Terrain \u00e0 Lepihu\u00e9 - Maull\u00edn, R\u00e9gion de Los Lagos","og_description":"Terrain \u00e0 Lepihu\u00e9 de 1,75 hectares, \u00e9lectricit\u00e9, eau potable et acc\u00e8s direct depuis la route. Situ\u00e9 pr\u00e8s de la rivi\u00e8re Maull\u00edn.","og_url":"https:\/\/produncan.cl\/fr\/produit\/terrain-a-lepihue-maullin-region-de-los-lagos\/","og_site_name":"Produncan","article_publisher":"https:\/\/web.facebook.com\/produncanland","article_modified_time":"2026-03-12T16:02:59+00:00","og_image":[{"width":600,"height":450,"url":"https:\/\/produncan.cl\/wp-content\/uploads\/2025\/04\/Parcela-Lepihue-Vendido.webp","type":"image\/webp"}],"twitter_card":"summary_large_image","twitter_misc":{"Price":"","Availability":"Out of stock"},"schema":{"@context":"https:\/\/schema.org","@graph":[{"@type":"WebPage","@id":"https:\/\/produncan.cl\/fr\/produit\/terrain-a-lepihue-maullin-region-de-los-lagos\/","url":"https:\/\/produncan.cl\/fr\/produit\/terrain-a-lepihue-maullin-region-de-los-lagos\/","name":"Terrain \u00e0 Lepihu\u00e9 - Maull\u00edn, R\u00e9gion de Los Lagos - Produncan","isPartOf":{"@id":"https:\/\/produncan.cl\/fr\/#website"},"primaryImageOfPage":{"@id":"https:\/\/produncan.cl\/fr\/produit\/terrain-a-lepihue-maullin-region-de-los-lagos\/#primaryimage"},"image":{"@id":"https:\/\/produncan.cl\/fr\/produit\/terrain-a-lepihue-maullin-region-de-los-lagos\/#primaryimage"},"thumbnailUrl":"https:\/\/produncan.cl\/wp-content\/uploads\/2025\/04\/Parcela-Lepihue-Vendido.webp","datePublished":"2025-04-23T21:36:30+00:00","dateModified":"2026-03-12T16:02:59+00:00","description":"Terrain \u00e0 Lepihu\u00e9 de 1,75 hectares, \u00e9lectricit\u00e9, eau potable et acc\u00e8s direct depuis la route. Situ\u00e9 pr\u00e8s de la rivi\u00e8re Maull\u00edn.","breadcrumb":{"@id":"https:\/\/produncan.cl\/fr\/produit\/terrain-a-lepihue-maullin-region-de-los-lagos\/#breadcrumb"},"inLanguage":"fr-FR","potentialAction":[{"@type":"ReadAction","target":["https:\/\/produncan.cl\/fr\/produit\/terrain-a-lepihue-maullin-region-de-los-lagos\/"]}]},{"@type":"ImageObject","inLanguage":"fr-FR","@id":"https:\/\/produncan.cl\/fr\/produit\/terrain-a-lepihue-maullin-region-de-los-lagos\/#primaryimage","url":"https:\/\/produncan.cl\/wp-content\/uploads\/2025\/04\/Parcela-Lepihue-Vendido.webp","contentUrl":"https:\/\/produncan.cl\/wp-content\/uploads\/2025\/04\/Parcela-Lepihue-Vendido.webp","width":600,"height":450,"caption":"Parcela Lepihu\u00e9 Vendido"},{"@type":"BreadcrumbList","@id":"https:\/\/produncan.cl\/fr\/produit\/terrain-a-lepihue-maullin-region-de-los-lagos\/#breadcrumb","itemListElement":[{"@type":"ListItem","position":1,"name":"Inicio","item":"https:\/\/produncan.cl\/fr\/"},{"@type":"ListItem","position":2,"name":"Propri\u00e9t\u00e9s","item":"https:\/\/produncan.cl\/propiedades\/"},{"@type":"ListItem","position":3,"name":"Parcelles","item":"https:\/\/produncan.cl\/fr\/cat&eacute;gorie\/parcelles\/"},{"@type":"ListItem","position":4,"name":"Terrain \u00e0 Lepihu\u00e9 &#8211; Maull\u00edn, R\u00e9gion de Los Lagos"}]},{"@type":"WebSite","@id":"https:\/\/produncan.cl\/fr\/#website","url":"https:\/\/produncan.cl\/fr\/","name":"Produncan","description":"Nous vous accompagnons dans votre projet de vie !","publisher":{"@id":"https:\/\/produncan.cl\/fr\/#organization"},"potentialAction":[{"@type":"SearchAction","target":{"@type":"EntryPoint","urlTemplate":"https:\/\/produncan.cl\/fr\/?s={search_term_string}"},"query-input":{"@type":"PropertyValueSpecification","valueRequired":true,"valueName":"search_term_string"}}],"inLanguage":"fr-FR"},{"@type":"Organization","@id":"https:\/\/produncan.cl\/fr\/#organization","name":"Produncan","url":"https:\/\/produncan.cl\/fr\/","logo":{"@type":"ImageObject","inLanguage":"fr-FR","@id":"https:\/\/produncan.cl\/fr\/#\/schema\/logo\/image\/","url":"https:\/\/produncan.cl\/wp-content\/uploads\/2021\/03\/LOGO.jpeg","contentUrl":"https:\/\/produncan.cl\/wp-content\/uploads\/2021\/03\/LOGO.jpeg","width":1280,"height":903,"caption":"Produncan"},"image":{"@id":"https:\/\/produncan.cl\/fr\/#\/schema\/logo\/image\/"},"sameAs":["https:\/\/web.facebook.com\/produncanland","https:\/\/www.instagram.com\/pro_duncan\/","https:\/\/www.linkedin.com\/company\/produncan-lands\/","https:\/\/www.youtube.com\/channel\/UCu7N-f3x0svkazD-Eew1-QQ"],"description":"En Produncan somos especialistas en la venta de terrenos en el sur de Chile. Proveemos estancias, campos, parcelas y hoteles.","email":"info@produncan.cl"}]},"og_video":"https:\/\/www.youtube.com\/embed\/JChxyaVbzsM","og_video_type":"text\/html","og_video_duration":"64","og_video_width":"480","og_video_height":"270","ya_ovs_adult":"false","ya_ovs_upload_date":"2025-04-23T21:36:30+00:00","ya_ovs_allow_embed":"true","product_price_currency":"USD","og_availability":"out of stock","product_availability":"out of stock","product_condition":"new"},"_links":{"self":[{"href":"https:\/\/produncan.cl\/fr\/wp-json\/wp\/v2\/product\/40638","targetHints":{"allow":["GET"]}}],"collection":[{"href":"https:\/\/produncan.cl\/fr\/wp-json\/wp\/v2\/product"}],"about":[{"href":"https:\/\/produncan.cl\/fr\/wp-json\/wp\/v2\/types\/product"}],"version-history":[{"count":3,"href":"https:\/\/produncan.cl\/fr\/wp-json\/wp\/v2\/product\/40638\/revisions"}],"predecessor-version":[{"id":54529,"href":"https:\/\/produncan.cl\/fr\/wp-json\/wp\/v2\/product\/40638\/revisions\/54529"}],"wp:featuredmedia":[{"embeddable":true,"href":"https:\/\/produncan.cl\/fr\/wp-json\/wp\/v2\/media\/54524"}],"wp:attachment":[{"href":"https:\/\/produncan.cl\/fr\/wp-json\/wp\/v2\/media?parent=40638"}],"wp:term":[{"taxonomy":"product_brand","embeddable":true,"href":"https:\/\/produncan.cl\/fr\/wp-json\/wp\/v2\/product_brand?post=40638"},{"taxonomy":"product_cat","embeddable":true,"href":"https:\/\/produncan.cl\/fr\/wp-json\/wp\/v2\/product_cat?post=40638"},{"taxonomy":"product_tag","embeddable":true,"href":"https:\/\/produncan.cl\/fr\/wp-json\/wp\/v2\/product_tag?post=40638"},{"taxonomy":"regiones","embeddable":true,"href":"https:\/\/produncan.cl\/fr\/wp-json\/wp\/v2\/regiones?post=40638"},{"taxonomy":"ciudades","embeddable":true,"href":"https:\/\/produncan.cl\/fr\/wp-json\/wp\/v2\/ciudades?post=40638"}],"curies":[{"name":"wp","href":"https:\/\/api.w.org\/{rel}","templated":true}]}}