{"id":40640,"date":"2025-04-21T18:35:39","date_gmt":"2025-04-21T22:35:39","guid":{"rendered":"https:\/\/produncan.cl\/producto\/terrain-a-quenuir-huapache-maullin\/"},"modified":"2025-12-26T17:20:44","modified_gmt":"2025-12-26T20:20:44","slug":"terrain-a-quenuir-huapache-maullin","status":"publish","type":"product","link":"https:\/\/produncan.cl\/fr\/produit\/terrain-a-quenuir-huapache-maullin\/","title":{"rendered":"Terrain \u00e0 Quenuir &#8211; Huapache &#8211; Maull\u00edn"},"content":{"rendered":"\t\t<div data-elementor-type=\"product-post\" data-elementor-id=\"40640\" class=\"elementor elementor-40640 elementor-40417\" data-elementor-post-type=\"product\">\n\t\t\t\t<div class=\"elementor-element elementor-element-6cbbc12 e-flex e-con-boxed e-con e-parent\" data-id=\"6cbbc12\" data-element_type=\"container\" data-e-type=\"container\" data-settings=\"{&quot;jet_parallax_layout_list&quot;:[]}\">\n\t\t\t\t\t<div class=\"e-con-inner\">\n\t\t\t\t<div class=\"elementor-element elementor-element-e92b1ca elementor-widget elementor-widget-heading\" data-id=\"e92b1ca\" data-element_type=\"widget\" data-e-type=\"widget\" data-widget_type=\"heading.default\">\n\t\t\t\t\t<h2 class=\"elementor-heading-title elementor-size-default\">Terrain \u00e0 Quenuir de 6,35 hectares avec Maison de 81m\u00b2 et Vue sur la Mer<\/h2>\t\t\t\t<\/div>\n\t\t\t\t\t<\/div>\n\t\t\t\t<\/div>\n\t\t<div class=\"elementor-element elementor-element-968f9aa e-flex e-con-boxed e-con e-parent\" data-id=\"968f9aa\" data-element_type=\"container\" data-e-type=\"container\" data-settings=\"{&quot;jet_parallax_layout_list&quot;:[]}\">\n\t\t\t\t\t<div class=\"e-con-inner\">\n\t\t\t\t<div class=\"elementor-element elementor-element-d44710d elementor-widget elementor-widget-text-editor\" data-id=\"d44710d\" data-element_type=\"widget\" data-e-type=\"widget\" data-widget_type=\"text-editor.default\">\n\t\t\t\t\t\t\t\t\t<p>Nous vous pr\u00e9sentons une propri\u00e9t\u00e9 exceptionnelle \u00e0 proximit\u00e9 de la c\u00f4te dans la r\u00e9gion des lacs. Cette propri\u00e9t\u00e9 de 6,35 hectares et d&#8217;un prix de vente de 130 000 000 $, est situ\u00e9e dans un secteur \u00e9lev\u00e9 et privil\u00e9gi\u00e9, ce qui lui conf\u00e8re une vue panoramique spectaculaire sur la mer. A seulement 4 kilom\u00e8tres de la grande plage de Puerto Godoy, ce terrain offre un \u00e9quilibre parfait entre la nature, l&#8217;intimit\u00e9 et la connectivit\u00e9.  <\/p>\n<p>Le champ de Quenuir, Huapache, a son propre r\u00f4le et sa propre utilisation agricole. Sa topographie est plate et le terrain est compos\u00e9 principalement de prairies ouvertes et de zones avec des arbres indig\u00e8nes renouvelables \u00e0 faible croissance. <\/p>\n<p>Situ\u00e9e sur un plateau, elle b\u00e9n\u00e9ficie d&#8217;un excellent ensoleillement tout au long de la journ\u00e9e. L&#8217;acc\u00e8s est assur\u00e9 par une servitude de 300 m\u00e8tres qui se connecte \u00e0 une route de gravier bien entretenue, qui \u00e0 son tour se connecte \u00e0 la route asphalt\u00e9e de Quenuir. L&#8217;\u00e9lectricit\u00e9 est fournie directement \u00e0 l&#8217;entr\u00e9e de la propri\u00e9t\u00e9 par la soci\u00e9t\u00e9 de services publics SAESA.  <\/p>\n<p>\u00c0 quelques m\u00e8tres de la maison se trouve un ruisseau naturel qui, bien qu&#8217;il s&#8217;ass\u00e8che en \u00e9t\u00e9, peut \u00eatre utilis\u00e9 pour le captage de l&#8217;eau. Une \u00e9tude hydraulique a d\u00e9j\u00e0 \u00e9t\u00e9 r\u00e9alis\u00e9e et indique la pr\u00e9sence d&#8217;eau \u00e0 une profondeur comprise entre 5 et 10 m\u00e8tres. Cette situation, associ\u00e9e \u00e0 la douceur du climat et \u00e0 la fertilit\u00e9 de l&#8217;environnement, fait de la propri\u00e9t\u00e9 une alternative id\u00e9ale pour d\u00e9velopper de petits projets d&#8217;agriculture ou d&#8217;\u00e9levage. <\/p>\n<p>La ferme de Quenuir, comprend une belle maison construite en 2012, de 81 m\u00b2, inspir\u00e9e de l&#8217;architecture traditionnelle mapuche. Elle a \u00e9t\u00e9 construite avec des bois durs tels que le pin d&#8217;Oregon, le ma\u00f1\u00edo et l&#8217;ulmo, ce qui lui conf\u00e8re chaleur et caract\u00e8re. La maison \u00e0 un \u00e9tage est distribu\u00e9e en trois chambres, une salle de bain en cours d&#8217;ach\u00e8vement, une cuisine ouverte avec une salle \u00e0 manger quotidienne et de grands espaces qui permettent l&#8217;int\u00e9gration d&#8217;une future terrasse projet\u00e9e donnant sur la mer. Les fen\u00eatres sont \u00e0 simple vitrage avec des cadres en ma\u00f1\u00edo et le toit est recouvert de bardeaux d&#8217;asphalte. Actuellement, la maison n&#8217;a pas de raccordement \u00e0 l&#8217;eau ou au chauffage, ce qui ouvre la possibilit\u00e9 d&#8217;\u00eatre \u00e9quip\u00e9e selon les go\u00fbts et les besoins de l&#8217;acheteur.    <\/p>\n<p>L&#8217;environnement naturel de cette propri\u00e9t\u00e9 est vraiment privil\u00e9gi\u00e9. Elle se trouve \u00e0 seulement 2,5 kilom\u00e8tres du village de Quenuir, connue pour son excellent approvisionnement en fruits de mer frais et ses services de base. En m\u00eame temps, elle est situ\u00e9e entre la rivi\u00e8re Quenuir et la mer, ce qui g\u00e9n\u00e8re un microclimat unique, id\u00e9al pour le d\u00e9veloppement de l&#8217; agriculture ainsi que pour ceux qui qui recherchent un mode de vie en contact direct avec la nature.  <\/p>\n<p>La propri\u00e9t\u00e9 offre une combinaison tr\u00e8s attrayante de vues sur la mer, de proximit\u00e9 de la plage, l&#8217;acc\u00e8s aux services, la faune indig\u00e8ne et les arbres tels que l&#8217; ulmo et l&#8217;array\u00e1n. Il s&#8217;agit donc d&#8217;une alternative parfaite pour un usage r\u00e9sidentiel ainsi que pour des projets de tourisme et d&#8217;investissement Les projets d&#8217;investissement ou de tourisme qui souhaitent profiter du charme unique du sud du Chili. <\/p>\n<p>Contactez-nous pour plus d&#8217;informations ou pour organiser une visite. C &#8216;est peut-\u00eatre l&#8217;occasion que vous attendiez. <\/p>\n\t\t\t\t\t\t\t\t<\/div>\n\t\t\t\t\t<\/div>\n\t\t\t\t<\/div>\n\t\t\t\t<\/div>\n\t\t","protected":false},"excerpt":{"rendered":"<p>Terrain \u00e0 Quenuir avec vue sur la mer. Il comprend une maison de 81 m\u00b2, l&#8217;\u00e9lectricit\u00e9, le r\u00e9seau, un \u00e9tang, un terrain plat principalement constitu\u00e9 de prairies, des arbres indig\u00e8nes de faible hauteur et le r\u00e9seau t\u00e9l\u00e9phonique. <\/p>\n","protected":false},"featured_media":40422,"template":"","meta":{"_acf_changed":false},"product_brand":[],"product_cat":[113],"product_tag":[233,236],"regiones":[226],"ciudades":[457,456],"class_list":{"0":"post-40640","1":"product","2":"type-product","3":"status-publish","4":"has-post-thumbnail","6":"product_cat-ohiggins-los-lagos-fr","7":"product_tag-champs","8":"product_tag-parcelles","9":"regiones-nuble-los_lagos","10":"ciudades-maullin","11":"ciudades-quenuir","13":"first","14":"instock","15":"shipping-taxable","16":"purchasable","17":"product-type-simple"},"acf":[],"yoast_head":"<!-- This site is optimized with the Yoast SEO Premium plugin v26.0 (Yoast SEO v27.3) - https:\/\/yoast.com\/product\/yoast-seo-premium-wordpress\/ -->\n<title>Terrain \u00e0 Quenuir - Huapache - Maull\u00edn - Produncan<\/title>\n<meta name=\"description\" content=\"Terrain \u00e0 Quenuir de 6,35 ha avec vue sur la mer, maison de 81 m\u00b2, \u00e9lectricit\u00e9, estuaire, signal t\u00e9l\u00e9phonique, terrain plat avec prairies et for\u00eat basse autochtone.\" \/>\n<meta name=\"robots\" content=\"index, follow, max-snippet:-1, max-image-preview:large, max-video-preview:-1\" \/>\n<link rel=\"canonical\" href=\"https:\/\/produncan.cl\/fr\/produit\/terrain-a-quenuir-huapache-maullin\/\" \/>\n<meta property=\"og:locale\" content=\"fr_FR\" \/>\n<meta property=\"og:type\" content=\"article\" \/>\n<meta property=\"og:title\" content=\"Terrain \u00e0 Quenuir - Huapache - Maull\u00edn\" \/>\n<meta property=\"og:description\" content=\"Terrain \u00e0 Quenuir de 6,35 ha avec vue sur la mer, maison de 81 m\u00b2, \u00e9lectricit\u00e9, estuaire, signal t\u00e9l\u00e9phonique, terrain plat avec prairies et for\u00eat basse autochtone.\" \/>\n<meta property=\"og:url\" content=\"https:\/\/produncan.cl\/fr\/produit\/terrain-a-quenuir-huapache-maullin\/\" \/>\n<meta property=\"og:site_name\" content=\"Produncan\" \/>\n<meta property=\"article:publisher\" content=\"https:\/\/web.facebook.com\/produncanland\" \/>\n<meta property=\"article:modified_time\" content=\"2025-12-26T20:20:44+00:00\" \/>\n<meta property=\"og:image\" content=\"https:\/\/produncan.cl\/wp-content\/uploads\/2025\/04\/Campo-Huapache.webp\" \/>\n\t<meta property=\"og:image:width\" content=\"800\" \/>\n\t<meta property=\"og:image:height\" content=\"600\" \/>\n\t<meta property=\"og:image:type\" content=\"image\/webp\" \/>\n<meta name=\"twitter:card\" content=\"summary_large_image\" \/>\n<meta name=\"twitter:label1\" content=\"Price\" \/>\n\t<meta name=\"twitter:data1\" content=\"USD141.400,00\" \/>\n\t<meta name=\"twitter:label2\" content=\"Availability\" \/>\n\t<meta name=\"twitter:data2\" content=\"In stock\" \/>\n<script type=\"application\/ld+json\" class=\"yoast-schema-graph\">{\"@context\":\"https:\\\/\\\/schema.org\",\"@graph\":[{\"@type\":\"WebPage\",\"@id\":\"https:\\\/\\\/produncan.cl\\\/fr\\\/produit\\\/terrain-a-quenuir-huapache-maullin\\\/\",\"url\":\"https:\\\/\\\/produncan.cl\\\/fr\\\/produit\\\/terrain-a-quenuir-huapache-maullin\\\/\",\"name\":\"Terrain \u00e0 Quenuir - Huapache - Maull\u00edn - Produncan\",\"isPartOf\":{\"@id\":\"https:\\\/\\\/produncan.cl\\\/fr\\\/#website\"},\"primaryImageOfPage\":{\"@id\":\"https:\\\/\\\/produncan.cl\\\/fr\\\/produit\\\/terrain-a-quenuir-huapache-maullin\\\/#primaryimage\"},\"image\":{\"@id\":\"https:\\\/\\\/produncan.cl\\\/fr\\\/produit\\\/terrain-a-quenuir-huapache-maullin\\\/#primaryimage\"},\"thumbnailUrl\":\"https:\\\/\\\/produncan.cl\\\/wp-content\\\/uploads\\\/2025\\\/04\\\/Campo-Huapache.webp\",\"datePublished\":\"2025-04-21T22:35:39+00:00\",\"dateModified\":\"2025-12-26T20:20:44+00:00\",\"description\":\"Terrain \u00e0 Quenuir de 6,35 ha avec vue sur la mer, maison de 81 m\u00b2, \u00e9lectricit\u00e9, estuaire, signal t\u00e9l\u00e9phonique, terrain plat avec prairies et for\u00eat basse autochtone.\",\"breadcrumb\":{\"@id\":\"https:\\\/\\\/produncan.cl\\\/fr\\\/produit\\\/terrain-a-quenuir-huapache-maullin\\\/#breadcrumb\"},\"inLanguage\":\"fr-FR\",\"potentialAction\":[{\"@type\":\"ReadAction\",\"target\":[\"https:\\\/\\\/produncan.cl\\\/fr\\\/produit\\\/terrain-a-quenuir-huapache-maullin\\\/\"]}]},{\"@type\":\"ImageObject\",\"inLanguage\":\"fr-FR\",\"@id\":\"https:\\\/\\\/produncan.cl\\\/fr\\\/produit\\\/terrain-a-quenuir-huapache-maullin\\\/#primaryimage\",\"url\":\"https:\\\/\\\/produncan.cl\\\/wp-content\\\/uploads\\\/2025\\\/04\\\/Campo-Huapache.webp\",\"contentUrl\":\"https:\\\/\\\/produncan.cl\\\/wp-content\\\/uploads\\\/2025\\\/04\\\/Campo-Huapache.webp\",\"width\":800,\"height\":600,\"caption\":\"Campo Huapache\"},{\"@type\":\"BreadcrumbList\",\"@id\":\"https:\\\/\\\/produncan.cl\\\/fr\\\/produit\\\/terrain-a-quenuir-huapache-maullin\\\/#breadcrumb\",\"itemListElement\":[{\"@type\":\"ListItem\",\"position\":1,\"name\":\"Inicio\",\"item\":\"https:\\\/\\\/produncan.cl\\\/fr\\\/\"},{\"@type\":\"ListItem\",\"position\":2,\"name\":\"Propri\u00e9t\u00e9s\",\"item\":\"https:\\\/\\\/produncan.cl\\\/propiedades\\\/\"},{\"@type\":\"ListItem\",\"position\":3,\"name\":\"Champs\",\"item\":\"https:\\\/\\\/produncan.cl\\\/fr\\\/cat&eacute;gorie\\\/champs\\\/\"},{\"@type\":\"ListItem\",\"position\":4,\"name\":\"Terrain \u00e0 Quenuir &#8211; Huapache &#8211; Maull\u00edn\"}]},{\"@type\":\"WebSite\",\"@id\":\"https:\\\/\\\/produncan.cl\\\/fr\\\/#website\",\"url\":\"https:\\\/\\\/produncan.cl\\\/fr\\\/\",\"name\":\"Produncan\",\"description\":\"Nous vous accompagnons dans votre projet de vie !\",\"publisher\":{\"@id\":\"https:\\\/\\\/produncan.cl\\\/fr\\\/#organization\"},\"potentialAction\":[{\"@type\":\"SearchAction\",\"target\":{\"@type\":\"EntryPoint\",\"urlTemplate\":\"https:\\\/\\\/produncan.cl\\\/fr\\\/?s={search_term_string}\"},\"query-input\":{\"@type\":\"PropertyValueSpecification\",\"valueRequired\":true,\"valueName\":\"search_term_string\"}}],\"inLanguage\":\"fr-FR\"},{\"@type\":\"Organization\",\"@id\":\"https:\\\/\\\/produncan.cl\\\/fr\\\/#organization\",\"name\":\"Produncan\",\"url\":\"https:\\\/\\\/produncan.cl\\\/fr\\\/\",\"logo\":{\"@type\":\"ImageObject\",\"inLanguage\":\"fr-FR\",\"@id\":\"https:\\\/\\\/produncan.cl\\\/fr\\\/#\\\/schema\\\/logo\\\/image\\\/\",\"url\":\"https:\\\/\\\/produncan.cl\\\/wp-content\\\/uploads\\\/2021\\\/03\\\/LOGO.jpeg\",\"contentUrl\":\"https:\\\/\\\/produncan.cl\\\/wp-content\\\/uploads\\\/2021\\\/03\\\/LOGO.jpeg\",\"width\":1280,\"height\":903,\"caption\":\"Produncan\"},\"image\":{\"@id\":\"https:\\\/\\\/produncan.cl\\\/fr\\\/#\\\/schema\\\/logo\\\/image\\\/\"},\"sameAs\":[\"https:\\\/\\\/web.facebook.com\\\/produncanland\",\"https:\\\/\\\/www.instagram.com\\\/pro_duncan\\\/\",\"https:\\\/\\\/www.linkedin.com\\\/company\\\/produncan-lands\\\/\",\"https:\\\/\\\/www.youtube.com\\\/channel\\\/UCu7N-f3x0svkazD-Eew1-QQ\"],\"description\":\"En Produncan somos especialistas en la venta de terrenos en el sur de Chile. Proveemos estancias, campos, parcelas y hoteles.\",\"email\":\"info@produncan.cl\"}]}<\/script>\n<meta property=\"og:video\" content=\"https:\/\/www.youtube.com\/embed\/zgQPJyDtRjI\" \/>\n<meta property=\"og:video:type\" content=\"text\/html\" \/>\n<meta property=\"og:video:duration\" content=\"78\" \/>\n<meta property=\"og:video:width\" content=\"480\" \/>\n<meta property=\"og:video:height\" content=\"270\" \/>\n<meta property=\"ya:ovs:adult\" content=\"false\" \/>\n<meta property=\"ya:ovs:upload_date\" content=\"2025-04-21T22:35:39+00:00\" \/>\n<meta property=\"ya:ovs:allow_embed\" content=\"true\" \/>\n<meta property=\"product:price:amount\" content=\"141400.00\" \/>\n<meta property=\"product:price:currency\" content=\"USD\" \/>\n<meta property=\"og:availability\" content=\"instock\" \/>\n<meta property=\"product:availability\" content=\"instock\" \/>\n<meta property=\"product:condition\" content=\"new\" \/>\n<!-- \/ Yoast SEO Premium plugin. -->","yoast_head_json":{"title":"Terrain \u00e0 Quenuir - Huapache - Maull\u00edn - Produncan","description":"Terrain \u00e0 Quenuir de 6,35 ha avec vue sur la mer, maison de 81 m\u00b2, \u00e9lectricit\u00e9, estuaire, signal t\u00e9l\u00e9phonique, terrain plat avec prairies et for\u00eat basse autochtone.","robots":{"index":"index","follow":"follow","max-snippet":"max-snippet:-1","max-image-preview":"max-image-preview:large","max-video-preview":"max-video-preview:-1"},"canonical":"https:\/\/produncan.cl\/fr\/produit\/terrain-a-quenuir-huapache-maullin\/","og_locale":"fr_FR","og_type":"article","og_title":"Terrain \u00e0 Quenuir - Huapache - Maull\u00edn","og_description":"Terrain \u00e0 Quenuir de 6,35 ha avec vue sur la mer, maison de 81 m\u00b2, \u00e9lectricit\u00e9, estuaire, signal t\u00e9l\u00e9phonique, terrain plat avec prairies et for\u00eat basse autochtone.","og_url":"https:\/\/produncan.cl\/fr\/produit\/terrain-a-quenuir-huapache-maullin\/","og_site_name":"Produncan","article_publisher":"https:\/\/web.facebook.com\/produncanland","article_modified_time":"2025-12-26T20:20:44+00:00","og_image":[{"width":800,"height":600,"url":"https:\/\/produncan.cl\/wp-content\/uploads\/2025\/04\/Campo-Huapache.webp","type":"image\/webp"}],"twitter_card":"summary_large_image","twitter_misc":{"Price":"USD141.400,00","Availability":"In stock"},"schema":{"@context":"https:\/\/schema.org","@graph":[{"@type":"WebPage","@id":"https:\/\/produncan.cl\/fr\/produit\/terrain-a-quenuir-huapache-maullin\/","url":"https:\/\/produncan.cl\/fr\/produit\/terrain-a-quenuir-huapache-maullin\/","name":"Terrain \u00e0 Quenuir - Huapache - Maull\u00edn - Produncan","isPartOf":{"@id":"https:\/\/produncan.cl\/fr\/#website"},"primaryImageOfPage":{"@id":"https:\/\/produncan.cl\/fr\/produit\/terrain-a-quenuir-huapache-maullin\/#primaryimage"},"image":{"@id":"https:\/\/produncan.cl\/fr\/produit\/terrain-a-quenuir-huapache-maullin\/#primaryimage"},"thumbnailUrl":"https:\/\/produncan.cl\/wp-content\/uploads\/2025\/04\/Campo-Huapache.webp","datePublished":"2025-04-21T22:35:39+00:00","dateModified":"2025-12-26T20:20:44+00:00","description":"Terrain \u00e0 Quenuir de 6,35 ha avec vue sur la mer, maison de 81 m\u00b2, \u00e9lectricit\u00e9, estuaire, signal t\u00e9l\u00e9phonique, terrain plat avec prairies et for\u00eat basse autochtone.","breadcrumb":{"@id":"https:\/\/produncan.cl\/fr\/produit\/terrain-a-quenuir-huapache-maullin\/#breadcrumb"},"inLanguage":"fr-FR","potentialAction":[{"@type":"ReadAction","target":["https:\/\/produncan.cl\/fr\/produit\/terrain-a-quenuir-huapache-maullin\/"]}]},{"@type":"ImageObject","inLanguage":"fr-FR","@id":"https:\/\/produncan.cl\/fr\/produit\/terrain-a-quenuir-huapache-maullin\/#primaryimage","url":"https:\/\/produncan.cl\/wp-content\/uploads\/2025\/04\/Campo-Huapache.webp","contentUrl":"https:\/\/produncan.cl\/wp-content\/uploads\/2025\/04\/Campo-Huapache.webp","width":800,"height":600,"caption":"Campo Huapache"},{"@type":"BreadcrumbList","@id":"https:\/\/produncan.cl\/fr\/produit\/terrain-a-quenuir-huapache-maullin\/#breadcrumb","itemListElement":[{"@type":"ListItem","position":1,"name":"Inicio","item":"https:\/\/produncan.cl\/fr\/"},{"@type":"ListItem","position":2,"name":"Propri\u00e9t\u00e9s","item":"https:\/\/produncan.cl\/propiedades\/"},{"@type":"ListItem","position":3,"name":"Champs","item":"https:\/\/produncan.cl\/fr\/cat&eacute;gorie\/champs\/"},{"@type":"ListItem","position":4,"name":"Terrain \u00e0 Quenuir &#8211; Huapache &#8211; Maull\u00edn"}]},{"@type":"WebSite","@id":"https:\/\/produncan.cl\/fr\/#website","url":"https:\/\/produncan.cl\/fr\/","name":"Produncan","description":"Nous vous accompagnons dans votre projet de vie !","publisher":{"@id":"https:\/\/produncan.cl\/fr\/#organization"},"potentialAction":[{"@type":"SearchAction","target":{"@type":"EntryPoint","urlTemplate":"https:\/\/produncan.cl\/fr\/?s={search_term_string}"},"query-input":{"@type":"PropertyValueSpecification","valueRequired":true,"valueName":"search_term_string"}}],"inLanguage":"fr-FR"},{"@type":"Organization","@id":"https:\/\/produncan.cl\/fr\/#organization","name":"Produncan","url":"https:\/\/produncan.cl\/fr\/","logo":{"@type":"ImageObject","inLanguage":"fr-FR","@id":"https:\/\/produncan.cl\/fr\/#\/schema\/logo\/image\/","url":"https:\/\/produncan.cl\/wp-content\/uploads\/2021\/03\/LOGO.jpeg","contentUrl":"https:\/\/produncan.cl\/wp-content\/uploads\/2021\/03\/LOGO.jpeg","width":1280,"height":903,"caption":"Produncan"},"image":{"@id":"https:\/\/produncan.cl\/fr\/#\/schema\/logo\/image\/"},"sameAs":["https:\/\/web.facebook.com\/produncanland","https:\/\/www.instagram.com\/pro_duncan\/","https:\/\/www.linkedin.com\/company\/produncan-lands\/","https:\/\/www.youtube.com\/channel\/UCu7N-f3x0svkazD-Eew1-QQ"],"description":"En Produncan somos especialistas en la venta de terrenos en el sur de Chile. Proveemos estancias, campos, parcelas y hoteles.","email":"info@produncan.cl"}]},"og_video":"https:\/\/www.youtube.com\/embed\/zgQPJyDtRjI","og_video_type":"text\/html","og_video_duration":"78","og_video_width":"480","og_video_height":"270","ya_ovs_adult":"false","ya_ovs_upload_date":"2025-04-21T22:35:39+00:00","ya_ovs_allow_embed":"true","product_price_amount":"141400.00","product_price_currency":"USD","og_availability":"instock","product_availability":"instock","product_condition":"new"},"_links":{"self":[{"href":"https:\/\/produncan.cl\/fr\/wp-json\/wp\/v2\/product\/40640","targetHints":{"allow":["GET"]}}],"collection":[{"href":"https:\/\/produncan.cl\/fr\/wp-json\/wp\/v2\/product"}],"about":[{"href":"https:\/\/produncan.cl\/fr\/wp-json\/wp\/v2\/types\/product"}],"version-history":[{"count":1,"href":"https:\/\/produncan.cl\/fr\/wp-json\/wp\/v2\/product\/40640\/revisions"}],"predecessor-version":[{"id":52472,"href":"https:\/\/produncan.cl\/fr\/wp-json\/wp\/v2\/product\/40640\/revisions\/52472"}],"wp:featuredmedia":[{"embeddable":true,"href":"https:\/\/produncan.cl\/fr\/wp-json\/wp\/v2\/media\/40422"}],"wp:attachment":[{"href":"https:\/\/produncan.cl\/fr\/wp-json\/wp\/v2\/media?parent=40640"}],"wp:term":[{"taxonomy":"product_brand","embeddable":true,"href":"https:\/\/produncan.cl\/fr\/wp-json\/wp\/v2\/product_brand?post=40640"},{"taxonomy":"product_cat","embeddable":true,"href":"https:\/\/produncan.cl\/fr\/wp-json\/wp\/v2\/product_cat?post=40640"},{"taxonomy":"product_tag","embeddable":true,"href":"https:\/\/produncan.cl\/fr\/wp-json\/wp\/v2\/product_tag?post=40640"},{"taxonomy":"regiones","embeddable":true,"href":"https:\/\/produncan.cl\/fr\/wp-json\/wp\/v2\/regiones?post=40640"},{"taxonomy":"ciudades","embeddable":true,"href":"https:\/\/produncan.cl\/fr\/wp-json\/wp\/v2\/ciudades?post=40640"}],"curies":[{"name":"wp","href":"https:\/\/api.w.org\/{rel}","templated":true}]}}