{"id":40645,"date":"2025-03-21T20:25:29","date_gmt":"2025-03-21T23:25:29","guid":{"rendered":"https:\/\/produncan.cl\/producto\/terrain-a-puerto-montt-piedra-azul-region-des-lacs\/"},"modified":"2025-11-28T13:59:29","modified_gmt":"2025-11-28T16:59:29","slug":"terrain-a-puerto-montt-piedra-azul-region-des-lacs","status":"publish","type":"product","link":"https:\/\/produncan.cl\/fr\/produit\/terrain-a-puerto-montt-piedra-azul-region-des-lacs\/","title":{"rendered":"Terrain \u00e0 Puerto Montt &#8211; Piedra Azul, r\u00e9gion des lacs"},"content":{"rendered":"\t\t<div data-elementor-type=\"product-post\" data-elementor-id=\"40645\" class=\"elementor elementor-40645 elementor-39725\" data-elementor-post-type=\"product\">\n\t\t\t\t<div class=\"elementor-element elementor-element-9557f5c e-flex e-con-boxed e-con e-parent\" data-id=\"9557f5c\" data-element_type=\"container\" data-e-type=\"container\" data-settings=\"{&quot;jet_parallax_layout_list&quot;:[]}\">\n\t\t\t\t\t<div class=\"e-con-inner\">\n\t\t\t\t<div class=\"elementor-element elementor-element-454f9e6 elementor-widget elementor-widget-heading\" data-id=\"454f9e6\" data-element_type=\"widget\" data-e-type=\"widget\" data-widget_type=\"heading.default\">\n\t\t\t\t\t<h2 class=\"elementor-heading-title elementor-size-default\">A vendre deux terrains avec vue panoramique \u00e0 Piedra Azul, Puerto Montt<\/h2>\t\t\t\t<\/div>\n\t\t\t\t\t<\/div>\n\t\t\t\t<\/div>\n\t\t<div class=\"elementor-element elementor-element-7b9d739 e-flex e-con-boxed e-con e-parent\" data-id=\"7b9d739\" data-element_type=\"container\" data-e-type=\"container\" data-settings=\"{&quot;jet_parallax_layout_list&quot;:[]}\">\n\t\t\t\t\t<div class=\"e-con-inner\">\n\t\t\t\t<div class=\"elementor-element elementor-element-85b32e1 elementor-widget elementor-widget-text-editor\" data-id=\"85b32e1\" data-element_type=\"widget\" data-e-type=\"widget\" data-widget_type=\"text-editor.default\">\n\t\t\t\t\t\t\t\t\t<p>Situ\u00e9es \u00e0 Piedra Azul, dans la r\u00e9gion de Los Lagos, ces parcelles offrent une vue panoramique incomparable sur la mer et la ville de Puerto Montt. D&#8217;une superficie de 0,5180 et 0,5175 hectares, elles repr\u00e9sentent une excellente opportunit\u00e9 pour ceux qui recherchent un environnement naturel privil\u00e9gi\u00e9 avec une connectivit\u00e9 id\u00e9ale. Le prix de vente est de 62.000.000 $ chacun.  <\/p><p>Su ubicaci\u00f3n es estrat\u00e9gica, a solo 20 minutos de Puerto Montt y 40 minutos del aeropuerto Tepual, permite un f\u00e1cil acceso a servicios y comodidades. Se accede desde la Ruta 7 a trav\u00e9s de un camino de ripio de 2 kms aproximados, garantizando privacidad sin sacrificar la conectividad. Adem\u00e1s, la zona cuenta con transporte p\u00fablico disponible en la carretera hacia Puerto Montt.  <\/p><p>El terreno destaca por su topograf\u00eda plana, ideal para la construcci\u00f3n de una vivienda con gran vista panor\u00e1mica. La orientaci\u00f3n al poniente proporciona una excelente exposici\u00f3n solar durante todo el a\u00f1o. La presencia de bosque nativo y fauna local, como zorros, liebres y chucaos, crea un ambiente natural \u00fanico y tranquilo.  <\/p><p>En cuanto a servicios, la parcela cuenta con electricidad disponible, solo faltando la instalaci\u00f3n del empalme y medidor. Adem\u00e1s, cuenta con un APR con la red de agua ya instalada. El cierre perimetral est\u00e1 parcialmente instalado, delimitando el costado que colinda con el camino de acceso, y se encuentra un port\u00f3n de entrada que brinda mayor seguridad.  <\/p><p>La r\u00e9gion environnante offre de nombreuses attractions naturelles, notamment la Carretera Austral, le parc national Alerce Andino et le lac Chapo, ainsi qu&#8217; une vue \u00e9poustouflante \u00e0 180\u00b0 sur le d\u00e9troit de Reloncav\u00ed.<\/p><p>Ne manquez pas l&#8217;occasion d&#8217;investir dans ce coin exclusif de Patagonie. Contactez-nous pour plus d&#8217;informations et organisez votre visite d\u00e8s aujourd&#8217;hui. <\/p>\t\t\t\t\t\t\t\t<\/div>\n\t\t\t\t\t<\/div>\n\t\t\t\t<\/div>\n\t\t\t\t<\/div>\n\t\t","protected":false},"excerpt":{"rendered":"<p>Terrain \u00e0 Puerto MonttParcela \u00e0 Piedra Azul, Puerto Montt, avec une vue panoramique spectaculaire sur la mer. Situ\u00e9e dans une zone sur\u00e9lev\u00e9e, avec une topographie plate, pr\u00e9dominance de prairies, \u00e9lectricit\u00e9, eau et excellent signal t\u00e9l\u00e9phonique. <\/p>\n","protected":false},"featured_media":39729,"template":"","meta":{"_acf_changed":false},"product_brand":[],"product_cat":[113],"product_tag":[236],"regiones":[226],"ciudades":[218,219],"class_list":{"0":"post-40645","1":"product","2":"type-product","3":"status-publish","4":"has-post-thumbnail","6":"product_cat-ohiggins-los-lagos-fr","7":"product_tag-parcelles","8":"regiones-nuble-los_lagos","9":"ciudades-puerto-montt","10":"ciudades-puerto-varas","12":"first","13":"instock","14":"shipping-taxable","15":"purchasable","16":"product-type-simple"},"acf":[],"yoast_head":"<!-- This site is optimized with the Yoast SEO Premium plugin v26.0 (Yoast SEO v27.3) - https:\/\/yoast.com\/product\/yoast-seo-premium-wordpress\/ -->\n<title>Terrain \u00e0 Puerto Montt - Piedra Azul, r\u00e9gion des lacs - Produncan<\/title>\n<meta name=\"description\" content=\"Terrain \u00e0 Piedra Azul, Puerto Montt, avec une vue panoramique spectaculaire sur la mer. Situ\u00e9 dans une zone sur\u00e9lev\u00e9e, il a une topographie plate, une pr\u00e9dominance de prairies et un excellent signal t\u00e9l\u00e9phonique.\" \/>\n<meta name=\"robots\" content=\"index, follow, max-snippet:-1, max-image-preview:large, max-video-preview:-1\" \/>\n<link rel=\"canonical\" href=\"https:\/\/produncan.cl\/fr\/produit\/terrain-a-puerto-montt-piedra-azul-region-des-lacs\/\" \/>\n<meta property=\"og:locale\" content=\"fr_FR\" \/>\n<meta property=\"og:type\" content=\"article\" \/>\n<meta property=\"og:title\" content=\"Terrain \u00e0 Puerto Montt - Piedra Azul, r\u00e9gion des lacs\" \/>\n<meta property=\"og:description\" content=\"Terrain \u00e0 Piedra Azul, Puerto Montt, avec une vue panoramique spectaculaire sur la mer. Situ\u00e9 dans une zone sur\u00e9lev\u00e9e, il a une topographie plate, une pr\u00e9dominance de prairies et un excellent signal t\u00e9l\u00e9phonique.\" \/>\n<meta property=\"og:url\" content=\"https:\/\/produncan.cl\/fr\/produit\/terrain-a-puerto-montt-piedra-azul-region-des-lacs\/\" \/>\n<meta property=\"og:site_name\" content=\"Produncan\" \/>\n<meta property=\"article:publisher\" content=\"https:\/\/web.facebook.com\/produncanland\" \/>\n<meta property=\"article:modified_time\" content=\"2025-11-28T16:59:29+00:00\" \/>\n<meta property=\"og:image\" content=\"https:\/\/produncan.cl\/wp-content\/uploads\/2025\/03\/Parcela-en-venta-Piedra-Azul.webp\" \/>\n\t<meta property=\"og:image:width\" content=\"800\" \/>\n\t<meta property=\"og:image:height\" content=\"600\" \/>\n\t<meta property=\"og:image:type\" content=\"image\/webp\" \/>\n<meta name=\"twitter:card\" content=\"summary_large_image\" \/>\n<meta name=\"twitter:label1\" content=\"Price\" \/>\n\t<meta name=\"twitter:data1\" content=\"USD67.700,00\" \/>\n\t<meta name=\"twitter:label2\" content=\"Availability\" \/>\n\t<meta name=\"twitter:data2\" content=\"In stock\" \/>\n<script type=\"application\/ld+json\" class=\"yoast-schema-graph\">{\"@context\":\"https:\\\/\\\/schema.org\",\"@graph\":[{\"@type\":\"WebPage\",\"@id\":\"https:\\\/\\\/produncan.cl\\\/fr\\\/produit\\\/terrain-a-puerto-montt-piedra-azul-region-des-lacs\\\/\",\"url\":\"https:\\\/\\\/produncan.cl\\\/fr\\\/produit\\\/terrain-a-puerto-montt-piedra-azul-region-des-lacs\\\/\",\"name\":\"Terrain \u00e0 Puerto Montt - Piedra Azul, r\u00e9gion des lacs - Produncan\",\"isPartOf\":{\"@id\":\"https:\\\/\\\/produncan.cl\\\/fr\\\/#website\"},\"primaryImageOfPage\":{\"@id\":\"https:\\\/\\\/produncan.cl\\\/fr\\\/produit\\\/terrain-a-puerto-montt-piedra-azul-region-des-lacs\\\/#primaryimage\"},\"image\":{\"@id\":\"https:\\\/\\\/produncan.cl\\\/fr\\\/produit\\\/terrain-a-puerto-montt-piedra-azul-region-des-lacs\\\/#primaryimage\"},\"thumbnailUrl\":\"https:\\\/\\\/produncan.cl\\\/wp-content\\\/uploads\\\/2025\\\/03\\\/Parcela-en-venta-Piedra-Azul.webp\",\"datePublished\":\"2025-03-21T23:25:29+00:00\",\"dateModified\":\"2025-11-28T16:59:29+00:00\",\"description\":\"Terrain \u00e0 Piedra Azul, Puerto Montt, avec une vue panoramique spectaculaire sur la mer. Situ\u00e9 dans une zone sur\u00e9lev\u00e9e, il a une topographie plate, une pr\u00e9dominance de prairies et un excellent signal t\u00e9l\u00e9phonique.\",\"breadcrumb\":{\"@id\":\"https:\\\/\\\/produncan.cl\\\/fr\\\/produit\\\/terrain-a-puerto-montt-piedra-azul-region-des-lacs\\\/#breadcrumb\"},\"inLanguage\":\"fr-FR\",\"potentialAction\":[{\"@type\":\"ReadAction\",\"target\":[\"https:\\\/\\\/produncan.cl\\\/fr\\\/produit\\\/terrain-a-puerto-montt-piedra-azul-region-des-lacs\\\/\"]}]},{\"@type\":\"ImageObject\",\"inLanguage\":\"fr-FR\",\"@id\":\"https:\\\/\\\/produncan.cl\\\/fr\\\/produit\\\/terrain-a-puerto-montt-piedra-azul-region-des-lacs\\\/#primaryimage\",\"url\":\"https:\\\/\\\/produncan.cl\\\/wp-content\\\/uploads\\\/2025\\\/03\\\/Parcela-en-venta-Piedra-Azul.webp\",\"contentUrl\":\"https:\\\/\\\/produncan.cl\\\/wp-content\\\/uploads\\\/2025\\\/03\\\/Parcela-en-venta-Piedra-Azul.webp\",\"width\":800,\"height\":600,\"caption\":\"Terrain \u00e0 vendre Blue Stone\"},{\"@type\":\"BreadcrumbList\",\"@id\":\"https:\\\/\\\/produncan.cl\\\/fr\\\/produit\\\/terrain-a-puerto-montt-piedra-azul-region-des-lacs\\\/#breadcrumb\",\"itemListElement\":[{\"@type\":\"ListItem\",\"position\":1,\"name\":\"Inicio\",\"item\":\"https:\\\/\\\/produncan.cl\\\/fr\\\/\"},{\"@type\":\"ListItem\",\"position\":2,\"name\":\"Propri\u00e9t\u00e9s\",\"item\":\"https:\\\/\\\/produncan.cl\\\/propiedades\\\/\"},{\"@type\":\"ListItem\",\"position\":3,\"name\":\"Parcelles\",\"item\":\"https:\\\/\\\/produncan.cl\\\/fr\\\/cat&eacute;gorie\\\/parcelles\\\/\"},{\"@type\":\"ListItem\",\"position\":4,\"name\":\"Terrain \u00e0 Puerto Montt &#8211; Piedra Azul, r\u00e9gion des lacs\"}]},{\"@type\":\"WebSite\",\"@id\":\"https:\\\/\\\/produncan.cl\\\/fr\\\/#website\",\"url\":\"https:\\\/\\\/produncan.cl\\\/fr\\\/\",\"name\":\"Produncan\",\"description\":\"Nous vous accompagnons dans votre projet de vie !\",\"publisher\":{\"@id\":\"https:\\\/\\\/produncan.cl\\\/fr\\\/#organization\"},\"potentialAction\":[{\"@type\":\"SearchAction\",\"target\":{\"@type\":\"EntryPoint\",\"urlTemplate\":\"https:\\\/\\\/produncan.cl\\\/fr\\\/?s={search_term_string}\"},\"query-input\":{\"@type\":\"PropertyValueSpecification\",\"valueRequired\":true,\"valueName\":\"search_term_string\"}}],\"inLanguage\":\"fr-FR\"},{\"@type\":\"Organization\",\"@id\":\"https:\\\/\\\/produncan.cl\\\/fr\\\/#organization\",\"name\":\"Produncan\",\"url\":\"https:\\\/\\\/produncan.cl\\\/fr\\\/\",\"logo\":{\"@type\":\"ImageObject\",\"inLanguage\":\"fr-FR\",\"@id\":\"https:\\\/\\\/produncan.cl\\\/fr\\\/#\\\/schema\\\/logo\\\/image\\\/\",\"url\":\"https:\\\/\\\/produncan.cl\\\/wp-content\\\/uploads\\\/2021\\\/03\\\/LOGO.jpeg\",\"contentUrl\":\"https:\\\/\\\/produncan.cl\\\/wp-content\\\/uploads\\\/2021\\\/03\\\/LOGO.jpeg\",\"width\":1280,\"height\":903,\"caption\":\"Produncan\"},\"image\":{\"@id\":\"https:\\\/\\\/produncan.cl\\\/fr\\\/#\\\/schema\\\/logo\\\/image\\\/\"},\"sameAs\":[\"https:\\\/\\\/web.facebook.com\\\/produncanland\",\"https:\\\/\\\/www.instagram.com\\\/pro_duncan\\\/\",\"https:\\\/\\\/www.linkedin.com\\\/company\\\/produncan-lands\\\/\",\"https:\\\/\\\/www.youtube.com\\\/channel\\\/UCu7N-f3x0svkazD-Eew1-QQ\"],\"description\":\"En Produncan somos especialistas en la venta de terrenos en el sur de Chile. Proveemos estancias, campos, parcelas y hoteles.\",\"email\":\"info@produncan.cl\"}]}<\/script>\n<meta property=\"og:video\" content=\"https:\/\/www.youtube.com\/embed\/Mq-w3BBk-nc\" \/>\n<meta property=\"og:video:type\" content=\"text\/html\" \/>\n<meta property=\"og:video:duration\" content=\"64\" \/>\n<meta property=\"og:video:width\" content=\"480\" \/>\n<meta property=\"og:video:height\" content=\"270\" \/>\n<meta property=\"ya:ovs:adult\" content=\"false\" \/>\n<meta property=\"ya:ovs:upload_date\" content=\"2025-03-21T23:25:29+00:00\" \/>\n<meta property=\"ya:ovs:allow_embed\" content=\"true\" \/>\n<meta property=\"product:price:amount\" content=\"67700.00\" \/>\n<meta property=\"product:price:currency\" content=\"USD\" \/>\n<meta property=\"og:availability\" content=\"instock\" \/>\n<meta property=\"product:availability\" content=\"instock\" \/>\n<meta property=\"product:condition\" content=\"new\" \/>\n<!-- \/ Yoast SEO Premium plugin. -->","yoast_head_json":{"title":"Terrain \u00e0 Puerto Montt - Piedra Azul, r\u00e9gion des lacs - Produncan","description":"Terrain \u00e0 Piedra Azul, Puerto Montt, avec une vue panoramique spectaculaire sur la mer. Situ\u00e9 dans une zone sur\u00e9lev\u00e9e, il a une topographie plate, une pr\u00e9dominance de prairies et un excellent signal t\u00e9l\u00e9phonique.","robots":{"index":"index","follow":"follow","max-snippet":"max-snippet:-1","max-image-preview":"max-image-preview:large","max-video-preview":"max-video-preview:-1"},"canonical":"https:\/\/produncan.cl\/fr\/produit\/terrain-a-puerto-montt-piedra-azul-region-des-lacs\/","og_locale":"fr_FR","og_type":"article","og_title":"Terrain \u00e0 Puerto Montt - Piedra Azul, r\u00e9gion des lacs","og_description":"Terrain \u00e0 Piedra Azul, Puerto Montt, avec une vue panoramique spectaculaire sur la mer. Situ\u00e9 dans une zone sur\u00e9lev\u00e9e, il a une topographie plate, une pr\u00e9dominance de prairies et un excellent signal t\u00e9l\u00e9phonique.","og_url":"https:\/\/produncan.cl\/fr\/produit\/terrain-a-puerto-montt-piedra-azul-region-des-lacs\/","og_site_name":"Produncan","article_publisher":"https:\/\/web.facebook.com\/produncanland","article_modified_time":"2025-11-28T16:59:29+00:00","og_image":[{"width":800,"height":600,"url":"https:\/\/produncan.cl\/wp-content\/uploads\/2025\/03\/Parcela-en-venta-Piedra-Azul.webp","type":"image\/webp"}],"twitter_card":"summary_large_image","twitter_misc":{"Price":"USD67.700,00","Availability":"In stock"},"schema":{"@context":"https:\/\/schema.org","@graph":[{"@type":"WebPage","@id":"https:\/\/produncan.cl\/fr\/produit\/terrain-a-puerto-montt-piedra-azul-region-des-lacs\/","url":"https:\/\/produncan.cl\/fr\/produit\/terrain-a-puerto-montt-piedra-azul-region-des-lacs\/","name":"Terrain \u00e0 Puerto Montt - Piedra Azul, r\u00e9gion des lacs - Produncan","isPartOf":{"@id":"https:\/\/produncan.cl\/fr\/#website"},"primaryImageOfPage":{"@id":"https:\/\/produncan.cl\/fr\/produit\/terrain-a-puerto-montt-piedra-azul-region-des-lacs\/#primaryimage"},"image":{"@id":"https:\/\/produncan.cl\/fr\/produit\/terrain-a-puerto-montt-piedra-azul-region-des-lacs\/#primaryimage"},"thumbnailUrl":"https:\/\/produncan.cl\/wp-content\/uploads\/2025\/03\/Parcela-en-venta-Piedra-Azul.webp","datePublished":"2025-03-21T23:25:29+00:00","dateModified":"2025-11-28T16:59:29+00:00","description":"Terrain \u00e0 Piedra Azul, Puerto Montt, avec une vue panoramique spectaculaire sur la mer. Situ\u00e9 dans une zone sur\u00e9lev\u00e9e, il a une topographie plate, une pr\u00e9dominance de prairies et un excellent signal t\u00e9l\u00e9phonique.","breadcrumb":{"@id":"https:\/\/produncan.cl\/fr\/produit\/terrain-a-puerto-montt-piedra-azul-region-des-lacs\/#breadcrumb"},"inLanguage":"fr-FR","potentialAction":[{"@type":"ReadAction","target":["https:\/\/produncan.cl\/fr\/produit\/terrain-a-puerto-montt-piedra-azul-region-des-lacs\/"]}]},{"@type":"ImageObject","inLanguage":"fr-FR","@id":"https:\/\/produncan.cl\/fr\/produit\/terrain-a-puerto-montt-piedra-azul-region-des-lacs\/#primaryimage","url":"https:\/\/produncan.cl\/wp-content\/uploads\/2025\/03\/Parcela-en-venta-Piedra-Azul.webp","contentUrl":"https:\/\/produncan.cl\/wp-content\/uploads\/2025\/03\/Parcela-en-venta-Piedra-Azul.webp","width":800,"height":600,"caption":"Terrain \u00e0 vendre Blue Stone"},{"@type":"BreadcrumbList","@id":"https:\/\/produncan.cl\/fr\/produit\/terrain-a-puerto-montt-piedra-azul-region-des-lacs\/#breadcrumb","itemListElement":[{"@type":"ListItem","position":1,"name":"Inicio","item":"https:\/\/produncan.cl\/fr\/"},{"@type":"ListItem","position":2,"name":"Propri\u00e9t\u00e9s","item":"https:\/\/produncan.cl\/propiedades\/"},{"@type":"ListItem","position":3,"name":"Parcelles","item":"https:\/\/produncan.cl\/fr\/cat&eacute;gorie\/parcelles\/"},{"@type":"ListItem","position":4,"name":"Terrain \u00e0 Puerto Montt &#8211; Piedra Azul, r\u00e9gion des lacs"}]},{"@type":"WebSite","@id":"https:\/\/produncan.cl\/fr\/#website","url":"https:\/\/produncan.cl\/fr\/","name":"Produncan","description":"Nous vous accompagnons dans votre projet de vie !","publisher":{"@id":"https:\/\/produncan.cl\/fr\/#organization"},"potentialAction":[{"@type":"SearchAction","target":{"@type":"EntryPoint","urlTemplate":"https:\/\/produncan.cl\/fr\/?s={search_term_string}"},"query-input":{"@type":"PropertyValueSpecification","valueRequired":true,"valueName":"search_term_string"}}],"inLanguage":"fr-FR"},{"@type":"Organization","@id":"https:\/\/produncan.cl\/fr\/#organization","name":"Produncan","url":"https:\/\/produncan.cl\/fr\/","logo":{"@type":"ImageObject","inLanguage":"fr-FR","@id":"https:\/\/produncan.cl\/fr\/#\/schema\/logo\/image\/","url":"https:\/\/produncan.cl\/wp-content\/uploads\/2021\/03\/LOGO.jpeg","contentUrl":"https:\/\/produncan.cl\/wp-content\/uploads\/2021\/03\/LOGO.jpeg","width":1280,"height":903,"caption":"Produncan"},"image":{"@id":"https:\/\/produncan.cl\/fr\/#\/schema\/logo\/image\/"},"sameAs":["https:\/\/web.facebook.com\/produncanland","https:\/\/www.instagram.com\/pro_duncan\/","https:\/\/www.linkedin.com\/company\/produncan-lands\/","https:\/\/www.youtube.com\/channel\/UCu7N-f3x0svkazD-Eew1-QQ"],"description":"En Produncan somos especialistas en la venta de terrenos en el sur de Chile. Proveemos estancias, campos, parcelas y hoteles.","email":"info@produncan.cl"}]},"og_video":"https:\/\/www.youtube.com\/embed\/Mq-w3BBk-nc","og_video_type":"text\/html","og_video_duration":"64","og_video_width":"480","og_video_height":"270","ya_ovs_adult":"false","ya_ovs_upload_date":"2025-03-21T23:25:29+00:00","ya_ovs_allow_embed":"true","product_price_amount":"67700.00","product_price_currency":"USD","og_availability":"instock","product_availability":"instock","product_condition":"new"},"_links":{"self":[{"href":"https:\/\/produncan.cl\/fr\/wp-json\/wp\/v2\/product\/40645","targetHints":{"allow":["GET"]}}],"collection":[{"href":"https:\/\/produncan.cl\/fr\/wp-json\/wp\/v2\/product"}],"about":[{"href":"https:\/\/produncan.cl\/fr\/wp-json\/wp\/v2\/types\/product"}],"version-history":[{"count":2,"href":"https:\/\/produncan.cl\/fr\/wp-json\/wp\/v2\/product\/40645\/revisions"}],"predecessor-version":[{"id":52506,"href":"https:\/\/produncan.cl\/fr\/wp-json\/wp\/v2\/product\/40645\/revisions\/52506"}],"wp:featuredmedia":[{"embeddable":true,"href":"https:\/\/produncan.cl\/fr\/wp-json\/wp\/v2\/media\/39729"}],"wp:attachment":[{"href":"https:\/\/produncan.cl\/fr\/wp-json\/wp\/v2\/media?parent=40645"}],"wp:term":[{"taxonomy":"product_brand","embeddable":true,"href":"https:\/\/produncan.cl\/fr\/wp-json\/wp\/v2\/product_brand?post=40645"},{"taxonomy":"product_cat","embeddable":true,"href":"https:\/\/produncan.cl\/fr\/wp-json\/wp\/v2\/product_cat?post=40645"},{"taxonomy":"product_tag","embeddable":true,"href":"https:\/\/produncan.cl\/fr\/wp-json\/wp\/v2\/product_tag?post=40645"},{"taxonomy":"regiones","embeddable":true,"href":"https:\/\/produncan.cl\/fr\/wp-json\/wp\/v2\/regiones?post=40645"},{"taxonomy":"ciudades","embeddable":true,"href":"https:\/\/produncan.cl\/fr\/wp-json\/wp\/v2\/ciudades?post=40645"}],"curies":[{"name":"wp","href":"https:\/\/api.w.org\/{rel}","templated":true}]}}